{"id":1173,"date":"2025-04-12T20:13:10","date_gmt":"2025-04-12T17:13:10","guid":{"rendered":"https:\/\/www.havuzadairhersey.com\/?post_type=product&#038;p=1173"},"modified":"2025-04-12T20:13:11","modified_gmt":"2025-04-12T17:13:11","slug":"cizgili-havuz-tutamagi-modelleri","status":"publish","type":"product","link":"https:\/\/www.havuzadairhersey.com\/index.php\/urun\/cizgili-havuz-tutamagi-modelleri\/","title":{"rendered":"\u00c7izgili Havuz Tutama\u011f\u0131 Modelleri"},"content":{"rendered":"<p>Estetik tasar\u0131m\u0131 ve y\u00fcksek dayan\u0131kl\u0131l\u0131\u011f\u0131 ile \u00f6ne \u00e7\u0131kan \u00e7izgili havuz tutama\u011f\u0131 serisi, havuz kenarlar\u0131nda g\u00fcvenli ve konforlu bir tutu\u015f imkan\u0131 sunar. 12,5&#215;25 cm ve 25&#215;25 cm boyutlar\u0131nda sunulan bu seride; i\u00e7 k\u00f6\u015fe, d\u0131\u015f k\u00f6\u015fe ve d\u00fcz versiyon se\u00e7enekleri bulunmaktad\u0131r. \u00dcr\u00fcnler seramik malzemeden \u00fcretilmi\u015f olup, kaymaz y\u00fczey tasar\u0131m\u0131 ile g\u00fcvenli\u011fi en \u00fcst seviyeye \u00e7\u0131kar\u0131r. \u015e\u0131k mavi \u00e7izgili desenleri ile havuz tasar\u0131m\u0131n\u0131za modern bir dokunu\u015f katar.<\/p>\n<p>Modeller:<\/p>\n<p>ATS HDU113 \u2013 12,5 x 25 cm D\u00fcz Tutamak<\/p>\n<p>ATS HDU114 \u2013 12,5 x 12,5 cm \u0130\u00e7 K\u00f6\u015fe<\/p>\n<p>ATS HDU115 \u2013 12,5 x 12,5 cm D\u0131\u015f K\u00f6\u015fe<\/p>\n<p>ATS HDU116 \u2013 25 x 25 cm D\u00fcz Tutamak<\/p>\n<p>ATS HDU117 \u2013 25 x 25 cm \u0130\u00e7 K\u00f6\u015fe<\/p>\n<p>ATS HDU118 \u2013 25 x 25 cm D\u0131\u015f K\u00f6\u015fe<\/p>\n","protected":false},"excerpt":{"rendered":"<p>Farkl\u0131 boyut ve k\u00f6\u015fe se\u00e7eneklerine sahip, kaymaz y\u00fczeyli \u00e7izgili havuz tutamaklar\u0131. D\u00fcz, i\u00e7 k\u00f6\u015fe ve d\u0131\u015f k\u00f6\u015fe modelleriyle sunulmaktad\u0131r.<\/p>\n","protected":false},"featured_media":1174,"comment_status":"open","ping_status":"closed","template":"","meta":{"site-sidebar-layout":"default","site-content-layout":"","ast-site-content-layout":"default","site-content-style":"default","site-sidebar-style":"default","ast-global-header-display":"","ast-banner-title-visibility":"","ast-main-header-display":"","ast-hfb-above-header-display":"","ast-hfb-below-header-display":"","ast-hfb-mobile-header-display":"","site-post-title":"","ast-breadcrumbs-content":"","ast-featured-img":"","footer-sml-layout":"","theme-transparent-header-meta":"default","adv-header-id-meta":"","stick-header-meta":"","header-above-stick-meta":"","header-main-stick-meta":"","header-below-stick-meta":"","astra-migrate-meta-layouts":"set","ast-page-background-enabled":"default","ast-page-background-meta":{"desktop":{"background-color":"var(--ast-global-color-5)","background-image":"","background-repeat":"repeat","background-position":"center center","background-size":"auto","background-attachment":"scroll","background-type":"","background-media":"","overlay-type":"","overlay-color":"","overlay-opacity":"","overlay-gradient":""},"tablet":{"background-color":"","background-image":"","background-repeat":"repeat","background-position":"center center","background-size":"auto","background-attachment":"scroll","background-type":"","background-media":"","overlay-type":"","overlay-color":"","overlay-opacity":"","overlay-gradient":""},"mobile":{"background-color":"","background-image":"","background-repeat":"repeat","background-position":"center center","background-size":"auto","background-attachment":"scroll","background-type":"","background-media":"","overlay-type":"","overlay-color":"","overlay-opacity":"","overlay-gradient":""}},"ast-content-background-meta":{"desktop":{"background-color":"var(--ast-global-color-4)","background-image":"","background-repeat":"repeat","background-position":"center center","background-size":"auto","background-attachment":"scroll","background-type":"","background-media":"","overlay-type":"","overlay-color":"","overlay-opacity":"","overlay-gradient":""},"tablet":{"background-color":"var(--ast-global-color-4)","background-image":"","background-repeat":"repeat","background-position":"center center","background-size":"auto","background-attachment":"scroll","background-type":"","background-media":"","overlay-type":"","overlay-color":"","overlay-opacity":"","overlay-gradient":""},"mobile":{"background-color":"var(--ast-global-color-4)","background-image":"","background-repeat":"repeat","background-position":"center center","background-size":"auto","background-attachment":"scroll","background-type":"","background-media":"","overlay-type":"","overlay-color":"","overlay-opacity":"","overlay-gradient":""}}},"product_brand":[30],"product_cat":[1526],"product_tag":[1589,1593,365,1591,1590,601,1592,1594,1595],"class_list":{"0":"post-1173","1":"product","2":"type-product","3":"status-publish","4":"has-post-thumbnail","6":"product_brand-atlaspool","7":"product_cat-havuz-linerleri","8":"product_tag-cizgili-tutamak","9":"product_tag-dis-kose-tutamak","10":"product_tag-havuz-aksesuari","11":"product_tag-havuz-guvenlik-ekipmani","12":"product_tag-havuz-kenar-seramigi","13":"product_tag-havuz-tutamagi","14":"product_tag-ic-kose-tutamak","15":"product_tag-kaymaz-havuz-tutamagi","16":"product_tag-mavi-cizgili-seramik","17":"desktop-align-left","18":"tablet-align-left","19":"mobile-align-left","21":"first","22":"instock","23":"shipping-taxable","24":"purchasable","25":"product-type-variable"},"yoast_head":"<!-- This site is optimized with the Yoast SEO plugin v25.0 - https:\/\/yoast.com\/wordpress\/plugins\/seo\/ -->\n<title>\u00c7izgili Havuz Tutama\u011f\u0131 Modelleri -<\/title>\n<meta name=\"robots\" content=\"index, follow, max-snippet:-1, max-image-preview:large, max-video-preview:-1\" \/>\n<link rel=\"canonical\" href=\"https:\/\/www.havuzadairhersey.com\/index.php\/urun\/cizgili-havuz-tutamagi-modelleri\/\" \/>\n<meta property=\"og:locale\" content=\"tr_TR\" \/>\n<meta property=\"og:type\" content=\"article\" \/>\n<meta property=\"og:title\" content=\"\u00c7izgili Havuz Tutama\u011f\u0131 Modelleri -\" \/>\n<meta property=\"og:description\" content=\"Farkl\u0131 boyut ve k\u00f6\u015fe se\u00e7eneklerine sahip, kaymaz y\u00fczeyli \u00e7izgili havuz tutamaklar\u0131. D\u00fcz, i\u00e7 k\u00f6\u015fe ve d\u0131\u015f k\u00f6\u015fe modelleriyle sunulmaktad\u0131r.\" \/>\n<meta property=\"og:url\" content=\"https:\/\/www.havuzadairhersey.com\/index.php\/urun\/cizgili-havuz-tutamagi-modelleri\/\" \/>\n<meta property=\"article:modified_time\" content=\"2025-04-12T17:13:11+00:00\" \/>\n<meta property=\"og:image\" content=\"https:\/\/www.havuzadairhersey.com\/wp-content\/uploads\/2025\/04\/1-88.png\" \/>\n\t<meta property=\"og:image:width\" content=\"1875\" \/>\n\t<meta property=\"og:image:height\" content=\"2000\" \/>\n\t<meta property=\"og:image:type\" content=\"image\/png\" \/>\n<meta name=\"twitter:card\" content=\"summary_large_image\" \/>\n<meta name=\"twitter:label1\" content=\"Tahmini okuma s\u00fcresi\" \/>\n\t<meta name=\"twitter:data1\" content=\"1 dakika\" \/>\n<script type=\"application\/ld+json\" class=\"yoast-schema-graph\">{\"@context\":\"https:\/\/schema.org\",\"@graph\":[{\"@type\":\"WebPage\",\"@id\":\"https:\/\/www.havuzadairhersey.com\/index.php\/urun\/cizgili-havuz-tutamagi-modelleri\/\",\"url\":\"https:\/\/www.havuzadairhersey.com\/index.php\/urun\/cizgili-havuz-tutamagi-modelleri\/\",\"name\":\"\u00c7izgili Havuz Tutama\u011f\u0131 Modelleri -\",\"isPartOf\":{\"@id\":\"https:\/\/www.havuzadairhersey.com\/#website\"},\"primaryImageOfPage\":{\"@id\":\"https:\/\/www.havuzadairhersey.com\/index.php\/urun\/cizgili-havuz-tutamagi-modelleri\/#primaryimage\"},\"image\":{\"@id\":\"https:\/\/www.havuzadairhersey.com\/index.php\/urun\/cizgili-havuz-tutamagi-modelleri\/#primaryimage\"},\"thumbnailUrl\":\"https:\/\/www.havuzadairhersey.com\/wp-content\/uploads\/2025\/04\/1-88.png\",\"datePublished\":\"2025-04-12T17:13:10+00:00\",\"dateModified\":\"2025-04-12T17:13:11+00:00\",\"breadcrumb\":{\"@id\":\"https:\/\/www.havuzadairhersey.com\/index.php\/urun\/cizgili-havuz-tutamagi-modelleri\/#breadcrumb\"},\"inLanguage\":\"tr\",\"potentialAction\":[{\"@type\":\"ReadAction\",\"target\":[\"https:\/\/www.havuzadairhersey.com\/index.php\/urun\/cizgili-havuz-tutamagi-modelleri\/\"]}]},{\"@type\":\"ImageObject\",\"inLanguage\":\"tr\",\"@id\":\"https:\/\/www.havuzadairhersey.com\/index.php\/urun\/cizgili-havuz-tutamagi-modelleri\/#primaryimage\",\"url\":\"https:\/\/www.havuzadairhersey.com\/wp-content\/uploads\/2025\/04\/1-88.png\",\"contentUrl\":\"https:\/\/www.havuzadairhersey.com\/wp-content\/uploads\/2025\/04\/1-88.png\",\"width\":1875,\"height\":2000,\"caption\":\"\u00c7e\u015fitli boyut ve formlarda kaymaz y\u00fczeye sahip havuz tutamak serisi\"},{\"@type\":\"BreadcrumbList\",\"@id\":\"https:\/\/www.havuzadairhersey.com\/index.php\/urun\/cizgili-havuz-tutamagi-modelleri\/#breadcrumb\",\"itemListElement\":[{\"@type\":\"ListItem\",\"position\":1,\"name\":\"Anasayfa\",\"item\":\"https:\/\/www.havuzadairhersey.com\/\"},{\"@type\":\"ListItem\",\"position\":2,\"name\":\"Ma\u011faza\",\"item\":\"https:\/\/www.havuzadairhersey.com\/\"},{\"@type\":\"ListItem\",\"position\":3,\"name\":\"\u00c7izgili Havuz Tutama\u011f\u0131 Modelleri\"}]},{\"@type\":\"WebSite\",\"@id\":\"https:\/\/www.havuzadairhersey.com\/#website\",\"url\":\"https:\/\/www.havuzadairhersey.com\/\",\"name\":\"\",\"description\":\"Havuza dair arad\u0131\u011f\u0131n\u0131z her\u015fey burada...\",\"potentialAction\":[{\"@type\":\"SearchAction\",\"target\":{\"@type\":\"EntryPoint\",\"urlTemplate\":\"https:\/\/www.havuzadairhersey.com\/?s={search_term_string}\"},\"query-input\":{\"@type\":\"PropertyValueSpecification\",\"valueRequired\":true,\"valueName\":\"search_term_string\"}}],\"inLanguage\":\"tr\"}]}<\/script>\n<!-- \/ Yoast SEO plugin. -->","yoast_head_json":{"title":"\u00c7izgili Havuz Tutama\u011f\u0131 Modelleri -","robots":{"index":"index","follow":"follow","max-snippet":"max-snippet:-1","max-image-preview":"max-image-preview:large","max-video-preview":"max-video-preview:-1"},"canonical":"https:\/\/www.havuzadairhersey.com\/index.php\/urun\/cizgili-havuz-tutamagi-modelleri\/","og_locale":"tr_TR","og_type":"article","og_title":"\u00c7izgili Havuz Tutama\u011f\u0131 Modelleri -","og_description":"Farkl\u0131 boyut ve k\u00f6\u015fe se\u00e7eneklerine sahip, kaymaz y\u00fczeyli \u00e7izgili havuz tutamaklar\u0131. D\u00fcz, i\u00e7 k\u00f6\u015fe ve d\u0131\u015f k\u00f6\u015fe modelleriyle sunulmaktad\u0131r.","og_url":"https:\/\/www.havuzadairhersey.com\/index.php\/urun\/cizgili-havuz-tutamagi-modelleri\/","article_modified_time":"2025-04-12T17:13:11+00:00","og_image":[{"width":1875,"height":2000,"url":"https:\/\/www.havuzadairhersey.com\/wp-content\/uploads\/2025\/04\/1-88.png","type":"image\/png"}],"twitter_card":"summary_large_image","twitter_misc":{"Tahmini okuma s\u00fcresi":"1 dakika"},"schema":{"@context":"https:\/\/schema.org","@graph":[{"@type":"WebPage","@id":"https:\/\/www.havuzadairhersey.com\/index.php\/urun\/cizgili-havuz-tutamagi-modelleri\/","url":"https:\/\/www.havuzadairhersey.com\/index.php\/urun\/cizgili-havuz-tutamagi-modelleri\/","name":"\u00c7izgili Havuz Tutama\u011f\u0131 Modelleri -","isPartOf":{"@id":"https:\/\/www.havuzadairhersey.com\/#website"},"primaryImageOfPage":{"@id":"https:\/\/www.havuzadairhersey.com\/index.php\/urun\/cizgili-havuz-tutamagi-modelleri\/#primaryimage"},"image":{"@id":"https:\/\/www.havuzadairhersey.com\/index.php\/urun\/cizgili-havuz-tutamagi-modelleri\/#primaryimage"},"thumbnailUrl":"https:\/\/www.havuzadairhersey.com\/wp-content\/uploads\/2025\/04\/1-88.png","datePublished":"2025-04-12T17:13:10+00:00","dateModified":"2025-04-12T17:13:11+00:00","breadcrumb":{"@id":"https:\/\/www.havuzadairhersey.com\/index.php\/urun\/cizgili-havuz-tutamagi-modelleri\/#breadcrumb"},"inLanguage":"tr","potentialAction":[{"@type":"ReadAction","target":["https:\/\/www.havuzadairhersey.com\/index.php\/urun\/cizgili-havuz-tutamagi-modelleri\/"]}]},{"@type":"ImageObject","inLanguage":"tr","@id":"https:\/\/www.havuzadairhersey.com\/index.php\/urun\/cizgili-havuz-tutamagi-modelleri\/#primaryimage","url":"https:\/\/www.havuzadairhersey.com\/wp-content\/uploads\/2025\/04\/1-88.png","contentUrl":"https:\/\/www.havuzadairhersey.com\/wp-content\/uploads\/2025\/04\/1-88.png","width":1875,"height":2000,"caption":"\u00c7e\u015fitli boyut ve formlarda kaymaz y\u00fczeye sahip havuz tutamak serisi"},{"@type":"BreadcrumbList","@id":"https:\/\/www.havuzadairhersey.com\/index.php\/urun\/cizgili-havuz-tutamagi-modelleri\/#breadcrumb","itemListElement":[{"@type":"ListItem","position":1,"name":"Anasayfa","item":"https:\/\/www.havuzadairhersey.com\/"},{"@type":"ListItem","position":2,"name":"Ma\u011faza","item":"https:\/\/www.havuzadairhersey.com\/"},{"@type":"ListItem","position":3,"name":"\u00c7izgili Havuz Tutama\u011f\u0131 Modelleri"}]},{"@type":"WebSite","@id":"https:\/\/www.havuzadairhersey.com\/#website","url":"https:\/\/www.havuzadairhersey.com\/","name":"","description":"Havuza dair arad\u0131\u011f\u0131n\u0131z her\u015fey burada...","potentialAction":[{"@type":"SearchAction","target":{"@type":"EntryPoint","urlTemplate":"https:\/\/www.havuzadairhersey.com\/?s={search_term_string}"},"query-input":{"@type":"PropertyValueSpecification","valueRequired":true,"valueName":"search_term_string"}}],"inLanguage":"tr"}]}},"_links":{"self":[{"href":"https:\/\/www.havuzadairhersey.com\/index.php\/wp-json\/wp\/v2\/product\/1173","targetHints":{"allow":["GET"]}}],"collection":[{"href":"https:\/\/www.havuzadairhersey.com\/index.php\/wp-json\/wp\/v2\/product"}],"about":[{"href":"https:\/\/www.havuzadairhersey.com\/index.php\/wp-json\/wp\/v2\/types\/product"}],"replies":[{"embeddable":true,"href":"https:\/\/www.havuzadairhersey.com\/index.php\/wp-json\/wp\/v2\/comments?post=1173"}],"wp:featuredmedia":[{"embeddable":true,"href":"https:\/\/www.havuzadairhersey.com\/index.php\/wp-json\/wp\/v2\/media\/1174"}],"wp:attachment":[{"href":"https:\/\/www.havuzadairhersey.com\/index.php\/wp-json\/wp\/v2\/media?parent=1173"}],"wp:term":[{"taxonomy":"product_brand","embeddable":true,"href":"https:\/\/www.havuzadairhersey.com\/index.php\/wp-json\/wp\/v2\/product_brand?post=1173"},{"taxonomy":"product_cat","embeddable":true,"href":"https:\/\/www.havuzadairhersey.com\/index.php\/wp-json\/wp\/v2\/product_cat?post=1173"},{"taxonomy":"product_tag","embeddable":true,"href":"https:\/\/www.havuzadairhersey.com\/index.php\/wp-json\/wp\/v2\/product_tag?post=1173"}],"curies":[{"name":"wp","href":"https:\/\/api.w.org\/{rel}","templated":true}]}}