{"id":1244,"date":"2025-04-13T13:53:46","date_gmt":"2025-04-13T10:53:46","guid":{"rendered":"https:\/\/www.havuzadairhersey.com\/?post_type=product&#038;p=1244"},"modified":"2025-04-13T13:53:47","modified_gmt":"2025-04-13T10:53:47","slug":"havuz-cam-mozaikleri-ebru-serisi-14","status":"publish","type":"product","link":"https:\/\/www.havuzadairhersey.com\/index.php\/urun\/havuz-cam-mozaikleri-ebru-serisi-14\/","title":{"rendered":"Havuz Cam Mozaikleri Ebru Serisi 14"},"content":{"rendered":"<p>ATS HVZ081 kodlu bu cam mozaik, Ebru Serisi\u2019nin zarif ve modern tasar\u0131m anlay\u0131\u015f\u0131n\u0131 yans\u0131tan 25&#215;25 mm \u00f6l\u00e7\u00fclerinde, 4.5 mm kal\u0131nl\u0131\u011f\u0131nda cam tipi bir kaplama malzemesidir. Parlak y\u00fczeyi ve mavi tonlar\u0131ndaki ge\u00e7i\u015fli desenleriyle havuz dekorasyonuna \u015f\u0131kl\u0131k katar. Hem zemin hem de duvar kaplamalar\u0131nda kullan\u0131labilir. Suya ve kimyasallara dayan\u0131kl\u0131d\u0131r, uzun \u00f6m\u00fcrl\u00fc kullan\u0131m sa\u011flar. Estetik g\u00f6r\u00fcn\u00fcm\u00fc ile havuz ve spa projelerinde ideal tercihtir.<\/p>\n","protected":false},"excerpt":{"rendered":"<p>Cam tipi, 25&#215;25 mm \u00f6l\u00e7\u00fcs\u00fcnde Ebru Serisi havuz mozaik karosu.<\/p>\n","protected":false},"featured_media":1245,"comment_status":"open","ping_status":"closed","template":"","meta":{"site-sidebar-layout":"default","site-content-layout":"","ast-site-content-layout":"default","site-content-style":"default","site-sidebar-style":"default","ast-global-header-display":"","ast-banner-title-visibility":"","ast-main-header-display":"","ast-hfb-above-header-display":"","ast-hfb-below-header-display":"","ast-hfb-mobile-header-display":"","site-post-title":"","ast-breadcrumbs-content":"","ast-featured-img":"","footer-sml-layout":"","theme-transparent-header-meta":"default","adv-header-id-meta":"","stick-header-meta":"","header-above-stick-meta":"","header-main-stick-meta":"","header-below-stick-meta":"","astra-migrate-meta-layouts":"set","ast-page-background-enabled":"default","ast-page-background-meta":{"desktop":{"background-color":"var(--ast-global-color-5)","background-image":"","background-repeat":"repeat","background-position":"center center","background-size":"auto","background-attachment":"scroll","background-type":"","background-media":"","overlay-type":"","overlay-color":"","overlay-opacity":"","overlay-gradient":""},"tablet":{"background-color":"","background-image":"","background-repeat":"repeat","background-position":"center center","background-size":"auto","background-attachment":"scroll","background-type":"","background-media":"","overlay-type":"","overlay-color":"","overlay-opacity":"","overlay-gradient":""},"mobile":{"background-color":"","background-image":"","background-repeat":"repeat","background-position":"center center","background-size":"auto","background-attachment":"scroll","background-type":"","background-media":"","overlay-type":"","overlay-color":"","overlay-opacity":"","overlay-gradient":""}},"ast-content-background-meta":{"desktop":{"background-color":"var(--ast-global-color-4)","background-image":"","background-repeat":"repeat","background-position":"center center","background-size":"auto","background-attachment":"scroll","background-type":"","background-media":"","overlay-type":"","overlay-color":"","overlay-opacity":"","overlay-gradient":""},"tablet":{"background-color":"var(--ast-global-color-4)","background-image":"","background-repeat":"repeat","background-position":"center center","background-size":"auto","background-attachment":"scroll","background-type":"","background-media":"","overlay-type":"","overlay-color":"","overlay-opacity":"","overlay-gradient":""},"mobile":{"background-color":"var(--ast-global-color-4)","background-image":"","background-repeat":"repeat","background-position":"center center","background-size":"auto","background-attachment":"scroll","background-type":"","background-media":"","overlay-type":"","overlay-color":"","overlay-opacity":"","overlay-gradient":""}}},"product_brand":[30],"product_cat":[1634],"product_tag":[1696,1695,1635,1639,1674,1637,1545,1636,1647],"class_list":{"0":"post-1244","1":"product","2":"type-product","3":"status-publish","4":"has-post-thumbnail","6":"product_brand-atlaspool","7":"product_cat-havuz-cam-mozaikleri","8":"product_tag-25x25-karo","9":"product_tag-ats-hvz081","10":"product_tag-cam-mozaik","11":"product_tag-cam-tipi-mozaik","12":"product_tag-dekoratif-karo","13":"product_tag-ebru-serisi","14":"product_tag-havuz-kaplama-malzemesi","15":"product_tag-havuz-mozaik","16":"product_tag-mavi-mozaik-karo","17":"desktop-align-left","18":"tablet-align-left","19":"mobile-align-left","21":"first","22":"instock","23":"shipping-taxable","24":"purchasable","25":"product-type-simple"},"yoast_head":"<!-- This site is optimized with the Yoast SEO plugin v25.0 - https:\/\/yoast.com\/wordpress\/plugins\/seo\/ -->\n<title>Havuz Cam Mozaikleri Ebru Serisi 14 -<\/title>\n<meta name=\"robots\" content=\"index, follow, max-snippet:-1, max-image-preview:large, max-video-preview:-1\" \/>\n<link rel=\"canonical\" href=\"https:\/\/www.havuzadairhersey.com\/index.php\/urun\/havuz-cam-mozaikleri-ebru-serisi-14\/\" \/>\n<meta property=\"og:locale\" content=\"tr_TR\" \/>\n<meta property=\"og:type\" content=\"article\" \/>\n<meta property=\"og:title\" content=\"Havuz Cam Mozaikleri Ebru Serisi 14 -\" \/>\n<meta property=\"og:description\" content=\"Cam tipi, 25x25 mm \u00f6l\u00e7\u00fcs\u00fcnde Ebru Serisi havuz mozaik karosu.\" \/>\n<meta property=\"og:url\" content=\"https:\/\/www.havuzadairhersey.com\/index.php\/urun\/havuz-cam-mozaikleri-ebru-serisi-14\/\" \/>\n<meta property=\"article:modified_time\" content=\"2025-04-13T10:53:47+00:00\" \/>\n<meta property=\"og:image\" content=\"https:\/\/www.havuzadairhersey.com\/wp-content\/uploads\/2025\/04\/1-106.png\" \/>\n\t<meta property=\"og:image:width\" content=\"1875\" \/>\n\t<meta property=\"og:image:height\" content=\"2000\" \/>\n\t<meta property=\"og:image:type\" content=\"image\/png\" \/>\n<meta name=\"twitter:card\" content=\"summary_large_image\" \/>\n<script type=\"application\/ld+json\" class=\"yoast-schema-graph\">{\"@context\":\"https:\/\/schema.org\",\"@graph\":[{\"@type\":\"WebPage\",\"@id\":\"https:\/\/www.havuzadairhersey.com\/index.php\/urun\/havuz-cam-mozaikleri-ebru-serisi-14\/\",\"url\":\"https:\/\/www.havuzadairhersey.com\/index.php\/urun\/havuz-cam-mozaikleri-ebru-serisi-14\/\",\"name\":\"Havuz Cam Mozaikleri Ebru Serisi 14 -\",\"isPartOf\":{\"@id\":\"https:\/\/www.havuzadairhersey.com\/#website\"},\"primaryImageOfPage\":{\"@id\":\"https:\/\/www.havuzadairhersey.com\/index.php\/urun\/havuz-cam-mozaikleri-ebru-serisi-14\/#primaryimage\"},\"image\":{\"@id\":\"https:\/\/www.havuzadairhersey.com\/index.php\/urun\/havuz-cam-mozaikleri-ebru-serisi-14\/#primaryimage\"},\"thumbnailUrl\":\"https:\/\/www.havuzadairhersey.com\/wp-content\/uploads\/2025\/04\/1-106.png\",\"datePublished\":\"2025-04-13T10:53:46+00:00\",\"dateModified\":\"2025-04-13T10:53:47+00:00\",\"breadcrumb\":{\"@id\":\"https:\/\/www.havuzadairhersey.com\/index.php\/urun\/havuz-cam-mozaikleri-ebru-serisi-14\/#breadcrumb\"},\"inLanguage\":\"tr\",\"potentialAction\":[{\"@type\":\"ReadAction\",\"target\":[\"https:\/\/www.havuzadairhersey.com\/index.php\/urun\/havuz-cam-mozaikleri-ebru-serisi-14\/\"]}]},{\"@type\":\"ImageObject\",\"inLanguage\":\"tr\",\"@id\":\"https:\/\/www.havuzadairhersey.com\/index.php\/urun\/havuz-cam-mozaikleri-ebru-serisi-14\/#primaryimage\",\"url\":\"https:\/\/www.havuzadairhersey.com\/wp-content\/uploads\/2025\/04\/1-106.png\",\"contentUrl\":\"https:\/\/www.havuzadairhersey.com\/wp-content\/uploads\/2025\/04\/1-106.png\",\"width\":1875,\"height\":2000,\"caption\":\"25x25 mm \u00f6l\u00e7\u00fclerinde cam tipi mavi mozaik karo\"},{\"@type\":\"BreadcrumbList\",\"@id\":\"https:\/\/www.havuzadairhersey.com\/index.php\/urun\/havuz-cam-mozaikleri-ebru-serisi-14\/#breadcrumb\",\"itemListElement\":[{\"@type\":\"ListItem\",\"position\":1,\"name\":\"Anasayfa\",\"item\":\"https:\/\/www.havuzadairhersey.com\/\"},{\"@type\":\"ListItem\",\"position\":2,\"name\":\"Ma\u011faza\",\"item\":\"https:\/\/www.havuzadairhersey.com\/\"},{\"@type\":\"ListItem\",\"position\":3,\"name\":\"Havuz Cam Mozaikleri Ebru Serisi 14\"}]},{\"@type\":\"WebSite\",\"@id\":\"https:\/\/www.havuzadairhersey.com\/#website\",\"url\":\"https:\/\/www.havuzadairhersey.com\/\",\"name\":\"\",\"description\":\"Havuza dair arad\u0131\u011f\u0131n\u0131z her\u015fey burada...\",\"potentialAction\":[{\"@type\":\"SearchAction\",\"target\":{\"@type\":\"EntryPoint\",\"urlTemplate\":\"https:\/\/www.havuzadairhersey.com\/?s={search_term_string}\"},\"query-input\":{\"@type\":\"PropertyValueSpecification\",\"valueRequired\":true,\"valueName\":\"search_term_string\"}}],\"inLanguage\":\"tr\"}]}<\/script>\n<!-- \/ Yoast SEO plugin. -->","yoast_head_json":{"title":"Havuz Cam Mozaikleri Ebru Serisi 14 -","robots":{"index":"index","follow":"follow","max-snippet":"max-snippet:-1","max-image-preview":"max-image-preview:large","max-video-preview":"max-video-preview:-1"},"canonical":"https:\/\/www.havuzadairhersey.com\/index.php\/urun\/havuz-cam-mozaikleri-ebru-serisi-14\/","og_locale":"tr_TR","og_type":"article","og_title":"Havuz Cam Mozaikleri Ebru Serisi 14 -","og_description":"Cam tipi, 25x25 mm \u00f6l\u00e7\u00fcs\u00fcnde Ebru Serisi havuz mozaik karosu.","og_url":"https:\/\/www.havuzadairhersey.com\/index.php\/urun\/havuz-cam-mozaikleri-ebru-serisi-14\/","article_modified_time":"2025-04-13T10:53:47+00:00","og_image":[{"width":1875,"height":2000,"url":"https:\/\/www.havuzadairhersey.com\/wp-content\/uploads\/2025\/04\/1-106.png","type":"image\/png"}],"twitter_card":"summary_large_image","schema":{"@context":"https:\/\/schema.org","@graph":[{"@type":"WebPage","@id":"https:\/\/www.havuzadairhersey.com\/index.php\/urun\/havuz-cam-mozaikleri-ebru-serisi-14\/","url":"https:\/\/www.havuzadairhersey.com\/index.php\/urun\/havuz-cam-mozaikleri-ebru-serisi-14\/","name":"Havuz Cam Mozaikleri Ebru Serisi 14 -","isPartOf":{"@id":"https:\/\/www.havuzadairhersey.com\/#website"},"primaryImageOfPage":{"@id":"https:\/\/www.havuzadairhersey.com\/index.php\/urun\/havuz-cam-mozaikleri-ebru-serisi-14\/#primaryimage"},"image":{"@id":"https:\/\/www.havuzadairhersey.com\/index.php\/urun\/havuz-cam-mozaikleri-ebru-serisi-14\/#primaryimage"},"thumbnailUrl":"https:\/\/www.havuzadairhersey.com\/wp-content\/uploads\/2025\/04\/1-106.png","datePublished":"2025-04-13T10:53:46+00:00","dateModified":"2025-04-13T10:53:47+00:00","breadcrumb":{"@id":"https:\/\/www.havuzadairhersey.com\/index.php\/urun\/havuz-cam-mozaikleri-ebru-serisi-14\/#breadcrumb"},"inLanguage":"tr","potentialAction":[{"@type":"ReadAction","target":["https:\/\/www.havuzadairhersey.com\/index.php\/urun\/havuz-cam-mozaikleri-ebru-serisi-14\/"]}]},{"@type":"ImageObject","inLanguage":"tr","@id":"https:\/\/www.havuzadairhersey.com\/index.php\/urun\/havuz-cam-mozaikleri-ebru-serisi-14\/#primaryimage","url":"https:\/\/www.havuzadairhersey.com\/wp-content\/uploads\/2025\/04\/1-106.png","contentUrl":"https:\/\/www.havuzadairhersey.com\/wp-content\/uploads\/2025\/04\/1-106.png","width":1875,"height":2000,"caption":"25x25 mm \u00f6l\u00e7\u00fclerinde cam tipi mavi mozaik karo"},{"@type":"BreadcrumbList","@id":"https:\/\/www.havuzadairhersey.com\/index.php\/urun\/havuz-cam-mozaikleri-ebru-serisi-14\/#breadcrumb","itemListElement":[{"@type":"ListItem","position":1,"name":"Anasayfa","item":"https:\/\/www.havuzadairhersey.com\/"},{"@type":"ListItem","position":2,"name":"Ma\u011faza","item":"https:\/\/www.havuzadairhersey.com\/"},{"@type":"ListItem","position":3,"name":"Havuz Cam Mozaikleri Ebru Serisi 14"}]},{"@type":"WebSite","@id":"https:\/\/www.havuzadairhersey.com\/#website","url":"https:\/\/www.havuzadairhersey.com\/","name":"","description":"Havuza dair arad\u0131\u011f\u0131n\u0131z her\u015fey burada...","potentialAction":[{"@type":"SearchAction","target":{"@type":"EntryPoint","urlTemplate":"https:\/\/www.havuzadairhersey.com\/?s={search_term_string}"},"query-input":{"@type":"PropertyValueSpecification","valueRequired":true,"valueName":"search_term_string"}}],"inLanguage":"tr"}]}},"_links":{"self":[{"href":"https:\/\/www.havuzadairhersey.com\/index.php\/wp-json\/wp\/v2\/product\/1244","targetHints":{"allow":["GET"]}}],"collection":[{"href":"https:\/\/www.havuzadairhersey.com\/index.php\/wp-json\/wp\/v2\/product"}],"about":[{"href":"https:\/\/www.havuzadairhersey.com\/index.php\/wp-json\/wp\/v2\/types\/product"}],"replies":[{"embeddable":true,"href":"https:\/\/www.havuzadairhersey.com\/index.php\/wp-json\/wp\/v2\/comments?post=1244"}],"wp:featuredmedia":[{"embeddable":true,"href":"https:\/\/www.havuzadairhersey.com\/index.php\/wp-json\/wp\/v2\/media\/1245"}],"wp:attachment":[{"href":"https:\/\/www.havuzadairhersey.com\/index.php\/wp-json\/wp\/v2\/media?parent=1244"}],"wp:term":[{"taxonomy":"product_brand","embeddable":true,"href":"https:\/\/www.havuzadairhersey.com\/index.php\/wp-json\/wp\/v2\/product_brand?post=1244"},{"taxonomy":"product_cat","embeddable":true,"href":"https:\/\/www.havuzadairhersey.com\/index.php\/wp-json\/wp\/v2\/product_cat?post=1244"},{"taxonomy":"product_tag","embeddable":true,"href":"https:\/\/www.havuzadairhersey.com\/index.php\/wp-json\/wp\/v2\/product_tag?post=1244"}],"curies":[{"name":"wp","href":"https:\/\/api.w.org\/{rel}","templated":true}]}}