{"id":1289,"date":"2025-04-13T15:14:04","date_gmt":"2025-04-13T12:14:04","guid":{"rendered":"https:\/\/www.havuzadairhersey.com\/?post_type=product&#038;p=1289"},"modified":"2025-04-13T15:14:05","modified_gmt":"2025-04-13T12:14:05","slug":"havuz-cam-mozaikleri-ebru-serisi-29","status":"publish","type":"product","link":"https:\/\/www.havuzadairhersey.com\/index.php\/urun\/havuz-cam-mozaikleri-ebru-serisi-29\/","title":{"rendered":"Havuz Cam Mozaikleri Ebru Serisi 29"},"content":{"rendered":"<p>ATS HVZ188 kodlu Ebru Serisi cam mozaik, 6.2 mm kal\u0131nl\u0131\u011f\u0131ndaki cam yap\u0131s\u0131 ve 25&#215;25 mm \u00f6l\u00e7\u00fcleriyle havuzlar\u0131n\u0131zda estetik ve dayan\u0131kl\u0131l\u0131\u011f\u0131 bir arada sunar. Mavi tonlar\u0131n\u0131n modern bir dokunu\u015fla bulu\u015ftu\u011fu bu mozaik, su alt\u0131 ve \u00e7evresinde parlak ve canl\u0131 bir g\u00f6r\u00fcn\u00fcm sa\u011flar. Hem \u00f6zel hem de ticari havuz projeleri i\u00e7in m\u00fckemmel bir se\u00e7imdir.<\/p>\n","protected":false},"excerpt":{"rendered":"<p>6.2 mm kal\u0131nl\u0131\u011f\u0131nda, 25&#215;25 mm \u00f6l\u00e7\u00fcs\u00fcnde Ebru Serisi cam mozaik \u2013 ATS HVZ188.<\/p>\n","protected":false},"featured_media":1290,"comment_status":"open","ping_status":"closed","template":"","meta":{"site-sidebar-layout":"default","site-content-layout":"","ast-site-content-layout":"default","site-content-style":"default","site-sidebar-style":"default","ast-global-header-display":"","ast-banner-title-visibility":"","ast-main-header-display":"","ast-hfb-above-header-display":"","ast-hfb-below-header-display":"","ast-hfb-mobile-header-display":"","site-post-title":"","ast-breadcrumbs-content":"","ast-featured-img":"","footer-sml-layout":"","theme-transparent-header-meta":"default","adv-header-id-meta":"","stick-header-meta":"","header-above-stick-meta":"","header-main-stick-meta":"","header-below-stick-meta":"","astra-migrate-meta-layouts":"set","ast-page-background-enabled":"default","ast-page-background-meta":{"desktop":{"background-color":"var(--ast-global-color-5)","background-image":"","background-repeat":"repeat","background-position":"center center","background-size":"auto","background-attachment":"scroll","background-type":"","background-media":"","overlay-type":"","overlay-color":"","overlay-opacity":"","overlay-gradient":""},"tablet":{"background-color":"","background-image":"","background-repeat":"repeat","background-position":"center center","background-size":"auto","background-attachment":"scroll","background-type":"","background-media":"","overlay-type":"","overlay-color":"","overlay-opacity":"","overlay-gradient":""},"mobile":{"background-color":"","background-image":"","background-repeat":"repeat","background-position":"center center","background-size":"auto","background-attachment":"scroll","background-type":"","background-media":"","overlay-type":"","overlay-color":"","overlay-opacity":"","overlay-gradient":""}},"ast-content-background-meta":{"desktop":{"background-color":"var(--ast-global-color-4)","background-image":"","background-repeat":"repeat","background-position":"center center","background-size":"auto","background-attachment":"scroll","background-type":"","background-media":"","overlay-type":"","overlay-color":"","overlay-opacity":"","overlay-gradient":""},"tablet":{"background-color":"var(--ast-global-color-4)","background-image":"","background-repeat":"repeat","background-position":"center center","background-size":"auto","background-attachment":"scroll","background-type":"","background-media":"","overlay-type":"","overlay-color":"","overlay-opacity":"","overlay-gradient":""},"mobile":{"background-color":"var(--ast-global-color-4)","background-image":"","background-repeat":"repeat","background-position":"center center","background-size":"auto","background-attachment":"scroll","background-type":"","background-media":"","overlay-type":"","overlay-color":"","overlay-opacity":"","overlay-gradient":""}}},"product_brand":[30],"product_cat":[1634],"product_tag":[1642,1733,1635,1639,1652,1637,1640,1636],"class_list":{"0":"post-1289","1":"product","2":"type-product","3":"status-publish","4":"has-post-thumbnail","6":"product_brand-atlaspool","7":"product_cat-havuz-cam-mozaikleri","8":"product_tag-25x25-mozaik","9":"product_tag-ats-hvz188","10":"product_tag-cam-mozaik","11":"product_tag-cam-tipi-mozaik","12":"product_tag-dekoratif-mozaik","13":"product_tag-ebru-serisi","14":"product_tag-havuz-kaplama","15":"product_tag-havuz-mozaik","16":"desktop-align-left","17":"tablet-align-left","18":"mobile-align-left","20":"first","21":"instock","22":"shipping-taxable","23":"purchasable","24":"product-type-simple"},"yoast_head":"<!-- This site is optimized with the Yoast SEO plugin v25.0 - https:\/\/yoast.com\/wordpress\/plugins\/seo\/ -->\n<title>Havuz Cam Mozaikleri Ebru Serisi 29 -<\/title>\n<meta name=\"robots\" content=\"index, follow, max-snippet:-1, max-image-preview:large, max-video-preview:-1\" \/>\n<link rel=\"canonical\" href=\"https:\/\/www.havuzadairhersey.com\/index.php\/urun\/havuz-cam-mozaikleri-ebru-serisi-29\/\" \/>\n<meta property=\"og:locale\" content=\"tr_TR\" \/>\n<meta property=\"og:type\" content=\"article\" \/>\n<meta property=\"og:title\" content=\"Havuz Cam Mozaikleri Ebru Serisi 29 -\" \/>\n<meta property=\"og:description\" content=\"6.2 mm kal\u0131nl\u0131\u011f\u0131nda, 25x25 mm \u00f6l\u00e7\u00fcs\u00fcnde Ebru Serisi cam mozaik \u2013 ATS HVZ188.\" \/>\n<meta property=\"og:url\" content=\"https:\/\/www.havuzadairhersey.com\/index.php\/urun\/havuz-cam-mozaikleri-ebru-serisi-29\/\" \/>\n<meta property=\"article:modified_time\" content=\"2025-04-13T12:14:05+00:00\" \/>\n<meta property=\"og:image\" content=\"https:\/\/www.havuzadairhersey.com\/wp-content\/uploads\/2025\/04\/1-121-960x1024.png\" \/>\n\t<meta property=\"og:image:width\" content=\"960\" \/>\n\t<meta property=\"og:image:height\" content=\"1024\" \/>\n\t<meta property=\"og:image:type\" content=\"image\/png\" \/>\n<meta name=\"twitter:card\" content=\"summary_large_image\" \/>\n<script type=\"application\/ld+json\" class=\"yoast-schema-graph\">{\"@context\":\"https:\/\/schema.org\",\"@graph\":[{\"@type\":\"WebPage\",\"@id\":\"https:\/\/www.havuzadairhersey.com\/index.php\/urun\/havuz-cam-mozaikleri-ebru-serisi-29\/\",\"url\":\"https:\/\/www.havuzadairhersey.com\/index.php\/urun\/havuz-cam-mozaikleri-ebru-serisi-29\/\",\"name\":\"Havuz Cam Mozaikleri Ebru Serisi 29 -\",\"isPartOf\":{\"@id\":\"https:\/\/www.havuzadairhersey.com\/#website\"},\"primaryImageOfPage\":{\"@id\":\"https:\/\/www.havuzadairhersey.com\/index.php\/urun\/havuz-cam-mozaikleri-ebru-serisi-29\/#primaryimage\"},\"image\":{\"@id\":\"https:\/\/www.havuzadairhersey.com\/index.php\/urun\/havuz-cam-mozaikleri-ebru-serisi-29\/#primaryimage\"},\"thumbnailUrl\":\"https:\/\/www.havuzadairhersey.com\/wp-content\/uploads\/2025\/04\/1-121.png\",\"datePublished\":\"2025-04-13T12:14:04+00:00\",\"dateModified\":\"2025-04-13T12:14:05+00:00\",\"breadcrumb\":{\"@id\":\"https:\/\/www.havuzadairhersey.com\/index.php\/urun\/havuz-cam-mozaikleri-ebru-serisi-29\/#breadcrumb\"},\"inLanguage\":\"tr\",\"potentialAction\":[{\"@type\":\"ReadAction\",\"target\":[\"https:\/\/www.havuzadairhersey.com\/index.php\/urun\/havuz-cam-mozaikleri-ebru-serisi-29\/\"]}]},{\"@type\":\"ImageObject\",\"inLanguage\":\"tr\",\"@id\":\"https:\/\/www.havuzadairhersey.com\/index.php\/urun\/havuz-cam-mozaikleri-ebru-serisi-29\/#primaryimage\",\"url\":\"https:\/\/www.havuzadairhersey.com\/wp-content\/uploads\/2025\/04\/1-121.png\",\"contentUrl\":\"https:\/\/www.havuzadairhersey.com\/wp-content\/uploads\/2025\/04\/1-121.png\",\"width\":1875,\"height\":2000,\"caption\":\"25x25 mm \u00f6l\u00e7\u00fcs\u00fcnde, cam tipi 6.2 mm mavi havuz mozai\u011fi\"},{\"@type\":\"BreadcrumbList\",\"@id\":\"https:\/\/www.havuzadairhersey.com\/index.php\/urun\/havuz-cam-mozaikleri-ebru-serisi-29\/#breadcrumb\",\"itemListElement\":[{\"@type\":\"ListItem\",\"position\":1,\"name\":\"Anasayfa\",\"item\":\"https:\/\/www.havuzadairhersey.com\/\"},{\"@type\":\"ListItem\",\"position\":2,\"name\":\"Ma\u011faza\",\"item\":\"https:\/\/www.havuzadairhersey.com\/\"},{\"@type\":\"ListItem\",\"position\":3,\"name\":\"Havuz Cam Mozaikleri Ebru Serisi 29\"}]},{\"@type\":\"WebSite\",\"@id\":\"https:\/\/www.havuzadairhersey.com\/#website\",\"url\":\"https:\/\/www.havuzadairhersey.com\/\",\"name\":\"\",\"description\":\"Havuza dair arad\u0131\u011f\u0131n\u0131z her\u015fey burada...\",\"potentialAction\":[{\"@type\":\"SearchAction\",\"target\":{\"@type\":\"EntryPoint\",\"urlTemplate\":\"https:\/\/www.havuzadairhersey.com\/?s={search_term_string}\"},\"query-input\":{\"@type\":\"PropertyValueSpecification\",\"valueRequired\":true,\"valueName\":\"search_term_string\"}}],\"inLanguage\":\"tr\"}]}<\/script>\n<!-- \/ Yoast SEO plugin. -->","yoast_head_json":{"title":"Havuz Cam Mozaikleri Ebru Serisi 29 -","robots":{"index":"index","follow":"follow","max-snippet":"max-snippet:-1","max-image-preview":"max-image-preview:large","max-video-preview":"max-video-preview:-1"},"canonical":"https:\/\/www.havuzadairhersey.com\/index.php\/urun\/havuz-cam-mozaikleri-ebru-serisi-29\/","og_locale":"tr_TR","og_type":"article","og_title":"Havuz Cam Mozaikleri Ebru Serisi 29 -","og_description":"6.2 mm kal\u0131nl\u0131\u011f\u0131nda, 25x25 mm \u00f6l\u00e7\u00fcs\u00fcnde Ebru Serisi cam mozaik \u2013 ATS HVZ188.","og_url":"https:\/\/www.havuzadairhersey.com\/index.php\/urun\/havuz-cam-mozaikleri-ebru-serisi-29\/","article_modified_time":"2025-04-13T12:14:05+00:00","og_image":[{"width":960,"height":1024,"url":"https:\/\/www.havuzadairhersey.com\/wp-content\/uploads\/2025\/04\/1-121-960x1024.png","type":"image\/png"}],"twitter_card":"summary_large_image","schema":{"@context":"https:\/\/schema.org","@graph":[{"@type":"WebPage","@id":"https:\/\/www.havuzadairhersey.com\/index.php\/urun\/havuz-cam-mozaikleri-ebru-serisi-29\/","url":"https:\/\/www.havuzadairhersey.com\/index.php\/urun\/havuz-cam-mozaikleri-ebru-serisi-29\/","name":"Havuz Cam Mozaikleri Ebru Serisi 29 -","isPartOf":{"@id":"https:\/\/www.havuzadairhersey.com\/#website"},"primaryImageOfPage":{"@id":"https:\/\/www.havuzadairhersey.com\/index.php\/urun\/havuz-cam-mozaikleri-ebru-serisi-29\/#primaryimage"},"image":{"@id":"https:\/\/www.havuzadairhersey.com\/index.php\/urun\/havuz-cam-mozaikleri-ebru-serisi-29\/#primaryimage"},"thumbnailUrl":"https:\/\/www.havuzadairhersey.com\/wp-content\/uploads\/2025\/04\/1-121.png","datePublished":"2025-04-13T12:14:04+00:00","dateModified":"2025-04-13T12:14:05+00:00","breadcrumb":{"@id":"https:\/\/www.havuzadairhersey.com\/index.php\/urun\/havuz-cam-mozaikleri-ebru-serisi-29\/#breadcrumb"},"inLanguage":"tr","potentialAction":[{"@type":"ReadAction","target":["https:\/\/www.havuzadairhersey.com\/index.php\/urun\/havuz-cam-mozaikleri-ebru-serisi-29\/"]}]},{"@type":"ImageObject","inLanguage":"tr","@id":"https:\/\/www.havuzadairhersey.com\/index.php\/urun\/havuz-cam-mozaikleri-ebru-serisi-29\/#primaryimage","url":"https:\/\/www.havuzadairhersey.com\/wp-content\/uploads\/2025\/04\/1-121.png","contentUrl":"https:\/\/www.havuzadairhersey.com\/wp-content\/uploads\/2025\/04\/1-121.png","width":1875,"height":2000,"caption":"25x25 mm \u00f6l\u00e7\u00fcs\u00fcnde, cam tipi 6.2 mm mavi havuz mozai\u011fi"},{"@type":"BreadcrumbList","@id":"https:\/\/www.havuzadairhersey.com\/index.php\/urun\/havuz-cam-mozaikleri-ebru-serisi-29\/#breadcrumb","itemListElement":[{"@type":"ListItem","position":1,"name":"Anasayfa","item":"https:\/\/www.havuzadairhersey.com\/"},{"@type":"ListItem","position":2,"name":"Ma\u011faza","item":"https:\/\/www.havuzadairhersey.com\/"},{"@type":"ListItem","position":3,"name":"Havuz Cam Mozaikleri Ebru Serisi 29"}]},{"@type":"WebSite","@id":"https:\/\/www.havuzadairhersey.com\/#website","url":"https:\/\/www.havuzadairhersey.com\/","name":"","description":"Havuza dair arad\u0131\u011f\u0131n\u0131z her\u015fey burada...","potentialAction":[{"@type":"SearchAction","target":{"@type":"EntryPoint","urlTemplate":"https:\/\/www.havuzadairhersey.com\/?s={search_term_string}"},"query-input":{"@type":"PropertyValueSpecification","valueRequired":true,"valueName":"search_term_string"}}],"inLanguage":"tr"}]}},"_links":{"self":[{"href":"https:\/\/www.havuzadairhersey.com\/index.php\/wp-json\/wp\/v2\/product\/1289","targetHints":{"allow":["GET"]}}],"collection":[{"href":"https:\/\/www.havuzadairhersey.com\/index.php\/wp-json\/wp\/v2\/product"}],"about":[{"href":"https:\/\/www.havuzadairhersey.com\/index.php\/wp-json\/wp\/v2\/types\/product"}],"replies":[{"embeddable":true,"href":"https:\/\/www.havuzadairhersey.com\/index.php\/wp-json\/wp\/v2\/comments?post=1289"}],"wp:featuredmedia":[{"embeddable":true,"href":"https:\/\/www.havuzadairhersey.com\/index.php\/wp-json\/wp\/v2\/media\/1290"}],"wp:attachment":[{"href":"https:\/\/www.havuzadairhersey.com\/index.php\/wp-json\/wp\/v2\/media?parent=1289"}],"wp:term":[{"taxonomy":"product_brand","embeddable":true,"href":"https:\/\/www.havuzadairhersey.com\/index.php\/wp-json\/wp\/v2\/product_brand?post=1289"},{"taxonomy":"product_cat","embeddable":true,"href":"https:\/\/www.havuzadairhersey.com\/index.php\/wp-json\/wp\/v2\/product_cat?post=1289"},{"taxonomy":"product_tag","embeddable":true,"href":"https:\/\/www.havuzadairhersey.com\/index.php\/wp-json\/wp\/v2\/product_tag?post=1289"}],"curies":[{"name":"wp","href":"https:\/\/api.w.org\/{rel}","templated":true}]}}