{"id":1359,"date":"2025-04-13T16:41:39","date_gmt":"2025-04-13T13:41:39","guid":{"rendered":"https:\/\/www.havuzadairhersey.com\/?post_type=product&#038;p=1359"},"modified":"2025-04-13T16:41:39","modified_gmt":"2025-04-13T13:41:39","slug":"seul-model-kulvar-seperatoru","status":"publish","type":"product","link":"https:\/\/www.havuzadairhersey.com\/index.php\/urun\/seul-model-kulvar-seperatoru\/","title":{"rendered":"Seul Model Kulvar Seperat\u00f6r\u00fc"},"content":{"rendered":"<p>Seul model kulvar seperat\u00f6rleri, y\u00fczme havuzlar\u0131 i\u00e7in geli\u015ftirilmi\u015f dayan\u0131kl\u0131 ve fonksiyonel seperasyon sistemleridir. Plastik seperat\u00f6r toplar\u0131 ve elemanlar\u0131 polyester ip \u00fczerine dizilmi\u015ftir. \u00dcr\u00fcn komple bir kanca ile birlikte sunulur.<br \/>\n25 metrelik modelde 178 adet renkli Seul seperat\u00f6r topu, 268 adet beyaz Seul seperat\u00f6r topu ve 178 adet beyaz Roma seperat\u00f6r topu bulunmaktad\u0131r.<br \/>\n50 metrelik modelde ise 178 adet renkli Seul seperat\u00f6r topu, 174 adet beyaz Seul seperat\u00f6r topu ve 715 adet renkli Roma seperat\u00f6r topu mevcuttur.<br \/>\nYar\u0131\u015fma ve antrenman havuzlar\u0131 i\u00e7in idealdir.<\/p>\n","protected":false},"excerpt":{"rendered":"<p>Seul model, polyester ipli, renkli ve beyaz seperat\u00f6r toplardan olu\u015fan 25 m ve 50 m kulvar seperat\u00f6r\u00fc.<\/p>\n","protected":false},"featured_media":1360,"comment_status":"open","ping_status":"closed","template":"","meta":{"site-sidebar-layout":"default","site-content-layout":"","ast-site-content-layout":"default","site-content-style":"default","site-sidebar-style":"default","ast-global-header-display":"","ast-banner-title-visibility":"","ast-main-header-display":"","ast-hfb-above-header-display":"","ast-hfb-below-header-display":"","ast-hfb-mobile-header-display":"","site-post-title":"","ast-breadcrumbs-content":"","ast-featured-img":"","footer-sml-layout":"","theme-transparent-header-meta":"default","adv-header-id-meta":"","stick-header-meta":"","header-above-stick-meta":"","header-main-stick-meta":"","header-below-stick-meta":"","astra-migrate-meta-layouts":"set","ast-page-background-enabled":"default","ast-page-background-meta":{"desktop":{"background-color":"var(--ast-global-color-5)","background-image":"","background-repeat":"repeat","background-position":"center center","background-size":"auto","background-attachment":"scroll","background-type":"","background-media":"","overlay-type":"","overlay-color":"","overlay-opacity":"","overlay-gradient":""},"tablet":{"background-color":"","background-image":"","background-repeat":"repeat","background-position":"center center","background-size":"auto","background-attachment":"scroll","background-type":"","background-media":"","overlay-type":"","overlay-color":"","overlay-opacity":"","overlay-gradient":""},"mobile":{"background-color":"","background-image":"","background-repeat":"repeat","background-position":"center center","background-size":"auto","background-attachment":"scroll","background-type":"","background-media":"","overlay-type":"","overlay-color":"","overlay-opacity":"","overlay-gradient":""}},"ast-content-background-meta":{"desktop":{"background-color":"var(--ast-global-color-4)","background-image":"","background-repeat":"repeat","background-position":"center center","background-size":"auto","background-attachment":"scroll","background-type":"","background-media":"","overlay-type":"","overlay-color":"","overlay-opacity":"","overlay-gradient":""},"tablet":{"background-color":"var(--ast-global-color-4)","background-image":"","background-repeat":"repeat","background-position":"center center","background-size":"auto","background-attachment":"scroll","background-type":"","background-media":"","overlay-type":"","overlay-color":"","overlay-opacity":"","overlay-gradient":""},"mobile":{"background-color":"var(--ast-global-color-4)","background-image":"","background-repeat":"repeat","background-position":"center center","background-size":"auto","background-attachment":"scroll","background-type":"","background-media":"","overlay-type":"","overlay-color":"","overlay-opacity":"","overlay-gradient":""}}},"product_brand":[30],"product_cat":[1737],"product_tag":[1830,1831,1818,1817,1828,1775,1832,1829],"class_list":{"0":"post-1359","1":"product","2":"type-product","3":"status-publish","4":"has-post-thumbnail","6":"product_brand-atlaspool","7":"product_cat-olimpik-havuz-malzemeleri","8":"product_tag-25-m-seperator","9":"product_tag-50-m-seperator","10":"product_tag-havuz-seperatoru","11":"product_tag-kulvar-seperatoru","12":"product_tag-seul-model-seperator","13":"product_tag-yaris-havuzu-ekipmani","14":"product_tag-yuzme-havuzu-seperatoru","15":"product_tag-yuzme-kulvari-ayirici","16":"desktop-align-left","17":"tablet-align-left","18":"mobile-align-left","20":"first","21":"instock","22":"shipping-taxable","23":"purchasable","24":"product-type-variable"},"yoast_head":"<!-- This site is optimized with the Yoast SEO plugin v25.0 - https:\/\/yoast.com\/wordpress\/plugins\/seo\/ -->\n<title>Seul Model Kulvar Seperat\u00f6r\u00fc -<\/title>\n<meta name=\"robots\" content=\"index, follow, max-snippet:-1, max-image-preview:large, max-video-preview:-1\" \/>\n<link rel=\"canonical\" href=\"https:\/\/www.havuzadairhersey.com\/index.php\/urun\/seul-model-kulvar-seperatoru\/\" \/>\n<meta property=\"og:locale\" content=\"tr_TR\" \/>\n<meta property=\"og:type\" content=\"article\" \/>\n<meta property=\"og:title\" content=\"Seul Model Kulvar Seperat\u00f6r\u00fc -\" \/>\n<meta property=\"og:description\" content=\"Seul model, polyester ipli, renkli ve beyaz seperat\u00f6r toplardan olu\u015fan 25 m ve 50 m kulvar seperat\u00f6r\u00fc.\" \/>\n<meta property=\"og:url\" content=\"https:\/\/www.havuzadairhersey.com\/index.php\/urun\/seul-model-kulvar-seperatoru\/\" \/>\n<meta property=\"og:image\" content=\"https:\/\/www.havuzadairhersey.com\/wp-content\/uploads\/2025\/04\/1-133.png\" \/>\n\t<meta property=\"og:image:width\" content=\"1875\" \/>\n\t<meta property=\"og:image:height\" content=\"2500\" \/>\n\t<meta property=\"og:image:type\" content=\"image\/png\" \/>\n<meta name=\"twitter:card\" content=\"summary_large_image\" \/>\n<script type=\"application\/ld+json\" class=\"yoast-schema-graph\">{\"@context\":\"https:\/\/schema.org\",\"@graph\":[{\"@type\":\"WebPage\",\"@id\":\"https:\/\/www.havuzadairhersey.com\/index.php\/urun\/seul-model-kulvar-seperatoru\/\",\"url\":\"https:\/\/www.havuzadairhersey.com\/index.php\/urun\/seul-model-kulvar-seperatoru\/\",\"name\":\"Seul Model Kulvar Seperat\u00f6r\u00fc -\",\"isPartOf\":{\"@id\":\"https:\/\/www.havuzadairhersey.com\/#website\"},\"primaryImageOfPage\":{\"@id\":\"https:\/\/www.havuzadairhersey.com\/index.php\/urun\/seul-model-kulvar-seperatoru\/#primaryimage\"},\"image\":{\"@id\":\"https:\/\/www.havuzadairhersey.com\/index.php\/urun\/seul-model-kulvar-seperatoru\/#primaryimage\"},\"thumbnailUrl\":\"https:\/\/www.havuzadairhersey.com\/wp-content\/uploads\/2025\/04\/1-133.png\",\"datePublished\":\"2025-04-13T13:41:39+00:00\",\"breadcrumb\":{\"@id\":\"https:\/\/www.havuzadairhersey.com\/index.php\/urun\/seul-model-kulvar-seperatoru\/#breadcrumb\"},\"inLanguage\":\"tr\",\"potentialAction\":[{\"@type\":\"ReadAction\",\"target\":[\"https:\/\/www.havuzadairhersey.com\/index.php\/urun\/seul-model-kulvar-seperatoru\/\"]}]},{\"@type\":\"ImageObject\",\"inLanguage\":\"tr\",\"@id\":\"https:\/\/www.havuzadairhersey.com\/index.php\/urun\/seul-model-kulvar-seperatoru\/#primaryimage\",\"url\":\"https:\/\/www.havuzadairhersey.com\/wp-content\/uploads\/2025\/04\/1-133.png\",\"contentUrl\":\"https:\/\/www.havuzadairhersey.com\/wp-content\/uploads\/2025\/04\/1-133.png\",\"width\":1875,\"height\":2500,\"caption\":\"25 m ve 50 m se\u00e7enekli Seul model havuz seperat\u00f6r\u00fc\"},{\"@type\":\"BreadcrumbList\",\"@id\":\"https:\/\/www.havuzadairhersey.com\/index.php\/urun\/seul-model-kulvar-seperatoru\/#breadcrumb\",\"itemListElement\":[{\"@type\":\"ListItem\",\"position\":1,\"name\":\"Anasayfa\",\"item\":\"https:\/\/www.havuzadairhersey.com\/\"},{\"@type\":\"ListItem\",\"position\":2,\"name\":\"Ma\u011faza\",\"item\":\"https:\/\/www.havuzadairhersey.com\/\"},{\"@type\":\"ListItem\",\"position\":3,\"name\":\"Seul Model Kulvar Seperat\u00f6r\u00fc\"}]},{\"@type\":\"WebSite\",\"@id\":\"https:\/\/www.havuzadairhersey.com\/#website\",\"url\":\"https:\/\/www.havuzadairhersey.com\/\",\"name\":\"\",\"description\":\"Havuza dair arad\u0131\u011f\u0131n\u0131z her\u015fey burada...\",\"potentialAction\":[{\"@type\":\"SearchAction\",\"target\":{\"@type\":\"EntryPoint\",\"urlTemplate\":\"https:\/\/www.havuzadairhersey.com\/?s={search_term_string}\"},\"query-input\":{\"@type\":\"PropertyValueSpecification\",\"valueRequired\":true,\"valueName\":\"search_term_string\"}}],\"inLanguage\":\"tr\"}]}<\/script>\n<!-- \/ Yoast SEO plugin. -->","yoast_head_json":{"title":"Seul Model Kulvar Seperat\u00f6r\u00fc -","robots":{"index":"index","follow":"follow","max-snippet":"max-snippet:-1","max-image-preview":"max-image-preview:large","max-video-preview":"max-video-preview:-1"},"canonical":"https:\/\/www.havuzadairhersey.com\/index.php\/urun\/seul-model-kulvar-seperatoru\/","og_locale":"tr_TR","og_type":"article","og_title":"Seul Model Kulvar Seperat\u00f6r\u00fc -","og_description":"Seul model, polyester ipli, renkli ve beyaz seperat\u00f6r toplardan olu\u015fan 25 m ve 50 m kulvar seperat\u00f6r\u00fc.","og_url":"https:\/\/www.havuzadairhersey.com\/index.php\/urun\/seul-model-kulvar-seperatoru\/","og_image":[{"width":1875,"height":2500,"url":"https:\/\/www.havuzadairhersey.com\/wp-content\/uploads\/2025\/04\/1-133.png","type":"image\/png"}],"twitter_card":"summary_large_image","schema":{"@context":"https:\/\/schema.org","@graph":[{"@type":"WebPage","@id":"https:\/\/www.havuzadairhersey.com\/index.php\/urun\/seul-model-kulvar-seperatoru\/","url":"https:\/\/www.havuzadairhersey.com\/index.php\/urun\/seul-model-kulvar-seperatoru\/","name":"Seul Model Kulvar Seperat\u00f6r\u00fc -","isPartOf":{"@id":"https:\/\/www.havuzadairhersey.com\/#website"},"primaryImageOfPage":{"@id":"https:\/\/www.havuzadairhersey.com\/index.php\/urun\/seul-model-kulvar-seperatoru\/#primaryimage"},"image":{"@id":"https:\/\/www.havuzadairhersey.com\/index.php\/urun\/seul-model-kulvar-seperatoru\/#primaryimage"},"thumbnailUrl":"https:\/\/www.havuzadairhersey.com\/wp-content\/uploads\/2025\/04\/1-133.png","datePublished":"2025-04-13T13:41:39+00:00","breadcrumb":{"@id":"https:\/\/www.havuzadairhersey.com\/index.php\/urun\/seul-model-kulvar-seperatoru\/#breadcrumb"},"inLanguage":"tr","potentialAction":[{"@type":"ReadAction","target":["https:\/\/www.havuzadairhersey.com\/index.php\/urun\/seul-model-kulvar-seperatoru\/"]}]},{"@type":"ImageObject","inLanguage":"tr","@id":"https:\/\/www.havuzadairhersey.com\/index.php\/urun\/seul-model-kulvar-seperatoru\/#primaryimage","url":"https:\/\/www.havuzadairhersey.com\/wp-content\/uploads\/2025\/04\/1-133.png","contentUrl":"https:\/\/www.havuzadairhersey.com\/wp-content\/uploads\/2025\/04\/1-133.png","width":1875,"height":2500,"caption":"25 m ve 50 m se\u00e7enekli Seul model havuz seperat\u00f6r\u00fc"},{"@type":"BreadcrumbList","@id":"https:\/\/www.havuzadairhersey.com\/index.php\/urun\/seul-model-kulvar-seperatoru\/#breadcrumb","itemListElement":[{"@type":"ListItem","position":1,"name":"Anasayfa","item":"https:\/\/www.havuzadairhersey.com\/"},{"@type":"ListItem","position":2,"name":"Ma\u011faza","item":"https:\/\/www.havuzadairhersey.com\/"},{"@type":"ListItem","position":3,"name":"Seul Model Kulvar Seperat\u00f6r\u00fc"}]},{"@type":"WebSite","@id":"https:\/\/www.havuzadairhersey.com\/#website","url":"https:\/\/www.havuzadairhersey.com\/","name":"","description":"Havuza dair arad\u0131\u011f\u0131n\u0131z her\u015fey burada...","potentialAction":[{"@type":"SearchAction","target":{"@type":"EntryPoint","urlTemplate":"https:\/\/www.havuzadairhersey.com\/?s={search_term_string}"},"query-input":{"@type":"PropertyValueSpecification","valueRequired":true,"valueName":"search_term_string"}}],"inLanguage":"tr"}]}},"_links":{"self":[{"href":"https:\/\/www.havuzadairhersey.com\/index.php\/wp-json\/wp\/v2\/product\/1359","targetHints":{"allow":["GET"]}}],"collection":[{"href":"https:\/\/www.havuzadairhersey.com\/index.php\/wp-json\/wp\/v2\/product"}],"about":[{"href":"https:\/\/www.havuzadairhersey.com\/index.php\/wp-json\/wp\/v2\/types\/product"}],"replies":[{"embeddable":true,"href":"https:\/\/www.havuzadairhersey.com\/index.php\/wp-json\/wp\/v2\/comments?post=1359"}],"wp:featuredmedia":[{"embeddable":true,"href":"https:\/\/www.havuzadairhersey.com\/index.php\/wp-json\/wp\/v2\/media\/1360"}],"wp:attachment":[{"href":"https:\/\/www.havuzadairhersey.com\/index.php\/wp-json\/wp\/v2\/media?parent=1359"}],"wp:term":[{"taxonomy":"product_brand","embeddable":true,"href":"https:\/\/www.havuzadairhersey.com\/index.php\/wp-json\/wp\/v2\/product_brand?post=1359"},{"taxonomy":"product_cat","embeddable":true,"href":"https:\/\/www.havuzadairhersey.com\/index.php\/wp-json\/wp\/v2\/product_cat?post=1359"},{"taxonomy":"product_tag","embeddable":true,"href":"https:\/\/www.havuzadairhersey.com\/index.php\/wp-json\/wp\/v2\/product_tag?post=1359"}],"curies":[{"name":"wp","href":"https:\/\/api.w.org\/{rel}","templated":true}]}}