{"id":1371,"date":"2025-04-13T16:55:53","date_gmt":"2025-04-13T13:55:53","guid":{"rendered":"https:\/\/www.havuzadairhersey.com\/?post_type=product&#038;p=1371"},"modified":"2025-04-13T16:55:54","modified_gmt":"2025-04-13T13:55:54","slug":"hakem-ve-cankurtaran-koltugu","status":"publish","type":"product","link":"https:\/\/www.havuzadairhersey.com\/index.php\/urun\/hakem-ve-cankurtaran-koltugu\/","title":{"rendered":"Hakem ve Cankurtaran Koltu\u011fu"},"content":{"rendered":"<p>Yar\u0131\u015fma ve g\u00fcvenlik gerektiren y\u00fczme havuzlar\u0131nda kullan\u0131lmak \u00fczere tasarlanm\u0131\u015f hakem ve cankurtaran koltu\u011fu, y\u00fcksekten g\u00f6r\u00fc\u015f imk\u00e2n\u0131 sa\u011flayarak m\u00fcdahale ve g\u00f6zlem kolayl\u0131\u011f\u0131 sunar. AISI 304 veya AISI 316 kalite paslanmaz \u00e7elikten \u00fcretilmi\u015ftir. \u00d843 mm \u00e7ap\u0131nda boru yap\u0131s\u0131 ile sa\u011flam ve dayan\u0131kl\u0131 bir g\u00f6vdeye sahiptir. Kaymaz basamaklar ve ta\u015f\u0131ma kolayl\u0131\u011f\u0131 sa\u011flayan tekerlekli yap\u0131s\u0131 ile havuz kenarlar\u0131nda maksimum i\u015flevsellik sa\u011flar.<\/p>\n<p>\u00dcr\u00fcn Kodu:<\/p>\n<p>ATS OLP031 \u2013 AISI 304<\/p>\n<p>ATS OLP032 \u2013 AISI 316<\/p>\n<p>\u00d6l\u00e7\u00fcler:<\/p>\n<p>Y\u00fckseklik: 2155 mm<\/p>\n<p>Oturum y\u00fcksekli\u011fi: 1812 mm<\/p>\n<p>Geni\u015flik: 1400 mm<\/p>\n<p>Basamak say\u0131s\u0131: 5 adet<\/p>\n<p>Malzeme: Paslanmaz \u00e7elik (AISI 304 veya 316)<\/p>\n","protected":false},"excerpt":{"rendered":"<p>Paslanmaz \u00e7elikten \u00fcretilmi\u015f, y\u00fcksek g\u00f6r\u00fc\u015fl\u00fc hakem ve cankurtaran koltu\u011fu.<\/p>\n","protected":false},"featured_media":1372,"comment_status":"open","ping_status":"closed","template":"","meta":{"site-sidebar-layout":"default","site-content-layout":"","ast-site-content-layout":"default","site-content-style":"default","site-sidebar-style":"default","ast-global-header-display":"","ast-banner-title-visibility":"","ast-main-header-display":"","ast-hfb-above-header-display":"","ast-hfb-below-header-display":"","ast-hfb-mobile-header-display":"","site-post-title":"","ast-breadcrumbs-content":"","ast-featured-img":"","footer-sml-layout":"","theme-transparent-header-meta":"default","adv-header-id-meta":"","stick-header-meta":"","header-above-stick-meta":"","header-main-stick-meta":"","header-below-stick-meta":"","astra-migrate-meta-layouts":"set","ast-page-background-enabled":"default","ast-page-background-meta":{"desktop":{"background-color":"var(--ast-global-color-5)","background-image":"","background-repeat":"repeat","background-position":"center center","background-size":"auto","background-attachment":"scroll","background-type":"","background-media":"","overlay-type":"","overlay-color":"","overlay-opacity":"","overlay-gradient":""},"tablet":{"background-color":"","background-image":"","background-repeat":"repeat","background-position":"center center","background-size":"auto","background-attachment":"scroll","background-type":"","background-media":"","overlay-type":"","overlay-color":"","overlay-opacity":"","overlay-gradient":""},"mobile":{"background-color":"","background-image":"","background-repeat":"repeat","background-position":"center center","background-size":"auto","background-attachment":"scroll","background-type":"","background-media":"","overlay-type":"","overlay-color":"","overlay-opacity":"","overlay-gradient":""}},"ast-content-background-meta":{"desktop":{"background-color":"var(--ast-global-color-4)","background-image":"","background-repeat":"repeat","background-position":"center center","background-size":"auto","background-attachment":"scroll","background-type":"","background-media":"","overlay-type":"","overlay-color":"","overlay-opacity":"","overlay-gradient":""},"tablet":{"background-color":"var(--ast-global-color-4)","background-image":"","background-repeat":"repeat","background-position":"center center","background-size":"auto","background-attachment":"scroll","background-type":"","background-media":"","overlay-type":"","overlay-color":"","overlay-opacity":"","overlay-gradient":""},"mobile":{"background-color":"var(--ast-global-color-4)","background-image":"","background-repeat":"repeat","background-position":"center center","background-size":"auto","background-attachment":"scroll","background-type":"","background-media":"","overlay-type":"","overlay-color":"","overlay-opacity":"","overlay-gradient":""}}},"product_brand":[30],"product_cat":[1737],"product_tag":[1756,585,1844,1843,242,1847,636,1848,1845,1846],"class_list":{"0":"post-1371","1":"product","2":"type-product","3":"status-publish","4":"has-post-thumbnail","6":"product_brand-atlaspool","7":"product_cat-olimpik-havuz-malzemeleri","8":"product_tag-aisi-304","9":"product_tag-aisi-316","10":"product_tag-cankurtaran-koltugu","11":"product_tag-hakem-koltugu","12":"product_tag-havuz-ekipmanlari","13":"product_tag-havuz-gozetmen-koltugu","14":"product_tag-havuz-guvenlik-urunleri","15":"product_tag-havuz-yarisma-ekipmani","16":"product_tag-paslanmaz-celik","17":"product_tag-yuzme-havuzu-koltugu","18":"desktop-align-left","19":"tablet-align-left","20":"mobile-align-left","22":"first","23":"instock","24":"shipping-taxable","25":"purchasable","26":"product-type-variable"},"yoast_head":"<!-- This site is optimized with the Yoast SEO plugin v25.0 - https:\/\/yoast.com\/wordpress\/plugins\/seo\/ -->\n<title>Hakem ve Cankurtaran Koltu\u011fu -<\/title>\n<meta name=\"robots\" content=\"index, follow, max-snippet:-1, max-image-preview:large, max-video-preview:-1\" \/>\n<link rel=\"canonical\" href=\"https:\/\/www.havuzadairhersey.com\/index.php\/urun\/hakem-ve-cankurtaran-koltugu\/\" \/>\n<meta property=\"og:locale\" content=\"tr_TR\" \/>\n<meta property=\"og:type\" content=\"article\" \/>\n<meta property=\"og:title\" content=\"Hakem ve Cankurtaran Koltu\u011fu -\" \/>\n<meta property=\"og:description\" content=\"Paslanmaz \u00e7elikten \u00fcretilmi\u015f, y\u00fcksek g\u00f6r\u00fc\u015fl\u00fc hakem ve cankurtaran koltu\u011fu.\" \/>\n<meta property=\"og:url\" content=\"https:\/\/www.havuzadairhersey.com\/index.php\/urun\/hakem-ve-cankurtaran-koltugu\/\" \/>\n<meta property=\"article:modified_time\" content=\"2025-04-13T13:55:54+00:00\" \/>\n<meta property=\"og:image\" content=\"https:\/\/www.havuzadairhersey.com\/wp-content\/uploads\/2025\/04\/1-135.png\" \/>\n\t<meta property=\"og:image:width\" content=\"1875\" \/>\n\t<meta property=\"og:image:height\" content=\"2500\" \/>\n\t<meta property=\"og:image:type\" content=\"image\/png\" \/>\n<meta name=\"twitter:card\" content=\"summary_large_image\" \/>\n<meta name=\"twitter:label1\" content=\"Tahmini okuma s\u00fcresi\" \/>\n\t<meta name=\"twitter:data1\" content=\"1 dakika\" \/>\n<script type=\"application\/ld+json\" class=\"yoast-schema-graph\">{\"@context\":\"https:\/\/schema.org\",\"@graph\":[{\"@type\":\"WebPage\",\"@id\":\"https:\/\/www.havuzadairhersey.com\/index.php\/urun\/hakem-ve-cankurtaran-koltugu\/\",\"url\":\"https:\/\/www.havuzadairhersey.com\/index.php\/urun\/hakem-ve-cankurtaran-koltugu\/\",\"name\":\"Hakem ve Cankurtaran Koltu\u011fu -\",\"isPartOf\":{\"@id\":\"https:\/\/www.havuzadairhersey.com\/#website\"},\"primaryImageOfPage\":{\"@id\":\"https:\/\/www.havuzadairhersey.com\/index.php\/urun\/hakem-ve-cankurtaran-koltugu\/#primaryimage\"},\"image\":{\"@id\":\"https:\/\/www.havuzadairhersey.com\/index.php\/urun\/hakem-ve-cankurtaran-koltugu\/#primaryimage\"},\"thumbnailUrl\":\"https:\/\/www.havuzadairhersey.com\/wp-content\/uploads\/2025\/04\/1-135.png\",\"datePublished\":\"2025-04-13T13:55:53+00:00\",\"dateModified\":\"2025-04-13T13:55:54+00:00\",\"breadcrumb\":{\"@id\":\"https:\/\/www.havuzadairhersey.com\/index.php\/urun\/hakem-ve-cankurtaran-koltugu\/#breadcrumb\"},\"inLanguage\":\"tr\",\"potentialAction\":[{\"@type\":\"ReadAction\",\"target\":[\"https:\/\/www.havuzadairhersey.com\/index.php\/urun\/hakem-ve-cankurtaran-koltugu\/\"]}]},{\"@type\":\"ImageObject\",\"inLanguage\":\"tr\",\"@id\":\"https:\/\/www.havuzadairhersey.com\/index.php\/urun\/hakem-ve-cankurtaran-koltugu\/#primaryimage\",\"url\":\"https:\/\/www.havuzadairhersey.com\/wp-content\/uploads\/2025\/04\/1-135.png\",\"contentUrl\":\"https:\/\/www.havuzadairhersey.com\/wp-content\/uploads\/2025\/04\/1-135.png\",\"width\":1875,\"height\":2500,\"caption\":\"Y\u00fczme havuzlar\u0131 i\u00e7in y\u00fcksekten g\u00f6zetim koltu\u011fu\"},{\"@type\":\"BreadcrumbList\",\"@id\":\"https:\/\/www.havuzadairhersey.com\/index.php\/urun\/hakem-ve-cankurtaran-koltugu\/#breadcrumb\",\"itemListElement\":[{\"@type\":\"ListItem\",\"position\":1,\"name\":\"Anasayfa\",\"item\":\"https:\/\/www.havuzadairhersey.com\/\"},{\"@type\":\"ListItem\",\"position\":2,\"name\":\"Ma\u011faza\",\"item\":\"https:\/\/www.havuzadairhersey.com\/\"},{\"@type\":\"ListItem\",\"position\":3,\"name\":\"Hakem ve Cankurtaran Koltu\u011fu\"}]},{\"@type\":\"WebSite\",\"@id\":\"https:\/\/www.havuzadairhersey.com\/#website\",\"url\":\"https:\/\/www.havuzadairhersey.com\/\",\"name\":\"\",\"description\":\"Havuza dair arad\u0131\u011f\u0131n\u0131z her\u015fey burada...\",\"potentialAction\":[{\"@type\":\"SearchAction\",\"target\":{\"@type\":\"EntryPoint\",\"urlTemplate\":\"https:\/\/www.havuzadairhersey.com\/?s={search_term_string}\"},\"query-input\":{\"@type\":\"PropertyValueSpecification\",\"valueRequired\":true,\"valueName\":\"search_term_string\"}}],\"inLanguage\":\"tr\"}]}<\/script>\n<!-- \/ Yoast SEO plugin. -->","yoast_head_json":{"title":"Hakem ve Cankurtaran Koltu\u011fu -","robots":{"index":"index","follow":"follow","max-snippet":"max-snippet:-1","max-image-preview":"max-image-preview:large","max-video-preview":"max-video-preview:-1"},"canonical":"https:\/\/www.havuzadairhersey.com\/index.php\/urun\/hakem-ve-cankurtaran-koltugu\/","og_locale":"tr_TR","og_type":"article","og_title":"Hakem ve Cankurtaran Koltu\u011fu -","og_description":"Paslanmaz \u00e7elikten \u00fcretilmi\u015f, y\u00fcksek g\u00f6r\u00fc\u015fl\u00fc hakem ve cankurtaran koltu\u011fu.","og_url":"https:\/\/www.havuzadairhersey.com\/index.php\/urun\/hakem-ve-cankurtaran-koltugu\/","article_modified_time":"2025-04-13T13:55:54+00:00","og_image":[{"width":1875,"height":2500,"url":"https:\/\/www.havuzadairhersey.com\/wp-content\/uploads\/2025\/04\/1-135.png","type":"image\/png"}],"twitter_card":"summary_large_image","twitter_misc":{"Tahmini okuma s\u00fcresi":"1 dakika"},"schema":{"@context":"https:\/\/schema.org","@graph":[{"@type":"WebPage","@id":"https:\/\/www.havuzadairhersey.com\/index.php\/urun\/hakem-ve-cankurtaran-koltugu\/","url":"https:\/\/www.havuzadairhersey.com\/index.php\/urun\/hakem-ve-cankurtaran-koltugu\/","name":"Hakem ve Cankurtaran Koltu\u011fu -","isPartOf":{"@id":"https:\/\/www.havuzadairhersey.com\/#website"},"primaryImageOfPage":{"@id":"https:\/\/www.havuzadairhersey.com\/index.php\/urun\/hakem-ve-cankurtaran-koltugu\/#primaryimage"},"image":{"@id":"https:\/\/www.havuzadairhersey.com\/index.php\/urun\/hakem-ve-cankurtaran-koltugu\/#primaryimage"},"thumbnailUrl":"https:\/\/www.havuzadairhersey.com\/wp-content\/uploads\/2025\/04\/1-135.png","datePublished":"2025-04-13T13:55:53+00:00","dateModified":"2025-04-13T13:55:54+00:00","breadcrumb":{"@id":"https:\/\/www.havuzadairhersey.com\/index.php\/urun\/hakem-ve-cankurtaran-koltugu\/#breadcrumb"},"inLanguage":"tr","potentialAction":[{"@type":"ReadAction","target":["https:\/\/www.havuzadairhersey.com\/index.php\/urun\/hakem-ve-cankurtaran-koltugu\/"]}]},{"@type":"ImageObject","inLanguage":"tr","@id":"https:\/\/www.havuzadairhersey.com\/index.php\/urun\/hakem-ve-cankurtaran-koltugu\/#primaryimage","url":"https:\/\/www.havuzadairhersey.com\/wp-content\/uploads\/2025\/04\/1-135.png","contentUrl":"https:\/\/www.havuzadairhersey.com\/wp-content\/uploads\/2025\/04\/1-135.png","width":1875,"height":2500,"caption":"Y\u00fczme havuzlar\u0131 i\u00e7in y\u00fcksekten g\u00f6zetim koltu\u011fu"},{"@type":"BreadcrumbList","@id":"https:\/\/www.havuzadairhersey.com\/index.php\/urun\/hakem-ve-cankurtaran-koltugu\/#breadcrumb","itemListElement":[{"@type":"ListItem","position":1,"name":"Anasayfa","item":"https:\/\/www.havuzadairhersey.com\/"},{"@type":"ListItem","position":2,"name":"Ma\u011faza","item":"https:\/\/www.havuzadairhersey.com\/"},{"@type":"ListItem","position":3,"name":"Hakem ve Cankurtaran Koltu\u011fu"}]},{"@type":"WebSite","@id":"https:\/\/www.havuzadairhersey.com\/#website","url":"https:\/\/www.havuzadairhersey.com\/","name":"","description":"Havuza dair arad\u0131\u011f\u0131n\u0131z her\u015fey burada...","potentialAction":[{"@type":"SearchAction","target":{"@type":"EntryPoint","urlTemplate":"https:\/\/www.havuzadairhersey.com\/?s={search_term_string}"},"query-input":{"@type":"PropertyValueSpecification","valueRequired":true,"valueName":"search_term_string"}}],"inLanguage":"tr"}]}},"_links":{"self":[{"href":"https:\/\/www.havuzadairhersey.com\/index.php\/wp-json\/wp\/v2\/product\/1371","targetHints":{"allow":["GET"]}}],"collection":[{"href":"https:\/\/www.havuzadairhersey.com\/index.php\/wp-json\/wp\/v2\/product"}],"about":[{"href":"https:\/\/www.havuzadairhersey.com\/index.php\/wp-json\/wp\/v2\/types\/product"}],"replies":[{"embeddable":true,"href":"https:\/\/www.havuzadairhersey.com\/index.php\/wp-json\/wp\/v2\/comments?post=1371"}],"wp:featuredmedia":[{"embeddable":true,"href":"https:\/\/www.havuzadairhersey.com\/index.php\/wp-json\/wp\/v2\/media\/1372"}],"wp:attachment":[{"href":"https:\/\/www.havuzadairhersey.com\/index.php\/wp-json\/wp\/v2\/media?parent=1371"}],"wp:term":[{"taxonomy":"product_brand","embeddable":true,"href":"https:\/\/www.havuzadairhersey.com\/index.php\/wp-json\/wp\/v2\/product_brand?post=1371"},{"taxonomy":"product_cat","embeddable":true,"href":"https:\/\/www.havuzadairhersey.com\/index.php\/wp-json\/wp\/v2\/product_cat?post=1371"},{"taxonomy":"product_tag","embeddable":true,"href":"https:\/\/www.havuzadairhersey.com\/index.php\/wp-json\/wp\/v2\/product_tag?post=1371"}],"curies":[{"name":"wp","href":"https:\/\/api.w.org\/{rel}","templated":true}]}}