{"id":1454,"date":"2025-04-13T18:57:06","date_gmt":"2025-04-13T15:57:06","guid":{"rendered":"https:\/\/www.havuzadairhersey.com\/?post_type=product&#038;p=1454"},"modified":"2025-04-13T18:57:07","modified_gmt":"2025-04-13T15:57:07","slug":"komple-plastik-ledli-armatur","status":"publish","type":"product","link":"https:\/\/www.havuzadairhersey.com\/index.php\/urun\/komple-plastik-ledli-armatur\/","title":{"rendered":"Komple Plastik Ledli Armat\u00fcr"},"content":{"rendered":"<p>Komple plastik g\u00f6vdeden \u00fcretilmi\u015f bu ledli havuz armat\u00fcr\u00fc, \u00d863 mm borulara uyumlu tasar\u0131m\u0131 ve y\u00fcksek performansl\u0131 3 Power LED teknolojisi ile s\u00fcs havuzlar\u0131 i\u00e7in ideal bir ayd\u0131nlatma \u00e7\u00f6z\u00fcm\u00fcd\u00fcr. 12V g\u00fc\u00e7le \u00e7al\u0131\u015fan bu \u00fcr\u00fcn, hem tek renk (beyaz, g\u00fcn\u0131\u015f\u0131\u011f\u0131, mavi, ye\u015fil, k\u0131rm\u0131z\u0131) hem de RGB (\u00e7ok renkli) se\u00e7eneklerine sahiptir. IP68 koruma s\u0131n\u0131f\u0131 sayesinde tam su ge\u00e7irmezlik sunar. \u00dcr\u00fcn\u00fcn \u00f6n y\u00fczeyi krom kaplama olup estetik bir g\u00f6r\u00fcn\u00fcm sa\u011flar. Ayakl\u0131 modelleri sayesinde farkl\u0131 montaj alternatiflerine uygundur.<\/p>\n","protected":false},"excerpt":{"rendered":"<p>3W\/12V plastik g\u00f6vdeli led havuz armat\u00fcr\u00fc \u2013 \u00d863 boruya ge\u00e7meli, IP68 korumal\u0131, RGB ve tek renk se\u00e7enekli.<\/p>\n","protected":false},"featured_media":1455,"comment_status":"open","ping_status":"closed","template":"","meta":{"site-sidebar-layout":"default","site-content-layout":"","ast-site-content-layout":"default","site-content-style":"default","site-sidebar-style":"default","ast-global-header-display":"","ast-banner-title-visibility":"","ast-main-header-display":"","ast-hfb-above-header-display":"","ast-hfb-below-header-display":"","ast-hfb-mobile-header-display":"","site-post-title":"","ast-breadcrumbs-content":"","ast-featured-img":"","footer-sml-layout":"","theme-transparent-header-meta":"default","adv-header-id-meta":"","stick-header-meta":"","header-above-stick-meta":"","header-main-stick-meta":"","header-below-stick-meta":"","astra-migrate-meta-layouts":"set","ast-page-background-enabled":"default","ast-page-background-meta":{"desktop":{"background-color":"var(--ast-global-color-5)","background-image":"","background-repeat":"repeat","background-position":"center center","background-size":"auto","background-attachment":"scroll","background-type":"","background-media":"","overlay-type":"","overlay-color":"","overlay-opacity":"","overlay-gradient":""},"tablet":{"background-color":"","background-image":"","background-repeat":"repeat","background-position":"center center","background-size":"auto","background-attachment":"scroll","background-type":"","background-media":"","overlay-type":"","overlay-color":"","overlay-opacity":"","overlay-gradient":""},"mobile":{"background-color":"","background-image":"","background-repeat":"repeat","background-position":"center center","background-size":"auto","background-attachment":"scroll","background-type":"","background-media":"","overlay-type":"","overlay-color":"","overlay-opacity":"","overlay-gradient":""}},"ast-content-background-meta":{"desktop":{"background-color":"var(--ast-global-color-4)","background-image":"","background-repeat":"repeat","background-position":"center center","background-size":"auto","background-attachment":"scroll","background-type":"","background-media":"","overlay-type":"","overlay-color":"","overlay-opacity":"","overlay-gradient":""},"tablet":{"background-color":"var(--ast-global-color-4)","background-image":"","background-repeat":"repeat","background-position":"center center","background-size":"auto","background-attachment":"scroll","background-type":"","background-media":"","overlay-type":"","overlay-color":"","overlay-opacity":"","overlay-gradient":""},"mobile":{"background-color":"var(--ast-global-color-4)","background-image":"","background-repeat":"repeat","background-position":"center center","background-size":"auto","background-attachment":"scroll","background-type":"","background-media":"","overlay-type":"","overlay-color":"","overlay-opacity":"","overlay-gradient":""}}},"product_brand":[30],"product_cat":[1900],"product_tag":[1981,1982,1939,1984,1983,1986,1979,1980,1906,1985],"class_list":{"0":"post-1454","1":"product","2":"type-product","3":"status-publish","4":"has-post-thumbnail","6":"product_brand-atlaspool","7":"product_cat-sus-havuzu-aydinlatma-lambalari","8":"product_tag-12v-led","9":"product_tag-3w-havuz-lambasi","10":"product_tag-ayakli-havuz-lambasi","11":"product_tag-boruya-gecmeli-led","12":"product_tag-ip68-armatur","13":"product_tag-krom-cerceveli-havuz-armaturu","14":"product_tag-led-havuz-armaturu","15":"product_tag-plastik-led-lamba","16":"product_tag-rgb-havuz-isigi","17":"product_tag-sus-havuzu-aydinlatma","18":"desktop-align-left","19":"tablet-align-left","20":"mobile-align-left","22":"first","23":"instock","24":"shipping-taxable","25":"purchasable","26":"product-type-variable"},"yoast_head":"<!-- This site is optimized with the Yoast SEO plugin v25.0 - https:\/\/yoast.com\/wordpress\/plugins\/seo\/ -->\n<title>Komple Plastik Ledli Armat\u00fcr -<\/title>\n<meta name=\"robots\" content=\"index, follow, max-snippet:-1, max-image-preview:large, max-video-preview:-1\" \/>\n<link rel=\"canonical\" href=\"https:\/\/www.havuzadairhersey.com\/index.php\/urun\/komple-plastik-ledli-armatur\/\" \/>\n<meta property=\"og:locale\" content=\"tr_TR\" \/>\n<meta property=\"og:type\" content=\"article\" \/>\n<meta property=\"og:title\" content=\"Komple Plastik Ledli Armat\u00fcr -\" \/>\n<meta property=\"og:description\" content=\"3W\/12V plastik g\u00f6vdeli led havuz armat\u00fcr\u00fc \u2013 \u00d863 boruya ge\u00e7meli, IP68 korumal\u0131, RGB ve tek renk se\u00e7enekli.\" \/>\n<meta property=\"og:url\" content=\"https:\/\/www.havuzadairhersey.com\/index.php\/urun\/komple-plastik-ledli-armatur\/\" \/>\n<meta property=\"article:modified_time\" content=\"2025-04-13T15:57:07+00:00\" \/>\n<meta property=\"og:image\" content=\"https:\/\/www.havuzadairhersey.com\/wp-content\/uploads\/2025\/04\/1-148.png\" \/>\n\t<meta property=\"og:image:width\" content=\"1875\" \/>\n\t<meta property=\"og:image:height\" content=\"2500\" \/>\n\t<meta property=\"og:image:type\" content=\"image\/png\" \/>\n<meta name=\"twitter:card\" content=\"summary_large_image\" \/>\n<script type=\"application\/ld+json\" class=\"yoast-schema-graph\">{\"@context\":\"https:\/\/schema.org\",\"@graph\":[{\"@type\":\"WebPage\",\"@id\":\"https:\/\/www.havuzadairhersey.com\/index.php\/urun\/komple-plastik-ledli-armatur\/\",\"url\":\"https:\/\/www.havuzadairhersey.com\/index.php\/urun\/komple-plastik-ledli-armatur\/\",\"name\":\"Komple Plastik Ledli Armat\u00fcr -\",\"isPartOf\":{\"@id\":\"https:\/\/www.havuzadairhersey.com\/#website\"},\"primaryImageOfPage\":{\"@id\":\"https:\/\/www.havuzadairhersey.com\/index.php\/urun\/komple-plastik-ledli-armatur\/#primaryimage\"},\"image\":{\"@id\":\"https:\/\/www.havuzadairhersey.com\/index.php\/urun\/komple-plastik-ledli-armatur\/#primaryimage\"},\"thumbnailUrl\":\"https:\/\/www.havuzadairhersey.com\/wp-content\/uploads\/2025\/04\/1-148.png\",\"datePublished\":\"2025-04-13T15:57:06+00:00\",\"dateModified\":\"2025-04-13T15:57:07+00:00\",\"breadcrumb\":{\"@id\":\"https:\/\/www.havuzadairhersey.com\/index.php\/urun\/komple-plastik-ledli-armatur\/#breadcrumb\"},\"inLanguage\":\"tr\",\"potentialAction\":[{\"@type\":\"ReadAction\",\"target\":[\"https:\/\/www.havuzadairhersey.com\/index.php\/urun\/komple-plastik-ledli-armatur\/\"]}]},{\"@type\":\"ImageObject\",\"inLanguage\":\"tr\",\"@id\":\"https:\/\/www.havuzadairhersey.com\/index.php\/urun\/komple-plastik-ledli-armatur\/#primaryimage\",\"url\":\"https:\/\/www.havuzadairhersey.com\/wp-content\/uploads\/2025\/04\/1-148.png\",\"contentUrl\":\"https:\/\/www.havuzadairhersey.com\/wp-content\/uploads\/2025\/04\/1-148.png\",\"width\":1875,\"height\":2500,\"caption\":\"RGB ve tek renk se\u00e7enekli, 12V\/3W plastik led havuz lambas\u0131\"},{\"@type\":\"BreadcrumbList\",\"@id\":\"https:\/\/www.havuzadairhersey.com\/index.php\/urun\/komple-plastik-ledli-armatur\/#breadcrumb\",\"itemListElement\":[{\"@type\":\"ListItem\",\"position\":1,\"name\":\"Anasayfa\",\"item\":\"https:\/\/www.havuzadairhersey.com\/\"},{\"@type\":\"ListItem\",\"position\":2,\"name\":\"Ma\u011faza\",\"item\":\"https:\/\/www.havuzadairhersey.com\/\"},{\"@type\":\"ListItem\",\"position\":3,\"name\":\"Komple Plastik Ledli Armat\u00fcr\"}]},{\"@type\":\"WebSite\",\"@id\":\"https:\/\/www.havuzadairhersey.com\/#website\",\"url\":\"https:\/\/www.havuzadairhersey.com\/\",\"name\":\"\",\"description\":\"Havuza dair arad\u0131\u011f\u0131n\u0131z her\u015fey burada...\",\"potentialAction\":[{\"@type\":\"SearchAction\",\"target\":{\"@type\":\"EntryPoint\",\"urlTemplate\":\"https:\/\/www.havuzadairhersey.com\/?s={search_term_string}\"},\"query-input\":{\"@type\":\"PropertyValueSpecification\",\"valueRequired\":true,\"valueName\":\"search_term_string\"}}],\"inLanguage\":\"tr\"}]}<\/script>\n<!-- \/ Yoast SEO plugin. -->","yoast_head_json":{"title":"Komple Plastik Ledli Armat\u00fcr -","robots":{"index":"index","follow":"follow","max-snippet":"max-snippet:-1","max-image-preview":"max-image-preview:large","max-video-preview":"max-video-preview:-1"},"canonical":"https:\/\/www.havuzadairhersey.com\/index.php\/urun\/komple-plastik-ledli-armatur\/","og_locale":"tr_TR","og_type":"article","og_title":"Komple Plastik Ledli Armat\u00fcr -","og_description":"3W\/12V plastik g\u00f6vdeli led havuz armat\u00fcr\u00fc \u2013 \u00d863 boruya ge\u00e7meli, IP68 korumal\u0131, RGB ve tek renk se\u00e7enekli.","og_url":"https:\/\/www.havuzadairhersey.com\/index.php\/urun\/komple-plastik-ledli-armatur\/","article_modified_time":"2025-04-13T15:57:07+00:00","og_image":[{"width":1875,"height":2500,"url":"https:\/\/www.havuzadairhersey.com\/wp-content\/uploads\/2025\/04\/1-148.png","type":"image\/png"}],"twitter_card":"summary_large_image","schema":{"@context":"https:\/\/schema.org","@graph":[{"@type":"WebPage","@id":"https:\/\/www.havuzadairhersey.com\/index.php\/urun\/komple-plastik-ledli-armatur\/","url":"https:\/\/www.havuzadairhersey.com\/index.php\/urun\/komple-plastik-ledli-armatur\/","name":"Komple Plastik Ledli Armat\u00fcr -","isPartOf":{"@id":"https:\/\/www.havuzadairhersey.com\/#website"},"primaryImageOfPage":{"@id":"https:\/\/www.havuzadairhersey.com\/index.php\/urun\/komple-plastik-ledli-armatur\/#primaryimage"},"image":{"@id":"https:\/\/www.havuzadairhersey.com\/index.php\/urun\/komple-plastik-ledli-armatur\/#primaryimage"},"thumbnailUrl":"https:\/\/www.havuzadairhersey.com\/wp-content\/uploads\/2025\/04\/1-148.png","datePublished":"2025-04-13T15:57:06+00:00","dateModified":"2025-04-13T15:57:07+00:00","breadcrumb":{"@id":"https:\/\/www.havuzadairhersey.com\/index.php\/urun\/komple-plastik-ledli-armatur\/#breadcrumb"},"inLanguage":"tr","potentialAction":[{"@type":"ReadAction","target":["https:\/\/www.havuzadairhersey.com\/index.php\/urun\/komple-plastik-ledli-armatur\/"]}]},{"@type":"ImageObject","inLanguage":"tr","@id":"https:\/\/www.havuzadairhersey.com\/index.php\/urun\/komple-plastik-ledli-armatur\/#primaryimage","url":"https:\/\/www.havuzadairhersey.com\/wp-content\/uploads\/2025\/04\/1-148.png","contentUrl":"https:\/\/www.havuzadairhersey.com\/wp-content\/uploads\/2025\/04\/1-148.png","width":1875,"height":2500,"caption":"RGB ve tek renk se\u00e7enekli, 12V\/3W plastik led havuz lambas\u0131"},{"@type":"BreadcrumbList","@id":"https:\/\/www.havuzadairhersey.com\/index.php\/urun\/komple-plastik-ledli-armatur\/#breadcrumb","itemListElement":[{"@type":"ListItem","position":1,"name":"Anasayfa","item":"https:\/\/www.havuzadairhersey.com\/"},{"@type":"ListItem","position":2,"name":"Ma\u011faza","item":"https:\/\/www.havuzadairhersey.com\/"},{"@type":"ListItem","position":3,"name":"Komple Plastik Ledli Armat\u00fcr"}]},{"@type":"WebSite","@id":"https:\/\/www.havuzadairhersey.com\/#website","url":"https:\/\/www.havuzadairhersey.com\/","name":"","description":"Havuza dair arad\u0131\u011f\u0131n\u0131z her\u015fey burada...","potentialAction":[{"@type":"SearchAction","target":{"@type":"EntryPoint","urlTemplate":"https:\/\/www.havuzadairhersey.com\/?s={search_term_string}"},"query-input":{"@type":"PropertyValueSpecification","valueRequired":true,"valueName":"search_term_string"}}],"inLanguage":"tr"}]}},"_links":{"self":[{"href":"https:\/\/www.havuzadairhersey.com\/index.php\/wp-json\/wp\/v2\/product\/1454","targetHints":{"allow":["GET"]}}],"collection":[{"href":"https:\/\/www.havuzadairhersey.com\/index.php\/wp-json\/wp\/v2\/product"}],"about":[{"href":"https:\/\/www.havuzadairhersey.com\/index.php\/wp-json\/wp\/v2\/types\/product"}],"replies":[{"embeddable":true,"href":"https:\/\/www.havuzadairhersey.com\/index.php\/wp-json\/wp\/v2\/comments?post=1454"}],"wp:featuredmedia":[{"embeddable":true,"href":"https:\/\/www.havuzadairhersey.com\/index.php\/wp-json\/wp\/v2\/media\/1455"}],"wp:attachment":[{"href":"https:\/\/www.havuzadairhersey.com\/index.php\/wp-json\/wp\/v2\/media?parent=1454"}],"wp:term":[{"taxonomy":"product_brand","embeddable":true,"href":"https:\/\/www.havuzadairhersey.com\/index.php\/wp-json\/wp\/v2\/product_brand?post=1454"},{"taxonomy":"product_cat","embeddable":true,"href":"https:\/\/www.havuzadairhersey.com\/index.php\/wp-json\/wp\/v2\/product_cat?post=1454"},{"taxonomy":"product_tag","embeddable":true,"href":"https:\/\/www.havuzadairhersey.com\/index.php\/wp-json\/wp\/v2\/product_tag?post=1454"}],"curies":[{"name":"wp","href":"https:\/\/api.w.org\/{rel}","templated":true}]}}