{"id":1463,"date":"2025-04-13T19:02:41","date_gmt":"2025-04-13T16:02:41","guid":{"rendered":"https:\/\/www.havuzadairhersey.com\/?post_type=product&#038;p=1463"},"modified":"2025-04-13T19:02:42","modified_gmt":"2025-04-13T16:02:42","slug":"ozenli-kovanli-tip-ledli-armatur","status":"publish","type":"product","link":"https:\/\/www.havuzadairhersey.com\/index.php\/urun\/ozenli-kovanli-tip-ledli-armatur\/","title":{"rendered":"\u00d6zenli Kovanl\u0131 Tip Ledli Armat\u00fcr"},"content":{"rendered":"<p>Kovanl\u0131 Tip Ledli Armat\u00fcr, s\u00fcs havuzlar\u0131 ve peyzaj ayd\u0131nlatmalar\u0131nda estetik ve dayan\u0131kl\u0131l\u0131\u011f\u0131 bir araya getirir. \u00d8154 mm \u00e7ap\u0131nda ve 105 mm y\u00fcksekli\u011finde olan bu armat\u00fcr; 6W ve 10W g\u00fc\u00e7 se\u00e7enekleriyle RGB veya tek renk LED ayd\u0131nlatma sunar. 12V AC veya DC ak\u0131mla \u00e7al\u0131\u015fan modelleri mevcuttur. Paslanmaz \u00e7elik \u00e7er\u00e7evesi ve g\u00fc\u00e7l\u00fc g\u00f6vde yap\u0131s\u0131 sayesinde uzun \u00f6m\u00fcrl\u00fc ve suya dayan\u0131kl\u0131d\u0131r. Kurulumu kolay, kullan\u0131m\u0131 g\u00fcvenlidir.<\/p>\n<p>Kodlar:<\/p>\n<p>ATS SUS029 \u2013 6W Tek Renkli 12V AC<\/p>\n<p>ATS SUS030 \u2013 10W Tek Renkli 12V AC<\/p>\n<p>ATS SUS033 \u2013 6W Full RGB 12V AC<\/p>\n<p>ATS SUS034 \u2013 10W Full RGB 12V DC<\/p>\n","protected":false},"excerpt":{"rendered":"<p>Suya dayan\u0131kl\u0131 kovanl\u0131 tip, 6W\u201310W aras\u0131 RGB ve tek renk se\u00e7enekli LED s\u00fcs havuzu lambas\u0131.<\/p>\n","protected":false},"featured_media":1464,"comment_status":"open","ping_status":"closed","template":"","meta":{"site-sidebar-layout":"default","site-content-layout":"","ast-site-content-layout":"default","site-content-style":"default","site-sidebar-style":"default","ast-global-header-display":"","ast-banner-title-visibility":"","ast-main-header-display":"","ast-hfb-above-header-display":"","ast-hfb-below-header-display":"","ast-hfb-mobile-header-display":"","site-post-title":"","ast-breadcrumbs-content":"","ast-featured-img":"","footer-sml-layout":"","theme-transparent-header-meta":"default","adv-header-id-meta":"","stick-header-meta":"","header-above-stick-meta":"","header-main-stick-meta":"","header-below-stick-meta":"","astra-migrate-meta-layouts":"set","ast-page-background-enabled":"default","ast-page-background-meta":{"desktop":{"background-color":"var(--ast-global-color-5)","background-image":"","background-repeat":"repeat","background-position":"center center","background-size":"auto","background-attachment":"scroll","background-type":"","background-media":"","overlay-type":"","overlay-color":"","overlay-opacity":"","overlay-gradient":""},"tablet":{"background-color":"","background-image":"","background-repeat":"repeat","background-position":"center center","background-size":"auto","background-attachment":"scroll","background-type":"","background-media":"","overlay-type":"","overlay-color":"","overlay-opacity":"","overlay-gradient":""},"mobile":{"background-color":"","background-image":"","background-repeat":"repeat","background-position":"center center","background-size":"auto","background-attachment":"scroll","background-type":"","background-media":"","overlay-type":"","overlay-color":"","overlay-opacity":"","overlay-gradient":""}},"ast-content-background-meta":{"desktop":{"background-color":"var(--ast-global-color-4)","background-image":"","background-repeat":"repeat","background-position":"center center","background-size":"auto","background-attachment":"scroll","background-type":"","background-media":"","overlay-type":"","overlay-color":"","overlay-opacity":"","overlay-gradient":""},"tablet":{"background-color":"var(--ast-global-color-4)","background-image":"","background-repeat":"repeat","background-position":"center center","background-size":"auto","background-attachment":"scroll","background-type":"","background-media":"","overlay-type":"","overlay-color":"","overlay-opacity":"","overlay-gradient":""},"mobile":{"background-color":"var(--ast-global-color-4)","background-image":"","background-repeat":"repeat","background-position":"center center","background-size":"auto","background-attachment":"scroll","background-type":"","background-media":"","overlay-type":"","overlay-color":"","overlay-opacity":"","overlay-gradient":""}}},"product_brand":[30],"product_cat":[1900],"product_tag":[1991,1962,1994,1992,139,1905,1993,1958,1934,1963],"class_list":{"0":"post-1463","1":"product","2":"type-product","3":"status-publish","4":"has-post-thumbnail","6":"product_brand-atlaspool","7":"product_cat-sus-havuzu-aydinlatma-lambalari","8":"product_tag-12v-havuz-armaturu","9":"product_tag-dekoratif-havuz-lambasi","10":"product_tag-ip68-led-armatur","11":"product_tag-kovanli-tip-lamba","12":"product_tag-led-havuz-aydinlatmasi","13":"product_tag-paslanmaz-havuz-lambasi","14":"product_tag-peyzaj-aydinlatma","15":"product_tag-rgb-havuz-lambasi","16":"product_tag-sus-havuzu-lambasi","17":"product_tag-tek-renk-havuz-lambasi","18":"desktop-align-left","19":"tablet-align-left","20":"mobile-align-left","22":"first","23":"instock","24":"shipping-taxable","25":"purchasable","26":"product-type-variable"},"yoast_head":"<!-- This site is optimized with the Yoast SEO plugin v25.0 - https:\/\/yoast.com\/wordpress\/plugins\/seo\/ -->\n<title>\u00d6zenli Kovanl\u0131 Tip Ledli Armat\u00fcr -<\/title>\n<meta name=\"robots\" content=\"index, follow, max-snippet:-1, max-image-preview:large, max-video-preview:-1\" \/>\n<link rel=\"canonical\" href=\"https:\/\/www.havuzadairhersey.com\/index.php\/urun\/ozenli-kovanli-tip-ledli-armatur\/\" \/>\n<meta property=\"og:locale\" content=\"tr_TR\" \/>\n<meta property=\"og:type\" content=\"article\" \/>\n<meta property=\"og:title\" content=\"\u00d6zenli Kovanl\u0131 Tip Ledli Armat\u00fcr -\" \/>\n<meta property=\"og:description\" content=\"Suya dayan\u0131kl\u0131 kovanl\u0131 tip, 6W\u201310W aras\u0131 RGB ve tek renk se\u00e7enekli LED s\u00fcs havuzu lambas\u0131.\" \/>\n<meta property=\"og:url\" content=\"https:\/\/www.havuzadairhersey.com\/index.php\/urun\/ozenli-kovanli-tip-ledli-armatur\/\" \/>\n<meta property=\"article:modified_time\" content=\"2025-04-13T16:02:42+00:00\" \/>\n<meta property=\"og:image\" content=\"https:\/\/www.havuzadairhersey.com\/wp-content\/uploads\/2025\/04\/1-149.png\" \/>\n\t<meta property=\"og:image:width\" content=\"1875\" \/>\n\t<meta property=\"og:image:height\" content=\"2500\" \/>\n\t<meta property=\"og:image:type\" content=\"image\/png\" \/>\n<meta name=\"twitter:card\" content=\"summary_large_image\" \/>\n<meta name=\"twitter:label1\" content=\"Tahmini okuma s\u00fcresi\" \/>\n\t<meta name=\"twitter:data1\" content=\"1 dakika\" \/>\n<script type=\"application\/ld+json\" class=\"yoast-schema-graph\">{\"@context\":\"https:\/\/schema.org\",\"@graph\":[{\"@type\":\"WebPage\",\"@id\":\"https:\/\/www.havuzadairhersey.com\/index.php\/urun\/ozenli-kovanli-tip-ledli-armatur\/\",\"url\":\"https:\/\/www.havuzadairhersey.com\/index.php\/urun\/ozenli-kovanli-tip-ledli-armatur\/\",\"name\":\"\u00d6zenli Kovanl\u0131 Tip Ledli Armat\u00fcr -\",\"isPartOf\":{\"@id\":\"https:\/\/www.havuzadairhersey.com\/#website\"},\"primaryImageOfPage\":{\"@id\":\"https:\/\/www.havuzadairhersey.com\/index.php\/urun\/ozenli-kovanli-tip-ledli-armatur\/#primaryimage\"},\"image\":{\"@id\":\"https:\/\/www.havuzadairhersey.com\/index.php\/urun\/ozenli-kovanli-tip-ledli-armatur\/#primaryimage\"},\"thumbnailUrl\":\"https:\/\/www.havuzadairhersey.com\/wp-content\/uploads\/2025\/04\/1-149.png\",\"datePublished\":\"2025-04-13T16:02:41+00:00\",\"dateModified\":\"2025-04-13T16:02:42+00:00\",\"breadcrumb\":{\"@id\":\"https:\/\/www.havuzadairhersey.com\/index.php\/urun\/ozenli-kovanli-tip-ledli-armatur\/#breadcrumb\"},\"inLanguage\":\"tr\",\"potentialAction\":[{\"@type\":\"ReadAction\",\"target\":[\"https:\/\/www.havuzadairhersey.com\/index.php\/urun\/ozenli-kovanli-tip-ledli-armatur\/\"]}]},{\"@type\":\"ImageObject\",\"inLanguage\":\"tr\",\"@id\":\"https:\/\/www.havuzadairhersey.com\/index.php\/urun\/ozenli-kovanli-tip-ledli-armatur\/#primaryimage\",\"url\":\"https:\/\/www.havuzadairhersey.com\/wp-content\/uploads\/2025\/04\/1-149.png\",\"contentUrl\":\"https:\/\/www.havuzadairhersey.com\/wp-content\/uploads\/2025\/04\/1-149.png\",\"width\":1875,\"height\":2500,\"caption\":\"12V AC\/DC, 6W\u201310W aras\u0131 RGB ve tek renk LED armat\u00fcr\"},{\"@type\":\"BreadcrumbList\",\"@id\":\"https:\/\/www.havuzadairhersey.com\/index.php\/urun\/ozenli-kovanli-tip-ledli-armatur\/#breadcrumb\",\"itemListElement\":[{\"@type\":\"ListItem\",\"position\":1,\"name\":\"Anasayfa\",\"item\":\"https:\/\/www.havuzadairhersey.com\/\"},{\"@type\":\"ListItem\",\"position\":2,\"name\":\"Ma\u011faza\",\"item\":\"https:\/\/www.havuzadairhersey.com\/\"},{\"@type\":\"ListItem\",\"position\":3,\"name\":\"\u00d6zenli Kovanl\u0131 Tip Ledli Armat\u00fcr\"}]},{\"@type\":\"WebSite\",\"@id\":\"https:\/\/www.havuzadairhersey.com\/#website\",\"url\":\"https:\/\/www.havuzadairhersey.com\/\",\"name\":\"\",\"description\":\"Havuza dair arad\u0131\u011f\u0131n\u0131z her\u015fey burada...\",\"potentialAction\":[{\"@type\":\"SearchAction\",\"target\":{\"@type\":\"EntryPoint\",\"urlTemplate\":\"https:\/\/www.havuzadairhersey.com\/?s={search_term_string}\"},\"query-input\":{\"@type\":\"PropertyValueSpecification\",\"valueRequired\":true,\"valueName\":\"search_term_string\"}}],\"inLanguage\":\"tr\"}]}<\/script>\n<!-- \/ Yoast SEO plugin. -->","yoast_head_json":{"title":"\u00d6zenli Kovanl\u0131 Tip Ledli Armat\u00fcr -","robots":{"index":"index","follow":"follow","max-snippet":"max-snippet:-1","max-image-preview":"max-image-preview:large","max-video-preview":"max-video-preview:-1"},"canonical":"https:\/\/www.havuzadairhersey.com\/index.php\/urun\/ozenli-kovanli-tip-ledli-armatur\/","og_locale":"tr_TR","og_type":"article","og_title":"\u00d6zenli Kovanl\u0131 Tip Ledli Armat\u00fcr -","og_description":"Suya dayan\u0131kl\u0131 kovanl\u0131 tip, 6W\u201310W aras\u0131 RGB ve tek renk se\u00e7enekli LED s\u00fcs havuzu lambas\u0131.","og_url":"https:\/\/www.havuzadairhersey.com\/index.php\/urun\/ozenli-kovanli-tip-ledli-armatur\/","article_modified_time":"2025-04-13T16:02:42+00:00","og_image":[{"width":1875,"height":2500,"url":"https:\/\/www.havuzadairhersey.com\/wp-content\/uploads\/2025\/04\/1-149.png","type":"image\/png"}],"twitter_card":"summary_large_image","twitter_misc":{"Tahmini okuma s\u00fcresi":"1 dakika"},"schema":{"@context":"https:\/\/schema.org","@graph":[{"@type":"WebPage","@id":"https:\/\/www.havuzadairhersey.com\/index.php\/urun\/ozenli-kovanli-tip-ledli-armatur\/","url":"https:\/\/www.havuzadairhersey.com\/index.php\/urun\/ozenli-kovanli-tip-ledli-armatur\/","name":"\u00d6zenli Kovanl\u0131 Tip Ledli Armat\u00fcr -","isPartOf":{"@id":"https:\/\/www.havuzadairhersey.com\/#website"},"primaryImageOfPage":{"@id":"https:\/\/www.havuzadairhersey.com\/index.php\/urun\/ozenli-kovanli-tip-ledli-armatur\/#primaryimage"},"image":{"@id":"https:\/\/www.havuzadairhersey.com\/index.php\/urun\/ozenli-kovanli-tip-ledli-armatur\/#primaryimage"},"thumbnailUrl":"https:\/\/www.havuzadairhersey.com\/wp-content\/uploads\/2025\/04\/1-149.png","datePublished":"2025-04-13T16:02:41+00:00","dateModified":"2025-04-13T16:02:42+00:00","breadcrumb":{"@id":"https:\/\/www.havuzadairhersey.com\/index.php\/urun\/ozenli-kovanli-tip-ledli-armatur\/#breadcrumb"},"inLanguage":"tr","potentialAction":[{"@type":"ReadAction","target":["https:\/\/www.havuzadairhersey.com\/index.php\/urun\/ozenli-kovanli-tip-ledli-armatur\/"]}]},{"@type":"ImageObject","inLanguage":"tr","@id":"https:\/\/www.havuzadairhersey.com\/index.php\/urun\/ozenli-kovanli-tip-ledli-armatur\/#primaryimage","url":"https:\/\/www.havuzadairhersey.com\/wp-content\/uploads\/2025\/04\/1-149.png","contentUrl":"https:\/\/www.havuzadairhersey.com\/wp-content\/uploads\/2025\/04\/1-149.png","width":1875,"height":2500,"caption":"12V AC\/DC, 6W\u201310W aras\u0131 RGB ve tek renk LED armat\u00fcr"},{"@type":"BreadcrumbList","@id":"https:\/\/www.havuzadairhersey.com\/index.php\/urun\/ozenli-kovanli-tip-ledli-armatur\/#breadcrumb","itemListElement":[{"@type":"ListItem","position":1,"name":"Anasayfa","item":"https:\/\/www.havuzadairhersey.com\/"},{"@type":"ListItem","position":2,"name":"Ma\u011faza","item":"https:\/\/www.havuzadairhersey.com\/"},{"@type":"ListItem","position":3,"name":"\u00d6zenli Kovanl\u0131 Tip Ledli Armat\u00fcr"}]},{"@type":"WebSite","@id":"https:\/\/www.havuzadairhersey.com\/#website","url":"https:\/\/www.havuzadairhersey.com\/","name":"","description":"Havuza dair arad\u0131\u011f\u0131n\u0131z her\u015fey burada...","potentialAction":[{"@type":"SearchAction","target":{"@type":"EntryPoint","urlTemplate":"https:\/\/www.havuzadairhersey.com\/?s={search_term_string}"},"query-input":{"@type":"PropertyValueSpecification","valueRequired":true,"valueName":"search_term_string"}}],"inLanguage":"tr"}]}},"_links":{"self":[{"href":"https:\/\/www.havuzadairhersey.com\/index.php\/wp-json\/wp\/v2\/product\/1463","targetHints":{"allow":["GET"]}}],"collection":[{"href":"https:\/\/www.havuzadairhersey.com\/index.php\/wp-json\/wp\/v2\/product"}],"about":[{"href":"https:\/\/www.havuzadairhersey.com\/index.php\/wp-json\/wp\/v2\/types\/product"}],"replies":[{"embeddable":true,"href":"https:\/\/www.havuzadairhersey.com\/index.php\/wp-json\/wp\/v2\/comments?post=1463"}],"wp:featuredmedia":[{"embeddable":true,"href":"https:\/\/www.havuzadairhersey.com\/index.php\/wp-json\/wp\/v2\/media\/1464"}],"wp:attachment":[{"href":"https:\/\/www.havuzadairhersey.com\/index.php\/wp-json\/wp\/v2\/media?parent=1463"}],"wp:term":[{"taxonomy":"product_brand","embeddable":true,"href":"https:\/\/www.havuzadairhersey.com\/index.php\/wp-json\/wp\/v2\/product_brand?post=1463"},{"taxonomy":"product_cat","embeddable":true,"href":"https:\/\/www.havuzadairhersey.com\/index.php\/wp-json\/wp\/v2\/product_cat?post=1463"},{"taxonomy":"product_tag","embeddable":true,"href":"https:\/\/www.havuzadairhersey.com\/index.php\/wp-json\/wp\/v2\/product_tag?post=1463"}],"curies":[{"name":"wp","href":"https:\/\/api.w.org\/{rel}","templated":true}]}}