{"id":1520,"date":"2025-04-13T19:59:03","date_gmt":"2025-04-13T16:59:03","guid":{"rendered":"https:\/\/www.havuzadairhersey.com\/?post_type=product&#038;p=1520"},"modified":"2025-04-13T19:59:04","modified_gmt":"2025-04-13T16:59:04","slug":"gayzer-su-kopugu-nozullari","status":"publish","type":"product","link":"https:\/\/www.havuzadairhersey.com\/index.php\/urun\/gayzer-su-kopugu-nozullari\/","title":{"rendered":"Gayzer Su K\u00f6p\u00fc\u011f\u00fc Nozullar\u0131"},"content":{"rendered":"<p>Paslanmaz \u00e7elikten \u00fcretilen gayzer su k\u00f6p\u00fc\u011f\u00fc nozullar\u0131, y\u00fcksek debili ve g\u00f6steri\u015fli su efekti isteyen f\u0131skiye sistemleri i\u00e7in ideal \u00e7\u00f6z\u00fcmler sunar. 1\u201d ila 3\u201d aras\u0131 giri\u015f \u00f6l\u00e7\u00fclerine sahip 5 farkl\u0131 model mevcuttur: 20T, 40T, 60T, 80T ve 100T. \u00d6zellikle b\u00fcy\u00fck ve dekoratif havuz projelerinde tercih edilen bu nozullar, g\u00f6rsel \u015f\u00f6len sunan k\u00f6p\u00fckl\u00fc su jetleri ile etkileyici peyzaj tasar\u0131mlar\u0131n\u0131n vazge\u00e7ilmezidir.<br \/>\nSu seviyesi ile ba\u011f\u0131ms\u0131z \u00e7al\u0131\u015fabilirlik ve y\u00fcksek performansl\u0131 \u00e7\u0131k\u0131\u015f sayesinde uzun s\u00fcreli ve g\u00fcvenilir kullan\u0131m sa\u011flar.<\/p>\n","protected":false},"excerpt":{"rendered":"<p>Y\u00fcksek debili paslanmaz \u00e7elik gayzer su k\u00f6p\u00fc\u011f\u00fc nozulu \u2013 1\u201d\u20133\u201d aras\u0131 giri\u015fli, dekoratif f\u0131skiye uygulamalar\u0131 i\u00e7in.<\/p>\n","protected":false},"featured_media":1521,"comment_status":"open","ping_status":"closed","template":"","meta":{"site-sidebar-layout":"default","site-content-layout":"","ast-site-content-layout":"default","site-content-style":"default","site-sidebar-style":"default","ast-global-header-display":"","ast-banner-title-visibility":"","ast-main-header-display":"","ast-hfb-above-header-display":"","ast-hfb-below-header-display":"","ast-hfb-mobile-header-display":"","site-post-title":"","ast-breadcrumbs-content":"","ast-featured-img":"","footer-sml-layout":"","theme-transparent-header-meta":"default","adv-header-id-meta":"","stick-header-meta":"","header-above-stick-meta":"","header-main-stick-meta":"","header-below-stick-meta":"","astra-migrate-meta-layouts":"set","ast-page-background-enabled":"default","ast-page-background-meta":{"desktop":{"background-color":"var(--ast-global-color-5)","background-image":"","background-repeat":"repeat","background-position":"center center","background-size":"auto","background-attachment":"scroll","background-type":"","background-media":"","overlay-type":"","overlay-color":"","overlay-opacity":"","overlay-gradient":""},"tablet":{"background-color":"","background-image":"","background-repeat":"repeat","background-position":"center center","background-size":"auto","background-attachment":"scroll","background-type":"","background-media":"","overlay-type":"","overlay-color":"","overlay-opacity":"","overlay-gradient":""},"mobile":{"background-color":"","background-image":"","background-repeat":"repeat","background-position":"center center","background-size":"auto","background-attachment":"scroll","background-type":"","background-media":"","overlay-type":"","overlay-color":"","overlay-opacity":"","overlay-gradient":""}},"ast-content-background-meta":{"desktop":{"background-color":"var(--ast-global-color-4)","background-image":"","background-repeat":"repeat","background-position":"center center","background-size":"auto","background-attachment":"scroll","background-type":"","background-media":"","overlay-type":"","overlay-color":"","overlay-opacity":"","overlay-gradient":""},"tablet":{"background-color":"var(--ast-global-color-4)","background-image":"","background-repeat":"repeat","background-position":"center center","background-size":"auto","background-attachment":"scroll","background-type":"","background-media":"","overlay-type":"","overlay-color":"","overlay-opacity":"","overlay-gradient":""},"mobile":{"background-color":"var(--ast-global-color-4)","background-image":"","background-repeat":"repeat","background-position":"center center","background-size":"auto","background-attachment":"scroll","background-type":"","background-media":"","overlay-type":"","overlay-color":"","overlay-opacity":"","overlay-gradient":""}}},"product_brand":[30],"product_cat":[1900],"product_tag":[2073,2072,1927,2069,2070,776,2071,2074,2068],"class_list":{"0":"post-1520","1":"product","2":"type-product","3":"status-publish","4":"has-post-thumbnail","6":"product_brand-atlaspool","7":"product_cat-sus-havuzu-aydinlatma-lambalari","8":"product_tag-100t-kopuklu-fiskiye","9":"product_tag-20t-su-kopugu","10":"product_tag-fiskiye-ekipmani","11":"product_tag-fiskiye-nozulu","12":"product_tag-gayzer-nozulu","13":"product_tag-havuz-nozulu","14":"product_tag-paslanmaz-nozullar","15":"product_tag-peyzaj-fiskiye-nozul","16":"product_tag-su-kopugu-nozulu","17":"desktop-align-left","18":"tablet-align-left","19":"mobile-align-left","21":"first","22":"instock","23":"shipping-taxable","24":"purchasable","25":"product-type-variable"},"yoast_head":"<!-- This site is optimized with the Yoast SEO plugin v25.0 - https:\/\/yoast.com\/wordpress\/plugins\/seo\/ -->\n<title>Gayzer Su K\u00f6p\u00fc\u011f\u00fc Nozullar\u0131 -<\/title>\n<meta name=\"robots\" content=\"index, follow, max-snippet:-1, max-image-preview:large, max-video-preview:-1\" \/>\n<link rel=\"canonical\" href=\"https:\/\/www.havuzadairhersey.com\/index.php\/urun\/gayzer-su-kopugu-nozullari\/\" \/>\n<meta property=\"og:locale\" content=\"tr_TR\" \/>\n<meta property=\"og:type\" content=\"article\" \/>\n<meta property=\"og:title\" content=\"Gayzer Su K\u00f6p\u00fc\u011f\u00fc Nozullar\u0131 -\" \/>\n<meta property=\"og:description\" content=\"Y\u00fcksek debili paslanmaz \u00e7elik gayzer su k\u00f6p\u00fc\u011f\u00fc nozulu \u2013 1\u201d\u20133\u201d aras\u0131 giri\u015fli, dekoratif f\u0131skiye uygulamalar\u0131 i\u00e7in.\" \/>\n<meta property=\"og:url\" content=\"https:\/\/www.havuzadairhersey.com\/index.php\/urun\/gayzer-su-kopugu-nozullari\/\" \/>\n<meta property=\"article:modified_time\" content=\"2025-04-13T16:59:04+00:00\" \/>\n<meta property=\"og:image\" content=\"https:\/\/www.havuzadairhersey.com\/wp-content\/uploads\/2025\/04\/1-155.png\" \/>\n\t<meta property=\"og:image:width\" content=\"1875\" \/>\n\t<meta property=\"og:image:height\" content=\"2500\" \/>\n\t<meta property=\"og:image:type\" content=\"image\/png\" \/>\n<meta name=\"twitter:card\" content=\"summary_large_image\" \/>\n<script type=\"application\/ld+json\" class=\"yoast-schema-graph\">{\"@context\":\"https:\/\/schema.org\",\"@graph\":[{\"@type\":\"WebPage\",\"@id\":\"https:\/\/www.havuzadairhersey.com\/index.php\/urun\/gayzer-su-kopugu-nozullari\/\",\"url\":\"https:\/\/www.havuzadairhersey.com\/index.php\/urun\/gayzer-su-kopugu-nozullari\/\",\"name\":\"Gayzer Su K\u00f6p\u00fc\u011f\u00fc Nozullar\u0131 -\",\"isPartOf\":{\"@id\":\"https:\/\/www.havuzadairhersey.com\/#website\"},\"primaryImageOfPage\":{\"@id\":\"https:\/\/www.havuzadairhersey.com\/index.php\/urun\/gayzer-su-kopugu-nozullari\/#primaryimage\"},\"image\":{\"@id\":\"https:\/\/www.havuzadairhersey.com\/index.php\/urun\/gayzer-su-kopugu-nozullari\/#primaryimage\"},\"thumbnailUrl\":\"https:\/\/www.havuzadairhersey.com\/wp-content\/uploads\/2025\/04\/1-155.png\",\"datePublished\":\"2025-04-13T16:59:03+00:00\",\"dateModified\":\"2025-04-13T16:59:04+00:00\",\"breadcrumb\":{\"@id\":\"https:\/\/www.havuzadairhersey.com\/index.php\/urun\/gayzer-su-kopugu-nozullari\/#breadcrumb\"},\"inLanguage\":\"tr\",\"potentialAction\":[{\"@type\":\"ReadAction\",\"target\":[\"https:\/\/www.havuzadairhersey.com\/index.php\/urun\/gayzer-su-kopugu-nozullari\/\"]}]},{\"@type\":\"ImageObject\",\"inLanguage\":\"tr\",\"@id\":\"https:\/\/www.havuzadairhersey.com\/index.php\/urun\/gayzer-su-kopugu-nozullari\/#primaryimage\",\"url\":\"https:\/\/www.havuzadairhersey.com\/wp-content\/uploads\/2025\/04\/1-155.png\",\"contentUrl\":\"https:\/\/www.havuzadairhersey.com\/wp-content\/uploads\/2025\/04\/1-155.png\",\"width\":1875,\"height\":2500,\"caption\":\"Paslanmaz \u00e7elikten \u00fcretilmi\u015f dekoratif k\u00f6p\u00fck efekti sa\u011flayan gayzer nozullar\u0131\"},{\"@type\":\"BreadcrumbList\",\"@id\":\"https:\/\/www.havuzadairhersey.com\/index.php\/urun\/gayzer-su-kopugu-nozullari\/#breadcrumb\",\"itemListElement\":[{\"@type\":\"ListItem\",\"position\":1,\"name\":\"Anasayfa\",\"item\":\"https:\/\/www.havuzadairhersey.com\/\"},{\"@type\":\"ListItem\",\"position\":2,\"name\":\"Ma\u011faza\",\"item\":\"https:\/\/www.havuzadairhersey.com\/\"},{\"@type\":\"ListItem\",\"position\":3,\"name\":\"Gayzer Su K\u00f6p\u00fc\u011f\u00fc Nozullar\u0131\"}]},{\"@type\":\"WebSite\",\"@id\":\"https:\/\/www.havuzadairhersey.com\/#website\",\"url\":\"https:\/\/www.havuzadairhersey.com\/\",\"name\":\"\",\"description\":\"Havuza dair arad\u0131\u011f\u0131n\u0131z her\u015fey burada...\",\"potentialAction\":[{\"@type\":\"SearchAction\",\"target\":{\"@type\":\"EntryPoint\",\"urlTemplate\":\"https:\/\/www.havuzadairhersey.com\/?s={search_term_string}\"},\"query-input\":{\"@type\":\"PropertyValueSpecification\",\"valueRequired\":true,\"valueName\":\"search_term_string\"}}],\"inLanguage\":\"tr\"}]}<\/script>\n<!-- \/ Yoast SEO plugin. -->","yoast_head_json":{"title":"Gayzer Su K\u00f6p\u00fc\u011f\u00fc Nozullar\u0131 -","robots":{"index":"index","follow":"follow","max-snippet":"max-snippet:-1","max-image-preview":"max-image-preview:large","max-video-preview":"max-video-preview:-1"},"canonical":"https:\/\/www.havuzadairhersey.com\/index.php\/urun\/gayzer-su-kopugu-nozullari\/","og_locale":"tr_TR","og_type":"article","og_title":"Gayzer Su K\u00f6p\u00fc\u011f\u00fc Nozullar\u0131 -","og_description":"Y\u00fcksek debili paslanmaz \u00e7elik gayzer su k\u00f6p\u00fc\u011f\u00fc nozulu \u2013 1\u201d\u20133\u201d aras\u0131 giri\u015fli, dekoratif f\u0131skiye uygulamalar\u0131 i\u00e7in.","og_url":"https:\/\/www.havuzadairhersey.com\/index.php\/urun\/gayzer-su-kopugu-nozullari\/","article_modified_time":"2025-04-13T16:59:04+00:00","og_image":[{"width":1875,"height":2500,"url":"https:\/\/www.havuzadairhersey.com\/wp-content\/uploads\/2025\/04\/1-155.png","type":"image\/png"}],"twitter_card":"summary_large_image","schema":{"@context":"https:\/\/schema.org","@graph":[{"@type":"WebPage","@id":"https:\/\/www.havuzadairhersey.com\/index.php\/urun\/gayzer-su-kopugu-nozullari\/","url":"https:\/\/www.havuzadairhersey.com\/index.php\/urun\/gayzer-su-kopugu-nozullari\/","name":"Gayzer Su K\u00f6p\u00fc\u011f\u00fc Nozullar\u0131 -","isPartOf":{"@id":"https:\/\/www.havuzadairhersey.com\/#website"},"primaryImageOfPage":{"@id":"https:\/\/www.havuzadairhersey.com\/index.php\/urun\/gayzer-su-kopugu-nozullari\/#primaryimage"},"image":{"@id":"https:\/\/www.havuzadairhersey.com\/index.php\/urun\/gayzer-su-kopugu-nozullari\/#primaryimage"},"thumbnailUrl":"https:\/\/www.havuzadairhersey.com\/wp-content\/uploads\/2025\/04\/1-155.png","datePublished":"2025-04-13T16:59:03+00:00","dateModified":"2025-04-13T16:59:04+00:00","breadcrumb":{"@id":"https:\/\/www.havuzadairhersey.com\/index.php\/urun\/gayzer-su-kopugu-nozullari\/#breadcrumb"},"inLanguage":"tr","potentialAction":[{"@type":"ReadAction","target":["https:\/\/www.havuzadairhersey.com\/index.php\/urun\/gayzer-su-kopugu-nozullari\/"]}]},{"@type":"ImageObject","inLanguage":"tr","@id":"https:\/\/www.havuzadairhersey.com\/index.php\/urun\/gayzer-su-kopugu-nozullari\/#primaryimage","url":"https:\/\/www.havuzadairhersey.com\/wp-content\/uploads\/2025\/04\/1-155.png","contentUrl":"https:\/\/www.havuzadairhersey.com\/wp-content\/uploads\/2025\/04\/1-155.png","width":1875,"height":2500,"caption":"Paslanmaz \u00e7elikten \u00fcretilmi\u015f dekoratif k\u00f6p\u00fck efekti sa\u011flayan gayzer nozullar\u0131"},{"@type":"BreadcrumbList","@id":"https:\/\/www.havuzadairhersey.com\/index.php\/urun\/gayzer-su-kopugu-nozullari\/#breadcrumb","itemListElement":[{"@type":"ListItem","position":1,"name":"Anasayfa","item":"https:\/\/www.havuzadairhersey.com\/"},{"@type":"ListItem","position":2,"name":"Ma\u011faza","item":"https:\/\/www.havuzadairhersey.com\/"},{"@type":"ListItem","position":3,"name":"Gayzer Su K\u00f6p\u00fc\u011f\u00fc Nozullar\u0131"}]},{"@type":"WebSite","@id":"https:\/\/www.havuzadairhersey.com\/#website","url":"https:\/\/www.havuzadairhersey.com\/","name":"","description":"Havuza dair arad\u0131\u011f\u0131n\u0131z her\u015fey burada...","potentialAction":[{"@type":"SearchAction","target":{"@type":"EntryPoint","urlTemplate":"https:\/\/www.havuzadairhersey.com\/?s={search_term_string}"},"query-input":{"@type":"PropertyValueSpecification","valueRequired":true,"valueName":"search_term_string"}}],"inLanguage":"tr"}]}},"_links":{"self":[{"href":"https:\/\/www.havuzadairhersey.com\/index.php\/wp-json\/wp\/v2\/product\/1520","targetHints":{"allow":["GET"]}}],"collection":[{"href":"https:\/\/www.havuzadairhersey.com\/index.php\/wp-json\/wp\/v2\/product"}],"about":[{"href":"https:\/\/www.havuzadairhersey.com\/index.php\/wp-json\/wp\/v2\/types\/product"}],"replies":[{"embeddable":true,"href":"https:\/\/www.havuzadairhersey.com\/index.php\/wp-json\/wp\/v2\/comments?post=1520"}],"wp:featuredmedia":[{"embeddable":true,"href":"https:\/\/www.havuzadairhersey.com\/index.php\/wp-json\/wp\/v2\/media\/1521"}],"wp:attachment":[{"href":"https:\/\/www.havuzadairhersey.com\/index.php\/wp-json\/wp\/v2\/media?parent=1520"}],"wp:term":[{"taxonomy":"product_brand","embeddable":true,"href":"https:\/\/www.havuzadairhersey.com\/index.php\/wp-json\/wp\/v2\/product_brand?post=1520"},{"taxonomy":"product_cat","embeddable":true,"href":"https:\/\/www.havuzadairhersey.com\/index.php\/wp-json\/wp\/v2\/product_cat?post=1520"},{"taxonomy":"product_tag","embeddable":true,"href":"https:\/\/www.havuzadairhersey.com\/index.php\/wp-json\/wp\/v2\/product_tag?post=1520"}],"curies":[{"name":"wp","href":"https:\/\/api.w.org\/{rel}","templated":true}]}}