{"id":1535,"date":"2025-04-13T20:25:13","date_gmt":"2025-04-13T17:25:13","guid":{"rendered":"https:\/\/www.havuzadairhersey.com\/?post_type=product&#038;p=1535"},"modified":"2025-04-13T20:25:13","modified_gmt":"2025-04-13T17:25:13","slug":"film-ve-parmak-yelpaze","status":"publish","type":"product","link":"https:\/\/www.havuzadairhersey.com\/index.php\/urun\/film-ve-parmak-yelpaze\/","title":{"rendered":"Film ve Parmak Yelpaze"},"content":{"rendered":"<p>Film ve Parmak Yelpaze Nozullar, s\u00fcs havuzlar\u0131nda estetik su desenleri olu\u015fturmak i\u00e7in tasarlanm\u0131\u015f \u00f6zel f\u0131skiye u\u00e7lar\u0131d\u0131r. Hem paslanmaz \u00e7elik hem de pirin\u00e7 d\u00f6k\u00fcm malzeme se\u00e7enekleriyle sunulan bu nozullar, film \u015feklinde geni\u015f su perdesi veya parmak \u015feklinde \u00e7oklu su \u00e7\u0131k\u0131\u015f\u0131 sa\u011flayarak farkl\u0131 g\u00f6rsel efektler yarat\u0131r. \u00d6zellikle \u0131\u015f\u0131kland\u0131rma ile birlikte kullan\u0131ld\u0131\u011f\u0131nda gece etkileyici bir ambiyans olu\u015fturur.<br \/>\nT\u00fcm modeller 1&#8243; ba\u011flant\u0131 giri\u015fine sahiptir ve kullan\u0131m alan\u0131na g\u00f6re 7&#8217;li ya da 19&#8217;lu \u00e7\u0131k\u0131\u015fl\u0131 se\u00e7eneklerle tercih edilebilir. Dayan\u0131kl\u0131 yap\u0131s\u0131 sayesinde hem i\u00e7 hem d\u0131\u015f mekanlarda uzun \u00f6m\u00fcrl\u00fc kullan\u0131m sunar.<\/p>\n","protected":false},"excerpt":{"rendered":"<p>Paslanmaz \u00e7elik ve pirin\u00e7 d\u00f6k\u00fcmden \u00fcretilmi\u015f estetik su g\u00f6r\u00fcnt\u00fcs\u00fc sunan Film ve Parmak Yelpaze Nozullar, 1&#8243; ba\u011flant\u0131 ve farkl\u0131 \u00e7\u0131k\u0131\u015fl\u0131 modellerle sat\u0131\u015fta.<\/p>\n","protected":false},"featured_media":1536,"comment_status":"open","ping_status":"closed","template":"","meta":{"site-sidebar-layout":"default","site-content-layout":"","ast-site-content-layout":"default","site-content-style":"default","site-sidebar-style":"default","ast-global-header-display":"","ast-banner-title-visibility":"","ast-main-header-display":"","ast-hfb-above-header-display":"","ast-hfb-below-header-display":"","ast-hfb-mobile-header-display":"","site-post-title":"","ast-breadcrumbs-content":"","ast-featured-img":"","footer-sml-layout":"","theme-transparent-header-meta":"default","adv-header-id-meta":"","stick-header-meta":"","header-above-stick-meta":"","header-main-stick-meta":"","header-below-stick-meta":"","astra-migrate-meta-layouts":"set","ast-page-background-enabled":"default","ast-page-background-meta":{"desktop":{"background-color":"var(--ast-global-color-5)","background-image":"","background-repeat":"repeat","background-position":"center center","background-size":"auto","background-attachment":"scroll","background-type":"","background-media":"","overlay-type":"","overlay-color":"","overlay-opacity":"","overlay-gradient":""},"tablet":{"background-color":"","background-image":"","background-repeat":"repeat","background-position":"center center","background-size":"auto","background-attachment":"scroll","background-type":"","background-media":"","overlay-type":"","overlay-color":"","overlay-opacity":"","overlay-gradient":""},"mobile":{"background-color":"","background-image":"","background-repeat":"repeat","background-position":"center center","background-size":"auto","background-attachment":"scroll","background-type":"","background-media":"","overlay-type":"","overlay-color":"","overlay-opacity":"","overlay-gradient":""}},"ast-content-background-meta":{"desktop":{"background-color":"var(--ast-global-color-4)","background-image":"","background-repeat":"repeat","background-position":"center center","background-size":"auto","background-attachment":"scroll","background-type":"","background-media":"","overlay-type":"","overlay-color":"","overlay-opacity":"","overlay-gradient":""},"tablet":{"background-color":"var(--ast-global-color-4)","background-image":"","background-repeat":"repeat","background-position":"center center","background-size":"auto","background-attachment":"scroll","background-type":"","background-media":"","overlay-type":"","overlay-color":"","overlay-opacity":"","overlay-gradient":""},"mobile":{"background-color":"var(--ast-global-color-4)","background-image":"","background-repeat":"repeat","background-position":"center center","background-size":"auto","background-attachment":"scroll","background-type":"","background-media":"","overlay-type":"","overlay-color":"","overlay-opacity":"","overlay-gradient":""}}},"product_brand":[30],"product_cat":[1900],"product_tag":[2082,2094,2088,2090,2038,2089,2091,2092,2045,2093],"class_list":{"0":"post-1535","1":"product","2":"type-product","3":"status-publish","4":"has-post-thumbnail","6":"product_brand-atlaspool","7":"product_cat-sus-havuzu-aydinlatma-lambalari","8":"product_tag-1-inc-nozul","9":"product_tag-dekoratif-fiskiye-nozulu","10":"product_tag-film-yelpaze-nozulu","11":"product_tag-havuz-fiskiyesi","12":"product_tag-havuz-su-efekti","13":"product_tag-parmak-yelpaze-nozulu","14":"product_tag-paslanmaz-fiskiye-ucu","15":"product_tag-pirinc-yelpaze-fiskiye","16":"product_tag-sus-havuzu-nozulu","17":"product_tag-yelpaze-su-jeti","18":"desktop-align-left","19":"tablet-align-left","20":"mobile-align-left","22":"first","23":"instock","24":"shipping-taxable","25":"purchasable","26":"product-type-variable"},"yoast_head":"<!-- This site is optimized with the Yoast SEO plugin v25.0 - https:\/\/yoast.com\/wordpress\/plugins\/seo\/ -->\n<title>Film ve Parmak Yelpaze -<\/title>\n<meta name=\"robots\" content=\"index, follow, max-snippet:-1, max-image-preview:large, max-video-preview:-1\" \/>\n<link rel=\"canonical\" href=\"https:\/\/www.havuzadairhersey.com\/index.php\/urun\/film-ve-parmak-yelpaze\/\" \/>\n<meta property=\"og:locale\" content=\"tr_TR\" \/>\n<meta property=\"og:type\" content=\"article\" \/>\n<meta property=\"og:title\" content=\"Film ve Parmak Yelpaze -\" \/>\n<meta property=\"og:description\" content=\"Paslanmaz \u00e7elik ve pirin\u00e7 d\u00f6k\u00fcmden \u00fcretilmi\u015f estetik su g\u00f6r\u00fcnt\u00fcs\u00fc sunan Film ve Parmak Yelpaze Nozullar, 1&quot; ba\u011flant\u0131 ve farkl\u0131 \u00e7\u0131k\u0131\u015fl\u0131 modellerle sat\u0131\u015fta.\" \/>\n<meta property=\"og:url\" content=\"https:\/\/www.havuzadairhersey.com\/index.php\/urun\/film-ve-parmak-yelpaze\/\" \/>\n<meta property=\"og:image\" content=\"https:\/\/www.havuzadairhersey.com\/wp-content\/uploads\/2025\/04\/1-157.png\" \/>\n\t<meta property=\"og:image:width\" content=\"1875\" \/>\n\t<meta property=\"og:image:height\" content=\"2500\" \/>\n\t<meta property=\"og:image:type\" content=\"image\/png\" \/>\n<meta name=\"twitter:card\" content=\"summary_large_image\" \/>\n<meta name=\"twitter:label1\" content=\"Tahmini okuma s\u00fcresi\" \/>\n\t<meta name=\"twitter:data1\" content=\"1 dakika\" \/>\n<script type=\"application\/ld+json\" class=\"yoast-schema-graph\">{\"@context\":\"https:\/\/schema.org\",\"@graph\":[{\"@type\":\"WebPage\",\"@id\":\"https:\/\/www.havuzadairhersey.com\/index.php\/urun\/film-ve-parmak-yelpaze\/\",\"url\":\"https:\/\/www.havuzadairhersey.com\/index.php\/urun\/film-ve-parmak-yelpaze\/\",\"name\":\"Film ve Parmak Yelpaze -\",\"isPartOf\":{\"@id\":\"https:\/\/www.havuzadairhersey.com\/#website\"},\"primaryImageOfPage\":{\"@id\":\"https:\/\/www.havuzadairhersey.com\/index.php\/urun\/film-ve-parmak-yelpaze\/#primaryimage\"},\"image\":{\"@id\":\"https:\/\/www.havuzadairhersey.com\/index.php\/urun\/film-ve-parmak-yelpaze\/#primaryimage\"},\"thumbnailUrl\":\"https:\/\/www.havuzadairhersey.com\/wp-content\/uploads\/2025\/04\/1-157.png\",\"datePublished\":\"2025-04-13T17:25:13+00:00\",\"breadcrumb\":{\"@id\":\"https:\/\/www.havuzadairhersey.com\/index.php\/urun\/film-ve-parmak-yelpaze\/#breadcrumb\"},\"inLanguage\":\"tr\",\"potentialAction\":[{\"@type\":\"ReadAction\",\"target\":[\"https:\/\/www.havuzadairhersey.com\/index.php\/urun\/film-ve-parmak-yelpaze\/\"]}]},{\"@type\":\"ImageObject\",\"inLanguage\":\"tr\",\"@id\":\"https:\/\/www.havuzadairhersey.com\/index.php\/urun\/film-ve-parmak-yelpaze\/#primaryimage\",\"url\":\"https:\/\/www.havuzadairhersey.com\/wp-content\/uploads\/2025\/04\/1-157.png\",\"contentUrl\":\"https:\/\/www.havuzadairhersey.com\/wp-content\/uploads\/2025\/04\/1-157.png\",\"width\":1875,\"height\":2500,\"caption\":\"Farkl\u0131 su efektleri i\u00e7in ideal 7\u2019li ve 19\u2019lu film ve parmak yelpaze nozullar\"},{\"@type\":\"BreadcrumbList\",\"@id\":\"https:\/\/www.havuzadairhersey.com\/index.php\/urun\/film-ve-parmak-yelpaze\/#breadcrumb\",\"itemListElement\":[{\"@type\":\"ListItem\",\"position\":1,\"name\":\"Anasayfa\",\"item\":\"https:\/\/www.havuzadairhersey.com\/\"},{\"@type\":\"ListItem\",\"position\":2,\"name\":\"Ma\u011faza\",\"item\":\"https:\/\/www.havuzadairhersey.com\/\"},{\"@type\":\"ListItem\",\"position\":3,\"name\":\"Film ve Parmak Yelpaze\"}]},{\"@type\":\"WebSite\",\"@id\":\"https:\/\/www.havuzadairhersey.com\/#website\",\"url\":\"https:\/\/www.havuzadairhersey.com\/\",\"name\":\"\",\"description\":\"Havuza dair arad\u0131\u011f\u0131n\u0131z her\u015fey burada...\",\"potentialAction\":[{\"@type\":\"SearchAction\",\"target\":{\"@type\":\"EntryPoint\",\"urlTemplate\":\"https:\/\/www.havuzadairhersey.com\/?s={search_term_string}\"},\"query-input\":{\"@type\":\"PropertyValueSpecification\",\"valueRequired\":true,\"valueName\":\"search_term_string\"}}],\"inLanguage\":\"tr\"}]}<\/script>\n<!-- \/ Yoast SEO plugin. -->","yoast_head_json":{"title":"Film ve Parmak Yelpaze -","robots":{"index":"index","follow":"follow","max-snippet":"max-snippet:-1","max-image-preview":"max-image-preview:large","max-video-preview":"max-video-preview:-1"},"canonical":"https:\/\/www.havuzadairhersey.com\/index.php\/urun\/film-ve-parmak-yelpaze\/","og_locale":"tr_TR","og_type":"article","og_title":"Film ve Parmak Yelpaze -","og_description":"Paslanmaz \u00e7elik ve pirin\u00e7 d\u00f6k\u00fcmden \u00fcretilmi\u015f estetik su g\u00f6r\u00fcnt\u00fcs\u00fc sunan Film ve Parmak Yelpaze Nozullar, 1\" ba\u011flant\u0131 ve farkl\u0131 \u00e7\u0131k\u0131\u015fl\u0131 modellerle sat\u0131\u015fta.","og_url":"https:\/\/www.havuzadairhersey.com\/index.php\/urun\/film-ve-parmak-yelpaze\/","og_image":[{"width":1875,"height":2500,"url":"https:\/\/www.havuzadairhersey.com\/wp-content\/uploads\/2025\/04\/1-157.png","type":"image\/png"}],"twitter_card":"summary_large_image","twitter_misc":{"Tahmini okuma s\u00fcresi":"1 dakika"},"schema":{"@context":"https:\/\/schema.org","@graph":[{"@type":"WebPage","@id":"https:\/\/www.havuzadairhersey.com\/index.php\/urun\/film-ve-parmak-yelpaze\/","url":"https:\/\/www.havuzadairhersey.com\/index.php\/urun\/film-ve-parmak-yelpaze\/","name":"Film ve Parmak Yelpaze -","isPartOf":{"@id":"https:\/\/www.havuzadairhersey.com\/#website"},"primaryImageOfPage":{"@id":"https:\/\/www.havuzadairhersey.com\/index.php\/urun\/film-ve-parmak-yelpaze\/#primaryimage"},"image":{"@id":"https:\/\/www.havuzadairhersey.com\/index.php\/urun\/film-ve-parmak-yelpaze\/#primaryimage"},"thumbnailUrl":"https:\/\/www.havuzadairhersey.com\/wp-content\/uploads\/2025\/04\/1-157.png","datePublished":"2025-04-13T17:25:13+00:00","breadcrumb":{"@id":"https:\/\/www.havuzadairhersey.com\/index.php\/urun\/film-ve-parmak-yelpaze\/#breadcrumb"},"inLanguage":"tr","potentialAction":[{"@type":"ReadAction","target":["https:\/\/www.havuzadairhersey.com\/index.php\/urun\/film-ve-parmak-yelpaze\/"]}]},{"@type":"ImageObject","inLanguage":"tr","@id":"https:\/\/www.havuzadairhersey.com\/index.php\/urun\/film-ve-parmak-yelpaze\/#primaryimage","url":"https:\/\/www.havuzadairhersey.com\/wp-content\/uploads\/2025\/04\/1-157.png","contentUrl":"https:\/\/www.havuzadairhersey.com\/wp-content\/uploads\/2025\/04\/1-157.png","width":1875,"height":2500,"caption":"Farkl\u0131 su efektleri i\u00e7in ideal 7\u2019li ve 19\u2019lu film ve parmak yelpaze nozullar"},{"@type":"BreadcrumbList","@id":"https:\/\/www.havuzadairhersey.com\/index.php\/urun\/film-ve-parmak-yelpaze\/#breadcrumb","itemListElement":[{"@type":"ListItem","position":1,"name":"Anasayfa","item":"https:\/\/www.havuzadairhersey.com\/"},{"@type":"ListItem","position":2,"name":"Ma\u011faza","item":"https:\/\/www.havuzadairhersey.com\/"},{"@type":"ListItem","position":3,"name":"Film ve Parmak Yelpaze"}]},{"@type":"WebSite","@id":"https:\/\/www.havuzadairhersey.com\/#website","url":"https:\/\/www.havuzadairhersey.com\/","name":"","description":"Havuza dair arad\u0131\u011f\u0131n\u0131z her\u015fey burada...","potentialAction":[{"@type":"SearchAction","target":{"@type":"EntryPoint","urlTemplate":"https:\/\/www.havuzadairhersey.com\/?s={search_term_string}"},"query-input":{"@type":"PropertyValueSpecification","valueRequired":true,"valueName":"search_term_string"}}],"inLanguage":"tr"}]}},"_links":{"self":[{"href":"https:\/\/www.havuzadairhersey.com\/index.php\/wp-json\/wp\/v2\/product\/1535","targetHints":{"allow":["GET"]}}],"collection":[{"href":"https:\/\/www.havuzadairhersey.com\/index.php\/wp-json\/wp\/v2\/product"}],"about":[{"href":"https:\/\/www.havuzadairhersey.com\/index.php\/wp-json\/wp\/v2\/types\/product"}],"replies":[{"embeddable":true,"href":"https:\/\/www.havuzadairhersey.com\/index.php\/wp-json\/wp\/v2\/comments?post=1535"}],"wp:featuredmedia":[{"embeddable":true,"href":"https:\/\/www.havuzadairhersey.com\/index.php\/wp-json\/wp\/v2\/media\/1536"}],"wp:attachment":[{"href":"https:\/\/www.havuzadairhersey.com\/index.php\/wp-json\/wp\/v2\/media?parent=1535"}],"wp:term":[{"taxonomy":"product_brand","embeddable":true,"href":"https:\/\/www.havuzadairhersey.com\/index.php\/wp-json\/wp\/v2\/product_brand?post=1535"},{"taxonomy":"product_cat","embeddable":true,"href":"https:\/\/www.havuzadairhersey.com\/index.php\/wp-json\/wp\/v2\/product_cat?post=1535"},{"taxonomy":"product_tag","embeddable":true,"href":"https:\/\/www.havuzadairhersey.com\/index.php\/wp-json\/wp\/v2\/product_tag?post=1535"}],"curies":[{"name":"wp","href":"https:\/\/api.w.org\/{rel}","templated":true}]}}