{"id":1545,"date":"2025-04-13T20:30:12","date_gmt":"2025-04-13T17:30:12","guid":{"rendered":"https:\/\/www.havuzadairhersey.com\/?post_type=product&#038;p=1545"},"modified":"2025-04-13T20:30:12","modified_gmt":"2025-04-13T17:30:12","slug":"su-cani-nozullari","status":"publish","type":"product","link":"https:\/\/www.havuzadairhersey.com\/index.php\/urun\/su-cani-nozullari\/","title":{"rendered":"Su \u00c7an\u0131 Nozullar\u0131"},"content":{"rendered":"<p>Su \u00e7an\u0131 nozullar\u0131, dekoratif havuzlar ve f\u0131skiye sistemleri i\u00e7in estetik ve huzur verici bir su ak\u0131\u015f\u0131 sa\u011flar. \u00c7an\u0131 and\u0131ran formuyla hem sessiz hem de geni\u015f bir y\u00fczeye yay\u0131lan su efekti \u00fcretir. Tamam\u0131 paslanmaz \u00e7elikten imal edilmi\u015f bu nozullar 1\u201d giri\u015f \u00e7ap\u0131na sahiptir ve farkl\u0131 boyutlardaki modelleriyle her t\u00fcrl\u00fc projeye uyum sa\u011flar. Estetik g\u00f6rselli\u011fin ve sessizli\u011fin arand\u0131\u011f\u0131 otel, peyzaj ve s\u00fcs havuzu projelerinde tercih edilmektedir.<\/p>\n","protected":false},"excerpt":{"rendered":"<p>Paslanmaz \u00e7elik su \u00e7an\u0131 nozullar\u0131; 1\u201d giri\u015fli, estetik ve sessiz su efekti sunan f\u0131skiye ba\u015fl\u0131\u011f\u0131.<\/p>\n","protected":false},"featured_media":1546,"comment_status":"open","ping_status":"closed","template":"","meta":{"site-sidebar-layout":"default","site-content-layout":"","ast-site-content-layout":"default","site-content-style":"default","site-sidebar-style":"default","ast-global-header-display":"","ast-banner-title-visibility":"","ast-main-header-display":"","ast-hfb-above-header-display":"","ast-hfb-below-header-display":"","ast-hfb-mobile-header-display":"","site-post-title":"","ast-breadcrumbs-content":"","ast-featured-img":"","footer-sml-layout":"","theme-transparent-header-meta":"default","adv-header-id-meta":"","stick-header-meta":"","header-above-stick-meta":"","header-main-stick-meta":"","header-below-stick-meta":"","astra-migrate-meta-layouts":"set","ast-page-background-enabled":"default","ast-page-background-meta":{"desktop":{"background-color":"var(--ast-global-color-5)","background-image":"","background-repeat":"repeat","background-position":"center center","background-size":"auto","background-attachment":"scroll","background-type":"","background-media":"","overlay-type":"","overlay-color":"","overlay-opacity":"","overlay-gradient":""},"tablet":{"background-color":"","background-image":"","background-repeat":"repeat","background-position":"center center","background-size":"auto","background-attachment":"scroll","background-type":"","background-media":"","overlay-type":"","overlay-color":"","overlay-opacity":"","overlay-gradient":""},"mobile":{"background-color":"","background-image":"","background-repeat":"repeat","background-position":"center center","background-size":"auto","background-attachment":"scroll","background-type":"","background-media":"","overlay-type":"","overlay-color":"","overlay-opacity":"","overlay-gradient":""}},"ast-content-background-meta":{"desktop":{"background-color":"var(--ast-global-color-4)","background-image":"","background-repeat":"repeat","background-position":"center center","background-size":"auto","background-attachment":"scroll","background-type":"","background-media":"","overlay-type":"","overlay-color":"","overlay-opacity":"","overlay-gradient":""},"tablet":{"background-color":"var(--ast-global-color-4)","background-image":"","background-repeat":"repeat","background-position":"center center","background-size":"auto","background-attachment":"scroll","background-type":"","background-media":"","overlay-type":"","overlay-color":"","overlay-opacity":"","overlay-gradient":""},"mobile":{"background-color":"var(--ast-global-color-4)","background-image":"","background-repeat":"repeat","background-position":"center center","background-size":"auto","background-attachment":"scroll","background-type":"","background-media":"","overlay-type":"","overlay-color":"","overlay-opacity":"","overlay-gradient":""}}},"product_brand":[30],"product_cat":[1900],"product_tag":[2082,2101,1923,2100,2102,2099,1922,2014,2103],"class_list":{"0":"post-1545","1":"product","2":"type-product","3":"status-publish","4":"has-post-thumbnail","6":"product_brand-atlaspool","7":"product_cat-sus-havuzu-aydinlatma-lambalari","8":"product_tag-1-inc-nozul","9":"product_tag-dekoratif-havuz-ekipmani","10":"product_tag-fiskiye-basligi","11":"product_tag-paslanmaz-su-cani","12":"product_tag-sessiz-fiskiye-basligi","13":"product_tag-su-cani-nozulu","14":"product_tag-su-efekti-nozul","15":"product_tag-sus-havuzu-fiskiyesi","16":"product_tag-water-bell-nozzle","17":"desktop-align-left","18":"tablet-align-left","19":"mobile-align-left","21":"first","22":"instock","23":"shipping-taxable","24":"purchasable","25":"product-type-variable"},"yoast_head":"<!-- This site is optimized with the Yoast SEO plugin v25.0 - https:\/\/yoast.com\/wordpress\/plugins\/seo\/ -->\n<title>Su \u00c7an\u0131 Nozullar\u0131 -<\/title>\n<meta name=\"robots\" content=\"index, follow, max-snippet:-1, max-image-preview:large, max-video-preview:-1\" \/>\n<link rel=\"canonical\" href=\"https:\/\/www.havuzadairhersey.com\/index.php\/urun\/su-cani-nozullari\/\" \/>\n<meta property=\"og:locale\" content=\"tr_TR\" \/>\n<meta property=\"og:type\" content=\"article\" \/>\n<meta property=\"og:title\" content=\"Su \u00c7an\u0131 Nozullar\u0131 -\" \/>\n<meta property=\"og:description\" content=\"Paslanmaz \u00e7elik su \u00e7an\u0131 nozullar\u0131; 1\u201d giri\u015fli, estetik ve sessiz su efekti sunan f\u0131skiye ba\u015fl\u0131\u011f\u0131.\" \/>\n<meta property=\"og:url\" content=\"https:\/\/www.havuzadairhersey.com\/index.php\/urun\/su-cani-nozullari\/\" \/>\n<meta property=\"og:image\" content=\"https:\/\/www.havuzadairhersey.com\/wp-content\/uploads\/2025\/04\/1-158.png\" \/>\n\t<meta property=\"og:image:width\" content=\"1875\" \/>\n\t<meta property=\"og:image:height\" content=\"2500\" \/>\n\t<meta property=\"og:image:type\" content=\"image\/png\" \/>\n<meta name=\"twitter:card\" content=\"summary_large_image\" \/>\n<script type=\"application\/ld+json\" class=\"yoast-schema-graph\">{\"@context\":\"https:\/\/schema.org\",\"@graph\":[{\"@type\":\"WebPage\",\"@id\":\"https:\/\/www.havuzadairhersey.com\/index.php\/urun\/su-cani-nozullari\/\",\"url\":\"https:\/\/www.havuzadairhersey.com\/index.php\/urun\/su-cani-nozullari\/\",\"name\":\"Su \u00c7an\u0131 Nozullar\u0131 -\",\"isPartOf\":{\"@id\":\"https:\/\/www.havuzadairhersey.com\/#website\"},\"primaryImageOfPage\":{\"@id\":\"https:\/\/www.havuzadairhersey.com\/index.php\/urun\/su-cani-nozullari\/#primaryimage\"},\"image\":{\"@id\":\"https:\/\/www.havuzadairhersey.com\/index.php\/urun\/su-cani-nozullari\/#primaryimage\"},\"thumbnailUrl\":\"https:\/\/www.havuzadairhersey.com\/wp-content\/uploads\/2025\/04\/1-158.png\",\"datePublished\":\"2025-04-13T17:30:12+00:00\",\"breadcrumb\":{\"@id\":\"https:\/\/www.havuzadairhersey.com\/index.php\/urun\/su-cani-nozullari\/#breadcrumb\"},\"inLanguage\":\"tr\",\"potentialAction\":[{\"@type\":\"ReadAction\",\"target\":[\"https:\/\/www.havuzadairhersey.com\/index.php\/urun\/su-cani-nozullari\/\"]}]},{\"@type\":\"ImageObject\",\"inLanguage\":\"tr\",\"@id\":\"https:\/\/www.havuzadairhersey.com\/index.php\/urun\/su-cani-nozullari\/#primaryimage\",\"url\":\"https:\/\/www.havuzadairhersey.com\/wp-content\/uploads\/2025\/04\/1-158.png\",\"contentUrl\":\"https:\/\/www.havuzadairhersey.com\/wp-content\/uploads\/2025\/04\/1-158.png\",\"width\":1875,\"height\":2500,\"caption\":\"Estetik ve sessiz su efekti i\u00e7in ideal f\u0131skiye nozullar\u0131\"},{\"@type\":\"BreadcrumbList\",\"@id\":\"https:\/\/www.havuzadairhersey.com\/index.php\/urun\/su-cani-nozullari\/#breadcrumb\",\"itemListElement\":[{\"@type\":\"ListItem\",\"position\":1,\"name\":\"Anasayfa\",\"item\":\"https:\/\/www.havuzadairhersey.com\/\"},{\"@type\":\"ListItem\",\"position\":2,\"name\":\"Ma\u011faza\",\"item\":\"https:\/\/www.havuzadairhersey.com\/\"},{\"@type\":\"ListItem\",\"position\":3,\"name\":\"Su \u00c7an\u0131 Nozullar\u0131\"}]},{\"@type\":\"WebSite\",\"@id\":\"https:\/\/www.havuzadairhersey.com\/#website\",\"url\":\"https:\/\/www.havuzadairhersey.com\/\",\"name\":\"\",\"description\":\"Havuza dair arad\u0131\u011f\u0131n\u0131z her\u015fey burada...\",\"potentialAction\":[{\"@type\":\"SearchAction\",\"target\":{\"@type\":\"EntryPoint\",\"urlTemplate\":\"https:\/\/www.havuzadairhersey.com\/?s={search_term_string}\"},\"query-input\":{\"@type\":\"PropertyValueSpecification\",\"valueRequired\":true,\"valueName\":\"search_term_string\"}}],\"inLanguage\":\"tr\"}]}<\/script>\n<!-- \/ Yoast SEO plugin. -->","yoast_head_json":{"title":"Su \u00c7an\u0131 Nozullar\u0131 -","robots":{"index":"index","follow":"follow","max-snippet":"max-snippet:-1","max-image-preview":"max-image-preview:large","max-video-preview":"max-video-preview:-1"},"canonical":"https:\/\/www.havuzadairhersey.com\/index.php\/urun\/su-cani-nozullari\/","og_locale":"tr_TR","og_type":"article","og_title":"Su \u00c7an\u0131 Nozullar\u0131 -","og_description":"Paslanmaz \u00e7elik su \u00e7an\u0131 nozullar\u0131; 1\u201d giri\u015fli, estetik ve sessiz su efekti sunan f\u0131skiye ba\u015fl\u0131\u011f\u0131.","og_url":"https:\/\/www.havuzadairhersey.com\/index.php\/urun\/su-cani-nozullari\/","og_image":[{"width":1875,"height":2500,"url":"https:\/\/www.havuzadairhersey.com\/wp-content\/uploads\/2025\/04\/1-158.png","type":"image\/png"}],"twitter_card":"summary_large_image","schema":{"@context":"https:\/\/schema.org","@graph":[{"@type":"WebPage","@id":"https:\/\/www.havuzadairhersey.com\/index.php\/urun\/su-cani-nozullari\/","url":"https:\/\/www.havuzadairhersey.com\/index.php\/urun\/su-cani-nozullari\/","name":"Su \u00c7an\u0131 Nozullar\u0131 -","isPartOf":{"@id":"https:\/\/www.havuzadairhersey.com\/#website"},"primaryImageOfPage":{"@id":"https:\/\/www.havuzadairhersey.com\/index.php\/urun\/su-cani-nozullari\/#primaryimage"},"image":{"@id":"https:\/\/www.havuzadairhersey.com\/index.php\/urun\/su-cani-nozullari\/#primaryimage"},"thumbnailUrl":"https:\/\/www.havuzadairhersey.com\/wp-content\/uploads\/2025\/04\/1-158.png","datePublished":"2025-04-13T17:30:12+00:00","breadcrumb":{"@id":"https:\/\/www.havuzadairhersey.com\/index.php\/urun\/su-cani-nozullari\/#breadcrumb"},"inLanguage":"tr","potentialAction":[{"@type":"ReadAction","target":["https:\/\/www.havuzadairhersey.com\/index.php\/urun\/su-cani-nozullari\/"]}]},{"@type":"ImageObject","inLanguage":"tr","@id":"https:\/\/www.havuzadairhersey.com\/index.php\/urun\/su-cani-nozullari\/#primaryimage","url":"https:\/\/www.havuzadairhersey.com\/wp-content\/uploads\/2025\/04\/1-158.png","contentUrl":"https:\/\/www.havuzadairhersey.com\/wp-content\/uploads\/2025\/04\/1-158.png","width":1875,"height":2500,"caption":"Estetik ve sessiz su efekti i\u00e7in ideal f\u0131skiye nozullar\u0131"},{"@type":"BreadcrumbList","@id":"https:\/\/www.havuzadairhersey.com\/index.php\/urun\/su-cani-nozullari\/#breadcrumb","itemListElement":[{"@type":"ListItem","position":1,"name":"Anasayfa","item":"https:\/\/www.havuzadairhersey.com\/"},{"@type":"ListItem","position":2,"name":"Ma\u011faza","item":"https:\/\/www.havuzadairhersey.com\/"},{"@type":"ListItem","position":3,"name":"Su \u00c7an\u0131 Nozullar\u0131"}]},{"@type":"WebSite","@id":"https:\/\/www.havuzadairhersey.com\/#website","url":"https:\/\/www.havuzadairhersey.com\/","name":"","description":"Havuza dair arad\u0131\u011f\u0131n\u0131z her\u015fey burada...","potentialAction":[{"@type":"SearchAction","target":{"@type":"EntryPoint","urlTemplate":"https:\/\/www.havuzadairhersey.com\/?s={search_term_string}"},"query-input":{"@type":"PropertyValueSpecification","valueRequired":true,"valueName":"search_term_string"}}],"inLanguage":"tr"}]}},"_links":{"self":[{"href":"https:\/\/www.havuzadairhersey.com\/index.php\/wp-json\/wp\/v2\/product\/1545","targetHints":{"allow":["GET"]}}],"collection":[{"href":"https:\/\/www.havuzadairhersey.com\/index.php\/wp-json\/wp\/v2\/product"}],"about":[{"href":"https:\/\/www.havuzadairhersey.com\/index.php\/wp-json\/wp\/v2\/types\/product"}],"replies":[{"embeddable":true,"href":"https:\/\/www.havuzadairhersey.com\/index.php\/wp-json\/wp\/v2\/comments?post=1545"}],"wp:featuredmedia":[{"embeddable":true,"href":"https:\/\/www.havuzadairhersey.com\/index.php\/wp-json\/wp\/v2\/media\/1546"}],"wp:attachment":[{"href":"https:\/\/www.havuzadairhersey.com\/index.php\/wp-json\/wp\/v2\/media?parent=1545"}],"wp:term":[{"taxonomy":"product_brand","embeddable":true,"href":"https:\/\/www.havuzadairhersey.com\/index.php\/wp-json\/wp\/v2\/product_brand?post=1545"},{"taxonomy":"product_cat","embeddable":true,"href":"https:\/\/www.havuzadairhersey.com\/index.php\/wp-json\/wp\/v2\/product_cat?post=1545"},{"taxonomy":"product_tag","embeddable":true,"href":"https:\/\/www.havuzadairhersey.com\/index.php\/wp-json\/wp\/v2\/product_tag?post=1545"}],"curies":[{"name":"wp","href":"https:\/\/api.w.org\/{rel}","templated":true}]}}