{"id":1583,"date":"2025-04-13T23:56:05","date_gmt":"2025-04-13T20:56:05","guid":{"rendered":"https:\/\/www.havuzadairhersey.com\/?post_type=product&#038;p=1583"},"modified":"2025-04-13T23:56:06","modified_gmt":"2025-04-13T20:56:06","slug":"tek-jetli-volkan-nozul","status":"publish","type":"product","link":"https:\/\/www.havuzadairhersey.com\/index.php\/urun\/tek-jetli-volkan-nozul\/","title":{"rendered":"Tek Jetli Volkan Nozul"},"content":{"rendered":"<p>Tek Jetli Volkan Nozul, estetik ve etkileyici su g\u00f6sterileri i\u00e7in \u00f6zel olarak tasarlanm\u0131\u015ft\u0131r. Pirin\u00e7 malzemeden \u00fcretilmi\u015f olup, 1\u201d ba\u011flant\u0131 \u00e7ap\u0131na sahiptir. F\u0131skiye, yukar\u0131 do\u011fru f\u0131\u015fk\u0131ran ana jetin etraf\u0131n\u0131 saran \u00e7oklu k\u00fc\u00e7\u00fck jetler ile volkanik bir g\u00f6r\u00fcnt\u00fc olu\u015fturur. 3 m\u00b3\/h debi ile 1 metre y\u00fcksekli\u011fe kadar su \u00e7\u0131k\u0131\u015f\u0131 sa\u011flar. Bah\u00e7eler, parklar, s\u00fcs havuzlar\u0131 ve dekoratif projeler i\u00e7in idealdir.<\/p>\n<p>Teknik \u00d6zellikler:<\/p>\n<p>Malzeme: Sar\u0131 (Pirin\u00e7)<\/p>\n<p>Ba\u011flant\u0131: 1&#8243;<\/p>\n<p>A: 93 mm<\/p>\n<p>B: 72 mm<\/p>\n<p>C: 8 mm<\/p>\n<p>Debi: 1 metrede 3 m\u00b3\/h<\/p>\n<p>\u00dcr\u00fcn Kodu: ATS SUS076<\/p>\n<p>A\u011f\u0131rl\u0131k: 0,260 kg<\/p>\n","protected":false},"excerpt":{"rendered":"<p>Dekoratif f\u0131skiye sistemleri i\u00e7in tasarlanm\u0131\u015f, sar\u0131 pirin\u00e7 malzemeden \u00fcretilmi\u015f 1\u201d \u00e7ap\u0131nda Tek Jetli Volkan Nozul.<\/p>\n","protected":false},"featured_media":1584,"comment_status":"open","ping_status":"closed","template":"","meta":{"site-sidebar-layout":"default","site-content-layout":"","ast-site-content-layout":"default","site-content-style":"default","site-sidebar-style":"default","ast-global-header-display":"","ast-banner-title-visibility":"","ast-main-header-display":"","ast-hfb-above-header-display":"","ast-hfb-below-header-display":"","ast-hfb-mobile-header-display":"","site-post-title":"","ast-breadcrumbs-content":"","ast-featured-img":"","footer-sml-layout":"","theme-transparent-header-meta":"default","adv-header-id-meta":"","stick-header-meta":"","header-above-stick-meta":"","header-main-stick-meta":"","header-below-stick-meta":"","astra-migrate-meta-layouts":"set","ast-page-background-enabled":"default","ast-page-background-meta":{"desktop":{"background-color":"var(--ast-global-color-5)","background-image":"","background-repeat":"repeat","background-position":"center center","background-size":"auto","background-attachment":"scroll","background-type":"","background-media":"","overlay-type":"","overlay-color":"","overlay-opacity":"","overlay-gradient":""},"tablet":{"background-color":"","background-image":"","background-repeat":"repeat","background-position":"center center","background-size":"auto","background-attachment":"scroll","background-type":"","background-media":"","overlay-type":"","overlay-color":"","overlay-opacity":"","overlay-gradient":""},"mobile":{"background-color":"","background-image":"","background-repeat":"repeat","background-position":"center center","background-size":"auto","background-attachment":"scroll","background-type":"","background-media":"","overlay-type":"","overlay-color":"","overlay-opacity":"","overlay-gradient":""}},"ast-content-background-meta":{"desktop":{"background-color":"var(--ast-global-color-4)","background-image":"","background-repeat":"repeat","background-position":"center center","background-size":"auto","background-attachment":"scroll","background-type":"","background-media":"","overlay-type":"","overlay-color":"","overlay-opacity":"","overlay-gradient":""},"tablet":{"background-color":"var(--ast-global-color-4)","background-image":"","background-repeat":"repeat","background-position":"center center","background-size":"auto","background-attachment":"scroll","background-type":"","background-media":"","overlay-type":"","overlay-color":"","overlay-opacity":"","overlay-gradient":""},"mobile":{"background-color":"var(--ast-global-color-4)","background-image":"","background-repeat":"repeat","background-position":"center center","background-size":"auto","background-attachment":"scroll","background-type":"","background-media":"","overlay-type":"","overlay-color":"","overlay-opacity":"","overlay-gradient":""}}},"product_brand":[30],"product_cat":[1900],"product_tag":[2151,2140,1923,311,2080,2150,2149,2041],"class_list":{"0":"post-1583","1":"product","2":"type-product","3":"status-publish","4":"has-post-thumbnail","6":"product_brand-atlaspool","7":"product_cat-sus-havuzu-aydinlatma-lambalari","8":"product_tag-ats-sus076","9":"product_tag-dekoratif-fiskiye","10":"product_tag-fiskiye-basligi","11":"product_tag-havuz-ekipmani","12":"product_tag-pirinc-nozul","13":"product_tag-su-nozulu","14":"product_tag-tek-jetli-volkan-nozul","15":"product_tag-volkan-fiskiye","16":"desktop-align-left","17":"tablet-align-left","18":"mobile-align-left","20":"first","21":"instock","22":"shipping-taxable","23":"purchasable","24":"product-type-simple"},"yoast_head":"<!-- This site is optimized with the Yoast SEO plugin v25.0 - https:\/\/yoast.com\/wordpress\/plugins\/seo\/ -->\n<title>Tek Jetli Volkan Nozul -<\/title>\n<meta name=\"robots\" content=\"index, follow, max-snippet:-1, max-image-preview:large, max-video-preview:-1\" \/>\n<link rel=\"canonical\" href=\"https:\/\/www.havuzadairhersey.com\/index.php\/urun\/tek-jetli-volkan-nozul\/\" \/>\n<meta property=\"og:locale\" content=\"tr_TR\" \/>\n<meta property=\"og:type\" content=\"article\" \/>\n<meta property=\"og:title\" content=\"Tek Jetli Volkan Nozul -\" \/>\n<meta property=\"og:description\" content=\"Dekoratif f\u0131skiye sistemleri i\u00e7in tasarlanm\u0131\u015f, sar\u0131 pirin\u00e7 malzemeden \u00fcretilmi\u015f 1\u201d \u00e7ap\u0131nda Tek Jetli Volkan Nozul.\" \/>\n<meta property=\"og:url\" content=\"https:\/\/www.havuzadairhersey.com\/index.php\/urun\/tek-jetli-volkan-nozul\/\" \/>\n<meta property=\"article:modified_time\" content=\"2025-04-13T20:56:06+00:00\" \/>\n<meta property=\"og:image\" content=\"https:\/\/www.havuzadairhersey.com\/wp-content\/uploads\/2025\/04\/1-164.png\" \/>\n\t<meta property=\"og:image:width\" content=\"1875\" \/>\n\t<meta property=\"og:image:height\" content=\"2500\" \/>\n\t<meta property=\"og:image:type\" content=\"image\/png\" \/>\n<meta name=\"twitter:card\" content=\"summary_large_image\" \/>\n<meta name=\"twitter:label1\" content=\"Tahmini okuma s\u00fcresi\" \/>\n\t<meta name=\"twitter:data1\" content=\"1 dakika\" \/>\n<script type=\"application\/ld+json\" class=\"yoast-schema-graph\">{\"@context\":\"https:\/\/schema.org\",\"@graph\":[{\"@type\":\"WebPage\",\"@id\":\"https:\/\/www.havuzadairhersey.com\/index.php\/urun\/tek-jetli-volkan-nozul\/\",\"url\":\"https:\/\/www.havuzadairhersey.com\/index.php\/urun\/tek-jetli-volkan-nozul\/\",\"name\":\"Tek Jetli Volkan Nozul -\",\"isPartOf\":{\"@id\":\"https:\/\/www.havuzadairhersey.com\/#website\"},\"primaryImageOfPage\":{\"@id\":\"https:\/\/www.havuzadairhersey.com\/index.php\/urun\/tek-jetli-volkan-nozul\/#primaryimage\"},\"image\":{\"@id\":\"https:\/\/www.havuzadairhersey.com\/index.php\/urun\/tek-jetli-volkan-nozul\/#primaryimage\"},\"thumbnailUrl\":\"https:\/\/www.havuzadairhersey.com\/wp-content\/uploads\/2025\/04\/1-164.png\",\"datePublished\":\"2025-04-13T20:56:05+00:00\",\"dateModified\":\"2025-04-13T20:56:06+00:00\",\"breadcrumb\":{\"@id\":\"https:\/\/www.havuzadairhersey.com\/index.php\/urun\/tek-jetli-volkan-nozul\/#breadcrumb\"},\"inLanguage\":\"tr\",\"potentialAction\":[{\"@type\":\"ReadAction\",\"target\":[\"https:\/\/www.havuzadairhersey.com\/index.php\/urun\/tek-jetli-volkan-nozul\/\"]}]},{\"@type\":\"ImageObject\",\"inLanguage\":\"tr\",\"@id\":\"https:\/\/www.havuzadairhersey.com\/index.php\/urun\/tek-jetli-volkan-nozul\/#primaryimage\",\"url\":\"https:\/\/www.havuzadairhersey.com\/wp-content\/uploads\/2025\/04\/1-164.png\",\"contentUrl\":\"https:\/\/www.havuzadairhersey.com\/wp-content\/uploads\/2025\/04\/1-164.png\",\"width\":1875,\"height\":2500,\"caption\":\"Volkan g\u00f6r\u00fcnt\u00fcs\u00fc olu\u015fturan pirin\u00e7 f\u0131skiye nozulu\"},{\"@type\":\"BreadcrumbList\",\"@id\":\"https:\/\/www.havuzadairhersey.com\/index.php\/urun\/tek-jetli-volkan-nozul\/#breadcrumb\",\"itemListElement\":[{\"@type\":\"ListItem\",\"position\":1,\"name\":\"Anasayfa\",\"item\":\"https:\/\/www.havuzadairhersey.com\/\"},{\"@type\":\"ListItem\",\"position\":2,\"name\":\"Ma\u011faza\",\"item\":\"https:\/\/www.havuzadairhersey.com\/\"},{\"@type\":\"ListItem\",\"position\":3,\"name\":\"Tek Jetli Volkan Nozul\"}]},{\"@type\":\"WebSite\",\"@id\":\"https:\/\/www.havuzadairhersey.com\/#website\",\"url\":\"https:\/\/www.havuzadairhersey.com\/\",\"name\":\"\",\"description\":\"Havuza dair arad\u0131\u011f\u0131n\u0131z her\u015fey burada...\",\"potentialAction\":[{\"@type\":\"SearchAction\",\"target\":{\"@type\":\"EntryPoint\",\"urlTemplate\":\"https:\/\/www.havuzadairhersey.com\/?s={search_term_string}\"},\"query-input\":{\"@type\":\"PropertyValueSpecification\",\"valueRequired\":true,\"valueName\":\"search_term_string\"}}],\"inLanguage\":\"tr\"}]}<\/script>\n<!-- \/ Yoast SEO plugin. -->","yoast_head_json":{"title":"Tek Jetli Volkan Nozul -","robots":{"index":"index","follow":"follow","max-snippet":"max-snippet:-1","max-image-preview":"max-image-preview:large","max-video-preview":"max-video-preview:-1"},"canonical":"https:\/\/www.havuzadairhersey.com\/index.php\/urun\/tek-jetli-volkan-nozul\/","og_locale":"tr_TR","og_type":"article","og_title":"Tek Jetli Volkan Nozul -","og_description":"Dekoratif f\u0131skiye sistemleri i\u00e7in tasarlanm\u0131\u015f, sar\u0131 pirin\u00e7 malzemeden \u00fcretilmi\u015f 1\u201d \u00e7ap\u0131nda Tek Jetli Volkan Nozul.","og_url":"https:\/\/www.havuzadairhersey.com\/index.php\/urun\/tek-jetli-volkan-nozul\/","article_modified_time":"2025-04-13T20:56:06+00:00","og_image":[{"width":1875,"height":2500,"url":"https:\/\/www.havuzadairhersey.com\/wp-content\/uploads\/2025\/04\/1-164.png","type":"image\/png"}],"twitter_card":"summary_large_image","twitter_misc":{"Tahmini okuma s\u00fcresi":"1 dakika"},"schema":{"@context":"https:\/\/schema.org","@graph":[{"@type":"WebPage","@id":"https:\/\/www.havuzadairhersey.com\/index.php\/urun\/tek-jetli-volkan-nozul\/","url":"https:\/\/www.havuzadairhersey.com\/index.php\/urun\/tek-jetli-volkan-nozul\/","name":"Tek Jetli Volkan Nozul -","isPartOf":{"@id":"https:\/\/www.havuzadairhersey.com\/#website"},"primaryImageOfPage":{"@id":"https:\/\/www.havuzadairhersey.com\/index.php\/urun\/tek-jetli-volkan-nozul\/#primaryimage"},"image":{"@id":"https:\/\/www.havuzadairhersey.com\/index.php\/urun\/tek-jetli-volkan-nozul\/#primaryimage"},"thumbnailUrl":"https:\/\/www.havuzadairhersey.com\/wp-content\/uploads\/2025\/04\/1-164.png","datePublished":"2025-04-13T20:56:05+00:00","dateModified":"2025-04-13T20:56:06+00:00","breadcrumb":{"@id":"https:\/\/www.havuzadairhersey.com\/index.php\/urun\/tek-jetli-volkan-nozul\/#breadcrumb"},"inLanguage":"tr","potentialAction":[{"@type":"ReadAction","target":["https:\/\/www.havuzadairhersey.com\/index.php\/urun\/tek-jetli-volkan-nozul\/"]}]},{"@type":"ImageObject","inLanguage":"tr","@id":"https:\/\/www.havuzadairhersey.com\/index.php\/urun\/tek-jetli-volkan-nozul\/#primaryimage","url":"https:\/\/www.havuzadairhersey.com\/wp-content\/uploads\/2025\/04\/1-164.png","contentUrl":"https:\/\/www.havuzadairhersey.com\/wp-content\/uploads\/2025\/04\/1-164.png","width":1875,"height":2500,"caption":"Volkan g\u00f6r\u00fcnt\u00fcs\u00fc olu\u015fturan pirin\u00e7 f\u0131skiye nozulu"},{"@type":"BreadcrumbList","@id":"https:\/\/www.havuzadairhersey.com\/index.php\/urun\/tek-jetli-volkan-nozul\/#breadcrumb","itemListElement":[{"@type":"ListItem","position":1,"name":"Anasayfa","item":"https:\/\/www.havuzadairhersey.com\/"},{"@type":"ListItem","position":2,"name":"Ma\u011faza","item":"https:\/\/www.havuzadairhersey.com\/"},{"@type":"ListItem","position":3,"name":"Tek Jetli Volkan Nozul"}]},{"@type":"WebSite","@id":"https:\/\/www.havuzadairhersey.com\/#website","url":"https:\/\/www.havuzadairhersey.com\/","name":"","description":"Havuza dair arad\u0131\u011f\u0131n\u0131z her\u015fey burada...","potentialAction":[{"@type":"SearchAction","target":{"@type":"EntryPoint","urlTemplate":"https:\/\/www.havuzadairhersey.com\/?s={search_term_string}"},"query-input":{"@type":"PropertyValueSpecification","valueRequired":true,"valueName":"search_term_string"}}],"inLanguage":"tr"}]}},"_links":{"self":[{"href":"https:\/\/www.havuzadairhersey.com\/index.php\/wp-json\/wp\/v2\/product\/1583","targetHints":{"allow":["GET"]}}],"collection":[{"href":"https:\/\/www.havuzadairhersey.com\/index.php\/wp-json\/wp\/v2\/product"}],"about":[{"href":"https:\/\/www.havuzadairhersey.com\/index.php\/wp-json\/wp\/v2\/types\/product"}],"replies":[{"embeddable":true,"href":"https:\/\/www.havuzadairhersey.com\/index.php\/wp-json\/wp\/v2\/comments?post=1583"}],"wp:featuredmedia":[{"embeddable":true,"href":"https:\/\/www.havuzadairhersey.com\/index.php\/wp-json\/wp\/v2\/media\/1584"}],"wp:attachment":[{"href":"https:\/\/www.havuzadairhersey.com\/index.php\/wp-json\/wp\/v2\/media?parent=1583"}],"wp:term":[{"taxonomy":"product_brand","embeddable":true,"href":"https:\/\/www.havuzadairhersey.com\/index.php\/wp-json\/wp\/v2\/product_brand?post=1583"},{"taxonomy":"product_cat","embeddable":true,"href":"https:\/\/www.havuzadairhersey.com\/index.php\/wp-json\/wp\/v2\/product_cat?post=1583"},{"taxonomy":"product_tag","embeddable":true,"href":"https:\/\/www.havuzadairhersey.com\/index.php\/wp-json\/wp\/v2\/product_tag?post=1583"}],"curies":[{"name":"wp","href":"https:\/\/api.w.org\/{rel}","templated":true}]}}