{"id":1631,"date":"2025-04-15T22:15:51","date_gmt":"2025-04-15T19:15:51","guid":{"rendered":"https:\/\/www.havuzadairhersey.com\/?post_type=product&#038;p=1631"},"modified":"2025-04-15T22:15:52","modified_gmt":"2025-04-15T19:15:52","slug":"plastik-kisa-semsiye-nozul","status":"publish","type":"product","link":"https:\/\/www.havuzadairhersey.com\/index.php\/urun\/plastik-kisa-semsiye-nozul\/","title":{"rendered":"Plastik K\u0131sa \u015eemsiye Nozul"},"content":{"rendered":"<p>ATS SUS084 kodlu plastik k\u0131sa \u015femsiye nozul, s\u00fcs havuzlar\u0131nda estetik ve homojen su \u00e7\u0131k\u0131\u015f\u0131 sa\u011flayan kompakt bir f\u0131skiye ba\u015fl\u0131\u011f\u0131d\u0131r. 1\/2&#8243; ba\u011flant\u0131 \u00e7ap\u0131na sahip olan \u00fcr\u00fcn, 108 mm y\u00fcksekli\u011fi ve 62 mm \u00fcst \u00e7ap\u0131 ile dikkat \u00e7eker. 0,30 metre \u00e7apta 3 m\u00b3\/h debi sunarak, sessiz ve g\u00f6rsel a\u00e7\u0131dan etkileyici bir su efekti olu\u015fturur. Plastik malzemeden \u00fcretilmi\u015f olup, hafifli\u011fi ve dayan\u0131kl\u0131l\u0131\u011f\u0131 ile kolay montaj ve uzun \u00f6m\u00fcrl\u00fc kullan\u0131m sa\u011flar.<\/p>\n","protected":false},"excerpt":{"rendered":"<p>Plastik k\u0131sa \u015femsiye nozul, 1\/2&#8243; ba\u011flant\u0131l\u0131, 108 mm y\u00fcksekli\u011finde ve 3 m\u00b3\/h debili kompakt havuz f\u0131skiye ba\u015fl\u0131\u011f\u0131d\u0131r.<\/p>\n","protected":false},"featured_media":1632,"comment_status":"open","ping_status":"closed","template":"","meta":{"site-sidebar-layout":"default","site-content-layout":"","ast-site-content-layout":"default","site-content-style":"default","site-sidebar-style":"default","ast-global-header-display":"","ast-banner-title-visibility":"","ast-main-header-display":"","ast-hfb-above-header-display":"","ast-hfb-below-header-display":"","ast-hfb-mobile-header-display":"","site-post-title":"","ast-breadcrumbs-content":"","ast-featured-img":"","footer-sml-layout":"","theme-transparent-header-meta":"default","adv-header-id-meta":"","stick-header-meta":"","header-above-stick-meta":"","header-main-stick-meta":"","header-below-stick-meta":"","astra-migrate-meta-layouts":"set","ast-page-background-enabled":"default","ast-page-background-meta":{"desktop":{"background-color":"var(--ast-global-color-5)","background-image":"","background-repeat":"repeat","background-position":"center center","background-size":"auto","background-attachment":"scroll","background-type":"","background-media":"","overlay-type":"","overlay-color":"","overlay-opacity":"","overlay-gradient":""},"tablet":{"background-color":"","background-image":"","background-repeat":"repeat","background-position":"center center","background-size":"auto","background-attachment":"scroll","background-type":"","background-media":"","overlay-type":"","overlay-color":"","overlay-opacity":"","overlay-gradient":""},"mobile":{"background-color":"","background-image":"","background-repeat":"repeat","background-position":"center center","background-size":"auto","background-attachment":"scroll","background-type":"","background-media":"","overlay-type":"","overlay-color":"","overlay-opacity":"","overlay-gradient":""}},"ast-content-background-meta":{"desktop":{"background-color":"var(--ast-global-color-4)","background-image":"","background-repeat":"repeat","background-position":"center center","background-size":"auto","background-attachment":"scroll","background-type":"","background-media":"","overlay-type":"","overlay-color":"","overlay-opacity":"","overlay-gradient":""},"tablet":{"background-color":"var(--ast-global-color-4)","background-image":"","background-repeat":"repeat","background-position":"center center","background-size":"auto","background-attachment":"scroll","background-type":"","background-media":"","overlay-type":"","overlay-color":"","overlay-opacity":"","overlay-gradient":""},"mobile":{"background-color":"var(--ast-global-color-4)","background-image":"","background-repeat":"repeat","background-position":"center center","background-size":"auto","background-attachment":"scroll","background-type":"","background-media":"","overlay-type":"","overlay-color":"","overlay-opacity":"","overlay-gradient":""}}},"product_brand":[30],"product_cat":[1900],"product_tag":[1925,2214,2209,1923,311,2033,2212,2194,2213,2215,1920],"class_list":{"0":"post-1631","1":"product","2":"type-product","3":"status-publish","4":"has-post-thumbnail","6":"product_brand-atlaspool","7":"product_cat-sus-havuzu-aydinlatma-lambalari","8":"product_tag-1-2-inc-nozul","9":"product_tag-ats-sus084","10":"product_tag-dekoratif-nozul","11":"product_tag-fiskiye-basligi","12":"product_tag-havuz-ekipmani","13":"product_tag-havuz-nozul","14":"product_tag-kisa-semsiye-nozul","15":"product_tag-plastik-nozul","16":"product_tag-semsiye-tipi-su-cikisi","17":"product_tag-su-efekti-basligi","18":"product_tag-sus-havuzu-nozul","19":"desktop-align-left","20":"tablet-align-left","21":"mobile-align-left","23":"first","24":"instock","25":"shipping-taxable","26":"purchasable","27":"product-type-simple"},"yoast_head":"<!-- This site is optimized with the Yoast SEO plugin v25.0 - https:\/\/yoast.com\/wordpress\/plugins\/seo\/ -->\n<title>Plastik K\u0131sa \u015eemsiye Nozul -<\/title>\n<meta name=\"robots\" content=\"index, follow, max-snippet:-1, max-image-preview:large, max-video-preview:-1\" \/>\n<link rel=\"canonical\" href=\"https:\/\/www.havuzadairhersey.com\/index.php\/urun\/plastik-kisa-semsiye-nozul\/\" \/>\n<meta property=\"og:locale\" content=\"tr_TR\" \/>\n<meta property=\"og:type\" content=\"article\" \/>\n<meta property=\"og:title\" content=\"Plastik K\u0131sa \u015eemsiye Nozul -\" \/>\n<meta property=\"og:description\" content=\"Plastik k\u0131sa \u015femsiye nozul, 1\/2&quot; ba\u011flant\u0131l\u0131, 108 mm y\u00fcksekli\u011finde ve 3 m\u00b3\/h debili kompakt havuz f\u0131skiye ba\u015fl\u0131\u011f\u0131d\u0131r.\" \/>\n<meta property=\"og:url\" content=\"https:\/\/www.havuzadairhersey.com\/index.php\/urun\/plastik-kisa-semsiye-nozul\/\" \/>\n<meta property=\"article:modified_time\" content=\"2025-04-15T19:15:52+00:00\" \/>\n<meta property=\"og:image\" content=\"https:\/\/www.havuzadairhersey.com\/wp-content\/uploads\/2025\/04\/1-174.png\" \/>\n\t<meta property=\"og:image:width\" content=\"1875\" \/>\n\t<meta property=\"og:image:height\" content=\"2500\" \/>\n\t<meta property=\"og:image:type\" content=\"image\/png\" \/>\n<meta name=\"twitter:card\" content=\"summary_large_image\" \/>\n<script type=\"application\/ld+json\" class=\"yoast-schema-graph\">{\"@context\":\"https:\/\/schema.org\",\"@graph\":[{\"@type\":\"WebPage\",\"@id\":\"https:\/\/www.havuzadairhersey.com\/index.php\/urun\/plastik-kisa-semsiye-nozul\/\",\"url\":\"https:\/\/www.havuzadairhersey.com\/index.php\/urun\/plastik-kisa-semsiye-nozul\/\",\"name\":\"Plastik K\u0131sa \u015eemsiye Nozul -\",\"isPartOf\":{\"@id\":\"https:\/\/www.havuzadairhersey.com\/#website\"},\"primaryImageOfPage\":{\"@id\":\"https:\/\/www.havuzadairhersey.com\/index.php\/urun\/plastik-kisa-semsiye-nozul\/#primaryimage\"},\"image\":{\"@id\":\"https:\/\/www.havuzadairhersey.com\/index.php\/urun\/plastik-kisa-semsiye-nozul\/#primaryimage\"},\"thumbnailUrl\":\"https:\/\/www.havuzadairhersey.com\/wp-content\/uploads\/2025\/04\/1-174.png\",\"datePublished\":\"2025-04-15T19:15:51+00:00\",\"dateModified\":\"2025-04-15T19:15:52+00:00\",\"breadcrumb\":{\"@id\":\"https:\/\/www.havuzadairhersey.com\/index.php\/urun\/plastik-kisa-semsiye-nozul\/#breadcrumb\"},\"inLanguage\":\"tr\",\"potentialAction\":[{\"@type\":\"ReadAction\",\"target\":[\"https:\/\/www.havuzadairhersey.com\/index.php\/urun\/plastik-kisa-semsiye-nozul\/\"]}]},{\"@type\":\"ImageObject\",\"inLanguage\":\"tr\",\"@id\":\"https:\/\/www.havuzadairhersey.com\/index.php\/urun\/plastik-kisa-semsiye-nozul\/#primaryimage\",\"url\":\"https:\/\/www.havuzadairhersey.com\/wp-content\/uploads\/2025\/04\/1-174.png\",\"contentUrl\":\"https:\/\/www.havuzadairhersey.com\/wp-content\/uploads\/2025\/04\/1-174.png\",\"width\":1875,\"height\":2500,\"caption\":\"108 mm y\u00fcksekli\u011finde, k\u0131sa tasar\u0131ml\u0131 plastik havuz f\u0131skiye nozulu\"},{\"@type\":\"BreadcrumbList\",\"@id\":\"https:\/\/www.havuzadairhersey.com\/index.php\/urun\/plastik-kisa-semsiye-nozul\/#breadcrumb\",\"itemListElement\":[{\"@type\":\"ListItem\",\"position\":1,\"name\":\"Anasayfa\",\"item\":\"https:\/\/www.havuzadairhersey.com\/\"},{\"@type\":\"ListItem\",\"position\":2,\"name\":\"Ma\u011faza\",\"item\":\"https:\/\/www.havuzadairhersey.com\/\"},{\"@type\":\"ListItem\",\"position\":3,\"name\":\"Plastik K\u0131sa \u015eemsiye Nozul\"}]},{\"@type\":\"WebSite\",\"@id\":\"https:\/\/www.havuzadairhersey.com\/#website\",\"url\":\"https:\/\/www.havuzadairhersey.com\/\",\"name\":\"\",\"description\":\"Havuza dair arad\u0131\u011f\u0131n\u0131z her\u015fey burada...\",\"potentialAction\":[{\"@type\":\"SearchAction\",\"target\":{\"@type\":\"EntryPoint\",\"urlTemplate\":\"https:\/\/www.havuzadairhersey.com\/?s={search_term_string}\"},\"query-input\":{\"@type\":\"PropertyValueSpecification\",\"valueRequired\":true,\"valueName\":\"search_term_string\"}}],\"inLanguage\":\"tr\"}]}<\/script>\n<!-- \/ Yoast SEO plugin. -->","yoast_head_json":{"title":"Plastik K\u0131sa \u015eemsiye Nozul -","robots":{"index":"index","follow":"follow","max-snippet":"max-snippet:-1","max-image-preview":"max-image-preview:large","max-video-preview":"max-video-preview:-1"},"canonical":"https:\/\/www.havuzadairhersey.com\/index.php\/urun\/plastik-kisa-semsiye-nozul\/","og_locale":"tr_TR","og_type":"article","og_title":"Plastik K\u0131sa \u015eemsiye Nozul -","og_description":"Plastik k\u0131sa \u015femsiye nozul, 1\/2\" ba\u011flant\u0131l\u0131, 108 mm y\u00fcksekli\u011finde ve 3 m\u00b3\/h debili kompakt havuz f\u0131skiye ba\u015fl\u0131\u011f\u0131d\u0131r.","og_url":"https:\/\/www.havuzadairhersey.com\/index.php\/urun\/plastik-kisa-semsiye-nozul\/","article_modified_time":"2025-04-15T19:15:52+00:00","og_image":[{"width":1875,"height":2500,"url":"https:\/\/www.havuzadairhersey.com\/wp-content\/uploads\/2025\/04\/1-174.png","type":"image\/png"}],"twitter_card":"summary_large_image","schema":{"@context":"https:\/\/schema.org","@graph":[{"@type":"WebPage","@id":"https:\/\/www.havuzadairhersey.com\/index.php\/urun\/plastik-kisa-semsiye-nozul\/","url":"https:\/\/www.havuzadairhersey.com\/index.php\/urun\/plastik-kisa-semsiye-nozul\/","name":"Plastik K\u0131sa \u015eemsiye Nozul -","isPartOf":{"@id":"https:\/\/www.havuzadairhersey.com\/#website"},"primaryImageOfPage":{"@id":"https:\/\/www.havuzadairhersey.com\/index.php\/urun\/plastik-kisa-semsiye-nozul\/#primaryimage"},"image":{"@id":"https:\/\/www.havuzadairhersey.com\/index.php\/urun\/plastik-kisa-semsiye-nozul\/#primaryimage"},"thumbnailUrl":"https:\/\/www.havuzadairhersey.com\/wp-content\/uploads\/2025\/04\/1-174.png","datePublished":"2025-04-15T19:15:51+00:00","dateModified":"2025-04-15T19:15:52+00:00","breadcrumb":{"@id":"https:\/\/www.havuzadairhersey.com\/index.php\/urun\/plastik-kisa-semsiye-nozul\/#breadcrumb"},"inLanguage":"tr","potentialAction":[{"@type":"ReadAction","target":["https:\/\/www.havuzadairhersey.com\/index.php\/urun\/plastik-kisa-semsiye-nozul\/"]}]},{"@type":"ImageObject","inLanguage":"tr","@id":"https:\/\/www.havuzadairhersey.com\/index.php\/urun\/plastik-kisa-semsiye-nozul\/#primaryimage","url":"https:\/\/www.havuzadairhersey.com\/wp-content\/uploads\/2025\/04\/1-174.png","contentUrl":"https:\/\/www.havuzadairhersey.com\/wp-content\/uploads\/2025\/04\/1-174.png","width":1875,"height":2500,"caption":"108 mm y\u00fcksekli\u011finde, k\u0131sa tasar\u0131ml\u0131 plastik havuz f\u0131skiye nozulu"},{"@type":"BreadcrumbList","@id":"https:\/\/www.havuzadairhersey.com\/index.php\/urun\/plastik-kisa-semsiye-nozul\/#breadcrumb","itemListElement":[{"@type":"ListItem","position":1,"name":"Anasayfa","item":"https:\/\/www.havuzadairhersey.com\/"},{"@type":"ListItem","position":2,"name":"Ma\u011faza","item":"https:\/\/www.havuzadairhersey.com\/"},{"@type":"ListItem","position":3,"name":"Plastik K\u0131sa \u015eemsiye Nozul"}]},{"@type":"WebSite","@id":"https:\/\/www.havuzadairhersey.com\/#website","url":"https:\/\/www.havuzadairhersey.com\/","name":"","description":"Havuza dair arad\u0131\u011f\u0131n\u0131z her\u015fey burada...","potentialAction":[{"@type":"SearchAction","target":{"@type":"EntryPoint","urlTemplate":"https:\/\/www.havuzadairhersey.com\/?s={search_term_string}"},"query-input":{"@type":"PropertyValueSpecification","valueRequired":true,"valueName":"search_term_string"}}],"inLanguage":"tr"}]}},"_links":{"self":[{"href":"https:\/\/www.havuzadairhersey.com\/index.php\/wp-json\/wp\/v2\/product\/1631","targetHints":{"allow":["GET"]}}],"collection":[{"href":"https:\/\/www.havuzadairhersey.com\/index.php\/wp-json\/wp\/v2\/product"}],"about":[{"href":"https:\/\/www.havuzadairhersey.com\/index.php\/wp-json\/wp\/v2\/types\/product"}],"replies":[{"embeddable":true,"href":"https:\/\/www.havuzadairhersey.com\/index.php\/wp-json\/wp\/v2\/comments?post=1631"}],"wp:featuredmedia":[{"embeddable":true,"href":"https:\/\/www.havuzadairhersey.com\/index.php\/wp-json\/wp\/v2\/media\/1632"}],"wp:attachment":[{"href":"https:\/\/www.havuzadairhersey.com\/index.php\/wp-json\/wp\/v2\/media?parent=1631"}],"wp:term":[{"taxonomy":"product_brand","embeddable":true,"href":"https:\/\/www.havuzadairhersey.com\/index.php\/wp-json\/wp\/v2\/product_brand?post=1631"},{"taxonomy":"product_cat","embeddable":true,"href":"https:\/\/www.havuzadairhersey.com\/index.php\/wp-json\/wp\/v2\/product_cat?post=1631"},{"taxonomy":"product_tag","embeddable":true,"href":"https:\/\/www.havuzadairhersey.com\/index.php\/wp-json\/wp\/v2\/product_tag?post=1631"}],"curies":[{"name":"wp","href":"https:\/\/api.w.org\/{rel}","templated":true}]}}