{"id":1639,"date":"2025-04-15T22:21:42","date_gmt":"2025-04-15T19:21:42","guid":{"rendered":"https:\/\/www.havuzadairhersey.com\/?post_type=product&#038;p=1639"},"modified":"2025-04-15T22:21:43","modified_gmt":"2025-04-15T19:21:43","slug":"35-10e-kopuk-nozul-2","status":"publish","type":"product","link":"https:\/\/www.havuzadairhersey.com\/index.php\/urun\/35-10e-kopuk-nozul-2\/","title":{"rendered":"35-10E K\u00f6p\u00fck Nozul"},"content":{"rendered":"<p>ATS SUS086 ve ATS SUS104 kodlu 35-10E paslanmaz k\u00f6p\u00fck nozullar, g\u00fc\u00e7l\u00fc ve kabar\u0131k su \u00e7\u0131k\u0131\u015f\u0131yla etkileyici su g\u00f6sterileri olu\u015fturmak i\u00e7in ideal bir tercihtir. 1&#8243; ba\u011flant\u0131 \u00e7ap\u0131na sahip bu nozullar; 3,10 m\u00b3\/h ile 9,60 m\u00b3\/h aras\u0131nda debi de\u011ferleri ve 0,25 metreden 4 metreye kadar y\u00fckseklik aral\u0131\u011f\u0131 ile farkl\u0131 projelere esnek \u00e7\u00f6z\u00fcmler sunar. \u0130\u00e7 aksam\u0131 plastik olan model (ATS SUS086) hafiflik sunarken, bronz k\u00fcreli model (ATS SUS104) daha dayan\u0131kl\u0131 bir yap\u0131 sa\u011flar. Estetik ve homojen k\u00f6p\u00fck efektleri i\u00e7in s\u00fcs havuzlar\u0131, park \u00e7e\u015fmeleri ve g\u00f6rsel su sistemlerinde idealdir.<\/p>\n","protected":false},"excerpt":{"rendered":"<p>1&#8243; ba\u011flant\u0131l\u0131, paslanmaz g\u00f6vdeli k\u00f6p\u00fck nozul; 4 m\u2019ye kadar y\u00fckseklik ve 9,60 m\u00b3\/h debi kapasitesine sahiptir.<\/p>\n","protected":false},"featured_media":1640,"comment_status":"open","ping_status":"closed","template":"","meta":{"site-sidebar-layout":"default","site-content-layout":"","ast-site-content-layout":"default","site-content-style":"default","site-sidebar-style":"default","ast-global-header-display":"","ast-banner-title-visibility":"","ast-main-header-display":"","ast-hfb-above-header-display":"","ast-hfb-below-header-display":"","ast-hfb-mobile-header-display":"","site-post-title":"","ast-breadcrumbs-content":"","ast-featured-img":"","footer-sml-layout":"","theme-transparent-header-meta":"default","adv-header-id-meta":"","stick-header-meta":"","header-above-stick-meta":"","header-main-stick-meta":"","header-below-stick-meta":"","astra-migrate-meta-layouts":"set","ast-page-background-enabled":"default","ast-page-background-meta":{"desktop":{"background-color":"var(--ast-global-color-5)","background-image":"","background-repeat":"repeat","background-position":"center center","background-size":"auto","background-attachment":"scroll","background-type":"","background-media":"","overlay-type":"","overlay-color":"","overlay-opacity":"","overlay-gradient":""},"tablet":{"background-color":"","background-image":"","background-repeat":"repeat","background-position":"center center","background-size":"auto","background-attachment":"scroll","background-type":"","background-media":"","overlay-type":"","overlay-color":"","overlay-opacity":"","overlay-gradient":""},"mobile":{"background-color":"","background-image":"","background-repeat":"repeat","background-position":"center center","background-size":"auto","background-attachment":"scroll","background-type":"","background-media":"","overlay-type":"","overlay-color":"","overlay-opacity":"","overlay-gradient":""}},"ast-content-background-meta":{"desktop":{"background-color":"var(--ast-global-color-4)","background-image":"","background-repeat":"repeat","background-position":"center center","background-size":"auto","background-attachment":"scroll","background-type":"","background-media":"","overlay-type":"","overlay-color":"","overlay-opacity":"","overlay-gradient":""},"tablet":{"background-color":"var(--ast-global-color-4)","background-image":"","background-repeat":"repeat","background-position":"center center","background-size":"auto","background-attachment":"scroll","background-type":"","background-media":"","overlay-type":"","overlay-color":"","overlay-opacity":"","overlay-gradient":""},"mobile":{"background-color":"var(--ast-global-color-4)","background-image":"","background-repeat":"repeat","background-position":"center center","background-size":"auto","background-attachment":"scroll","background-type":"","background-media":"","overlay-type":"","overlay-color":"","overlay-opacity":"","overlay-gradient":""}}},"product_brand":[30],"product_cat":[1900],"product_tag":[2196,2228,2229,2224,2226,2078,2032,2225,2227,1920],"class_list":{"0":"post-1639","1":"product","2":"type-product","3":"status-publish","4":"has-post-thumbnail","6":"product_brand-atlaspool","7":"product_cat-sus-havuzu-aydinlatma-lambalari","8":"product_tag-35-10e-nozul","9":"product_tag-ats-sus086","10":"product_tag-ats-sus104","11":"product_tag-bronz-kureli-nozul","12":"product_tag-havuz-kopuk-basligi","13":"product_tag-kopuk-nozul","14":"product_tag-paslanmaz-nozul","15":"product_tag-plastik-ic-aksam-nozul","16":"product_tag-su-gosterisi-nozul","17":"product_tag-sus-havuzu-nozul","18":"desktop-align-left","19":"tablet-align-left","20":"mobile-align-left","22":"first","23":"instock","24":"shipping-taxable","25":"purchasable","26":"product-type-simple"},"yoast_head":"<!-- This site is optimized with the Yoast SEO plugin v25.0 - https:\/\/yoast.com\/wordpress\/plugins\/seo\/ -->\n<title>35-10E K\u00f6p\u00fck Nozul -<\/title>\n<meta name=\"robots\" content=\"index, follow, max-snippet:-1, max-image-preview:large, max-video-preview:-1\" \/>\n<link rel=\"canonical\" href=\"https:\/\/www.havuzadairhersey.com\/index.php\/urun\/35-10e-kopuk-nozul-2\/\" \/>\n<meta property=\"og:locale\" content=\"tr_TR\" \/>\n<meta property=\"og:type\" content=\"article\" \/>\n<meta property=\"og:title\" content=\"35-10E K\u00f6p\u00fck Nozul -\" \/>\n<meta property=\"og:description\" content=\"1&quot; ba\u011flant\u0131l\u0131, paslanmaz g\u00f6vdeli k\u00f6p\u00fck nozul; 4 m\u2019ye kadar y\u00fckseklik ve 9,60 m\u00b3\/h debi kapasitesine sahiptir.\" \/>\n<meta property=\"og:url\" content=\"https:\/\/www.havuzadairhersey.com\/index.php\/urun\/35-10e-kopuk-nozul-2\/\" \/>\n<meta property=\"article:modified_time\" content=\"2025-04-15T19:21:43+00:00\" \/>\n<meta property=\"og:image\" content=\"https:\/\/www.havuzadairhersey.com\/wp-content\/uploads\/2025\/04\/1-176.png\" \/>\n\t<meta property=\"og:image:width\" content=\"1875\" \/>\n\t<meta property=\"og:image:height\" content=\"2500\" \/>\n\t<meta property=\"og:image:type\" content=\"image\/png\" \/>\n<meta name=\"twitter:card\" content=\"summary_large_image\" \/>\n<meta name=\"twitter:label1\" content=\"Tahmini okuma s\u00fcresi\" \/>\n\t<meta name=\"twitter:data1\" content=\"1 dakika\" \/>\n<script type=\"application\/ld+json\" class=\"yoast-schema-graph\">{\"@context\":\"https:\/\/schema.org\",\"@graph\":[{\"@type\":\"WebPage\",\"@id\":\"https:\/\/www.havuzadairhersey.com\/index.php\/urun\/35-10e-kopuk-nozul-2\/\",\"url\":\"https:\/\/www.havuzadairhersey.com\/index.php\/urun\/35-10e-kopuk-nozul-2\/\",\"name\":\"35-10E K\u00f6p\u00fck Nozul -\",\"isPartOf\":{\"@id\":\"https:\/\/www.havuzadairhersey.com\/#website\"},\"primaryImageOfPage\":{\"@id\":\"https:\/\/www.havuzadairhersey.com\/index.php\/urun\/35-10e-kopuk-nozul-2\/#primaryimage\"},\"image\":{\"@id\":\"https:\/\/www.havuzadairhersey.com\/index.php\/urun\/35-10e-kopuk-nozul-2\/#primaryimage\"},\"thumbnailUrl\":\"https:\/\/www.havuzadairhersey.com\/wp-content\/uploads\/2025\/04\/1-176.png\",\"datePublished\":\"2025-04-15T19:21:42+00:00\",\"dateModified\":\"2025-04-15T19:21:43+00:00\",\"breadcrumb\":{\"@id\":\"https:\/\/www.havuzadairhersey.com\/index.php\/urun\/35-10e-kopuk-nozul-2\/#breadcrumb\"},\"inLanguage\":\"tr\",\"potentialAction\":[{\"@type\":\"ReadAction\",\"target\":[\"https:\/\/www.havuzadairhersey.com\/index.php\/urun\/35-10e-kopuk-nozul-2\/\"]}]},{\"@type\":\"ImageObject\",\"inLanguage\":\"tr\",\"@id\":\"https:\/\/www.havuzadairhersey.com\/index.php\/urun\/35-10e-kopuk-nozul-2\/#primaryimage\",\"url\":\"https:\/\/www.havuzadairhersey.com\/wp-content\/uploads\/2025\/04\/1-176.png\",\"contentUrl\":\"https:\/\/www.havuzadairhersey.com\/wp-content\/uploads\/2025\/04\/1-176.png\",\"width\":1875,\"height\":2500,\"caption\":\"Bronz k\u00fcreli veya plastik i\u00e7 aksaml\u0131 k\u00f6p\u00fck nozul ile dekoratif su efekti\"},{\"@type\":\"BreadcrumbList\",\"@id\":\"https:\/\/www.havuzadairhersey.com\/index.php\/urun\/35-10e-kopuk-nozul-2\/#breadcrumb\",\"itemListElement\":[{\"@type\":\"ListItem\",\"position\":1,\"name\":\"Anasayfa\",\"item\":\"https:\/\/www.havuzadairhersey.com\/\"},{\"@type\":\"ListItem\",\"position\":2,\"name\":\"Ma\u011faza\",\"item\":\"https:\/\/www.havuzadairhersey.com\/\"},{\"@type\":\"ListItem\",\"position\":3,\"name\":\"35-10E K\u00f6p\u00fck Nozul\"}]},{\"@type\":\"WebSite\",\"@id\":\"https:\/\/www.havuzadairhersey.com\/#website\",\"url\":\"https:\/\/www.havuzadairhersey.com\/\",\"name\":\"\",\"description\":\"Havuza dair arad\u0131\u011f\u0131n\u0131z her\u015fey burada...\",\"potentialAction\":[{\"@type\":\"SearchAction\",\"target\":{\"@type\":\"EntryPoint\",\"urlTemplate\":\"https:\/\/www.havuzadairhersey.com\/?s={search_term_string}\"},\"query-input\":{\"@type\":\"PropertyValueSpecification\",\"valueRequired\":true,\"valueName\":\"search_term_string\"}}],\"inLanguage\":\"tr\"}]}<\/script>\n<!-- \/ Yoast SEO plugin. -->","yoast_head_json":{"title":"35-10E K\u00f6p\u00fck Nozul -","robots":{"index":"index","follow":"follow","max-snippet":"max-snippet:-1","max-image-preview":"max-image-preview:large","max-video-preview":"max-video-preview:-1"},"canonical":"https:\/\/www.havuzadairhersey.com\/index.php\/urun\/35-10e-kopuk-nozul-2\/","og_locale":"tr_TR","og_type":"article","og_title":"35-10E K\u00f6p\u00fck Nozul -","og_description":"1\" ba\u011flant\u0131l\u0131, paslanmaz g\u00f6vdeli k\u00f6p\u00fck nozul; 4 m\u2019ye kadar y\u00fckseklik ve 9,60 m\u00b3\/h debi kapasitesine sahiptir.","og_url":"https:\/\/www.havuzadairhersey.com\/index.php\/urun\/35-10e-kopuk-nozul-2\/","article_modified_time":"2025-04-15T19:21:43+00:00","og_image":[{"width":1875,"height":2500,"url":"https:\/\/www.havuzadairhersey.com\/wp-content\/uploads\/2025\/04\/1-176.png","type":"image\/png"}],"twitter_card":"summary_large_image","twitter_misc":{"Tahmini okuma s\u00fcresi":"1 dakika"},"schema":{"@context":"https:\/\/schema.org","@graph":[{"@type":"WebPage","@id":"https:\/\/www.havuzadairhersey.com\/index.php\/urun\/35-10e-kopuk-nozul-2\/","url":"https:\/\/www.havuzadairhersey.com\/index.php\/urun\/35-10e-kopuk-nozul-2\/","name":"35-10E K\u00f6p\u00fck Nozul -","isPartOf":{"@id":"https:\/\/www.havuzadairhersey.com\/#website"},"primaryImageOfPage":{"@id":"https:\/\/www.havuzadairhersey.com\/index.php\/urun\/35-10e-kopuk-nozul-2\/#primaryimage"},"image":{"@id":"https:\/\/www.havuzadairhersey.com\/index.php\/urun\/35-10e-kopuk-nozul-2\/#primaryimage"},"thumbnailUrl":"https:\/\/www.havuzadairhersey.com\/wp-content\/uploads\/2025\/04\/1-176.png","datePublished":"2025-04-15T19:21:42+00:00","dateModified":"2025-04-15T19:21:43+00:00","breadcrumb":{"@id":"https:\/\/www.havuzadairhersey.com\/index.php\/urun\/35-10e-kopuk-nozul-2\/#breadcrumb"},"inLanguage":"tr","potentialAction":[{"@type":"ReadAction","target":["https:\/\/www.havuzadairhersey.com\/index.php\/urun\/35-10e-kopuk-nozul-2\/"]}]},{"@type":"ImageObject","inLanguage":"tr","@id":"https:\/\/www.havuzadairhersey.com\/index.php\/urun\/35-10e-kopuk-nozul-2\/#primaryimage","url":"https:\/\/www.havuzadairhersey.com\/wp-content\/uploads\/2025\/04\/1-176.png","contentUrl":"https:\/\/www.havuzadairhersey.com\/wp-content\/uploads\/2025\/04\/1-176.png","width":1875,"height":2500,"caption":"Bronz k\u00fcreli veya plastik i\u00e7 aksaml\u0131 k\u00f6p\u00fck nozul ile dekoratif su efekti"},{"@type":"BreadcrumbList","@id":"https:\/\/www.havuzadairhersey.com\/index.php\/urun\/35-10e-kopuk-nozul-2\/#breadcrumb","itemListElement":[{"@type":"ListItem","position":1,"name":"Anasayfa","item":"https:\/\/www.havuzadairhersey.com\/"},{"@type":"ListItem","position":2,"name":"Ma\u011faza","item":"https:\/\/www.havuzadairhersey.com\/"},{"@type":"ListItem","position":3,"name":"35-10E K\u00f6p\u00fck Nozul"}]},{"@type":"WebSite","@id":"https:\/\/www.havuzadairhersey.com\/#website","url":"https:\/\/www.havuzadairhersey.com\/","name":"","description":"Havuza dair arad\u0131\u011f\u0131n\u0131z her\u015fey burada...","potentialAction":[{"@type":"SearchAction","target":{"@type":"EntryPoint","urlTemplate":"https:\/\/www.havuzadairhersey.com\/?s={search_term_string}"},"query-input":{"@type":"PropertyValueSpecification","valueRequired":true,"valueName":"search_term_string"}}],"inLanguage":"tr"}]}},"_links":{"self":[{"href":"https:\/\/www.havuzadairhersey.com\/index.php\/wp-json\/wp\/v2\/product\/1639","targetHints":{"allow":["GET"]}}],"collection":[{"href":"https:\/\/www.havuzadairhersey.com\/index.php\/wp-json\/wp\/v2\/product"}],"about":[{"href":"https:\/\/www.havuzadairhersey.com\/index.php\/wp-json\/wp\/v2\/types\/product"}],"replies":[{"embeddable":true,"href":"https:\/\/www.havuzadairhersey.com\/index.php\/wp-json\/wp\/v2\/comments?post=1639"}],"wp:featuredmedia":[{"embeddable":true,"href":"https:\/\/www.havuzadairhersey.com\/index.php\/wp-json\/wp\/v2\/media\/1640"}],"wp:attachment":[{"href":"https:\/\/www.havuzadairhersey.com\/index.php\/wp-json\/wp\/v2\/media?parent=1639"}],"wp:term":[{"taxonomy":"product_brand","embeddable":true,"href":"https:\/\/www.havuzadairhersey.com\/index.php\/wp-json\/wp\/v2\/product_brand?post=1639"},{"taxonomy":"product_cat","embeddable":true,"href":"https:\/\/www.havuzadairhersey.com\/index.php\/wp-json\/wp\/v2\/product_cat?post=1639"},{"taxonomy":"product_tag","embeddable":true,"href":"https:\/\/www.havuzadairhersey.com\/index.php\/wp-json\/wp\/v2\/product_tag?post=1639"}],"curies":[{"name":"wp","href":"https:\/\/api.w.org\/{rel}","templated":true}]}}