{"id":1644,"date":"2025-04-15T22:25:39","date_gmt":"2025-04-15T19:25:39","guid":{"rendered":"https:\/\/www.havuzadairhersey.com\/?post_type=product&#038;p=1644"},"modified":"2025-04-15T22:25:40","modified_gmt":"2025-04-15T19:25:40","slug":"55-15e-paslanmaz-kopuk-nozul","status":"publish","type":"product","link":"https:\/\/www.havuzadairhersey.com\/index.php\/urun\/55-15e-paslanmaz-kopuk-nozul\/","title":{"rendered":"55-15E Paslanmaz K\u00f6p\u00fck Nozul"},"content":{"rendered":"<p>ATS SUS087, SUS105 ve SUS106 kodlu 55-15E serisi paslanmaz k\u00f6p\u00fck nozullar; etkileyici hacimli k\u00f6p\u00fck su efektleri i\u00e7in tasarlanm\u0131\u015ft\u0131r. 1\u201d ve 1 1\/2\u201d ba\u011flant\u0131 se\u00e7enekleri ile sunulan bu nozul, 6 m\u00b3\/h ile 23 m\u00b3\/h aras\u0131nda de\u011fi\u015fen debi de\u011ferleriyle 4 metreye kadar g\u00fc\u00e7l\u00fc ve kabar\u0131k su s\u00fctunu olu\u015fturabilir. Bronz k\u00fcreli veya i\u00e7 aksam\u0131 plastik olan modeller mevcuttur. S\u00fcs havuzlar\u0131, park \u00e7e\u015fmeleri, \u015fehir meydan\u0131 dekorasyonlar\u0131 ve g\u00f6steri havuzlar\u0131nda estetik g\u00f6rsellik ve g\u00fc\u00e7l\u00fc performans sa\u011flar. Paslanmaz g\u00f6vdesi sayesinde uzun \u00f6m\u00fcrl\u00fcd\u00fcr.<\/p>\n","protected":false},"excerpt":{"rendered":"<p>Paslanmaz k\u00f6p\u00fck nozul, 1\u201d ve 1 1\/2\u201d ba\u011flant\u0131l\u0131, 4 m y\u00fcksekli\u011fe kadar k\u00f6p\u00fck su efekti sunar.<\/p>\n","protected":false},"featured_media":1645,"comment_status":"open","ping_status":"closed","template":"","meta":{"site-sidebar-layout":"default","site-content-layout":"","ast-site-content-layout":"default","site-content-style":"default","site-sidebar-style":"default","ast-global-header-display":"","ast-banner-title-visibility":"","ast-main-header-display":"","ast-hfb-above-header-display":"","ast-hfb-below-header-display":"","ast-hfb-mobile-header-display":"","site-post-title":"","ast-breadcrumbs-content":"","ast-featured-img":"","footer-sml-layout":"","theme-transparent-header-meta":"default","adv-header-id-meta":"","stick-header-meta":"","header-above-stick-meta":"","header-main-stick-meta":"","header-below-stick-meta":"","astra-migrate-meta-layouts":"set","ast-page-background-enabled":"default","ast-page-background-meta":{"desktop":{"background-color":"var(--ast-global-color-5)","background-image":"","background-repeat":"repeat","background-position":"center center","background-size":"auto","background-attachment":"scroll","background-type":"","background-media":"","overlay-type":"","overlay-color":"","overlay-opacity":"","overlay-gradient":""},"tablet":{"background-color":"","background-image":"","background-repeat":"repeat","background-position":"center center","background-size":"auto","background-attachment":"scroll","background-type":"","background-media":"","overlay-type":"","overlay-color":"","overlay-opacity":"","overlay-gradient":""},"mobile":{"background-color":"","background-image":"","background-repeat":"repeat","background-position":"center center","background-size":"auto","background-attachment":"scroll","background-type":"","background-media":"","overlay-type":"","overlay-color":"","overlay-opacity":"","overlay-gradient":""}},"ast-content-background-meta":{"desktop":{"background-color":"var(--ast-global-color-4)","background-image":"","background-repeat":"repeat","background-position":"center center","background-size":"auto","background-attachment":"scroll","background-type":"","background-media":"","overlay-type":"","overlay-color":"","overlay-opacity":"","overlay-gradient":""},"tablet":{"background-color":"var(--ast-global-color-4)","background-image":"","background-repeat":"repeat","background-position":"center center","background-size":"auto","background-attachment":"scroll","background-type":"","background-media":"","overlay-type":"","overlay-color":"","overlay-opacity":"","overlay-gradient":""},"mobile":{"background-color":"var(--ast-global-color-4)","background-image":"","background-repeat":"repeat","background-position":"center center","background-size":"auto","background-attachment":"scroll","background-type":"","background-media":"","overlay-type":"","overlay-color":"","overlay-opacity":"","overlay-gradient":""}}},"product_brand":[30],"product_cat":[1900],"product_tag":[2082,2233,2234,2237,2238,2239,2224,2235,1918,2227,2236],"class_list":{"0":"post-1644","1":"product","2":"type-product","3":"status-publish","4":"has-post-thumbnail","6":"product_brand-atlaspool","7":"product_cat-sus-havuzu-aydinlatma-lambalari","8":"product_tag-1-inc-nozul","9":"product_tag-1-5-inc-nozul","10":"product_tag-55-15e-nozul","11":"product_tag-ats-sus087","12":"product_tag-ats-sus105","13":"product_tag-ats-sus106","14":"product_tag-bronz-kureli-nozul","15":"product_tag-gosteri-havuzu-basligi","16":"product_tag-paslanmaz-kopuk-nozul","17":"product_tag-su-gosterisi-nozul","18":"product_tag-sus-havuzu-kopuk-nozul","19":"desktop-align-left","20":"tablet-align-left","21":"mobile-align-left","23":"first","24":"instock","25":"shipping-taxable","26":"purchasable","27":"product-type-simple"},"yoast_head":"<!-- This site is optimized with the Yoast SEO plugin v25.0 - https:\/\/yoast.com\/wordpress\/plugins\/seo\/ -->\n<title>55-15E Paslanmaz K\u00f6p\u00fck Nozul -<\/title>\n<meta name=\"robots\" content=\"index, follow, max-snippet:-1, max-image-preview:large, max-video-preview:-1\" \/>\n<link rel=\"canonical\" href=\"https:\/\/www.havuzadairhersey.com\/index.php\/urun\/55-15e-paslanmaz-kopuk-nozul\/\" \/>\n<meta property=\"og:locale\" content=\"tr_TR\" \/>\n<meta property=\"og:type\" content=\"article\" \/>\n<meta property=\"og:title\" content=\"55-15E Paslanmaz K\u00f6p\u00fck Nozul -\" \/>\n<meta property=\"og:description\" content=\"Paslanmaz k\u00f6p\u00fck nozul, 1\u201d ve 1 1\/2\u201d ba\u011flant\u0131l\u0131, 4 m y\u00fcksekli\u011fe kadar k\u00f6p\u00fck su efekti sunar.\" \/>\n<meta property=\"og:url\" content=\"https:\/\/www.havuzadairhersey.com\/index.php\/urun\/55-15e-paslanmaz-kopuk-nozul\/\" \/>\n<meta property=\"article:modified_time\" content=\"2025-04-15T19:25:40+00:00\" \/>\n<meta property=\"og:image\" content=\"https:\/\/www.havuzadairhersey.com\/wp-content\/uploads\/2025\/04\/1-177.png\" \/>\n\t<meta property=\"og:image:width\" content=\"1875\" \/>\n\t<meta property=\"og:image:height\" content=\"2500\" \/>\n\t<meta property=\"og:image:type\" content=\"image\/png\" \/>\n<meta name=\"twitter:card\" content=\"summary_large_image\" \/>\n<meta name=\"twitter:label1\" content=\"Tahmini okuma s\u00fcresi\" \/>\n\t<meta name=\"twitter:data1\" content=\"1 dakika\" \/>\n<script type=\"application\/ld+json\" class=\"yoast-schema-graph\">{\"@context\":\"https:\/\/schema.org\",\"@graph\":[{\"@type\":\"WebPage\",\"@id\":\"https:\/\/www.havuzadairhersey.com\/index.php\/urun\/55-15e-paslanmaz-kopuk-nozul\/\",\"url\":\"https:\/\/www.havuzadairhersey.com\/index.php\/urun\/55-15e-paslanmaz-kopuk-nozul\/\",\"name\":\"55-15E Paslanmaz K\u00f6p\u00fck Nozul -\",\"isPartOf\":{\"@id\":\"https:\/\/www.havuzadairhersey.com\/#website\"},\"primaryImageOfPage\":{\"@id\":\"https:\/\/www.havuzadairhersey.com\/index.php\/urun\/55-15e-paslanmaz-kopuk-nozul\/#primaryimage\"},\"image\":{\"@id\":\"https:\/\/www.havuzadairhersey.com\/index.php\/urun\/55-15e-paslanmaz-kopuk-nozul\/#primaryimage\"},\"thumbnailUrl\":\"https:\/\/www.havuzadairhersey.com\/wp-content\/uploads\/2025\/04\/1-177.png\",\"datePublished\":\"2025-04-15T19:25:39+00:00\",\"dateModified\":\"2025-04-15T19:25:40+00:00\",\"breadcrumb\":{\"@id\":\"https:\/\/www.havuzadairhersey.com\/index.php\/urun\/55-15e-paslanmaz-kopuk-nozul\/#breadcrumb\"},\"inLanguage\":\"tr\",\"potentialAction\":[{\"@type\":\"ReadAction\",\"target\":[\"https:\/\/www.havuzadairhersey.com\/index.php\/urun\/55-15e-paslanmaz-kopuk-nozul\/\"]}]},{\"@type\":\"ImageObject\",\"inLanguage\":\"tr\",\"@id\":\"https:\/\/www.havuzadairhersey.com\/index.php\/urun\/55-15e-paslanmaz-kopuk-nozul\/#primaryimage\",\"url\":\"https:\/\/www.havuzadairhersey.com\/wp-content\/uploads\/2025\/04\/1-177.png\",\"contentUrl\":\"https:\/\/www.havuzadairhersey.com\/wp-content\/uploads\/2025\/04\/1-177.png\",\"width\":1875,\"height\":2500,\"caption\":\"55-15E serisi paslanmaz k\u00f6p\u00fck nozullar ile y\u00fcksek hacimli k\u00f6p\u00fck su efekti\"},{\"@type\":\"BreadcrumbList\",\"@id\":\"https:\/\/www.havuzadairhersey.com\/index.php\/urun\/55-15e-paslanmaz-kopuk-nozul\/#breadcrumb\",\"itemListElement\":[{\"@type\":\"ListItem\",\"position\":1,\"name\":\"Anasayfa\",\"item\":\"https:\/\/www.havuzadairhersey.com\/\"},{\"@type\":\"ListItem\",\"position\":2,\"name\":\"Ma\u011faza\",\"item\":\"https:\/\/www.havuzadairhersey.com\/\"},{\"@type\":\"ListItem\",\"position\":3,\"name\":\"55-15E Paslanmaz K\u00f6p\u00fck Nozul\"}]},{\"@type\":\"WebSite\",\"@id\":\"https:\/\/www.havuzadairhersey.com\/#website\",\"url\":\"https:\/\/www.havuzadairhersey.com\/\",\"name\":\"\",\"description\":\"Havuza dair arad\u0131\u011f\u0131n\u0131z her\u015fey burada...\",\"potentialAction\":[{\"@type\":\"SearchAction\",\"target\":{\"@type\":\"EntryPoint\",\"urlTemplate\":\"https:\/\/www.havuzadairhersey.com\/?s={search_term_string}\"},\"query-input\":{\"@type\":\"PropertyValueSpecification\",\"valueRequired\":true,\"valueName\":\"search_term_string\"}}],\"inLanguage\":\"tr\"}]}<\/script>\n<!-- \/ Yoast SEO plugin. -->","yoast_head_json":{"title":"55-15E Paslanmaz K\u00f6p\u00fck Nozul -","robots":{"index":"index","follow":"follow","max-snippet":"max-snippet:-1","max-image-preview":"max-image-preview:large","max-video-preview":"max-video-preview:-1"},"canonical":"https:\/\/www.havuzadairhersey.com\/index.php\/urun\/55-15e-paslanmaz-kopuk-nozul\/","og_locale":"tr_TR","og_type":"article","og_title":"55-15E Paslanmaz K\u00f6p\u00fck Nozul -","og_description":"Paslanmaz k\u00f6p\u00fck nozul, 1\u201d ve 1 1\/2\u201d ba\u011flant\u0131l\u0131, 4 m y\u00fcksekli\u011fe kadar k\u00f6p\u00fck su efekti sunar.","og_url":"https:\/\/www.havuzadairhersey.com\/index.php\/urun\/55-15e-paslanmaz-kopuk-nozul\/","article_modified_time":"2025-04-15T19:25:40+00:00","og_image":[{"width":1875,"height":2500,"url":"https:\/\/www.havuzadairhersey.com\/wp-content\/uploads\/2025\/04\/1-177.png","type":"image\/png"}],"twitter_card":"summary_large_image","twitter_misc":{"Tahmini okuma s\u00fcresi":"1 dakika"},"schema":{"@context":"https:\/\/schema.org","@graph":[{"@type":"WebPage","@id":"https:\/\/www.havuzadairhersey.com\/index.php\/urun\/55-15e-paslanmaz-kopuk-nozul\/","url":"https:\/\/www.havuzadairhersey.com\/index.php\/urun\/55-15e-paslanmaz-kopuk-nozul\/","name":"55-15E Paslanmaz K\u00f6p\u00fck Nozul -","isPartOf":{"@id":"https:\/\/www.havuzadairhersey.com\/#website"},"primaryImageOfPage":{"@id":"https:\/\/www.havuzadairhersey.com\/index.php\/urun\/55-15e-paslanmaz-kopuk-nozul\/#primaryimage"},"image":{"@id":"https:\/\/www.havuzadairhersey.com\/index.php\/urun\/55-15e-paslanmaz-kopuk-nozul\/#primaryimage"},"thumbnailUrl":"https:\/\/www.havuzadairhersey.com\/wp-content\/uploads\/2025\/04\/1-177.png","datePublished":"2025-04-15T19:25:39+00:00","dateModified":"2025-04-15T19:25:40+00:00","breadcrumb":{"@id":"https:\/\/www.havuzadairhersey.com\/index.php\/urun\/55-15e-paslanmaz-kopuk-nozul\/#breadcrumb"},"inLanguage":"tr","potentialAction":[{"@type":"ReadAction","target":["https:\/\/www.havuzadairhersey.com\/index.php\/urun\/55-15e-paslanmaz-kopuk-nozul\/"]}]},{"@type":"ImageObject","inLanguage":"tr","@id":"https:\/\/www.havuzadairhersey.com\/index.php\/urun\/55-15e-paslanmaz-kopuk-nozul\/#primaryimage","url":"https:\/\/www.havuzadairhersey.com\/wp-content\/uploads\/2025\/04\/1-177.png","contentUrl":"https:\/\/www.havuzadairhersey.com\/wp-content\/uploads\/2025\/04\/1-177.png","width":1875,"height":2500,"caption":"55-15E serisi paslanmaz k\u00f6p\u00fck nozullar ile y\u00fcksek hacimli k\u00f6p\u00fck su efekti"},{"@type":"BreadcrumbList","@id":"https:\/\/www.havuzadairhersey.com\/index.php\/urun\/55-15e-paslanmaz-kopuk-nozul\/#breadcrumb","itemListElement":[{"@type":"ListItem","position":1,"name":"Anasayfa","item":"https:\/\/www.havuzadairhersey.com\/"},{"@type":"ListItem","position":2,"name":"Ma\u011faza","item":"https:\/\/www.havuzadairhersey.com\/"},{"@type":"ListItem","position":3,"name":"55-15E Paslanmaz K\u00f6p\u00fck Nozul"}]},{"@type":"WebSite","@id":"https:\/\/www.havuzadairhersey.com\/#website","url":"https:\/\/www.havuzadairhersey.com\/","name":"","description":"Havuza dair arad\u0131\u011f\u0131n\u0131z her\u015fey burada...","potentialAction":[{"@type":"SearchAction","target":{"@type":"EntryPoint","urlTemplate":"https:\/\/www.havuzadairhersey.com\/?s={search_term_string}"},"query-input":{"@type":"PropertyValueSpecification","valueRequired":true,"valueName":"search_term_string"}}],"inLanguage":"tr"}]}},"_links":{"self":[{"href":"https:\/\/www.havuzadairhersey.com\/index.php\/wp-json\/wp\/v2\/product\/1644","targetHints":{"allow":["GET"]}}],"collection":[{"href":"https:\/\/www.havuzadairhersey.com\/index.php\/wp-json\/wp\/v2\/product"}],"about":[{"href":"https:\/\/www.havuzadairhersey.com\/index.php\/wp-json\/wp\/v2\/types\/product"}],"replies":[{"embeddable":true,"href":"https:\/\/www.havuzadairhersey.com\/index.php\/wp-json\/wp\/v2\/comments?post=1644"}],"wp:featuredmedia":[{"embeddable":true,"href":"https:\/\/www.havuzadairhersey.com\/index.php\/wp-json\/wp\/v2\/media\/1645"}],"wp:attachment":[{"href":"https:\/\/www.havuzadairhersey.com\/index.php\/wp-json\/wp\/v2\/media?parent=1644"}],"wp:term":[{"taxonomy":"product_brand","embeddable":true,"href":"https:\/\/www.havuzadairhersey.com\/index.php\/wp-json\/wp\/v2\/product_brand?post=1644"},{"taxonomy":"product_cat","embeddable":true,"href":"https:\/\/www.havuzadairhersey.com\/index.php\/wp-json\/wp\/v2\/product_cat?post=1644"},{"taxonomy":"product_tag","embeddable":true,"href":"https:\/\/www.havuzadairhersey.com\/index.php\/wp-json\/wp\/v2\/product_tag?post=1644"}],"curies":[{"name":"wp","href":"https:\/\/api.w.org\/{rel}","templated":true}]}}