{"id":1649,"date":"2025-04-15T22:48:47","date_gmt":"2025-04-15T19:48:47","guid":{"rendered":"https:\/\/www.havuzadairhersey.com\/?post_type=product&#038;p=1649"},"modified":"2025-04-15T22:48:48","modified_gmt":"2025-04-15T19:48:48","slug":"75-20t-paslanmaz-kopuk-nozul","status":"publish","type":"product","link":"https:\/\/www.havuzadairhersey.com\/index.php\/urun\/75-20t-paslanmaz-kopuk-nozul\/","title":{"rendered":"75-20T Paslanmaz K\u00f6p\u00fck Nozul"},"content":{"rendered":"<p>ATS SUS088 kodlu 75-20T paslanmaz k\u00f6p\u00fck nozul, b\u00fcy\u00fck hacimli ve etkileyici k\u00f6p\u00fck su \u00e7\u0131k\u0131\u015f\u0131 sa\u011flayan profesyonel bir f\u0131skiye ba\u015fl\u0131\u011f\u0131d\u0131r. 2&#8243; ba\u011flant\u0131 \u00e7ap\u0131, paslanmaz g\u00f6vde ve bronz k\u00fcreli i\u00e7 mekanizmas\u0131yla zorlu d\u0131\u015f ortam ko\u015fullar\u0131na dayan\u0131kl\u0131d\u0131r. 14 m\u00b3\/h ile 44 m\u00b3\/h aras\u0131 debi se\u00e7enekleriyle 4 metre y\u00fcksekli\u011fe kadar k\u00f6p\u00fck efekti olu\u015fturabilir. \u00d6zellikle \u015fehir meydanlar\u0131, b\u00fcy\u00fck s\u00fcs havuzlar\u0131 ve g\u00f6rsel g\u00f6steri havuzlar\u0131nda tercih edilen bu model, suya hacim kazand\u0131rarak dikkat \u00e7ekici bir g\u00f6r\u00fcnt\u00fc sunar.<\/p>\n","protected":false},"excerpt":{"rendered":"<p>2\u201d bronz k\u00fcreli paslanmaz k\u00f6p\u00fck nozul, 14\u201344 m\u00b3\/h debi ile 4 metre y\u00fcksekli\u011fe kadar k\u00f6p\u00fck su \u00e7\u0131k\u0131\u015f\u0131 sa\u011flar.<\/p>\n","protected":false},"featured_media":1654,"comment_status":"open","ping_status":"closed","template":"","meta":{"site-sidebar-layout":"default","site-content-layout":"","ast-site-content-layout":"default","site-content-style":"default","site-sidebar-style":"default","ast-global-header-display":"","ast-banner-title-visibility":"","ast-main-header-display":"","ast-hfb-above-header-display":"","ast-hfb-below-header-display":"","ast-hfb-mobile-header-display":"","site-post-title":"","ast-breadcrumbs-content":"","ast-featured-img":"","footer-sml-layout":"","theme-transparent-header-meta":"default","adv-header-id-meta":"","stick-header-meta":"","header-above-stick-meta":"","header-main-stick-meta":"","header-below-stick-meta":"","astra-migrate-meta-layouts":"set","ast-page-background-enabled":"default","ast-page-background-meta":{"desktop":{"background-color":"var(--ast-global-color-5)","background-image":"","background-repeat":"repeat","background-position":"center center","background-size":"auto","background-attachment":"scroll","background-type":"","background-media":"","overlay-type":"","overlay-color":"","overlay-opacity":"","overlay-gradient":""},"tablet":{"background-color":"","background-image":"","background-repeat":"repeat","background-position":"center center","background-size":"auto","background-attachment":"scroll","background-type":"","background-media":"","overlay-type":"","overlay-color":"","overlay-opacity":"","overlay-gradient":""},"mobile":{"background-color":"","background-image":"","background-repeat":"repeat","background-position":"center center","background-size":"auto","background-attachment":"scroll","background-type":"","background-media":"","overlay-type":"","overlay-color":"","overlay-opacity":"","overlay-gradient":""}},"ast-content-background-meta":{"desktop":{"background-color":"var(--ast-global-color-4)","background-image":"","background-repeat":"repeat","background-position":"center center","background-size":"auto","background-attachment":"scroll","background-type":"","background-media":"","overlay-type":"","overlay-color":"","overlay-opacity":"","overlay-gradient":""},"tablet":{"background-color":"var(--ast-global-color-4)","background-image":"","background-repeat":"repeat","background-position":"center center","background-size":"auto","background-attachment":"scroll","background-type":"","background-media":"","overlay-type":"","overlay-color":"","overlay-opacity":"","overlay-gradient":""},"mobile":{"background-color":"var(--ast-global-color-4)","background-image":"","background-repeat":"repeat","background-position":"center center","background-size":"auto","background-attachment":"scroll","background-type":"","background-media":"","overlay-type":"","overlay-color":"","overlay-opacity":"","overlay-gradient":""}}},"product_brand":[30],"product_cat":[1900],"product_tag":[2241,2240,2244,2224,2243,2245,2032,2247,2242,2246],"class_list":{"0":"post-1649","1":"product","2":"type-product","3":"status-publish","4":"has-post-thumbnail","6":"product_brand-atlaspool","7":"product_cat-sus-havuzu-aydinlatma-lambalari","8":"product_tag-2-inc-kopuk-baslik","9":"product_tag-75-20t-kopuk-nozul","10":"product_tag-ats-sus088","11":"product_tag-bronz-kureli-nozul","12":"product_tag-buyuk-havuz-nozulu","13":"product_tag-kopuk-fiskiye","14":"product_tag-paslanmaz-nozul","15":"product_tag-sehir-sus-havuzu-basligi","16":"product_tag-su-gosterisi-basligi","17":"product_tag-yuksek-debili-nozul","18":"desktop-align-left","19":"tablet-align-left","20":"mobile-align-left","22":"first","23":"instock","24":"shipping-taxable","25":"purchasable","26":"product-type-simple"},"yoast_head":"<!-- This site is optimized with the Yoast SEO plugin v25.0 - https:\/\/yoast.com\/wordpress\/plugins\/seo\/ -->\n<title>75-20T Paslanmaz K\u00f6p\u00fck Nozul -<\/title>\n<meta name=\"robots\" content=\"index, follow, max-snippet:-1, max-image-preview:large, max-video-preview:-1\" \/>\n<link rel=\"canonical\" href=\"https:\/\/www.havuzadairhersey.com\/index.php\/urun\/75-20t-paslanmaz-kopuk-nozul\/\" \/>\n<meta property=\"og:locale\" content=\"tr_TR\" \/>\n<meta property=\"og:type\" content=\"article\" \/>\n<meta property=\"og:title\" content=\"75-20T Paslanmaz K\u00f6p\u00fck Nozul -\" \/>\n<meta property=\"og:description\" content=\"2\u201d bronz k\u00fcreli paslanmaz k\u00f6p\u00fck nozul, 14\u201344 m\u00b3\/h debi ile 4 metre y\u00fcksekli\u011fe kadar k\u00f6p\u00fck su \u00e7\u0131k\u0131\u015f\u0131 sa\u011flar.\" \/>\n<meta property=\"og:url\" content=\"https:\/\/www.havuzadairhersey.com\/index.php\/urun\/75-20t-paslanmaz-kopuk-nozul\/\" \/>\n<meta property=\"article:modified_time\" content=\"2025-04-15T19:48:48+00:00\" \/>\n<meta property=\"og:image\" content=\"https:\/\/www.havuzadairhersey.com\/wp-content\/uploads\/2025\/04\/1-179.png\" \/>\n\t<meta property=\"og:image:width\" content=\"1875\" \/>\n\t<meta property=\"og:image:height\" content=\"2500\" \/>\n\t<meta property=\"og:image:type\" content=\"image\/png\" \/>\n<meta name=\"twitter:card\" content=\"summary_large_image\" \/>\n<meta name=\"twitter:label1\" content=\"Tahmini okuma s\u00fcresi\" \/>\n\t<meta name=\"twitter:data1\" content=\"1 dakika\" \/>\n<script type=\"application\/ld+json\" class=\"yoast-schema-graph\">{\"@context\":\"https:\/\/schema.org\",\"@graph\":[{\"@type\":\"WebPage\",\"@id\":\"https:\/\/www.havuzadairhersey.com\/index.php\/urun\/75-20t-paslanmaz-kopuk-nozul\/\",\"url\":\"https:\/\/www.havuzadairhersey.com\/index.php\/urun\/75-20t-paslanmaz-kopuk-nozul\/\",\"name\":\"75-20T Paslanmaz K\u00f6p\u00fck Nozul -\",\"isPartOf\":{\"@id\":\"https:\/\/www.havuzadairhersey.com\/#website\"},\"primaryImageOfPage\":{\"@id\":\"https:\/\/www.havuzadairhersey.com\/index.php\/urun\/75-20t-paslanmaz-kopuk-nozul\/#primaryimage\"},\"image\":{\"@id\":\"https:\/\/www.havuzadairhersey.com\/index.php\/urun\/75-20t-paslanmaz-kopuk-nozul\/#primaryimage\"},\"thumbnailUrl\":\"https:\/\/www.havuzadairhersey.com\/wp-content\/uploads\/2025\/04\/1-179.png\",\"datePublished\":\"2025-04-15T19:48:47+00:00\",\"dateModified\":\"2025-04-15T19:48:48+00:00\",\"breadcrumb\":{\"@id\":\"https:\/\/www.havuzadairhersey.com\/index.php\/urun\/75-20t-paslanmaz-kopuk-nozul\/#breadcrumb\"},\"inLanguage\":\"tr\",\"potentialAction\":[{\"@type\":\"ReadAction\",\"target\":[\"https:\/\/www.havuzadairhersey.com\/index.php\/urun\/75-20t-paslanmaz-kopuk-nozul\/\"]}]},{\"@type\":\"ImageObject\",\"inLanguage\":\"tr\",\"@id\":\"https:\/\/www.havuzadairhersey.com\/index.php\/urun\/75-20t-paslanmaz-kopuk-nozul\/#primaryimage\",\"url\":\"https:\/\/www.havuzadairhersey.com\/wp-content\/uploads\/2025\/04\/1-179.png\",\"contentUrl\":\"https:\/\/www.havuzadairhersey.com\/wp-content\/uploads\/2025\/04\/1-179.png\",\"width\":1875,\"height\":2500,\"caption\":\"Y\u00fcksek debili paslanmaz k\u00f6p\u00fck nozul ile \u015fehir meydanlar\u0131nda g\u00f6rsel su \u015fovlar\u0131\"},{\"@type\":\"BreadcrumbList\",\"@id\":\"https:\/\/www.havuzadairhersey.com\/index.php\/urun\/75-20t-paslanmaz-kopuk-nozul\/#breadcrumb\",\"itemListElement\":[{\"@type\":\"ListItem\",\"position\":1,\"name\":\"Anasayfa\",\"item\":\"https:\/\/www.havuzadairhersey.com\/\"},{\"@type\":\"ListItem\",\"position\":2,\"name\":\"Ma\u011faza\",\"item\":\"https:\/\/www.havuzadairhersey.com\/\"},{\"@type\":\"ListItem\",\"position\":3,\"name\":\"75-20T Paslanmaz K\u00f6p\u00fck Nozul\"}]},{\"@type\":\"WebSite\",\"@id\":\"https:\/\/www.havuzadairhersey.com\/#website\",\"url\":\"https:\/\/www.havuzadairhersey.com\/\",\"name\":\"\",\"description\":\"Havuza dair arad\u0131\u011f\u0131n\u0131z her\u015fey burada...\",\"potentialAction\":[{\"@type\":\"SearchAction\",\"target\":{\"@type\":\"EntryPoint\",\"urlTemplate\":\"https:\/\/www.havuzadairhersey.com\/?s={search_term_string}\"},\"query-input\":{\"@type\":\"PropertyValueSpecification\",\"valueRequired\":true,\"valueName\":\"search_term_string\"}}],\"inLanguage\":\"tr\"}]}<\/script>\n<!-- \/ Yoast SEO plugin. -->","yoast_head_json":{"title":"75-20T Paslanmaz K\u00f6p\u00fck Nozul -","robots":{"index":"index","follow":"follow","max-snippet":"max-snippet:-1","max-image-preview":"max-image-preview:large","max-video-preview":"max-video-preview:-1"},"canonical":"https:\/\/www.havuzadairhersey.com\/index.php\/urun\/75-20t-paslanmaz-kopuk-nozul\/","og_locale":"tr_TR","og_type":"article","og_title":"75-20T Paslanmaz K\u00f6p\u00fck Nozul -","og_description":"2\u201d bronz k\u00fcreli paslanmaz k\u00f6p\u00fck nozul, 14\u201344 m\u00b3\/h debi ile 4 metre y\u00fcksekli\u011fe kadar k\u00f6p\u00fck su \u00e7\u0131k\u0131\u015f\u0131 sa\u011flar.","og_url":"https:\/\/www.havuzadairhersey.com\/index.php\/urun\/75-20t-paslanmaz-kopuk-nozul\/","article_modified_time":"2025-04-15T19:48:48+00:00","og_image":[{"width":1875,"height":2500,"url":"https:\/\/www.havuzadairhersey.com\/wp-content\/uploads\/2025\/04\/1-179.png","type":"image\/png"}],"twitter_card":"summary_large_image","twitter_misc":{"Tahmini okuma s\u00fcresi":"1 dakika"},"schema":{"@context":"https:\/\/schema.org","@graph":[{"@type":"WebPage","@id":"https:\/\/www.havuzadairhersey.com\/index.php\/urun\/75-20t-paslanmaz-kopuk-nozul\/","url":"https:\/\/www.havuzadairhersey.com\/index.php\/urun\/75-20t-paslanmaz-kopuk-nozul\/","name":"75-20T Paslanmaz K\u00f6p\u00fck Nozul -","isPartOf":{"@id":"https:\/\/www.havuzadairhersey.com\/#website"},"primaryImageOfPage":{"@id":"https:\/\/www.havuzadairhersey.com\/index.php\/urun\/75-20t-paslanmaz-kopuk-nozul\/#primaryimage"},"image":{"@id":"https:\/\/www.havuzadairhersey.com\/index.php\/urun\/75-20t-paslanmaz-kopuk-nozul\/#primaryimage"},"thumbnailUrl":"https:\/\/www.havuzadairhersey.com\/wp-content\/uploads\/2025\/04\/1-179.png","datePublished":"2025-04-15T19:48:47+00:00","dateModified":"2025-04-15T19:48:48+00:00","breadcrumb":{"@id":"https:\/\/www.havuzadairhersey.com\/index.php\/urun\/75-20t-paslanmaz-kopuk-nozul\/#breadcrumb"},"inLanguage":"tr","potentialAction":[{"@type":"ReadAction","target":["https:\/\/www.havuzadairhersey.com\/index.php\/urun\/75-20t-paslanmaz-kopuk-nozul\/"]}]},{"@type":"ImageObject","inLanguage":"tr","@id":"https:\/\/www.havuzadairhersey.com\/index.php\/urun\/75-20t-paslanmaz-kopuk-nozul\/#primaryimage","url":"https:\/\/www.havuzadairhersey.com\/wp-content\/uploads\/2025\/04\/1-179.png","contentUrl":"https:\/\/www.havuzadairhersey.com\/wp-content\/uploads\/2025\/04\/1-179.png","width":1875,"height":2500,"caption":"Y\u00fcksek debili paslanmaz k\u00f6p\u00fck nozul ile \u015fehir meydanlar\u0131nda g\u00f6rsel su \u015fovlar\u0131"},{"@type":"BreadcrumbList","@id":"https:\/\/www.havuzadairhersey.com\/index.php\/urun\/75-20t-paslanmaz-kopuk-nozul\/#breadcrumb","itemListElement":[{"@type":"ListItem","position":1,"name":"Anasayfa","item":"https:\/\/www.havuzadairhersey.com\/"},{"@type":"ListItem","position":2,"name":"Ma\u011faza","item":"https:\/\/www.havuzadairhersey.com\/"},{"@type":"ListItem","position":3,"name":"75-20T Paslanmaz K\u00f6p\u00fck Nozul"}]},{"@type":"WebSite","@id":"https:\/\/www.havuzadairhersey.com\/#website","url":"https:\/\/www.havuzadairhersey.com\/","name":"","description":"Havuza dair arad\u0131\u011f\u0131n\u0131z her\u015fey burada...","potentialAction":[{"@type":"SearchAction","target":{"@type":"EntryPoint","urlTemplate":"https:\/\/www.havuzadairhersey.com\/?s={search_term_string}"},"query-input":{"@type":"PropertyValueSpecification","valueRequired":true,"valueName":"search_term_string"}}],"inLanguage":"tr"}]}},"_links":{"self":[{"href":"https:\/\/www.havuzadairhersey.com\/index.php\/wp-json\/wp\/v2\/product\/1649","targetHints":{"allow":["GET"]}}],"collection":[{"href":"https:\/\/www.havuzadairhersey.com\/index.php\/wp-json\/wp\/v2\/product"}],"about":[{"href":"https:\/\/www.havuzadairhersey.com\/index.php\/wp-json\/wp\/v2\/types\/product"}],"replies":[{"embeddable":true,"href":"https:\/\/www.havuzadairhersey.com\/index.php\/wp-json\/wp\/v2\/comments?post=1649"}],"wp:featuredmedia":[{"embeddable":true,"href":"https:\/\/www.havuzadairhersey.com\/index.php\/wp-json\/wp\/v2\/media\/1654"}],"wp:attachment":[{"href":"https:\/\/www.havuzadairhersey.com\/index.php\/wp-json\/wp\/v2\/media?parent=1649"}],"wp:term":[{"taxonomy":"product_brand","embeddable":true,"href":"https:\/\/www.havuzadairhersey.com\/index.php\/wp-json\/wp\/v2\/product_brand?post=1649"},{"taxonomy":"product_cat","embeddable":true,"href":"https:\/\/www.havuzadairhersey.com\/index.php\/wp-json\/wp\/v2\/product_cat?post=1649"},{"taxonomy":"product_tag","embeddable":true,"href":"https:\/\/www.havuzadairhersey.com\/index.php\/wp-json\/wp\/v2\/product_tag?post=1649"}],"curies":[{"name":"wp","href":"https:\/\/api.w.org\/{rel}","templated":true}]}}