{"id":1788,"date":"2025-04-17T09:47:50","date_gmt":"2025-04-17T06:47:50","guid":{"rendered":"https:\/\/www.havuzadairhersey.com\/?post_type=product&#038;p=1788"},"modified":"2025-04-17T09:47:50","modified_gmt":"2025-04-17T06:47:50","slug":"dogal-ahsap-sauna-kovasi-ve-kepcesi","status":"publish","type":"product","link":"https:\/\/www.havuzadairhersey.com\/index.php\/urun\/dogal-ahsap-sauna-kovasi-ve-kepcesi\/","title":{"rendered":"Do\u011fal Ah\u015fap Sauna Kovas\u0131 ve Kep\u00e7esi"},"content":{"rendered":"<p>Sauna keyfinizi tamamlayacak do\u011fal ah\u015fap sauna kovas\u0131 ve kep\u00e7esi seti, hem i\u015flevselli\u011fi hem de estetik g\u00f6r\u00fcn\u00fcm\u00fcyle \u00f6ne \u00e7\u0131k\u0131yor. Is\u0131ya dayan\u0131kl\u0131 yap\u0131s\u0131yla uzun \u00f6m\u00fcrl\u00fc kullan\u0131m sunan bu set, suyun buharla\u015fmas\u0131n\u0131 kolayla\u015ft\u0131rmak i\u00e7in idealdir. Kovada su ta\u015f\u0131mak, esans kar\u0131\u015ft\u0131rmak ya da s\u0131cak ta\u015flara su d\u00f6kmek i\u00e7in kullanabilece\u011finiz kep\u00e7e sayesinde tam bir sauna deneyimi ya\u015fars\u0131n\u0131z. Ah\u015fap malzemesi, sauna ortam\u0131na do\u011fal bir dokunu\u015f kazand\u0131r\u0131r. Dayan\u0131kl\u0131, \u015f\u0131k ve ergonomik tasar\u0131m\u0131yla her sauna i\u00e7in vazge\u00e7ilmez bir aksesuard\u0131r.<\/p>\n","protected":false},"excerpt":{"rendered":"<p>Sauna kullan\u0131m\u0131na \u00f6zel do\u011fal ah\u015faptan yap\u0131lm\u0131\u015f kova ve kep\u00e7e seti. Estetik, dayan\u0131kl\u0131 ve kullan\u0131\u015fl\u0131.<\/p>\n","protected":false},"featured_media":1789,"comment_status":"open","ping_status":"closed","template":"","meta":{"site-sidebar-layout":"default","site-content-layout":"","ast-site-content-layout":"default","site-content-style":"default","site-sidebar-style":"default","ast-global-header-display":"","ast-banner-title-visibility":"","ast-main-header-display":"","ast-hfb-above-header-display":"","ast-hfb-below-header-display":"","ast-hfb-mobile-header-display":"","site-post-title":"","ast-breadcrumbs-content":"","ast-featured-img":"","footer-sml-layout":"","theme-transparent-header-meta":"default","adv-header-id-meta":"","stick-header-meta":"","header-above-stick-meta":"","header-main-stick-meta":"","header-below-stick-meta":"","astra-migrate-meta-layouts":"set","ast-page-background-enabled":"default","ast-page-background-meta":{"desktop":{"background-color":"var(--ast-global-color-5)","background-image":"","background-repeat":"repeat","background-position":"center center","background-size":"auto","background-attachment":"scroll","background-type":"","background-media":"","overlay-type":"","overlay-color":"","overlay-opacity":"","overlay-gradient":""},"tablet":{"background-color":"","background-image":"","background-repeat":"repeat","background-position":"center center","background-size":"auto","background-attachment":"scroll","background-type":"","background-media":"","overlay-type":"","overlay-color":"","overlay-opacity":"","overlay-gradient":""},"mobile":{"background-color":"","background-image":"","background-repeat":"repeat","background-position":"center center","background-size":"auto","background-attachment":"scroll","background-type":"","background-media":"","overlay-type":"","overlay-color":"","overlay-opacity":"","overlay-gradient":""}},"ast-content-background-meta":{"desktop":{"background-color":"var(--ast-global-color-4)","background-image":"","background-repeat":"repeat","background-position":"center center","background-size":"auto","background-attachment":"scroll","background-type":"","background-media":"","overlay-type":"","overlay-color":"","overlay-opacity":"","overlay-gradient":""},"tablet":{"background-color":"var(--ast-global-color-4)","background-image":"","background-repeat":"repeat","background-position":"center center","background-size":"auto","background-attachment":"scroll","background-type":"","background-media":"","overlay-type":"","overlay-color":"","overlay-opacity":"","overlay-gradient":""},"mobile":{"background-color":"var(--ast-global-color-4)","background-image":"","background-repeat":"repeat","background-position":"center center","background-size":"auto","background-attachment":"scroll","background-type":"","background-media":"","overlay-type":"","overlay-color":"","overlay-opacity":"","overlay-gradient":""}}},"product_brand":[30],"product_cat":[2250],"product_tag":[2531,2539,2532,2540,2537,2515,2534,2530,2536,2533,2538,2535,2541],"class_list":{"0":"post-1788","1":"product","2":"type-product","3":"status-publish","4":"has-post-thumbnail","6":"product_brand-atlaspool","7":"product_cat-spa-urunleri","8":"product_tag-ahsap-sauna-kepcesi","9":"product_tag-banyo-kovasi","10":"product_tag-dogal-sauna-seti","11":"product_tag-hamam-aksesuarlari","12":"product_tag-sauna-ahsap-ekipmanlari","13":"product_tag-sauna-aksesuarlari","14":"product_tag-sauna-kova-seti","15":"product_tag-sauna-kovasi","16":"product_tag-sauna-kovasi-ahsap","17":"product_tag-sauna-kovasi-kepce","18":"product_tag-sauna-su-kepcesi","19":"product_tag-sauna-urunleri","20":"product_tag-spa-aksesuarlari","21":"desktop-align-left","22":"tablet-align-left","23":"mobile-align-left","25":"first","26":"instock","27":"shipping-taxable","28":"purchasable","29":"product-type-variable"},"yoast_head":"<!-- This site is optimized with the Yoast SEO plugin v25.0 - https:\/\/yoast.com\/wordpress\/plugins\/seo\/ -->\n<title>Do\u011fal Ah\u015fap Sauna Kovas\u0131 ve Kep\u00e7esi -<\/title>\n<meta name=\"robots\" content=\"index, follow, max-snippet:-1, max-image-preview:large, max-video-preview:-1\" \/>\n<link rel=\"canonical\" href=\"https:\/\/www.havuzadairhersey.com\/index.php\/urun\/dogal-ahsap-sauna-kovasi-ve-kepcesi\/\" \/>\n<meta property=\"og:locale\" content=\"tr_TR\" \/>\n<meta property=\"og:type\" content=\"article\" \/>\n<meta property=\"og:title\" content=\"Do\u011fal Ah\u015fap Sauna Kovas\u0131 ve Kep\u00e7esi -\" \/>\n<meta property=\"og:description\" content=\"Sauna kullan\u0131m\u0131na \u00f6zel do\u011fal ah\u015faptan yap\u0131lm\u0131\u015f kova ve kep\u00e7e seti. Estetik, dayan\u0131kl\u0131 ve kullan\u0131\u015fl\u0131.\" \/>\n<meta property=\"og:url\" content=\"https:\/\/www.havuzadairhersey.com\/index.php\/urun\/dogal-ahsap-sauna-kovasi-ve-kepcesi\/\" \/>\n<meta property=\"og:image\" content=\"https:\/\/www.havuzadairhersey.com\/wp-content\/uploads\/2025\/04\/1-205.png\" \/>\n\t<meta property=\"og:image:width\" content=\"1875\" \/>\n\t<meta property=\"og:image:height\" content=\"2500\" \/>\n\t<meta property=\"og:image:type\" content=\"image\/png\" \/>\n<meta name=\"twitter:card\" content=\"summary_large_image\" \/>\n<meta name=\"twitter:label1\" content=\"Tahmini okuma s\u00fcresi\" \/>\n\t<meta name=\"twitter:data1\" content=\"1 dakika\" \/>\n<script type=\"application\/ld+json\" class=\"yoast-schema-graph\">{\"@context\":\"https:\/\/schema.org\",\"@graph\":[{\"@type\":\"WebPage\",\"@id\":\"https:\/\/www.havuzadairhersey.com\/index.php\/urun\/dogal-ahsap-sauna-kovasi-ve-kepcesi\/\",\"url\":\"https:\/\/www.havuzadairhersey.com\/index.php\/urun\/dogal-ahsap-sauna-kovasi-ve-kepcesi\/\",\"name\":\"Do\u011fal Ah\u015fap Sauna Kovas\u0131 ve Kep\u00e7esi -\",\"isPartOf\":{\"@id\":\"https:\/\/www.havuzadairhersey.com\/#website\"},\"primaryImageOfPage\":{\"@id\":\"https:\/\/www.havuzadairhersey.com\/index.php\/urun\/dogal-ahsap-sauna-kovasi-ve-kepcesi\/#primaryimage\"},\"image\":{\"@id\":\"https:\/\/www.havuzadairhersey.com\/index.php\/urun\/dogal-ahsap-sauna-kovasi-ve-kepcesi\/#primaryimage\"},\"thumbnailUrl\":\"https:\/\/www.havuzadairhersey.com\/wp-content\/uploads\/2025\/04\/1-205.png\",\"datePublished\":\"2025-04-17T06:47:50+00:00\",\"breadcrumb\":{\"@id\":\"https:\/\/www.havuzadairhersey.com\/index.php\/urun\/dogal-ahsap-sauna-kovasi-ve-kepcesi\/#breadcrumb\"},\"inLanguage\":\"tr\",\"potentialAction\":[{\"@type\":\"ReadAction\",\"target\":[\"https:\/\/www.havuzadairhersey.com\/index.php\/urun\/dogal-ahsap-sauna-kovasi-ve-kepcesi\/\"]}]},{\"@type\":\"ImageObject\",\"inLanguage\":\"tr\",\"@id\":\"https:\/\/www.havuzadairhersey.com\/index.php\/urun\/dogal-ahsap-sauna-kovasi-ve-kepcesi\/#primaryimage\",\"url\":\"https:\/\/www.havuzadairhersey.com\/wp-content\/uploads\/2025\/04\/1-205.png\",\"contentUrl\":\"https:\/\/www.havuzadairhersey.com\/wp-content\/uploads\/2025\/04\/1-205.png\",\"width\":1875,\"height\":2500,\"caption\":\"Do\u011fal malzemeden \u00fcretilmi\u015f klasik sauna kovas\u0131\"},{\"@type\":\"BreadcrumbList\",\"@id\":\"https:\/\/www.havuzadairhersey.com\/index.php\/urun\/dogal-ahsap-sauna-kovasi-ve-kepcesi\/#breadcrumb\",\"itemListElement\":[{\"@type\":\"ListItem\",\"position\":1,\"name\":\"Anasayfa\",\"item\":\"https:\/\/www.havuzadairhersey.com\/\"},{\"@type\":\"ListItem\",\"position\":2,\"name\":\"Ma\u011faza\",\"item\":\"https:\/\/www.havuzadairhersey.com\/\"},{\"@type\":\"ListItem\",\"position\":3,\"name\":\"Do\u011fal Ah\u015fap Sauna Kovas\u0131 ve Kep\u00e7esi\"}]},{\"@type\":\"WebSite\",\"@id\":\"https:\/\/www.havuzadairhersey.com\/#website\",\"url\":\"https:\/\/www.havuzadairhersey.com\/\",\"name\":\"\",\"description\":\"Havuza dair arad\u0131\u011f\u0131n\u0131z her\u015fey burada...\",\"potentialAction\":[{\"@type\":\"SearchAction\",\"target\":{\"@type\":\"EntryPoint\",\"urlTemplate\":\"https:\/\/www.havuzadairhersey.com\/?s={search_term_string}\"},\"query-input\":{\"@type\":\"PropertyValueSpecification\",\"valueRequired\":true,\"valueName\":\"search_term_string\"}}],\"inLanguage\":\"tr\"}]}<\/script>\n<!-- \/ Yoast SEO plugin. -->","yoast_head_json":{"title":"Do\u011fal Ah\u015fap Sauna Kovas\u0131 ve Kep\u00e7esi -","robots":{"index":"index","follow":"follow","max-snippet":"max-snippet:-1","max-image-preview":"max-image-preview:large","max-video-preview":"max-video-preview:-1"},"canonical":"https:\/\/www.havuzadairhersey.com\/index.php\/urun\/dogal-ahsap-sauna-kovasi-ve-kepcesi\/","og_locale":"tr_TR","og_type":"article","og_title":"Do\u011fal Ah\u015fap Sauna Kovas\u0131 ve Kep\u00e7esi -","og_description":"Sauna kullan\u0131m\u0131na \u00f6zel do\u011fal ah\u015faptan yap\u0131lm\u0131\u015f kova ve kep\u00e7e seti. Estetik, dayan\u0131kl\u0131 ve kullan\u0131\u015fl\u0131.","og_url":"https:\/\/www.havuzadairhersey.com\/index.php\/urun\/dogal-ahsap-sauna-kovasi-ve-kepcesi\/","og_image":[{"width":1875,"height":2500,"url":"https:\/\/www.havuzadairhersey.com\/wp-content\/uploads\/2025\/04\/1-205.png","type":"image\/png"}],"twitter_card":"summary_large_image","twitter_misc":{"Tahmini okuma s\u00fcresi":"1 dakika"},"schema":{"@context":"https:\/\/schema.org","@graph":[{"@type":"WebPage","@id":"https:\/\/www.havuzadairhersey.com\/index.php\/urun\/dogal-ahsap-sauna-kovasi-ve-kepcesi\/","url":"https:\/\/www.havuzadairhersey.com\/index.php\/urun\/dogal-ahsap-sauna-kovasi-ve-kepcesi\/","name":"Do\u011fal Ah\u015fap Sauna Kovas\u0131 ve Kep\u00e7esi -","isPartOf":{"@id":"https:\/\/www.havuzadairhersey.com\/#website"},"primaryImageOfPage":{"@id":"https:\/\/www.havuzadairhersey.com\/index.php\/urun\/dogal-ahsap-sauna-kovasi-ve-kepcesi\/#primaryimage"},"image":{"@id":"https:\/\/www.havuzadairhersey.com\/index.php\/urun\/dogal-ahsap-sauna-kovasi-ve-kepcesi\/#primaryimage"},"thumbnailUrl":"https:\/\/www.havuzadairhersey.com\/wp-content\/uploads\/2025\/04\/1-205.png","datePublished":"2025-04-17T06:47:50+00:00","breadcrumb":{"@id":"https:\/\/www.havuzadairhersey.com\/index.php\/urun\/dogal-ahsap-sauna-kovasi-ve-kepcesi\/#breadcrumb"},"inLanguage":"tr","potentialAction":[{"@type":"ReadAction","target":["https:\/\/www.havuzadairhersey.com\/index.php\/urun\/dogal-ahsap-sauna-kovasi-ve-kepcesi\/"]}]},{"@type":"ImageObject","inLanguage":"tr","@id":"https:\/\/www.havuzadairhersey.com\/index.php\/urun\/dogal-ahsap-sauna-kovasi-ve-kepcesi\/#primaryimage","url":"https:\/\/www.havuzadairhersey.com\/wp-content\/uploads\/2025\/04\/1-205.png","contentUrl":"https:\/\/www.havuzadairhersey.com\/wp-content\/uploads\/2025\/04\/1-205.png","width":1875,"height":2500,"caption":"Do\u011fal malzemeden \u00fcretilmi\u015f klasik sauna kovas\u0131"},{"@type":"BreadcrumbList","@id":"https:\/\/www.havuzadairhersey.com\/index.php\/urun\/dogal-ahsap-sauna-kovasi-ve-kepcesi\/#breadcrumb","itemListElement":[{"@type":"ListItem","position":1,"name":"Anasayfa","item":"https:\/\/www.havuzadairhersey.com\/"},{"@type":"ListItem","position":2,"name":"Ma\u011faza","item":"https:\/\/www.havuzadairhersey.com\/"},{"@type":"ListItem","position":3,"name":"Do\u011fal Ah\u015fap Sauna Kovas\u0131 ve Kep\u00e7esi"}]},{"@type":"WebSite","@id":"https:\/\/www.havuzadairhersey.com\/#website","url":"https:\/\/www.havuzadairhersey.com\/","name":"","description":"Havuza dair arad\u0131\u011f\u0131n\u0131z her\u015fey burada...","potentialAction":[{"@type":"SearchAction","target":{"@type":"EntryPoint","urlTemplate":"https:\/\/www.havuzadairhersey.com\/?s={search_term_string}"},"query-input":{"@type":"PropertyValueSpecification","valueRequired":true,"valueName":"search_term_string"}}],"inLanguage":"tr"}]}},"_links":{"self":[{"href":"https:\/\/www.havuzadairhersey.com\/index.php\/wp-json\/wp\/v2\/product\/1788","targetHints":{"allow":["GET"]}}],"collection":[{"href":"https:\/\/www.havuzadairhersey.com\/index.php\/wp-json\/wp\/v2\/product"}],"about":[{"href":"https:\/\/www.havuzadairhersey.com\/index.php\/wp-json\/wp\/v2\/types\/product"}],"replies":[{"embeddable":true,"href":"https:\/\/www.havuzadairhersey.com\/index.php\/wp-json\/wp\/v2\/comments?post=1788"}],"wp:featuredmedia":[{"embeddable":true,"href":"https:\/\/www.havuzadairhersey.com\/index.php\/wp-json\/wp\/v2\/media\/1789"}],"wp:attachment":[{"href":"https:\/\/www.havuzadairhersey.com\/index.php\/wp-json\/wp\/v2\/media?parent=1788"}],"wp:term":[{"taxonomy":"product_brand","embeddable":true,"href":"https:\/\/www.havuzadairhersey.com\/index.php\/wp-json\/wp\/v2\/product_brand?post=1788"},{"taxonomy":"product_cat","embeddable":true,"href":"https:\/\/www.havuzadairhersey.com\/index.php\/wp-json\/wp\/v2\/product_cat?post=1788"},{"taxonomy":"product_tag","embeddable":true,"href":"https:\/\/www.havuzadairhersey.com\/index.php\/wp-json\/wp\/v2\/product_tag?post=1788"}],"curies":[{"name":"wp","href":"https:\/\/api.w.org\/{rel}","templated":true}]}}