{"id":1822,"date":"2025-04-17T20:16:14","date_gmt":"2025-04-17T17:16:14","guid":{"rendered":"https:\/\/www.havuzadairhersey.com\/?post_type=product&#038;p=1822"},"modified":"2025-04-17T20:16:15","modified_gmt":"2025-04-17T17:16:15","slug":"atlaspool-on-filtreli-plastik-pompa-monofaze-ve-trifaze-secenekli-0-50-1-50-hp-havuz-pompasi","status":"publish","type":"product","link":"https:\/\/www.havuzadairhersey.com\/index.php\/urun\/atlaspool-on-filtreli-plastik-pompa-monofaze-ve-trifaze-secenekli-0-50-1-50-hp-havuz-pompasi\/","title":{"rendered":"Atlaspool \u00d6n Filtreli Plastik Pompa, Monofaze ve Trifaze Se\u00e7enekli, 0.50\u20131.50 HP, Havuz Pompas\u0131"},"content":{"rendered":"<p>Atlaspool markal\u0131 \u00f6n filtreli plastik pompalar, havuz sirk\u00fclasyonu i\u00e7in y\u00fcksek verimli ve sessiz \u00e7al\u0131\u015fmay\u0131 garanti eder. Monofaze ve trifaze se\u00e7enekleriyle sunulan bu modeller, 0.50 HP&#8217;den 1.50 HP&#8217;ye kadar farkl\u0131 g\u00fc\u00e7 seviyeleri sunar. Her model, 2850 d\/dak h\u0131zda \u00e7al\u0131\u015f\u0131r ve IP55 koruma s\u0131n\u0131f\u0131na sahiptir. T\u00fcrkiye&#8217;de \u00fcretilmi\u015f olan bu \u00fcr\u00fcnler CE, TSE ve ISO 9001:2015 belgelerine sahiptir. Ergonomik tasar\u0131m\u0131 sayesinde kolay montaj ve bak\u0131m imkan\u0131 sa\u011flar. Farkl\u0131 debi se\u00e7enekleriyle t\u00fcm havuz t\u00fcrlerine uygun ideal \u00e7\u00f6z\u00fcmd\u00fcr.<\/p>\n","protected":false},"excerpt":{"rendered":"<p>0.50\u20131.50 HP aras\u0131nda monofaze ve trifaze modelleri bulunan \u00f6n filtreli Atlaspool havuz pompalar\u0131, y\u00fcksek performans ve uzun \u00f6m\u00fcrl\u00fc kullan\u0131m sunar.<\/p>\n","protected":false},"featured_media":1823,"comment_status":"open","ping_status":"closed","template":"","meta":{"site-sidebar-layout":"default","site-content-layout":"","ast-site-content-layout":"default","site-content-style":"default","site-sidebar-style":"default","ast-global-header-display":"","ast-banner-title-visibility":"","ast-main-header-display":"","ast-hfb-above-header-display":"","ast-hfb-below-header-display":"","ast-hfb-mobile-header-display":"","site-post-title":"","ast-breadcrumbs-content":"","ast-featured-img":"","footer-sml-layout":"","theme-transparent-header-meta":"default","adv-header-id-meta":"","stick-header-meta":"","header-above-stick-meta":"","header-main-stick-meta":"","header-below-stick-meta":"","astra-migrate-meta-layouts":"set","ast-page-background-enabled":"default","ast-page-background-meta":{"desktop":{"background-color":"var(--ast-global-color-5)","background-image":"","background-repeat":"repeat","background-position":"center center","background-size":"auto","background-attachment":"scroll","background-type":"","background-media":"","overlay-type":"","overlay-color":"","overlay-opacity":"","overlay-gradient":""},"tablet":{"background-color":"","background-image":"","background-repeat":"repeat","background-position":"center center","background-size":"auto","background-attachment":"scroll","background-type":"","background-media":"","overlay-type":"","overlay-color":"","overlay-opacity":"","overlay-gradient":""},"mobile":{"background-color":"","background-image":"","background-repeat":"repeat","background-position":"center center","background-size":"auto","background-attachment":"scroll","background-type":"","background-media":"","overlay-type":"","overlay-color":"","overlay-opacity":"","overlay-gradient":""}},"ast-content-background-meta":{"desktop":{"background-color":"var(--ast-global-color-4)","background-image":"","background-repeat":"repeat","background-position":"center center","background-size":"auto","background-attachment":"scroll","background-type":"","background-media":"","overlay-type":"","overlay-color":"","overlay-opacity":"","overlay-gradient":""},"tablet":{"background-color":"var(--ast-global-color-4)","background-image":"","background-repeat":"repeat","background-position":"center center","background-size":"auto","background-attachment":"scroll","background-type":"","background-media":"","overlay-type":"","overlay-color":"","overlay-opacity":"","overlay-gradient":""},"mobile":{"background-color":"var(--ast-global-color-4)","background-image":"","background-repeat":"repeat","background-position":"center center","background-size":"auto","background-attachment":"scroll","background-type":"","background-media":"","overlay-type":"","overlay-color":"","overlay-opacity":"","overlay-gradient":""}}},"product_brand":[30],"product_cat":[2603],"product_tag":[2612,2611,2610,2609,2606,24,2613,2614,2607,2605,2604,2608,2615],"class_list":{"0":"post-1822","1":"product","2":"type-product","3":"status-publish","4":"has-post-thumbnail","6":"product_brand-atlaspool","7":"product_cat-havuz-pompalari","8":"product_tag-0-5-hp-havuz-pompasi","9":"product_tag-0-75-hp-pompa","10":"product_tag-1-hp-havuz-pompasi","11":"product_tag-1-5-hp-havuz-pompasi","12":"product_tag-atlaspool-pompa","13":"product_tag-havuz-pompasi","14":"product_tag-havuz-sirkulasyon-pompasi","15":"product_tag-kaliteli-havuz-pompasi","16":"product_tag-monofaze-havuz-pompasi","17":"product_tag-on-filtreli-pompa","18":"product_tag-plastik-pompa","19":"product_tag-trifaze-havuz-pompasi","20":"product_tag-turk-mali-havuz-pompasi","21":"desktop-align-left","22":"tablet-align-left","23":"mobile-align-left","25":"first","26":"instock","27":"shipping-taxable","28":"purchasable","29":"product-type-variable"},"yoast_head":"<!-- This site is optimized with the Yoast SEO plugin v25.0 - https:\/\/yoast.com\/wordpress\/plugins\/seo\/ -->\n<title>Atlaspool \u00d6n Filtreli Plastik Pompa, Monofaze ve Trifaze Se\u00e7enekli, 0.50\u20131.50 HP, Havuz Pompas\u0131 -<\/title>\n<meta name=\"robots\" content=\"index, follow, max-snippet:-1, max-image-preview:large, max-video-preview:-1\" \/>\n<link rel=\"canonical\" href=\"https:\/\/www.havuzadairhersey.com\/index.php\/urun\/atlaspool-on-filtreli-plastik-pompa-monofaze-ve-trifaze-secenekli-0-50-1-50-hp-havuz-pompasi\/\" \/>\n<meta property=\"og:locale\" content=\"tr_TR\" \/>\n<meta property=\"og:type\" content=\"article\" \/>\n<meta property=\"og:title\" content=\"Atlaspool \u00d6n Filtreli Plastik Pompa, Monofaze ve Trifaze Se\u00e7enekli, 0.50\u20131.50 HP, Havuz Pompas\u0131 -\" \/>\n<meta property=\"og:description\" content=\"0.50\u20131.50 HP aras\u0131nda monofaze ve trifaze modelleri bulunan \u00f6n filtreli Atlaspool havuz pompalar\u0131, y\u00fcksek performans ve uzun \u00f6m\u00fcrl\u00fc kullan\u0131m sunar.\" \/>\n<meta property=\"og:url\" content=\"https:\/\/www.havuzadairhersey.com\/index.php\/urun\/atlaspool-on-filtreli-plastik-pompa-monofaze-ve-trifaze-secenekli-0-50-1-50-hp-havuz-pompasi\/\" \/>\n<meta property=\"article:modified_time\" content=\"2025-04-17T17:16:15+00:00\" \/>\n<meta property=\"og:image\" content=\"https:\/\/www.havuzadairhersey.com\/wp-content\/uploads\/2025\/04\/1-210.png\" \/>\n\t<meta property=\"og:image:width\" content=\"1875\" \/>\n\t<meta property=\"og:image:height\" content=\"2500\" \/>\n\t<meta property=\"og:image:type\" content=\"image\/png\" \/>\n<meta name=\"twitter:card\" content=\"summary_large_image\" \/>\n<script type=\"application\/ld+json\" class=\"yoast-schema-graph\">{\"@context\":\"https:\/\/schema.org\",\"@graph\":[{\"@type\":\"WebPage\",\"@id\":\"https:\/\/www.havuzadairhersey.com\/index.php\/urun\/atlaspool-on-filtreli-plastik-pompa-monofaze-ve-trifaze-secenekli-0-50-1-50-hp-havuz-pompasi\/\",\"url\":\"https:\/\/www.havuzadairhersey.com\/index.php\/urun\/atlaspool-on-filtreli-plastik-pompa-monofaze-ve-trifaze-secenekli-0-50-1-50-hp-havuz-pompasi\/\",\"name\":\"Atlaspool \u00d6n Filtreli Plastik Pompa, Monofaze ve Trifaze Se\u00e7enekli, 0.50\u20131.50 HP, Havuz Pompas\u0131 -\",\"isPartOf\":{\"@id\":\"https:\/\/www.havuzadairhersey.com\/#website\"},\"primaryImageOfPage\":{\"@id\":\"https:\/\/www.havuzadairhersey.com\/index.php\/urun\/atlaspool-on-filtreli-plastik-pompa-monofaze-ve-trifaze-secenekli-0-50-1-50-hp-havuz-pompasi\/#primaryimage\"},\"image\":{\"@id\":\"https:\/\/www.havuzadairhersey.com\/index.php\/urun\/atlaspool-on-filtreli-plastik-pompa-monofaze-ve-trifaze-secenekli-0-50-1-50-hp-havuz-pompasi\/#primaryimage\"},\"thumbnailUrl\":\"https:\/\/www.havuzadairhersey.com\/wp-content\/uploads\/2025\/04\/1-210.png\",\"datePublished\":\"2025-04-17T17:16:14+00:00\",\"dateModified\":\"2025-04-17T17:16:15+00:00\",\"breadcrumb\":{\"@id\":\"https:\/\/www.havuzadairhersey.com\/index.php\/urun\/atlaspool-on-filtreli-plastik-pompa-monofaze-ve-trifaze-secenekli-0-50-1-50-hp-havuz-pompasi\/#breadcrumb\"},\"inLanguage\":\"tr\",\"potentialAction\":[{\"@type\":\"ReadAction\",\"target\":[\"https:\/\/www.havuzadairhersey.com\/index.php\/urun\/atlaspool-on-filtreli-plastik-pompa-monofaze-ve-trifaze-secenekli-0-50-1-50-hp-havuz-pompasi\/\"]}]},{\"@type\":\"ImageObject\",\"inLanguage\":\"tr\",\"@id\":\"https:\/\/www.havuzadairhersey.com\/index.php\/urun\/atlaspool-on-filtreli-plastik-pompa-monofaze-ve-trifaze-secenekli-0-50-1-50-hp-havuz-pompasi\/#primaryimage\",\"url\":\"https:\/\/www.havuzadairhersey.com\/wp-content\/uploads\/2025\/04\/1-210.png\",\"contentUrl\":\"https:\/\/www.havuzadairhersey.com\/wp-content\/uploads\/2025\/04\/1-210.png\",\"width\":1875,\"height\":2500,\"caption\":\"Monofaze ve Trifaze Havuz Pompas\u0131 \u00c7e\u015fitleri\"},{\"@type\":\"BreadcrumbList\",\"@id\":\"https:\/\/www.havuzadairhersey.com\/index.php\/urun\/atlaspool-on-filtreli-plastik-pompa-monofaze-ve-trifaze-secenekli-0-50-1-50-hp-havuz-pompasi\/#breadcrumb\",\"itemListElement\":[{\"@type\":\"ListItem\",\"position\":1,\"name\":\"Anasayfa\",\"item\":\"https:\/\/www.havuzadairhersey.com\/\"},{\"@type\":\"ListItem\",\"position\":2,\"name\":\"Ma\u011faza\",\"item\":\"https:\/\/www.havuzadairhersey.com\/\"},{\"@type\":\"ListItem\",\"position\":3,\"name\":\"Atlaspool \u00d6n Filtreli Plastik Pompa, Monofaze ve Trifaze Se\u00e7enekli, 0.50\u20131.50 HP, Havuz Pompas\u0131\"}]},{\"@type\":\"WebSite\",\"@id\":\"https:\/\/www.havuzadairhersey.com\/#website\",\"url\":\"https:\/\/www.havuzadairhersey.com\/\",\"name\":\"\",\"description\":\"Havuza dair arad\u0131\u011f\u0131n\u0131z her\u015fey burada...\",\"potentialAction\":[{\"@type\":\"SearchAction\",\"target\":{\"@type\":\"EntryPoint\",\"urlTemplate\":\"https:\/\/www.havuzadairhersey.com\/?s={search_term_string}\"},\"query-input\":{\"@type\":\"PropertyValueSpecification\",\"valueRequired\":true,\"valueName\":\"search_term_string\"}}],\"inLanguage\":\"tr\"}]}<\/script>\n<!-- \/ Yoast SEO plugin. -->","yoast_head_json":{"title":"Atlaspool \u00d6n Filtreli Plastik Pompa, Monofaze ve Trifaze Se\u00e7enekli, 0.50\u20131.50 HP, Havuz Pompas\u0131 -","robots":{"index":"index","follow":"follow","max-snippet":"max-snippet:-1","max-image-preview":"max-image-preview:large","max-video-preview":"max-video-preview:-1"},"canonical":"https:\/\/www.havuzadairhersey.com\/index.php\/urun\/atlaspool-on-filtreli-plastik-pompa-monofaze-ve-trifaze-secenekli-0-50-1-50-hp-havuz-pompasi\/","og_locale":"tr_TR","og_type":"article","og_title":"Atlaspool \u00d6n Filtreli Plastik Pompa, Monofaze ve Trifaze Se\u00e7enekli, 0.50\u20131.50 HP, Havuz Pompas\u0131 -","og_description":"0.50\u20131.50 HP aras\u0131nda monofaze ve trifaze modelleri bulunan \u00f6n filtreli Atlaspool havuz pompalar\u0131, y\u00fcksek performans ve uzun \u00f6m\u00fcrl\u00fc kullan\u0131m sunar.","og_url":"https:\/\/www.havuzadairhersey.com\/index.php\/urun\/atlaspool-on-filtreli-plastik-pompa-monofaze-ve-trifaze-secenekli-0-50-1-50-hp-havuz-pompasi\/","article_modified_time":"2025-04-17T17:16:15+00:00","og_image":[{"width":1875,"height":2500,"url":"https:\/\/www.havuzadairhersey.com\/wp-content\/uploads\/2025\/04\/1-210.png","type":"image\/png"}],"twitter_card":"summary_large_image","schema":{"@context":"https:\/\/schema.org","@graph":[{"@type":"WebPage","@id":"https:\/\/www.havuzadairhersey.com\/index.php\/urun\/atlaspool-on-filtreli-plastik-pompa-monofaze-ve-trifaze-secenekli-0-50-1-50-hp-havuz-pompasi\/","url":"https:\/\/www.havuzadairhersey.com\/index.php\/urun\/atlaspool-on-filtreli-plastik-pompa-monofaze-ve-trifaze-secenekli-0-50-1-50-hp-havuz-pompasi\/","name":"Atlaspool \u00d6n Filtreli Plastik Pompa, Monofaze ve Trifaze Se\u00e7enekli, 0.50\u20131.50 HP, Havuz Pompas\u0131 -","isPartOf":{"@id":"https:\/\/www.havuzadairhersey.com\/#website"},"primaryImageOfPage":{"@id":"https:\/\/www.havuzadairhersey.com\/index.php\/urun\/atlaspool-on-filtreli-plastik-pompa-monofaze-ve-trifaze-secenekli-0-50-1-50-hp-havuz-pompasi\/#primaryimage"},"image":{"@id":"https:\/\/www.havuzadairhersey.com\/index.php\/urun\/atlaspool-on-filtreli-plastik-pompa-monofaze-ve-trifaze-secenekli-0-50-1-50-hp-havuz-pompasi\/#primaryimage"},"thumbnailUrl":"https:\/\/www.havuzadairhersey.com\/wp-content\/uploads\/2025\/04\/1-210.png","datePublished":"2025-04-17T17:16:14+00:00","dateModified":"2025-04-17T17:16:15+00:00","breadcrumb":{"@id":"https:\/\/www.havuzadairhersey.com\/index.php\/urun\/atlaspool-on-filtreli-plastik-pompa-monofaze-ve-trifaze-secenekli-0-50-1-50-hp-havuz-pompasi\/#breadcrumb"},"inLanguage":"tr","potentialAction":[{"@type":"ReadAction","target":["https:\/\/www.havuzadairhersey.com\/index.php\/urun\/atlaspool-on-filtreli-plastik-pompa-monofaze-ve-trifaze-secenekli-0-50-1-50-hp-havuz-pompasi\/"]}]},{"@type":"ImageObject","inLanguage":"tr","@id":"https:\/\/www.havuzadairhersey.com\/index.php\/urun\/atlaspool-on-filtreli-plastik-pompa-monofaze-ve-trifaze-secenekli-0-50-1-50-hp-havuz-pompasi\/#primaryimage","url":"https:\/\/www.havuzadairhersey.com\/wp-content\/uploads\/2025\/04\/1-210.png","contentUrl":"https:\/\/www.havuzadairhersey.com\/wp-content\/uploads\/2025\/04\/1-210.png","width":1875,"height":2500,"caption":"Monofaze ve Trifaze Havuz Pompas\u0131 \u00c7e\u015fitleri"},{"@type":"BreadcrumbList","@id":"https:\/\/www.havuzadairhersey.com\/index.php\/urun\/atlaspool-on-filtreli-plastik-pompa-monofaze-ve-trifaze-secenekli-0-50-1-50-hp-havuz-pompasi\/#breadcrumb","itemListElement":[{"@type":"ListItem","position":1,"name":"Anasayfa","item":"https:\/\/www.havuzadairhersey.com\/"},{"@type":"ListItem","position":2,"name":"Ma\u011faza","item":"https:\/\/www.havuzadairhersey.com\/"},{"@type":"ListItem","position":3,"name":"Atlaspool \u00d6n Filtreli Plastik Pompa, Monofaze ve Trifaze Se\u00e7enekli, 0.50\u20131.50 HP, Havuz Pompas\u0131"}]},{"@type":"WebSite","@id":"https:\/\/www.havuzadairhersey.com\/#website","url":"https:\/\/www.havuzadairhersey.com\/","name":"","description":"Havuza dair arad\u0131\u011f\u0131n\u0131z her\u015fey burada...","potentialAction":[{"@type":"SearchAction","target":{"@type":"EntryPoint","urlTemplate":"https:\/\/www.havuzadairhersey.com\/?s={search_term_string}"},"query-input":{"@type":"PropertyValueSpecification","valueRequired":true,"valueName":"search_term_string"}}],"inLanguage":"tr"}]}},"_links":{"self":[{"href":"https:\/\/www.havuzadairhersey.com\/index.php\/wp-json\/wp\/v2\/product\/1822","targetHints":{"allow":["GET"]}}],"collection":[{"href":"https:\/\/www.havuzadairhersey.com\/index.php\/wp-json\/wp\/v2\/product"}],"about":[{"href":"https:\/\/www.havuzadairhersey.com\/index.php\/wp-json\/wp\/v2\/types\/product"}],"replies":[{"embeddable":true,"href":"https:\/\/www.havuzadairhersey.com\/index.php\/wp-json\/wp\/v2\/comments?post=1822"}],"wp:featuredmedia":[{"embeddable":true,"href":"https:\/\/www.havuzadairhersey.com\/index.php\/wp-json\/wp\/v2\/media\/1823"}],"wp:attachment":[{"href":"https:\/\/www.havuzadairhersey.com\/index.php\/wp-json\/wp\/v2\/media?parent=1822"}],"wp:term":[{"taxonomy":"product_brand","embeddable":true,"href":"https:\/\/www.havuzadairhersey.com\/index.php\/wp-json\/wp\/v2\/product_brand?post=1822"},{"taxonomy":"product_cat","embeddable":true,"href":"https:\/\/www.havuzadairhersey.com\/index.php\/wp-json\/wp\/v2\/product_cat?post=1822"},{"taxonomy":"product_tag","embeddable":true,"href":"https:\/\/www.havuzadairhersey.com\/index.php\/wp-json\/wp\/v2\/product_tag?post=1822"}],"curies":[{"name":"wp","href":"https:\/\/api.w.org\/{rel}","templated":true}]}}