{"id":1908,"date":"2025-04-17T21:35:55","date_gmt":"2025-04-17T18:35:55","guid":{"rendered":"https:\/\/www.havuzadairhersey.com\/?post_type=product&#038;p=1908"},"modified":"2025-04-17T21:35:56","modified_gmt":"2025-04-17T18:35:56","slug":"paslanmaz-celik-on-filtre","status":"publish","type":"product","link":"https:\/\/www.havuzadairhersey.com\/index.php\/urun\/paslanmaz-celik-on-filtre\/","title":{"rendered":"Paslanmaz \u00c7elik \u00d6n Filtre"},"content":{"rendered":"<p>AISI 304 kalite paslanmaz \u00e7elikten \u00fcretilmi\u015f bu \u00f6n filtre, havuz pompalar\u0131n\u0131n uzun \u00f6m\u00fcrl\u00fc \u00e7al\u0131\u015fmas\u0131n\u0131 sa\u011flamak \u00fczere tasarlanm\u0131\u015ft\u0131r. Flan\u015f ba\u011flant\u0131l\u0131 sistemi ve rondelal\u0131 kapa\u011f\u0131 ile y\u00fcksek s\u0131zd\u0131rmazl\u0131k ve kolay bak\u0131m sunar. 2\u00bd in\u00e7ten 8 in\u00e7e kadar farkl\u0131 \u00e7aplarda sunulan bu model, ticari ve b\u00fcy\u00fck \u00f6l\u00e7ekli havuz sistemleri i\u00e7in idealdir. Korozyona kar\u015f\u0131 y\u00fcksek diren\u00e7 g\u00f6sterir ve paslanmaz yap\u0131s\u0131 sayesinde uzun s\u00fcreli kullan\u0131mda bile y\u00fcksek performans sa\u011flar.<\/p>\n","protected":false},"excerpt":{"rendered":"<p>Flan\u015fl\u0131 ba\u011flant\u0131, rondelal\u0131 kapak ve AISI 304 paslanmaz \u00e7elikten mamul \u00f6n filtre, b\u00fcy\u00fck \u00f6l\u00e7ekli havuz pompalar\u0131 i\u00e7in uygundur.<\/p>\n","protected":false},"featured_media":1909,"comment_status":"open","ping_status":"closed","template":"","meta":{"site-sidebar-layout":"default","site-content-layout":"","ast-site-content-layout":"default","site-content-style":"default","site-sidebar-style":"default","ast-global-header-display":"","ast-banner-title-visibility":"","ast-main-header-display":"","ast-hfb-above-header-display":"","ast-hfb-below-header-display":"","ast-hfb-mobile-header-display":"","site-post-title":"","ast-breadcrumbs-content":"","ast-featured-img":"","footer-sml-layout":"","theme-transparent-header-meta":"default","adv-header-id-meta":"","stick-header-meta":"","header-above-stick-meta":"","header-main-stick-meta":"","header-below-stick-meta":"","astra-migrate-meta-layouts":"set","ast-page-background-enabled":"default","ast-page-background-meta":{"desktop":{"background-color":"var(--ast-global-color-5)","background-image":"","background-repeat":"repeat","background-position":"center center","background-size":"auto","background-attachment":"scroll","background-type":"","background-media":"","overlay-type":"","overlay-color":"","overlay-opacity":"","overlay-gradient":""},"tablet":{"background-color":"","background-image":"","background-repeat":"repeat","background-position":"center center","background-size":"auto","background-attachment":"scroll","background-type":"","background-media":"","overlay-type":"","overlay-color":"","overlay-opacity":"","overlay-gradient":""},"mobile":{"background-color":"","background-image":"","background-repeat":"repeat","background-position":"center center","background-size":"auto","background-attachment":"scroll","background-type":"","background-media":"","overlay-type":"","overlay-color":"","overlay-opacity":"","overlay-gradient":""}},"ast-content-background-meta":{"desktop":{"background-color":"var(--ast-global-color-4)","background-image":"","background-repeat":"repeat","background-position":"center center","background-size":"auto","background-attachment":"scroll","background-type":"","background-media":"","overlay-type":"","overlay-color":"","overlay-opacity":"","overlay-gradient":""},"tablet":{"background-color":"var(--ast-global-color-4)","background-image":"","background-repeat":"repeat","background-position":"center center","background-size":"auto","background-attachment":"scroll","background-type":"","background-media":"","overlay-type":"","overlay-color":"","overlay-opacity":"","overlay-gradient":""},"mobile":{"background-color":"var(--ast-global-color-4)","background-image":"","background-repeat":"repeat","background-position":"center center","background-size":"auto","background-attachment":"scroll","background-type":"","background-media":"","overlay-type":"","overlay-color":"","overlay-opacity":"","overlay-gradient":""}}},"product_brand":[30],"product_cat":[2603],"product_tag":[2738,2739,2736,2734,405,327,311,2735,2740,2737,2733,2741,329],"class_list":{"0":"post-1908","1":"product","2":"type-product","3":"status-publish","4":"has-post-thumbnail","6":"product_brand-atlaspool","7":"product_cat-havuz-pompalari","8":"product_tag-2-5-inc-filtre","9":"product_tag-8-inc-filtre","10":"product_tag-aisi-304-filtre","11":"product_tag-celik-on-filtre","12":"product_tag-endustriyel-filtre","13":"product_tag-flans-baglantili-filtre","14":"product_tag-havuz-ekipmani","15":"product_tag-havuz-pompa-filtresi","16":"product_tag-paslanmaz-celik-ekipman","17":"product_tag-paslanmaz-celik-havuz-filtresi","18":"product_tag-paslanmaz-pompa-filtresi","19":"product_tag-pompa-on-filtre","20":"product_tag-su-aritma-filtresi","21":"desktop-align-left","22":"tablet-align-left","23":"mobile-align-left","25":"first","26":"instock","27":"shipping-taxable","28":"purchasable","29":"product-type-variable"},"yoast_head":"<!-- This site is optimized with the Yoast SEO plugin v25.0 - https:\/\/yoast.com\/wordpress\/plugins\/seo\/ -->\n<title>Paslanmaz \u00c7elik \u00d6n Filtre -<\/title>\n<meta name=\"robots\" content=\"index, follow, max-snippet:-1, max-image-preview:large, max-video-preview:-1\" \/>\n<link rel=\"canonical\" href=\"https:\/\/www.havuzadairhersey.com\/index.php\/urun\/paslanmaz-celik-on-filtre\/\" \/>\n<meta property=\"og:locale\" content=\"tr_TR\" \/>\n<meta property=\"og:type\" content=\"article\" \/>\n<meta property=\"og:title\" content=\"Paslanmaz \u00c7elik \u00d6n Filtre -\" \/>\n<meta property=\"og:description\" content=\"Flan\u015fl\u0131 ba\u011flant\u0131, rondelal\u0131 kapak ve AISI 304 paslanmaz \u00e7elikten mamul \u00f6n filtre, b\u00fcy\u00fck \u00f6l\u00e7ekli havuz pompalar\u0131 i\u00e7in uygundur.\" \/>\n<meta property=\"og:url\" content=\"https:\/\/www.havuzadairhersey.com\/index.php\/urun\/paslanmaz-celik-on-filtre\/\" \/>\n<meta property=\"article:modified_time\" content=\"2025-04-17T18:35:56+00:00\" \/>\n<meta property=\"og:image\" content=\"https:\/\/www.havuzadairhersey.com\/wp-content\/uploads\/2025\/04\/1-222.png\" \/>\n\t<meta property=\"og:image:width\" content=\"1875\" \/>\n\t<meta property=\"og:image:height\" content=\"2500\" \/>\n\t<meta property=\"og:image:type\" content=\"image\/png\" \/>\n<meta name=\"twitter:card\" content=\"summary_large_image\" \/>\n<script type=\"application\/ld+json\" class=\"yoast-schema-graph\">{\"@context\":\"https:\/\/schema.org\",\"@graph\":[{\"@type\":\"WebPage\",\"@id\":\"https:\/\/www.havuzadairhersey.com\/index.php\/urun\/paslanmaz-celik-on-filtre\/\",\"url\":\"https:\/\/www.havuzadairhersey.com\/index.php\/urun\/paslanmaz-celik-on-filtre\/\",\"name\":\"Paslanmaz \u00c7elik \u00d6n Filtre -\",\"isPartOf\":{\"@id\":\"https:\/\/www.havuzadairhersey.com\/#website\"},\"primaryImageOfPage\":{\"@id\":\"https:\/\/www.havuzadairhersey.com\/index.php\/urun\/paslanmaz-celik-on-filtre\/#primaryimage\"},\"image\":{\"@id\":\"https:\/\/www.havuzadairhersey.com\/index.php\/urun\/paslanmaz-celik-on-filtre\/#primaryimage\"},\"thumbnailUrl\":\"https:\/\/www.havuzadairhersey.com\/wp-content\/uploads\/2025\/04\/1-222.png\",\"datePublished\":\"2025-04-17T18:35:55+00:00\",\"dateModified\":\"2025-04-17T18:35:56+00:00\",\"breadcrumb\":{\"@id\":\"https:\/\/www.havuzadairhersey.com\/index.php\/urun\/paslanmaz-celik-on-filtre\/#breadcrumb\"},\"inLanguage\":\"tr\",\"potentialAction\":[{\"@type\":\"ReadAction\",\"target\":[\"https:\/\/www.havuzadairhersey.com\/index.php\/urun\/paslanmaz-celik-on-filtre\/\"]}]},{\"@type\":\"ImageObject\",\"inLanguage\":\"tr\",\"@id\":\"https:\/\/www.havuzadairhersey.com\/index.php\/urun\/paslanmaz-celik-on-filtre\/#primaryimage\",\"url\":\"https:\/\/www.havuzadairhersey.com\/wp-content\/uploads\/2025\/04\/1-222.png\",\"contentUrl\":\"https:\/\/www.havuzadairhersey.com\/wp-content\/uploads\/2025\/04\/1-222.png\",\"width\":1875,\"height\":2500,\"caption\":\"Y\u00fcksek dayan\u0131ml\u0131 AISI 304 paslanmaz \u00e7elikten \u00f6n filtre\"},{\"@type\":\"BreadcrumbList\",\"@id\":\"https:\/\/www.havuzadairhersey.com\/index.php\/urun\/paslanmaz-celik-on-filtre\/#breadcrumb\",\"itemListElement\":[{\"@type\":\"ListItem\",\"position\":1,\"name\":\"Anasayfa\",\"item\":\"https:\/\/www.havuzadairhersey.com\/\"},{\"@type\":\"ListItem\",\"position\":2,\"name\":\"Ma\u011faza\",\"item\":\"https:\/\/www.havuzadairhersey.com\/\"},{\"@type\":\"ListItem\",\"position\":3,\"name\":\"Paslanmaz \u00c7elik \u00d6n Filtre\"}]},{\"@type\":\"WebSite\",\"@id\":\"https:\/\/www.havuzadairhersey.com\/#website\",\"url\":\"https:\/\/www.havuzadairhersey.com\/\",\"name\":\"\",\"description\":\"Havuza dair arad\u0131\u011f\u0131n\u0131z her\u015fey burada...\",\"potentialAction\":[{\"@type\":\"SearchAction\",\"target\":{\"@type\":\"EntryPoint\",\"urlTemplate\":\"https:\/\/www.havuzadairhersey.com\/?s={search_term_string}\"},\"query-input\":{\"@type\":\"PropertyValueSpecification\",\"valueRequired\":true,\"valueName\":\"search_term_string\"}}],\"inLanguage\":\"tr\"}]}<\/script>\n<!-- \/ Yoast SEO plugin. -->","yoast_head_json":{"title":"Paslanmaz \u00c7elik \u00d6n Filtre -","robots":{"index":"index","follow":"follow","max-snippet":"max-snippet:-1","max-image-preview":"max-image-preview:large","max-video-preview":"max-video-preview:-1"},"canonical":"https:\/\/www.havuzadairhersey.com\/index.php\/urun\/paslanmaz-celik-on-filtre\/","og_locale":"tr_TR","og_type":"article","og_title":"Paslanmaz \u00c7elik \u00d6n Filtre -","og_description":"Flan\u015fl\u0131 ba\u011flant\u0131, rondelal\u0131 kapak ve AISI 304 paslanmaz \u00e7elikten mamul \u00f6n filtre, b\u00fcy\u00fck \u00f6l\u00e7ekli havuz pompalar\u0131 i\u00e7in uygundur.","og_url":"https:\/\/www.havuzadairhersey.com\/index.php\/urun\/paslanmaz-celik-on-filtre\/","article_modified_time":"2025-04-17T18:35:56+00:00","og_image":[{"width":1875,"height":2500,"url":"https:\/\/www.havuzadairhersey.com\/wp-content\/uploads\/2025\/04\/1-222.png","type":"image\/png"}],"twitter_card":"summary_large_image","schema":{"@context":"https:\/\/schema.org","@graph":[{"@type":"WebPage","@id":"https:\/\/www.havuzadairhersey.com\/index.php\/urun\/paslanmaz-celik-on-filtre\/","url":"https:\/\/www.havuzadairhersey.com\/index.php\/urun\/paslanmaz-celik-on-filtre\/","name":"Paslanmaz \u00c7elik \u00d6n Filtre -","isPartOf":{"@id":"https:\/\/www.havuzadairhersey.com\/#website"},"primaryImageOfPage":{"@id":"https:\/\/www.havuzadairhersey.com\/index.php\/urun\/paslanmaz-celik-on-filtre\/#primaryimage"},"image":{"@id":"https:\/\/www.havuzadairhersey.com\/index.php\/urun\/paslanmaz-celik-on-filtre\/#primaryimage"},"thumbnailUrl":"https:\/\/www.havuzadairhersey.com\/wp-content\/uploads\/2025\/04\/1-222.png","datePublished":"2025-04-17T18:35:55+00:00","dateModified":"2025-04-17T18:35:56+00:00","breadcrumb":{"@id":"https:\/\/www.havuzadairhersey.com\/index.php\/urun\/paslanmaz-celik-on-filtre\/#breadcrumb"},"inLanguage":"tr","potentialAction":[{"@type":"ReadAction","target":["https:\/\/www.havuzadairhersey.com\/index.php\/urun\/paslanmaz-celik-on-filtre\/"]}]},{"@type":"ImageObject","inLanguage":"tr","@id":"https:\/\/www.havuzadairhersey.com\/index.php\/urun\/paslanmaz-celik-on-filtre\/#primaryimage","url":"https:\/\/www.havuzadairhersey.com\/wp-content\/uploads\/2025\/04\/1-222.png","contentUrl":"https:\/\/www.havuzadairhersey.com\/wp-content\/uploads\/2025\/04\/1-222.png","width":1875,"height":2500,"caption":"Y\u00fcksek dayan\u0131ml\u0131 AISI 304 paslanmaz \u00e7elikten \u00f6n filtre"},{"@type":"BreadcrumbList","@id":"https:\/\/www.havuzadairhersey.com\/index.php\/urun\/paslanmaz-celik-on-filtre\/#breadcrumb","itemListElement":[{"@type":"ListItem","position":1,"name":"Anasayfa","item":"https:\/\/www.havuzadairhersey.com\/"},{"@type":"ListItem","position":2,"name":"Ma\u011faza","item":"https:\/\/www.havuzadairhersey.com\/"},{"@type":"ListItem","position":3,"name":"Paslanmaz \u00c7elik \u00d6n Filtre"}]},{"@type":"WebSite","@id":"https:\/\/www.havuzadairhersey.com\/#website","url":"https:\/\/www.havuzadairhersey.com\/","name":"","description":"Havuza dair arad\u0131\u011f\u0131n\u0131z her\u015fey burada...","potentialAction":[{"@type":"SearchAction","target":{"@type":"EntryPoint","urlTemplate":"https:\/\/www.havuzadairhersey.com\/?s={search_term_string}"},"query-input":{"@type":"PropertyValueSpecification","valueRequired":true,"valueName":"search_term_string"}}],"inLanguage":"tr"}]}},"_links":{"self":[{"href":"https:\/\/www.havuzadairhersey.com\/index.php\/wp-json\/wp\/v2\/product\/1908","targetHints":{"allow":["GET"]}}],"collection":[{"href":"https:\/\/www.havuzadairhersey.com\/index.php\/wp-json\/wp\/v2\/product"}],"about":[{"href":"https:\/\/www.havuzadairhersey.com\/index.php\/wp-json\/wp\/v2\/types\/product"}],"replies":[{"embeddable":true,"href":"https:\/\/www.havuzadairhersey.com\/index.php\/wp-json\/wp\/v2\/comments?post=1908"}],"wp:featuredmedia":[{"embeddable":true,"href":"https:\/\/www.havuzadairhersey.com\/index.php\/wp-json\/wp\/v2\/media\/1909"}],"wp:attachment":[{"href":"https:\/\/www.havuzadairhersey.com\/index.php\/wp-json\/wp\/v2\/media?parent=1908"}],"wp:term":[{"taxonomy":"product_brand","embeddable":true,"href":"https:\/\/www.havuzadairhersey.com\/index.php\/wp-json\/wp\/v2\/product_brand?post=1908"},{"taxonomy":"product_cat","embeddable":true,"href":"https:\/\/www.havuzadairhersey.com\/index.php\/wp-json\/wp\/v2\/product_cat?post=1908"},{"taxonomy":"product_tag","embeddable":true,"href":"https:\/\/www.havuzadairhersey.com\/index.php\/wp-json\/wp\/v2\/product_tag?post=1908"}],"curies":[{"name":"wp","href":"https:\/\/api.w.org\/{rel}","templated":true}]}}