{"id":2020,"date":"2025-04-20T13:34:57","date_gmt":"2025-04-20T10:34:57","guid":{"rendered":"https:\/\/www.havuzadairhersey.com\/?post_type=product&#038;p=2020"},"modified":"2025-05-30T22:15:33","modified_gmt":"2025-05-30T19:15:33","slug":"uh-pvc-yapistirma-muflu-inegal-te-yuksek-basinca-dayanikli","status":"publish","type":"product","link":"https:\/\/www.havuzadairhersey.com\/index.php\/urun\/uh-pvc-yapistirma-muflu-inegal-te-yuksek-basinca-dayanikli\/","title":{"rendered":"UH-PVC Yap\u0131\u015ft\u0131rma Muflu \u0130negal Te, Y\u00fcksek Bas\u0131nca Dayan\u0131kl\u0131"},"content":{"rendered":"<p>UH-PVC yap\u0131\u015ft\u0131rma muflu inegal Te, havuz tesisatlar\u0131nda ba\u011flant\u0131 noktalar\u0131n\u0131 sa\u011flam ve s\u0131zd\u0131rmaz \u015fekilde birle\u015ftirmek i\u00e7in tasarlanm\u0131\u015ft\u0131r. 16 bar bas\u0131n\u00e7 dayan\u0131m\u0131yla g\u00fcvenli kullan\u0131m sunar. Farkl\u0131 \u00e7ap se\u00e7enekleri mevcuttur. Kimyasal direnci y\u00fcksek olup uzun \u00f6m\u00fcrl\u00fcd\u00fcr. Solvent kaynak y\u00f6ntemiyle kolay montaj imk\u00e2n\u0131 sa\u011flar. Tesisat sisteminizde s\u0131z\u0131nt\u0131s\u0131z ve g\u00fcvenli ge\u00e7i\u015fler i\u00e7in ideal bir par\u00e7ad\u0131r.<\/p>\n","protected":false},"excerpt":{"rendered":"<p>Y\u00fcksek bas\u0131n\u00e7 dayan\u0131ml\u0131 UH-PVC inegal Te, dayan\u0131kl\u0131 ve s\u0131zd\u0131rmaz ba\u011flant\u0131lar i\u00e7in ideal ba\u011flant\u0131 par\u00e7as\u0131d\u0131r.<\/p>\n","protected":false},"featured_media":2021,"comment_status":"open","ping_status":"closed","template":"","meta":{"site-sidebar-layout":"default","site-content-layout":"","ast-site-content-layout":"default","site-content-style":"default","site-sidebar-style":"default","ast-global-header-display":"","ast-banner-title-visibility":"","ast-main-header-display":"","ast-hfb-above-header-display":"","ast-hfb-below-header-display":"","ast-hfb-mobile-header-display":"","site-post-title":"","ast-breadcrumbs-content":"","ast-featured-img":"","footer-sml-layout":"","theme-transparent-header-meta":"default","adv-header-id-meta":"","stick-header-meta":"","header-above-stick-meta":"","header-main-stick-meta":"","header-below-stick-meta":"","astra-migrate-meta-layouts":"set","ast-page-background-enabled":"default","ast-page-background-meta":{"desktop":{"background-color":"var(--ast-global-color-5)","background-image":"","background-repeat":"repeat","background-position":"center center","background-size":"auto","background-attachment":"scroll","background-type":"","background-media":"","overlay-type":"","overlay-color":"","overlay-opacity":"","overlay-gradient":""},"tablet":{"background-color":"","background-image":"","background-repeat":"repeat","background-position":"center center","background-size":"auto","background-attachment":"scroll","background-type":"","background-media":"","overlay-type":"","overlay-color":"","overlay-opacity":"","overlay-gradient":""},"mobile":{"background-color":"","background-image":"","background-repeat":"repeat","background-position":"center center","background-size":"auto","background-attachment":"scroll","background-type":"","background-media":"","overlay-type":"","overlay-color":"","overlay-opacity":"","overlay-gradient":""}},"ast-content-background-meta":{"desktop":{"background-color":"var(--ast-global-color-4)","background-image":"","background-repeat":"repeat","background-position":"center center","background-size":"auto","background-attachment":"scroll","background-type":"","background-media":"","overlay-type":"","overlay-color":"","overlay-opacity":"","overlay-gradient":""},"tablet":{"background-color":"var(--ast-global-color-4)","background-image":"","background-repeat":"repeat","background-position":"center center","background-size":"auto","background-attachment":"scroll","background-type":"","background-media":"","overlay-type":"","overlay-color":"","overlay-opacity":"","overlay-gradient":""},"mobile":{"background-color":"var(--ast-global-color-4)","background-image":"","background-repeat":"repeat","background-position":"center center","background-size":"auto","background-attachment":"scroll","background-type":"","background-media":"","overlay-type":"","overlay-color":"","overlay-opacity":"","overlay-gradient":""}}},"product_brand":[2919],"product_cat":[699],"product_tag":[2909,2916,2915,2918,2914,2908,2912,2910,2893,2917,2913,2907,2911],"class_list":{"0":"post-2020","1":"product","2":"type-product","3":"status-publish","4":"has-post-thumbnail","6":"product_brand-pimtas","7":"product_cat-havuz-vana-boru-fittings","8":"product_tag-16-bar-pvc-ek-parca","9":"product_tag-basinca-dayanikli-te","10":"product_tag-havuz-pvc-parcalari","11":"product_tag-inegal-pvc-te","12":"product_tag-inegal-t-dirsek","13":"product_tag-inegal-te-baglanti","14":"product_tag-muflu-inegal-te","15":"product_tag-pool-pvc-fitting","16":"product_tag-pvc-boru-baglanti","17":"product_tag-solvent-kaynak-fitting","18":"product_tag-tesisat-baglanti-parcasi","19":"product_tag-uh-pvc-te","20":"product_tag-yapistirma-te","21":"desktop-align-left","22":"tablet-align-left","23":"mobile-align-left","25":"first","26":"outofstock","27":"shipping-taxable","28":"purchasable","29":"product-type-variable"},"yoast_head":"<!-- This site is optimized with the Yoast SEO plugin v25.0 - https:\/\/yoast.com\/wordpress\/plugins\/seo\/ -->\n<title>UH-PVC Yap\u0131\u015ft\u0131rma Muflu \u0130negal Te, Y\u00fcksek Bas\u0131nca Dayan\u0131kl\u0131 -<\/title>\n<meta name=\"robots\" content=\"index, follow, max-snippet:-1, max-image-preview:large, max-video-preview:-1\" \/>\n<link rel=\"canonical\" href=\"https:\/\/www.havuzadairhersey.com\/index.php\/urun\/uh-pvc-yapistirma-muflu-inegal-te-yuksek-basinca-dayanikli\/\" \/>\n<meta property=\"og:locale\" content=\"tr_TR\" \/>\n<meta property=\"og:type\" content=\"article\" \/>\n<meta property=\"og:title\" content=\"UH-PVC Yap\u0131\u015ft\u0131rma Muflu \u0130negal Te, Y\u00fcksek Bas\u0131nca Dayan\u0131kl\u0131 -\" \/>\n<meta property=\"og:description\" content=\"Y\u00fcksek bas\u0131n\u00e7 dayan\u0131ml\u0131 UH-PVC inegal Te, dayan\u0131kl\u0131 ve s\u0131zd\u0131rmaz ba\u011flant\u0131lar i\u00e7in ideal ba\u011flant\u0131 par\u00e7as\u0131d\u0131r.\" \/>\n<meta property=\"og:url\" content=\"https:\/\/www.havuzadairhersey.com\/index.php\/urun\/uh-pvc-yapistirma-muflu-inegal-te-yuksek-basinca-dayanikli\/\" \/>\n<meta property=\"article:modified_time\" content=\"2025-05-30T19:15:33+00:00\" \/>\n<meta property=\"og:image\" content=\"https:\/\/www.havuzadairhersey.com\/wp-content\/uploads\/2025\/04\/1-232.png\" \/>\n\t<meta property=\"og:image:width\" content=\"1875\" \/>\n\t<meta property=\"og:image:height\" content=\"2000\" \/>\n\t<meta property=\"og:image:type\" content=\"image\/png\" \/>\n<meta name=\"twitter:card\" content=\"summary_large_image\" \/>\n<script type=\"application\/ld+json\" class=\"yoast-schema-graph\">{\"@context\":\"https:\/\/schema.org\",\"@graph\":[{\"@type\":\"WebPage\",\"@id\":\"https:\/\/www.havuzadairhersey.com\/index.php\/urun\/uh-pvc-yapistirma-muflu-inegal-te-yuksek-basinca-dayanikli\/\",\"url\":\"https:\/\/www.havuzadairhersey.com\/index.php\/urun\/uh-pvc-yapistirma-muflu-inegal-te-yuksek-basinca-dayanikli\/\",\"name\":\"UH-PVC Yap\u0131\u015ft\u0131rma Muflu \u0130negal Te, Y\u00fcksek Bas\u0131nca Dayan\u0131kl\u0131 -\",\"isPartOf\":{\"@id\":\"https:\/\/www.havuzadairhersey.com\/#website\"},\"primaryImageOfPage\":{\"@id\":\"https:\/\/www.havuzadairhersey.com\/index.php\/urun\/uh-pvc-yapistirma-muflu-inegal-te-yuksek-basinca-dayanikli\/#primaryimage\"},\"image\":{\"@id\":\"https:\/\/www.havuzadairhersey.com\/index.php\/urun\/uh-pvc-yapistirma-muflu-inegal-te-yuksek-basinca-dayanikli\/#primaryimage\"},\"thumbnailUrl\":\"https:\/\/www.havuzadairhersey.com\/wp-content\/uploads\/2025\/04\/1-232.png\",\"datePublished\":\"2025-04-20T10:34:57+00:00\",\"dateModified\":\"2025-05-30T19:15:33+00:00\",\"breadcrumb\":{\"@id\":\"https:\/\/www.havuzadairhersey.com\/index.php\/urun\/uh-pvc-yapistirma-muflu-inegal-te-yuksek-basinca-dayanikli\/#breadcrumb\"},\"inLanguage\":\"tr\",\"potentialAction\":[{\"@type\":\"ReadAction\",\"target\":[\"https:\/\/www.havuzadairhersey.com\/index.php\/urun\/uh-pvc-yapistirma-muflu-inegal-te-yuksek-basinca-dayanikli\/\"]}]},{\"@type\":\"ImageObject\",\"inLanguage\":\"tr\",\"@id\":\"https:\/\/www.havuzadairhersey.com\/index.php\/urun\/uh-pvc-yapistirma-muflu-inegal-te-yuksek-basinca-dayanikli\/#primaryimage\",\"url\":\"https:\/\/www.havuzadairhersey.com\/wp-content\/uploads\/2025\/04\/1-232.png\",\"contentUrl\":\"https:\/\/www.havuzadairhersey.com\/wp-content\/uploads\/2025\/04\/1-232.png\",\"width\":1875,\"height\":2000,\"caption\":\"Farkl\u0131 \u00e7ap se\u00e7eneklerine sahip UH-PVC inegal Te boru ba\u011flant\u0131 par\u00e7as\u0131\"},{\"@type\":\"BreadcrumbList\",\"@id\":\"https:\/\/www.havuzadairhersey.com\/index.php\/urun\/uh-pvc-yapistirma-muflu-inegal-te-yuksek-basinca-dayanikli\/#breadcrumb\",\"itemListElement\":[{\"@type\":\"ListItem\",\"position\":1,\"name\":\"Anasayfa\",\"item\":\"https:\/\/www.havuzadairhersey.com\/\"},{\"@type\":\"ListItem\",\"position\":2,\"name\":\"Ma\u011faza\",\"item\":\"https:\/\/www.havuzadairhersey.com\/\"},{\"@type\":\"ListItem\",\"position\":3,\"name\":\"UH-PVC Yap\u0131\u015ft\u0131rma Muflu \u0130negal Te, Y\u00fcksek Bas\u0131nca Dayan\u0131kl\u0131\"}]},{\"@type\":\"WebSite\",\"@id\":\"https:\/\/www.havuzadairhersey.com\/#website\",\"url\":\"https:\/\/www.havuzadairhersey.com\/\",\"name\":\"\",\"description\":\"Havuza dair arad\u0131\u011f\u0131n\u0131z her\u015fey burada...\",\"potentialAction\":[{\"@type\":\"SearchAction\",\"target\":{\"@type\":\"EntryPoint\",\"urlTemplate\":\"https:\/\/www.havuzadairhersey.com\/?s={search_term_string}\"},\"query-input\":{\"@type\":\"PropertyValueSpecification\",\"valueRequired\":true,\"valueName\":\"search_term_string\"}}],\"inLanguage\":\"tr\"}]}<\/script>\n<!-- \/ Yoast SEO plugin. -->","yoast_head_json":{"title":"UH-PVC Yap\u0131\u015ft\u0131rma Muflu \u0130negal Te, Y\u00fcksek Bas\u0131nca Dayan\u0131kl\u0131 -","robots":{"index":"index","follow":"follow","max-snippet":"max-snippet:-1","max-image-preview":"max-image-preview:large","max-video-preview":"max-video-preview:-1"},"canonical":"https:\/\/www.havuzadairhersey.com\/index.php\/urun\/uh-pvc-yapistirma-muflu-inegal-te-yuksek-basinca-dayanikli\/","og_locale":"tr_TR","og_type":"article","og_title":"UH-PVC Yap\u0131\u015ft\u0131rma Muflu \u0130negal Te, Y\u00fcksek Bas\u0131nca Dayan\u0131kl\u0131 -","og_description":"Y\u00fcksek bas\u0131n\u00e7 dayan\u0131ml\u0131 UH-PVC inegal Te, dayan\u0131kl\u0131 ve s\u0131zd\u0131rmaz ba\u011flant\u0131lar i\u00e7in ideal ba\u011flant\u0131 par\u00e7as\u0131d\u0131r.","og_url":"https:\/\/www.havuzadairhersey.com\/index.php\/urun\/uh-pvc-yapistirma-muflu-inegal-te-yuksek-basinca-dayanikli\/","article_modified_time":"2025-05-30T19:15:33+00:00","og_image":[{"width":1875,"height":2000,"url":"https:\/\/www.havuzadairhersey.com\/wp-content\/uploads\/2025\/04\/1-232.png","type":"image\/png"}],"twitter_card":"summary_large_image","schema":{"@context":"https:\/\/schema.org","@graph":[{"@type":"WebPage","@id":"https:\/\/www.havuzadairhersey.com\/index.php\/urun\/uh-pvc-yapistirma-muflu-inegal-te-yuksek-basinca-dayanikli\/","url":"https:\/\/www.havuzadairhersey.com\/index.php\/urun\/uh-pvc-yapistirma-muflu-inegal-te-yuksek-basinca-dayanikli\/","name":"UH-PVC Yap\u0131\u015ft\u0131rma Muflu \u0130negal Te, Y\u00fcksek Bas\u0131nca Dayan\u0131kl\u0131 -","isPartOf":{"@id":"https:\/\/www.havuzadairhersey.com\/#website"},"primaryImageOfPage":{"@id":"https:\/\/www.havuzadairhersey.com\/index.php\/urun\/uh-pvc-yapistirma-muflu-inegal-te-yuksek-basinca-dayanikli\/#primaryimage"},"image":{"@id":"https:\/\/www.havuzadairhersey.com\/index.php\/urun\/uh-pvc-yapistirma-muflu-inegal-te-yuksek-basinca-dayanikli\/#primaryimage"},"thumbnailUrl":"https:\/\/www.havuzadairhersey.com\/wp-content\/uploads\/2025\/04\/1-232.png","datePublished":"2025-04-20T10:34:57+00:00","dateModified":"2025-05-30T19:15:33+00:00","breadcrumb":{"@id":"https:\/\/www.havuzadairhersey.com\/index.php\/urun\/uh-pvc-yapistirma-muflu-inegal-te-yuksek-basinca-dayanikli\/#breadcrumb"},"inLanguage":"tr","potentialAction":[{"@type":"ReadAction","target":["https:\/\/www.havuzadairhersey.com\/index.php\/urun\/uh-pvc-yapistirma-muflu-inegal-te-yuksek-basinca-dayanikli\/"]}]},{"@type":"ImageObject","inLanguage":"tr","@id":"https:\/\/www.havuzadairhersey.com\/index.php\/urun\/uh-pvc-yapistirma-muflu-inegal-te-yuksek-basinca-dayanikli\/#primaryimage","url":"https:\/\/www.havuzadairhersey.com\/wp-content\/uploads\/2025\/04\/1-232.png","contentUrl":"https:\/\/www.havuzadairhersey.com\/wp-content\/uploads\/2025\/04\/1-232.png","width":1875,"height":2000,"caption":"Farkl\u0131 \u00e7ap se\u00e7eneklerine sahip UH-PVC inegal Te boru ba\u011flant\u0131 par\u00e7as\u0131"},{"@type":"BreadcrumbList","@id":"https:\/\/www.havuzadairhersey.com\/index.php\/urun\/uh-pvc-yapistirma-muflu-inegal-te-yuksek-basinca-dayanikli\/#breadcrumb","itemListElement":[{"@type":"ListItem","position":1,"name":"Anasayfa","item":"https:\/\/www.havuzadairhersey.com\/"},{"@type":"ListItem","position":2,"name":"Ma\u011faza","item":"https:\/\/www.havuzadairhersey.com\/"},{"@type":"ListItem","position":3,"name":"UH-PVC Yap\u0131\u015ft\u0131rma Muflu \u0130negal Te, Y\u00fcksek Bas\u0131nca Dayan\u0131kl\u0131"}]},{"@type":"WebSite","@id":"https:\/\/www.havuzadairhersey.com\/#website","url":"https:\/\/www.havuzadairhersey.com\/","name":"","description":"Havuza dair arad\u0131\u011f\u0131n\u0131z her\u015fey burada...","potentialAction":[{"@type":"SearchAction","target":{"@type":"EntryPoint","urlTemplate":"https:\/\/www.havuzadairhersey.com\/?s={search_term_string}"},"query-input":{"@type":"PropertyValueSpecification","valueRequired":true,"valueName":"search_term_string"}}],"inLanguage":"tr"}]}},"_links":{"self":[{"href":"https:\/\/www.havuzadairhersey.com\/index.php\/wp-json\/wp\/v2\/product\/2020","targetHints":{"allow":["GET"]}}],"collection":[{"href":"https:\/\/www.havuzadairhersey.com\/index.php\/wp-json\/wp\/v2\/product"}],"about":[{"href":"https:\/\/www.havuzadairhersey.com\/index.php\/wp-json\/wp\/v2\/types\/product"}],"replies":[{"embeddable":true,"href":"https:\/\/www.havuzadairhersey.com\/index.php\/wp-json\/wp\/v2\/comments?post=2020"}],"wp:featuredmedia":[{"embeddable":true,"href":"https:\/\/www.havuzadairhersey.com\/index.php\/wp-json\/wp\/v2\/media\/2021"}],"wp:attachment":[{"href":"https:\/\/www.havuzadairhersey.com\/index.php\/wp-json\/wp\/v2\/media?parent=2020"}],"wp:term":[{"taxonomy":"product_brand","embeddable":true,"href":"https:\/\/www.havuzadairhersey.com\/index.php\/wp-json\/wp\/v2\/product_brand?post=2020"},{"taxonomy":"product_cat","embeddable":true,"href":"https:\/\/www.havuzadairhersey.com\/index.php\/wp-json\/wp\/v2\/product_cat?post=2020"},{"taxonomy":"product_tag","embeddable":true,"href":"https:\/\/www.havuzadairhersey.com\/index.php\/wp-json\/wp\/v2\/product_tag?post=2020"}],"curies":[{"name":"wp","href":"https:\/\/api.w.org\/{rel}","templated":true}]}}