{"id":2045,"date":"2025-04-20T14:05:02","date_gmt":"2025-04-20T11:05:02","guid":{"rendered":"https:\/\/www.havuzadairhersey.com\/?post_type=product&#038;p=2045"},"modified":"2025-05-30T22:14:48","modified_gmt":"2025-05-30T19:14:48","slug":"uh-pvc-yapistirma-muflu-kole-basinc-dayanimli-endustriyel-pvc-boru-baglanti-parcasi","status":"publish","type":"product","link":"https:\/\/www.havuzadairhersey.com\/index.php\/urun\/uh-pvc-yapistirma-muflu-kole-basinc-dayanimli-endustriyel-pvc-boru-baglanti-parcasi\/","title":{"rendered":"UH-PVC Yap\u0131\u015ft\u0131rma Muflu Kole, Bas\u0131n\u00e7 Dayan\u0131ml\u0131, End\u00fcstriyel PVC Boru Ba\u011flant\u0131 Par\u00e7as\u0131"},"content":{"rendered":"<p>UH-PVC yap\u0131\u015ft\u0131rma muflu kole, y\u00fcksek bas\u0131nca dayan\u0131kl\u0131 yap\u0131s\u0131yla boru hatlar\u0131nda g\u00fcvenilir ba\u011flant\u0131lar sa\u011flar. End\u00fcstriyel ve havuz sistemleri ba\u015fta olmak \u00fczere bir\u00e7ok alanda kullan\u0131lan bu \u00fcr\u00fcn, kolay montaj imkan\u0131 sunar. 16 bar bas\u0131n\u00e7 dayan\u0131m\u0131yla uzun \u00f6m\u00fcrl\u00fc ve s\u0131zd\u0131rmaz yap\u0131s\u0131 sayesinde sistem verimlili\u011fini art\u0131r\u0131r. Farkl\u0131 \u00e7ap ve \u00f6l\u00e7\u00fclerde \u00fcretilen bu kole, UH-PVC hammaddesiyle dayan\u0131kl\u0131l\u0131\u011f\u0131 ve kimyasal direnci bir arada sunar.<\/p>\n","protected":false},"excerpt":{"rendered":"<p>Y\u00fcksek bas\u0131nca dayan\u0131kl\u0131 UH-PVC yap\u0131\u015ft\u0131rma muflu kole, dayan\u0131kl\u0131 yap\u0131s\u0131yla boru sistemlerinde s\u0131zd\u0131rmaz ve g\u00fcvenli ba\u011flant\u0131 sa\u011flar.<\/p>\n","protected":false},"featured_media":2046,"comment_status":"open","ping_status":"closed","template":"","meta":{"site-sidebar-layout":"default","site-content-layout":"","ast-site-content-layout":"default","site-content-style":"default","site-sidebar-style":"default","ast-global-header-display":"","ast-banner-title-visibility":"","ast-main-header-display":"","ast-hfb-above-header-display":"","ast-hfb-below-header-display":"","ast-hfb-mobile-header-display":"","site-post-title":"","ast-breadcrumbs-content":"","ast-featured-img":"","footer-sml-layout":"","theme-transparent-header-meta":"default","adv-header-id-meta":"","stick-header-meta":"","header-above-stick-meta":"","header-main-stick-meta":"","header-below-stick-meta":"","astra-migrate-meta-layouts":"set","ast-page-background-enabled":"default","ast-page-background-meta":{"desktop":{"background-color":"var(--ast-global-color-5)","background-image":"","background-repeat":"repeat","background-position":"center center","background-size":"auto","background-attachment":"scroll","background-type":"","background-media":"","overlay-type":"","overlay-color":"","overlay-opacity":"","overlay-gradient":""},"tablet":{"background-color":"","background-image":"","background-repeat":"repeat","background-position":"center center","background-size":"auto","background-attachment":"scroll","background-type":"","background-media":"","overlay-type":"","overlay-color":"","overlay-opacity":"","overlay-gradient":""},"mobile":{"background-color":"","background-image":"","background-repeat":"repeat","background-position":"center center","background-size":"auto","background-attachment":"scroll","background-type":"","background-media":"","overlay-type":"","overlay-color":"","overlay-opacity":"","overlay-gradient":""}},"ast-content-background-meta":{"desktop":{"background-color":"var(--ast-global-color-4)","background-image":"","background-repeat":"repeat","background-position":"center center","background-size":"auto","background-attachment":"scroll","background-type":"","background-media":"","overlay-type":"","overlay-color":"","overlay-opacity":"","overlay-gradient":""},"tablet":{"background-color":"var(--ast-global-color-4)","background-image":"","background-repeat":"repeat","background-position":"center center","background-size":"auto","background-attachment":"scroll","background-type":"","background-media":"","overlay-type":"","overlay-color":"","overlay-opacity":"","overlay-gradient":""},"mobile":{"background-color":"var(--ast-global-color-4)","background-image":"","background-repeat":"repeat","background-position":"center center","background-size":"auto","background-attachment":"scroll","background-type":"","background-media":"","overlay-type":"","overlay-color":"","overlay-opacity":"","overlay-gradient":""}}},"product_brand":[2919],"product_cat":[699],"product_tag":[2967,2968,2971,2966,2970,2861,2840,2969,2964,2973,2963,2965,2972],"class_list":{"0":"post-2045","1":"product","2":"type-product","3":"status-publish","4":"has-post-thumbnail","6":"product_brand-pimtas","7":"product_cat-havuz-vana-boru-fittings","8":"product_tag-basinca-dayanikli-pvc-kole","9":"product_tag-boru-baglanti-kole","10":"product_tag-endustriyel-kole","11":"product_tag-havuz-kole-fitting","12":"product_tag-kole-parcalari","13":"product_tag-pvc-baglanti-aparati","14":"product_tag-pvc-baglanti-elemani","15":"product_tag-pvc-kole-fitting","16":"product_tag-pvc-kole-parcasi","17":"product_tag-uh-pvc-fitting","18":"product_tag-uh-pvc-kole","19":"product_tag-yapistirma-muflu-kole","20":"product_tag-yapistirma-tipi-kole","21":"desktop-align-left","22":"tablet-align-left","23":"mobile-align-left","25":"first","26":"outofstock","27":"shipping-taxable","28":"purchasable","29":"product-type-variable"},"yoast_head":"<!-- This site is optimized with the Yoast SEO plugin v25.0 - https:\/\/yoast.com\/wordpress\/plugins\/seo\/ -->\n<title>UH-PVC Yap\u0131\u015ft\u0131rma Muflu Kole, Bas\u0131n\u00e7 Dayan\u0131ml\u0131, End\u00fcstriyel PVC Boru Ba\u011flant\u0131 Par\u00e7as\u0131 -<\/title>\n<meta name=\"robots\" content=\"index, follow, max-snippet:-1, max-image-preview:large, max-video-preview:-1\" \/>\n<link rel=\"canonical\" href=\"https:\/\/www.havuzadairhersey.com\/index.php\/urun\/uh-pvc-yapistirma-muflu-kole-basinc-dayanimli-endustriyel-pvc-boru-baglanti-parcasi\/\" \/>\n<meta property=\"og:locale\" content=\"tr_TR\" \/>\n<meta property=\"og:type\" content=\"article\" \/>\n<meta property=\"og:title\" content=\"UH-PVC Yap\u0131\u015ft\u0131rma Muflu Kole, Bas\u0131n\u00e7 Dayan\u0131ml\u0131, End\u00fcstriyel PVC Boru Ba\u011flant\u0131 Par\u00e7as\u0131 -\" \/>\n<meta property=\"og:description\" content=\"Y\u00fcksek bas\u0131nca dayan\u0131kl\u0131 UH-PVC yap\u0131\u015ft\u0131rma muflu kole, dayan\u0131kl\u0131 yap\u0131s\u0131yla boru sistemlerinde s\u0131zd\u0131rmaz ve g\u00fcvenli ba\u011flant\u0131 sa\u011flar.\" \/>\n<meta property=\"og:url\" content=\"https:\/\/www.havuzadairhersey.com\/index.php\/urun\/uh-pvc-yapistirma-muflu-kole-basinc-dayanimli-endustriyel-pvc-boru-baglanti-parcasi\/\" \/>\n<meta property=\"article:modified_time\" content=\"2025-05-30T19:14:48+00:00\" \/>\n<meta property=\"og:image\" content=\"https:\/\/www.havuzadairhersey.com\/wp-content\/uploads\/2025\/04\/1-235.png\" \/>\n\t<meta property=\"og:image:width\" content=\"1875\" \/>\n\t<meta property=\"og:image:height\" content=\"2000\" \/>\n\t<meta property=\"og:image:type\" content=\"image\/png\" \/>\n<meta name=\"twitter:card\" content=\"summary_large_image\" \/>\n<script type=\"application\/ld+json\" class=\"yoast-schema-graph\">{\"@context\":\"https:\/\/schema.org\",\"@graph\":[{\"@type\":\"WebPage\",\"@id\":\"https:\/\/www.havuzadairhersey.com\/index.php\/urun\/uh-pvc-yapistirma-muflu-kole-basinc-dayanimli-endustriyel-pvc-boru-baglanti-parcasi\/\",\"url\":\"https:\/\/www.havuzadairhersey.com\/index.php\/urun\/uh-pvc-yapistirma-muflu-kole-basinc-dayanimli-endustriyel-pvc-boru-baglanti-parcasi\/\",\"name\":\"UH-PVC Yap\u0131\u015ft\u0131rma Muflu Kole, Bas\u0131n\u00e7 Dayan\u0131ml\u0131, End\u00fcstriyel PVC Boru Ba\u011flant\u0131 Par\u00e7as\u0131 -\",\"isPartOf\":{\"@id\":\"https:\/\/www.havuzadairhersey.com\/#website\"},\"primaryImageOfPage\":{\"@id\":\"https:\/\/www.havuzadairhersey.com\/index.php\/urun\/uh-pvc-yapistirma-muflu-kole-basinc-dayanimli-endustriyel-pvc-boru-baglanti-parcasi\/#primaryimage\"},\"image\":{\"@id\":\"https:\/\/www.havuzadairhersey.com\/index.php\/urun\/uh-pvc-yapistirma-muflu-kole-basinc-dayanimli-endustriyel-pvc-boru-baglanti-parcasi\/#primaryimage\"},\"thumbnailUrl\":\"https:\/\/www.havuzadairhersey.com\/wp-content\/uploads\/2025\/04\/1-235.png\",\"datePublished\":\"2025-04-20T11:05:02+00:00\",\"dateModified\":\"2025-05-30T19:14:48+00:00\",\"breadcrumb\":{\"@id\":\"https:\/\/www.havuzadairhersey.com\/index.php\/urun\/uh-pvc-yapistirma-muflu-kole-basinc-dayanimli-endustriyel-pvc-boru-baglanti-parcasi\/#breadcrumb\"},\"inLanguage\":\"tr\",\"potentialAction\":[{\"@type\":\"ReadAction\",\"target\":[\"https:\/\/www.havuzadairhersey.com\/index.php\/urun\/uh-pvc-yapistirma-muflu-kole-basinc-dayanimli-endustriyel-pvc-boru-baglanti-parcasi\/\"]}]},{\"@type\":\"ImageObject\",\"inLanguage\":\"tr\",\"@id\":\"https:\/\/www.havuzadairhersey.com\/index.php\/urun\/uh-pvc-yapistirma-muflu-kole-basinc-dayanimli-endustriyel-pvc-boru-baglanti-parcasi\/#primaryimage\",\"url\":\"https:\/\/www.havuzadairhersey.com\/wp-content\/uploads\/2025\/04\/1-235.png\",\"contentUrl\":\"https:\/\/www.havuzadairhersey.com\/wp-content\/uploads\/2025\/04\/1-235.png\",\"width\":1875,\"height\":2000,\"caption\":\"Y\u00fcksek bas\u0131n\u00e7 dayan\u0131m\u0131yla end\u00fcstriyel PVC kole ba\u011flant\u0131 par\u00e7as\u0131\"},{\"@type\":\"BreadcrumbList\",\"@id\":\"https:\/\/www.havuzadairhersey.com\/index.php\/urun\/uh-pvc-yapistirma-muflu-kole-basinc-dayanimli-endustriyel-pvc-boru-baglanti-parcasi\/#breadcrumb\",\"itemListElement\":[{\"@type\":\"ListItem\",\"position\":1,\"name\":\"Anasayfa\",\"item\":\"https:\/\/www.havuzadairhersey.com\/\"},{\"@type\":\"ListItem\",\"position\":2,\"name\":\"Ma\u011faza\",\"item\":\"https:\/\/www.havuzadairhersey.com\/\"},{\"@type\":\"ListItem\",\"position\":3,\"name\":\"UH-PVC Yap\u0131\u015ft\u0131rma Muflu Kole, Bas\u0131n\u00e7 Dayan\u0131ml\u0131, End\u00fcstriyel PVC Boru Ba\u011flant\u0131 Par\u00e7as\u0131\"}]},{\"@type\":\"WebSite\",\"@id\":\"https:\/\/www.havuzadairhersey.com\/#website\",\"url\":\"https:\/\/www.havuzadairhersey.com\/\",\"name\":\"\",\"description\":\"Havuza dair arad\u0131\u011f\u0131n\u0131z her\u015fey burada...\",\"potentialAction\":[{\"@type\":\"SearchAction\",\"target\":{\"@type\":\"EntryPoint\",\"urlTemplate\":\"https:\/\/www.havuzadairhersey.com\/?s={search_term_string}\"},\"query-input\":{\"@type\":\"PropertyValueSpecification\",\"valueRequired\":true,\"valueName\":\"search_term_string\"}}],\"inLanguage\":\"tr\"}]}<\/script>\n<!-- \/ Yoast SEO plugin. -->","yoast_head_json":{"title":"UH-PVC Yap\u0131\u015ft\u0131rma Muflu Kole, Bas\u0131n\u00e7 Dayan\u0131ml\u0131, End\u00fcstriyel PVC Boru Ba\u011flant\u0131 Par\u00e7as\u0131 -","robots":{"index":"index","follow":"follow","max-snippet":"max-snippet:-1","max-image-preview":"max-image-preview:large","max-video-preview":"max-video-preview:-1"},"canonical":"https:\/\/www.havuzadairhersey.com\/index.php\/urun\/uh-pvc-yapistirma-muflu-kole-basinc-dayanimli-endustriyel-pvc-boru-baglanti-parcasi\/","og_locale":"tr_TR","og_type":"article","og_title":"UH-PVC Yap\u0131\u015ft\u0131rma Muflu Kole, Bas\u0131n\u00e7 Dayan\u0131ml\u0131, End\u00fcstriyel PVC Boru Ba\u011flant\u0131 Par\u00e7as\u0131 -","og_description":"Y\u00fcksek bas\u0131nca dayan\u0131kl\u0131 UH-PVC yap\u0131\u015ft\u0131rma muflu kole, dayan\u0131kl\u0131 yap\u0131s\u0131yla boru sistemlerinde s\u0131zd\u0131rmaz ve g\u00fcvenli ba\u011flant\u0131 sa\u011flar.","og_url":"https:\/\/www.havuzadairhersey.com\/index.php\/urun\/uh-pvc-yapistirma-muflu-kole-basinc-dayanimli-endustriyel-pvc-boru-baglanti-parcasi\/","article_modified_time":"2025-05-30T19:14:48+00:00","og_image":[{"width":1875,"height":2000,"url":"https:\/\/www.havuzadairhersey.com\/wp-content\/uploads\/2025\/04\/1-235.png","type":"image\/png"}],"twitter_card":"summary_large_image","schema":{"@context":"https:\/\/schema.org","@graph":[{"@type":"WebPage","@id":"https:\/\/www.havuzadairhersey.com\/index.php\/urun\/uh-pvc-yapistirma-muflu-kole-basinc-dayanimli-endustriyel-pvc-boru-baglanti-parcasi\/","url":"https:\/\/www.havuzadairhersey.com\/index.php\/urun\/uh-pvc-yapistirma-muflu-kole-basinc-dayanimli-endustriyel-pvc-boru-baglanti-parcasi\/","name":"UH-PVC Yap\u0131\u015ft\u0131rma Muflu Kole, Bas\u0131n\u00e7 Dayan\u0131ml\u0131, End\u00fcstriyel PVC Boru Ba\u011flant\u0131 Par\u00e7as\u0131 -","isPartOf":{"@id":"https:\/\/www.havuzadairhersey.com\/#website"},"primaryImageOfPage":{"@id":"https:\/\/www.havuzadairhersey.com\/index.php\/urun\/uh-pvc-yapistirma-muflu-kole-basinc-dayanimli-endustriyel-pvc-boru-baglanti-parcasi\/#primaryimage"},"image":{"@id":"https:\/\/www.havuzadairhersey.com\/index.php\/urun\/uh-pvc-yapistirma-muflu-kole-basinc-dayanimli-endustriyel-pvc-boru-baglanti-parcasi\/#primaryimage"},"thumbnailUrl":"https:\/\/www.havuzadairhersey.com\/wp-content\/uploads\/2025\/04\/1-235.png","datePublished":"2025-04-20T11:05:02+00:00","dateModified":"2025-05-30T19:14:48+00:00","breadcrumb":{"@id":"https:\/\/www.havuzadairhersey.com\/index.php\/urun\/uh-pvc-yapistirma-muflu-kole-basinc-dayanimli-endustriyel-pvc-boru-baglanti-parcasi\/#breadcrumb"},"inLanguage":"tr","potentialAction":[{"@type":"ReadAction","target":["https:\/\/www.havuzadairhersey.com\/index.php\/urun\/uh-pvc-yapistirma-muflu-kole-basinc-dayanimli-endustriyel-pvc-boru-baglanti-parcasi\/"]}]},{"@type":"ImageObject","inLanguage":"tr","@id":"https:\/\/www.havuzadairhersey.com\/index.php\/urun\/uh-pvc-yapistirma-muflu-kole-basinc-dayanimli-endustriyel-pvc-boru-baglanti-parcasi\/#primaryimage","url":"https:\/\/www.havuzadairhersey.com\/wp-content\/uploads\/2025\/04\/1-235.png","contentUrl":"https:\/\/www.havuzadairhersey.com\/wp-content\/uploads\/2025\/04\/1-235.png","width":1875,"height":2000,"caption":"Y\u00fcksek bas\u0131n\u00e7 dayan\u0131m\u0131yla end\u00fcstriyel PVC kole ba\u011flant\u0131 par\u00e7as\u0131"},{"@type":"BreadcrumbList","@id":"https:\/\/www.havuzadairhersey.com\/index.php\/urun\/uh-pvc-yapistirma-muflu-kole-basinc-dayanimli-endustriyel-pvc-boru-baglanti-parcasi\/#breadcrumb","itemListElement":[{"@type":"ListItem","position":1,"name":"Anasayfa","item":"https:\/\/www.havuzadairhersey.com\/"},{"@type":"ListItem","position":2,"name":"Ma\u011faza","item":"https:\/\/www.havuzadairhersey.com\/"},{"@type":"ListItem","position":3,"name":"UH-PVC Yap\u0131\u015ft\u0131rma Muflu Kole, Bas\u0131n\u00e7 Dayan\u0131ml\u0131, End\u00fcstriyel PVC Boru Ba\u011flant\u0131 Par\u00e7as\u0131"}]},{"@type":"WebSite","@id":"https:\/\/www.havuzadairhersey.com\/#website","url":"https:\/\/www.havuzadairhersey.com\/","name":"","description":"Havuza dair arad\u0131\u011f\u0131n\u0131z her\u015fey burada...","potentialAction":[{"@type":"SearchAction","target":{"@type":"EntryPoint","urlTemplate":"https:\/\/www.havuzadairhersey.com\/?s={search_term_string}"},"query-input":{"@type":"PropertyValueSpecification","valueRequired":true,"valueName":"search_term_string"}}],"inLanguage":"tr"}]}},"_links":{"self":[{"href":"https:\/\/www.havuzadairhersey.com\/index.php\/wp-json\/wp\/v2\/product\/2045","targetHints":{"allow":["GET"]}}],"collection":[{"href":"https:\/\/www.havuzadairhersey.com\/index.php\/wp-json\/wp\/v2\/product"}],"about":[{"href":"https:\/\/www.havuzadairhersey.com\/index.php\/wp-json\/wp\/v2\/types\/product"}],"replies":[{"embeddable":true,"href":"https:\/\/www.havuzadairhersey.com\/index.php\/wp-json\/wp\/v2\/comments?post=2045"}],"wp:featuredmedia":[{"embeddable":true,"href":"https:\/\/www.havuzadairhersey.com\/index.php\/wp-json\/wp\/v2\/media\/2046"}],"wp:attachment":[{"href":"https:\/\/www.havuzadairhersey.com\/index.php\/wp-json\/wp\/v2\/media?parent=2045"}],"wp:term":[{"taxonomy":"product_brand","embeddable":true,"href":"https:\/\/www.havuzadairhersey.com\/index.php\/wp-json\/wp\/v2\/product_brand?post=2045"},{"taxonomy":"product_cat","embeddable":true,"href":"https:\/\/www.havuzadairhersey.com\/index.php\/wp-json\/wp\/v2\/product_cat?post=2045"},{"taxonomy":"product_tag","embeddable":true,"href":"https:\/\/www.havuzadairhersey.com\/index.php\/wp-json\/wp\/v2\/product_tag?post=2045"}],"curies":[{"name":"wp","href":"https:\/\/api.w.org\/{rel}","templated":true}]}}