{"id":2055,"date":"2025-04-20T14:27:39","date_gmt":"2025-04-20T11:27:39","guid":{"rendered":"https:\/\/www.havuzadairhersey.com\/?post_type=product&#038;p=2055"},"modified":"2025-05-30T22:14:39","modified_gmt":"2025-05-30T19:14:39","slug":"uh-pvc-yapistirma-muflu-beton-gecis-flansi-yuksek-dayanimli-farkli-cap-secenekleriyle","status":"publish","type":"product","link":"https:\/\/www.havuzadairhersey.com\/index.php\/urun\/uh-pvc-yapistirma-muflu-beton-gecis-flansi-yuksek-dayanimli-farkli-cap-secenekleriyle\/","title":{"rendered":"UH-PVC Yap\u0131\u015ft\u0131rma Muflu Beton Ge\u00e7i\u015f Flan\u015f\u0131 \u2013 Y\u00fcksek Dayan\u0131ml\u0131, Farkl\u0131 \u00c7ap Se\u00e7enekleriyle"},"content":{"rendered":"<p>UH-PVC Yap\u0131\u015ft\u0131rma Muflu Beton Ge\u00e7i\u015f Flan\u015f\u0131, havuz sistemlerinde beton ge\u00e7i\u015flerinde sa\u011flam ve s\u0131zd\u0131rmaz bir ba\u011flant\u0131 sa\u011flamak i\u00e7in tasarlanm\u0131\u015ft\u0131r. Y\u00fcksek kaliteli PVC malzemeden \u00fcretilmi\u015f olup, bas\u0131nca dayan\u0131kl\u0131 yap\u0131s\u0131yla uzun \u00f6m\u00fcrl\u00fc kullan\u0131m sunar. 50 mm\u2019den 400 mm\u2019ye kadar farkl\u0131 \u00e7aplarda \u00fcretilen bu flan\u015flar, yap\u0131\u015ft\u0131rma y\u00f6ntemiyle montaj kolayl\u0131\u011f\u0131 sa\u011flar. Beton ge\u00e7i\u015flerinde ideal bir \u00e7\u00f6z\u00fcm olan bu \u00fcr\u00fcn, s\u0131zd\u0131rmazl\u0131k ve dayan\u0131kl\u0131l\u0131k isteyen projeler i\u00e7in uygundur.<\/p>\n","protected":false},"excerpt":{"rendered":"<p>UH-PVC yap\u0131\u015ft\u0131rma muflu beton ge\u00e7i\u015f flan\u015f\u0131, dayan\u0131kl\u0131 ve s\u0131zd\u0131rmaz ba\u011flant\u0131 \u00e7\u00f6z\u00fcm\u00fc sunar. Havuz sistemleri i\u00e7in ideal se\u00e7im.<\/p>\n","protected":false},"featured_media":2056,"comment_status":"open","ping_status":"closed","template":"","meta":{"site-sidebar-layout":"default","site-content-layout":"","ast-site-content-layout":"default","site-content-style":"default","site-sidebar-style":"default","ast-global-header-display":"","ast-banner-title-visibility":"","ast-main-header-display":"","ast-hfb-above-header-display":"","ast-hfb-below-header-display":"","ast-hfb-mobile-header-display":"","site-post-title":"","ast-breadcrumbs-content":"","ast-featured-img":"","footer-sml-layout":"","theme-transparent-header-meta":"default","adv-header-id-meta":"","stick-header-meta":"","header-above-stick-meta":"","header-main-stick-meta":"","header-below-stick-meta":"","astra-migrate-meta-layouts":"set","ast-page-background-enabled":"default","ast-page-background-meta":{"desktop":{"background-color":"var(--ast-global-color-5)","background-image":"","background-repeat":"repeat","background-position":"center center","background-size":"auto","background-attachment":"scroll","background-type":"","background-media":"","overlay-type":"","overlay-color":"","overlay-opacity":"","overlay-gradient":""},"tablet":{"background-color":"","background-image":"","background-repeat":"repeat","background-position":"center center","background-size":"auto","background-attachment":"scroll","background-type":"","background-media":"","overlay-type":"","overlay-color":"","overlay-opacity":"","overlay-gradient":""},"mobile":{"background-color":"","background-image":"","background-repeat":"repeat","background-position":"center center","background-size":"auto","background-attachment":"scroll","background-type":"","background-media":"","overlay-type":"","overlay-color":"","overlay-opacity":"","overlay-gradient":""}},"ast-content-background-meta":{"desktop":{"background-color":"var(--ast-global-color-4)","background-image":"","background-repeat":"repeat","background-position":"center center","background-size":"auto","background-attachment":"scroll","background-type":"","background-media":"","overlay-type":"","overlay-color":"","overlay-opacity":"","overlay-gradient":""},"tablet":{"background-color":"var(--ast-global-color-4)","background-image":"","background-repeat":"repeat","background-position":"center center","background-size":"auto","background-attachment":"scroll","background-type":"","background-media":"","overlay-type":"","overlay-color":"","overlay-opacity":"","overlay-gradient":""},"mobile":{"background-color":"var(--ast-global-color-4)","background-image":"","background-repeat":"repeat","background-position":"center center","background-size":"auto","background-attachment":"scroll","background-type":"","background-media":"","overlay-type":"","overlay-color":"","overlay-opacity":"","overlay-gradient":""}}},"product_brand":[2919],"product_cat":[699],"product_tag":[2986,2987,2984,311,2982,2983,2979,2988,2989,2981,2839,2980,2985],"class_list":{"0":"post-2055","1":"product","2":"type-product","3":"status-publish","4":"has-post-thumbnail","6":"product_brand-pimtas","7":"product_cat-havuz-vana-boru-fittings","8":"product_tag-basinca-dayanikli-flans","9":"product_tag-beton-havuz-baglanti","10":"product_tag-gecis-flansi","11":"product_tag-havuz-ekipmani","12":"product_tag-havuz-pvc-parca","13":"product_tag-pvc-beton-flans","14":"product_tag-pvc-beton-gecis-flansi","15":"product_tag-pvc-flans-adaptoru","16":"product_tag-pvc-yapi-parcalari","17":"product_tag-uh-pvc-baglanti","18":"product_tag-uh-pvc-fittings","19":"product_tag-yapistirma-muflu-flans","20":"product_tag-yapistirmali-pvc-gecis","21":"desktop-align-left","22":"tablet-align-left","23":"mobile-align-left","25":"first","26":"outofstock","27":"shipping-taxable","28":"purchasable","29":"product-type-variable"},"yoast_head":"<!-- This site is optimized with the Yoast SEO plugin v25.0 - https:\/\/yoast.com\/wordpress\/plugins\/seo\/ -->\n<title>UH-PVC Yap\u0131\u015ft\u0131rma Muflu Beton Ge\u00e7i\u015f Flan\u015f\u0131 \u2013 Y\u00fcksek Dayan\u0131ml\u0131, Farkl\u0131 \u00c7ap Se\u00e7enekleriyle -<\/title>\n<meta name=\"robots\" content=\"index, follow, max-snippet:-1, max-image-preview:large, max-video-preview:-1\" \/>\n<link rel=\"canonical\" href=\"https:\/\/www.havuzadairhersey.com\/index.php\/urun\/uh-pvc-yapistirma-muflu-beton-gecis-flansi-yuksek-dayanimli-farkli-cap-secenekleriyle\/\" \/>\n<meta property=\"og:locale\" content=\"tr_TR\" \/>\n<meta property=\"og:type\" content=\"article\" \/>\n<meta property=\"og:title\" content=\"UH-PVC Yap\u0131\u015ft\u0131rma Muflu Beton Ge\u00e7i\u015f Flan\u015f\u0131 \u2013 Y\u00fcksek Dayan\u0131ml\u0131, Farkl\u0131 \u00c7ap Se\u00e7enekleriyle -\" \/>\n<meta property=\"og:description\" content=\"UH-PVC yap\u0131\u015ft\u0131rma muflu beton ge\u00e7i\u015f flan\u015f\u0131, dayan\u0131kl\u0131 ve s\u0131zd\u0131rmaz ba\u011flant\u0131 \u00e7\u00f6z\u00fcm\u00fc sunar. Havuz sistemleri i\u00e7in ideal se\u00e7im.\" \/>\n<meta property=\"og:url\" content=\"https:\/\/www.havuzadairhersey.com\/index.php\/urun\/uh-pvc-yapistirma-muflu-beton-gecis-flansi-yuksek-dayanimli-farkli-cap-secenekleriyle\/\" \/>\n<meta property=\"article:modified_time\" content=\"2025-05-30T19:14:39+00:00\" \/>\n<meta property=\"og:image\" content=\"https:\/\/www.havuzadairhersey.com\/wp-content\/uploads\/2025\/04\/1-236.png\" \/>\n\t<meta property=\"og:image:width\" content=\"1875\" \/>\n\t<meta property=\"og:image:height\" content=\"2000\" \/>\n\t<meta property=\"og:image:type\" content=\"image\/png\" \/>\n<meta name=\"twitter:card\" content=\"summary_large_image\" \/>\n<script type=\"application\/ld+json\" class=\"yoast-schema-graph\">{\"@context\":\"https:\/\/schema.org\",\"@graph\":[{\"@type\":\"WebPage\",\"@id\":\"https:\/\/www.havuzadairhersey.com\/index.php\/urun\/uh-pvc-yapistirma-muflu-beton-gecis-flansi-yuksek-dayanimli-farkli-cap-secenekleriyle\/\",\"url\":\"https:\/\/www.havuzadairhersey.com\/index.php\/urun\/uh-pvc-yapistirma-muflu-beton-gecis-flansi-yuksek-dayanimli-farkli-cap-secenekleriyle\/\",\"name\":\"UH-PVC Yap\u0131\u015ft\u0131rma Muflu Beton Ge\u00e7i\u015f Flan\u015f\u0131 \u2013 Y\u00fcksek Dayan\u0131ml\u0131, Farkl\u0131 \u00c7ap Se\u00e7enekleriyle -\",\"isPartOf\":{\"@id\":\"https:\/\/www.havuzadairhersey.com\/#website\"},\"primaryImageOfPage\":{\"@id\":\"https:\/\/www.havuzadairhersey.com\/index.php\/urun\/uh-pvc-yapistirma-muflu-beton-gecis-flansi-yuksek-dayanimli-farkli-cap-secenekleriyle\/#primaryimage\"},\"image\":{\"@id\":\"https:\/\/www.havuzadairhersey.com\/index.php\/urun\/uh-pvc-yapistirma-muflu-beton-gecis-flansi-yuksek-dayanimli-farkli-cap-secenekleriyle\/#primaryimage\"},\"thumbnailUrl\":\"https:\/\/www.havuzadairhersey.com\/wp-content\/uploads\/2025\/04\/1-236.png\",\"datePublished\":\"2025-04-20T11:27:39+00:00\",\"dateModified\":\"2025-05-30T19:14:39+00:00\",\"breadcrumb\":{\"@id\":\"https:\/\/www.havuzadairhersey.com\/index.php\/urun\/uh-pvc-yapistirma-muflu-beton-gecis-flansi-yuksek-dayanimli-farkli-cap-secenekleriyle\/#breadcrumb\"},\"inLanguage\":\"tr\",\"potentialAction\":[{\"@type\":\"ReadAction\",\"target\":[\"https:\/\/www.havuzadairhersey.com\/index.php\/urun\/uh-pvc-yapistirma-muflu-beton-gecis-flansi-yuksek-dayanimli-farkli-cap-secenekleriyle\/\"]}]},{\"@type\":\"ImageObject\",\"inLanguage\":\"tr\",\"@id\":\"https:\/\/www.havuzadairhersey.com\/index.php\/urun\/uh-pvc-yapistirma-muflu-beton-gecis-flansi-yuksek-dayanimli-farkli-cap-secenekleriyle\/#primaryimage\",\"url\":\"https:\/\/www.havuzadairhersey.com\/wp-content\/uploads\/2025\/04\/1-236.png\",\"contentUrl\":\"https:\/\/www.havuzadairhersey.com\/wp-content\/uploads\/2025\/04\/1-236.png\",\"width\":1875,\"height\":2000,\"caption\":\"Yap\u0131\u015ft\u0131rma muflu, UH-PVC beton ge\u00e7i\u015f ba\u011flant\u0131 flan\u015f\u0131\"},{\"@type\":\"BreadcrumbList\",\"@id\":\"https:\/\/www.havuzadairhersey.com\/index.php\/urun\/uh-pvc-yapistirma-muflu-beton-gecis-flansi-yuksek-dayanimli-farkli-cap-secenekleriyle\/#breadcrumb\",\"itemListElement\":[{\"@type\":\"ListItem\",\"position\":1,\"name\":\"Anasayfa\",\"item\":\"https:\/\/www.havuzadairhersey.com\/\"},{\"@type\":\"ListItem\",\"position\":2,\"name\":\"Ma\u011faza\",\"item\":\"https:\/\/www.havuzadairhersey.com\/\"},{\"@type\":\"ListItem\",\"position\":3,\"name\":\"UH-PVC Yap\u0131\u015ft\u0131rma Muflu Beton Ge\u00e7i\u015f Flan\u015f\u0131 \u2013 Y\u00fcksek Dayan\u0131ml\u0131, Farkl\u0131 \u00c7ap Se\u00e7enekleriyle\"}]},{\"@type\":\"WebSite\",\"@id\":\"https:\/\/www.havuzadairhersey.com\/#website\",\"url\":\"https:\/\/www.havuzadairhersey.com\/\",\"name\":\"\",\"description\":\"Havuza dair arad\u0131\u011f\u0131n\u0131z her\u015fey burada...\",\"potentialAction\":[{\"@type\":\"SearchAction\",\"target\":{\"@type\":\"EntryPoint\",\"urlTemplate\":\"https:\/\/www.havuzadairhersey.com\/?s={search_term_string}\"},\"query-input\":{\"@type\":\"PropertyValueSpecification\",\"valueRequired\":true,\"valueName\":\"search_term_string\"}}],\"inLanguage\":\"tr\"}]}<\/script>\n<!-- \/ Yoast SEO plugin. -->","yoast_head_json":{"title":"UH-PVC Yap\u0131\u015ft\u0131rma Muflu Beton Ge\u00e7i\u015f Flan\u015f\u0131 \u2013 Y\u00fcksek Dayan\u0131ml\u0131, Farkl\u0131 \u00c7ap Se\u00e7enekleriyle -","robots":{"index":"index","follow":"follow","max-snippet":"max-snippet:-1","max-image-preview":"max-image-preview:large","max-video-preview":"max-video-preview:-1"},"canonical":"https:\/\/www.havuzadairhersey.com\/index.php\/urun\/uh-pvc-yapistirma-muflu-beton-gecis-flansi-yuksek-dayanimli-farkli-cap-secenekleriyle\/","og_locale":"tr_TR","og_type":"article","og_title":"UH-PVC Yap\u0131\u015ft\u0131rma Muflu Beton Ge\u00e7i\u015f Flan\u015f\u0131 \u2013 Y\u00fcksek Dayan\u0131ml\u0131, Farkl\u0131 \u00c7ap Se\u00e7enekleriyle -","og_description":"UH-PVC yap\u0131\u015ft\u0131rma muflu beton ge\u00e7i\u015f flan\u015f\u0131, dayan\u0131kl\u0131 ve s\u0131zd\u0131rmaz ba\u011flant\u0131 \u00e7\u00f6z\u00fcm\u00fc sunar. Havuz sistemleri i\u00e7in ideal se\u00e7im.","og_url":"https:\/\/www.havuzadairhersey.com\/index.php\/urun\/uh-pvc-yapistirma-muflu-beton-gecis-flansi-yuksek-dayanimli-farkli-cap-secenekleriyle\/","article_modified_time":"2025-05-30T19:14:39+00:00","og_image":[{"width":1875,"height":2000,"url":"https:\/\/www.havuzadairhersey.com\/wp-content\/uploads\/2025\/04\/1-236.png","type":"image\/png"}],"twitter_card":"summary_large_image","schema":{"@context":"https:\/\/schema.org","@graph":[{"@type":"WebPage","@id":"https:\/\/www.havuzadairhersey.com\/index.php\/urun\/uh-pvc-yapistirma-muflu-beton-gecis-flansi-yuksek-dayanimli-farkli-cap-secenekleriyle\/","url":"https:\/\/www.havuzadairhersey.com\/index.php\/urun\/uh-pvc-yapistirma-muflu-beton-gecis-flansi-yuksek-dayanimli-farkli-cap-secenekleriyle\/","name":"UH-PVC Yap\u0131\u015ft\u0131rma Muflu Beton Ge\u00e7i\u015f Flan\u015f\u0131 \u2013 Y\u00fcksek Dayan\u0131ml\u0131, Farkl\u0131 \u00c7ap Se\u00e7enekleriyle -","isPartOf":{"@id":"https:\/\/www.havuzadairhersey.com\/#website"},"primaryImageOfPage":{"@id":"https:\/\/www.havuzadairhersey.com\/index.php\/urun\/uh-pvc-yapistirma-muflu-beton-gecis-flansi-yuksek-dayanimli-farkli-cap-secenekleriyle\/#primaryimage"},"image":{"@id":"https:\/\/www.havuzadairhersey.com\/index.php\/urun\/uh-pvc-yapistirma-muflu-beton-gecis-flansi-yuksek-dayanimli-farkli-cap-secenekleriyle\/#primaryimage"},"thumbnailUrl":"https:\/\/www.havuzadairhersey.com\/wp-content\/uploads\/2025\/04\/1-236.png","datePublished":"2025-04-20T11:27:39+00:00","dateModified":"2025-05-30T19:14:39+00:00","breadcrumb":{"@id":"https:\/\/www.havuzadairhersey.com\/index.php\/urun\/uh-pvc-yapistirma-muflu-beton-gecis-flansi-yuksek-dayanimli-farkli-cap-secenekleriyle\/#breadcrumb"},"inLanguage":"tr","potentialAction":[{"@type":"ReadAction","target":["https:\/\/www.havuzadairhersey.com\/index.php\/urun\/uh-pvc-yapistirma-muflu-beton-gecis-flansi-yuksek-dayanimli-farkli-cap-secenekleriyle\/"]}]},{"@type":"ImageObject","inLanguage":"tr","@id":"https:\/\/www.havuzadairhersey.com\/index.php\/urun\/uh-pvc-yapistirma-muflu-beton-gecis-flansi-yuksek-dayanimli-farkli-cap-secenekleriyle\/#primaryimage","url":"https:\/\/www.havuzadairhersey.com\/wp-content\/uploads\/2025\/04\/1-236.png","contentUrl":"https:\/\/www.havuzadairhersey.com\/wp-content\/uploads\/2025\/04\/1-236.png","width":1875,"height":2000,"caption":"Yap\u0131\u015ft\u0131rma muflu, UH-PVC beton ge\u00e7i\u015f ba\u011flant\u0131 flan\u015f\u0131"},{"@type":"BreadcrumbList","@id":"https:\/\/www.havuzadairhersey.com\/index.php\/urun\/uh-pvc-yapistirma-muflu-beton-gecis-flansi-yuksek-dayanimli-farkli-cap-secenekleriyle\/#breadcrumb","itemListElement":[{"@type":"ListItem","position":1,"name":"Anasayfa","item":"https:\/\/www.havuzadairhersey.com\/"},{"@type":"ListItem","position":2,"name":"Ma\u011faza","item":"https:\/\/www.havuzadairhersey.com\/"},{"@type":"ListItem","position":3,"name":"UH-PVC Yap\u0131\u015ft\u0131rma Muflu Beton Ge\u00e7i\u015f Flan\u015f\u0131 \u2013 Y\u00fcksek Dayan\u0131ml\u0131, Farkl\u0131 \u00c7ap Se\u00e7enekleriyle"}]},{"@type":"WebSite","@id":"https:\/\/www.havuzadairhersey.com\/#website","url":"https:\/\/www.havuzadairhersey.com\/","name":"","description":"Havuza dair arad\u0131\u011f\u0131n\u0131z her\u015fey burada...","potentialAction":[{"@type":"SearchAction","target":{"@type":"EntryPoint","urlTemplate":"https:\/\/www.havuzadairhersey.com\/?s={search_term_string}"},"query-input":{"@type":"PropertyValueSpecification","valueRequired":true,"valueName":"search_term_string"}}],"inLanguage":"tr"}]}},"_links":{"self":[{"href":"https:\/\/www.havuzadairhersey.com\/index.php\/wp-json\/wp\/v2\/product\/2055","targetHints":{"allow":["GET"]}}],"collection":[{"href":"https:\/\/www.havuzadairhersey.com\/index.php\/wp-json\/wp\/v2\/product"}],"about":[{"href":"https:\/\/www.havuzadairhersey.com\/index.php\/wp-json\/wp\/v2\/types\/product"}],"replies":[{"embeddable":true,"href":"https:\/\/www.havuzadairhersey.com\/index.php\/wp-json\/wp\/v2\/comments?post=2055"}],"wp:featuredmedia":[{"embeddable":true,"href":"https:\/\/www.havuzadairhersey.com\/index.php\/wp-json\/wp\/v2\/media\/2056"}],"wp:attachment":[{"href":"https:\/\/www.havuzadairhersey.com\/index.php\/wp-json\/wp\/v2\/media?parent=2055"}],"wp:term":[{"taxonomy":"product_brand","embeddable":true,"href":"https:\/\/www.havuzadairhersey.com\/index.php\/wp-json\/wp\/v2\/product_brand?post=2055"},{"taxonomy":"product_cat","embeddable":true,"href":"https:\/\/www.havuzadairhersey.com\/index.php\/wp-json\/wp\/v2\/product_cat?post=2055"},{"taxonomy":"product_tag","embeddable":true,"href":"https:\/\/www.havuzadairhersey.com\/index.php\/wp-json\/wp\/v2\/product_tag?post=2055"}],"curies":[{"name":"wp","href":"https:\/\/api.w.org\/{rel}","templated":true}]}}