{"id":2063,"date":"2025-04-20T14:32:49","date_gmt":"2025-04-20T11:32:49","guid":{"rendered":"https:\/\/www.havuzadairhersey.com\/?post_type=product&#038;p=2063"},"modified":"2025-05-30T22:14:21","modified_gmt":"2025-05-30T19:14:21","slug":"u-pvc-gozetleme-cami-epdm-ptfe-contali-flansli-seffaf-borulu-endustriyel-sivi-akis-gozlem-parcasi","status":"publish","type":"product","link":"https:\/\/www.havuzadairhersey.com\/index.php\/urun\/u-pvc-gozetleme-cami-epdm-ptfe-contali-flansli-seffaf-borulu-endustriyel-sivi-akis-gozlem-parcasi\/","title":{"rendered":"U-PVC G\u00f6zetleme Cam\u0131, EPDM &#038; PTFE Contal\u0131, Flan\u015fl\u0131 \u015eeffaf Borulu, End\u00fcstriyel S\u0131v\u0131 Ak\u0131\u015f G\u00f6zlem Par\u00e7as\u0131"},"content":{"rendered":"<p>U-PVC G\u00f6zetleme Cam\u0131, s\u0131v\u0131 ak\u0131\u015f\u0131n\u0131 do\u011frudan g\u00f6zlemlemeye olanak tan\u0131yan \u015feffaf bir boru par\u00e7as\u0131d\u0131r. End\u00fcstriyel ve havuz sistemlerinde kullan\u0131lan bu \u00fcr\u00fcn, EPDM ve PTFE conta malzemeleri ile y\u00fcksek s\u0131zd\u0131rmazl\u0131k sa\u011flar. Bas\u0131nca dayan\u0131kl\u0131 yap\u0131s\u0131 sayesinde 10 bar PN s\u0131n\u0131f\u0131nda g\u00fcvenli kullan\u0131m sunar. Montaj\u0131 kolayd\u0131r ve \u00e7e\u015fitli \u00e7ap se\u00e7enekleriyle geni\u015f uygulama alan\u0131na sahiptir.<\/p>\n","protected":false},"excerpt":{"rendered":"<p>\u015eeffaf g\u00f6vdeye sahip U-PVC g\u00f6zetleme cam\u0131, s\u0131v\u0131 ak\u0131\u015f\u0131n\u0131 do\u011frudan izleme imkan\u0131 sunar. EPDM ve PTFE conta deste\u011fiyle g\u00fcvenli ve dayan\u0131kl\u0131 \u00e7\u00f6z\u00fcm sa\u011flar.<\/p>\n","protected":false},"featured_media":2064,"comment_status":"open","ping_status":"closed","template":"","meta":{"site-sidebar-layout":"default","site-content-layout":"","ast-site-content-layout":"default","site-content-style":"default","site-sidebar-style":"default","ast-global-header-display":"","ast-banner-title-visibility":"","ast-main-header-display":"","ast-hfb-above-header-display":"","ast-hfb-below-header-display":"","ast-hfb-mobile-header-display":"","site-post-title":"","ast-breadcrumbs-content":"","ast-featured-img":"","footer-sml-layout":"","theme-transparent-header-meta":"default","adv-header-id-meta":"","stick-header-meta":"","header-above-stick-meta":"","header-main-stick-meta":"","header-below-stick-meta":"","astra-migrate-meta-layouts":"set","ast-page-background-enabled":"default","ast-page-background-meta":{"desktop":{"background-color":"var(--ast-global-color-5)","background-image":"","background-repeat":"repeat","background-position":"center center","background-size":"auto","background-attachment":"scroll","background-type":"","background-media":"","overlay-type":"","overlay-color":"","overlay-opacity":"","overlay-gradient":""},"tablet":{"background-color":"","background-image":"","background-repeat":"repeat","background-position":"center center","background-size":"auto","background-attachment":"scroll","background-type":"","background-media":"","overlay-type":"","overlay-color":"","overlay-opacity":"","overlay-gradient":""},"mobile":{"background-color":"","background-image":"","background-repeat":"repeat","background-position":"center center","background-size":"auto","background-attachment":"scroll","background-type":"","background-media":"","overlay-type":"","overlay-color":"","overlay-opacity":"","overlay-gradient":""}},"ast-content-background-meta":{"desktop":{"background-color":"var(--ast-global-color-4)","background-image":"","background-repeat":"repeat","background-position":"center center","background-size":"auto","background-attachment":"scroll","background-type":"","background-media":"","overlay-type":"","overlay-color":"","overlay-opacity":"","overlay-gradient":""},"tablet":{"background-color":"var(--ast-global-color-4)","background-image":"","background-repeat":"repeat","background-position":"center center","background-size":"auto","background-attachment":"scroll","background-type":"","background-media":"","overlay-type":"","overlay-color":"","overlay-opacity":"","overlay-gradient":""},"mobile":{"background-color":"var(--ast-global-color-4)","background-image":"","background-repeat":"repeat","background-position":"center center","background-size":"auto","background-attachment":"scroll","background-type":"","background-media":"","overlay-type":"","overlay-color":"","overlay-opacity":"","overlay-gradient":""}}},"product_brand":[2919],"product_cat":[699],"product_tag":[3000,3005,2999,3001,242,3003,3002,2998,3004,2997],"class_list":{"0":"post-2063","1":"product","2":"type-product","3":"status-publish","4":"has-post-thumbnail","6":"product_brand-pimtas","7":"product_cat-havuz-vana-boru-fittings","8":"product_tag-akis-gozlem-cami","9":"product_tag-boru-gozetleme-cami","10":"product_tag-endustriyel-boru-parcasi","11":"product_tag-epdm-conta-boru","12":"product_tag-havuz-ekipmanlari","13":"product_tag-pn10-gozlem-cami","14":"product_tag-ptfe-conta-gozetleme","15":"product_tag-pvc-gozlem-borusu","16":"product_tag-seffaf-boru-baglantisi","17":"product_tag-u-pvc-gozetleme-cami","18":"desktop-align-left","19":"tablet-align-left","20":"mobile-align-left","22":"first","23":"outofstock","24":"shipping-taxable","25":"purchasable","26":"product-type-variable"},"yoast_head":"<!-- This site is optimized with the Yoast SEO plugin v25.0 - https:\/\/yoast.com\/wordpress\/plugins\/seo\/ -->\n<title>U-PVC G\u00f6zetleme Cam\u0131, EPDM &amp; PTFE Contal\u0131, Flan\u015fl\u0131 \u015eeffaf Borulu, End\u00fcstriyel S\u0131v\u0131 Ak\u0131\u015f G\u00f6zlem Par\u00e7as\u0131 -<\/title>\n<meta name=\"robots\" content=\"index, follow, max-snippet:-1, max-image-preview:large, max-video-preview:-1\" \/>\n<link rel=\"canonical\" href=\"https:\/\/www.havuzadairhersey.com\/index.php\/urun\/u-pvc-gozetleme-cami-epdm-ptfe-contali-flansli-seffaf-borulu-endustriyel-sivi-akis-gozlem-parcasi\/\" \/>\n<meta property=\"og:locale\" content=\"tr_TR\" \/>\n<meta property=\"og:type\" content=\"article\" \/>\n<meta property=\"og:title\" content=\"U-PVC G\u00f6zetleme Cam\u0131, EPDM &amp; PTFE Contal\u0131, Flan\u015fl\u0131 \u015eeffaf Borulu, End\u00fcstriyel S\u0131v\u0131 Ak\u0131\u015f G\u00f6zlem Par\u00e7as\u0131 -\" \/>\n<meta property=\"og:description\" content=\"\u015eeffaf g\u00f6vdeye sahip U-PVC g\u00f6zetleme cam\u0131, s\u0131v\u0131 ak\u0131\u015f\u0131n\u0131 do\u011frudan izleme imkan\u0131 sunar. EPDM ve PTFE conta deste\u011fiyle g\u00fcvenli ve dayan\u0131kl\u0131 \u00e7\u00f6z\u00fcm sa\u011flar.\" \/>\n<meta property=\"og:url\" content=\"https:\/\/www.havuzadairhersey.com\/index.php\/urun\/u-pvc-gozetleme-cami-epdm-ptfe-contali-flansli-seffaf-borulu-endustriyel-sivi-akis-gozlem-parcasi\/\" \/>\n<meta property=\"article:modified_time\" content=\"2025-05-30T19:14:21+00:00\" \/>\n<meta property=\"og:image\" content=\"https:\/\/www.havuzadairhersey.com\/wp-content\/uploads\/2025\/04\/1-237.png\" \/>\n\t<meta property=\"og:image:width\" content=\"1875\" \/>\n\t<meta property=\"og:image:height\" content=\"2000\" \/>\n\t<meta property=\"og:image:type\" content=\"image\/png\" \/>\n<meta name=\"twitter:card\" content=\"summary_large_image\" \/>\n<script type=\"application\/ld+json\" class=\"yoast-schema-graph\">{\"@context\":\"https:\/\/schema.org\",\"@graph\":[{\"@type\":\"WebPage\",\"@id\":\"https:\/\/www.havuzadairhersey.com\/index.php\/urun\/u-pvc-gozetleme-cami-epdm-ptfe-contali-flansli-seffaf-borulu-endustriyel-sivi-akis-gozlem-parcasi\/\",\"url\":\"https:\/\/www.havuzadairhersey.com\/index.php\/urun\/u-pvc-gozetleme-cami-epdm-ptfe-contali-flansli-seffaf-borulu-endustriyel-sivi-akis-gozlem-parcasi\/\",\"name\":\"U-PVC G\u00f6zetleme Cam\u0131, EPDM & PTFE Contal\u0131, Flan\u015fl\u0131 \u015eeffaf Borulu, End\u00fcstriyel S\u0131v\u0131 Ak\u0131\u015f G\u00f6zlem Par\u00e7as\u0131 -\",\"isPartOf\":{\"@id\":\"https:\/\/www.havuzadairhersey.com\/#website\"},\"primaryImageOfPage\":{\"@id\":\"https:\/\/www.havuzadairhersey.com\/index.php\/urun\/u-pvc-gozetleme-cami-epdm-ptfe-contali-flansli-seffaf-borulu-endustriyel-sivi-akis-gozlem-parcasi\/#primaryimage\"},\"image\":{\"@id\":\"https:\/\/www.havuzadairhersey.com\/index.php\/urun\/u-pvc-gozetleme-cami-epdm-ptfe-contali-flansli-seffaf-borulu-endustriyel-sivi-akis-gozlem-parcasi\/#primaryimage\"},\"thumbnailUrl\":\"https:\/\/www.havuzadairhersey.com\/wp-content\/uploads\/2025\/04\/1-237.png\",\"datePublished\":\"2025-04-20T11:32:49+00:00\",\"dateModified\":\"2025-05-30T19:14:21+00:00\",\"breadcrumb\":{\"@id\":\"https:\/\/www.havuzadairhersey.com\/index.php\/urun\/u-pvc-gozetleme-cami-epdm-ptfe-contali-flansli-seffaf-borulu-endustriyel-sivi-akis-gozlem-parcasi\/#breadcrumb\"},\"inLanguage\":\"tr\",\"potentialAction\":[{\"@type\":\"ReadAction\",\"target\":[\"https:\/\/www.havuzadairhersey.com\/index.php\/urun\/u-pvc-gozetleme-cami-epdm-ptfe-contali-flansli-seffaf-borulu-endustriyel-sivi-akis-gozlem-parcasi\/\"]}]},{\"@type\":\"ImageObject\",\"inLanguage\":\"tr\",\"@id\":\"https:\/\/www.havuzadairhersey.com\/index.php\/urun\/u-pvc-gozetleme-cami-epdm-ptfe-contali-flansli-seffaf-borulu-endustriyel-sivi-akis-gozlem-parcasi\/#primaryimage\",\"url\":\"https:\/\/www.havuzadairhersey.com\/wp-content\/uploads\/2025\/04\/1-237.png\",\"contentUrl\":\"https:\/\/www.havuzadairhersey.com\/wp-content\/uploads\/2025\/04\/1-237.png\",\"width\":1875,\"height\":2000,\"caption\":\"EPDM & PTFE contal\u0131 flan\u015fl\u0131 g\u00f6zetleme cam\u0131, 10 bar bas\u0131nca dayan\u0131kl\u0131\"},{\"@type\":\"BreadcrumbList\",\"@id\":\"https:\/\/www.havuzadairhersey.com\/index.php\/urun\/u-pvc-gozetleme-cami-epdm-ptfe-contali-flansli-seffaf-borulu-endustriyel-sivi-akis-gozlem-parcasi\/#breadcrumb\",\"itemListElement\":[{\"@type\":\"ListItem\",\"position\":1,\"name\":\"Anasayfa\",\"item\":\"https:\/\/www.havuzadairhersey.com\/\"},{\"@type\":\"ListItem\",\"position\":2,\"name\":\"Ma\u011faza\",\"item\":\"https:\/\/www.havuzadairhersey.com\/\"},{\"@type\":\"ListItem\",\"position\":3,\"name\":\"U-PVC G\u00f6zetleme Cam\u0131, EPDM &#038; PTFE Contal\u0131, Flan\u015fl\u0131 \u015eeffaf Borulu, End\u00fcstriyel S\u0131v\u0131 Ak\u0131\u015f G\u00f6zlem Par\u00e7as\u0131\"}]},{\"@type\":\"WebSite\",\"@id\":\"https:\/\/www.havuzadairhersey.com\/#website\",\"url\":\"https:\/\/www.havuzadairhersey.com\/\",\"name\":\"\",\"description\":\"Havuza dair arad\u0131\u011f\u0131n\u0131z her\u015fey burada...\",\"potentialAction\":[{\"@type\":\"SearchAction\",\"target\":{\"@type\":\"EntryPoint\",\"urlTemplate\":\"https:\/\/www.havuzadairhersey.com\/?s={search_term_string}\"},\"query-input\":{\"@type\":\"PropertyValueSpecification\",\"valueRequired\":true,\"valueName\":\"search_term_string\"}}],\"inLanguage\":\"tr\"}]}<\/script>\n<!-- \/ Yoast SEO plugin. -->","yoast_head_json":{"title":"U-PVC G\u00f6zetleme Cam\u0131, EPDM & PTFE Contal\u0131, Flan\u015fl\u0131 \u015eeffaf Borulu, End\u00fcstriyel S\u0131v\u0131 Ak\u0131\u015f G\u00f6zlem Par\u00e7as\u0131 -","robots":{"index":"index","follow":"follow","max-snippet":"max-snippet:-1","max-image-preview":"max-image-preview:large","max-video-preview":"max-video-preview:-1"},"canonical":"https:\/\/www.havuzadairhersey.com\/index.php\/urun\/u-pvc-gozetleme-cami-epdm-ptfe-contali-flansli-seffaf-borulu-endustriyel-sivi-akis-gozlem-parcasi\/","og_locale":"tr_TR","og_type":"article","og_title":"U-PVC G\u00f6zetleme Cam\u0131, EPDM & PTFE Contal\u0131, Flan\u015fl\u0131 \u015eeffaf Borulu, End\u00fcstriyel S\u0131v\u0131 Ak\u0131\u015f G\u00f6zlem Par\u00e7as\u0131 -","og_description":"\u015eeffaf g\u00f6vdeye sahip U-PVC g\u00f6zetleme cam\u0131, s\u0131v\u0131 ak\u0131\u015f\u0131n\u0131 do\u011frudan izleme imkan\u0131 sunar. EPDM ve PTFE conta deste\u011fiyle g\u00fcvenli ve dayan\u0131kl\u0131 \u00e7\u00f6z\u00fcm sa\u011flar.","og_url":"https:\/\/www.havuzadairhersey.com\/index.php\/urun\/u-pvc-gozetleme-cami-epdm-ptfe-contali-flansli-seffaf-borulu-endustriyel-sivi-akis-gozlem-parcasi\/","article_modified_time":"2025-05-30T19:14:21+00:00","og_image":[{"width":1875,"height":2000,"url":"https:\/\/www.havuzadairhersey.com\/wp-content\/uploads\/2025\/04\/1-237.png","type":"image\/png"}],"twitter_card":"summary_large_image","schema":{"@context":"https:\/\/schema.org","@graph":[{"@type":"WebPage","@id":"https:\/\/www.havuzadairhersey.com\/index.php\/urun\/u-pvc-gozetleme-cami-epdm-ptfe-contali-flansli-seffaf-borulu-endustriyel-sivi-akis-gozlem-parcasi\/","url":"https:\/\/www.havuzadairhersey.com\/index.php\/urun\/u-pvc-gozetleme-cami-epdm-ptfe-contali-flansli-seffaf-borulu-endustriyel-sivi-akis-gozlem-parcasi\/","name":"U-PVC G\u00f6zetleme Cam\u0131, EPDM & PTFE Contal\u0131, Flan\u015fl\u0131 \u015eeffaf Borulu, End\u00fcstriyel S\u0131v\u0131 Ak\u0131\u015f G\u00f6zlem Par\u00e7as\u0131 -","isPartOf":{"@id":"https:\/\/www.havuzadairhersey.com\/#website"},"primaryImageOfPage":{"@id":"https:\/\/www.havuzadairhersey.com\/index.php\/urun\/u-pvc-gozetleme-cami-epdm-ptfe-contali-flansli-seffaf-borulu-endustriyel-sivi-akis-gozlem-parcasi\/#primaryimage"},"image":{"@id":"https:\/\/www.havuzadairhersey.com\/index.php\/urun\/u-pvc-gozetleme-cami-epdm-ptfe-contali-flansli-seffaf-borulu-endustriyel-sivi-akis-gozlem-parcasi\/#primaryimage"},"thumbnailUrl":"https:\/\/www.havuzadairhersey.com\/wp-content\/uploads\/2025\/04\/1-237.png","datePublished":"2025-04-20T11:32:49+00:00","dateModified":"2025-05-30T19:14:21+00:00","breadcrumb":{"@id":"https:\/\/www.havuzadairhersey.com\/index.php\/urun\/u-pvc-gozetleme-cami-epdm-ptfe-contali-flansli-seffaf-borulu-endustriyel-sivi-akis-gozlem-parcasi\/#breadcrumb"},"inLanguage":"tr","potentialAction":[{"@type":"ReadAction","target":["https:\/\/www.havuzadairhersey.com\/index.php\/urun\/u-pvc-gozetleme-cami-epdm-ptfe-contali-flansli-seffaf-borulu-endustriyel-sivi-akis-gozlem-parcasi\/"]}]},{"@type":"ImageObject","inLanguage":"tr","@id":"https:\/\/www.havuzadairhersey.com\/index.php\/urun\/u-pvc-gozetleme-cami-epdm-ptfe-contali-flansli-seffaf-borulu-endustriyel-sivi-akis-gozlem-parcasi\/#primaryimage","url":"https:\/\/www.havuzadairhersey.com\/wp-content\/uploads\/2025\/04\/1-237.png","contentUrl":"https:\/\/www.havuzadairhersey.com\/wp-content\/uploads\/2025\/04\/1-237.png","width":1875,"height":2000,"caption":"EPDM & PTFE contal\u0131 flan\u015fl\u0131 g\u00f6zetleme cam\u0131, 10 bar bas\u0131nca dayan\u0131kl\u0131"},{"@type":"BreadcrumbList","@id":"https:\/\/www.havuzadairhersey.com\/index.php\/urun\/u-pvc-gozetleme-cami-epdm-ptfe-contali-flansli-seffaf-borulu-endustriyel-sivi-akis-gozlem-parcasi\/#breadcrumb","itemListElement":[{"@type":"ListItem","position":1,"name":"Anasayfa","item":"https:\/\/www.havuzadairhersey.com\/"},{"@type":"ListItem","position":2,"name":"Ma\u011faza","item":"https:\/\/www.havuzadairhersey.com\/"},{"@type":"ListItem","position":3,"name":"U-PVC G\u00f6zetleme Cam\u0131, EPDM &#038; PTFE Contal\u0131, Flan\u015fl\u0131 \u015eeffaf Borulu, End\u00fcstriyel S\u0131v\u0131 Ak\u0131\u015f G\u00f6zlem Par\u00e7as\u0131"}]},{"@type":"WebSite","@id":"https:\/\/www.havuzadairhersey.com\/#website","url":"https:\/\/www.havuzadairhersey.com\/","name":"","description":"Havuza dair arad\u0131\u011f\u0131n\u0131z her\u015fey burada...","potentialAction":[{"@type":"SearchAction","target":{"@type":"EntryPoint","urlTemplate":"https:\/\/www.havuzadairhersey.com\/?s={search_term_string}"},"query-input":{"@type":"PropertyValueSpecification","valueRequired":true,"valueName":"search_term_string"}}],"inLanguage":"tr"}]}},"_links":{"self":[{"href":"https:\/\/www.havuzadairhersey.com\/index.php\/wp-json\/wp\/v2\/product\/2063","targetHints":{"allow":["GET"]}}],"collection":[{"href":"https:\/\/www.havuzadairhersey.com\/index.php\/wp-json\/wp\/v2\/product"}],"about":[{"href":"https:\/\/www.havuzadairhersey.com\/index.php\/wp-json\/wp\/v2\/types\/product"}],"replies":[{"embeddable":true,"href":"https:\/\/www.havuzadairhersey.com\/index.php\/wp-json\/wp\/v2\/comments?post=2063"}],"wp:featuredmedia":[{"embeddable":true,"href":"https:\/\/www.havuzadairhersey.com\/index.php\/wp-json\/wp\/v2\/media\/2064"}],"wp:attachment":[{"href":"https:\/\/www.havuzadairhersey.com\/index.php\/wp-json\/wp\/v2\/media?parent=2063"}],"wp:term":[{"taxonomy":"product_brand","embeddable":true,"href":"https:\/\/www.havuzadairhersey.com\/index.php\/wp-json\/wp\/v2\/product_brand?post=2063"},{"taxonomy":"product_cat","embeddable":true,"href":"https:\/\/www.havuzadairhersey.com\/index.php\/wp-json\/wp\/v2\/product_cat?post=2063"},{"taxonomy":"product_tag","embeddable":true,"href":"https:\/\/www.havuzadairhersey.com\/index.php\/wp-json\/wp\/v2\/product_tag?post=2063"}],"curies":[{"name":"wp","href":"https:\/\/api.w.org\/{rel}","templated":true}]}}