{"id":2116,"date":"2025-04-20T15:52:01","date_gmt":"2025-04-20T12:52:01","guid":{"rendered":"https:\/\/www.havuzadairhersey.com\/?post_type=product&#038;p=2116"},"modified":"2025-05-30T22:12:52","modified_gmt":"2025-05-30T19:12:52","slug":"uh-pvc-rakor-yuksek-basinc-dayanimli-pvc-birlestirme-fittingsi","status":"publish","type":"product","link":"https:\/\/www.havuzadairhersey.com\/index.php\/urun\/uh-pvc-rakor-yuksek-basinc-dayanimli-pvc-birlestirme-fittingsi\/","title":{"rendered":"UH-PVC Rakor, Y\u00fcksek Bas\u0131n\u00e7 Dayan\u0131ml\u0131 PVC Birle\u015ftirme Fittingsi"},"content":{"rendered":"<p>Y\u00fcksek kaliteli UH-PVC malzemeden \u00fcretilmi\u015f bu rakor, havuz sistemleri ve s\u0131hhi tesisatlar i\u00e7in g\u00fcvenilir bir ba\u011flant\u0131 \u00e7\u00f6z\u00fcm\u00fcd\u00fcr. 16 bar bas\u0131n\u00e7 dayan\u0131m\u0131na sahip olan bu \u00fcr\u00fcn, farkl\u0131 \u00e7aplarda sunularak \u00e7e\u015fitli uygulamalara uyum sa\u011flar. Kolay montaj\u0131, y\u00fcksek s\u0131zd\u0131rmazl\u0131\u011f\u0131 ve uzun \u00f6m\u00fcrl\u00fc yap\u0131s\u0131 ile profesyonel kullan\u0131m i\u00e7in idealdir. T\u00fcm tesisatlarda sa\u011flam bir ba\u011flant\u0131 sa\u011flamak isteyenler i\u00e7in vazge\u00e7ilmez bir par\u00e7ad\u0131r.<\/p>\n","protected":false},"excerpt":{"rendered":"<p>UH-PVC 16 bar bas\u0131nca dayan\u0131kl\u0131 rakor, farkl\u0131 \u00e7ap se\u00e7enekleriyle y\u00fcksek s\u0131zd\u0131rmazl\u0131k ve kolay montaj sa\u011flar.<\/p>\n","protected":false},"featured_media":2117,"comment_status":"open","ping_status":"closed","template":"","meta":{"site-sidebar-layout":"default","site-content-layout":"","ast-site-content-layout":"default","site-content-style":"default","site-sidebar-style":"default","ast-global-header-display":"","ast-banner-title-visibility":"","ast-main-header-display":"","ast-hfb-above-header-display":"","ast-hfb-below-header-display":"","ast-hfb-mobile-header-display":"","site-post-title":"","ast-breadcrumbs-content":"","ast-featured-img":"","footer-sml-layout":"","theme-transparent-header-meta":"default","adv-header-id-meta":"","stick-header-meta":"","header-above-stick-meta":"","header-main-stick-meta":"","header-below-stick-meta":"","astra-migrate-meta-layouts":"set","ast-page-background-enabled":"default","ast-page-background-meta":{"desktop":{"background-color":"var(--ast-global-color-5)","background-image":"","background-repeat":"repeat","background-position":"center center","background-size":"auto","background-attachment":"scroll","background-type":"","background-media":"","overlay-type":"","overlay-color":"","overlay-opacity":"","overlay-gradient":""},"tablet":{"background-color":"","background-image":"","background-repeat":"repeat","background-position":"center center","background-size":"auto","background-attachment":"scroll","background-type":"","background-media":"","overlay-type":"","overlay-color":"","overlay-opacity":"","overlay-gradient":""},"mobile":{"background-color":"","background-image":"","background-repeat":"repeat","background-position":"center center","background-size":"auto","background-attachment":"scroll","background-type":"","background-media":"","overlay-type":"","overlay-color":"","overlay-opacity":"","overlay-gradient":""}},"ast-content-background-meta":{"desktop":{"background-color":"var(--ast-global-color-4)","background-image":"","background-repeat":"repeat","background-position":"center center","background-size":"auto","background-attachment":"scroll","background-type":"","background-media":"","overlay-type":"","overlay-color":"","overlay-opacity":"","overlay-gradient":""},"tablet":{"background-color":"var(--ast-global-color-4)","background-image":"","background-repeat":"repeat","background-position":"center center","background-size":"auto","background-attachment":"scroll","background-type":"","background-media":"","overlay-type":"","overlay-color":"","overlay-opacity":"","overlay-gradient":""},"mobile":{"background-color":"var(--ast-global-color-4)","background-image":"","background-repeat":"repeat","background-position":"center center","background-size":"auto","background-attachment":"scroll","background-type":"","background-media":"","overlay-type":"","overlay-color":"","overlay-opacity":"","overlay-gradient":""}}},"product_brand":[2919],"product_cat":[699],"product_tag":[3091,311,3090,3095,3093,3089,3094,2899,3088,3092],"class_list":{"0":"post-2116","1":"product","2":"type-product","3":"status-publish","4":"has-post-thumbnail","6":"product_brand-pimtas","7":"product_cat-havuz-vana-boru-fittings","8":"product_tag-disi-rakor-pvc","9":"product_tag-havuz-ekipmani","10":"product_tag-havuz-rakor-parcasi","11":"product_tag-pvc-boru-aksesuari","12":"product_tag-pvc-boru-baglanti-elemani","13":"product_tag-pvc-rakor-fittings","14":"product_tag-rakor-16-bar","15":"product_tag-su-tesisati-baglanti","16":"product_tag-uh-pvc-rakor","17":"product_tag-yuksek-basincli-pvc-rakor","18":"desktop-align-left","19":"tablet-align-left","20":"mobile-align-left","22":"first","23":"outofstock","24":"shipping-taxable","25":"purchasable","26":"product-type-variable"},"yoast_head":"<!-- This site is optimized with the Yoast SEO plugin v25.0 - https:\/\/yoast.com\/wordpress\/plugins\/seo\/ -->\n<title>UH-PVC Rakor, Y\u00fcksek Bas\u0131n\u00e7 Dayan\u0131ml\u0131 PVC Birle\u015ftirme Fittingsi -<\/title>\n<meta name=\"robots\" content=\"index, follow, max-snippet:-1, max-image-preview:large, max-video-preview:-1\" \/>\n<link rel=\"canonical\" href=\"https:\/\/www.havuzadairhersey.com\/index.php\/urun\/uh-pvc-rakor-yuksek-basinc-dayanimli-pvc-birlestirme-fittingsi\/\" \/>\n<meta property=\"og:locale\" content=\"tr_TR\" \/>\n<meta property=\"og:type\" content=\"article\" \/>\n<meta property=\"og:title\" content=\"UH-PVC Rakor, Y\u00fcksek Bas\u0131n\u00e7 Dayan\u0131ml\u0131 PVC Birle\u015ftirme Fittingsi -\" \/>\n<meta property=\"og:description\" content=\"UH-PVC 16 bar bas\u0131nca dayan\u0131kl\u0131 rakor, farkl\u0131 \u00e7ap se\u00e7enekleriyle y\u00fcksek s\u0131zd\u0131rmazl\u0131k ve kolay montaj sa\u011flar.\" \/>\n<meta property=\"og:url\" content=\"https:\/\/www.havuzadairhersey.com\/index.php\/urun\/uh-pvc-rakor-yuksek-basinc-dayanimli-pvc-birlestirme-fittingsi\/\" \/>\n<meta property=\"article:modified_time\" content=\"2025-05-30T19:12:52+00:00\" \/>\n<meta property=\"og:image\" content=\"https:\/\/www.havuzadairhersey.com\/wp-content\/uploads\/2025\/04\/1-243.png\" \/>\n\t<meta property=\"og:image:width\" content=\"1875\" \/>\n\t<meta property=\"og:image:height\" content=\"2000\" \/>\n\t<meta property=\"og:image:type\" content=\"image\/png\" \/>\n<meta name=\"twitter:card\" content=\"summary_large_image\" \/>\n<script type=\"application\/ld+json\" class=\"yoast-schema-graph\">{\"@context\":\"https:\/\/schema.org\",\"@graph\":[{\"@type\":\"WebPage\",\"@id\":\"https:\/\/www.havuzadairhersey.com\/index.php\/urun\/uh-pvc-rakor-yuksek-basinc-dayanimli-pvc-birlestirme-fittingsi\/\",\"url\":\"https:\/\/www.havuzadairhersey.com\/index.php\/urun\/uh-pvc-rakor-yuksek-basinc-dayanimli-pvc-birlestirme-fittingsi\/\",\"name\":\"UH-PVC Rakor, Y\u00fcksek Bas\u0131n\u00e7 Dayan\u0131ml\u0131 PVC Birle\u015ftirme Fittingsi -\",\"isPartOf\":{\"@id\":\"https:\/\/www.havuzadairhersey.com\/#website\"},\"primaryImageOfPage\":{\"@id\":\"https:\/\/www.havuzadairhersey.com\/index.php\/urun\/uh-pvc-rakor-yuksek-basinc-dayanimli-pvc-birlestirme-fittingsi\/#primaryimage\"},\"image\":{\"@id\":\"https:\/\/www.havuzadairhersey.com\/index.php\/urun\/uh-pvc-rakor-yuksek-basinc-dayanimli-pvc-birlestirme-fittingsi\/#primaryimage\"},\"thumbnailUrl\":\"https:\/\/www.havuzadairhersey.com\/wp-content\/uploads\/2025\/04\/1-243.png\",\"datePublished\":\"2025-04-20T12:52:01+00:00\",\"dateModified\":\"2025-05-30T19:12:52+00:00\",\"breadcrumb\":{\"@id\":\"https:\/\/www.havuzadairhersey.com\/index.php\/urun\/uh-pvc-rakor-yuksek-basinc-dayanimli-pvc-birlestirme-fittingsi\/#breadcrumb\"},\"inLanguage\":\"tr\",\"potentialAction\":[{\"@type\":\"ReadAction\",\"target\":[\"https:\/\/www.havuzadairhersey.com\/index.php\/urun\/uh-pvc-rakor-yuksek-basinc-dayanimli-pvc-birlestirme-fittingsi\/\"]}]},{\"@type\":\"ImageObject\",\"inLanguage\":\"tr\",\"@id\":\"https:\/\/www.havuzadairhersey.com\/index.php\/urun\/uh-pvc-rakor-yuksek-basinc-dayanimli-pvc-birlestirme-fittingsi\/#primaryimage\",\"url\":\"https:\/\/www.havuzadairhersey.com\/wp-content\/uploads\/2025\/04\/1-243.png\",\"contentUrl\":\"https:\/\/www.havuzadairhersey.com\/wp-content\/uploads\/2025\/04\/1-243.png\",\"width\":1875,\"height\":2000,\"caption\":\"PVC boru sistemleri i\u00e7in y\u00fcksek dayan\u0131ml\u0131 di\u015fli rakor\"},{\"@type\":\"BreadcrumbList\",\"@id\":\"https:\/\/www.havuzadairhersey.com\/index.php\/urun\/uh-pvc-rakor-yuksek-basinc-dayanimli-pvc-birlestirme-fittingsi\/#breadcrumb\",\"itemListElement\":[{\"@type\":\"ListItem\",\"position\":1,\"name\":\"Anasayfa\",\"item\":\"https:\/\/www.havuzadairhersey.com\/\"},{\"@type\":\"ListItem\",\"position\":2,\"name\":\"Ma\u011faza\",\"item\":\"https:\/\/www.havuzadairhersey.com\/\"},{\"@type\":\"ListItem\",\"position\":3,\"name\":\"UH-PVC Rakor, Y\u00fcksek Bas\u0131n\u00e7 Dayan\u0131ml\u0131 PVC Birle\u015ftirme Fittingsi\"}]},{\"@type\":\"WebSite\",\"@id\":\"https:\/\/www.havuzadairhersey.com\/#website\",\"url\":\"https:\/\/www.havuzadairhersey.com\/\",\"name\":\"\",\"description\":\"Havuza dair arad\u0131\u011f\u0131n\u0131z her\u015fey burada...\",\"potentialAction\":[{\"@type\":\"SearchAction\",\"target\":{\"@type\":\"EntryPoint\",\"urlTemplate\":\"https:\/\/www.havuzadairhersey.com\/?s={search_term_string}\"},\"query-input\":{\"@type\":\"PropertyValueSpecification\",\"valueRequired\":true,\"valueName\":\"search_term_string\"}}],\"inLanguage\":\"tr\"}]}<\/script>\n<!-- \/ Yoast SEO plugin. -->","yoast_head_json":{"title":"UH-PVC Rakor, Y\u00fcksek Bas\u0131n\u00e7 Dayan\u0131ml\u0131 PVC Birle\u015ftirme Fittingsi -","robots":{"index":"index","follow":"follow","max-snippet":"max-snippet:-1","max-image-preview":"max-image-preview:large","max-video-preview":"max-video-preview:-1"},"canonical":"https:\/\/www.havuzadairhersey.com\/index.php\/urun\/uh-pvc-rakor-yuksek-basinc-dayanimli-pvc-birlestirme-fittingsi\/","og_locale":"tr_TR","og_type":"article","og_title":"UH-PVC Rakor, Y\u00fcksek Bas\u0131n\u00e7 Dayan\u0131ml\u0131 PVC Birle\u015ftirme Fittingsi -","og_description":"UH-PVC 16 bar bas\u0131nca dayan\u0131kl\u0131 rakor, farkl\u0131 \u00e7ap se\u00e7enekleriyle y\u00fcksek s\u0131zd\u0131rmazl\u0131k ve kolay montaj sa\u011flar.","og_url":"https:\/\/www.havuzadairhersey.com\/index.php\/urun\/uh-pvc-rakor-yuksek-basinc-dayanimli-pvc-birlestirme-fittingsi\/","article_modified_time":"2025-05-30T19:12:52+00:00","og_image":[{"width":1875,"height":2000,"url":"https:\/\/www.havuzadairhersey.com\/wp-content\/uploads\/2025\/04\/1-243.png","type":"image\/png"}],"twitter_card":"summary_large_image","schema":{"@context":"https:\/\/schema.org","@graph":[{"@type":"WebPage","@id":"https:\/\/www.havuzadairhersey.com\/index.php\/urun\/uh-pvc-rakor-yuksek-basinc-dayanimli-pvc-birlestirme-fittingsi\/","url":"https:\/\/www.havuzadairhersey.com\/index.php\/urun\/uh-pvc-rakor-yuksek-basinc-dayanimli-pvc-birlestirme-fittingsi\/","name":"UH-PVC Rakor, Y\u00fcksek Bas\u0131n\u00e7 Dayan\u0131ml\u0131 PVC Birle\u015ftirme Fittingsi -","isPartOf":{"@id":"https:\/\/www.havuzadairhersey.com\/#website"},"primaryImageOfPage":{"@id":"https:\/\/www.havuzadairhersey.com\/index.php\/urun\/uh-pvc-rakor-yuksek-basinc-dayanimli-pvc-birlestirme-fittingsi\/#primaryimage"},"image":{"@id":"https:\/\/www.havuzadairhersey.com\/index.php\/urun\/uh-pvc-rakor-yuksek-basinc-dayanimli-pvc-birlestirme-fittingsi\/#primaryimage"},"thumbnailUrl":"https:\/\/www.havuzadairhersey.com\/wp-content\/uploads\/2025\/04\/1-243.png","datePublished":"2025-04-20T12:52:01+00:00","dateModified":"2025-05-30T19:12:52+00:00","breadcrumb":{"@id":"https:\/\/www.havuzadairhersey.com\/index.php\/urun\/uh-pvc-rakor-yuksek-basinc-dayanimli-pvc-birlestirme-fittingsi\/#breadcrumb"},"inLanguage":"tr","potentialAction":[{"@type":"ReadAction","target":["https:\/\/www.havuzadairhersey.com\/index.php\/urun\/uh-pvc-rakor-yuksek-basinc-dayanimli-pvc-birlestirme-fittingsi\/"]}]},{"@type":"ImageObject","inLanguage":"tr","@id":"https:\/\/www.havuzadairhersey.com\/index.php\/urun\/uh-pvc-rakor-yuksek-basinc-dayanimli-pvc-birlestirme-fittingsi\/#primaryimage","url":"https:\/\/www.havuzadairhersey.com\/wp-content\/uploads\/2025\/04\/1-243.png","contentUrl":"https:\/\/www.havuzadairhersey.com\/wp-content\/uploads\/2025\/04\/1-243.png","width":1875,"height":2000,"caption":"PVC boru sistemleri i\u00e7in y\u00fcksek dayan\u0131ml\u0131 di\u015fli rakor"},{"@type":"BreadcrumbList","@id":"https:\/\/www.havuzadairhersey.com\/index.php\/urun\/uh-pvc-rakor-yuksek-basinc-dayanimli-pvc-birlestirme-fittingsi\/#breadcrumb","itemListElement":[{"@type":"ListItem","position":1,"name":"Anasayfa","item":"https:\/\/www.havuzadairhersey.com\/"},{"@type":"ListItem","position":2,"name":"Ma\u011faza","item":"https:\/\/www.havuzadairhersey.com\/"},{"@type":"ListItem","position":3,"name":"UH-PVC Rakor, Y\u00fcksek Bas\u0131n\u00e7 Dayan\u0131ml\u0131 PVC Birle\u015ftirme Fittingsi"}]},{"@type":"WebSite","@id":"https:\/\/www.havuzadairhersey.com\/#website","url":"https:\/\/www.havuzadairhersey.com\/","name":"","description":"Havuza dair arad\u0131\u011f\u0131n\u0131z her\u015fey burada...","potentialAction":[{"@type":"SearchAction","target":{"@type":"EntryPoint","urlTemplate":"https:\/\/www.havuzadairhersey.com\/?s={search_term_string}"},"query-input":{"@type":"PropertyValueSpecification","valueRequired":true,"valueName":"search_term_string"}}],"inLanguage":"tr"}]}},"_links":{"self":[{"href":"https:\/\/www.havuzadairhersey.com\/index.php\/wp-json\/wp\/v2\/product\/2116","targetHints":{"allow":["GET"]}}],"collection":[{"href":"https:\/\/www.havuzadairhersey.com\/index.php\/wp-json\/wp\/v2\/product"}],"about":[{"href":"https:\/\/www.havuzadairhersey.com\/index.php\/wp-json\/wp\/v2\/types\/product"}],"replies":[{"embeddable":true,"href":"https:\/\/www.havuzadairhersey.com\/index.php\/wp-json\/wp\/v2\/comments?post=2116"}],"wp:featuredmedia":[{"embeddable":true,"href":"https:\/\/www.havuzadairhersey.com\/index.php\/wp-json\/wp\/v2\/media\/2117"}],"wp:attachment":[{"href":"https:\/\/www.havuzadairhersey.com\/index.php\/wp-json\/wp\/v2\/media?parent=2116"}],"wp:term":[{"taxonomy":"product_brand","embeddable":true,"href":"https:\/\/www.havuzadairhersey.com\/index.php\/wp-json\/wp\/v2\/product_brand?post=2116"},{"taxonomy":"product_cat","embeddable":true,"href":"https:\/\/www.havuzadairhersey.com\/index.php\/wp-json\/wp\/v2\/product_cat?post=2116"},{"taxonomy":"product_tag","embeddable":true,"href":"https:\/\/www.havuzadairhersey.com\/index.php\/wp-json\/wp\/v2\/product_tag?post=2116"}],"curies":[{"name":"wp","href":"https:\/\/api.w.org\/{rel}","templated":true}]}}