{"id":2230,"date":"2025-04-20T18:41:36","date_gmt":"2025-04-20T15:41:36","guid":{"rendered":"https:\/\/www.havuzadairhersey.com\/?post_type=product&#038;p=2230"},"modified":"2025-05-30T22:50:59","modified_gmt":"2025-05-30T19:50:59","slug":"soft-desenli-tek-gecme-havuz-izgarasi","status":"publish","type":"product","link":"https:\/\/www.havuzadairhersey.com\/index.php\/urun\/soft-desenli-tek-gecme-havuz-izgarasi\/","title":{"rendered":"Soft Desenli Tek Ge\u00e7me Havuz Izgaras\u0131"},"content":{"rendered":"<p>25 cm geni\u015fli\u011fe ve 2,5 cm y\u00fcksekli\u011fe sahip bu Soft Desenli Tek Ge\u00e7me havuz \u0131zgaras\u0131, havuz kenar\u0131 su tahliye sistemlerinde estetik ve i\u015flevselli\u011fi bir araya getirir. Y\u00fcksek kaliteli PVC malzemeden \u00fcretilmi\u015ftir. Mod\u00fcler yap\u0131s\u0131yla kolay montaj imk\u00e2n\u0131 sunar. 10 metre uzunlu\u011funda paketlenmi\u015f olup, 1 metrede yakla\u015f\u0131k 46 par\u00e7a bulunur. Kaymaz y\u00fczeyi ve klasik beyaz rengiyle hem g\u00fcvenli hem de \u015f\u0131k bir \u00e7\u00f6z\u00fcm sa\u011flar. Havuz, spa ve su parklar\u0131 i\u00e7in idealdir.<\/p>\n","protected":false},"excerpt":{"rendered":"<p>25 cm geni\u015fli\u011finde, kaymaz soft desenli tek ge\u00e7me PVC havuz \u0131zgaras\u0131. 10 metrelik paket. Estetik, dayan\u0131kl\u0131 ve mod\u00fcler yap\u0131.<\/p>\n","protected":false},"featured_media":2231,"comment_status":"open","ping_status":"closed","template":"","meta":{"site-sidebar-layout":"default","site-content-layout":"","ast-site-content-layout":"default","site-content-style":"default","site-sidebar-style":"default","ast-global-header-display":"","ast-banner-title-visibility":"","ast-main-header-display":"","ast-hfb-above-header-display":"","ast-hfb-below-header-display":"","ast-hfb-mobile-header-display":"","site-post-title":"","ast-breadcrumbs-content":"","ast-featured-img":"","footer-sml-layout":"","theme-transparent-header-meta":"default","adv-header-id-meta":"","stick-header-meta":"","header-above-stick-meta":"","header-main-stick-meta":"","header-below-stick-meta":"","astra-migrate-meta-layouts":"set","ast-page-background-enabled":"default","ast-page-background-meta":{"desktop":{"background-color":"var(--ast-global-color-5)","background-image":"","background-repeat":"repeat","background-position":"center center","background-size":"auto","background-attachment":"scroll","background-type":"","background-media":"","overlay-type":"","overlay-color":"","overlay-opacity":"","overlay-gradient":""},"tablet":{"background-color":"","background-image":"","background-repeat":"repeat","background-position":"center center","background-size":"auto","background-attachment":"scroll","background-type":"","background-media":"","overlay-type":"","overlay-color":"","overlay-opacity":"","overlay-gradient":""},"mobile":{"background-color":"","background-image":"","background-repeat":"repeat","background-position":"center center","background-size":"auto","background-attachment":"scroll","background-type":"","background-media":"","overlay-type":"","overlay-color":"","overlay-opacity":"","overlay-gradient":""}},"ast-content-background-meta":{"desktop":{"background-color":"var(--ast-global-color-4)","background-image":"","background-repeat":"repeat","background-position":"center center","background-size":"auto","background-attachment":"scroll","background-type":"","background-media":"","overlay-type":"","overlay-color":"","overlay-opacity":"","overlay-gradient":""},"tablet":{"background-color":"var(--ast-global-color-4)","background-image":"","background-repeat":"repeat","background-position":"center center","background-size":"auto","background-attachment":"scroll","background-type":"","background-media":"","overlay-type":"","overlay-color":"","overlay-opacity":"","overlay-gradient":""},"mobile":{"background-color":"var(--ast-global-color-4)","background-image":"","background-repeat":"repeat","background-position":"center center","background-size":"auto","background-attachment":"scroll","background-type":"","background-media":"","overlay-type":"","overlay-color":"","overlay-opacity":"","overlay-gradient":""}}},"product_brand":[3201],"product_cat":[663],"product_tag":[3260,3261,612,3262,3263,3212,3210,3254,623,642],"class_list":{"0":"post-2230","1":"product","2":"type-product","3":"status-publish","4":"has-post-thumbnail","6":"product_brand-er","7":"product_cat-havuz-kenarliklari","8":"product_tag-25-cm-izgara","9":"product_tag-beyaz-havuz-izgarasi","10":"product_tag-havuz-izgarasi","11":"product_tag-havuz-kenari-urunleri","12":"product_tag-izgara-kapak","13":"product_tag-moduler-havuz-izgarasi","14":"product_tag-pvc-havuz-izgarasi","15":"product_tag-soft-desen-izgara","16":"product_tag-su-tahliye-izgarasi","17":"product_tag-tek-gecme-izgara","18":"desktop-align-left","19":"tablet-align-left","20":"mobile-align-left","22":"first","23":"outofstock","24":"shipping-taxable","25":"purchasable","26":"product-type-variable"},"yoast_head":"<!-- This site is optimized with the Yoast SEO plugin v25.0 - https:\/\/yoast.com\/wordpress\/plugins\/seo\/ -->\n<title>Soft Desenli Tek Ge\u00e7me Havuz Izgaras\u0131 -<\/title>\n<meta name=\"robots\" content=\"index, follow, max-snippet:-1, max-image-preview:large, max-video-preview:-1\" \/>\n<link rel=\"canonical\" href=\"https:\/\/www.havuzadairhersey.com\/index.php\/urun\/soft-desenli-tek-gecme-havuz-izgarasi\/\" \/>\n<meta property=\"og:locale\" content=\"tr_TR\" \/>\n<meta property=\"og:type\" content=\"article\" \/>\n<meta property=\"og:title\" content=\"Soft Desenli Tek Ge\u00e7me Havuz Izgaras\u0131 -\" \/>\n<meta property=\"og:description\" content=\"25 cm geni\u015fli\u011finde, kaymaz soft desenli tek ge\u00e7me PVC havuz \u0131zgaras\u0131. 10 metrelik paket. Estetik, dayan\u0131kl\u0131 ve mod\u00fcler yap\u0131.\" \/>\n<meta property=\"og:url\" content=\"https:\/\/www.havuzadairhersey.com\/index.php\/urun\/soft-desenli-tek-gecme-havuz-izgarasi\/\" \/>\n<meta property=\"article:modified_time\" content=\"2025-05-30T19:50:59+00:00\" \/>\n<meta property=\"og:image\" content=\"https:\/\/www.havuzadairhersey.com\/wp-content\/uploads\/2025\/04\/1-255.png\" \/>\n\t<meta property=\"og:image:width\" content=\"1875\" \/>\n\t<meta property=\"og:image:height\" content=\"2000\" \/>\n\t<meta property=\"og:image:type\" content=\"image\/png\" \/>\n<meta name=\"twitter:card\" content=\"summary_large_image\" \/>\n<script type=\"application\/ld+json\" class=\"yoast-schema-graph\">{\"@context\":\"https:\/\/schema.org\",\"@graph\":[{\"@type\":\"WebPage\",\"@id\":\"https:\/\/www.havuzadairhersey.com\/index.php\/urun\/soft-desenli-tek-gecme-havuz-izgarasi\/\",\"url\":\"https:\/\/www.havuzadairhersey.com\/index.php\/urun\/soft-desenli-tek-gecme-havuz-izgarasi\/\",\"name\":\"Soft Desenli Tek Ge\u00e7me Havuz Izgaras\u0131 -\",\"isPartOf\":{\"@id\":\"https:\/\/www.havuzadairhersey.com\/#website\"},\"primaryImageOfPage\":{\"@id\":\"https:\/\/www.havuzadairhersey.com\/index.php\/urun\/soft-desenli-tek-gecme-havuz-izgarasi\/#primaryimage\"},\"image\":{\"@id\":\"https:\/\/www.havuzadairhersey.com\/index.php\/urun\/soft-desenli-tek-gecme-havuz-izgarasi\/#primaryimage\"},\"thumbnailUrl\":\"https:\/\/www.havuzadairhersey.com\/wp-content\/uploads\/2025\/04\/1-255.png\",\"datePublished\":\"2025-04-20T15:41:36+00:00\",\"dateModified\":\"2025-05-30T19:50:59+00:00\",\"breadcrumb\":{\"@id\":\"https:\/\/www.havuzadairhersey.com\/index.php\/urun\/soft-desenli-tek-gecme-havuz-izgarasi\/#breadcrumb\"},\"inLanguage\":\"tr\",\"potentialAction\":[{\"@type\":\"ReadAction\",\"target\":[\"https:\/\/www.havuzadairhersey.com\/index.php\/urun\/soft-desenli-tek-gecme-havuz-izgarasi\/\"]}]},{\"@type\":\"ImageObject\",\"inLanguage\":\"tr\",\"@id\":\"https:\/\/www.havuzadairhersey.com\/index.php\/urun\/soft-desenli-tek-gecme-havuz-izgarasi\/#primaryimage\",\"url\":\"https:\/\/www.havuzadairhersey.com\/wp-content\/uploads\/2025\/04\/1-255.png\",\"contentUrl\":\"https:\/\/www.havuzadairhersey.com\/wp-content\/uploads\/2025\/04\/1-255.png\",\"width\":1875,\"height\":2000,\"caption\":\"PVC malzemeden \u00fcretilmi\u015f, kaymaz y\u00fczeye sahip 25 cm geni\u015fli\u011finde beyaz havuz \u0131zgaras\u0131\"},{\"@type\":\"BreadcrumbList\",\"@id\":\"https:\/\/www.havuzadairhersey.com\/index.php\/urun\/soft-desenli-tek-gecme-havuz-izgarasi\/#breadcrumb\",\"itemListElement\":[{\"@type\":\"ListItem\",\"position\":1,\"name\":\"Anasayfa\",\"item\":\"https:\/\/www.havuzadairhersey.com\/\"},{\"@type\":\"ListItem\",\"position\":2,\"name\":\"Ma\u011faza\",\"item\":\"https:\/\/www.havuzadairhersey.com\/\"},{\"@type\":\"ListItem\",\"position\":3,\"name\":\"Soft Desenli Tek Ge\u00e7me Havuz Izgaras\u0131\"}]},{\"@type\":\"WebSite\",\"@id\":\"https:\/\/www.havuzadairhersey.com\/#website\",\"url\":\"https:\/\/www.havuzadairhersey.com\/\",\"name\":\"\",\"description\":\"Havuza dair arad\u0131\u011f\u0131n\u0131z her\u015fey burada...\",\"potentialAction\":[{\"@type\":\"SearchAction\",\"target\":{\"@type\":\"EntryPoint\",\"urlTemplate\":\"https:\/\/www.havuzadairhersey.com\/?s={search_term_string}\"},\"query-input\":{\"@type\":\"PropertyValueSpecification\",\"valueRequired\":true,\"valueName\":\"search_term_string\"}}],\"inLanguage\":\"tr\"}]}<\/script>\n<!-- \/ Yoast SEO plugin. -->","yoast_head_json":{"title":"Soft Desenli Tek Ge\u00e7me Havuz Izgaras\u0131 -","robots":{"index":"index","follow":"follow","max-snippet":"max-snippet:-1","max-image-preview":"max-image-preview:large","max-video-preview":"max-video-preview:-1"},"canonical":"https:\/\/www.havuzadairhersey.com\/index.php\/urun\/soft-desenli-tek-gecme-havuz-izgarasi\/","og_locale":"tr_TR","og_type":"article","og_title":"Soft Desenli Tek Ge\u00e7me Havuz Izgaras\u0131 -","og_description":"25 cm geni\u015fli\u011finde, kaymaz soft desenli tek ge\u00e7me PVC havuz \u0131zgaras\u0131. 10 metrelik paket. Estetik, dayan\u0131kl\u0131 ve mod\u00fcler yap\u0131.","og_url":"https:\/\/www.havuzadairhersey.com\/index.php\/urun\/soft-desenli-tek-gecme-havuz-izgarasi\/","article_modified_time":"2025-05-30T19:50:59+00:00","og_image":[{"width":1875,"height":2000,"url":"https:\/\/www.havuzadairhersey.com\/wp-content\/uploads\/2025\/04\/1-255.png","type":"image\/png"}],"twitter_card":"summary_large_image","schema":{"@context":"https:\/\/schema.org","@graph":[{"@type":"WebPage","@id":"https:\/\/www.havuzadairhersey.com\/index.php\/urun\/soft-desenli-tek-gecme-havuz-izgarasi\/","url":"https:\/\/www.havuzadairhersey.com\/index.php\/urun\/soft-desenli-tek-gecme-havuz-izgarasi\/","name":"Soft Desenli Tek Ge\u00e7me Havuz Izgaras\u0131 -","isPartOf":{"@id":"https:\/\/www.havuzadairhersey.com\/#website"},"primaryImageOfPage":{"@id":"https:\/\/www.havuzadairhersey.com\/index.php\/urun\/soft-desenli-tek-gecme-havuz-izgarasi\/#primaryimage"},"image":{"@id":"https:\/\/www.havuzadairhersey.com\/index.php\/urun\/soft-desenli-tek-gecme-havuz-izgarasi\/#primaryimage"},"thumbnailUrl":"https:\/\/www.havuzadairhersey.com\/wp-content\/uploads\/2025\/04\/1-255.png","datePublished":"2025-04-20T15:41:36+00:00","dateModified":"2025-05-30T19:50:59+00:00","breadcrumb":{"@id":"https:\/\/www.havuzadairhersey.com\/index.php\/urun\/soft-desenli-tek-gecme-havuz-izgarasi\/#breadcrumb"},"inLanguage":"tr","potentialAction":[{"@type":"ReadAction","target":["https:\/\/www.havuzadairhersey.com\/index.php\/urun\/soft-desenli-tek-gecme-havuz-izgarasi\/"]}]},{"@type":"ImageObject","inLanguage":"tr","@id":"https:\/\/www.havuzadairhersey.com\/index.php\/urun\/soft-desenli-tek-gecme-havuz-izgarasi\/#primaryimage","url":"https:\/\/www.havuzadairhersey.com\/wp-content\/uploads\/2025\/04\/1-255.png","contentUrl":"https:\/\/www.havuzadairhersey.com\/wp-content\/uploads\/2025\/04\/1-255.png","width":1875,"height":2000,"caption":"PVC malzemeden \u00fcretilmi\u015f, kaymaz y\u00fczeye sahip 25 cm geni\u015fli\u011finde beyaz havuz \u0131zgaras\u0131"},{"@type":"BreadcrumbList","@id":"https:\/\/www.havuzadairhersey.com\/index.php\/urun\/soft-desenli-tek-gecme-havuz-izgarasi\/#breadcrumb","itemListElement":[{"@type":"ListItem","position":1,"name":"Anasayfa","item":"https:\/\/www.havuzadairhersey.com\/"},{"@type":"ListItem","position":2,"name":"Ma\u011faza","item":"https:\/\/www.havuzadairhersey.com\/"},{"@type":"ListItem","position":3,"name":"Soft Desenli Tek Ge\u00e7me Havuz Izgaras\u0131"}]},{"@type":"WebSite","@id":"https:\/\/www.havuzadairhersey.com\/#website","url":"https:\/\/www.havuzadairhersey.com\/","name":"","description":"Havuza dair arad\u0131\u011f\u0131n\u0131z her\u015fey burada...","potentialAction":[{"@type":"SearchAction","target":{"@type":"EntryPoint","urlTemplate":"https:\/\/www.havuzadairhersey.com\/?s={search_term_string}"},"query-input":{"@type":"PropertyValueSpecification","valueRequired":true,"valueName":"search_term_string"}}],"inLanguage":"tr"}]}},"_links":{"self":[{"href":"https:\/\/www.havuzadairhersey.com\/index.php\/wp-json\/wp\/v2\/product\/2230","targetHints":{"allow":["GET"]}}],"collection":[{"href":"https:\/\/www.havuzadairhersey.com\/index.php\/wp-json\/wp\/v2\/product"}],"about":[{"href":"https:\/\/www.havuzadairhersey.com\/index.php\/wp-json\/wp\/v2\/types\/product"}],"replies":[{"embeddable":true,"href":"https:\/\/www.havuzadairhersey.com\/index.php\/wp-json\/wp\/v2\/comments?post=2230"}],"wp:featuredmedia":[{"embeddable":true,"href":"https:\/\/www.havuzadairhersey.com\/index.php\/wp-json\/wp\/v2\/media\/2231"}],"wp:attachment":[{"href":"https:\/\/www.havuzadairhersey.com\/index.php\/wp-json\/wp\/v2\/media?parent=2230"}],"wp:term":[{"taxonomy":"product_brand","embeddable":true,"href":"https:\/\/www.havuzadairhersey.com\/index.php\/wp-json\/wp\/v2\/product_brand?post=2230"},{"taxonomy":"product_cat","embeddable":true,"href":"https:\/\/www.havuzadairhersey.com\/index.php\/wp-json\/wp\/v2\/product_cat?post=2230"},{"taxonomy":"product_tag","embeddable":true,"href":"https:\/\/www.havuzadairhersey.com\/index.php\/wp-json\/wp\/v2\/product_tag?post=2230"}],"curies":[{"name":"wp","href":"https:\/\/api.w.org\/{rel}","templated":true}]}}