{"id":2245,"date":"2025-04-20T23:54:13","date_gmt":"2025-04-20T20:54:13","guid":{"rendered":"https:\/\/www.havuzadairhersey.com\/?post_type=product&#038;p=2245"},"modified":"2025-05-30T22:50:30","modified_gmt":"2025-05-30T19:50:30","slug":"yildiz-desen-cift-gecme-t-kesitli-havuz-izgarasi","status":"publish","type":"product","link":"https:\/\/www.havuzadairhersey.com\/index.php\/urun\/yildiz-desen-cift-gecme-t-kesitli-havuz-izgarasi\/","title":{"rendered":"Y\u0131ld\u0131z Desen \u00c7ift Ge\u00e7me T Kesitli Havuz Izgaras\u0131"},"content":{"rendered":"<p>Bu 25 cm geni\u015fli\u011finde, y\u0131ld\u0131z desenli, \u00e7ift ge\u00e7meli ve T kesitli havuz \u0131zgaras\u0131; estetik g\u00f6r\u00fcn\u00fcm\u00fc ve kaymaz y\u00fczeyiyle \u00f6ne \u00e7\u0131kar. PVC malzemeden \u00fcretilen bu dayan\u0131kl\u0131 \u0131zgara, y\u00fczme havuzlar\u0131nda ta\u015fma kanallar\u0131n\u0131n kapat\u0131lmas\u0131nda g\u00fcvenle kullan\u0131l\u0131r. 2,5 cm y\u00fcksekli\u011findeki yap\u0131s\u0131 ile sa\u011flam bir zemin sunar. Paket i\u00e7eri\u011fi 10 metredir ve her metre i\u00e7in ortalama 43 adet \u0131zgara par\u00e7as\u0131 bulunur. Uzun \u00f6m\u00fcrl\u00fc kullan\u0131m, kolay montaj ve \u015f\u0131k tasar\u0131m\u0131yla havuz kenarlar\u0131n\u0131z i\u00e7in ideal \u00e7\u00f6z\u00fcmd\u00fcr.<\/p>\n","protected":false},"excerpt":{"rendered":"<p>25 cm geni\u015fli\u011finde y\u0131ld\u0131z desenli PVC havuz \u0131zgaras\u0131, T kesitli \u00e7ift ge\u00e7meli yap\u0131, 10 metrelik paket.<\/p>\n","protected":false},"featured_media":2246,"comment_status":"open","ping_status":"closed","template":"","meta":{"site-sidebar-layout":"default","site-content-layout":"","ast-site-content-layout":"default","site-content-style":"default","site-sidebar-style":"default","ast-global-header-display":"","ast-banner-title-visibility":"","ast-main-header-display":"","ast-hfb-above-header-display":"","ast-hfb-below-header-display":"","ast-hfb-mobile-header-display":"","site-post-title":"","ast-breadcrumbs-content":"","ast-featured-img":"","footer-sml-layout":"","theme-transparent-header-meta":"default","adv-header-id-meta":"","stick-header-meta":"","header-above-stick-meta":"","header-main-stick-meta":"","header-below-stick-meta":"","astra-migrate-meta-layouts":"set","ast-page-background-enabled":"default","ast-page-background-meta":{"desktop":{"background-color":"var(--ast-global-color-5)","background-image":"","background-repeat":"repeat","background-position":"center center","background-size":"auto","background-attachment":"scroll","background-type":"","background-media":"","overlay-type":"","overlay-color":"","overlay-opacity":"","overlay-gradient":""},"tablet":{"background-color":"","background-image":"","background-repeat":"repeat","background-position":"center center","background-size":"auto","background-attachment":"scroll","background-type":"","background-media":"","overlay-type":"","overlay-color":"","overlay-opacity":"","overlay-gradient":""},"mobile":{"background-color":"","background-image":"","background-repeat":"repeat","background-position":"center center","background-size":"auto","background-attachment":"scroll","background-type":"","background-media":"","overlay-type":"","overlay-color":"","overlay-opacity":"","overlay-gradient":""}},"ast-content-background-meta":{"desktop":{"background-color":"var(--ast-global-color-4)","background-image":"","background-repeat":"repeat","background-position":"center center","background-size":"auto","background-attachment":"scroll","background-type":"","background-media":"","overlay-type":"","overlay-color":"","overlay-opacity":"","overlay-gradient":""},"tablet":{"background-color":"var(--ast-global-color-4)","background-image":"","background-repeat":"repeat","background-position":"center center","background-size":"auto","background-attachment":"scroll","background-type":"","background-media":"","overlay-type":"","overlay-color":"","overlay-opacity":"","overlay-gradient":""},"mobile":{"background-color":"var(--ast-global-color-4)","background-image":"","background-repeat":"repeat","background-position":"center center","background-size":"auto","background-attachment":"scroll","background-type":"","background-media":"","overlay-type":"","overlay-color":"","overlay-opacity":"","overlay-gradient":""}}},"product_brand":[3201],"product_cat":[699],"product_tag":[3235,630,311,612,617,3268,3210,3248,619,3267],"class_list":{"0":"post-2245","1":"product","2":"type-product","3":"status-publish","4":"has-post-thumbnail","6":"product_brand-er","7":"product_cat-havuz-vana-boru-fittings","8":"product_tag-25-cm-havuz-izgarasi","9":"product_tag-cift-gecme-izgara","10":"product_tag-havuz-ekipmani","11":"product_tag-havuz-izgarasi","12":"product_tag-havuz-kenari-izgarasi","13":"product_tag-kaymaz-havuz-izgarasi","14":"product_tag-pvc-havuz-izgarasi","15":"product_tag-t-kesitli-izgara","16":"product_tag-tasma-kanali-izgarasi","17":"product_tag-yildiz-desenli-izgara","18":"desktop-align-left","19":"tablet-align-left","20":"mobile-align-left","22":"first","23":"outofstock","24":"shipping-taxable","25":"purchasable","26":"product-type-variable"},"yoast_head":"<!-- This site is optimized with the Yoast SEO plugin v25.0 - https:\/\/yoast.com\/wordpress\/plugins\/seo\/ -->\n<title>Y\u0131ld\u0131z Desen \u00c7ift Ge\u00e7me T Kesitli Havuz Izgaras\u0131 -<\/title>\n<meta name=\"robots\" content=\"index, follow, max-snippet:-1, max-image-preview:large, max-video-preview:-1\" \/>\n<link rel=\"canonical\" href=\"https:\/\/www.havuzadairhersey.com\/index.php\/urun\/yildiz-desen-cift-gecme-t-kesitli-havuz-izgarasi\/\" \/>\n<meta property=\"og:locale\" content=\"tr_TR\" \/>\n<meta property=\"og:type\" content=\"article\" \/>\n<meta property=\"og:title\" content=\"Y\u0131ld\u0131z Desen \u00c7ift Ge\u00e7me T Kesitli Havuz Izgaras\u0131 -\" \/>\n<meta property=\"og:description\" content=\"25 cm geni\u015fli\u011finde y\u0131ld\u0131z desenli PVC havuz \u0131zgaras\u0131, T kesitli \u00e7ift ge\u00e7meli yap\u0131, 10 metrelik paket.\" \/>\n<meta property=\"og:url\" content=\"https:\/\/www.havuzadairhersey.com\/index.php\/urun\/yildiz-desen-cift-gecme-t-kesitli-havuz-izgarasi\/\" \/>\n<meta property=\"article:modified_time\" content=\"2025-05-30T19:50:30+00:00\" \/>\n<meta property=\"og:image\" content=\"https:\/\/www.havuzadairhersey.com\/wp-content\/uploads\/2025\/04\/1-258.png\" \/>\n\t<meta property=\"og:image:width\" content=\"1875\" \/>\n\t<meta property=\"og:image:height\" content=\"2000\" \/>\n\t<meta property=\"og:image:type\" content=\"image\/png\" \/>\n<meta name=\"twitter:card\" content=\"summary_large_image\" \/>\n<meta name=\"twitter:label1\" content=\"Tahmini okuma s\u00fcresi\" \/>\n\t<meta name=\"twitter:data1\" content=\"1 dakika\" \/>\n<script type=\"application\/ld+json\" class=\"yoast-schema-graph\">{\"@context\":\"https:\/\/schema.org\",\"@graph\":[{\"@type\":\"WebPage\",\"@id\":\"https:\/\/www.havuzadairhersey.com\/index.php\/urun\/yildiz-desen-cift-gecme-t-kesitli-havuz-izgarasi\/\",\"url\":\"https:\/\/www.havuzadairhersey.com\/index.php\/urun\/yildiz-desen-cift-gecme-t-kesitli-havuz-izgarasi\/\",\"name\":\"Y\u0131ld\u0131z Desen \u00c7ift Ge\u00e7me T Kesitli Havuz Izgaras\u0131 -\",\"isPartOf\":{\"@id\":\"https:\/\/www.havuzadairhersey.com\/#website\"},\"primaryImageOfPage\":{\"@id\":\"https:\/\/www.havuzadairhersey.com\/index.php\/urun\/yildiz-desen-cift-gecme-t-kesitli-havuz-izgarasi\/#primaryimage\"},\"image\":{\"@id\":\"https:\/\/www.havuzadairhersey.com\/index.php\/urun\/yildiz-desen-cift-gecme-t-kesitli-havuz-izgarasi\/#primaryimage\"},\"thumbnailUrl\":\"https:\/\/www.havuzadairhersey.com\/wp-content\/uploads\/2025\/04\/1-258.png\",\"datePublished\":\"2025-04-20T20:54:13+00:00\",\"dateModified\":\"2025-05-30T19:50:30+00:00\",\"breadcrumb\":{\"@id\":\"https:\/\/www.havuzadairhersey.com\/index.php\/urun\/yildiz-desen-cift-gecme-t-kesitli-havuz-izgarasi\/#breadcrumb\"},\"inLanguage\":\"tr\",\"potentialAction\":[{\"@type\":\"ReadAction\",\"target\":[\"https:\/\/www.havuzadairhersey.com\/index.php\/urun\/yildiz-desen-cift-gecme-t-kesitli-havuz-izgarasi\/\"]}]},{\"@type\":\"ImageObject\",\"inLanguage\":\"tr\",\"@id\":\"https:\/\/www.havuzadairhersey.com\/index.php\/urun\/yildiz-desen-cift-gecme-t-kesitli-havuz-izgarasi\/#primaryimage\",\"url\":\"https:\/\/www.havuzadairhersey.com\/wp-content\/uploads\/2025\/04\/1-258.png\",\"contentUrl\":\"https:\/\/www.havuzadairhersey.com\/wp-content\/uploads\/2025\/04\/1-258.png\",\"width\":1875,\"height\":2000,\"caption\":\"Tasar\u0131m\u0131yla \u015f\u0131kl\u0131\u011f\u0131 ve kaymaz y\u00fczeyiyle g\u00fcvenli\u011fi bir araya getiren 25 cm havuz \u0131zgaras\u0131\"},{\"@type\":\"BreadcrumbList\",\"@id\":\"https:\/\/www.havuzadairhersey.com\/index.php\/urun\/yildiz-desen-cift-gecme-t-kesitli-havuz-izgarasi\/#breadcrumb\",\"itemListElement\":[{\"@type\":\"ListItem\",\"position\":1,\"name\":\"Anasayfa\",\"item\":\"https:\/\/www.havuzadairhersey.com\/\"},{\"@type\":\"ListItem\",\"position\":2,\"name\":\"Ma\u011faza\",\"item\":\"https:\/\/www.havuzadairhersey.com\/\"},{\"@type\":\"ListItem\",\"position\":3,\"name\":\"Y\u0131ld\u0131z Desen \u00c7ift Ge\u00e7me T Kesitli Havuz Izgaras\u0131\"}]},{\"@type\":\"WebSite\",\"@id\":\"https:\/\/www.havuzadairhersey.com\/#website\",\"url\":\"https:\/\/www.havuzadairhersey.com\/\",\"name\":\"\",\"description\":\"Havuza dair arad\u0131\u011f\u0131n\u0131z her\u015fey burada...\",\"potentialAction\":[{\"@type\":\"SearchAction\",\"target\":{\"@type\":\"EntryPoint\",\"urlTemplate\":\"https:\/\/www.havuzadairhersey.com\/?s={search_term_string}\"},\"query-input\":{\"@type\":\"PropertyValueSpecification\",\"valueRequired\":true,\"valueName\":\"search_term_string\"}}],\"inLanguage\":\"tr\"}]}<\/script>\n<!-- \/ Yoast SEO plugin. -->","yoast_head_json":{"title":"Y\u0131ld\u0131z Desen \u00c7ift Ge\u00e7me T Kesitli Havuz Izgaras\u0131 -","robots":{"index":"index","follow":"follow","max-snippet":"max-snippet:-1","max-image-preview":"max-image-preview:large","max-video-preview":"max-video-preview:-1"},"canonical":"https:\/\/www.havuzadairhersey.com\/index.php\/urun\/yildiz-desen-cift-gecme-t-kesitli-havuz-izgarasi\/","og_locale":"tr_TR","og_type":"article","og_title":"Y\u0131ld\u0131z Desen \u00c7ift Ge\u00e7me T Kesitli Havuz Izgaras\u0131 -","og_description":"25 cm geni\u015fli\u011finde y\u0131ld\u0131z desenli PVC havuz \u0131zgaras\u0131, T kesitli \u00e7ift ge\u00e7meli yap\u0131, 10 metrelik paket.","og_url":"https:\/\/www.havuzadairhersey.com\/index.php\/urun\/yildiz-desen-cift-gecme-t-kesitli-havuz-izgarasi\/","article_modified_time":"2025-05-30T19:50:30+00:00","og_image":[{"width":1875,"height":2000,"url":"https:\/\/www.havuzadairhersey.com\/wp-content\/uploads\/2025\/04\/1-258.png","type":"image\/png"}],"twitter_card":"summary_large_image","twitter_misc":{"Tahmini okuma s\u00fcresi":"1 dakika"},"schema":{"@context":"https:\/\/schema.org","@graph":[{"@type":"WebPage","@id":"https:\/\/www.havuzadairhersey.com\/index.php\/urun\/yildiz-desen-cift-gecme-t-kesitli-havuz-izgarasi\/","url":"https:\/\/www.havuzadairhersey.com\/index.php\/urun\/yildiz-desen-cift-gecme-t-kesitli-havuz-izgarasi\/","name":"Y\u0131ld\u0131z Desen \u00c7ift Ge\u00e7me T Kesitli Havuz Izgaras\u0131 -","isPartOf":{"@id":"https:\/\/www.havuzadairhersey.com\/#website"},"primaryImageOfPage":{"@id":"https:\/\/www.havuzadairhersey.com\/index.php\/urun\/yildiz-desen-cift-gecme-t-kesitli-havuz-izgarasi\/#primaryimage"},"image":{"@id":"https:\/\/www.havuzadairhersey.com\/index.php\/urun\/yildiz-desen-cift-gecme-t-kesitli-havuz-izgarasi\/#primaryimage"},"thumbnailUrl":"https:\/\/www.havuzadairhersey.com\/wp-content\/uploads\/2025\/04\/1-258.png","datePublished":"2025-04-20T20:54:13+00:00","dateModified":"2025-05-30T19:50:30+00:00","breadcrumb":{"@id":"https:\/\/www.havuzadairhersey.com\/index.php\/urun\/yildiz-desen-cift-gecme-t-kesitli-havuz-izgarasi\/#breadcrumb"},"inLanguage":"tr","potentialAction":[{"@type":"ReadAction","target":["https:\/\/www.havuzadairhersey.com\/index.php\/urun\/yildiz-desen-cift-gecme-t-kesitli-havuz-izgarasi\/"]}]},{"@type":"ImageObject","inLanguage":"tr","@id":"https:\/\/www.havuzadairhersey.com\/index.php\/urun\/yildiz-desen-cift-gecme-t-kesitli-havuz-izgarasi\/#primaryimage","url":"https:\/\/www.havuzadairhersey.com\/wp-content\/uploads\/2025\/04\/1-258.png","contentUrl":"https:\/\/www.havuzadairhersey.com\/wp-content\/uploads\/2025\/04\/1-258.png","width":1875,"height":2000,"caption":"Tasar\u0131m\u0131yla \u015f\u0131kl\u0131\u011f\u0131 ve kaymaz y\u00fczeyiyle g\u00fcvenli\u011fi bir araya getiren 25 cm havuz \u0131zgaras\u0131"},{"@type":"BreadcrumbList","@id":"https:\/\/www.havuzadairhersey.com\/index.php\/urun\/yildiz-desen-cift-gecme-t-kesitli-havuz-izgarasi\/#breadcrumb","itemListElement":[{"@type":"ListItem","position":1,"name":"Anasayfa","item":"https:\/\/www.havuzadairhersey.com\/"},{"@type":"ListItem","position":2,"name":"Ma\u011faza","item":"https:\/\/www.havuzadairhersey.com\/"},{"@type":"ListItem","position":3,"name":"Y\u0131ld\u0131z Desen \u00c7ift Ge\u00e7me T Kesitli Havuz Izgaras\u0131"}]},{"@type":"WebSite","@id":"https:\/\/www.havuzadairhersey.com\/#website","url":"https:\/\/www.havuzadairhersey.com\/","name":"","description":"Havuza dair arad\u0131\u011f\u0131n\u0131z her\u015fey burada...","potentialAction":[{"@type":"SearchAction","target":{"@type":"EntryPoint","urlTemplate":"https:\/\/www.havuzadairhersey.com\/?s={search_term_string}"},"query-input":{"@type":"PropertyValueSpecification","valueRequired":true,"valueName":"search_term_string"}}],"inLanguage":"tr"}]}},"_links":{"self":[{"href":"https:\/\/www.havuzadairhersey.com\/index.php\/wp-json\/wp\/v2\/product\/2245","targetHints":{"allow":["GET"]}}],"collection":[{"href":"https:\/\/www.havuzadairhersey.com\/index.php\/wp-json\/wp\/v2\/product"}],"about":[{"href":"https:\/\/www.havuzadairhersey.com\/index.php\/wp-json\/wp\/v2\/types\/product"}],"replies":[{"embeddable":true,"href":"https:\/\/www.havuzadairhersey.com\/index.php\/wp-json\/wp\/v2\/comments?post=2245"}],"wp:featuredmedia":[{"embeddable":true,"href":"https:\/\/www.havuzadairhersey.com\/index.php\/wp-json\/wp\/v2\/media\/2246"}],"wp:attachment":[{"href":"https:\/\/www.havuzadairhersey.com\/index.php\/wp-json\/wp\/v2\/media?parent=2245"}],"wp:term":[{"taxonomy":"product_brand","embeddable":true,"href":"https:\/\/www.havuzadairhersey.com\/index.php\/wp-json\/wp\/v2\/product_brand?post=2245"},{"taxonomy":"product_cat","embeddable":true,"href":"https:\/\/www.havuzadairhersey.com\/index.php\/wp-json\/wp\/v2\/product_cat?post=2245"},{"taxonomy":"product_tag","embeddable":true,"href":"https:\/\/www.havuzadairhersey.com\/index.php\/wp-json\/wp\/v2\/product_tag?post=2245"}],"curies":[{"name":"wp","href":"https:\/\/api.w.org\/{rel}","templated":true}]}}