{"id":2267,"date":"2025-04-21T20:14:20","date_gmt":"2025-04-21T17:14:20","guid":{"rendered":"https:\/\/www.havuzadairhersey.com\/?post_type=product&#038;p=2267"},"modified":"2025-05-30T22:49:39","modified_gmt":"2025-05-30T19:49:39","slug":"blue-04-klasik-desen-tek-gecme-havuz-izgarasi","status":"publish","type":"product","link":"https:\/\/www.havuzadairhersey.com\/index.php\/urun\/blue-04-klasik-desen-tek-gecme-havuz-izgarasi\/","title":{"rendered":"Blue 04 Klasik Desen Tek Ge\u00e7me Havuz Izgaras\u0131"},"content":{"rendered":"<p>Blue 04 model klasik desenli havuz \u0131zgaras\u0131, 25 cm geni\u015fli\u011fe ve 3 cm y\u00fcksekli\u011fe sahiptir. Tek ge\u00e7meli yap\u0131s\u0131yla kolay montaj sa\u011flar. Dayan\u0131kl\u0131 PVC malzemeden \u00fcretilmi\u015f olup havuz \u00e7evresinde g\u00fcvenli ve estetik bir g\u00f6r\u00fcn\u00fcm sunar. Her pakette 10 metre \u00fcr\u00fcn bulunur. Su tahliyesini optimize eden yap\u0131s\u0131 sayesinde hem pratik hem uzun \u00f6m\u00fcrl\u00fc kullan\u0131m sa\u011flar. Geni\u015f y\u00fczey alan\u0131 ve kaymaz desenli tasar\u0131m\u0131yla havuz kenarlar\u0131 i\u00e7in ideal \u00e7\u00f6z\u00fcmd\u00fcr.<\/p>\n","protected":false},"excerpt":{"rendered":"<p>25 cm geni\u015fli\u011finde, klasik desenli, PVC malzemeli tek ge\u00e7me havuz \u0131zgaras\u0131. 10 metrelik paketler halinde sunulur.<\/p>\n","protected":false},"featured_media":2268,"comment_status":"open","ping_status":"closed","template":"","meta":{"site-sidebar-layout":"default","site-content-layout":"","ast-site-content-layout":"default","site-content-style":"default","site-sidebar-style":"default","ast-global-header-display":"","ast-banner-title-visibility":"","ast-main-header-display":"","ast-hfb-above-header-display":"","ast-hfb-below-header-display":"","ast-hfb-mobile-header-display":"","site-post-title":"","ast-breadcrumbs-content":"","ast-featured-img":"","footer-sml-layout":"","theme-transparent-header-meta":"default","adv-header-id-meta":"","stick-header-meta":"","header-above-stick-meta":"","header-main-stick-meta":"","header-below-stick-meta":"","astra-migrate-meta-layouts":"set","ast-page-background-enabled":"default","ast-page-background-meta":{"desktop":{"background-color":"var(--ast-global-color-5)","background-image":"","background-repeat":"repeat","background-position":"center center","background-size":"auto","background-attachment":"scroll","background-type":"","background-media":"","overlay-type":"","overlay-color":"","overlay-opacity":"","overlay-gradient":""},"tablet":{"background-color":"","background-image":"","background-repeat":"repeat","background-position":"center center","background-size":"auto","background-attachment":"scroll","background-type":"","background-media":"","overlay-type":"","overlay-color":"","overlay-opacity":"","overlay-gradient":""},"mobile":{"background-color":"","background-image":"","background-repeat":"repeat","background-position":"center center","background-size":"auto","background-attachment":"scroll","background-type":"","background-media":"","overlay-type":"","overlay-color":"","overlay-opacity":"","overlay-gradient":""}},"ast-content-background-meta":{"desktop":{"background-color":"var(--ast-global-color-4)","background-image":"","background-repeat":"repeat","background-position":"center center","background-size":"auto","background-attachment":"scroll","background-type":"","background-media":"","overlay-type":"","overlay-color":"","overlay-opacity":"","overlay-gradient":""},"tablet":{"background-color":"var(--ast-global-color-4)","background-image":"","background-repeat":"repeat","background-position":"center center","background-size":"auto","background-attachment":"scroll","background-type":"","background-media":"","overlay-type":"","overlay-color":"","overlay-opacity":"","overlay-gradient":""},"mobile":{"background-color":"var(--ast-global-color-4)","background-image":"","background-repeat":"repeat","background-position":"center center","background-size":"auto","background-attachment":"scroll","background-type":"","background-media":"","overlay-type":"","overlay-color":"","overlay-opacity":"","overlay-gradient":""}}},"product_brand":[3201],"product_cat":[663],"product_tag":[3300,3235,3299,3301,612,665,3268,3219,3298,3210,623,642,499],"class_list":{"0":"post-2267","1":"product","2":"type-product","3":"status-publish","4":"has-post-thumbnail","6":"product_brand-er","7":"product_cat-havuz-kenarliklari","8":"product_tag-10-metrelik-havuz-izgarasi","9":"product_tag-25-cm-havuz-izgarasi","10":"product_tag-blue-04-havuz-izgarasi","11":"product_tag-dayanikli-pvc-izgara","12":"product_tag-havuz-izgarasi","13":"product_tag-havuz-kenar-izgarasi","14":"product_tag-kaymaz-havuz-izgarasi","15":"product_tag-klasik-desen-izgara","16":"product_tag-mavi-havuz-izgarasi","17":"product_tag-pvc-havuz-izgarasi","18":"product_tag-su-tahliye-izgarasi","19":"product_tag-tek-gecme-izgara","20":"product_tag-yuzme-havuzu-ekipmani","21":"desktop-align-left","22":"tablet-align-left","23":"mobile-align-left","25":"first","26":"outofstock","27":"shipping-taxable","28":"purchasable","29":"product-type-variable"},"yoast_head":"<!-- This site is optimized with the Yoast SEO plugin v25.0 - https:\/\/yoast.com\/wordpress\/plugins\/seo\/ -->\n<title>Blue 04 Klasik Desen Tek Ge\u00e7me Havuz Izgaras\u0131 -<\/title>\n<meta name=\"robots\" content=\"index, follow, max-snippet:-1, max-image-preview:large, max-video-preview:-1\" \/>\n<link rel=\"canonical\" href=\"https:\/\/www.havuzadairhersey.com\/index.php\/urun\/blue-04-klasik-desen-tek-gecme-havuz-izgarasi\/\" \/>\n<meta property=\"og:locale\" content=\"tr_TR\" \/>\n<meta property=\"og:type\" content=\"article\" \/>\n<meta property=\"og:title\" content=\"Blue 04 Klasik Desen Tek Ge\u00e7me Havuz Izgaras\u0131 -\" \/>\n<meta property=\"og:description\" content=\"25 cm geni\u015fli\u011finde, klasik desenli, PVC malzemeli tek ge\u00e7me havuz \u0131zgaras\u0131. 10 metrelik paketler halinde sunulur.\" \/>\n<meta property=\"og:url\" content=\"https:\/\/www.havuzadairhersey.com\/index.php\/urun\/blue-04-klasik-desen-tek-gecme-havuz-izgarasi\/\" \/>\n<meta property=\"article:modified_time\" content=\"2025-05-30T19:49:39+00:00\" \/>\n<meta property=\"og:image\" content=\"https:\/\/www.havuzadairhersey.com\/wp-content\/uploads\/2025\/04\/1-263.png\" \/>\n\t<meta property=\"og:image:width\" content=\"1875\" \/>\n\t<meta property=\"og:image:height\" content=\"2000\" \/>\n\t<meta property=\"og:image:type\" content=\"image\/png\" \/>\n<meta name=\"twitter:card\" content=\"summary_large_image\" \/>\n<script type=\"application\/ld+json\" class=\"yoast-schema-graph\">{\"@context\":\"https:\/\/schema.org\",\"@graph\":[{\"@type\":\"WebPage\",\"@id\":\"https:\/\/www.havuzadairhersey.com\/index.php\/urun\/blue-04-klasik-desen-tek-gecme-havuz-izgarasi\/\",\"url\":\"https:\/\/www.havuzadairhersey.com\/index.php\/urun\/blue-04-klasik-desen-tek-gecme-havuz-izgarasi\/\",\"name\":\"Blue 04 Klasik Desen Tek Ge\u00e7me Havuz Izgaras\u0131 -\",\"isPartOf\":{\"@id\":\"https:\/\/www.havuzadairhersey.com\/#website\"},\"primaryImageOfPage\":{\"@id\":\"https:\/\/www.havuzadairhersey.com\/index.php\/urun\/blue-04-klasik-desen-tek-gecme-havuz-izgarasi\/#primaryimage\"},\"image\":{\"@id\":\"https:\/\/www.havuzadairhersey.com\/index.php\/urun\/blue-04-klasik-desen-tek-gecme-havuz-izgarasi\/#primaryimage\"},\"thumbnailUrl\":\"https:\/\/www.havuzadairhersey.com\/wp-content\/uploads\/2025\/04\/1-263.png\",\"datePublished\":\"2025-04-21T17:14:20+00:00\",\"dateModified\":\"2025-05-30T19:49:39+00:00\",\"breadcrumb\":{\"@id\":\"https:\/\/www.havuzadairhersey.com\/index.php\/urun\/blue-04-klasik-desen-tek-gecme-havuz-izgarasi\/#breadcrumb\"},\"inLanguage\":\"tr\",\"potentialAction\":[{\"@type\":\"ReadAction\",\"target\":[\"https:\/\/www.havuzadairhersey.com\/index.php\/urun\/blue-04-klasik-desen-tek-gecme-havuz-izgarasi\/\"]}]},{\"@type\":\"ImageObject\",\"inLanguage\":\"tr\",\"@id\":\"https:\/\/www.havuzadairhersey.com\/index.php\/urun\/blue-04-klasik-desen-tek-gecme-havuz-izgarasi\/#primaryimage\",\"url\":\"https:\/\/www.havuzadairhersey.com\/wp-content\/uploads\/2025\/04\/1-263.png\",\"contentUrl\":\"https:\/\/www.havuzadairhersey.com\/wp-content\/uploads\/2025\/04\/1-263.png\",\"width\":1875,\"height\":2000,\"caption\":\"Blue 04 tek ge\u00e7meli, PVC klasik desenli havuz kenar \u0131zgaras\u0131 \u2013 25 cm geni\u015flik\"},{\"@type\":\"BreadcrumbList\",\"@id\":\"https:\/\/www.havuzadairhersey.com\/index.php\/urun\/blue-04-klasik-desen-tek-gecme-havuz-izgarasi\/#breadcrumb\",\"itemListElement\":[{\"@type\":\"ListItem\",\"position\":1,\"name\":\"Anasayfa\",\"item\":\"https:\/\/www.havuzadairhersey.com\/\"},{\"@type\":\"ListItem\",\"position\":2,\"name\":\"Ma\u011faza\",\"item\":\"https:\/\/www.havuzadairhersey.com\/\"},{\"@type\":\"ListItem\",\"position\":3,\"name\":\"Blue 04 Klasik Desen Tek Ge\u00e7me Havuz Izgaras\u0131\"}]},{\"@type\":\"WebSite\",\"@id\":\"https:\/\/www.havuzadairhersey.com\/#website\",\"url\":\"https:\/\/www.havuzadairhersey.com\/\",\"name\":\"\",\"description\":\"Havuza dair arad\u0131\u011f\u0131n\u0131z her\u015fey burada...\",\"potentialAction\":[{\"@type\":\"SearchAction\",\"target\":{\"@type\":\"EntryPoint\",\"urlTemplate\":\"https:\/\/www.havuzadairhersey.com\/?s={search_term_string}\"},\"query-input\":{\"@type\":\"PropertyValueSpecification\",\"valueRequired\":true,\"valueName\":\"search_term_string\"}}],\"inLanguage\":\"tr\"}]}<\/script>\n<!-- \/ Yoast SEO plugin. -->","yoast_head_json":{"title":"Blue 04 Klasik Desen Tek Ge\u00e7me Havuz Izgaras\u0131 -","robots":{"index":"index","follow":"follow","max-snippet":"max-snippet:-1","max-image-preview":"max-image-preview:large","max-video-preview":"max-video-preview:-1"},"canonical":"https:\/\/www.havuzadairhersey.com\/index.php\/urun\/blue-04-klasik-desen-tek-gecme-havuz-izgarasi\/","og_locale":"tr_TR","og_type":"article","og_title":"Blue 04 Klasik Desen Tek Ge\u00e7me Havuz Izgaras\u0131 -","og_description":"25 cm geni\u015fli\u011finde, klasik desenli, PVC malzemeli tek ge\u00e7me havuz \u0131zgaras\u0131. 10 metrelik paketler halinde sunulur.","og_url":"https:\/\/www.havuzadairhersey.com\/index.php\/urun\/blue-04-klasik-desen-tek-gecme-havuz-izgarasi\/","article_modified_time":"2025-05-30T19:49:39+00:00","og_image":[{"width":1875,"height":2000,"url":"https:\/\/www.havuzadairhersey.com\/wp-content\/uploads\/2025\/04\/1-263.png","type":"image\/png"}],"twitter_card":"summary_large_image","schema":{"@context":"https:\/\/schema.org","@graph":[{"@type":"WebPage","@id":"https:\/\/www.havuzadairhersey.com\/index.php\/urun\/blue-04-klasik-desen-tek-gecme-havuz-izgarasi\/","url":"https:\/\/www.havuzadairhersey.com\/index.php\/urun\/blue-04-klasik-desen-tek-gecme-havuz-izgarasi\/","name":"Blue 04 Klasik Desen Tek Ge\u00e7me Havuz Izgaras\u0131 -","isPartOf":{"@id":"https:\/\/www.havuzadairhersey.com\/#website"},"primaryImageOfPage":{"@id":"https:\/\/www.havuzadairhersey.com\/index.php\/urun\/blue-04-klasik-desen-tek-gecme-havuz-izgarasi\/#primaryimage"},"image":{"@id":"https:\/\/www.havuzadairhersey.com\/index.php\/urun\/blue-04-klasik-desen-tek-gecme-havuz-izgarasi\/#primaryimage"},"thumbnailUrl":"https:\/\/www.havuzadairhersey.com\/wp-content\/uploads\/2025\/04\/1-263.png","datePublished":"2025-04-21T17:14:20+00:00","dateModified":"2025-05-30T19:49:39+00:00","breadcrumb":{"@id":"https:\/\/www.havuzadairhersey.com\/index.php\/urun\/blue-04-klasik-desen-tek-gecme-havuz-izgarasi\/#breadcrumb"},"inLanguage":"tr","potentialAction":[{"@type":"ReadAction","target":["https:\/\/www.havuzadairhersey.com\/index.php\/urun\/blue-04-klasik-desen-tek-gecme-havuz-izgarasi\/"]}]},{"@type":"ImageObject","inLanguage":"tr","@id":"https:\/\/www.havuzadairhersey.com\/index.php\/urun\/blue-04-klasik-desen-tek-gecme-havuz-izgarasi\/#primaryimage","url":"https:\/\/www.havuzadairhersey.com\/wp-content\/uploads\/2025\/04\/1-263.png","contentUrl":"https:\/\/www.havuzadairhersey.com\/wp-content\/uploads\/2025\/04\/1-263.png","width":1875,"height":2000,"caption":"Blue 04 tek ge\u00e7meli, PVC klasik desenli havuz kenar \u0131zgaras\u0131 \u2013 25 cm geni\u015flik"},{"@type":"BreadcrumbList","@id":"https:\/\/www.havuzadairhersey.com\/index.php\/urun\/blue-04-klasik-desen-tek-gecme-havuz-izgarasi\/#breadcrumb","itemListElement":[{"@type":"ListItem","position":1,"name":"Anasayfa","item":"https:\/\/www.havuzadairhersey.com\/"},{"@type":"ListItem","position":2,"name":"Ma\u011faza","item":"https:\/\/www.havuzadairhersey.com\/"},{"@type":"ListItem","position":3,"name":"Blue 04 Klasik Desen Tek Ge\u00e7me Havuz Izgaras\u0131"}]},{"@type":"WebSite","@id":"https:\/\/www.havuzadairhersey.com\/#website","url":"https:\/\/www.havuzadairhersey.com\/","name":"","description":"Havuza dair arad\u0131\u011f\u0131n\u0131z her\u015fey burada...","potentialAction":[{"@type":"SearchAction","target":{"@type":"EntryPoint","urlTemplate":"https:\/\/www.havuzadairhersey.com\/?s={search_term_string}"},"query-input":{"@type":"PropertyValueSpecification","valueRequired":true,"valueName":"search_term_string"}}],"inLanguage":"tr"}]}},"_links":{"self":[{"href":"https:\/\/www.havuzadairhersey.com\/index.php\/wp-json\/wp\/v2\/product\/2267","targetHints":{"allow":["GET"]}}],"collection":[{"href":"https:\/\/www.havuzadairhersey.com\/index.php\/wp-json\/wp\/v2\/product"}],"about":[{"href":"https:\/\/www.havuzadairhersey.com\/index.php\/wp-json\/wp\/v2\/types\/product"}],"replies":[{"embeddable":true,"href":"https:\/\/www.havuzadairhersey.com\/index.php\/wp-json\/wp\/v2\/comments?post=2267"}],"wp:featuredmedia":[{"embeddable":true,"href":"https:\/\/www.havuzadairhersey.com\/index.php\/wp-json\/wp\/v2\/media\/2268"}],"wp:attachment":[{"href":"https:\/\/www.havuzadairhersey.com\/index.php\/wp-json\/wp\/v2\/media?parent=2267"}],"wp:term":[{"taxonomy":"product_brand","embeddable":true,"href":"https:\/\/www.havuzadairhersey.com\/index.php\/wp-json\/wp\/v2\/product_brand?post=2267"},{"taxonomy":"product_cat","embeddable":true,"href":"https:\/\/www.havuzadairhersey.com\/index.php\/wp-json\/wp\/v2\/product_cat?post=2267"},{"taxonomy":"product_tag","embeddable":true,"href":"https:\/\/www.havuzadairhersey.com\/index.php\/wp-json\/wp\/v2\/product_tag?post=2267"}],"curies":[{"name":"wp","href":"https:\/\/api.w.org\/{rel}","templated":true}]}}