{"id":2315,"date":"2025-04-21T23:08:18","date_gmt":"2025-04-21T20:08:18","guid":{"rendered":"https:\/\/www.havuzadairhersey.com\/?post_type=product&#038;p=2315"},"modified":"2025-05-30T22:46:07","modified_gmt":"2025-05-30T19:46:07","slug":"yildiz-desen-90-kose-parcasi","status":"publish","type":"product","link":"https:\/\/www.havuzadairhersey.com\/index.php\/urun\/yildiz-desen-90-kose-parcasi\/","title":{"rendered":"Y\u0131ld\u0131z Desen 90\u00b0 K\u00f6\u015fe Par\u00e7as\u0131"},"content":{"rendered":"<p>Y\u0131ld\u0131z desenli bu 90\u00b0 k\u00f6\u015fe par\u00e7as\u0131, 25 cm geni\u015fli\u011fi ve 2,5 cm y\u00fcksekli\u011fi ile havuz kenar \u0131zgaralar\u0131 i\u00e7in m\u00fckemmel bir tamamlama par\u00e7as\u0131d\u0131r. Dayan\u0131kl\u0131 yap\u0131s\u0131 sayesinde uzun \u00f6m\u00fcrl\u00fc kullan\u0131m sunar. Estetik y\u0131ld\u0131z desen y\u00fczeyi, hem i\u015flevsellik hem de \u015f\u0131kl\u0131k sa\u011flar. 20 adetlik paketler halinde sunulmaktad\u0131r ve her bir paketin a\u011f\u0131rl\u0131\u011f\u0131 11,938 kg&#8217;d\u0131r. 0,017 m\u00b3 hacmi ile kolay ta\u015f\u0131nabilir ve depolanabilir.<\/p>\n","protected":false},"excerpt":{"rendered":"<p>25 cm geni\u015fli\u011finde, 90\u00b0 y\u0131ld\u0131z desenli k\u00f6\u015fe par\u00e7as\u0131. Havuz kenar\u0131 \u0131zgaralar\u0131na uyumlu, sa\u011flam ve estetik tasar\u0131m.<\/p>\n","protected":false},"featured_media":2316,"comment_status":"open","ping_status":"closed","template":"","meta":{"site-sidebar-layout":"default","site-content-layout":"","ast-site-content-layout":"default","site-content-style":"default","site-sidebar-style":"default","ast-global-header-display":"","ast-banner-title-visibility":"","ast-main-header-display":"","ast-hfb-above-header-display":"","ast-hfb-below-header-display":"","ast-hfb-mobile-header-display":"","site-post-title":"","ast-breadcrumbs-content":"","ast-featured-img":"","footer-sml-layout":"","theme-transparent-header-meta":"default","adv-header-id-meta":"","stick-header-meta":"","header-above-stick-meta":"","header-main-stick-meta":"","header-below-stick-meta":"","astra-migrate-meta-layouts":"set","ast-page-background-enabled":"default","ast-page-background-meta":{"desktop":{"background-color":"var(--ast-global-color-5)","background-image":"","background-repeat":"repeat","background-position":"center center","background-size":"auto","background-attachment":"scroll","background-type":"","background-media":"","overlay-type":"","overlay-color":"","overlay-opacity":"","overlay-gradient":""},"tablet":{"background-color":"","background-image":"","background-repeat":"repeat","background-position":"center center","background-size":"auto","background-attachment":"scroll","background-type":"","background-media":"","overlay-type":"","overlay-color":"","overlay-opacity":"","overlay-gradient":""},"mobile":{"background-color":"","background-image":"","background-repeat":"repeat","background-position":"center center","background-size":"auto","background-attachment":"scroll","background-type":"","background-media":"","overlay-type":"","overlay-color":"","overlay-opacity":"","overlay-gradient":""}},"ast-content-background-meta":{"desktop":{"background-color":"var(--ast-global-color-4)","background-image":"","background-repeat":"repeat","background-position":"center center","background-size":"auto","background-attachment":"scroll","background-type":"","background-media":"","overlay-type":"","overlay-color":"","overlay-opacity":"","overlay-gradient":""},"tablet":{"background-color":"var(--ast-global-color-4)","background-image":"","background-repeat":"repeat","background-position":"center center","background-size":"auto","background-attachment":"scroll","background-type":"","background-media":"","overlay-type":"","overlay-color":"","overlay-opacity":"","overlay-gradient":""},"mobile":{"background-color":"var(--ast-global-color-4)","background-image":"","background-repeat":"repeat","background-position":"center center","background-size":"auto","background-attachment":"scroll","background-type":"","background-media":"","overlay-type":"","overlay-color":"","overlay-opacity":"","overlay-gradient":""}}},"product_brand":[3201],"product_cat":[663],"product_tag":[3378,3376,311,3374,3380,3381,3377,3350,3379,3375],"class_list":{"0":"post-2315","1":"product","2":"type-product","3":"status-publish","4":"has-post-thumbnail","6":"product_brand-er","7":"product_cat-havuz-kenarliklari","8":"product_tag-25-cm-izgara-kose","9":"product_tag-90-derece-izgara-kose","10":"product_tag-havuz-ekipmani","11":"product_tag-havuz-izgara-kose","12":"product_tag-havuz-kenar-parcalari","13":"product_tag-havuz-kenari-plastik","14":"product_tag-plastik-kose-parcasi","15":"product_tag-pvc-kose-izgara","16":"product_tag-yildiz-desen-kose","17":"product_tag-yildiz-desenli-kose","18":"desktop-align-left","19":"tablet-align-left","20":"mobile-align-left","22":"first","23":"outofstock","24":"shipping-taxable","25":"purchasable","26":"product-type-variable"},"yoast_head":"<!-- This site is optimized with the Yoast SEO plugin v25.0 - https:\/\/yoast.com\/wordpress\/plugins\/seo\/ -->\n<title>Y\u0131ld\u0131z Desen 90\u00b0 K\u00f6\u015fe Par\u00e7as\u0131 -<\/title>\n<meta name=\"robots\" content=\"index, follow, max-snippet:-1, max-image-preview:large, max-video-preview:-1\" \/>\n<link rel=\"canonical\" href=\"https:\/\/www.havuzadairhersey.com\/index.php\/urun\/yildiz-desen-90-kose-parcasi\/\" \/>\n<meta property=\"og:locale\" content=\"tr_TR\" \/>\n<meta property=\"og:type\" content=\"article\" \/>\n<meta property=\"og:title\" content=\"Y\u0131ld\u0131z Desen 90\u00b0 K\u00f6\u015fe Par\u00e7as\u0131 -\" \/>\n<meta property=\"og:description\" content=\"25 cm geni\u015fli\u011finde, 90\u00b0 y\u0131ld\u0131z desenli k\u00f6\u015fe par\u00e7as\u0131. Havuz kenar\u0131 \u0131zgaralar\u0131na uyumlu, sa\u011flam ve estetik tasar\u0131m.\" \/>\n<meta property=\"og:url\" content=\"https:\/\/www.havuzadairhersey.com\/index.php\/urun\/yildiz-desen-90-kose-parcasi\/\" \/>\n<meta property=\"article:modified_time\" content=\"2025-05-30T19:46:07+00:00\" \/>\n<meta property=\"og:image\" content=\"https:\/\/www.havuzadairhersey.com\/wp-content\/uploads\/2025\/04\/1-272.png\" \/>\n\t<meta property=\"og:image:width\" content=\"1875\" \/>\n\t<meta property=\"og:image:height\" content=\"2000\" \/>\n\t<meta property=\"og:image:type\" content=\"image\/png\" \/>\n<meta name=\"twitter:card\" content=\"summary_large_image\" \/>\n<script type=\"application\/ld+json\" class=\"yoast-schema-graph\">{\"@context\":\"https:\/\/schema.org\",\"@graph\":[{\"@type\":\"WebPage\",\"@id\":\"https:\/\/www.havuzadairhersey.com\/index.php\/urun\/yildiz-desen-90-kose-parcasi\/\",\"url\":\"https:\/\/www.havuzadairhersey.com\/index.php\/urun\/yildiz-desen-90-kose-parcasi\/\",\"name\":\"Y\u0131ld\u0131z Desen 90\u00b0 K\u00f6\u015fe Par\u00e7as\u0131 -\",\"isPartOf\":{\"@id\":\"https:\/\/www.havuzadairhersey.com\/#website\"},\"primaryImageOfPage\":{\"@id\":\"https:\/\/www.havuzadairhersey.com\/index.php\/urun\/yildiz-desen-90-kose-parcasi\/#primaryimage\"},\"image\":{\"@id\":\"https:\/\/www.havuzadairhersey.com\/index.php\/urun\/yildiz-desen-90-kose-parcasi\/#primaryimage\"},\"thumbnailUrl\":\"https:\/\/www.havuzadairhersey.com\/wp-content\/uploads\/2025\/04\/1-272.png\",\"datePublished\":\"2025-04-21T20:08:18+00:00\",\"dateModified\":\"2025-05-30T19:46:07+00:00\",\"breadcrumb\":{\"@id\":\"https:\/\/www.havuzadairhersey.com\/index.php\/urun\/yildiz-desen-90-kose-parcasi\/#breadcrumb\"},\"inLanguage\":\"tr\",\"potentialAction\":[{\"@type\":\"ReadAction\",\"target\":[\"https:\/\/www.havuzadairhersey.com\/index.php\/urun\/yildiz-desen-90-kose-parcasi\/\"]}]},{\"@type\":\"ImageObject\",\"inLanguage\":\"tr\",\"@id\":\"https:\/\/www.havuzadairhersey.com\/index.php\/urun\/yildiz-desen-90-kose-parcasi\/#primaryimage\",\"url\":\"https:\/\/www.havuzadairhersey.com\/wp-content\/uploads\/2025\/04\/1-272.png\",\"contentUrl\":\"https:\/\/www.havuzadairhersey.com\/wp-content\/uploads\/2025\/04\/1-272.png\",\"width\":1875,\"height\":2000,\"caption\":\"Estetik ve sa\u011flam y\u0131ld\u0131z desenli 90\u00b0 havuz kenar\u0131 k\u00f6\u015fe \u0131zgara\"},{\"@type\":\"BreadcrumbList\",\"@id\":\"https:\/\/www.havuzadairhersey.com\/index.php\/urun\/yildiz-desen-90-kose-parcasi\/#breadcrumb\",\"itemListElement\":[{\"@type\":\"ListItem\",\"position\":1,\"name\":\"Anasayfa\",\"item\":\"https:\/\/www.havuzadairhersey.com\/\"},{\"@type\":\"ListItem\",\"position\":2,\"name\":\"Ma\u011faza\",\"item\":\"https:\/\/www.havuzadairhersey.com\/\"},{\"@type\":\"ListItem\",\"position\":3,\"name\":\"Y\u0131ld\u0131z Desen 90\u00b0 K\u00f6\u015fe Par\u00e7as\u0131\"}]},{\"@type\":\"WebSite\",\"@id\":\"https:\/\/www.havuzadairhersey.com\/#website\",\"url\":\"https:\/\/www.havuzadairhersey.com\/\",\"name\":\"\",\"description\":\"Havuza dair arad\u0131\u011f\u0131n\u0131z her\u015fey burada...\",\"potentialAction\":[{\"@type\":\"SearchAction\",\"target\":{\"@type\":\"EntryPoint\",\"urlTemplate\":\"https:\/\/www.havuzadairhersey.com\/?s={search_term_string}\"},\"query-input\":{\"@type\":\"PropertyValueSpecification\",\"valueRequired\":true,\"valueName\":\"search_term_string\"}}],\"inLanguage\":\"tr\"}]}<\/script>\n<!-- \/ Yoast SEO plugin. -->","yoast_head_json":{"title":"Y\u0131ld\u0131z Desen 90\u00b0 K\u00f6\u015fe Par\u00e7as\u0131 -","robots":{"index":"index","follow":"follow","max-snippet":"max-snippet:-1","max-image-preview":"max-image-preview:large","max-video-preview":"max-video-preview:-1"},"canonical":"https:\/\/www.havuzadairhersey.com\/index.php\/urun\/yildiz-desen-90-kose-parcasi\/","og_locale":"tr_TR","og_type":"article","og_title":"Y\u0131ld\u0131z Desen 90\u00b0 K\u00f6\u015fe Par\u00e7as\u0131 -","og_description":"25 cm geni\u015fli\u011finde, 90\u00b0 y\u0131ld\u0131z desenli k\u00f6\u015fe par\u00e7as\u0131. Havuz kenar\u0131 \u0131zgaralar\u0131na uyumlu, sa\u011flam ve estetik tasar\u0131m.","og_url":"https:\/\/www.havuzadairhersey.com\/index.php\/urun\/yildiz-desen-90-kose-parcasi\/","article_modified_time":"2025-05-30T19:46:07+00:00","og_image":[{"width":1875,"height":2000,"url":"https:\/\/www.havuzadairhersey.com\/wp-content\/uploads\/2025\/04\/1-272.png","type":"image\/png"}],"twitter_card":"summary_large_image","schema":{"@context":"https:\/\/schema.org","@graph":[{"@type":"WebPage","@id":"https:\/\/www.havuzadairhersey.com\/index.php\/urun\/yildiz-desen-90-kose-parcasi\/","url":"https:\/\/www.havuzadairhersey.com\/index.php\/urun\/yildiz-desen-90-kose-parcasi\/","name":"Y\u0131ld\u0131z Desen 90\u00b0 K\u00f6\u015fe Par\u00e7as\u0131 -","isPartOf":{"@id":"https:\/\/www.havuzadairhersey.com\/#website"},"primaryImageOfPage":{"@id":"https:\/\/www.havuzadairhersey.com\/index.php\/urun\/yildiz-desen-90-kose-parcasi\/#primaryimage"},"image":{"@id":"https:\/\/www.havuzadairhersey.com\/index.php\/urun\/yildiz-desen-90-kose-parcasi\/#primaryimage"},"thumbnailUrl":"https:\/\/www.havuzadairhersey.com\/wp-content\/uploads\/2025\/04\/1-272.png","datePublished":"2025-04-21T20:08:18+00:00","dateModified":"2025-05-30T19:46:07+00:00","breadcrumb":{"@id":"https:\/\/www.havuzadairhersey.com\/index.php\/urun\/yildiz-desen-90-kose-parcasi\/#breadcrumb"},"inLanguage":"tr","potentialAction":[{"@type":"ReadAction","target":["https:\/\/www.havuzadairhersey.com\/index.php\/urun\/yildiz-desen-90-kose-parcasi\/"]}]},{"@type":"ImageObject","inLanguage":"tr","@id":"https:\/\/www.havuzadairhersey.com\/index.php\/urun\/yildiz-desen-90-kose-parcasi\/#primaryimage","url":"https:\/\/www.havuzadairhersey.com\/wp-content\/uploads\/2025\/04\/1-272.png","contentUrl":"https:\/\/www.havuzadairhersey.com\/wp-content\/uploads\/2025\/04\/1-272.png","width":1875,"height":2000,"caption":"Estetik ve sa\u011flam y\u0131ld\u0131z desenli 90\u00b0 havuz kenar\u0131 k\u00f6\u015fe \u0131zgara"},{"@type":"BreadcrumbList","@id":"https:\/\/www.havuzadairhersey.com\/index.php\/urun\/yildiz-desen-90-kose-parcasi\/#breadcrumb","itemListElement":[{"@type":"ListItem","position":1,"name":"Anasayfa","item":"https:\/\/www.havuzadairhersey.com\/"},{"@type":"ListItem","position":2,"name":"Ma\u011faza","item":"https:\/\/www.havuzadairhersey.com\/"},{"@type":"ListItem","position":3,"name":"Y\u0131ld\u0131z Desen 90\u00b0 K\u00f6\u015fe Par\u00e7as\u0131"}]},{"@type":"WebSite","@id":"https:\/\/www.havuzadairhersey.com\/#website","url":"https:\/\/www.havuzadairhersey.com\/","name":"","description":"Havuza dair arad\u0131\u011f\u0131n\u0131z her\u015fey burada...","potentialAction":[{"@type":"SearchAction","target":{"@type":"EntryPoint","urlTemplate":"https:\/\/www.havuzadairhersey.com\/?s={search_term_string}"},"query-input":{"@type":"PropertyValueSpecification","valueRequired":true,"valueName":"search_term_string"}}],"inLanguage":"tr"}]}},"_links":{"self":[{"href":"https:\/\/www.havuzadairhersey.com\/index.php\/wp-json\/wp\/v2\/product\/2315","targetHints":{"allow":["GET"]}}],"collection":[{"href":"https:\/\/www.havuzadairhersey.com\/index.php\/wp-json\/wp\/v2\/product"}],"about":[{"href":"https:\/\/www.havuzadairhersey.com\/index.php\/wp-json\/wp\/v2\/types\/product"}],"replies":[{"embeddable":true,"href":"https:\/\/www.havuzadairhersey.com\/index.php\/wp-json\/wp\/v2\/comments?post=2315"}],"wp:featuredmedia":[{"embeddable":true,"href":"https:\/\/www.havuzadairhersey.com\/index.php\/wp-json\/wp\/v2\/media\/2316"}],"wp:attachment":[{"href":"https:\/\/www.havuzadairhersey.com\/index.php\/wp-json\/wp\/v2\/media?parent=2315"}],"wp:term":[{"taxonomy":"product_brand","embeddable":true,"href":"https:\/\/www.havuzadairhersey.com\/index.php\/wp-json\/wp\/v2\/product_brand?post=2315"},{"taxonomy":"product_cat","embeddable":true,"href":"https:\/\/www.havuzadairhersey.com\/index.php\/wp-json\/wp\/v2\/product_cat?post=2315"},{"taxonomy":"product_tag","embeddable":true,"href":"https:\/\/www.havuzadairhersey.com\/index.php\/wp-json\/wp\/v2\/product_tag?post=2315"}],"curies":[{"name":"wp","href":"https:\/\/api.w.org\/{rel}","templated":true}]}}