{"id":2365,"date":"2025-04-22T00:11:22","date_gmt":"2025-04-21T21:11:22","guid":{"rendered":"https:\/\/www.havuzadairhersey.com\/?post_type=product&#038;p=2365"},"modified":"2025-05-30T22:38:17","modified_gmt":"2025-05-30T19:38:17","slug":"tabandan-besleme-nozulu-debi-ayarli-o63-mm-dis-cap-o50-mm-ic-cap-havuz-alt-besleme-aparati","status":"publish","type":"product","link":"https:\/\/www.havuzadairhersey.com\/index.php\/urun\/tabandan-besleme-nozulu-debi-ayarli-o63-mm-dis-cap-o50-mm-ic-cap-havuz-alt-besleme-aparati\/","title":{"rendered":"Tabandan Besleme Nozulu Debi Ayarl\u0131, \u00d863 mm D\u0131\u015f \u00c7ap, \u00d850 mm \u0130\u00e7 \u00c7ap, Havuz Alt Besleme Aparat\u0131"},"content":{"rendered":"<p>Tabandan Besleme Nozulu Debi Ayarl\u0131 modelimiz, havuz suyunun tabandan dengeli ve kontroll\u00fc bir \u015fekilde da\u011f\u0131lmas\u0131n\u0131 sa\u011flayarak optimum sirk\u00fclasyon sunar. \u00d863 mm d\u0131\u015f \u00e7ap ve \u00d850 mm i\u00e7 \u00e7ap \u00f6l\u00e7\u00fclerine sahiptir. Debi ayar\u0131 sayesinde su ak\u0131\u015f\u0131n\u0131 ihtiyac\u0131n\u0131za g\u00f6re kolayca kontrol edebilirsiniz. Dayan\u0131kl\u0131 yap\u0131s\u0131 ile uzun \u00f6m\u00fcrl\u00fc kullan\u0131m sa\u011flar. Paket ba\u015f\u0131na 1,7 kg a\u011f\u0131rl\u0131\u011f\u0131nda olan bu \u00fcr\u00fcn, toplamda 16 adetlik paketleme ile sunulmaktad\u0131r.<\/p>\n","protected":false},"excerpt":{"rendered":"<p>Debi ayarl\u0131, tabandan besleme havuz nozulu \u2013 kontroll\u00fc su sirk\u00fclasyonu i\u00e7in ideal \u00e7\u00f6z\u00fcm.<\/p>\n","protected":false},"featured_media":2366,"comment_status":"open","ping_status":"closed","template":"","meta":{"site-sidebar-layout":"default","site-content-layout":"","ast-site-content-layout":"default","site-content-style":"default","site-sidebar-style":"default","ast-global-header-display":"","ast-banner-title-visibility":"","ast-main-header-display":"","ast-hfb-above-header-display":"","ast-hfb-below-header-display":"","ast-hfb-mobile-header-display":"","site-post-title":"","ast-breadcrumbs-content":"","ast-featured-img":"","footer-sml-layout":"","theme-transparent-header-meta":"default","adv-header-id-meta":"","stick-header-meta":"","header-above-stick-meta":"","header-main-stick-meta":"","header-below-stick-meta":"","astra-migrate-meta-layouts":"set","ast-page-background-enabled":"default","ast-page-background-meta":{"desktop":{"background-color":"var(--ast-global-color-5)","background-image":"","background-repeat":"repeat","background-position":"center center","background-size":"auto","background-attachment":"scroll","background-type":"","background-media":"","overlay-type":"","overlay-color":"","overlay-opacity":"","overlay-gradient":""},"tablet":{"background-color":"","background-image":"","background-repeat":"repeat","background-position":"center center","background-size":"auto","background-attachment":"scroll","background-type":"","background-media":"","overlay-type":"","overlay-color":"","overlay-opacity":"","overlay-gradient":""},"mobile":{"background-color":"","background-image":"","background-repeat":"repeat","background-position":"center center","background-size":"auto","background-attachment":"scroll","background-type":"","background-media":"","overlay-type":"","overlay-color":"","overlay-opacity":"","overlay-gradient":""}},"ast-content-background-meta":{"desktop":{"background-color":"var(--ast-global-color-4)","background-image":"","background-repeat":"repeat","background-position":"center center","background-size":"auto","background-attachment":"scroll","background-type":"","background-media":"","overlay-type":"","overlay-color":"","overlay-opacity":"","overlay-gradient":""},"tablet":{"background-color":"var(--ast-global-color-4)","background-image":"","background-repeat":"repeat","background-position":"center center","background-size":"auto","background-attachment":"scroll","background-type":"","background-media":"","overlay-type":"","overlay-color":"","overlay-opacity":"","overlay-gradient":""},"mobile":{"background-color":"var(--ast-global-color-4)","background-image":"","background-repeat":"repeat","background-position":"center center","background-size":"auto","background-attachment":"scroll","background-type":"","background-media":"","overlay-type":"","overlay-color":"","overlay-opacity":"","overlay-gradient":""}}},"product_brand":[3201],"product_cat":[770],"product_tag":[3476,3427,788,3475,3473,311,3463,792,3422,3474,3477,3447,3472],"class_list":{"0":"post-2365","1":"product","2":"type-product","3":"status-publish","4":"has-post-thumbnail","6":"product_brand-er","7":"product_cat-havuz-besi-nozullari","8":"product_tag-ayarlanabilir-debi","9":"product_tag-besleme-nozulu","10":"product_tag-debi-ayarli-nozullar","11":"product_tag-debili-havuz-aparati","12":"product_tag-havuz-alt-besleme","13":"product_tag-havuz-ekipmani","14":"product_tag-havuz-sistem-parcasi","15":"product_tag-havuz-taban-nozulu","16":"product_tag-o50-mm-havuz-parcasi","17":"product_tag-o63-mm-nozullar","18":"product_tag-plastik-nozullar","19":"product_tag-su-cikis-nozulu","20":"product_tag-tabandan-besleme-nozulu","21":"desktop-align-left","22":"tablet-align-left","23":"mobile-align-left","25":"first","26":"instock","27":"shipping-taxable","28":"purchasable","29":"product-type-simple"},"yoast_head":"<!-- This site is optimized with the Yoast SEO plugin v25.0 - https:\/\/yoast.com\/wordpress\/plugins\/seo\/ -->\n<title>Tabandan Besleme Nozulu Debi Ayarl\u0131, \u00d863 mm D\u0131\u015f \u00c7ap, \u00d850 mm \u0130\u00e7 \u00c7ap, Havuz Alt Besleme Aparat\u0131 -<\/title>\n<meta name=\"robots\" content=\"index, follow, max-snippet:-1, max-image-preview:large, max-video-preview:-1\" \/>\n<link rel=\"canonical\" href=\"https:\/\/www.havuzadairhersey.com\/index.php\/urun\/tabandan-besleme-nozulu-debi-ayarli-o63-mm-dis-cap-o50-mm-ic-cap-havuz-alt-besleme-aparati\/\" \/>\n<meta property=\"og:locale\" content=\"tr_TR\" \/>\n<meta property=\"og:type\" content=\"article\" \/>\n<meta property=\"og:title\" content=\"Tabandan Besleme Nozulu Debi Ayarl\u0131, \u00d863 mm D\u0131\u015f \u00c7ap, \u00d850 mm \u0130\u00e7 \u00c7ap, Havuz Alt Besleme Aparat\u0131 -\" \/>\n<meta property=\"og:description\" content=\"Debi ayarl\u0131, tabandan besleme havuz nozulu \u2013 kontroll\u00fc su sirk\u00fclasyonu i\u00e7in ideal \u00e7\u00f6z\u00fcm.\" \/>\n<meta property=\"og:url\" content=\"https:\/\/www.havuzadairhersey.com\/index.php\/urun\/tabandan-besleme-nozulu-debi-ayarli-o63-mm-dis-cap-o50-mm-ic-cap-havuz-alt-besleme-aparati\/\" \/>\n<meta property=\"article:modified_time\" content=\"2025-05-30T19:38:17+00:00\" \/>\n<meta property=\"og:image\" content=\"https:\/\/www.havuzadairhersey.com\/wp-content\/uploads\/2025\/04\/1-284.png\" \/>\n\t<meta property=\"og:image:width\" content=\"1875\" \/>\n\t<meta property=\"og:image:height\" content=\"2000\" \/>\n\t<meta property=\"og:image:type\" content=\"image\/png\" \/>\n<meta name=\"twitter:card\" content=\"summary_large_image\" \/>\n<script type=\"application\/ld+json\" class=\"yoast-schema-graph\">{\"@context\":\"https:\/\/schema.org\",\"@graph\":[{\"@type\":\"WebPage\",\"@id\":\"https:\/\/www.havuzadairhersey.com\/index.php\/urun\/tabandan-besleme-nozulu-debi-ayarli-o63-mm-dis-cap-o50-mm-ic-cap-havuz-alt-besleme-aparati\/\",\"url\":\"https:\/\/www.havuzadairhersey.com\/index.php\/urun\/tabandan-besleme-nozulu-debi-ayarli-o63-mm-dis-cap-o50-mm-ic-cap-havuz-alt-besleme-aparati\/\",\"name\":\"Tabandan Besleme Nozulu Debi Ayarl\u0131, \u00d863 mm D\u0131\u015f \u00c7ap, \u00d850 mm \u0130\u00e7 \u00c7ap, Havuz Alt Besleme Aparat\u0131 -\",\"isPartOf\":{\"@id\":\"https:\/\/www.havuzadairhersey.com\/#website\"},\"primaryImageOfPage\":{\"@id\":\"https:\/\/www.havuzadairhersey.com\/index.php\/urun\/tabandan-besleme-nozulu-debi-ayarli-o63-mm-dis-cap-o50-mm-ic-cap-havuz-alt-besleme-aparati\/#primaryimage\"},\"image\":{\"@id\":\"https:\/\/www.havuzadairhersey.com\/index.php\/urun\/tabandan-besleme-nozulu-debi-ayarli-o63-mm-dis-cap-o50-mm-ic-cap-havuz-alt-besleme-aparati\/#primaryimage\"},\"thumbnailUrl\":\"https:\/\/www.havuzadairhersey.com\/wp-content\/uploads\/2025\/04\/1-284.png\",\"datePublished\":\"2025-04-21T21:11:22+00:00\",\"dateModified\":\"2025-05-30T19:38:17+00:00\",\"breadcrumb\":{\"@id\":\"https:\/\/www.havuzadairhersey.com\/index.php\/urun\/tabandan-besleme-nozulu-debi-ayarli-o63-mm-dis-cap-o50-mm-ic-cap-havuz-alt-besleme-aparati\/#breadcrumb\"},\"inLanguage\":\"tr\",\"potentialAction\":[{\"@type\":\"ReadAction\",\"target\":[\"https:\/\/www.havuzadairhersey.com\/index.php\/urun\/tabandan-besleme-nozulu-debi-ayarli-o63-mm-dis-cap-o50-mm-ic-cap-havuz-alt-besleme-aparati\/\"]}]},{\"@type\":\"ImageObject\",\"inLanguage\":\"tr\",\"@id\":\"https:\/\/www.havuzadairhersey.com\/index.php\/urun\/tabandan-besleme-nozulu-debi-ayarli-o63-mm-dis-cap-o50-mm-ic-cap-havuz-alt-besleme-aparati\/#primaryimage\",\"url\":\"https:\/\/www.havuzadairhersey.com\/wp-content\/uploads\/2025\/04\/1-284.png\",\"contentUrl\":\"https:\/\/www.havuzadairhersey.com\/wp-content\/uploads\/2025\/04\/1-284.png\",\"width\":1875,\"height\":2000,\"caption\":\"Havuz Taban Besleme Nozulu \u2013 Ak\u0131\u015f Ayarl\u0131, \u00d863 mm D\u0131\u015f \u00c7apl\u0131\"},{\"@type\":\"BreadcrumbList\",\"@id\":\"https:\/\/www.havuzadairhersey.com\/index.php\/urun\/tabandan-besleme-nozulu-debi-ayarli-o63-mm-dis-cap-o50-mm-ic-cap-havuz-alt-besleme-aparati\/#breadcrumb\",\"itemListElement\":[{\"@type\":\"ListItem\",\"position\":1,\"name\":\"Anasayfa\",\"item\":\"https:\/\/www.havuzadairhersey.com\/\"},{\"@type\":\"ListItem\",\"position\":2,\"name\":\"Ma\u011faza\",\"item\":\"https:\/\/www.havuzadairhersey.com\/\"},{\"@type\":\"ListItem\",\"position\":3,\"name\":\"Tabandan Besleme Nozulu Debi Ayarl\u0131, \u00d863 mm D\u0131\u015f \u00c7ap, \u00d850 mm \u0130\u00e7 \u00c7ap, Havuz Alt Besleme Aparat\u0131\"}]},{\"@type\":\"WebSite\",\"@id\":\"https:\/\/www.havuzadairhersey.com\/#website\",\"url\":\"https:\/\/www.havuzadairhersey.com\/\",\"name\":\"\",\"description\":\"Havuza dair arad\u0131\u011f\u0131n\u0131z her\u015fey burada...\",\"potentialAction\":[{\"@type\":\"SearchAction\",\"target\":{\"@type\":\"EntryPoint\",\"urlTemplate\":\"https:\/\/www.havuzadairhersey.com\/?s={search_term_string}\"},\"query-input\":{\"@type\":\"PropertyValueSpecification\",\"valueRequired\":true,\"valueName\":\"search_term_string\"}}],\"inLanguage\":\"tr\"}]}<\/script>\n<!-- \/ Yoast SEO plugin. -->","yoast_head_json":{"title":"Tabandan Besleme Nozulu Debi Ayarl\u0131, \u00d863 mm D\u0131\u015f \u00c7ap, \u00d850 mm \u0130\u00e7 \u00c7ap, Havuz Alt Besleme Aparat\u0131 -","robots":{"index":"index","follow":"follow","max-snippet":"max-snippet:-1","max-image-preview":"max-image-preview:large","max-video-preview":"max-video-preview:-1"},"canonical":"https:\/\/www.havuzadairhersey.com\/index.php\/urun\/tabandan-besleme-nozulu-debi-ayarli-o63-mm-dis-cap-o50-mm-ic-cap-havuz-alt-besleme-aparati\/","og_locale":"tr_TR","og_type":"article","og_title":"Tabandan Besleme Nozulu Debi Ayarl\u0131, \u00d863 mm D\u0131\u015f \u00c7ap, \u00d850 mm \u0130\u00e7 \u00c7ap, Havuz Alt Besleme Aparat\u0131 -","og_description":"Debi ayarl\u0131, tabandan besleme havuz nozulu \u2013 kontroll\u00fc su sirk\u00fclasyonu i\u00e7in ideal \u00e7\u00f6z\u00fcm.","og_url":"https:\/\/www.havuzadairhersey.com\/index.php\/urun\/tabandan-besleme-nozulu-debi-ayarli-o63-mm-dis-cap-o50-mm-ic-cap-havuz-alt-besleme-aparati\/","article_modified_time":"2025-05-30T19:38:17+00:00","og_image":[{"width":1875,"height":2000,"url":"https:\/\/www.havuzadairhersey.com\/wp-content\/uploads\/2025\/04\/1-284.png","type":"image\/png"}],"twitter_card":"summary_large_image","schema":{"@context":"https:\/\/schema.org","@graph":[{"@type":"WebPage","@id":"https:\/\/www.havuzadairhersey.com\/index.php\/urun\/tabandan-besleme-nozulu-debi-ayarli-o63-mm-dis-cap-o50-mm-ic-cap-havuz-alt-besleme-aparati\/","url":"https:\/\/www.havuzadairhersey.com\/index.php\/urun\/tabandan-besleme-nozulu-debi-ayarli-o63-mm-dis-cap-o50-mm-ic-cap-havuz-alt-besleme-aparati\/","name":"Tabandan Besleme Nozulu Debi Ayarl\u0131, \u00d863 mm D\u0131\u015f \u00c7ap, \u00d850 mm \u0130\u00e7 \u00c7ap, Havuz Alt Besleme Aparat\u0131 -","isPartOf":{"@id":"https:\/\/www.havuzadairhersey.com\/#website"},"primaryImageOfPage":{"@id":"https:\/\/www.havuzadairhersey.com\/index.php\/urun\/tabandan-besleme-nozulu-debi-ayarli-o63-mm-dis-cap-o50-mm-ic-cap-havuz-alt-besleme-aparati\/#primaryimage"},"image":{"@id":"https:\/\/www.havuzadairhersey.com\/index.php\/urun\/tabandan-besleme-nozulu-debi-ayarli-o63-mm-dis-cap-o50-mm-ic-cap-havuz-alt-besleme-aparati\/#primaryimage"},"thumbnailUrl":"https:\/\/www.havuzadairhersey.com\/wp-content\/uploads\/2025\/04\/1-284.png","datePublished":"2025-04-21T21:11:22+00:00","dateModified":"2025-05-30T19:38:17+00:00","breadcrumb":{"@id":"https:\/\/www.havuzadairhersey.com\/index.php\/urun\/tabandan-besleme-nozulu-debi-ayarli-o63-mm-dis-cap-o50-mm-ic-cap-havuz-alt-besleme-aparati\/#breadcrumb"},"inLanguage":"tr","potentialAction":[{"@type":"ReadAction","target":["https:\/\/www.havuzadairhersey.com\/index.php\/urun\/tabandan-besleme-nozulu-debi-ayarli-o63-mm-dis-cap-o50-mm-ic-cap-havuz-alt-besleme-aparati\/"]}]},{"@type":"ImageObject","inLanguage":"tr","@id":"https:\/\/www.havuzadairhersey.com\/index.php\/urun\/tabandan-besleme-nozulu-debi-ayarli-o63-mm-dis-cap-o50-mm-ic-cap-havuz-alt-besleme-aparati\/#primaryimage","url":"https:\/\/www.havuzadairhersey.com\/wp-content\/uploads\/2025\/04\/1-284.png","contentUrl":"https:\/\/www.havuzadairhersey.com\/wp-content\/uploads\/2025\/04\/1-284.png","width":1875,"height":2000,"caption":"Havuz Taban Besleme Nozulu \u2013 Ak\u0131\u015f Ayarl\u0131, \u00d863 mm D\u0131\u015f \u00c7apl\u0131"},{"@type":"BreadcrumbList","@id":"https:\/\/www.havuzadairhersey.com\/index.php\/urun\/tabandan-besleme-nozulu-debi-ayarli-o63-mm-dis-cap-o50-mm-ic-cap-havuz-alt-besleme-aparati\/#breadcrumb","itemListElement":[{"@type":"ListItem","position":1,"name":"Anasayfa","item":"https:\/\/www.havuzadairhersey.com\/"},{"@type":"ListItem","position":2,"name":"Ma\u011faza","item":"https:\/\/www.havuzadairhersey.com\/"},{"@type":"ListItem","position":3,"name":"Tabandan Besleme Nozulu Debi Ayarl\u0131, \u00d863 mm D\u0131\u015f \u00c7ap, \u00d850 mm \u0130\u00e7 \u00c7ap, Havuz Alt Besleme Aparat\u0131"}]},{"@type":"WebSite","@id":"https:\/\/www.havuzadairhersey.com\/#website","url":"https:\/\/www.havuzadairhersey.com\/","name":"","description":"Havuza dair arad\u0131\u011f\u0131n\u0131z her\u015fey burada...","potentialAction":[{"@type":"SearchAction","target":{"@type":"EntryPoint","urlTemplate":"https:\/\/www.havuzadairhersey.com\/?s={search_term_string}"},"query-input":{"@type":"PropertyValueSpecification","valueRequired":true,"valueName":"search_term_string"}}],"inLanguage":"tr"}]}},"_links":{"self":[{"href":"https:\/\/www.havuzadairhersey.com\/index.php\/wp-json\/wp\/v2\/product\/2365","targetHints":{"allow":["GET"]}}],"collection":[{"href":"https:\/\/www.havuzadairhersey.com\/index.php\/wp-json\/wp\/v2\/product"}],"about":[{"href":"https:\/\/www.havuzadairhersey.com\/index.php\/wp-json\/wp\/v2\/types\/product"}],"replies":[{"embeddable":true,"href":"https:\/\/www.havuzadairhersey.com\/index.php\/wp-json\/wp\/v2\/comments?post=2365"}],"wp:featuredmedia":[{"embeddable":true,"href":"https:\/\/www.havuzadairhersey.com\/index.php\/wp-json\/wp\/v2\/media\/2366"}],"wp:attachment":[{"href":"https:\/\/www.havuzadairhersey.com\/index.php\/wp-json\/wp\/v2\/media?parent=2365"}],"wp:term":[{"taxonomy":"product_brand","embeddable":true,"href":"https:\/\/www.havuzadairhersey.com\/index.php\/wp-json\/wp\/v2\/product_brand?post=2365"},{"taxonomy":"product_cat","embeddable":true,"href":"https:\/\/www.havuzadairhersey.com\/index.php\/wp-json\/wp\/v2\/product_cat?post=2365"},{"taxonomy":"product_tag","embeddable":true,"href":"https:\/\/www.havuzadairhersey.com\/index.php\/wp-json\/wp\/v2\/product_tag?post=2365"}],"curies":[{"name":"wp","href":"https:\/\/api.w.org\/{rel}","templated":true}]}}