{"id":2374,"date":"2025-04-24T22:23:15","date_gmt":"2025-04-24T19:23:15","guid":{"rendered":"https:\/\/www.havuzadairhersey.com\/?post_type=product&#038;p=2374"},"modified":"2025-05-30T22:38:08","modified_gmt":"2025-05-30T19:38:08","slug":"yandan-besleme-nozulu-kureli-o63-mm-o50-mm-havuz-ekipmani-ybn-k-6-yuksek-verimli-su-girisi","status":"publish","type":"product","link":"https:\/\/www.havuzadairhersey.com\/index.php\/urun\/yandan-besleme-nozulu-kureli-o63-mm-o50-mm-havuz-ekipmani-ybn-k-6-yuksek-verimli-su-girisi\/","title":{"rendered":"Yandan Besleme Nozulu K\u00fcreli \u00d863 mm \u00d850 mm Havuz Ekipman\u0131 YBN-K 6 \u2013 Y\u00fcksek Verimli Su Giri\u015fi"},"content":{"rendered":"<p>YBN-K 6 model yandan besleme nozulu k\u00fcreli tasar\u0131m\u0131 sayesinde suyun y\u00f6n\u00fcn\u00fc kolayca kontrol etmenize olanak tan\u0131r. \u00d863 mm d\u0131\u015f \u00e7ap ve \u00d850 mm i\u00e7 \u00e7ap \u00f6l\u00e7\u00fcleriyle bir\u00e7ok havuz sistemine tam uyum sa\u011flar. Su ak\u0131\u015f\u0131n\u0131 optimize ederken, dayan\u0131kl\u0131 malzeme yap\u0131s\u0131yla uzun \u00f6m\u00fcrl\u00fc kullan\u0131m sunar. Estetik tasar\u0131m\u0131yla havuz sisteminize modern bir g\u00f6r\u00fcn\u00fcm kazand\u0131r\u0131r.<br \/>\n\u2022 \u00d863 mm d\u0131\u015f \u00e7ap, \u00d850 mm i\u00e7 \u00e7ap<br \/>\n\u2022 K\u00fcreli yap\u0131 ile y\u00f6nlendirilebilir su \u00e7\u0131k\u0131\u015f\u0131<br \/>\n\u2022 Y\u00fcksek kaliteli ve sa\u011flam malzeme<br \/>\n\u2022 Kolay kurulum ve bak\u0131m<br \/>\n\u2022 1,422 kg paket a\u011f\u0131rl\u0131\u011f\u0131, 0,004 m\u00b3 hacim<br \/>\n\u2022 Paket i\u00e7eri\u011fi: 16 adet<br \/>\nProfesyonel ve bireysel kullan\u0131m i\u00e7in ideal bir tercihtir.<\/p>\n","protected":false},"excerpt":{"rendered":"<p>K\u00fcreli yap\u0131s\u0131 sayesinde su ak\u0131\u015f y\u00f6n\u00fc ayarlanabilir, dayan\u0131kl\u0131 yandan besleme nozulu.<\/p>\n","protected":false},"featured_media":2375,"comment_status":"open","ping_status":"closed","template":"","meta":{"site-sidebar-layout":"default","site-content-layout":"","ast-site-content-layout":"default","site-content-style":"default","site-sidebar-style":"default","ast-global-header-display":"","ast-banner-title-visibility":"","ast-main-header-display":"","ast-hfb-above-header-display":"","ast-hfb-below-header-display":"","ast-hfb-mobile-header-display":"","site-post-title":"","ast-breadcrumbs-content":"","ast-featured-img":"","footer-sml-layout":"","theme-transparent-header-meta":"default","adv-header-id-meta":"","stick-header-meta":"","header-above-stick-meta":"","header-main-stick-meta":"","header-below-stick-meta":"","astra-migrate-meta-layouts":"set","ast-page-background-enabled":"default","ast-page-background-meta":{"desktop":{"background-color":"var(--ast-global-color-5)","background-image":"","background-repeat":"repeat","background-position":"center center","background-size":"auto","background-attachment":"scroll","background-type":"","background-media":"","overlay-type":"","overlay-color":"","overlay-opacity":"","overlay-gradient":""},"tablet":{"background-color":"","background-image":"","background-repeat":"repeat","background-position":"center center","background-size":"auto","background-attachment":"scroll","background-type":"","background-media":"","overlay-type":"","overlay-color":"","overlay-opacity":"","overlay-gradient":""},"mobile":{"background-color":"","background-image":"","background-repeat":"repeat","background-position":"center center","background-size":"auto","background-attachment":"scroll","background-type":"","background-media":"","overlay-type":"","overlay-color":"","overlay-opacity":"","overlay-gradient":""}},"ast-content-background-meta":{"desktop":{"background-color":"var(--ast-global-color-4)","background-image":"","background-repeat":"repeat","background-position":"center center","background-size":"auto","background-attachment":"scroll","background-type":"","background-media":"","overlay-type":"","overlay-color":"","overlay-opacity":"","overlay-gradient":""},"tablet":{"background-color":"var(--ast-global-color-4)","background-image":"","background-repeat":"repeat","background-position":"center center","background-size":"auto","background-attachment":"scroll","background-type":"","background-media":"","overlay-type":"","overlay-color":"","overlay-opacity":"","overlay-gradient":""},"mobile":{"background-color":"var(--ast-global-color-4)","background-image":"","background-repeat":"repeat","background-position":"center center","background-size":"auto","background-attachment":"scroll","background-type":"","background-media":"","overlay-type":"","overlay-color":"","overlay-opacity":"","overlay-gradient":""}}},"product_brand":[3201],"product_cat":[770],"product_tag":[242,776,3420,3485,3482,3466,3431,775,3483,3484],"class_list":{"0":"post-2374","1":"product","2":"type-product","3":"status-publish","4":"has-post-thumbnail","6":"product_brand-er","7":"product_cat-havuz-besi-nozullari","8":"product_tag-havuz-ekipmanlari","9":"product_tag-havuz-nozulu","10":"product_tag-havuz-su-girisi","11":"product_tag-kureli-havuz-basligi","12":"product_tag-kureli-nozul","13":"product_tag-o50-mm-baglanti","14":"product_tag-o63-mm-nozul","15":"product_tag-yandan-besleme-nozulu","16":"product_tag-ybn-k6","17":"product_tag-yonlendirilebilir-su-cikisi","18":"desktop-align-left","19":"tablet-align-left","20":"mobile-align-left","22":"first","23":"instock","24":"shipping-taxable","25":"purchasable","26":"product-type-simple"},"yoast_head":"<!-- This site is optimized with the Yoast SEO plugin v25.0 - https:\/\/yoast.com\/wordpress\/plugins\/seo\/ -->\n<title>Yandan Besleme Nozulu K\u00fcreli \u00d863 mm \u00d850 mm Havuz Ekipman\u0131 YBN-K 6 \u2013 Y\u00fcksek Verimli Su Giri\u015fi -<\/title>\n<meta name=\"robots\" content=\"index, follow, max-snippet:-1, max-image-preview:large, max-video-preview:-1\" \/>\n<link rel=\"canonical\" href=\"https:\/\/www.havuzadairhersey.com\/index.php\/urun\/yandan-besleme-nozulu-kureli-o63-mm-o50-mm-havuz-ekipmani-ybn-k-6-yuksek-verimli-su-girisi\/\" \/>\n<meta property=\"og:locale\" content=\"tr_TR\" \/>\n<meta property=\"og:type\" content=\"article\" \/>\n<meta property=\"og:title\" content=\"Yandan Besleme Nozulu K\u00fcreli \u00d863 mm \u00d850 mm Havuz Ekipman\u0131 YBN-K 6 \u2013 Y\u00fcksek Verimli Su Giri\u015fi -\" \/>\n<meta property=\"og:description\" content=\"K\u00fcreli yap\u0131s\u0131 sayesinde su ak\u0131\u015f y\u00f6n\u00fc ayarlanabilir, dayan\u0131kl\u0131 yandan besleme nozulu.\" \/>\n<meta property=\"og:url\" content=\"https:\/\/www.havuzadairhersey.com\/index.php\/urun\/yandan-besleme-nozulu-kureli-o63-mm-o50-mm-havuz-ekipmani-ybn-k-6-yuksek-verimli-su-girisi\/\" \/>\n<meta property=\"article:modified_time\" content=\"2025-05-30T19:38:08+00:00\" \/>\n<meta property=\"og:image\" content=\"https:\/\/www.havuzadairhersey.com\/wp-content\/uploads\/2025\/04\/1-286.png\" \/>\n\t<meta property=\"og:image:width\" content=\"1875\" \/>\n\t<meta property=\"og:image:height\" content=\"2000\" \/>\n\t<meta property=\"og:image:type\" content=\"image\/png\" \/>\n<meta name=\"twitter:card\" content=\"summary_large_image\" \/>\n<meta name=\"twitter:label1\" content=\"Tahmini okuma s\u00fcresi\" \/>\n\t<meta name=\"twitter:data1\" content=\"1 dakika\" \/>\n<script type=\"application\/ld+json\" class=\"yoast-schema-graph\">{\"@context\":\"https:\/\/schema.org\",\"@graph\":[{\"@type\":\"WebPage\",\"@id\":\"https:\/\/www.havuzadairhersey.com\/index.php\/urun\/yandan-besleme-nozulu-kureli-o63-mm-o50-mm-havuz-ekipmani-ybn-k-6-yuksek-verimli-su-girisi\/\",\"url\":\"https:\/\/www.havuzadairhersey.com\/index.php\/urun\/yandan-besleme-nozulu-kureli-o63-mm-o50-mm-havuz-ekipmani-ybn-k-6-yuksek-verimli-su-girisi\/\",\"name\":\"Yandan Besleme Nozulu K\u00fcreli \u00d863 mm \u00d850 mm Havuz Ekipman\u0131 YBN-K 6 \u2013 Y\u00fcksek Verimli Su Giri\u015fi -\",\"isPartOf\":{\"@id\":\"https:\/\/www.havuzadairhersey.com\/#website\"},\"primaryImageOfPage\":{\"@id\":\"https:\/\/www.havuzadairhersey.com\/index.php\/urun\/yandan-besleme-nozulu-kureli-o63-mm-o50-mm-havuz-ekipmani-ybn-k-6-yuksek-verimli-su-girisi\/#primaryimage\"},\"image\":{\"@id\":\"https:\/\/www.havuzadairhersey.com\/index.php\/urun\/yandan-besleme-nozulu-kureli-o63-mm-o50-mm-havuz-ekipmani-ybn-k-6-yuksek-verimli-su-girisi\/#primaryimage\"},\"thumbnailUrl\":\"https:\/\/www.havuzadairhersey.com\/wp-content\/uploads\/2025\/04\/1-286.png\",\"datePublished\":\"2025-04-24T19:23:15+00:00\",\"dateModified\":\"2025-05-30T19:38:08+00:00\",\"breadcrumb\":{\"@id\":\"https:\/\/www.havuzadairhersey.com\/index.php\/urun\/yandan-besleme-nozulu-kureli-o63-mm-o50-mm-havuz-ekipmani-ybn-k-6-yuksek-verimli-su-girisi\/#breadcrumb\"},\"inLanguage\":\"tr\",\"potentialAction\":[{\"@type\":\"ReadAction\",\"target\":[\"https:\/\/www.havuzadairhersey.com\/index.php\/urun\/yandan-besleme-nozulu-kureli-o63-mm-o50-mm-havuz-ekipmani-ybn-k-6-yuksek-verimli-su-girisi\/\"]}]},{\"@type\":\"ImageObject\",\"inLanguage\":\"tr\",\"@id\":\"https:\/\/www.havuzadairhersey.com\/index.php\/urun\/yandan-besleme-nozulu-kureli-o63-mm-o50-mm-havuz-ekipmani-ybn-k-6-yuksek-verimli-su-girisi\/#primaryimage\",\"url\":\"https:\/\/www.havuzadairhersey.com\/wp-content\/uploads\/2025\/04\/1-286.png\",\"contentUrl\":\"https:\/\/www.havuzadairhersey.com\/wp-content\/uploads\/2025\/04\/1-286.png\",\"width\":1875,\"height\":2000,\"caption\":\"\u00d863 mm D\u0131\u015f \u00c7apl\u0131 K\u00fcreli Nozul \u2013 Havuz Suyu Y\u00f6nlendirme Par\u00e7as\u0131\"},{\"@type\":\"BreadcrumbList\",\"@id\":\"https:\/\/www.havuzadairhersey.com\/index.php\/urun\/yandan-besleme-nozulu-kureli-o63-mm-o50-mm-havuz-ekipmani-ybn-k-6-yuksek-verimli-su-girisi\/#breadcrumb\",\"itemListElement\":[{\"@type\":\"ListItem\",\"position\":1,\"name\":\"Anasayfa\",\"item\":\"https:\/\/www.havuzadairhersey.com\/\"},{\"@type\":\"ListItem\",\"position\":2,\"name\":\"Ma\u011faza\",\"item\":\"https:\/\/www.havuzadairhersey.com\/\"},{\"@type\":\"ListItem\",\"position\":3,\"name\":\"Yandan Besleme Nozulu K\u00fcreli \u00d863 mm \u00d850 mm Havuz Ekipman\u0131 YBN-K 6 \u2013 Y\u00fcksek Verimli Su Giri\u015fi\"}]},{\"@type\":\"WebSite\",\"@id\":\"https:\/\/www.havuzadairhersey.com\/#website\",\"url\":\"https:\/\/www.havuzadairhersey.com\/\",\"name\":\"\",\"description\":\"Havuza dair arad\u0131\u011f\u0131n\u0131z her\u015fey burada...\",\"potentialAction\":[{\"@type\":\"SearchAction\",\"target\":{\"@type\":\"EntryPoint\",\"urlTemplate\":\"https:\/\/www.havuzadairhersey.com\/?s={search_term_string}\"},\"query-input\":{\"@type\":\"PropertyValueSpecification\",\"valueRequired\":true,\"valueName\":\"search_term_string\"}}],\"inLanguage\":\"tr\"}]}<\/script>\n<!-- \/ Yoast SEO plugin. -->","yoast_head_json":{"title":"Yandan Besleme Nozulu K\u00fcreli \u00d863 mm \u00d850 mm Havuz Ekipman\u0131 YBN-K 6 \u2013 Y\u00fcksek Verimli Su Giri\u015fi -","robots":{"index":"index","follow":"follow","max-snippet":"max-snippet:-1","max-image-preview":"max-image-preview:large","max-video-preview":"max-video-preview:-1"},"canonical":"https:\/\/www.havuzadairhersey.com\/index.php\/urun\/yandan-besleme-nozulu-kureli-o63-mm-o50-mm-havuz-ekipmani-ybn-k-6-yuksek-verimli-su-girisi\/","og_locale":"tr_TR","og_type":"article","og_title":"Yandan Besleme Nozulu K\u00fcreli \u00d863 mm \u00d850 mm Havuz Ekipman\u0131 YBN-K 6 \u2013 Y\u00fcksek Verimli Su Giri\u015fi -","og_description":"K\u00fcreli yap\u0131s\u0131 sayesinde su ak\u0131\u015f y\u00f6n\u00fc ayarlanabilir, dayan\u0131kl\u0131 yandan besleme nozulu.","og_url":"https:\/\/www.havuzadairhersey.com\/index.php\/urun\/yandan-besleme-nozulu-kureli-o63-mm-o50-mm-havuz-ekipmani-ybn-k-6-yuksek-verimli-su-girisi\/","article_modified_time":"2025-05-30T19:38:08+00:00","og_image":[{"width":1875,"height":2000,"url":"https:\/\/www.havuzadairhersey.com\/wp-content\/uploads\/2025\/04\/1-286.png","type":"image\/png"}],"twitter_card":"summary_large_image","twitter_misc":{"Tahmini okuma s\u00fcresi":"1 dakika"},"schema":{"@context":"https:\/\/schema.org","@graph":[{"@type":"WebPage","@id":"https:\/\/www.havuzadairhersey.com\/index.php\/urun\/yandan-besleme-nozulu-kureli-o63-mm-o50-mm-havuz-ekipmani-ybn-k-6-yuksek-verimli-su-girisi\/","url":"https:\/\/www.havuzadairhersey.com\/index.php\/urun\/yandan-besleme-nozulu-kureli-o63-mm-o50-mm-havuz-ekipmani-ybn-k-6-yuksek-verimli-su-girisi\/","name":"Yandan Besleme Nozulu K\u00fcreli \u00d863 mm \u00d850 mm Havuz Ekipman\u0131 YBN-K 6 \u2013 Y\u00fcksek Verimli Su Giri\u015fi -","isPartOf":{"@id":"https:\/\/www.havuzadairhersey.com\/#website"},"primaryImageOfPage":{"@id":"https:\/\/www.havuzadairhersey.com\/index.php\/urun\/yandan-besleme-nozulu-kureli-o63-mm-o50-mm-havuz-ekipmani-ybn-k-6-yuksek-verimli-su-girisi\/#primaryimage"},"image":{"@id":"https:\/\/www.havuzadairhersey.com\/index.php\/urun\/yandan-besleme-nozulu-kureli-o63-mm-o50-mm-havuz-ekipmani-ybn-k-6-yuksek-verimli-su-girisi\/#primaryimage"},"thumbnailUrl":"https:\/\/www.havuzadairhersey.com\/wp-content\/uploads\/2025\/04\/1-286.png","datePublished":"2025-04-24T19:23:15+00:00","dateModified":"2025-05-30T19:38:08+00:00","breadcrumb":{"@id":"https:\/\/www.havuzadairhersey.com\/index.php\/urun\/yandan-besleme-nozulu-kureli-o63-mm-o50-mm-havuz-ekipmani-ybn-k-6-yuksek-verimli-su-girisi\/#breadcrumb"},"inLanguage":"tr","potentialAction":[{"@type":"ReadAction","target":["https:\/\/www.havuzadairhersey.com\/index.php\/urun\/yandan-besleme-nozulu-kureli-o63-mm-o50-mm-havuz-ekipmani-ybn-k-6-yuksek-verimli-su-girisi\/"]}]},{"@type":"ImageObject","inLanguage":"tr","@id":"https:\/\/www.havuzadairhersey.com\/index.php\/urun\/yandan-besleme-nozulu-kureli-o63-mm-o50-mm-havuz-ekipmani-ybn-k-6-yuksek-verimli-su-girisi\/#primaryimage","url":"https:\/\/www.havuzadairhersey.com\/wp-content\/uploads\/2025\/04\/1-286.png","contentUrl":"https:\/\/www.havuzadairhersey.com\/wp-content\/uploads\/2025\/04\/1-286.png","width":1875,"height":2000,"caption":"\u00d863 mm D\u0131\u015f \u00c7apl\u0131 K\u00fcreli Nozul \u2013 Havuz Suyu Y\u00f6nlendirme Par\u00e7as\u0131"},{"@type":"BreadcrumbList","@id":"https:\/\/www.havuzadairhersey.com\/index.php\/urun\/yandan-besleme-nozulu-kureli-o63-mm-o50-mm-havuz-ekipmani-ybn-k-6-yuksek-verimli-su-girisi\/#breadcrumb","itemListElement":[{"@type":"ListItem","position":1,"name":"Anasayfa","item":"https:\/\/www.havuzadairhersey.com\/"},{"@type":"ListItem","position":2,"name":"Ma\u011faza","item":"https:\/\/www.havuzadairhersey.com\/"},{"@type":"ListItem","position":3,"name":"Yandan Besleme Nozulu K\u00fcreli \u00d863 mm \u00d850 mm Havuz Ekipman\u0131 YBN-K 6 \u2013 Y\u00fcksek Verimli Su Giri\u015fi"}]},{"@type":"WebSite","@id":"https:\/\/www.havuzadairhersey.com\/#website","url":"https:\/\/www.havuzadairhersey.com\/","name":"","description":"Havuza dair arad\u0131\u011f\u0131n\u0131z her\u015fey burada...","potentialAction":[{"@type":"SearchAction","target":{"@type":"EntryPoint","urlTemplate":"https:\/\/www.havuzadairhersey.com\/?s={search_term_string}"},"query-input":{"@type":"PropertyValueSpecification","valueRequired":true,"valueName":"search_term_string"}}],"inLanguage":"tr"}]}},"_links":{"self":[{"href":"https:\/\/www.havuzadairhersey.com\/index.php\/wp-json\/wp\/v2\/product\/2374","targetHints":{"allow":["GET"]}}],"collection":[{"href":"https:\/\/www.havuzadairhersey.com\/index.php\/wp-json\/wp\/v2\/product"}],"about":[{"href":"https:\/\/www.havuzadairhersey.com\/index.php\/wp-json\/wp\/v2\/types\/product"}],"replies":[{"embeddable":true,"href":"https:\/\/www.havuzadairhersey.com\/index.php\/wp-json\/wp\/v2\/comments?post=2374"}],"wp:featuredmedia":[{"embeddable":true,"href":"https:\/\/www.havuzadairhersey.com\/index.php\/wp-json\/wp\/v2\/media\/2375"}],"wp:attachment":[{"href":"https:\/\/www.havuzadairhersey.com\/index.php\/wp-json\/wp\/v2\/media?parent=2374"}],"wp:term":[{"taxonomy":"product_brand","embeddable":true,"href":"https:\/\/www.havuzadairhersey.com\/index.php\/wp-json\/wp\/v2\/product_brand?post=2374"},{"taxonomy":"product_cat","embeddable":true,"href":"https:\/\/www.havuzadairhersey.com\/index.php\/wp-json\/wp\/v2\/product_cat?post=2374"},{"taxonomy":"product_tag","embeddable":true,"href":"https:\/\/www.havuzadairhersey.com\/index.php\/wp-json\/wp\/v2\/product_tag?post=2374"}],"curies":[{"name":"wp","href":"https:\/\/api.w.org\/{rel}","templated":true}]}}