{"id":2395,"date":"2025-04-24T22:53:16","date_gmt":"2025-04-24T19:53:16","guid":{"rendered":"https:\/\/www.havuzadairhersey.com\/?post_type=product&#038;p=2395"},"modified":"2025-05-30T22:36:51","modified_gmt":"2025-05-30T19:36:51","slug":"tabandan-besleme-nozulu-debi-ayarli-mafsalli-o63-mm-o50-mm-ayarlanabilir-debili-havuz-nozulu","status":"publish","type":"product","link":"https:\/\/www.havuzadairhersey.com\/index.php\/urun\/tabandan-besleme-nozulu-debi-ayarli-mafsalli-o63-mm-o50-mm-ayarlanabilir-debili-havuz-nozulu\/","title":{"rendered":"Tabandan Besleme Nozulu Debi Ayarl\u0131 Mafsall\u0131 \u00d863 mm \u00d850 mm \u2013 Ayarlanabilir Debili Havuz Nozulu"},"content":{"rendered":"<p>Bu debi ayarl\u0131 mafsall\u0131 tabandan besleme nozulu, \u00d863 mm d\u0131\u015f \u00e7ap ve \u00d850 mm i\u00e7 \u00e7ap \u00f6l\u00e7\u00fcleriyle profesyonel havuz sistemleri i\u00e7in tasarlanm\u0131\u015ft\u0131r. Mafsall\u0131 yap\u0131s\u0131 sayesinde ak\u0131\u015f y\u00f6n\u00fc kontrol edilebilirken, debi ayar\u0131 ile su sirk\u00fclasyonu optimum seviyeye getirilir. 1,436 kg a\u011f\u0131rl\u0131\u011f\u0131ndaki \u00fcr\u00fcn, 0,004 m\u00b3 paket hacmiyle 16 adetlik paketlerde sunulmaktad\u0131r. Y\u00fcksek verimlilik, dayan\u0131kl\u0131l\u0131k ve esnek kurulum imkan\u0131 sunan bu \u00fcr\u00fcn, ticari ve \u00f6zel havuz projeleri i\u00e7in m\u00fckemmel bir tercihtir.<\/p>\n","protected":false},"excerpt":{"rendered":"<p>Ayarlanabilir debili ve mafsall\u0131 havuz taban nozulu, \u00d863 mm d\u0131\u015f \u00e7ap, \u00d850 mm i\u00e7 \u00e7ap. 16\u2019l\u0131 paketlerde sunulur.<\/p>\n","protected":false},"featured_media":2396,"comment_status":"open","ping_status":"closed","template":"","meta":{"site-sidebar-layout":"default","site-content-layout":"","ast-site-content-layout":"default","site-content-style":"default","site-sidebar-style":"default","ast-global-header-display":"","ast-banner-title-visibility":"","ast-main-header-display":"","ast-hfb-above-header-display":"","ast-hfb-below-header-display":"","ast-hfb-mobile-header-display":"","site-post-title":"","ast-breadcrumbs-content":"","ast-featured-img":"","footer-sml-layout":"","theme-transparent-header-meta":"default","adv-header-id-meta":"","stick-header-meta":"","header-above-stick-meta":"","header-main-stick-meta":"","header-below-stick-meta":"","astra-migrate-meta-layouts":"set","ast-page-background-enabled":"default","ast-page-background-meta":{"desktop":{"background-color":"var(--ast-global-color-5)","background-image":"","background-repeat":"repeat","background-position":"center center","background-size":"auto","background-attachment":"scroll","background-type":"","background-media":"","overlay-type":"","overlay-color":"","overlay-opacity":"","overlay-gradient":""},"tablet":{"background-color":"","background-image":"","background-repeat":"repeat","background-position":"center center","background-size":"auto","background-attachment":"scroll","background-type":"","background-media":"","overlay-type":"","overlay-color":"","overlay-opacity":"","overlay-gradient":""},"mobile":{"background-color":"","background-image":"","background-repeat":"repeat","background-position":"center center","background-size":"auto","background-attachment":"scroll","background-type":"","background-media":"","overlay-type":"","overlay-color":"","overlay-opacity":"","overlay-gradient":""}},"ast-content-background-meta":{"desktop":{"background-color":"var(--ast-global-color-4)","background-image":"","background-repeat":"repeat","background-position":"center center","background-size":"auto","background-attachment":"scroll","background-type":"","background-media":"","overlay-type":"","overlay-color":"","overlay-opacity":"","overlay-gradient":""},"tablet":{"background-color":"var(--ast-global-color-4)","background-image":"","background-repeat":"repeat","background-position":"center center","background-size":"auto","background-attachment":"scroll","background-type":"","background-media":"","overlay-type":"","overlay-color":"","overlay-opacity":"","overlay-gradient":""},"mobile":{"background-color":"var(--ast-global-color-4)","background-image":"","background-repeat":"repeat","background-position":"center center","background-size":"auto","background-attachment":"scroll","background-type":"","background-media":"","overlay-type":"","overlay-color":"","overlay-opacity":"","overlay-gradient":""}}},"product_brand":[3201],"product_cat":[770],"product_tag":[3476,788,3532,3531,311,776,3527,3466,3421,2206,3528,3529,3472,3530],"class_list":{"0":"post-2395","1":"product","2":"type-product","3":"status-publish","4":"has-post-thumbnail","6":"product_brand-er","7":"product_cat-havuz-besi-nozullari","8":"product_tag-ayarlanabilir-debi","9":"product_tag-debi-ayarli-nozullar","10":"product_tag-debi-kontrol-nozulu","11":"product_tag-havuz-alti-cikis","12":"product_tag-havuz-ekipmani","13":"product_tag-havuz-nozulu","14":"product_tag-mafsalli-nozullar","15":"product_tag-o50-mm-baglanti","16":"product_tag-o63-mm-nozulu","17":"product_tag-plastik-havuz-nozulu","18":"product_tag-profesyonel-havuz-malzemesi","19":"product_tag-su-sirkulasyon-nozulu","20":"product_tag-tabandan-besleme-nozulu","21":"product_tag-yon-ayarli-nozullar","22":"desktop-align-left","23":"tablet-align-left","24":"mobile-align-left","26":"first","27":"instock","28":"shipping-taxable","29":"purchasable","30":"product-type-simple"},"yoast_head":"<!-- This site is optimized with the Yoast SEO plugin v25.0 - https:\/\/yoast.com\/wordpress\/plugins\/seo\/ -->\n<title>Tabandan Besleme Nozulu Debi Ayarl\u0131 Mafsall\u0131 \u00d863 mm \u00d850 mm \u2013 Ayarlanabilir Debili Havuz Nozulu -<\/title>\n<meta name=\"robots\" content=\"index, follow, max-snippet:-1, max-image-preview:large, max-video-preview:-1\" \/>\n<link rel=\"canonical\" href=\"https:\/\/www.havuzadairhersey.com\/index.php\/urun\/tabandan-besleme-nozulu-debi-ayarli-mafsalli-o63-mm-o50-mm-ayarlanabilir-debili-havuz-nozulu\/\" \/>\n<meta property=\"og:locale\" content=\"tr_TR\" \/>\n<meta property=\"og:type\" content=\"article\" \/>\n<meta property=\"og:title\" content=\"Tabandan Besleme Nozulu Debi Ayarl\u0131 Mafsall\u0131 \u00d863 mm \u00d850 mm \u2013 Ayarlanabilir Debili Havuz Nozulu -\" \/>\n<meta property=\"og:description\" content=\"Ayarlanabilir debili ve mafsall\u0131 havuz taban nozulu, \u00d863 mm d\u0131\u015f \u00e7ap, \u00d850 mm i\u00e7 \u00e7ap. 16\u2019l\u0131 paketlerde sunulur.\" \/>\n<meta property=\"og:url\" content=\"https:\/\/www.havuzadairhersey.com\/index.php\/urun\/tabandan-besleme-nozulu-debi-ayarli-mafsalli-o63-mm-o50-mm-ayarlanabilir-debili-havuz-nozulu\/\" \/>\n<meta property=\"article:modified_time\" content=\"2025-05-30T19:36:51+00:00\" \/>\n<meta property=\"og:image\" content=\"https:\/\/www.havuzadairhersey.com\/wp-content\/uploads\/2025\/04\/1-293.png\" \/>\n\t<meta property=\"og:image:width\" content=\"1875\" \/>\n\t<meta property=\"og:image:height\" content=\"2000\" \/>\n\t<meta property=\"og:image:type\" content=\"image\/png\" \/>\n<meta name=\"twitter:card\" content=\"summary_large_image\" \/>\n<script type=\"application\/ld+json\" class=\"yoast-schema-graph\">{\"@context\":\"https:\/\/schema.org\",\"@graph\":[{\"@type\":\"WebPage\",\"@id\":\"https:\/\/www.havuzadairhersey.com\/index.php\/urun\/tabandan-besleme-nozulu-debi-ayarli-mafsalli-o63-mm-o50-mm-ayarlanabilir-debili-havuz-nozulu\/\",\"url\":\"https:\/\/www.havuzadairhersey.com\/index.php\/urun\/tabandan-besleme-nozulu-debi-ayarli-mafsalli-o63-mm-o50-mm-ayarlanabilir-debili-havuz-nozulu\/\",\"name\":\"Tabandan Besleme Nozulu Debi Ayarl\u0131 Mafsall\u0131 \u00d863 mm \u00d850 mm \u2013 Ayarlanabilir Debili Havuz Nozulu -\",\"isPartOf\":{\"@id\":\"https:\/\/www.havuzadairhersey.com\/#website\"},\"primaryImageOfPage\":{\"@id\":\"https:\/\/www.havuzadairhersey.com\/index.php\/urun\/tabandan-besleme-nozulu-debi-ayarli-mafsalli-o63-mm-o50-mm-ayarlanabilir-debili-havuz-nozulu\/#primaryimage\"},\"image\":{\"@id\":\"https:\/\/www.havuzadairhersey.com\/index.php\/urun\/tabandan-besleme-nozulu-debi-ayarli-mafsalli-o63-mm-o50-mm-ayarlanabilir-debili-havuz-nozulu\/#primaryimage\"},\"thumbnailUrl\":\"https:\/\/www.havuzadairhersey.com\/wp-content\/uploads\/2025\/04\/1-293.png\",\"datePublished\":\"2025-04-24T19:53:16+00:00\",\"dateModified\":\"2025-05-30T19:36:51+00:00\",\"breadcrumb\":{\"@id\":\"https:\/\/www.havuzadairhersey.com\/index.php\/urun\/tabandan-besleme-nozulu-debi-ayarli-mafsalli-o63-mm-o50-mm-ayarlanabilir-debili-havuz-nozulu\/#breadcrumb\"},\"inLanguage\":\"tr\",\"potentialAction\":[{\"@type\":\"ReadAction\",\"target\":[\"https:\/\/www.havuzadairhersey.com\/index.php\/urun\/tabandan-besleme-nozulu-debi-ayarli-mafsalli-o63-mm-o50-mm-ayarlanabilir-debili-havuz-nozulu\/\"]}]},{\"@type\":\"ImageObject\",\"inLanguage\":\"tr\",\"@id\":\"https:\/\/www.havuzadairhersey.com\/index.php\/urun\/tabandan-besleme-nozulu-debi-ayarli-mafsalli-o63-mm-o50-mm-ayarlanabilir-debili-havuz-nozulu\/#primaryimage\",\"url\":\"https:\/\/www.havuzadairhersey.com\/wp-content\/uploads\/2025\/04\/1-293.png\",\"contentUrl\":\"https:\/\/www.havuzadairhersey.com\/wp-content\/uploads\/2025\/04\/1-293.png\",\"width\":1875,\"height\":2000,\"caption\":\"Tabandan besleme mafsall\u0131 nozulu, debi ayarl\u0131 yap\u0131 ve profesyonel havuz uygulamalar\u0131 i\u00e7in\"},{\"@type\":\"BreadcrumbList\",\"@id\":\"https:\/\/www.havuzadairhersey.com\/index.php\/urun\/tabandan-besleme-nozulu-debi-ayarli-mafsalli-o63-mm-o50-mm-ayarlanabilir-debili-havuz-nozulu\/#breadcrumb\",\"itemListElement\":[{\"@type\":\"ListItem\",\"position\":1,\"name\":\"Anasayfa\",\"item\":\"https:\/\/www.havuzadairhersey.com\/\"},{\"@type\":\"ListItem\",\"position\":2,\"name\":\"Ma\u011faza\",\"item\":\"https:\/\/www.havuzadairhersey.com\/\"},{\"@type\":\"ListItem\",\"position\":3,\"name\":\"Tabandan Besleme Nozulu Debi Ayarl\u0131 Mafsall\u0131 \u00d863 mm \u00d850 mm \u2013 Ayarlanabilir Debili Havuz Nozulu\"}]},{\"@type\":\"WebSite\",\"@id\":\"https:\/\/www.havuzadairhersey.com\/#website\",\"url\":\"https:\/\/www.havuzadairhersey.com\/\",\"name\":\"\",\"description\":\"Havuza dair arad\u0131\u011f\u0131n\u0131z her\u015fey burada...\",\"potentialAction\":[{\"@type\":\"SearchAction\",\"target\":{\"@type\":\"EntryPoint\",\"urlTemplate\":\"https:\/\/www.havuzadairhersey.com\/?s={search_term_string}\"},\"query-input\":{\"@type\":\"PropertyValueSpecification\",\"valueRequired\":true,\"valueName\":\"search_term_string\"}}],\"inLanguage\":\"tr\"}]}<\/script>\n<!-- \/ Yoast SEO plugin. -->","yoast_head_json":{"title":"Tabandan Besleme Nozulu Debi Ayarl\u0131 Mafsall\u0131 \u00d863 mm \u00d850 mm \u2013 Ayarlanabilir Debili Havuz Nozulu -","robots":{"index":"index","follow":"follow","max-snippet":"max-snippet:-1","max-image-preview":"max-image-preview:large","max-video-preview":"max-video-preview:-1"},"canonical":"https:\/\/www.havuzadairhersey.com\/index.php\/urun\/tabandan-besleme-nozulu-debi-ayarli-mafsalli-o63-mm-o50-mm-ayarlanabilir-debili-havuz-nozulu\/","og_locale":"tr_TR","og_type":"article","og_title":"Tabandan Besleme Nozulu Debi Ayarl\u0131 Mafsall\u0131 \u00d863 mm \u00d850 mm \u2013 Ayarlanabilir Debili Havuz Nozulu -","og_description":"Ayarlanabilir debili ve mafsall\u0131 havuz taban nozulu, \u00d863 mm d\u0131\u015f \u00e7ap, \u00d850 mm i\u00e7 \u00e7ap. 16\u2019l\u0131 paketlerde sunulur.","og_url":"https:\/\/www.havuzadairhersey.com\/index.php\/urun\/tabandan-besleme-nozulu-debi-ayarli-mafsalli-o63-mm-o50-mm-ayarlanabilir-debili-havuz-nozulu\/","article_modified_time":"2025-05-30T19:36:51+00:00","og_image":[{"width":1875,"height":2000,"url":"https:\/\/www.havuzadairhersey.com\/wp-content\/uploads\/2025\/04\/1-293.png","type":"image\/png"}],"twitter_card":"summary_large_image","schema":{"@context":"https:\/\/schema.org","@graph":[{"@type":"WebPage","@id":"https:\/\/www.havuzadairhersey.com\/index.php\/urun\/tabandan-besleme-nozulu-debi-ayarli-mafsalli-o63-mm-o50-mm-ayarlanabilir-debili-havuz-nozulu\/","url":"https:\/\/www.havuzadairhersey.com\/index.php\/urun\/tabandan-besleme-nozulu-debi-ayarli-mafsalli-o63-mm-o50-mm-ayarlanabilir-debili-havuz-nozulu\/","name":"Tabandan Besleme Nozulu Debi Ayarl\u0131 Mafsall\u0131 \u00d863 mm \u00d850 mm \u2013 Ayarlanabilir Debili Havuz Nozulu -","isPartOf":{"@id":"https:\/\/www.havuzadairhersey.com\/#website"},"primaryImageOfPage":{"@id":"https:\/\/www.havuzadairhersey.com\/index.php\/urun\/tabandan-besleme-nozulu-debi-ayarli-mafsalli-o63-mm-o50-mm-ayarlanabilir-debili-havuz-nozulu\/#primaryimage"},"image":{"@id":"https:\/\/www.havuzadairhersey.com\/index.php\/urun\/tabandan-besleme-nozulu-debi-ayarli-mafsalli-o63-mm-o50-mm-ayarlanabilir-debili-havuz-nozulu\/#primaryimage"},"thumbnailUrl":"https:\/\/www.havuzadairhersey.com\/wp-content\/uploads\/2025\/04\/1-293.png","datePublished":"2025-04-24T19:53:16+00:00","dateModified":"2025-05-30T19:36:51+00:00","breadcrumb":{"@id":"https:\/\/www.havuzadairhersey.com\/index.php\/urun\/tabandan-besleme-nozulu-debi-ayarli-mafsalli-o63-mm-o50-mm-ayarlanabilir-debili-havuz-nozulu\/#breadcrumb"},"inLanguage":"tr","potentialAction":[{"@type":"ReadAction","target":["https:\/\/www.havuzadairhersey.com\/index.php\/urun\/tabandan-besleme-nozulu-debi-ayarli-mafsalli-o63-mm-o50-mm-ayarlanabilir-debili-havuz-nozulu\/"]}]},{"@type":"ImageObject","inLanguage":"tr","@id":"https:\/\/www.havuzadairhersey.com\/index.php\/urun\/tabandan-besleme-nozulu-debi-ayarli-mafsalli-o63-mm-o50-mm-ayarlanabilir-debili-havuz-nozulu\/#primaryimage","url":"https:\/\/www.havuzadairhersey.com\/wp-content\/uploads\/2025\/04\/1-293.png","contentUrl":"https:\/\/www.havuzadairhersey.com\/wp-content\/uploads\/2025\/04\/1-293.png","width":1875,"height":2000,"caption":"Tabandan besleme mafsall\u0131 nozulu, debi ayarl\u0131 yap\u0131 ve profesyonel havuz uygulamalar\u0131 i\u00e7in"},{"@type":"BreadcrumbList","@id":"https:\/\/www.havuzadairhersey.com\/index.php\/urun\/tabandan-besleme-nozulu-debi-ayarli-mafsalli-o63-mm-o50-mm-ayarlanabilir-debili-havuz-nozulu\/#breadcrumb","itemListElement":[{"@type":"ListItem","position":1,"name":"Anasayfa","item":"https:\/\/www.havuzadairhersey.com\/"},{"@type":"ListItem","position":2,"name":"Ma\u011faza","item":"https:\/\/www.havuzadairhersey.com\/"},{"@type":"ListItem","position":3,"name":"Tabandan Besleme Nozulu Debi Ayarl\u0131 Mafsall\u0131 \u00d863 mm \u00d850 mm \u2013 Ayarlanabilir Debili Havuz Nozulu"}]},{"@type":"WebSite","@id":"https:\/\/www.havuzadairhersey.com\/#website","url":"https:\/\/www.havuzadairhersey.com\/","name":"","description":"Havuza dair arad\u0131\u011f\u0131n\u0131z her\u015fey burada...","potentialAction":[{"@type":"SearchAction","target":{"@type":"EntryPoint","urlTemplate":"https:\/\/www.havuzadairhersey.com\/?s={search_term_string}"},"query-input":{"@type":"PropertyValueSpecification","valueRequired":true,"valueName":"search_term_string"}}],"inLanguage":"tr"}]}},"_links":{"self":[{"href":"https:\/\/www.havuzadairhersey.com\/index.php\/wp-json\/wp\/v2\/product\/2395","targetHints":{"allow":["GET"]}}],"collection":[{"href":"https:\/\/www.havuzadairhersey.com\/index.php\/wp-json\/wp\/v2\/product"}],"about":[{"href":"https:\/\/www.havuzadairhersey.com\/index.php\/wp-json\/wp\/v2\/types\/product"}],"replies":[{"embeddable":true,"href":"https:\/\/www.havuzadairhersey.com\/index.php\/wp-json\/wp\/v2\/comments?post=2395"}],"wp:featuredmedia":[{"embeddable":true,"href":"https:\/\/www.havuzadairhersey.com\/index.php\/wp-json\/wp\/v2\/media\/2396"}],"wp:attachment":[{"href":"https:\/\/www.havuzadairhersey.com\/index.php\/wp-json\/wp\/v2\/media?parent=2395"}],"wp:term":[{"taxonomy":"product_brand","embeddable":true,"href":"https:\/\/www.havuzadairhersey.com\/index.php\/wp-json\/wp\/v2\/product_brand?post=2395"},{"taxonomy":"product_cat","embeddable":true,"href":"https:\/\/www.havuzadairhersey.com\/index.php\/wp-json\/wp\/v2\/product_cat?post=2395"},{"taxonomy":"product_tag","embeddable":true,"href":"https:\/\/www.havuzadairhersey.com\/index.php\/wp-json\/wp\/v2\/product_tag?post=2395"}],"curies":[{"name":"wp","href":"https:\/\/api.w.org\/{rel}","templated":true}]}}