{"id":2398,"date":"2025-04-24T23:00:30","date_gmt":"2025-04-24T20:00:30","guid":{"rendered":"https:\/\/www.havuzadairhersey.com\/?post_type=product&#038;p=2398"},"modified":"2025-05-30T22:36:37","modified_gmt":"2025-05-30T19:36:37","slug":"63-mm-yandan-besleme-kureli-mafsalli-nozul-50-mm-ic-capli-havuz-suyu-giris-aparati","status":"publish","type":"product","link":"https:\/\/www.havuzadairhersey.com\/index.php\/urun\/63-mm-yandan-besleme-kureli-mafsalli-nozul-50-mm-ic-capli-havuz-suyu-giris-aparati\/","title":{"rendered":"63 mm Yandan Besleme K\u00fcreli Mafsall\u0131 Nozul, 50 mm \u0130\u00e7 \u00c7apl\u0131, Havuz Suyu Giri\u015f Aparat\u0131"},"content":{"rendered":"<p>Bu yandan besleme nozul, mafsall\u0131 ve k\u00fcreli yap\u0131s\u0131yla y\u00f6nlendirme esnekli\u011fi sunarak havuz suyu sirk\u00fclasyonunu optimize eder. \u00d863 mm d\u0131\u015f \u00e7ap ve \u00d850 mm i\u00e7 \u00e7ap \u00f6l\u00e7\u00fclerine sahip olan bu \u00fcr\u00fcn, y\u00fcksek kaliteli plastikten \u00fcretilmi\u015ftir. 16\u2019l\u0131 paket olarak sunulan bu model, her t\u00fcrl\u00fc ticari ve \u00f6zel y\u00fczme havuzu projelerinde g\u00fcvenle kullan\u0131labilir. 1,422 kg paket a\u011f\u0131rl\u0131\u011f\u0131 ve 0,04 m\u00b3 hacmi ile hem montaj hem de depolama kolayl\u0131\u011f\u0131 sa\u011flar.<\/p>\n","protected":false},"excerpt":{"rendered":"<p>K\u00fcreli ve mafsall\u0131, \u00d863 mm d\u0131\u015f ve \u00d850 mm i\u00e7 \u00e7apl\u0131 yandan besleme havuz nozulu.<\/p>\n","protected":false},"featured_media":2399,"comment_status":"open","ping_status":"closed","template":"","meta":{"site-sidebar-layout":"default","site-content-layout":"","ast-site-content-layout":"default","site-content-style":"default","site-sidebar-style":"default","ast-global-header-display":"","ast-banner-title-visibility":"","ast-main-header-display":"","ast-hfb-above-header-display":"","ast-hfb-below-header-display":"","ast-hfb-mobile-header-display":"","site-post-title":"","ast-breadcrumbs-content":"","ast-featured-img":"","footer-sml-layout":"","theme-transparent-header-meta":"default","adv-header-id-meta":"","stick-header-meta":"","header-above-stick-meta":"","header-main-stick-meta":"","header-below-stick-meta":"","astra-migrate-meta-layouts":"set","ast-page-background-enabled":"default","ast-page-background-meta":{"desktop":{"background-color":"var(--ast-global-color-5)","background-image":"","background-repeat":"repeat","background-position":"center center","background-size":"auto","background-attachment":"scroll","background-type":"","background-media":"","overlay-type":"","overlay-color":"","overlay-opacity":"","overlay-gradient":""},"tablet":{"background-color":"","background-image":"","background-repeat":"repeat","background-position":"center center","background-size":"auto","background-attachment":"scroll","background-type":"","background-media":"","overlay-type":"","overlay-color":"","overlay-opacity":"","overlay-gradient":""},"mobile":{"background-color":"","background-image":"","background-repeat":"repeat","background-position":"center center","background-size":"auto","background-attachment":"scroll","background-type":"","background-media":"","overlay-type":"","overlay-color":"","overlay-opacity":"","overlay-gradient":""}},"ast-content-background-meta":{"desktop":{"background-color":"var(--ast-global-color-4)","background-image":"","background-repeat":"repeat","background-position":"center center","background-size":"auto","background-attachment":"scroll","background-type":"","background-media":"","overlay-type":"","overlay-color":"","overlay-opacity":"","overlay-gradient":""},"tablet":{"background-color":"var(--ast-global-color-4)","background-image":"","background-repeat":"repeat","background-position":"center center","background-size":"auto","background-attachment":"scroll","background-type":"","background-media":"","overlay-type":"","overlay-color":"","overlay-opacity":"","overlay-gradient":""},"mobile":{"background-color":"var(--ast-global-color-4)","background-image":"","background-repeat":"repeat","background-position":"center center","background-size":"auto","background-attachment":"scroll","background-type":"","background-media":"","overlay-type":"","overlay-color":"","overlay-opacity":"","overlay-gradient":""}}},"product_brand":[3201],"product_cat":[770],"product_tag":[3534,311,3533,462,3482,3535,3537,3539,2206,3536,3529,775,3538],"class_list":{"0":"post-2398","1":"product","2":"type-product","3":"status-publish","4":"has-post-thumbnail","6":"product_brand-er","7":"product_cat-havuz-besi-nozullari","8":"product_tag-63mm-havuz-nozulu","9":"product_tag-havuz-ekipmani","10":"product_tag-havuz-su-giris-nozulu","11":"product_tag-havuz-yedek-parca","12":"product_tag-kureli-nozul","13":"product_tag-mafsalli-nozul","14":"product_tag-nozul-aparat","15":"product_tag-nozul-baglanti-parcasi","16":"product_tag-plastik-havuz-nozulu","17":"product_tag-profesyonel-havuz-nozulu","18":"product_tag-su-sirkulasyon-nozulu","19":"product_tag-yandan-besleme-nozulu","20":"product_tag-yonlendirilebilir-nozul","21":"desktop-align-left","22":"tablet-align-left","23":"mobile-align-left","25":"first","26":"instock","27":"shipping-taxable","28":"purchasable","29":"product-type-simple"},"yoast_head":"<!-- This site is optimized with the Yoast SEO plugin v25.0 - https:\/\/yoast.com\/wordpress\/plugins\/seo\/ -->\n<title>63 mm Yandan Besleme K\u00fcreli Mafsall\u0131 Nozul, 50 mm \u0130\u00e7 \u00c7apl\u0131, Havuz Suyu Giri\u015f Aparat\u0131 -<\/title>\n<meta name=\"robots\" content=\"index, follow, max-snippet:-1, max-image-preview:large, max-video-preview:-1\" \/>\n<link rel=\"canonical\" href=\"https:\/\/www.havuzadairhersey.com\/index.php\/urun\/63-mm-yandan-besleme-kureli-mafsalli-nozul-50-mm-ic-capli-havuz-suyu-giris-aparati\/\" \/>\n<meta property=\"og:locale\" content=\"tr_TR\" \/>\n<meta property=\"og:type\" content=\"article\" \/>\n<meta property=\"og:title\" content=\"63 mm Yandan Besleme K\u00fcreli Mafsall\u0131 Nozul, 50 mm \u0130\u00e7 \u00c7apl\u0131, Havuz Suyu Giri\u015f Aparat\u0131 -\" \/>\n<meta property=\"og:description\" content=\"K\u00fcreli ve mafsall\u0131, \u00d863 mm d\u0131\u015f ve \u00d850 mm i\u00e7 \u00e7apl\u0131 yandan besleme havuz nozulu.\" \/>\n<meta property=\"og:url\" content=\"https:\/\/www.havuzadairhersey.com\/index.php\/urun\/63-mm-yandan-besleme-kureli-mafsalli-nozul-50-mm-ic-capli-havuz-suyu-giris-aparati\/\" \/>\n<meta property=\"article:modified_time\" content=\"2025-05-30T19:36:37+00:00\" \/>\n<meta property=\"og:image\" content=\"https:\/\/www.havuzadairhersey.com\/wp-content\/uploads\/2025\/04\/1-294.png\" \/>\n\t<meta property=\"og:image:width\" content=\"1875\" \/>\n\t<meta property=\"og:image:height\" content=\"2000\" \/>\n\t<meta property=\"og:image:type\" content=\"image\/png\" \/>\n<meta name=\"twitter:card\" content=\"summary_large_image\" \/>\n<script type=\"application\/ld+json\" class=\"yoast-schema-graph\">{\"@context\":\"https:\/\/schema.org\",\"@graph\":[{\"@type\":\"WebPage\",\"@id\":\"https:\/\/www.havuzadairhersey.com\/index.php\/urun\/63-mm-yandan-besleme-kureli-mafsalli-nozul-50-mm-ic-capli-havuz-suyu-giris-aparati\/\",\"url\":\"https:\/\/www.havuzadairhersey.com\/index.php\/urun\/63-mm-yandan-besleme-kureli-mafsalli-nozul-50-mm-ic-capli-havuz-suyu-giris-aparati\/\",\"name\":\"63 mm Yandan Besleme K\u00fcreli Mafsall\u0131 Nozul, 50 mm \u0130\u00e7 \u00c7apl\u0131, Havuz Suyu Giri\u015f Aparat\u0131 -\",\"isPartOf\":{\"@id\":\"https:\/\/www.havuzadairhersey.com\/#website\"},\"primaryImageOfPage\":{\"@id\":\"https:\/\/www.havuzadairhersey.com\/index.php\/urun\/63-mm-yandan-besleme-kureli-mafsalli-nozul-50-mm-ic-capli-havuz-suyu-giris-aparati\/#primaryimage\"},\"image\":{\"@id\":\"https:\/\/www.havuzadairhersey.com\/index.php\/urun\/63-mm-yandan-besleme-kureli-mafsalli-nozul-50-mm-ic-capli-havuz-suyu-giris-aparati\/#primaryimage\"},\"thumbnailUrl\":\"https:\/\/www.havuzadairhersey.com\/wp-content\/uploads\/2025\/04\/1-294.png\",\"datePublished\":\"2025-04-24T20:00:30+00:00\",\"dateModified\":\"2025-05-30T19:36:37+00:00\",\"breadcrumb\":{\"@id\":\"https:\/\/www.havuzadairhersey.com\/index.php\/urun\/63-mm-yandan-besleme-kureli-mafsalli-nozul-50-mm-ic-capli-havuz-suyu-giris-aparati\/#breadcrumb\"},\"inLanguage\":\"tr\",\"potentialAction\":[{\"@type\":\"ReadAction\",\"target\":[\"https:\/\/www.havuzadairhersey.com\/index.php\/urun\/63-mm-yandan-besleme-kureli-mafsalli-nozul-50-mm-ic-capli-havuz-suyu-giris-aparati\/\"]}]},{\"@type\":\"ImageObject\",\"inLanguage\":\"tr\",\"@id\":\"https:\/\/www.havuzadairhersey.com\/index.php\/urun\/63-mm-yandan-besleme-kureli-mafsalli-nozul-50-mm-ic-capli-havuz-suyu-giris-aparati\/#primaryimage\",\"url\":\"https:\/\/www.havuzadairhersey.com\/wp-content\/uploads\/2025\/04\/1-294.png\",\"contentUrl\":\"https:\/\/www.havuzadairhersey.com\/wp-content\/uploads\/2025\/04\/1-294.png\",\"width\":1875,\"height\":2000,\"caption\":\"Y\u00fcksek performansl\u0131 y\u00f6nlendirilebilir havuz nozulu\"},{\"@type\":\"BreadcrumbList\",\"@id\":\"https:\/\/www.havuzadairhersey.com\/index.php\/urun\/63-mm-yandan-besleme-kureli-mafsalli-nozul-50-mm-ic-capli-havuz-suyu-giris-aparati\/#breadcrumb\",\"itemListElement\":[{\"@type\":\"ListItem\",\"position\":1,\"name\":\"Anasayfa\",\"item\":\"https:\/\/www.havuzadairhersey.com\/\"},{\"@type\":\"ListItem\",\"position\":2,\"name\":\"Ma\u011faza\",\"item\":\"https:\/\/www.havuzadairhersey.com\/\"},{\"@type\":\"ListItem\",\"position\":3,\"name\":\"63 mm Yandan Besleme K\u00fcreli Mafsall\u0131 Nozul, 50 mm \u0130\u00e7 \u00c7apl\u0131, Havuz Suyu Giri\u015f Aparat\u0131\"}]},{\"@type\":\"WebSite\",\"@id\":\"https:\/\/www.havuzadairhersey.com\/#website\",\"url\":\"https:\/\/www.havuzadairhersey.com\/\",\"name\":\"\",\"description\":\"Havuza dair arad\u0131\u011f\u0131n\u0131z her\u015fey burada...\",\"potentialAction\":[{\"@type\":\"SearchAction\",\"target\":{\"@type\":\"EntryPoint\",\"urlTemplate\":\"https:\/\/www.havuzadairhersey.com\/?s={search_term_string}\"},\"query-input\":{\"@type\":\"PropertyValueSpecification\",\"valueRequired\":true,\"valueName\":\"search_term_string\"}}],\"inLanguage\":\"tr\"}]}<\/script>\n<!-- \/ Yoast SEO plugin. -->","yoast_head_json":{"title":"63 mm Yandan Besleme K\u00fcreli Mafsall\u0131 Nozul, 50 mm \u0130\u00e7 \u00c7apl\u0131, Havuz Suyu Giri\u015f Aparat\u0131 -","robots":{"index":"index","follow":"follow","max-snippet":"max-snippet:-1","max-image-preview":"max-image-preview:large","max-video-preview":"max-video-preview:-1"},"canonical":"https:\/\/www.havuzadairhersey.com\/index.php\/urun\/63-mm-yandan-besleme-kureli-mafsalli-nozul-50-mm-ic-capli-havuz-suyu-giris-aparati\/","og_locale":"tr_TR","og_type":"article","og_title":"63 mm Yandan Besleme K\u00fcreli Mafsall\u0131 Nozul, 50 mm \u0130\u00e7 \u00c7apl\u0131, Havuz Suyu Giri\u015f Aparat\u0131 -","og_description":"K\u00fcreli ve mafsall\u0131, \u00d863 mm d\u0131\u015f ve \u00d850 mm i\u00e7 \u00e7apl\u0131 yandan besleme havuz nozulu.","og_url":"https:\/\/www.havuzadairhersey.com\/index.php\/urun\/63-mm-yandan-besleme-kureli-mafsalli-nozul-50-mm-ic-capli-havuz-suyu-giris-aparati\/","article_modified_time":"2025-05-30T19:36:37+00:00","og_image":[{"width":1875,"height":2000,"url":"https:\/\/www.havuzadairhersey.com\/wp-content\/uploads\/2025\/04\/1-294.png","type":"image\/png"}],"twitter_card":"summary_large_image","schema":{"@context":"https:\/\/schema.org","@graph":[{"@type":"WebPage","@id":"https:\/\/www.havuzadairhersey.com\/index.php\/urun\/63-mm-yandan-besleme-kureli-mafsalli-nozul-50-mm-ic-capli-havuz-suyu-giris-aparati\/","url":"https:\/\/www.havuzadairhersey.com\/index.php\/urun\/63-mm-yandan-besleme-kureli-mafsalli-nozul-50-mm-ic-capli-havuz-suyu-giris-aparati\/","name":"63 mm Yandan Besleme K\u00fcreli Mafsall\u0131 Nozul, 50 mm \u0130\u00e7 \u00c7apl\u0131, Havuz Suyu Giri\u015f Aparat\u0131 -","isPartOf":{"@id":"https:\/\/www.havuzadairhersey.com\/#website"},"primaryImageOfPage":{"@id":"https:\/\/www.havuzadairhersey.com\/index.php\/urun\/63-mm-yandan-besleme-kureli-mafsalli-nozul-50-mm-ic-capli-havuz-suyu-giris-aparati\/#primaryimage"},"image":{"@id":"https:\/\/www.havuzadairhersey.com\/index.php\/urun\/63-mm-yandan-besleme-kureli-mafsalli-nozul-50-mm-ic-capli-havuz-suyu-giris-aparati\/#primaryimage"},"thumbnailUrl":"https:\/\/www.havuzadairhersey.com\/wp-content\/uploads\/2025\/04\/1-294.png","datePublished":"2025-04-24T20:00:30+00:00","dateModified":"2025-05-30T19:36:37+00:00","breadcrumb":{"@id":"https:\/\/www.havuzadairhersey.com\/index.php\/urun\/63-mm-yandan-besleme-kureli-mafsalli-nozul-50-mm-ic-capli-havuz-suyu-giris-aparati\/#breadcrumb"},"inLanguage":"tr","potentialAction":[{"@type":"ReadAction","target":["https:\/\/www.havuzadairhersey.com\/index.php\/urun\/63-mm-yandan-besleme-kureli-mafsalli-nozul-50-mm-ic-capli-havuz-suyu-giris-aparati\/"]}]},{"@type":"ImageObject","inLanguage":"tr","@id":"https:\/\/www.havuzadairhersey.com\/index.php\/urun\/63-mm-yandan-besleme-kureli-mafsalli-nozul-50-mm-ic-capli-havuz-suyu-giris-aparati\/#primaryimage","url":"https:\/\/www.havuzadairhersey.com\/wp-content\/uploads\/2025\/04\/1-294.png","contentUrl":"https:\/\/www.havuzadairhersey.com\/wp-content\/uploads\/2025\/04\/1-294.png","width":1875,"height":2000,"caption":"Y\u00fcksek performansl\u0131 y\u00f6nlendirilebilir havuz nozulu"},{"@type":"BreadcrumbList","@id":"https:\/\/www.havuzadairhersey.com\/index.php\/urun\/63-mm-yandan-besleme-kureli-mafsalli-nozul-50-mm-ic-capli-havuz-suyu-giris-aparati\/#breadcrumb","itemListElement":[{"@type":"ListItem","position":1,"name":"Anasayfa","item":"https:\/\/www.havuzadairhersey.com\/"},{"@type":"ListItem","position":2,"name":"Ma\u011faza","item":"https:\/\/www.havuzadairhersey.com\/"},{"@type":"ListItem","position":3,"name":"63 mm Yandan Besleme K\u00fcreli Mafsall\u0131 Nozul, 50 mm \u0130\u00e7 \u00c7apl\u0131, Havuz Suyu Giri\u015f Aparat\u0131"}]},{"@type":"WebSite","@id":"https:\/\/www.havuzadairhersey.com\/#website","url":"https:\/\/www.havuzadairhersey.com\/","name":"","description":"Havuza dair arad\u0131\u011f\u0131n\u0131z her\u015fey burada...","potentialAction":[{"@type":"SearchAction","target":{"@type":"EntryPoint","urlTemplate":"https:\/\/www.havuzadairhersey.com\/?s={search_term_string}"},"query-input":{"@type":"PropertyValueSpecification","valueRequired":true,"valueName":"search_term_string"}}],"inLanguage":"tr"}]}},"_links":{"self":[{"href":"https:\/\/www.havuzadairhersey.com\/index.php\/wp-json\/wp\/v2\/product\/2398","targetHints":{"allow":["GET"]}}],"collection":[{"href":"https:\/\/www.havuzadairhersey.com\/index.php\/wp-json\/wp\/v2\/product"}],"about":[{"href":"https:\/\/www.havuzadairhersey.com\/index.php\/wp-json\/wp\/v2\/types\/product"}],"replies":[{"embeddable":true,"href":"https:\/\/www.havuzadairhersey.com\/index.php\/wp-json\/wp\/v2\/comments?post=2398"}],"wp:featuredmedia":[{"embeddable":true,"href":"https:\/\/www.havuzadairhersey.com\/index.php\/wp-json\/wp\/v2\/media\/2399"}],"wp:attachment":[{"href":"https:\/\/www.havuzadairhersey.com\/index.php\/wp-json\/wp\/v2\/media?parent=2398"}],"wp:term":[{"taxonomy":"product_brand","embeddable":true,"href":"https:\/\/www.havuzadairhersey.com\/index.php\/wp-json\/wp\/v2\/product_brand?post=2398"},{"taxonomy":"product_cat","embeddable":true,"href":"https:\/\/www.havuzadairhersey.com\/index.php\/wp-json\/wp\/v2\/product_cat?post=2398"},{"taxonomy":"product_tag","embeddable":true,"href":"https:\/\/www.havuzadairhersey.com\/index.php\/wp-json\/wp\/v2\/product_tag?post=2398"}],"curies":[{"name":"wp","href":"https:\/\/api.w.org\/{rel}","templated":true}]}}