{"id":2410,"date":"2025-04-24T23:11:59","date_gmt":"2025-04-24T20:11:59","guid":{"rendered":"https:\/\/www.havuzadairhersey.com\/?post_type=product&#038;p=2410"},"modified":"2025-05-30T22:35:48","modified_gmt":"2025-05-30T19:35:48","slug":"mafsalli-tabandan-besleme-nozulu-yandan-cikisli-o63-mm-dis-o50-mm-ic-baglanti","status":"publish","type":"product","link":"https:\/\/www.havuzadairhersey.com\/index.php\/urun\/mafsalli-tabandan-besleme-nozulu-yandan-cikisli-o63-mm-dis-o50-mm-ic-baglanti\/","title":{"rendered":"Mafsall\u0131 Tabandan Besleme Nozulu, Yandan \u00c7\u0131k\u0131\u015fl\u0131, \u00d863 mm D\u0131\u015f, \u00d850 mm \u0130\u00e7 Ba\u011flant\u0131"},"content":{"rendered":"<p>Bu yeni jenerasyon mafsall\u0131 tabandan besleme nozulu, modern havuz sistemleri i\u00e7in geli\u015ftirilmi\u015f yenilik\u00e7i bir \u00e7\u00f6z\u00fcmd\u00fcr. \u00d863 mm d\u0131\u015f \u00e7ap ve \u00d850 mm i\u00e7 ba\u011flant\u0131 \u00f6l\u00e7\u00fcleri ile standart havuz ba\u011flant\u0131lar\u0131na tam uyumludur. Mafsall\u0131 kapak yap\u0131s\u0131 sayesinde temizlik ve bak\u0131m i\u015flemlerinde b\u00fcy\u00fck kolayl\u0131k sa\u011flar. Y\u00fcksek kaliteli malzemeden \u00fcretilmi\u015f olan bu nozul, yandan \u00e7\u0131k\u0131\u015fl\u0131 tasar\u0131m\u0131 sayesinde etkili su da\u011f\u0131l\u0131m\u0131 sunar. 16 adetlik paketler halinde sunulur. Paket a\u011f\u0131rl\u0131\u011f\u0131 1,372 kg ve hacmi 0,04 m\u00b3\u2019t\u00fcr. Profesyonel ve bireysel kullan\u0131m i\u00e7in idealdir.<\/p>\n","protected":false},"excerpt":{"rendered":"<p>Yeni jenerasyon yandan \u00e7\u0131k\u0131\u015fl\u0131 tabandan besleme nozulu, \u00d863 mm d\u0131\u015f ve \u00d850 mm i\u00e7 \u00e7apl\u0131, mafsall\u0131 ve dayan\u0131kl\u0131 yap\u0131dad\u0131r.<\/p>\n","protected":false},"featured_media":2411,"comment_status":"open","ping_status":"closed","template":"","meta":{"site-sidebar-layout":"default","site-content-layout":"","ast-site-content-layout":"default","site-content-style":"default","site-sidebar-style":"default","ast-global-header-display":"","ast-banner-title-visibility":"","ast-main-header-display":"","ast-hfb-above-header-display":"","ast-hfb-below-header-display":"","ast-hfb-mobile-header-display":"","site-post-title":"","ast-breadcrumbs-content":"","ast-featured-img":"","footer-sml-layout":"","theme-transparent-header-meta":"default","adv-header-id-meta":"","stick-header-meta":"","header-above-stick-meta":"","header-main-stick-meta":"","header-below-stick-meta":"","astra-migrate-meta-layouts":"set","ast-page-background-enabled":"default","ast-page-background-meta":{"desktop":{"background-color":"var(--ast-global-color-5)","background-image":"","background-repeat":"repeat","background-position":"center center","background-size":"auto","background-attachment":"scroll","background-type":"","background-media":"","overlay-type":"","overlay-color":"","overlay-opacity":"","overlay-gradient":""},"tablet":{"background-color":"","background-image":"","background-repeat":"repeat","background-position":"center center","background-size":"auto","background-attachment":"scroll","background-type":"","background-media":"","overlay-type":"","overlay-color":"","overlay-opacity":"","overlay-gradient":""},"mobile":{"background-color":"","background-image":"","background-repeat":"repeat","background-position":"center center","background-size":"auto","background-attachment":"scroll","background-type":"","background-media":"","overlay-type":"","overlay-color":"","overlay-opacity":"","overlay-gradient":""}},"ast-content-background-meta":{"desktop":{"background-color":"var(--ast-global-color-4)","background-image":"","background-repeat":"repeat","background-position":"center center","background-size":"auto","background-attachment":"scroll","background-type":"","background-media":"","overlay-type":"","overlay-color":"","overlay-opacity":"","overlay-gradient":""},"tablet":{"background-color":"var(--ast-global-color-4)","background-image":"","background-repeat":"repeat","background-position":"center center","background-size":"auto","background-attachment":"scroll","background-type":"","background-media":"","overlay-type":"","overlay-color":"","overlay-opacity":"","overlay-gradient":""},"mobile":{"background-color":"var(--ast-global-color-4)","background-image":"","background-repeat":"repeat","background-position":"center center","background-size":"auto","background-attachment":"scroll","background-type":"","background-media":"","overlay-type":"","overlay-color":"","overlay-opacity":"","overlay-gradient":""}}},"product_brand":[3201],"product_cat":[770],"product_tag":[3564,3563,3565,3551,311,3548,3566,3568,3567,3472,3562,3561,3569],"class_list":{"0":"post-2410","1":"product","2":"type-product","3":"status-publish","4":"has-post-thumbnail","6":"product_brand-er","7":"product_cat-havuz-besi-nozullari","8":"product_tag-50mm-ic-cap","9":"product_tag-63mm-dis-cap","10":"product_tag-dayanikli-nozul","11":"product_tag-havuz-baglanti-aparati","12":"product_tag-havuz-ekipmani","13":"product_tag-mafsalli-havuz-nozulu","14":"product_tag-modern-havuz-sistemi","15":"product_tag-profesyonel-havuz-parcasi","16":"product_tag-su-dagitim-basligi","17":"product_tag-tabandan-besleme-nozulu","18":"product_tag-yandan-cikisli-havuz-basligi","19":"product_tag-yeni-jenerasyon-nozul","20":"product_tag-yenilikci-havuz-nozulu","21":"desktop-align-left","22":"tablet-align-left","23":"mobile-align-left","25":"first","26":"instock","27":"shipping-taxable","28":"purchasable","29":"product-type-simple"},"yoast_head":"<!-- This site is optimized with the Yoast SEO plugin v25.0 - https:\/\/yoast.com\/wordpress\/plugins\/seo\/ -->\n<title>Mafsall\u0131 Tabandan Besleme Nozulu, Yandan \u00c7\u0131k\u0131\u015fl\u0131, \u00d863 mm D\u0131\u015f, \u00d850 mm \u0130\u00e7 Ba\u011flant\u0131 -<\/title>\n<meta name=\"robots\" content=\"index, follow, max-snippet:-1, max-image-preview:large, max-video-preview:-1\" \/>\n<link rel=\"canonical\" href=\"https:\/\/www.havuzadairhersey.com\/index.php\/urun\/mafsalli-tabandan-besleme-nozulu-yandan-cikisli-o63-mm-dis-o50-mm-ic-baglanti\/\" \/>\n<meta property=\"og:locale\" content=\"tr_TR\" \/>\n<meta property=\"og:type\" content=\"article\" \/>\n<meta property=\"og:title\" content=\"Mafsall\u0131 Tabandan Besleme Nozulu, Yandan \u00c7\u0131k\u0131\u015fl\u0131, \u00d863 mm D\u0131\u015f, \u00d850 mm \u0130\u00e7 Ba\u011flant\u0131 -\" \/>\n<meta property=\"og:description\" content=\"Yeni jenerasyon yandan \u00e7\u0131k\u0131\u015fl\u0131 tabandan besleme nozulu, \u00d863 mm d\u0131\u015f ve \u00d850 mm i\u00e7 \u00e7apl\u0131, mafsall\u0131 ve dayan\u0131kl\u0131 yap\u0131dad\u0131r.\" \/>\n<meta property=\"og:url\" content=\"https:\/\/www.havuzadairhersey.com\/index.php\/urun\/mafsalli-tabandan-besleme-nozulu-yandan-cikisli-o63-mm-dis-o50-mm-ic-baglanti\/\" \/>\n<meta property=\"article:modified_time\" content=\"2025-05-30T19:35:48+00:00\" \/>\n<meta property=\"og:image\" content=\"https:\/\/www.havuzadairhersey.com\/wp-content\/uploads\/2025\/04\/1-298.png\" \/>\n\t<meta property=\"og:image:width\" content=\"1875\" \/>\n\t<meta property=\"og:image:height\" content=\"2000\" \/>\n\t<meta property=\"og:image:type\" content=\"image\/png\" \/>\n<meta name=\"twitter:card\" content=\"summary_large_image\" \/>\n<script type=\"application\/ld+json\" class=\"yoast-schema-graph\">{\"@context\":\"https:\/\/schema.org\",\"@graph\":[{\"@type\":\"WebPage\",\"@id\":\"https:\/\/www.havuzadairhersey.com\/index.php\/urun\/mafsalli-tabandan-besleme-nozulu-yandan-cikisli-o63-mm-dis-o50-mm-ic-baglanti\/\",\"url\":\"https:\/\/www.havuzadairhersey.com\/index.php\/urun\/mafsalli-tabandan-besleme-nozulu-yandan-cikisli-o63-mm-dis-o50-mm-ic-baglanti\/\",\"name\":\"Mafsall\u0131 Tabandan Besleme Nozulu, Yandan \u00c7\u0131k\u0131\u015fl\u0131, \u00d863 mm D\u0131\u015f, \u00d850 mm \u0130\u00e7 Ba\u011flant\u0131 -\",\"isPartOf\":{\"@id\":\"https:\/\/www.havuzadairhersey.com\/#website\"},\"primaryImageOfPage\":{\"@id\":\"https:\/\/www.havuzadairhersey.com\/index.php\/urun\/mafsalli-tabandan-besleme-nozulu-yandan-cikisli-o63-mm-dis-o50-mm-ic-baglanti\/#primaryimage\"},\"image\":{\"@id\":\"https:\/\/www.havuzadairhersey.com\/index.php\/urun\/mafsalli-tabandan-besleme-nozulu-yandan-cikisli-o63-mm-dis-o50-mm-ic-baglanti\/#primaryimage\"},\"thumbnailUrl\":\"https:\/\/www.havuzadairhersey.com\/wp-content\/uploads\/2025\/04\/1-298.png\",\"datePublished\":\"2025-04-24T20:11:59+00:00\",\"dateModified\":\"2025-05-30T19:35:48+00:00\",\"breadcrumb\":{\"@id\":\"https:\/\/www.havuzadairhersey.com\/index.php\/urun\/mafsalli-tabandan-besleme-nozulu-yandan-cikisli-o63-mm-dis-o50-mm-ic-baglanti\/#breadcrumb\"},\"inLanguage\":\"tr\",\"potentialAction\":[{\"@type\":\"ReadAction\",\"target\":[\"https:\/\/www.havuzadairhersey.com\/index.php\/urun\/mafsalli-tabandan-besleme-nozulu-yandan-cikisli-o63-mm-dis-o50-mm-ic-baglanti\/\"]}]},{\"@type\":\"ImageObject\",\"inLanguage\":\"tr\",\"@id\":\"https:\/\/www.havuzadairhersey.com\/index.php\/urun\/mafsalli-tabandan-besleme-nozulu-yandan-cikisli-o63-mm-dis-o50-mm-ic-baglanti\/#primaryimage\",\"url\":\"https:\/\/www.havuzadairhersey.com\/wp-content\/uploads\/2025\/04\/1-298.png\",\"contentUrl\":\"https:\/\/www.havuzadairhersey.com\/wp-content\/uploads\/2025\/04\/1-298.png\",\"width\":1875,\"height\":2000,\"caption\":\"Modern tasar\u0131ml\u0131 \u00d863 mm d\u0131\u015f ve \u00d850 mm i\u00e7 \u00e7apl\u0131, yandan \u00e7\u0131k\u0131\u015fl\u0131, mafsall\u0131 havuz nozulu\"},{\"@type\":\"BreadcrumbList\",\"@id\":\"https:\/\/www.havuzadairhersey.com\/index.php\/urun\/mafsalli-tabandan-besleme-nozulu-yandan-cikisli-o63-mm-dis-o50-mm-ic-baglanti\/#breadcrumb\",\"itemListElement\":[{\"@type\":\"ListItem\",\"position\":1,\"name\":\"Anasayfa\",\"item\":\"https:\/\/www.havuzadairhersey.com\/\"},{\"@type\":\"ListItem\",\"position\":2,\"name\":\"Ma\u011faza\",\"item\":\"https:\/\/www.havuzadairhersey.com\/\"},{\"@type\":\"ListItem\",\"position\":3,\"name\":\"Mafsall\u0131 Tabandan Besleme Nozulu, Yandan \u00c7\u0131k\u0131\u015fl\u0131, \u00d863 mm D\u0131\u015f, \u00d850 mm \u0130\u00e7 Ba\u011flant\u0131\"}]},{\"@type\":\"WebSite\",\"@id\":\"https:\/\/www.havuzadairhersey.com\/#website\",\"url\":\"https:\/\/www.havuzadairhersey.com\/\",\"name\":\"\",\"description\":\"Havuza dair arad\u0131\u011f\u0131n\u0131z her\u015fey burada...\",\"potentialAction\":[{\"@type\":\"SearchAction\",\"target\":{\"@type\":\"EntryPoint\",\"urlTemplate\":\"https:\/\/www.havuzadairhersey.com\/?s={search_term_string}\"},\"query-input\":{\"@type\":\"PropertyValueSpecification\",\"valueRequired\":true,\"valueName\":\"search_term_string\"}}],\"inLanguage\":\"tr\"}]}<\/script>\n<!-- \/ Yoast SEO plugin. -->","yoast_head_json":{"title":"Mafsall\u0131 Tabandan Besleme Nozulu, Yandan \u00c7\u0131k\u0131\u015fl\u0131, \u00d863 mm D\u0131\u015f, \u00d850 mm \u0130\u00e7 Ba\u011flant\u0131 -","robots":{"index":"index","follow":"follow","max-snippet":"max-snippet:-1","max-image-preview":"max-image-preview:large","max-video-preview":"max-video-preview:-1"},"canonical":"https:\/\/www.havuzadairhersey.com\/index.php\/urun\/mafsalli-tabandan-besleme-nozulu-yandan-cikisli-o63-mm-dis-o50-mm-ic-baglanti\/","og_locale":"tr_TR","og_type":"article","og_title":"Mafsall\u0131 Tabandan Besleme Nozulu, Yandan \u00c7\u0131k\u0131\u015fl\u0131, \u00d863 mm D\u0131\u015f, \u00d850 mm \u0130\u00e7 Ba\u011flant\u0131 -","og_description":"Yeni jenerasyon yandan \u00e7\u0131k\u0131\u015fl\u0131 tabandan besleme nozulu, \u00d863 mm d\u0131\u015f ve \u00d850 mm i\u00e7 \u00e7apl\u0131, mafsall\u0131 ve dayan\u0131kl\u0131 yap\u0131dad\u0131r.","og_url":"https:\/\/www.havuzadairhersey.com\/index.php\/urun\/mafsalli-tabandan-besleme-nozulu-yandan-cikisli-o63-mm-dis-o50-mm-ic-baglanti\/","article_modified_time":"2025-05-30T19:35:48+00:00","og_image":[{"width":1875,"height":2000,"url":"https:\/\/www.havuzadairhersey.com\/wp-content\/uploads\/2025\/04\/1-298.png","type":"image\/png"}],"twitter_card":"summary_large_image","schema":{"@context":"https:\/\/schema.org","@graph":[{"@type":"WebPage","@id":"https:\/\/www.havuzadairhersey.com\/index.php\/urun\/mafsalli-tabandan-besleme-nozulu-yandan-cikisli-o63-mm-dis-o50-mm-ic-baglanti\/","url":"https:\/\/www.havuzadairhersey.com\/index.php\/urun\/mafsalli-tabandan-besleme-nozulu-yandan-cikisli-o63-mm-dis-o50-mm-ic-baglanti\/","name":"Mafsall\u0131 Tabandan Besleme Nozulu, Yandan \u00c7\u0131k\u0131\u015fl\u0131, \u00d863 mm D\u0131\u015f, \u00d850 mm \u0130\u00e7 Ba\u011flant\u0131 -","isPartOf":{"@id":"https:\/\/www.havuzadairhersey.com\/#website"},"primaryImageOfPage":{"@id":"https:\/\/www.havuzadairhersey.com\/index.php\/urun\/mafsalli-tabandan-besleme-nozulu-yandan-cikisli-o63-mm-dis-o50-mm-ic-baglanti\/#primaryimage"},"image":{"@id":"https:\/\/www.havuzadairhersey.com\/index.php\/urun\/mafsalli-tabandan-besleme-nozulu-yandan-cikisli-o63-mm-dis-o50-mm-ic-baglanti\/#primaryimage"},"thumbnailUrl":"https:\/\/www.havuzadairhersey.com\/wp-content\/uploads\/2025\/04\/1-298.png","datePublished":"2025-04-24T20:11:59+00:00","dateModified":"2025-05-30T19:35:48+00:00","breadcrumb":{"@id":"https:\/\/www.havuzadairhersey.com\/index.php\/urun\/mafsalli-tabandan-besleme-nozulu-yandan-cikisli-o63-mm-dis-o50-mm-ic-baglanti\/#breadcrumb"},"inLanguage":"tr","potentialAction":[{"@type":"ReadAction","target":["https:\/\/www.havuzadairhersey.com\/index.php\/urun\/mafsalli-tabandan-besleme-nozulu-yandan-cikisli-o63-mm-dis-o50-mm-ic-baglanti\/"]}]},{"@type":"ImageObject","inLanguage":"tr","@id":"https:\/\/www.havuzadairhersey.com\/index.php\/urun\/mafsalli-tabandan-besleme-nozulu-yandan-cikisli-o63-mm-dis-o50-mm-ic-baglanti\/#primaryimage","url":"https:\/\/www.havuzadairhersey.com\/wp-content\/uploads\/2025\/04\/1-298.png","contentUrl":"https:\/\/www.havuzadairhersey.com\/wp-content\/uploads\/2025\/04\/1-298.png","width":1875,"height":2000,"caption":"Modern tasar\u0131ml\u0131 \u00d863 mm d\u0131\u015f ve \u00d850 mm i\u00e7 \u00e7apl\u0131, yandan \u00e7\u0131k\u0131\u015fl\u0131, mafsall\u0131 havuz nozulu"},{"@type":"BreadcrumbList","@id":"https:\/\/www.havuzadairhersey.com\/index.php\/urun\/mafsalli-tabandan-besleme-nozulu-yandan-cikisli-o63-mm-dis-o50-mm-ic-baglanti\/#breadcrumb","itemListElement":[{"@type":"ListItem","position":1,"name":"Anasayfa","item":"https:\/\/www.havuzadairhersey.com\/"},{"@type":"ListItem","position":2,"name":"Ma\u011faza","item":"https:\/\/www.havuzadairhersey.com\/"},{"@type":"ListItem","position":3,"name":"Mafsall\u0131 Tabandan Besleme Nozulu, Yandan \u00c7\u0131k\u0131\u015fl\u0131, \u00d863 mm D\u0131\u015f, \u00d850 mm \u0130\u00e7 Ba\u011flant\u0131"}]},{"@type":"WebSite","@id":"https:\/\/www.havuzadairhersey.com\/#website","url":"https:\/\/www.havuzadairhersey.com\/","name":"","description":"Havuza dair arad\u0131\u011f\u0131n\u0131z her\u015fey burada...","potentialAction":[{"@type":"SearchAction","target":{"@type":"EntryPoint","urlTemplate":"https:\/\/www.havuzadairhersey.com\/?s={search_term_string}"},"query-input":{"@type":"PropertyValueSpecification","valueRequired":true,"valueName":"search_term_string"}}],"inLanguage":"tr"}]}},"_links":{"self":[{"href":"https:\/\/www.havuzadairhersey.com\/index.php\/wp-json\/wp\/v2\/product\/2410","targetHints":{"allow":["GET"]}}],"collection":[{"href":"https:\/\/www.havuzadairhersey.com\/index.php\/wp-json\/wp\/v2\/product"}],"about":[{"href":"https:\/\/www.havuzadairhersey.com\/index.php\/wp-json\/wp\/v2\/types\/product"}],"replies":[{"embeddable":true,"href":"https:\/\/www.havuzadairhersey.com\/index.php\/wp-json\/wp\/v2\/comments?post=2410"}],"wp:featuredmedia":[{"embeddable":true,"href":"https:\/\/www.havuzadairhersey.com\/index.php\/wp-json\/wp\/v2\/media\/2411"}],"wp:attachment":[{"href":"https:\/\/www.havuzadairhersey.com\/index.php\/wp-json\/wp\/v2\/media?parent=2410"}],"wp:term":[{"taxonomy":"product_brand","embeddable":true,"href":"https:\/\/www.havuzadairhersey.com\/index.php\/wp-json\/wp\/v2\/product_brand?post=2410"},{"taxonomy":"product_cat","embeddable":true,"href":"https:\/\/www.havuzadairhersey.com\/index.php\/wp-json\/wp\/v2\/product_cat?post=2410"},{"taxonomy":"product_tag","embeddable":true,"href":"https:\/\/www.havuzadairhersey.com\/index.php\/wp-json\/wp\/v2\/product_tag?post=2410"}],"curies":[{"name":"wp","href":"https:\/\/api.w.org\/{rel}","templated":true}]}}