{"id":2413,"date":"2025-04-24T23:14:56","date_gmt":"2025-04-24T20:14:56","guid":{"rendered":"https:\/\/www.havuzadairhersey.com\/?post_type=product&#038;p=2413"},"modified":"2025-05-30T22:34:33","modified_gmt":"2025-05-30T19:34:33","slug":"paslanmaz-celik-besleme-nozulu-2-distan-disli-o50-mm-ic-cap-sabit-debili-o63-mm-dis-cap","status":"publish","type":"product","link":"https:\/\/www.havuzadairhersey.com\/index.php\/urun\/paslanmaz-celik-besleme-nozulu-2-distan-disli-o50-mm-ic-cap-sabit-debili-o63-mm-dis-cap\/","title":{"rendered":"Paslanmaz \u00c7elik Besleme Nozulu, 2\u201d D\u0131\u015ftan Di\u015fli, \u00d850 mm \u0130\u00e7 \u00c7ap, Sabit Debili, \u00d863 mm D\u0131\u015f \u00c7ap"},"content":{"rendered":"<p>Bu sabit debili paslanmaz \u00e7elik besleme nozulu, havuz ve spa sistemlerinde g\u00fcvenilir ve s\u00fcrekli su ak\u0131\u015f\u0131 sa\u011flamak amac\u0131yla tasarlanm\u0131\u015ft\u0131r. 2\u201d d\u0131\u015ftan di\u015fli ba\u011flant\u0131 ile \u00d850 mm i\u00e7 \u00e7ap ve \u00d863 mm d\u0131\u015f \u00e7ap \u00f6l\u00e7\u00fclerine sahiptir. Paslanmaz g\u00f6vde yap\u0131s\u0131 sayesinde uzun \u00f6m\u00fcrl\u00fc kullan\u0131m sunar ve korozyona kar\u015f\u0131 maksimum diren\u00e7 sa\u011flar. Profesyonel havuz projelerinde ve y\u00fcksek hijyen gerektiren sistemlerde ideal \u00e7\u00f6z\u00fcmd\u00fcr. Her paket tekli olarak sunulmakta olup, \u00fcr\u00fcn\u00fcn paket a\u011f\u0131rl\u0131\u011f\u0131 2,400 kg ve hacmi 0,07 m\u00b3\u2019t\u00fcr.<\/p>\n","protected":false},"excerpt":{"rendered":"<p>Sabit debili, paslanmaz \u00e7elik besleme nozulu. \u00d850 mm i\u00e7 \u00e7ap, 2\u201d d\u0131\u015ftan di\u015fli ba\u011flant\u0131, dayan\u0131kl\u0131 ve uzun \u00f6m\u00fcrl\u00fc kullan\u0131m.<\/p>\n","protected":false},"featured_media":2414,"comment_status":"open","ping_status":"closed","template":"","meta":{"site-sidebar-layout":"default","site-content-layout":"","ast-site-content-layout":"default","site-content-style":"default","site-sidebar-style":"default","ast-global-header-display":"","ast-banner-title-visibility":"","ast-main-header-display":"","ast-hfb-above-header-display":"","ast-hfb-below-header-display":"","ast-hfb-mobile-header-display":"","site-post-title":"","ast-breadcrumbs-content":"","ast-featured-img":"","footer-sml-layout":"","theme-transparent-header-meta":"default","adv-header-id-meta":"","stick-header-meta":"","header-above-stick-meta":"","header-main-stick-meta":"","header-below-stick-meta":"","astra-migrate-meta-layouts":"set","ast-page-background-enabled":"default","ast-page-background-meta":{"desktop":{"background-color":"var(--ast-global-color-5)","background-image":"","background-repeat":"repeat","background-position":"center center","background-size":"auto","background-attachment":"scroll","background-type":"","background-media":"","overlay-type":"","overlay-color":"","overlay-opacity":"","overlay-gradient":""},"tablet":{"background-color":"","background-image":"","background-repeat":"repeat","background-position":"center center","background-size":"auto","background-attachment":"scroll","background-type":"","background-media":"","overlay-type":"","overlay-color":"","overlay-opacity":"","overlay-gradient":""},"mobile":{"background-color":"","background-image":"","background-repeat":"repeat","background-position":"center center","background-size":"auto","background-attachment":"scroll","background-type":"","background-media":"","overlay-type":"","overlay-color":"","overlay-opacity":"","overlay-gradient":""}},"ast-content-background-meta":{"desktop":{"background-color":"var(--ast-global-color-4)","background-image":"","background-repeat":"repeat","background-position":"center center","background-size":"auto","background-attachment":"scroll","background-type":"","background-media":"","overlay-type":"","overlay-color":"","overlay-opacity":"","overlay-gradient":""},"tablet":{"background-color":"var(--ast-global-color-4)","background-image":"","background-repeat":"repeat","background-position":"center center","background-size":"auto","background-attachment":"scroll","background-type":"","background-media":"","overlay-type":"","overlay-color":"","overlay-opacity":"","overlay-gradient":""},"mobile":{"background-color":"var(--ast-global-color-4)","background-image":"","background-repeat":"repeat","background-position":"center center","background-size":"auto","background-attachment":"scroll","background-type":"","background-media":"","overlay-type":"","overlay-color":"","overlay-opacity":"","overlay-gradient":""}}},"product_brand":[3201],"product_cat":[770],"product_tag":[3573,3564,3563,3571,3551,3575,3570,3574,3576,1759,3572,3577,781],"class_list":{"0":"post-2413","1":"product","2":"type-product","3":"status-publish","4":"has-post-thumbnail","6":"product_brand-er","7":"product_cat-havuz-besi-nozullari","8":"product_tag-2-inc-distan-disli","9":"product_tag-50mm-ic-cap","10":"product_tag-63mm-dis-cap","11":"product_tag-celik-havuz-nozulu","12":"product_tag-havuz-baglanti-aparati","13":"product_tag-havuz-sistem-aksesuari","14":"product_tag-paslanmaz-besleme-nozulu","15":"product_tag-paslanmaz-celik-parca","16":"product_tag-paslanmaz-giris-basligi","17":"product_tag-profesyonel-havuz-ekipmani","18":"product_tag-sabit-debili-nozul","19":"product_tag-saglam-havuz-nozulu","20":"product_tag-su-giris-nozulu","21":"desktop-align-left","22":"tablet-align-left","23":"mobile-align-left","25":"first","26":"instock","27":"shipping-taxable","28":"purchasable","29":"product-type-simple"},"yoast_head":"<!-- This site is optimized with the Yoast SEO plugin v25.0 - https:\/\/yoast.com\/wordpress\/plugins\/seo\/ -->\n<title>Paslanmaz \u00c7elik Besleme Nozulu, 2\u201d D\u0131\u015ftan Di\u015fli, \u00d850 mm \u0130\u00e7 \u00c7ap, Sabit Debili, \u00d863 mm D\u0131\u015f \u00c7ap -<\/title>\n<meta name=\"robots\" content=\"index, follow, max-snippet:-1, max-image-preview:large, max-video-preview:-1\" \/>\n<link rel=\"canonical\" href=\"https:\/\/www.havuzadairhersey.com\/index.php\/urun\/paslanmaz-celik-besleme-nozulu-2-distan-disli-o50-mm-ic-cap-sabit-debili-o63-mm-dis-cap\/\" \/>\n<meta property=\"og:locale\" content=\"tr_TR\" \/>\n<meta property=\"og:type\" content=\"article\" \/>\n<meta property=\"og:title\" content=\"Paslanmaz \u00c7elik Besleme Nozulu, 2\u201d D\u0131\u015ftan Di\u015fli, \u00d850 mm \u0130\u00e7 \u00c7ap, Sabit Debili, \u00d863 mm D\u0131\u015f \u00c7ap -\" \/>\n<meta property=\"og:description\" content=\"Sabit debili, paslanmaz \u00e7elik besleme nozulu. \u00d850 mm i\u00e7 \u00e7ap, 2\u201d d\u0131\u015ftan di\u015fli ba\u011flant\u0131, dayan\u0131kl\u0131 ve uzun \u00f6m\u00fcrl\u00fc kullan\u0131m.\" \/>\n<meta property=\"og:url\" content=\"https:\/\/www.havuzadairhersey.com\/index.php\/urun\/paslanmaz-celik-besleme-nozulu-2-distan-disli-o50-mm-ic-cap-sabit-debili-o63-mm-dis-cap\/\" \/>\n<meta property=\"article:modified_time\" content=\"2025-05-30T19:34:33+00:00\" \/>\n<meta property=\"og:image\" content=\"https:\/\/www.havuzadairhersey.com\/wp-content\/uploads\/2025\/04\/1-299.png\" \/>\n\t<meta property=\"og:image:width\" content=\"1875\" \/>\n\t<meta property=\"og:image:height\" content=\"2000\" \/>\n\t<meta property=\"og:image:type\" content=\"image\/png\" \/>\n<meta name=\"twitter:card\" content=\"summary_large_image\" \/>\n<script type=\"application\/ld+json\" class=\"yoast-schema-graph\">{\"@context\":\"https:\/\/schema.org\",\"@graph\":[{\"@type\":\"WebPage\",\"@id\":\"https:\/\/www.havuzadairhersey.com\/index.php\/urun\/paslanmaz-celik-besleme-nozulu-2-distan-disli-o50-mm-ic-cap-sabit-debili-o63-mm-dis-cap\/\",\"url\":\"https:\/\/www.havuzadairhersey.com\/index.php\/urun\/paslanmaz-celik-besleme-nozulu-2-distan-disli-o50-mm-ic-cap-sabit-debili-o63-mm-dis-cap\/\",\"name\":\"Paslanmaz \u00c7elik Besleme Nozulu, 2\u201d D\u0131\u015ftan Di\u015fli, \u00d850 mm \u0130\u00e7 \u00c7ap, Sabit Debili, \u00d863 mm D\u0131\u015f \u00c7ap -\",\"isPartOf\":{\"@id\":\"https:\/\/www.havuzadairhersey.com\/#website\"},\"primaryImageOfPage\":{\"@id\":\"https:\/\/www.havuzadairhersey.com\/index.php\/urun\/paslanmaz-celik-besleme-nozulu-2-distan-disli-o50-mm-ic-cap-sabit-debili-o63-mm-dis-cap\/#primaryimage\"},\"image\":{\"@id\":\"https:\/\/www.havuzadairhersey.com\/index.php\/urun\/paslanmaz-celik-besleme-nozulu-2-distan-disli-o50-mm-ic-cap-sabit-debili-o63-mm-dis-cap\/#primaryimage\"},\"thumbnailUrl\":\"https:\/\/www.havuzadairhersey.com\/wp-content\/uploads\/2025\/04\/1-299.png\",\"datePublished\":\"2025-04-24T20:14:56+00:00\",\"dateModified\":\"2025-05-30T19:34:33+00:00\",\"breadcrumb\":{\"@id\":\"https:\/\/www.havuzadairhersey.com\/index.php\/urun\/paslanmaz-celik-besleme-nozulu-2-distan-disli-o50-mm-ic-cap-sabit-debili-o63-mm-dis-cap\/#breadcrumb\"},\"inLanguage\":\"tr\",\"potentialAction\":[{\"@type\":\"ReadAction\",\"target\":[\"https:\/\/www.havuzadairhersey.com\/index.php\/urun\/paslanmaz-celik-besleme-nozulu-2-distan-disli-o50-mm-ic-cap-sabit-debili-o63-mm-dis-cap\/\"]}]},{\"@type\":\"ImageObject\",\"inLanguage\":\"tr\",\"@id\":\"https:\/\/www.havuzadairhersey.com\/index.php\/urun\/paslanmaz-celik-besleme-nozulu-2-distan-disli-o50-mm-ic-cap-sabit-debili-o63-mm-dis-cap\/#primaryimage\",\"url\":\"https:\/\/www.havuzadairhersey.com\/wp-content\/uploads\/2025\/04\/1-299.png\",\"contentUrl\":\"https:\/\/www.havuzadairhersey.com\/wp-content\/uploads\/2025\/04\/1-299.png\",\"width\":1875,\"height\":2000,\"caption\":\"2 in\u00e7 d\u0131\u015ftan di\u015fli, \u00d850 mm i\u00e7 \u00e7apl\u0131, paslanmaz \u00e7elikten \u00fcretilmi\u015f dayan\u0131kl\u0131 havuz nozulu\"},{\"@type\":\"BreadcrumbList\",\"@id\":\"https:\/\/www.havuzadairhersey.com\/index.php\/urun\/paslanmaz-celik-besleme-nozulu-2-distan-disli-o50-mm-ic-cap-sabit-debili-o63-mm-dis-cap\/#breadcrumb\",\"itemListElement\":[{\"@type\":\"ListItem\",\"position\":1,\"name\":\"Anasayfa\",\"item\":\"https:\/\/www.havuzadairhersey.com\/\"},{\"@type\":\"ListItem\",\"position\":2,\"name\":\"Ma\u011faza\",\"item\":\"https:\/\/www.havuzadairhersey.com\/\"},{\"@type\":\"ListItem\",\"position\":3,\"name\":\"Paslanmaz \u00c7elik Besleme Nozulu, 2\u201d D\u0131\u015ftan Di\u015fli, \u00d850 mm \u0130\u00e7 \u00c7ap, Sabit Debili, \u00d863 mm D\u0131\u015f \u00c7ap\"}]},{\"@type\":\"WebSite\",\"@id\":\"https:\/\/www.havuzadairhersey.com\/#website\",\"url\":\"https:\/\/www.havuzadairhersey.com\/\",\"name\":\"\",\"description\":\"Havuza dair arad\u0131\u011f\u0131n\u0131z her\u015fey burada...\",\"potentialAction\":[{\"@type\":\"SearchAction\",\"target\":{\"@type\":\"EntryPoint\",\"urlTemplate\":\"https:\/\/www.havuzadairhersey.com\/?s={search_term_string}\"},\"query-input\":{\"@type\":\"PropertyValueSpecification\",\"valueRequired\":true,\"valueName\":\"search_term_string\"}}],\"inLanguage\":\"tr\"}]}<\/script>\n<!-- \/ Yoast SEO plugin. -->","yoast_head_json":{"title":"Paslanmaz \u00c7elik Besleme Nozulu, 2\u201d D\u0131\u015ftan Di\u015fli, \u00d850 mm \u0130\u00e7 \u00c7ap, Sabit Debili, \u00d863 mm D\u0131\u015f \u00c7ap -","robots":{"index":"index","follow":"follow","max-snippet":"max-snippet:-1","max-image-preview":"max-image-preview:large","max-video-preview":"max-video-preview:-1"},"canonical":"https:\/\/www.havuzadairhersey.com\/index.php\/urun\/paslanmaz-celik-besleme-nozulu-2-distan-disli-o50-mm-ic-cap-sabit-debili-o63-mm-dis-cap\/","og_locale":"tr_TR","og_type":"article","og_title":"Paslanmaz \u00c7elik Besleme Nozulu, 2\u201d D\u0131\u015ftan Di\u015fli, \u00d850 mm \u0130\u00e7 \u00c7ap, Sabit Debili, \u00d863 mm D\u0131\u015f \u00c7ap -","og_description":"Sabit debili, paslanmaz \u00e7elik besleme nozulu. \u00d850 mm i\u00e7 \u00e7ap, 2\u201d d\u0131\u015ftan di\u015fli ba\u011flant\u0131, dayan\u0131kl\u0131 ve uzun \u00f6m\u00fcrl\u00fc kullan\u0131m.","og_url":"https:\/\/www.havuzadairhersey.com\/index.php\/urun\/paslanmaz-celik-besleme-nozulu-2-distan-disli-o50-mm-ic-cap-sabit-debili-o63-mm-dis-cap\/","article_modified_time":"2025-05-30T19:34:33+00:00","og_image":[{"width":1875,"height":2000,"url":"https:\/\/www.havuzadairhersey.com\/wp-content\/uploads\/2025\/04\/1-299.png","type":"image\/png"}],"twitter_card":"summary_large_image","schema":{"@context":"https:\/\/schema.org","@graph":[{"@type":"WebPage","@id":"https:\/\/www.havuzadairhersey.com\/index.php\/urun\/paslanmaz-celik-besleme-nozulu-2-distan-disli-o50-mm-ic-cap-sabit-debili-o63-mm-dis-cap\/","url":"https:\/\/www.havuzadairhersey.com\/index.php\/urun\/paslanmaz-celik-besleme-nozulu-2-distan-disli-o50-mm-ic-cap-sabit-debili-o63-mm-dis-cap\/","name":"Paslanmaz \u00c7elik Besleme Nozulu, 2\u201d D\u0131\u015ftan Di\u015fli, \u00d850 mm \u0130\u00e7 \u00c7ap, Sabit Debili, \u00d863 mm D\u0131\u015f \u00c7ap -","isPartOf":{"@id":"https:\/\/www.havuzadairhersey.com\/#website"},"primaryImageOfPage":{"@id":"https:\/\/www.havuzadairhersey.com\/index.php\/urun\/paslanmaz-celik-besleme-nozulu-2-distan-disli-o50-mm-ic-cap-sabit-debili-o63-mm-dis-cap\/#primaryimage"},"image":{"@id":"https:\/\/www.havuzadairhersey.com\/index.php\/urun\/paslanmaz-celik-besleme-nozulu-2-distan-disli-o50-mm-ic-cap-sabit-debili-o63-mm-dis-cap\/#primaryimage"},"thumbnailUrl":"https:\/\/www.havuzadairhersey.com\/wp-content\/uploads\/2025\/04\/1-299.png","datePublished":"2025-04-24T20:14:56+00:00","dateModified":"2025-05-30T19:34:33+00:00","breadcrumb":{"@id":"https:\/\/www.havuzadairhersey.com\/index.php\/urun\/paslanmaz-celik-besleme-nozulu-2-distan-disli-o50-mm-ic-cap-sabit-debili-o63-mm-dis-cap\/#breadcrumb"},"inLanguage":"tr","potentialAction":[{"@type":"ReadAction","target":["https:\/\/www.havuzadairhersey.com\/index.php\/urun\/paslanmaz-celik-besleme-nozulu-2-distan-disli-o50-mm-ic-cap-sabit-debili-o63-mm-dis-cap\/"]}]},{"@type":"ImageObject","inLanguage":"tr","@id":"https:\/\/www.havuzadairhersey.com\/index.php\/urun\/paslanmaz-celik-besleme-nozulu-2-distan-disli-o50-mm-ic-cap-sabit-debili-o63-mm-dis-cap\/#primaryimage","url":"https:\/\/www.havuzadairhersey.com\/wp-content\/uploads\/2025\/04\/1-299.png","contentUrl":"https:\/\/www.havuzadairhersey.com\/wp-content\/uploads\/2025\/04\/1-299.png","width":1875,"height":2000,"caption":"2 in\u00e7 d\u0131\u015ftan di\u015fli, \u00d850 mm i\u00e7 \u00e7apl\u0131, paslanmaz \u00e7elikten \u00fcretilmi\u015f dayan\u0131kl\u0131 havuz nozulu"},{"@type":"BreadcrumbList","@id":"https:\/\/www.havuzadairhersey.com\/index.php\/urun\/paslanmaz-celik-besleme-nozulu-2-distan-disli-o50-mm-ic-cap-sabit-debili-o63-mm-dis-cap\/#breadcrumb","itemListElement":[{"@type":"ListItem","position":1,"name":"Anasayfa","item":"https:\/\/www.havuzadairhersey.com\/"},{"@type":"ListItem","position":2,"name":"Ma\u011faza","item":"https:\/\/www.havuzadairhersey.com\/"},{"@type":"ListItem","position":3,"name":"Paslanmaz \u00c7elik Besleme Nozulu, 2\u201d D\u0131\u015ftan Di\u015fli, \u00d850 mm \u0130\u00e7 \u00c7ap, Sabit Debili, \u00d863 mm D\u0131\u015f \u00c7ap"}]},{"@type":"WebSite","@id":"https:\/\/www.havuzadairhersey.com\/#website","url":"https:\/\/www.havuzadairhersey.com\/","name":"","description":"Havuza dair arad\u0131\u011f\u0131n\u0131z her\u015fey burada...","potentialAction":[{"@type":"SearchAction","target":{"@type":"EntryPoint","urlTemplate":"https:\/\/www.havuzadairhersey.com\/?s={search_term_string}"},"query-input":{"@type":"PropertyValueSpecification","valueRequired":true,"valueName":"search_term_string"}}],"inLanguage":"tr"}]}},"_links":{"self":[{"href":"https:\/\/www.havuzadairhersey.com\/index.php\/wp-json\/wp\/v2\/product\/2413","targetHints":{"allow":["GET"]}}],"collection":[{"href":"https:\/\/www.havuzadairhersey.com\/index.php\/wp-json\/wp\/v2\/product"}],"about":[{"href":"https:\/\/www.havuzadairhersey.com\/index.php\/wp-json\/wp\/v2\/types\/product"}],"replies":[{"embeddable":true,"href":"https:\/\/www.havuzadairhersey.com\/index.php\/wp-json\/wp\/v2\/comments?post=2413"}],"wp:featuredmedia":[{"embeddable":true,"href":"https:\/\/www.havuzadairhersey.com\/index.php\/wp-json\/wp\/v2\/media\/2414"}],"wp:attachment":[{"href":"https:\/\/www.havuzadairhersey.com\/index.php\/wp-json\/wp\/v2\/media?parent=2413"}],"wp:term":[{"taxonomy":"product_brand","embeddable":true,"href":"https:\/\/www.havuzadairhersey.com\/index.php\/wp-json\/wp\/v2\/product_brand?post=2413"},{"taxonomy":"product_cat","embeddable":true,"href":"https:\/\/www.havuzadairhersey.com\/index.php\/wp-json\/wp\/v2\/product_cat?post=2413"},{"taxonomy":"product_tag","embeddable":true,"href":"https:\/\/www.havuzadairhersey.com\/index.php\/wp-json\/wp\/v2\/product_tag?post=2413"}],"curies":[{"name":"wp","href":"https:\/\/api.w.org\/{rel}","templated":true}]}}