{"id":2686,"date":"2025-04-27T14:04:05","date_gmt":"2025-04-27T11:04:05","guid":{"rendered":"https:\/\/www.havuzadairhersey.com\/?post_type=product&#038;p=2686"},"modified":"2025-04-27T14:04:06","modified_gmt":"2025-04-27T11:04:06","slug":"standart-skimmer-beton-ve-liner-havuzlar-icin-uv-dayanikli-abs-govde-50-mm-baglanti-yuksek-performans","status":"publish","type":"product","link":"https:\/\/www.havuzadairhersey.com\/index.php\/urun\/standart-skimmer-beton-ve-liner-havuzlar-icin-uv-dayanikli-abs-govde-50-mm-baglanti-yuksek-performans\/","title":{"rendered":"Standart Skimmer, Beton ve Liner Havuzlar \u0130\u00e7in, UV Dayan\u0131kl\u0131 ABS G\u00f6vde, 50 mm Ba\u011flant\u0131, Y\u00fcksek Performans"},"content":{"rendered":"<p>Bu standart skimmer modeli, liner ve beton havuzlar i\u00e7in \u00f6zel olarak tasarlanm\u0131\u015ft\u0131r. UV \u0131\u015f\u0131nlar\u0131na kar\u015f\u0131 dayan\u0131kl\u0131, sa\u011flam ABS g\u00f6vdesi ile uzun \u00f6m\u00fcrl\u00fc kullan\u0131m sa\u011flar. \u00dcr\u00fcn i\u00e7erisinde flan\u015f ve contalar yer almaktad\u0131r. Kolay montaj \u00f6zelli\u011fi sayesinde hem ticari hem de \u00f6zel ama\u00e7l\u0131 havuz projeleri i\u00e7in idealdir. Keskin k\u0131vr\u0131mlara sahip serbest formdaki havuzlara uyum sa\u011flar. Ayr\u0131ca derinli\u011fi az ama y\u00fczey alan\u0131 geni\u015f havuzlar i\u00e7in de uygundur. 50 mm ba\u011flant\u0131 \u00e7ap\u0131 sayesinde h\u0131zl\u0131 kurulum imk\u00e2n\u0131 sunar.<\/p>\n","protected":false},"excerpt":{"rendered":"<p>Beton ve liner havuzlar i\u00e7in UV dayan\u0131kl\u0131, 50 mm ba\u011flant\u0131l\u0131 ABS standart skimmer.<\/p>\n","protected":false},"featured_media":2687,"comment_status":"open","ping_status":"closed","template":"","meta":{"site-sidebar-layout":"default","site-content-layout":"","ast-site-content-layout":"default","site-content-style":"default","site-sidebar-style":"default","ast-global-header-display":"","ast-banner-title-visibility":"","ast-main-header-display":"","ast-hfb-above-header-display":"","ast-hfb-below-header-display":"","ast-hfb-mobile-header-display":"","site-post-title":"","ast-breadcrumbs-content":"","ast-featured-img":"","footer-sml-layout":"","theme-transparent-header-meta":"default","adv-header-id-meta":"","stick-header-meta":"","header-above-stick-meta":"","header-main-stick-meta":"","header-below-stick-meta":"","astra-migrate-meta-layouts":"set","ast-page-background-enabled":"default","ast-page-background-meta":{"desktop":{"background-color":"var(--ast-global-color-5)","background-image":"","background-repeat":"repeat","background-position":"center center","background-size":"auto","background-attachment":"scroll","background-type":"","background-media":"","overlay-type":"","overlay-color":"","overlay-opacity":"","overlay-gradient":""},"tablet":{"background-color":"","background-image":"","background-repeat":"repeat","background-position":"center center","background-size":"auto","background-attachment":"scroll","background-type":"","background-media":"","overlay-type":"","overlay-color":"","overlay-opacity":"","overlay-gradient":""},"mobile":{"background-color":"","background-image":"","background-repeat":"repeat","background-position":"center center","background-size":"auto","background-attachment":"scroll","background-type":"","background-media":"","overlay-type":"","overlay-color":"","overlay-opacity":"","overlay-gradient":""}},"ast-content-background-meta":{"desktop":{"background-color":"var(--ast-global-color-4)","background-image":"","background-repeat":"repeat","background-position":"center center","background-size":"auto","background-attachment":"scroll","background-type":"","background-media":"","overlay-type":"","overlay-color":"","overlay-opacity":"","overlay-gradient":""},"tablet":{"background-color":"var(--ast-global-color-4)","background-image":"","background-repeat":"repeat","background-position":"center center","background-size":"auto","background-attachment":"scroll","background-type":"","background-media":"","overlay-type":"","overlay-color":"","overlay-opacity":"","overlay-gradient":""},"mobile":{"background-color":"var(--ast-global-color-4)","background-image":"","background-repeat":"repeat","background-position":"center center","background-size":"auto","background-attachment":"scroll","background-type":"","background-media":"","overlay-type":"","overlay-color":"","overlay-opacity":"","overlay-gradient":""}}},"product_brand":[3683],"product_cat":[3955],"product_tag":[830,3962,3958,3964,311,819,803,3963,3957,3960,3956,3959,3961],"class_list":{"0":"post-2686","1":"product","2":"type-product","3":"status-publish","4":"has-post-thumbnail","6":"product_brand-neta-havuz","7":"product_cat-skimmer","8":"product_tag-abs-skimmer","9":"product_tag-beton-havuz-icin-skimmer","10":"product_tag-beton-havuz-skimmer","11":"product_tag-dayanikli-havuz-skimmer","12":"product_tag-havuz-ekipmani","13":"product_tag-havuz-skimmer","14":"product_tag-havuz-temizleme-ekipmani","15":"product_tag-liner-havuz-icin-skimmer","16":"product_tag-liner-havuz-skimmer","17":"product_tag-skimmer-50-mm","18":"product_tag-standart-skimmer","19":"product_tag-uv-dayanikli-skimmer","20":"product_tag-yuzme-havuzu-aksesuari","21":"desktop-align-left","22":"tablet-align-left","23":"mobile-align-left","25":"first","26":"instock","27":"shipping-taxable","28":"purchasable","29":"product-type-variable"},"yoast_head":"<!-- This site is optimized with the Yoast SEO plugin v25.0 - https:\/\/yoast.com\/wordpress\/plugins\/seo\/ -->\n<title>Standart Skimmer, Beton ve Liner Havuzlar \u0130\u00e7in, UV Dayan\u0131kl\u0131 ABS G\u00f6vde, 50 mm Ba\u011flant\u0131, Y\u00fcksek Performans -<\/title>\n<meta name=\"robots\" content=\"index, follow, max-snippet:-1, max-image-preview:large, max-video-preview:-1\" \/>\n<link rel=\"canonical\" href=\"https:\/\/www.havuzadairhersey.com\/index.php\/urun\/standart-skimmer-beton-ve-liner-havuzlar-icin-uv-dayanikli-abs-govde-50-mm-baglanti-yuksek-performans\/\" \/>\n<meta property=\"og:locale\" content=\"tr_TR\" \/>\n<meta property=\"og:type\" content=\"article\" \/>\n<meta property=\"og:title\" content=\"Standart Skimmer, Beton ve Liner Havuzlar \u0130\u00e7in, UV Dayan\u0131kl\u0131 ABS G\u00f6vde, 50 mm Ba\u011flant\u0131, Y\u00fcksek Performans -\" \/>\n<meta property=\"og:description\" content=\"Beton ve liner havuzlar i\u00e7in UV dayan\u0131kl\u0131, 50 mm ba\u011flant\u0131l\u0131 ABS standart skimmer.\" \/>\n<meta property=\"og:url\" content=\"https:\/\/www.havuzadairhersey.com\/index.php\/urun\/standart-skimmer-beton-ve-liner-havuzlar-icin-uv-dayanikli-abs-govde-50-mm-baglanti-yuksek-performans\/\" \/>\n<meta property=\"article:modified_time\" content=\"2025-04-27T11:04:06+00:00\" \/>\n<meta property=\"og:image\" content=\"https:\/\/www.havuzadairhersey.com\/wp-content\/uploads\/2025\/04\/1-338.png\" \/>\n\t<meta property=\"og:image:width\" content=\"1875\" \/>\n\t<meta property=\"og:image:height\" content=\"2000\" \/>\n\t<meta property=\"og:image:type\" content=\"image\/png\" \/>\n<meta name=\"twitter:card\" content=\"summary_large_image\" \/>\n<script type=\"application\/ld+json\" class=\"yoast-schema-graph\">{\"@context\":\"https:\/\/schema.org\",\"@graph\":[{\"@type\":\"WebPage\",\"@id\":\"https:\/\/www.havuzadairhersey.com\/index.php\/urun\/standart-skimmer-beton-ve-liner-havuzlar-icin-uv-dayanikli-abs-govde-50-mm-baglanti-yuksek-performans\/\",\"url\":\"https:\/\/www.havuzadairhersey.com\/index.php\/urun\/standart-skimmer-beton-ve-liner-havuzlar-icin-uv-dayanikli-abs-govde-50-mm-baglanti-yuksek-performans\/\",\"name\":\"Standart Skimmer, Beton ve Liner Havuzlar \u0130\u00e7in, UV Dayan\u0131kl\u0131 ABS G\u00f6vde, 50 mm Ba\u011flant\u0131, Y\u00fcksek Performans -\",\"isPartOf\":{\"@id\":\"https:\/\/www.havuzadairhersey.com\/#website\"},\"primaryImageOfPage\":{\"@id\":\"https:\/\/www.havuzadairhersey.com\/index.php\/urun\/standart-skimmer-beton-ve-liner-havuzlar-icin-uv-dayanikli-abs-govde-50-mm-baglanti-yuksek-performans\/#primaryimage\"},\"image\":{\"@id\":\"https:\/\/www.havuzadairhersey.com\/index.php\/urun\/standart-skimmer-beton-ve-liner-havuzlar-icin-uv-dayanikli-abs-govde-50-mm-baglanti-yuksek-performans\/#primaryimage\"},\"thumbnailUrl\":\"https:\/\/www.havuzadairhersey.com\/wp-content\/uploads\/2025\/04\/1-338.png\",\"datePublished\":\"2025-04-27T11:04:05+00:00\",\"dateModified\":\"2025-04-27T11:04:06+00:00\",\"breadcrumb\":{\"@id\":\"https:\/\/www.havuzadairhersey.com\/index.php\/urun\/standart-skimmer-beton-ve-liner-havuzlar-icin-uv-dayanikli-abs-govde-50-mm-baglanti-yuksek-performans\/#breadcrumb\"},\"inLanguage\":\"tr\",\"potentialAction\":[{\"@type\":\"ReadAction\",\"target\":[\"https:\/\/www.havuzadairhersey.com\/index.php\/urun\/standart-skimmer-beton-ve-liner-havuzlar-icin-uv-dayanikli-abs-govde-50-mm-baglanti-yuksek-performans\/\"]}]},{\"@type\":\"ImageObject\",\"inLanguage\":\"tr\",\"@id\":\"https:\/\/www.havuzadairhersey.com\/index.php\/urun\/standart-skimmer-beton-ve-liner-havuzlar-icin-uv-dayanikli-abs-govde-50-mm-baglanti-yuksek-performans\/#primaryimage\",\"url\":\"https:\/\/www.havuzadairhersey.com\/wp-content\/uploads\/2025\/04\/1-338.png\",\"contentUrl\":\"https:\/\/www.havuzadairhersey.com\/wp-content\/uploads\/2025\/04\/1-338.png\",\"width\":1875,\"height\":2000,\"caption\":\"ABS Malzemeli, UV Dayan\u0131kl\u0131, 50 mm Ba\u011flant\u0131l\u0131 Havuz Skimmer\"},{\"@type\":\"BreadcrumbList\",\"@id\":\"https:\/\/www.havuzadairhersey.com\/index.php\/urun\/standart-skimmer-beton-ve-liner-havuzlar-icin-uv-dayanikli-abs-govde-50-mm-baglanti-yuksek-performans\/#breadcrumb\",\"itemListElement\":[{\"@type\":\"ListItem\",\"position\":1,\"name\":\"Anasayfa\",\"item\":\"https:\/\/www.havuzadairhersey.com\/\"},{\"@type\":\"ListItem\",\"position\":2,\"name\":\"Ma\u011faza\",\"item\":\"https:\/\/www.havuzadairhersey.com\/\"},{\"@type\":\"ListItem\",\"position\":3,\"name\":\"Standart Skimmer, Beton ve Liner Havuzlar \u0130\u00e7in, UV Dayan\u0131kl\u0131 ABS G\u00f6vde, 50 mm Ba\u011flant\u0131, Y\u00fcksek Performans\"}]},{\"@type\":\"WebSite\",\"@id\":\"https:\/\/www.havuzadairhersey.com\/#website\",\"url\":\"https:\/\/www.havuzadairhersey.com\/\",\"name\":\"\",\"description\":\"Havuza dair arad\u0131\u011f\u0131n\u0131z her\u015fey burada...\",\"potentialAction\":[{\"@type\":\"SearchAction\",\"target\":{\"@type\":\"EntryPoint\",\"urlTemplate\":\"https:\/\/www.havuzadairhersey.com\/?s={search_term_string}\"},\"query-input\":{\"@type\":\"PropertyValueSpecification\",\"valueRequired\":true,\"valueName\":\"search_term_string\"}}],\"inLanguage\":\"tr\"}]}<\/script>\n<!-- \/ Yoast SEO plugin. -->","yoast_head_json":{"title":"Standart Skimmer, Beton ve Liner Havuzlar \u0130\u00e7in, UV Dayan\u0131kl\u0131 ABS G\u00f6vde, 50 mm Ba\u011flant\u0131, Y\u00fcksek Performans -","robots":{"index":"index","follow":"follow","max-snippet":"max-snippet:-1","max-image-preview":"max-image-preview:large","max-video-preview":"max-video-preview:-1"},"canonical":"https:\/\/www.havuzadairhersey.com\/index.php\/urun\/standart-skimmer-beton-ve-liner-havuzlar-icin-uv-dayanikli-abs-govde-50-mm-baglanti-yuksek-performans\/","og_locale":"tr_TR","og_type":"article","og_title":"Standart Skimmer, Beton ve Liner Havuzlar \u0130\u00e7in, UV Dayan\u0131kl\u0131 ABS G\u00f6vde, 50 mm Ba\u011flant\u0131, Y\u00fcksek Performans -","og_description":"Beton ve liner havuzlar i\u00e7in UV dayan\u0131kl\u0131, 50 mm ba\u011flant\u0131l\u0131 ABS standart skimmer.","og_url":"https:\/\/www.havuzadairhersey.com\/index.php\/urun\/standart-skimmer-beton-ve-liner-havuzlar-icin-uv-dayanikli-abs-govde-50-mm-baglanti-yuksek-performans\/","article_modified_time":"2025-04-27T11:04:06+00:00","og_image":[{"width":1875,"height":2000,"url":"https:\/\/www.havuzadairhersey.com\/wp-content\/uploads\/2025\/04\/1-338.png","type":"image\/png"}],"twitter_card":"summary_large_image","schema":{"@context":"https:\/\/schema.org","@graph":[{"@type":"WebPage","@id":"https:\/\/www.havuzadairhersey.com\/index.php\/urun\/standart-skimmer-beton-ve-liner-havuzlar-icin-uv-dayanikli-abs-govde-50-mm-baglanti-yuksek-performans\/","url":"https:\/\/www.havuzadairhersey.com\/index.php\/urun\/standart-skimmer-beton-ve-liner-havuzlar-icin-uv-dayanikli-abs-govde-50-mm-baglanti-yuksek-performans\/","name":"Standart Skimmer, Beton ve Liner Havuzlar \u0130\u00e7in, UV Dayan\u0131kl\u0131 ABS G\u00f6vde, 50 mm Ba\u011flant\u0131, Y\u00fcksek Performans -","isPartOf":{"@id":"https:\/\/www.havuzadairhersey.com\/#website"},"primaryImageOfPage":{"@id":"https:\/\/www.havuzadairhersey.com\/index.php\/urun\/standart-skimmer-beton-ve-liner-havuzlar-icin-uv-dayanikli-abs-govde-50-mm-baglanti-yuksek-performans\/#primaryimage"},"image":{"@id":"https:\/\/www.havuzadairhersey.com\/index.php\/urun\/standart-skimmer-beton-ve-liner-havuzlar-icin-uv-dayanikli-abs-govde-50-mm-baglanti-yuksek-performans\/#primaryimage"},"thumbnailUrl":"https:\/\/www.havuzadairhersey.com\/wp-content\/uploads\/2025\/04\/1-338.png","datePublished":"2025-04-27T11:04:05+00:00","dateModified":"2025-04-27T11:04:06+00:00","breadcrumb":{"@id":"https:\/\/www.havuzadairhersey.com\/index.php\/urun\/standart-skimmer-beton-ve-liner-havuzlar-icin-uv-dayanikli-abs-govde-50-mm-baglanti-yuksek-performans\/#breadcrumb"},"inLanguage":"tr","potentialAction":[{"@type":"ReadAction","target":["https:\/\/www.havuzadairhersey.com\/index.php\/urun\/standart-skimmer-beton-ve-liner-havuzlar-icin-uv-dayanikli-abs-govde-50-mm-baglanti-yuksek-performans\/"]}]},{"@type":"ImageObject","inLanguage":"tr","@id":"https:\/\/www.havuzadairhersey.com\/index.php\/urun\/standart-skimmer-beton-ve-liner-havuzlar-icin-uv-dayanikli-abs-govde-50-mm-baglanti-yuksek-performans\/#primaryimage","url":"https:\/\/www.havuzadairhersey.com\/wp-content\/uploads\/2025\/04\/1-338.png","contentUrl":"https:\/\/www.havuzadairhersey.com\/wp-content\/uploads\/2025\/04\/1-338.png","width":1875,"height":2000,"caption":"ABS Malzemeli, UV Dayan\u0131kl\u0131, 50 mm Ba\u011flant\u0131l\u0131 Havuz Skimmer"},{"@type":"BreadcrumbList","@id":"https:\/\/www.havuzadairhersey.com\/index.php\/urun\/standart-skimmer-beton-ve-liner-havuzlar-icin-uv-dayanikli-abs-govde-50-mm-baglanti-yuksek-performans\/#breadcrumb","itemListElement":[{"@type":"ListItem","position":1,"name":"Anasayfa","item":"https:\/\/www.havuzadairhersey.com\/"},{"@type":"ListItem","position":2,"name":"Ma\u011faza","item":"https:\/\/www.havuzadairhersey.com\/"},{"@type":"ListItem","position":3,"name":"Standart Skimmer, Beton ve Liner Havuzlar \u0130\u00e7in, UV Dayan\u0131kl\u0131 ABS G\u00f6vde, 50 mm Ba\u011flant\u0131, Y\u00fcksek Performans"}]},{"@type":"WebSite","@id":"https:\/\/www.havuzadairhersey.com\/#website","url":"https:\/\/www.havuzadairhersey.com\/","name":"","description":"Havuza dair arad\u0131\u011f\u0131n\u0131z her\u015fey burada...","potentialAction":[{"@type":"SearchAction","target":{"@type":"EntryPoint","urlTemplate":"https:\/\/www.havuzadairhersey.com\/?s={search_term_string}"},"query-input":{"@type":"PropertyValueSpecification","valueRequired":true,"valueName":"search_term_string"}}],"inLanguage":"tr"}]}},"_links":{"self":[{"href":"https:\/\/www.havuzadairhersey.com\/index.php\/wp-json\/wp\/v2\/product\/2686","targetHints":{"allow":["GET"]}}],"collection":[{"href":"https:\/\/www.havuzadairhersey.com\/index.php\/wp-json\/wp\/v2\/product"}],"about":[{"href":"https:\/\/www.havuzadairhersey.com\/index.php\/wp-json\/wp\/v2\/types\/product"}],"replies":[{"embeddable":true,"href":"https:\/\/www.havuzadairhersey.com\/index.php\/wp-json\/wp\/v2\/comments?post=2686"}],"wp:featuredmedia":[{"embeddable":true,"href":"https:\/\/www.havuzadairhersey.com\/index.php\/wp-json\/wp\/v2\/media\/2687"}],"wp:attachment":[{"href":"https:\/\/www.havuzadairhersey.com\/index.php\/wp-json\/wp\/v2\/media?parent=2686"}],"wp:term":[{"taxonomy":"product_brand","embeddable":true,"href":"https:\/\/www.havuzadairhersey.com\/index.php\/wp-json\/wp\/v2\/product_brand?post=2686"},{"taxonomy":"product_cat","embeddable":true,"href":"https:\/\/www.havuzadairhersey.com\/index.php\/wp-json\/wp\/v2\/product_cat?post=2686"},{"taxonomy":"product_tag","embeddable":true,"href":"https:\/\/www.havuzadairhersey.com\/index.php\/wp-json\/wp\/v2\/product_tag?post=2686"}],"curies":[{"name":"wp","href":"https:\/\/api.w.org\/{rel}","templated":true}]}}