{"id":2741,"date":"2025-04-29T22:46:21","date_gmt":"2025-04-29T19:46:21","guid":{"rendered":"https:\/\/www.havuzadairhersey.com\/?post_type=product&#038;p=2741"},"modified":"2025-04-29T22:46:22","modified_gmt":"2025-04-29T19:46:22","slug":"disli-baglantili-dip-suzgeci-yuvarlak-taban-drenaj-havuzlar-icin-abs-plastik-suzgec","status":"publish","type":"product","link":"https:\/\/www.havuzadairhersey.com\/index.php\/urun\/disli-baglantili-dip-suzgeci-yuvarlak-taban-drenaj-havuzlar-icin-abs-plastik-suzgec\/","title":{"rendered":"Di\u015fli Ba\u011flant\u0131l\u0131 Dip S\u00fczgeci, Yuvarlak Taban Drenaj, Havuzlar \u0130\u00e7in ABS Plastik S\u00fczge\u00e7"},"content":{"rendered":"<p>Bu \u00d863 mm di\u015fli ba\u011flant\u0131l\u0131 yuvarlak dip s\u00fczgeci, y\u00fczme havuzlar\u0131nda etkili drenaj sa\u011flamak i\u00e7in \u00f6zel olarak tasarlanm\u0131\u015ft\u0131r. Y\u00fcksek kaliteli ABS plastik malzemeden \u00fcretilmi\u015f olan s\u00fczge\u00e7, dayan\u0131kl\u0131 yap\u0131s\u0131 sayesinde uzun \u00f6m\u00fcrl\u00fc kullan\u0131m sunar. Di\u015fli ba\u011flant\u0131 \u015fekli ile kolayca monte edilebilir. Havuz taban\u0131nda biriken suyun verimli \u015fekilde tahliye edilmesini sa\u011flar. Hem profesyonel hem de ki\u015fisel havuz projeleri i\u00e7in uygundur.<\/p>\n","protected":false},"excerpt":{"rendered":"<p>\u00d863 di\u015fli ba\u011flant\u0131l\u0131 yuvarlak havuz dip s\u00fczgeci \u2013 dayan\u0131kl\u0131 ABS g\u00f6vde, kolay kurulum.<\/p>\n","protected":false},"featured_media":2742,"comment_status":"open","ping_status":"closed","template":"","meta":{"site-sidebar-layout":"default","site-content-layout":"","ast-site-content-layout":"default","site-content-style":"default","site-sidebar-style":"default","ast-global-header-display":"","ast-banner-title-visibility":"","ast-main-header-display":"","ast-hfb-above-header-display":"","ast-hfb-below-header-display":"","ast-hfb-mobile-header-display":"","site-post-title":"","ast-breadcrumbs-content":"","ast-featured-img":"","footer-sml-layout":"","theme-transparent-header-meta":"default","adv-header-id-meta":"","stick-header-meta":"","header-above-stick-meta":"","header-main-stick-meta":"","header-below-stick-meta":"","astra-migrate-meta-layouts":"set","ast-page-background-enabled":"default","ast-page-background-meta":{"desktop":{"background-color":"var(--ast-global-color-5)","background-image":"","background-repeat":"repeat","background-position":"center center","background-size":"auto","background-attachment":"scroll","background-type":"","background-media":"","overlay-type":"","overlay-color":"","overlay-opacity":"","overlay-gradient":""},"tablet":{"background-color":"","background-image":"","background-repeat":"repeat","background-position":"center center","background-size":"auto","background-attachment":"scroll","background-type":"","background-media":"","overlay-type":"","overlay-color":"","overlay-opacity":"","overlay-gradient":""},"mobile":{"background-color":"","background-image":"","background-repeat":"repeat","background-position":"center center","background-size":"auto","background-attachment":"scroll","background-type":"","background-media":"","overlay-type":"","overlay-color":"","overlay-opacity":"","overlay-gradient":""}},"ast-content-background-meta":{"desktop":{"background-color":"var(--ast-global-color-4)","background-image":"","background-repeat":"repeat","background-position":"center center","background-size":"auto","background-attachment":"scroll","background-type":"","background-media":"","overlay-type":"","overlay-color":"","overlay-opacity":"","overlay-gradient":""},"tablet":{"background-color":"var(--ast-global-color-4)","background-image":"","background-repeat":"repeat","background-position":"center center","background-size":"auto","background-attachment":"scroll","background-type":"","background-media":"","overlay-type":"","overlay-color":"","overlay-opacity":"","overlay-gradient":""},"mobile":{"background-color":"var(--ast-global-color-4)","background-image":"","background-repeat":"repeat","background-position":"center center","background-size":"auto","background-attachment":"scroll","background-type":"","background-media":"","overlay-type":"","overlay-color":"","overlay-opacity":"","overlay-gradient":""}}},"product_brand":[3683],"product_cat":[751],"product_tag":[4016,765,4012,4014,3640,311,755,4013,760,4015,4011,3600,3615],"class_list":{"0":"post-2741","1":"product","2":"type-product","3":"status-publish","4":"has-post-thumbnail","6":"product_brand-neta-havuz","7":"product_cat-havuz-dip-emis-suzgecleri","8":"product_tag-abs-dip-suzgeci","9":"product_tag-dip-suzgeci","10":"product_tag-disli-suzgec","11":"product_tag-havuz-cikisi","12":"product_tag-havuz-drenaj-kapagi","13":"product_tag-havuz-ekipmani","14":"product_tag-havuz-suzgeci","15":"product_tag-havuz-tahliye-kapagi","16":"product_tag-o63-suzgec","17":"product_tag-plastik-suzgec","18":"product_tag-taban-suzgeci","19":"product_tag-yuvarlak-dip-suzgec","20":"product_tag-yuvarlak-suzgec","21":"desktop-align-left","22":"tablet-align-left","23":"mobile-align-left","25":"first","26":"instock","27":"shipping-taxable","28":"purchasable","29":"product-type-simple"},"yoast_head":"<!-- This site is optimized with the Yoast SEO plugin v25.0 - https:\/\/yoast.com\/wordpress\/plugins\/seo\/ -->\n<title>Di\u015fli Ba\u011flant\u0131l\u0131 Dip S\u00fczgeci, Yuvarlak Taban Drenaj, Havuzlar \u0130\u00e7in ABS Plastik S\u00fczge\u00e7 -<\/title>\n<meta name=\"robots\" content=\"index, follow, max-snippet:-1, max-image-preview:large, max-video-preview:-1\" \/>\n<link rel=\"canonical\" href=\"https:\/\/www.havuzadairhersey.com\/index.php\/urun\/disli-baglantili-dip-suzgeci-yuvarlak-taban-drenaj-havuzlar-icin-abs-plastik-suzgec\/\" \/>\n<meta property=\"og:locale\" content=\"tr_TR\" \/>\n<meta property=\"og:type\" content=\"article\" \/>\n<meta property=\"og:title\" content=\"Di\u015fli Ba\u011flant\u0131l\u0131 Dip S\u00fczgeci, Yuvarlak Taban Drenaj, Havuzlar \u0130\u00e7in ABS Plastik S\u00fczge\u00e7 -\" \/>\n<meta property=\"og:description\" content=\"\u00d863 di\u015fli ba\u011flant\u0131l\u0131 yuvarlak havuz dip s\u00fczgeci \u2013 dayan\u0131kl\u0131 ABS g\u00f6vde, kolay kurulum.\" \/>\n<meta property=\"og:url\" content=\"https:\/\/www.havuzadairhersey.com\/index.php\/urun\/disli-baglantili-dip-suzgeci-yuvarlak-taban-drenaj-havuzlar-icin-abs-plastik-suzgec\/\" \/>\n<meta property=\"article:modified_time\" content=\"2025-04-29T19:46:22+00:00\" \/>\n<meta property=\"og:image\" content=\"https:\/\/www.havuzadairhersey.com\/wp-content\/uploads\/2025\/04\/1-345.png\" \/>\n\t<meta property=\"og:image:width\" content=\"1875\" \/>\n\t<meta property=\"og:image:height\" content=\"2000\" \/>\n\t<meta property=\"og:image:type\" content=\"image\/png\" \/>\n<meta name=\"twitter:card\" content=\"summary_large_image\" \/>\n<script type=\"application\/ld+json\" class=\"yoast-schema-graph\">{\"@context\":\"https:\/\/schema.org\",\"@graph\":[{\"@type\":\"WebPage\",\"@id\":\"https:\/\/www.havuzadairhersey.com\/index.php\/urun\/disli-baglantili-dip-suzgeci-yuvarlak-taban-drenaj-havuzlar-icin-abs-plastik-suzgec\/\",\"url\":\"https:\/\/www.havuzadairhersey.com\/index.php\/urun\/disli-baglantili-dip-suzgeci-yuvarlak-taban-drenaj-havuzlar-icin-abs-plastik-suzgec\/\",\"name\":\"Di\u015fli Ba\u011flant\u0131l\u0131 Dip S\u00fczgeci, Yuvarlak Taban Drenaj, Havuzlar \u0130\u00e7in ABS Plastik S\u00fczge\u00e7 -\",\"isPartOf\":{\"@id\":\"https:\/\/www.havuzadairhersey.com\/#website\"},\"primaryImageOfPage\":{\"@id\":\"https:\/\/www.havuzadairhersey.com\/index.php\/urun\/disli-baglantili-dip-suzgeci-yuvarlak-taban-drenaj-havuzlar-icin-abs-plastik-suzgec\/#primaryimage\"},\"image\":{\"@id\":\"https:\/\/www.havuzadairhersey.com\/index.php\/urun\/disli-baglantili-dip-suzgeci-yuvarlak-taban-drenaj-havuzlar-icin-abs-plastik-suzgec\/#primaryimage\"},\"thumbnailUrl\":\"https:\/\/www.havuzadairhersey.com\/wp-content\/uploads\/2025\/04\/1-345.png\",\"datePublished\":\"2025-04-29T19:46:21+00:00\",\"dateModified\":\"2025-04-29T19:46:22+00:00\",\"breadcrumb\":{\"@id\":\"https:\/\/www.havuzadairhersey.com\/index.php\/urun\/disli-baglantili-dip-suzgeci-yuvarlak-taban-drenaj-havuzlar-icin-abs-plastik-suzgec\/#breadcrumb\"},\"inLanguage\":\"tr\",\"potentialAction\":[{\"@type\":\"ReadAction\",\"target\":[\"https:\/\/www.havuzadairhersey.com\/index.php\/urun\/disli-baglantili-dip-suzgeci-yuvarlak-taban-drenaj-havuzlar-icin-abs-plastik-suzgec\/\"]}]},{\"@type\":\"ImageObject\",\"inLanguage\":\"tr\",\"@id\":\"https:\/\/www.havuzadairhersey.com\/index.php\/urun\/disli-baglantili-dip-suzgeci-yuvarlak-taban-drenaj-havuzlar-icin-abs-plastik-suzgec\/#primaryimage\",\"url\":\"https:\/\/www.havuzadairhersey.com\/wp-content\/uploads\/2025\/04\/1-345.png\",\"contentUrl\":\"https:\/\/www.havuzadairhersey.com\/wp-content\/uploads\/2025\/04\/1-345.png\",\"width\":1875,\"height\":2000,\"caption\":\"Di\u015fli ba\u011flant\u0131l\u0131 ABS yuvarlak havuz s\u00fczgeci\"},{\"@type\":\"BreadcrumbList\",\"@id\":\"https:\/\/www.havuzadairhersey.com\/index.php\/urun\/disli-baglantili-dip-suzgeci-yuvarlak-taban-drenaj-havuzlar-icin-abs-plastik-suzgec\/#breadcrumb\",\"itemListElement\":[{\"@type\":\"ListItem\",\"position\":1,\"name\":\"Anasayfa\",\"item\":\"https:\/\/www.havuzadairhersey.com\/\"},{\"@type\":\"ListItem\",\"position\":2,\"name\":\"Ma\u011faza\",\"item\":\"https:\/\/www.havuzadairhersey.com\/\"},{\"@type\":\"ListItem\",\"position\":3,\"name\":\"Di\u015fli Ba\u011flant\u0131l\u0131 Dip S\u00fczgeci, Yuvarlak Taban Drenaj, Havuzlar \u0130\u00e7in ABS Plastik S\u00fczge\u00e7\"}]},{\"@type\":\"WebSite\",\"@id\":\"https:\/\/www.havuzadairhersey.com\/#website\",\"url\":\"https:\/\/www.havuzadairhersey.com\/\",\"name\":\"\",\"description\":\"Havuza dair arad\u0131\u011f\u0131n\u0131z her\u015fey burada...\",\"potentialAction\":[{\"@type\":\"SearchAction\",\"target\":{\"@type\":\"EntryPoint\",\"urlTemplate\":\"https:\/\/www.havuzadairhersey.com\/?s={search_term_string}\"},\"query-input\":{\"@type\":\"PropertyValueSpecification\",\"valueRequired\":true,\"valueName\":\"search_term_string\"}}],\"inLanguage\":\"tr\"}]}<\/script>\n<!-- \/ Yoast SEO plugin. -->","yoast_head_json":{"title":"Di\u015fli Ba\u011flant\u0131l\u0131 Dip S\u00fczgeci, Yuvarlak Taban Drenaj, Havuzlar \u0130\u00e7in ABS Plastik S\u00fczge\u00e7 -","robots":{"index":"index","follow":"follow","max-snippet":"max-snippet:-1","max-image-preview":"max-image-preview:large","max-video-preview":"max-video-preview:-1"},"canonical":"https:\/\/www.havuzadairhersey.com\/index.php\/urun\/disli-baglantili-dip-suzgeci-yuvarlak-taban-drenaj-havuzlar-icin-abs-plastik-suzgec\/","og_locale":"tr_TR","og_type":"article","og_title":"Di\u015fli Ba\u011flant\u0131l\u0131 Dip S\u00fczgeci, Yuvarlak Taban Drenaj, Havuzlar \u0130\u00e7in ABS Plastik S\u00fczge\u00e7 -","og_description":"\u00d863 di\u015fli ba\u011flant\u0131l\u0131 yuvarlak havuz dip s\u00fczgeci \u2013 dayan\u0131kl\u0131 ABS g\u00f6vde, kolay kurulum.","og_url":"https:\/\/www.havuzadairhersey.com\/index.php\/urun\/disli-baglantili-dip-suzgeci-yuvarlak-taban-drenaj-havuzlar-icin-abs-plastik-suzgec\/","article_modified_time":"2025-04-29T19:46:22+00:00","og_image":[{"width":1875,"height":2000,"url":"https:\/\/www.havuzadairhersey.com\/wp-content\/uploads\/2025\/04\/1-345.png","type":"image\/png"}],"twitter_card":"summary_large_image","schema":{"@context":"https:\/\/schema.org","@graph":[{"@type":"WebPage","@id":"https:\/\/www.havuzadairhersey.com\/index.php\/urun\/disli-baglantili-dip-suzgeci-yuvarlak-taban-drenaj-havuzlar-icin-abs-plastik-suzgec\/","url":"https:\/\/www.havuzadairhersey.com\/index.php\/urun\/disli-baglantili-dip-suzgeci-yuvarlak-taban-drenaj-havuzlar-icin-abs-plastik-suzgec\/","name":"Di\u015fli Ba\u011flant\u0131l\u0131 Dip S\u00fczgeci, Yuvarlak Taban Drenaj, Havuzlar \u0130\u00e7in ABS Plastik S\u00fczge\u00e7 -","isPartOf":{"@id":"https:\/\/www.havuzadairhersey.com\/#website"},"primaryImageOfPage":{"@id":"https:\/\/www.havuzadairhersey.com\/index.php\/urun\/disli-baglantili-dip-suzgeci-yuvarlak-taban-drenaj-havuzlar-icin-abs-plastik-suzgec\/#primaryimage"},"image":{"@id":"https:\/\/www.havuzadairhersey.com\/index.php\/urun\/disli-baglantili-dip-suzgeci-yuvarlak-taban-drenaj-havuzlar-icin-abs-plastik-suzgec\/#primaryimage"},"thumbnailUrl":"https:\/\/www.havuzadairhersey.com\/wp-content\/uploads\/2025\/04\/1-345.png","datePublished":"2025-04-29T19:46:21+00:00","dateModified":"2025-04-29T19:46:22+00:00","breadcrumb":{"@id":"https:\/\/www.havuzadairhersey.com\/index.php\/urun\/disli-baglantili-dip-suzgeci-yuvarlak-taban-drenaj-havuzlar-icin-abs-plastik-suzgec\/#breadcrumb"},"inLanguage":"tr","potentialAction":[{"@type":"ReadAction","target":["https:\/\/www.havuzadairhersey.com\/index.php\/urun\/disli-baglantili-dip-suzgeci-yuvarlak-taban-drenaj-havuzlar-icin-abs-plastik-suzgec\/"]}]},{"@type":"ImageObject","inLanguage":"tr","@id":"https:\/\/www.havuzadairhersey.com\/index.php\/urun\/disli-baglantili-dip-suzgeci-yuvarlak-taban-drenaj-havuzlar-icin-abs-plastik-suzgec\/#primaryimage","url":"https:\/\/www.havuzadairhersey.com\/wp-content\/uploads\/2025\/04\/1-345.png","contentUrl":"https:\/\/www.havuzadairhersey.com\/wp-content\/uploads\/2025\/04\/1-345.png","width":1875,"height":2000,"caption":"Di\u015fli ba\u011flant\u0131l\u0131 ABS yuvarlak havuz s\u00fczgeci"},{"@type":"BreadcrumbList","@id":"https:\/\/www.havuzadairhersey.com\/index.php\/urun\/disli-baglantili-dip-suzgeci-yuvarlak-taban-drenaj-havuzlar-icin-abs-plastik-suzgec\/#breadcrumb","itemListElement":[{"@type":"ListItem","position":1,"name":"Anasayfa","item":"https:\/\/www.havuzadairhersey.com\/"},{"@type":"ListItem","position":2,"name":"Ma\u011faza","item":"https:\/\/www.havuzadairhersey.com\/"},{"@type":"ListItem","position":3,"name":"Di\u015fli Ba\u011flant\u0131l\u0131 Dip S\u00fczgeci, Yuvarlak Taban Drenaj, Havuzlar \u0130\u00e7in ABS Plastik S\u00fczge\u00e7"}]},{"@type":"WebSite","@id":"https:\/\/www.havuzadairhersey.com\/#website","url":"https:\/\/www.havuzadairhersey.com\/","name":"","description":"Havuza dair arad\u0131\u011f\u0131n\u0131z her\u015fey burada...","potentialAction":[{"@type":"SearchAction","target":{"@type":"EntryPoint","urlTemplate":"https:\/\/www.havuzadairhersey.com\/?s={search_term_string}"},"query-input":{"@type":"PropertyValueSpecification","valueRequired":true,"valueName":"search_term_string"}}],"inLanguage":"tr"}]}},"_links":{"self":[{"href":"https:\/\/www.havuzadairhersey.com\/index.php\/wp-json\/wp\/v2\/product\/2741","targetHints":{"allow":["GET"]}}],"collection":[{"href":"https:\/\/www.havuzadairhersey.com\/index.php\/wp-json\/wp\/v2\/product"}],"about":[{"href":"https:\/\/www.havuzadairhersey.com\/index.php\/wp-json\/wp\/v2\/types\/product"}],"replies":[{"embeddable":true,"href":"https:\/\/www.havuzadairhersey.com\/index.php\/wp-json\/wp\/v2\/comments?post=2741"}],"wp:featuredmedia":[{"embeddable":true,"href":"https:\/\/www.havuzadairhersey.com\/index.php\/wp-json\/wp\/v2\/media\/2742"}],"wp:attachment":[{"href":"https:\/\/www.havuzadairhersey.com\/index.php\/wp-json\/wp\/v2\/media?parent=2741"}],"wp:term":[{"taxonomy":"product_brand","embeddable":true,"href":"https:\/\/www.havuzadairhersey.com\/index.php\/wp-json\/wp\/v2\/product_brand?post=2741"},{"taxonomy":"product_cat","embeddable":true,"href":"https:\/\/www.havuzadairhersey.com\/index.php\/wp-json\/wp\/v2\/product_cat?post=2741"},{"taxonomy":"product_tag","embeddable":true,"href":"https:\/\/www.havuzadairhersey.com\/index.php\/wp-json\/wp\/v2\/product_tag?post=2741"}],"curies":[{"name":"wp","href":"https:\/\/api.w.org\/{rel}","templated":true}]}}