{"id":2763,"date":"2025-04-30T00:03:44","date_gmt":"2025-04-29T21:03:44","guid":{"rendered":"https:\/\/www.havuzadairhersey.com\/?post_type=product&#038;p=2763"},"modified":"2025-04-30T00:03:46","modified_gmt":"2025-04-29T21:03:46","slug":"dikdortgen-drenaj-kapagi-100x200-mm-havuz-dip-izgara-kapagi-yuksek-dayanimli-abs-plastik","status":"publish","type":"product","link":"https:\/\/www.havuzadairhersey.com\/index.php\/urun\/dikdortgen-drenaj-kapagi-100x200-mm-havuz-dip-izgara-kapagi-yuksek-dayanimli-abs-plastik\/","title":{"rendered":"Dikd\u00f6rtgen Drenaj Kapa\u011f\u0131, 100&#215;200 mm, Havuz Dip Izgara Kapa\u011f\u0131, Y\u00fcksek Dayan\u0131ml\u0131 ABS Plastik"},"content":{"rendered":"<p>Bu 100&#215;200 mm ebat\u0131ndaki dikd\u00f6rtgen drenaj kapa\u011f\u0131, havuzlar i\u00e7in ideal bir dip s\u00fczge\u00e7 kapa\u011f\u0131d\u0131r. ABS plastik enjeksiyon teknolojisiyle \u00fcretilmi\u015f olan bu dayan\u0131kl\u0131 \u00fcr\u00fcn, uzun \u00f6m\u00fcrl\u00fc kullan\u0131m sa\u011flar. Havuz zemininde etkin bir su ak\u0131\u015f\u0131 ve g\u00fcvenlik sa\u011flamak i\u00e7in tasarlanm\u0131\u015ft\u0131r. Montaj\u0131 kolayd\u0131r ve standart ba\u011flant\u0131 \u00f6l\u00e7\u00fcleriyle uyumludur. Estetik ve i\u015flevselli\u011fi bir arada sunar.<\/p>\n","protected":false},"excerpt":{"rendered":"<p>100&#215;200 mm ABS plastik dikd\u00f6rtgen havuz drenaj kapa\u011f\u0131 \u2013 sa\u011flam, g\u00fcvenilir ve dayan\u0131kl\u0131.<\/p>\n","protected":false},"featured_media":2764,"comment_status":"open","ping_status":"closed","template":"","meta":{"site-sidebar-layout":"default","site-content-layout":"","ast-site-content-layout":"default","site-content-style":"default","site-sidebar-style":"default","ast-global-header-display":"","ast-banner-title-visibility":"","ast-main-header-display":"","ast-hfb-above-header-display":"","ast-hfb-below-header-display":"","ast-hfb-mobile-header-display":"","site-post-title":"","ast-breadcrumbs-content":"","ast-featured-img":"","footer-sml-layout":"","theme-transparent-header-meta":"default","adv-header-id-meta":"","stick-header-meta":"","header-above-stick-meta":"","header-main-stick-meta":"","header-below-stick-meta":"","astra-migrate-meta-layouts":"set","ast-page-background-enabled":"default","ast-page-background-meta":{"desktop":{"background-color":"var(--ast-global-color-5)","background-image":"","background-repeat":"repeat","background-position":"center center","background-size":"auto","background-attachment":"scroll","background-type":"","background-media":"","overlay-type":"","overlay-color":"","overlay-opacity":"","overlay-gradient":""},"tablet":{"background-color":"","background-image":"","background-repeat":"repeat","background-position":"center center","background-size":"auto","background-attachment":"scroll","background-type":"","background-media":"","overlay-type":"","overlay-color":"","overlay-opacity":"","overlay-gradient":""},"mobile":{"background-color":"","background-image":"","background-repeat":"repeat","background-position":"center center","background-size":"auto","background-attachment":"scroll","background-type":"","background-media":"","overlay-type":"","overlay-color":"","overlay-opacity":"","overlay-gradient":""}},"ast-content-background-meta":{"desktop":{"background-color":"var(--ast-global-color-4)","background-image":"","background-repeat":"repeat","background-position":"center center","background-size":"auto","background-attachment":"scroll","background-type":"","background-media":"","overlay-type":"","overlay-color":"","overlay-opacity":"","overlay-gradient":""},"tablet":{"background-color":"var(--ast-global-color-4)","background-image":"","background-repeat":"repeat","background-position":"center center","background-size":"auto","background-attachment":"scroll","background-type":"","background-media":"","overlay-type":"","overlay-color":"","overlay-opacity":"","overlay-gradient":""},"mobile":{"background-color":"var(--ast-global-color-4)","background-image":"","background-repeat":"repeat","background-position":"center center","background-size":"auto","background-attachment":"scroll","background-type":"","background-media":"","overlay-type":"","overlay-color":"","overlay-opacity":"","overlay-gradient":""}}},"product_brand":[3683],"product_cat":[4045],"product_tag":[4056,4057,4062,4055,4038,4063,311,466,4061,3257,4059,4060,4058],"class_list":{"0":"post-2763","1":"product","2":"type-product","3":"status-publish","4":"has-post-thumbnail","6":"product_brand-neta-havuz","7":"product_cat-havuz-dip-suzgec-kapaklari","8":"product_tag-100x200-kapak","9":"product_tag-abs-drenaj-kapak","10":"product_tag-dayanikli-havuz-kapagi","11":"product_tag-dikdortgen-izgara","12":"product_tag-drenaj-kapagi","13":"product_tag-enjeksiyon-plastik-kapak","14":"product_tag-havuz-ekipmani","15":"product_tag-havuz-filtre-kapagi","16":"product_tag-havuz-izgara","17":"product_tag-havuz-suzgec-kapagi","18":"product_tag-havuz-taban-kapagi","19":"product_tag-su-akis-kapagi","20":"product_tag-su-gider-kapagi","21":"desktop-align-left","22":"tablet-align-left","23":"mobile-align-left","25":"first","26":"instock","27":"shipping-taxable","28":"purchasable","29":"product-type-simple"},"yoast_head":"<!-- This site is optimized with the Yoast SEO plugin v25.0 - https:\/\/yoast.com\/wordpress\/plugins\/seo\/ -->\n<title>Dikd\u00f6rtgen Drenaj Kapa\u011f\u0131, 100x200 mm, Havuz Dip Izgara Kapa\u011f\u0131, Y\u00fcksek Dayan\u0131ml\u0131 ABS Plastik -<\/title>\n<meta name=\"robots\" content=\"index, follow, max-snippet:-1, max-image-preview:large, max-video-preview:-1\" \/>\n<link rel=\"canonical\" href=\"https:\/\/www.havuzadairhersey.com\/index.php\/urun\/dikdortgen-drenaj-kapagi-100x200-mm-havuz-dip-izgara-kapagi-yuksek-dayanimli-abs-plastik\/\" \/>\n<meta property=\"og:locale\" content=\"tr_TR\" \/>\n<meta property=\"og:type\" content=\"article\" \/>\n<meta property=\"og:title\" content=\"Dikd\u00f6rtgen Drenaj Kapa\u011f\u0131, 100x200 mm, Havuz Dip Izgara Kapa\u011f\u0131, Y\u00fcksek Dayan\u0131ml\u0131 ABS Plastik -\" \/>\n<meta property=\"og:description\" content=\"100x200 mm ABS plastik dikd\u00f6rtgen havuz drenaj kapa\u011f\u0131 \u2013 sa\u011flam, g\u00fcvenilir ve dayan\u0131kl\u0131.\" \/>\n<meta property=\"og:url\" content=\"https:\/\/www.havuzadairhersey.com\/index.php\/urun\/dikdortgen-drenaj-kapagi-100x200-mm-havuz-dip-izgara-kapagi-yuksek-dayanimli-abs-plastik\/\" \/>\n<meta property=\"article:modified_time\" content=\"2025-04-29T21:03:46+00:00\" \/>\n<meta property=\"og:image\" content=\"https:\/\/www.havuzadairhersey.com\/wp-content\/uploads\/2025\/04\/1-351.png\" \/>\n\t<meta property=\"og:image:width\" content=\"1875\" \/>\n\t<meta property=\"og:image:height\" content=\"2000\" \/>\n\t<meta property=\"og:image:type\" content=\"image\/png\" \/>\n<meta name=\"twitter:card\" content=\"summary_large_image\" \/>\n<script type=\"application\/ld+json\" class=\"yoast-schema-graph\">{\"@context\":\"https:\/\/schema.org\",\"@graph\":[{\"@type\":\"WebPage\",\"@id\":\"https:\/\/www.havuzadairhersey.com\/index.php\/urun\/dikdortgen-drenaj-kapagi-100x200-mm-havuz-dip-izgara-kapagi-yuksek-dayanimli-abs-plastik\/\",\"url\":\"https:\/\/www.havuzadairhersey.com\/index.php\/urun\/dikdortgen-drenaj-kapagi-100x200-mm-havuz-dip-izgara-kapagi-yuksek-dayanimli-abs-plastik\/\",\"name\":\"Dikd\u00f6rtgen Drenaj Kapa\u011f\u0131, 100x200 mm, Havuz Dip Izgara Kapa\u011f\u0131, Y\u00fcksek Dayan\u0131ml\u0131 ABS Plastik -\",\"isPartOf\":{\"@id\":\"https:\/\/www.havuzadairhersey.com\/#website\"},\"primaryImageOfPage\":{\"@id\":\"https:\/\/www.havuzadairhersey.com\/index.php\/urun\/dikdortgen-drenaj-kapagi-100x200-mm-havuz-dip-izgara-kapagi-yuksek-dayanimli-abs-plastik\/#primaryimage\"},\"image\":{\"@id\":\"https:\/\/www.havuzadairhersey.com\/index.php\/urun\/dikdortgen-drenaj-kapagi-100x200-mm-havuz-dip-izgara-kapagi-yuksek-dayanimli-abs-plastik\/#primaryimage\"},\"thumbnailUrl\":\"https:\/\/www.havuzadairhersey.com\/wp-content\/uploads\/2025\/04\/1-351.png\",\"datePublished\":\"2025-04-29T21:03:44+00:00\",\"dateModified\":\"2025-04-29T21:03:46+00:00\",\"breadcrumb\":{\"@id\":\"https:\/\/www.havuzadairhersey.com\/index.php\/urun\/dikdortgen-drenaj-kapagi-100x200-mm-havuz-dip-izgara-kapagi-yuksek-dayanimli-abs-plastik\/#breadcrumb\"},\"inLanguage\":\"tr\",\"potentialAction\":[{\"@type\":\"ReadAction\",\"target\":[\"https:\/\/www.havuzadairhersey.com\/index.php\/urun\/dikdortgen-drenaj-kapagi-100x200-mm-havuz-dip-izgara-kapagi-yuksek-dayanimli-abs-plastik\/\"]}]},{\"@type\":\"ImageObject\",\"inLanguage\":\"tr\",\"@id\":\"https:\/\/www.havuzadairhersey.com\/index.php\/urun\/dikdortgen-drenaj-kapagi-100x200-mm-havuz-dip-izgara-kapagi-yuksek-dayanimli-abs-plastik\/#primaryimage\",\"url\":\"https:\/\/www.havuzadairhersey.com\/wp-content\/uploads\/2025\/04\/1-351.png\",\"contentUrl\":\"https:\/\/www.havuzadairhersey.com\/wp-content\/uploads\/2025\/04\/1-351.png\",\"width\":1875,\"height\":2000,\"caption\":\"ABS Enjeksiyon Plastik Drenaj Kapa\u011f\u0131\"},{\"@type\":\"BreadcrumbList\",\"@id\":\"https:\/\/www.havuzadairhersey.com\/index.php\/urun\/dikdortgen-drenaj-kapagi-100x200-mm-havuz-dip-izgara-kapagi-yuksek-dayanimli-abs-plastik\/#breadcrumb\",\"itemListElement\":[{\"@type\":\"ListItem\",\"position\":1,\"name\":\"Anasayfa\",\"item\":\"https:\/\/www.havuzadairhersey.com\/\"},{\"@type\":\"ListItem\",\"position\":2,\"name\":\"Ma\u011faza\",\"item\":\"https:\/\/www.havuzadairhersey.com\/\"},{\"@type\":\"ListItem\",\"position\":3,\"name\":\"Dikd\u00f6rtgen Drenaj Kapa\u011f\u0131, 100&#215;200 mm, Havuz Dip Izgara Kapa\u011f\u0131, Y\u00fcksek Dayan\u0131ml\u0131 ABS Plastik\"}]},{\"@type\":\"WebSite\",\"@id\":\"https:\/\/www.havuzadairhersey.com\/#website\",\"url\":\"https:\/\/www.havuzadairhersey.com\/\",\"name\":\"\",\"description\":\"Havuza dair arad\u0131\u011f\u0131n\u0131z her\u015fey burada...\",\"potentialAction\":[{\"@type\":\"SearchAction\",\"target\":{\"@type\":\"EntryPoint\",\"urlTemplate\":\"https:\/\/www.havuzadairhersey.com\/?s={search_term_string}\"},\"query-input\":{\"@type\":\"PropertyValueSpecification\",\"valueRequired\":true,\"valueName\":\"search_term_string\"}}],\"inLanguage\":\"tr\"}]}<\/script>\n<!-- \/ Yoast SEO plugin. -->","yoast_head_json":{"title":"Dikd\u00f6rtgen Drenaj Kapa\u011f\u0131, 100x200 mm, Havuz Dip Izgara Kapa\u011f\u0131, Y\u00fcksek Dayan\u0131ml\u0131 ABS Plastik -","robots":{"index":"index","follow":"follow","max-snippet":"max-snippet:-1","max-image-preview":"max-image-preview:large","max-video-preview":"max-video-preview:-1"},"canonical":"https:\/\/www.havuzadairhersey.com\/index.php\/urun\/dikdortgen-drenaj-kapagi-100x200-mm-havuz-dip-izgara-kapagi-yuksek-dayanimli-abs-plastik\/","og_locale":"tr_TR","og_type":"article","og_title":"Dikd\u00f6rtgen Drenaj Kapa\u011f\u0131, 100x200 mm, Havuz Dip Izgara Kapa\u011f\u0131, Y\u00fcksek Dayan\u0131ml\u0131 ABS Plastik -","og_description":"100x200 mm ABS plastik dikd\u00f6rtgen havuz drenaj kapa\u011f\u0131 \u2013 sa\u011flam, g\u00fcvenilir ve dayan\u0131kl\u0131.","og_url":"https:\/\/www.havuzadairhersey.com\/index.php\/urun\/dikdortgen-drenaj-kapagi-100x200-mm-havuz-dip-izgara-kapagi-yuksek-dayanimli-abs-plastik\/","article_modified_time":"2025-04-29T21:03:46+00:00","og_image":[{"width":1875,"height":2000,"url":"https:\/\/www.havuzadairhersey.com\/wp-content\/uploads\/2025\/04\/1-351.png","type":"image\/png"}],"twitter_card":"summary_large_image","schema":{"@context":"https:\/\/schema.org","@graph":[{"@type":"WebPage","@id":"https:\/\/www.havuzadairhersey.com\/index.php\/urun\/dikdortgen-drenaj-kapagi-100x200-mm-havuz-dip-izgara-kapagi-yuksek-dayanimli-abs-plastik\/","url":"https:\/\/www.havuzadairhersey.com\/index.php\/urun\/dikdortgen-drenaj-kapagi-100x200-mm-havuz-dip-izgara-kapagi-yuksek-dayanimli-abs-plastik\/","name":"Dikd\u00f6rtgen Drenaj Kapa\u011f\u0131, 100x200 mm, Havuz Dip Izgara Kapa\u011f\u0131, Y\u00fcksek Dayan\u0131ml\u0131 ABS Plastik -","isPartOf":{"@id":"https:\/\/www.havuzadairhersey.com\/#website"},"primaryImageOfPage":{"@id":"https:\/\/www.havuzadairhersey.com\/index.php\/urun\/dikdortgen-drenaj-kapagi-100x200-mm-havuz-dip-izgara-kapagi-yuksek-dayanimli-abs-plastik\/#primaryimage"},"image":{"@id":"https:\/\/www.havuzadairhersey.com\/index.php\/urun\/dikdortgen-drenaj-kapagi-100x200-mm-havuz-dip-izgara-kapagi-yuksek-dayanimli-abs-plastik\/#primaryimage"},"thumbnailUrl":"https:\/\/www.havuzadairhersey.com\/wp-content\/uploads\/2025\/04\/1-351.png","datePublished":"2025-04-29T21:03:44+00:00","dateModified":"2025-04-29T21:03:46+00:00","breadcrumb":{"@id":"https:\/\/www.havuzadairhersey.com\/index.php\/urun\/dikdortgen-drenaj-kapagi-100x200-mm-havuz-dip-izgara-kapagi-yuksek-dayanimli-abs-plastik\/#breadcrumb"},"inLanguage":"tr","potentialAction":[{"@type":"ReadAction","target":["https:\/\/www.havuzadairhersey.com\/index.php\/urun\/dikdortgen-drenaj-kapagi-100x200-mm-havuz-dip-izgara-kapagi-yuksek-dayanimli-abs-plastik\/"]}]},{"@type":"ImageObject","inLanguage":"tr","@id":"https:\/\/www.havuzadairhersey.com\/index.php\/urun\/dikdortgen-drenaj-kapagi-100x200-mm-havuz-dip-izgara-kapagi-yuksek-dayanimli-abs-plastik\/#primaryimage","url":"https:\/\/www.havuzadairhersey.com\/wp-content\/uploads\/2025\/04\/1-351.png","contentUrl":"https:\/\/www.havuzadairhersey.com\/wp-content\/uploads\/2025\/04\/1-351.png","width":1875,"height":2000,"caption":"ABS Enjeksiyon Plastik Drenaj Kapa\u011f\u0131"},{"@type":"BreadcrumbList","@id":"https:\/\/www.havuzadairhersey.com\/index.php\/urun\/dikdortgen-drenaj-kapagi-100x200-mm-havuz-dip-izgara-kapagi-yuksek-dayanimli-abs-plastik\/#breadcrumb","itemListElement":[{"@type":"ListItem","position":1,"name":"Anasayfa","item":"https:\/\/www.havuzadairhersey.com\/"},{"@type":"ListItem","position":2,"name":"Ma\u011faza","item":"https:\/\/www.havuzadairhersey.com\/"},{"@type":"ListItem","position":3,"name":"Dikd\u00f6rtgen Drenaj Kapa\u011f\u0131, 100&#215;200 mm, Havuz Dip Izgara Kapa\u011f\u0131, Y\u00fcksek Dayan\u0131ml\u0131 ABS Plastik"}]},{"@type":"WebSite","@id":"https:\/\/www.havuzadairhersey.com\/#website","url":"https:\/\/www.havuzadairhersey.com\/","name":"","description":"Havuza dair arad\u0131\u011f\u0131n\u0131z her\u015fey burada...","potentialAction":[{"@type":"SearchAction","target":{"@type":"EntryPoint","urlTemplate":"https:\/\/www.havuzadairhersey.com\/?s={search_term_string}"},"query-input":{"@type":"PropertyValueSpecification","valueRequired":true,"valueName":"search_term_string"}}],"inLanguage":"tr"}]}},"_links":{"self":[{"href":"https:\/\/www.havuzadairhersey.com\/index.php\/wp-json\/wp\/v2\/product\/2763","targetHints":{"allow":["GET"]}}],"collection":[{"href":"https:\/\/www.havuzadairhersey.com\/index.php\/wp-json\/wp\/v2\/product"}],"about":[{"href":"https:\/\/www.havuzadairhersey.com\/index.php\/wp-json\/wp\/v2\/types\/product"}],"replies":[{"embeddable":true,"href":"https:\/\/www.havuzadairhersey.com\/index.php\/wp-json\/wp\/v2\/comments?post=2763"}],"wp:featuredmedia":[{"embeddable":true,"href":"https:\/\/www.havuzadairhersey.com\/index.php\/wp-json\/wp\/v2\/media\/2764"}],"wp:attachment":[{"href":"https:\/\/www.havuzadairhersey.com\/index.php\/wp-json\/wp\/v2\/media?parent=2763"}],"wp:term":[{"taxonomy":"product_brand","embeddable":true,"href":"https:\/\/www.havuzadairhersey.com\/index.php\/wp-json\/wp\/v2\/product_brand?post=2763"},{"taxonomy":"product_cat","embeddable":true,"href":"https:\/\/www.havuzadairhersey.com\/index.php\/wp-json\/wp\/v2\/product_cat?post=2763"},{"taxonomy":"product_tag","embeddable":true,"href":"https:\/\/www.havuzadairhersey.com\/index.php\/wp-json\/wp\/v2\/product_tag?post=2763"}],"curies":[{"name":"wp","href":"https:\/\/api.w.org\/{rel}","templated":true}]}}