{"id":2918,"date":"2025-04-30T23:40:07","date_gmt":"2025-04-30T20:40:07","guid":{"rendered":"https:\/\/www.havuzadairhersey.com\/?post_type=product&#038;p=2918"},"modified":"2025-04-30T23:40:09","modified_gmt":"2025-04-30T20:40:09","slug":"havuz-supurgesi-yedek-pim-dayanikli-plastik-kolay-montaj-kod-19815123006","status":"publish","type":"product","link":"https:\/\/www.havuzadairhersey.com\/index.php\/urun\/havuz-supurgesi-yedek-pim-dayanikli-plastik-kolay-montaj-kod-19815123006\/","title":{"rendered":"Havuz S\u00fcp\u00fcrgesi Yedek Pim, Dayan\u0131kl\u0131 Plastik, Kolay Montaj, Kod: 19815123006"},"content":{"rendered":"<p>Bu yedek pim, havuz s\u00fcp\u00fcrgeleri i\u00e7in \u00f6zel olarak tasarlanm\u0131\u015f, sa\u011flam plastikten \u00fcretilmi\u015ftir. Y\u00fcksek mukavemeti sayesinde s\u00fcp\u00fcrge ekipman\u0131n\u0131z\u0131n ba\u011flant\u0131 noktalar\u0131nda uzun s\u00fcreli kullan\u0131m sa\u011flar. Kolay monte edilebilen yap\u0131s\u0131yla kullan\u0131c\u0131 dostudur ve havuz temizleme i\u015flemlerinizin aksamadan devam etmesine yard\u0131mc\u0131 olur. Kod: 19815123006 ile stoktan h\u0131zl\u0131 g\u00f6nderim avantaj\u0131.<\/p>\n","protected":false},"excerpt":{"rendered":"<p>Havuz s\u00fcp\u00fcrgesi i\u00e7in sa\u011flam, dayan\u0131kl\u0131 ve kolay tak\u0131labilen yedek pim.<\/p>\n","protected":false},"featured_media":2919,"comment_status":"open","ping_status":"closed","template":"","meta":{"site-sidebar-layout":"default","site-content-layout":"","ast-site-content-layout":"default","site-content-style":"default","site-sidebar-style":"default","ast-global-header-display":"","ast-banner-title-visibility":"","ast-main-header-display":"","ast-hfb-above-header-display":"","ast-hfb-below-header-display":"","ast-hfb-mobile-header-display":"","site-post-title":"","ast-breadcrumbs-content":"","ast-featured-img":"","footer-sml-layout":"","theme-transparent-header-meta":"default","adv-header-id-meta":"","stick-header-meta":"","header-above-stick-meta":"","header-main-stick-meta":"","header-below-stick-meta":"","astra-migrate-meta-layouts":"set","ast-page-background-enabled":"default","ast-page-background-meta":{"desktop":{"background-color":"var(--ast-global-color-5)","background-image":"","background-repeat":"repeat","background-position":"center center","background-size":"auto","background-attachment":"scroll","background-type":"","background-media":"","overlay-type":"","overlay-color":"","overlay-opacity":"","overlay-gradient":""},"tablet":{"background-color":"","background-image":"","background-repeat":"repeat","background-position":"center center","background-size":"auto","background-attachment":"scroll","background-type":"","background-media":"","overlay-type":"","overlay-color":"","overlay-opacity":"","overlay-gradient":""},"mobile":{"background-color":"","background-image":"","background-repeat":"repeat","background-position":"center center","background-size":"auto","background-attachment":"scroll","background-type":"","background-media":"","overlay-type":"","overlay-color":"","overlay-opacity":"","overlay-gradient":""}},"ast-content-background-meta":{"desktop":{"background-color":"var(--ast-global-color-4)","background-image":"","background-repeat":"repeat","background-position":"center center","background-size":"auto","background-attachment":"scroll","background-type":"","background-media":"","overlay-type":"","overlay-color":"","overlay-opacity":"","overlay-gradient":""},"tablet":{"background-color":"var(--ast-global-color-4)","background-image":"","background-repeat":"repeat","background-position":"center center","background-size":"auto","background-attachment":"scroll","background-type":"","background-media":"","overlay-type":"","overlay-color":"","overlay-opacity":"","overlay-gradient":""},"mobile":{"background-color":"var(--ast-global-color-4)","background-image":"","background-repeat":"repeat","background-position":"center center","background-size":"auto","background-attachment":"scroll","background-type":"","background-media":"","overlay-type":"","overlay-color":"","overlay-opacity":"","overlay-gradient":""}}},"product_brand":[3683],"product_cat":[4226],"product_tag":[4286,4285,311,4284,4280,4282,4283,4287,4281],"class_list":{"0":"post-2918","1":"product","2":"type-product","3":"status-publish","4":"has-post-thumbnail","6":"product_brand-neta-havuz","7":"product_cat-havuz-temizlik-malzemeleri-yedek-parcalar","8":"product_tag-4286","9":"product_tag-dayanikli-pim","10":"product_tag-havuz-ekipmani","11":"product_tag-havuz-supurge-yedek-parca","12":"product_tag-havuz-supurgesi-yedek-parca","13":"product_tag-havuz-temizligi-aksesuari","14":"product_tag-plastik-havuz-pimi","15":"product_tag-supurge-baglanti-parcasi","16":"product_tag-supurge-pimi","17":"desktop-align-left","18":"tablet-align-left","19":"mobile-align-left","21":"first","22":"instock","23":"shipping-taxable","24":"purchasable","25":"product-type-simple"},"yoast_head":"<!-- This site is optimized with the Yoast SEO plugin v25.0 - https:\/\/yoast.com\/wordpress\/plugins\/seo\/ -->\n<title>Havuz S\u00fcp\u00fcrgesi Yedek Pim, Dayan\u0131kl\u0131 Plastik, Kolay Montaj, Kod: 19815123006 -<\/title>\n<meta name=\"robots\" content=\"index, follow, max-snippet:-1, max-image-preview:large, max-video-preview:-1\" \/>\n<link rel=\"canonical\" href=\"https:\/\/www.havuzadairhersey.com\/index.php\/urun\/havuz-supurgesi-yedek-pim-dayanikli-plastik-kolay-montaj-kod-19815123006\/\" \/>\n<meta property=\"og:locale\" content=\"tr_TR\" \/>\n<meta property=\"og:type\" content=\"article\" \/>\n<meta property=\"og:title\" content=\"Havuz S\u00fcp\u00fcrgesi Yedek Pim, Dayan\u0131kl\u0131 Plastik, Kolay Montaj, Kod: 19815123006 -\" \/>\n<meta property=\"og:description\" content=\"Havuz s\u00fcp\u00fcrgesi i\u00e7in sa\u011flam, dayan\u0131kl\u0131 ve kolay tak\u0131labilen yedek pim.\" \/>\n<meta property=\"og:url\" content=\"https:\/\/www.havuzadairhersey.com\/index.php\/urun\/havuz-supurgesi-yedek-pim-dayanikli-plastik-kolay-montaj-kod-19815123006\/\" \/>\n<meta property=\"article:modified_time\" content=\"2025-04-30T20:40:09+00:00\" \/>\n<meta property=\"og:image\" content=\"https:\/\/www.havuzadairhersey.com\/wp-content\/uploads\/2025\/04\/1-379.png\" \/>\n\t<meta property=\"og:image:width\" content=\"1875\" \/>\n\t<meta property=\"og:image:height\" content=\"2000\" \/>\n\t<meta property=\"og:image:type\" content=\"image\/png\" \/>\n<meta name=\"twitter:card\" content=\"summary_large_image\" \/>\n<script type=\"application\/ld+json\" class=\"yoast-schema-graph\">{\"@context\":\"https:\/\/schema.org\",\"@graph\":[{\"@type\":\"WebPage\",\"@id\":\"https:\/\/www.havuzadairhersey.com\/index.php\/urun\/havuz-supurgesi-yedek-pim-dayanikli-plastik-kolay-montaj-kod-19815123006\/\",\"url\":\"https:\/\/www.havuzadairhersey.com\/index.php\/urun\/havuz-supurgesi-yedek-pim-dayanikli-plastik-kolay-montaj-kod-19815123006\/\",\"name\":\"Havuz S\u00fcp\u00fcrgesi Yedek Pim, Dayan\u0131kl\u0131 Plastik, Kolay Montaj, Kod: 19815123006 -\",\"isPartOf\":{\"@id\":\"https:\/\/www.havuzadairhersey.com\/#website\"},\"primaryImageOfPage\":{\"@id\":\"https:\/\/www.havuzadairhersey.com\/index.php\/urun\/havuz-supurgesi-yedek-pim-dayanikli-plastik-kolay-montaj-kod-19815123006\/#primaryimage\"},\"image\":{\"@id\":\"https:\/\/www.havuzadairhersey.com\/index.php\/urun\/havuz-supurgesi-yedek-pim-dayanikli-plastik-kolay-montaj-kod-19815123006\/#primaryimage\"},\"thumbnailUrl\":\"https:\/\/www.havuzadairhersey.com\/wp-content\/uploads\/2025\/04\/1-379.png\",\"datePublished\":\"2025-04-30T20:40:07+00:00\",\"dateModified\":\"2025-04-30T20:40:09+00:00\",\"breadcrumb\":{\"@id\":\"https:\/\/www.havuzadairhersey.com\/index.php\/urun\/havuz-supurgesi-yedek-pim-dayanikli-plastik-kolay-montaj-kod-19815123006\/#breadcrumb\"},\"inLanguage\":\"tr\",\"potentialAction\":[{\"@type\":\"ReadAction\",\"target\":[\"https:\/\/www.havuzadairhersey.com\/index.php\/urun\/havuz-supurgesi-yedek-pim-dayanikli-plastik-kolay-montaj-kod-19815123006\/\"]}]},{\"@type\":\"ImageObject\",\"inLanguage\":\"tr\",\"@id\":\"https:\/\/www.havuzadairhersey.com\/index.php\/urun\/havuz-supurgesi-yedek-pim-dayanikli-plastik-kolay-montaj-kod-19815123006\/#primaryimage\",\"url\":\"https:\/\/www.havuzadairhersey.com\/wp-content\/uploads\/2025\/04\/1-379.png\",\"contentUrl\":\"https:\/\/www.havuzadairhersey.com\/wp-content\/uploads\/2025\/04\/1-379.png\",\"width\":1875,\"height\":2000,\"caption\":\"19815123006 kodlu havuz s\u00fcp\u00fcrgesi yedek plastik pim\"},{\"@type\":\"BreadcrumbList\",\"@id\":\"https:\/\/www.havuzadairhersey.com\/index.php\/urun\/havuz-supurgesi-yedek-pim-dayanikli-plastik-kolay-montaj-kod-19815123006\/#breadcrumb\",\"itemListElement\":[{\"@type\":\"ListItem\",\"position\":1,\"name\":\"Anasayfa\",\"item\":\"https:\/\/www.havuzadairhersey.com\/\"},{\"@type\":\"ListItem\",\"position\":2,\"name\":\"Ma\u011faza\",\"item\":\"https:\/\/www.havuzadairhersey.com\/\"},{\"@type\":\"ListItem\",\"position\":3,\"name\":\"Havuz S\u00fcp\u00fcrgesi Yedek Pim, Dayan\u0131kl\u0131 Plastik, Kolay Montaj, Kod: 19815123006\"}]},{\"@type\":\"WebSite\",\"@id\":\"https:\/\/www.havuzadairhersey.com\/#website\",\"url\":\"https:\/\/www.havuzadairhersey.com\/\",\"name\":\"\",\"description\":\"Havuza dair arad\u0131\u011f\u0131n\u0131z her\u015fey burada...\",\"potentialAction\":[{\"@type\":\"SearchAction\",\"target\":{\"@type\":\"EntryPoint\",\"urlTemplate\":\"https:\/\/www.havuzadairhersey.com\/?s={search_term_string}\"},\"query-input\":{\"@type\":\"PropertyValueSpecification\",\"valueRequired\":true,\"valueName\":\"search_term_string\"}}],\"inLanguage\":\"tr\"}]}<\/script>\n<!-- \/ Yoast SEO plugin. -->","yoast_head_json":{"title":"Havuz S\u00fcp\u00fcrgesi Yedek Pim, Dayan\u0131kl\u0131 Plastik, Kolay Montaj, Kod: 19815123006 -","robots":{"index":"index","follow":"follow","max-snippet":"max-snippet:-1","max-image-preview":"max-image-preview:large","max-video-preview":"max-video-preview:-1"},"canonical":"https:\/\/www.havuzadairhersey.com\/index.php\/urun\/havuz-supurgesi-yedek-pim-dayanikli-plastik-kolay-montaj-kod-19815123006\/","og_locale":"tr_TR","og_type":"article","og_title":"Havuz S\u00fcp\u00fcrgesi Yedek Pim, Dayan\u0131kl\u0131 Plastik, Kolay Montaj, Kod: 19815123006 -","og_description":"Havuz s\u00fcp\u00fcrgesi i\u00e7in sa\u011flam, dayan\u0131kl\u0131 ve kolay tak\u0131labilen yedek pim.","og_url":"https:\/\/www.havuzadairhersey.com\/index.php\/urun\/havuz-supurgesi-yedek-pim-dayanikli-plastik-kolay-montaj-kod-19815123006\/","article_modified_time":"2025-04-30T20:40:09+00:00","og_image":[{"width":1875,"height":2000,"url":"https:\/\/www.havuzadairhersey.com\/wp-content\/uploads\/2025\/04\/1-379.png","type":"image\/png"}],"twitter_card":"summary_large_image","schema":{"@context":"https:\/\/schema.org","@graph":[{"@type":"WebPage","@id":"https:\/\/www.havuzadairhersey.com\/index.php\/urun\/havuz-supurgesi-yedek-pim-dayanikli-plastik-kolay-montaj-kod-19815123006\/","url":"https:\/\/www.havuzadairhersey.com\/index.php\/urun\/havuz-supurgesi-yedek-pim-dayanikli-plastik-kolay-montaj-kod-19815123006\/","name":"Havuz S\u00fcp\u00fcrgesi Yedek Pim, Dayan\u0131kl\u0131 Plastik, Kolay Montaj, Kod: 19815123006 -","isPartOf":{"@id":"https:\/\/www.havuzadairhersey.com\/#website"},"primaryImageOfPage":{"@id":"https:\/\/www.havuzadairhersey.com\/index.php\/urun\/havuz-supurgesi-yedek-pim-dayanikli-plastik-kolay-montaj-kod-19815123006\/#primaryimage"},"image":{"@id":"https:\/\/www.havuzadairhersey.com\/index.php\/urun\/havuz-supurgesi-yedek-pim-dayanikli-plastik-kolay-montaj-kod-19815123006\/#primaryimage"},"thumbnailUrl":"https:\/\/www.havuzadairhersey.com\/wp-content\/uploads\/2025\/04\/1-379.png","datePublished":"2025-04-30T20:40:07+00:00","dateModified":"2025-04-30T20:40:09+00:00","breadcrumb":{"@id":"https:\/\/www.havuzadairhersey.com\/index.php\/urun\/havuz-supurgesi-yedek-pim-dayanikli-plastik-kolay-montaj-kod-19815123006\/#breadcrumb"},"inLanguage":"tr","potentialAction":[{"@type":"ReadAction","target":["https:\/\/www.havuzadairhersey.com\/index.php\/urun\/havuz-supurgesi-yedek-pim-dayanikli-plastik-kolay-montaj-kod-19815123006\/"]}]},{"@type":"ImageObject","inLanguage":"tr","@id":"https:\/\/www.havuzadairhersey.com\/index.php\/urun\/havuz-supurgesi-yedek-pim-dayanikli-plastik-kolay-montaj-kod-19815123006\/#primaryimage","url":"https:\/\/www.havuzadairhersey.com\/wp-content\/uploads\/2025\/04\/1-379.png","contentUrl":"https:\/\/www.havuzadairhersey.com\/wp-content\/uploads\/2025\/04\/1-379.png","width":1875,"height":2000,"caption":"19815123006 kodlu havuz s\u00fcp\u00fcrgesi yedek plastik pim"},{"@type":"BreadcrumbList","@id":"https:\/\/www.havuzadairhersey.com\/index.php\/urun\/havuz-supurgesi-yedek-pim-dayanikli-plastik-kolay-montaj-kod-19815123006\/#breadcrumb","itemListElement":[{"@type":"ListItem","position":1,"name":"Anasayfa","item":"https:\/\/www.havuzadairhersey.com\/"},{"@type":"ListItem","position":2,"name":"Ma\u011faza","item":"https:\/\/www.havuzadairhersey.com\/"},{"@type":"ListItem","position":3,"name":"Havuz S\u00fcp\u00fcrgesi Yedek Pim, Dayan\u0131kl\u0131 Plastik, Kolay Montaj, Kod: 19815123006"}]},{"@type":"WebSite","@id":"https:\/\/www.havuzadairhersey.com\/#website","url":"https:\/\/www.havuzadairhersey.com\/","name":"","description":"Havuza dair arad\u0131\u011f\u0131n\u0131z her\u015fey burada...","potentialAction":[{"@type":"SearchAction","target":{"@type":"EntryPoint","urlTemplate":"https:\/\/www.havuzadairhersey.com\/?s={search_term_string}"},"query-input":{"@type":"PropertyValueSpecification","valueRequired":true,"valueName":"search_term_string"}}],"inLanguage":"tr"}]}},"_links":{"self":[{"href":"https:\/\/www.havuzadairhersey.com\/index.php\/wp-json\/wp\/v2\/product\/2918","targetHints":{"allow":["GET"]}}],"collection":[{"href":"https:\/\/www.havuzadairhersey.com\/index.php\/wp-json\/wp\/v2\/product"}],"about":[{"href":"https:\/\/www.havuzadairhersey.com\/index.php\/wp-json\/wp\/v2\/types\/product"}],"replies":[{"embeddable":true,"href":"https:\/\/www.havuzadairhersey.com\/index.php\/wp-json\/wp\/v2\/comments?post=2918"}],"wp:featuredmedia":[{"embeddable":true,"href":"https:\/\/www.havuzadairhersey.com\/index.php\/wp-json\/wp\/v2\/media\/2919"}],"wp:attachment":[{"href":"https:\/\/www.havuzadairhersey.com\/index.php\/wp-json\/wp\/v2\/media?parent=2918"}],"wp:term":[{"taxonomy":"product_brand","embeddable":true,"href":"https:\/\/www.havuzadairhersey.com\/index.php\/wp-json\/wp\/v2\/product_brand?post=2918"},{"taxonomy":"product_cat","embeddable":true,"href":"https:\/\/www.havuzadairhersey.com\/index.php\/wp-json\/wp\/v2\/product_cat?post=2918"},{"taxonomy":"product_tag","embeddable":true,"href":"https:\/\/www.havuzadairhersey.com\/index.php\/wp-json\/wp\/v2\/product_tag?post=2918"}],"curies":[{"name":"wp","href":"https:\/\/api.w.org\/{rel}","templated":true}]}}