{"id":2924,"date":"2025-04-30T23:44:08","date_gmt":"2025-04-30T20:44:08","guid":{"rendered":"https:\/\/www.havuzadairhersey.com\/?post_type=product&#038;p=2924"},"modified":"2025-04-30T23:44:09","modified_gmt":"2025-04-30T20:44:09","slug":"havuz-vakum-supurgesi-catal-pim-yedek-parca-dayanikli-plastik-malzeme-uyumlu-tasarim","status":"publish","type":"product","link":"https:\/\/www.havuzadairhersey.com\/index.php\/urun\/havuz-vakum-supurgesi-catal-pim-yedek-parca-dayanikli-plastik-malzeme-uyumlu-tasarim\/","title":{"rendered":"Havuz Vakum S\u00fcp\u00fcrgesi \u00c7atal Pim Yedek Par\u00e7a, Dayan\u0131kl\u0131 Plastik Malzeme, Uyumlu Tasar\u0131m"},"content":{"rendered":"<p>Bu havuz vakum s\u00fcp\u00fcrgesi \u00e7atal pim yedek par\u00e7as\u0131, s\u00fcp\u00fcrgenizin fonksiyonelli\u011fini s\u00fcrd\u00fcrebilmeniz i\u00e7in \u00f6zel olarak tasarlanm\u0131\u015ft\u0131r. Sa\u011flam plastik malzemeden \u00fcretilmi\u015f olup, uzun \u00f6m\u00fcrl\u00fc kullan\u0131m sa\u011flar. Vakum s\u00fcp\u00fcrgesinin g\u00f6vdesi ve ba\u011flant\u0131 elemanlar\u0131 aras\u0131nda sa\u011flam bir sabitleme sunar. Kolay tak\u0131l\u0131p \u00e7\u0131kar\u0131labilen yap\u0131s\u0131 sayesinde, kullan\u0131c\u0131 dostudur ve vakum s\u00fcp\u00fcrgesiyle tam uyumludur. Sitenizde stok kodu: 19815123010 ile listelenebilir.<\/p>\n","protected":false},"excerpt":{"rendered":"<p>Havuz vakum s\u00fcp\u00fcrgesi i\u00e7in uyumlu ve sa\u011flam yap\u0131l\u0131 yedek \u00e7atal pim.<\/p>\n","protected":false},"featured_media":2925,"comment_status":"open","ping_status":"closed","template":"","meta":{"site-sidebar-layout":"default","site-content-layout":"","ast-site-content-layout":"default","site-content-style":"default","site-sidebar-style":"default","ast-global-header-display":"","ast-banner-title-visibility":"","ast-main-header-display":"","ast-hfb-above-header-display":"","ast-hfb-below-header-display":"","ast-hfb-mobile-header-display":"","site-post-title":"","ast-breadcrumbs-content":"","ast-featured-img":"","footer-sml-layout":"","theme-transparent-header-meta":"default","adv-header-id-meta":"","stick-header-meta":"","header-above-stick-meta":"","header-main-stick-meta":"","header-below-stick-meta":"","astra-migrate-meta-layouts":"set","ast-page-background-enabled":"default","ast-page-background-meta":{"desktop":{"background-color":"var(--ast-global-color-5)","background-image":"","background-repeat":"repeat","background-position":"center center","background-size":"auto","background-attachment":"scroll","background-type":"","background-media":"","overlay-type":"","overlay-color":"","overlay-opacity":"","overlay-gradient":""},"tablet":{"background-color":"","background-image":"","background-repeat":"repeat","background-position":"center center","background-size":"auto","background-attachment":"scroll","background-type":"","background-media":"","overlay-type":"","overlay-color":"","overlay-opacity":"","overlay-gradient":""},"mobile":{"background-color":"","background-image":"","background-repeat":"repeat","background-position":"center center","background-size":"auto","background-attachment":"scroll","background-type":"","background-media":"","overlay-type":"","overlay-color":"","overlay-opacity":"","overlay-gradient":""}},"ast-content-background-meta":{"desktop":{"background-color":"var(--ast-global-color-4)","background-image":"","background-repeat":"repeat","background-position":"center center","background-size":"auto","background-attachment":"scroll","background-type":"","background-media":"","overlay-type":"","overlay-color":"","overlay-opacity":"","overlay-gradient":""},"tablet":{"background-color":"var(--ast-global-color-4)","background-image":"","background-repeat":"repeat","background-position":"center center","background-size":"auto","background-attachment":"scroll","background-type":"","background-media":"","overlay-type":"","overlay-color":"","overlay-opacity":"","overlay-gradient":""},"mobile":{"background-color":"var(--ast-global-color-4)","background-image":"","background-repeat":"repeat","background-position":"center center","background-size":"auto","background-attachment":"scroll","background-type":"","background-media":"","overlay-type":"","overlay-color":"","overlay-opacity":"","overlay-gradient":""}}},"product_brand":[3683],"product_cat":[4226],"product_tag":[4285,4253,4298,4300,973,4297,4268,4296,4295,4299],"class_list":{"0":"post-2924","1":"product","2":"type-product","3":"status-publish","4":"has-post-thumbnail","6":"product_brand-neta-havuz","7":"product_cat-havuz-temizlik-malzemeleri-yedek-parcalar","8":"product_tag-dayanikli-pim","9":"product_tag-havuz-supurge-parcasi","10":"product_tag-havuz-supurgesi-tamir","11":"product_tag-havuz-temizlik","12":"product_tag-havuz-temizlik-ekipmani","13":"product_tag-plastik-yedek-pim","14":"product_tag-supurge-aksesuari","15":"product_tag-supurge-catal-pim","16":"product_tag-vakum-supurge-yedegi","17":"product_tag-yedek-supurge-pim","18":"desktop-align-left","19":"tablet-align-left","20":"mobile-align-left","22":"first","23":"instock","24":"shipping-taxable","25":"purchasable","26":"product-type-simple"},"yoast_head":"<!-- This site is optimized with the Yoast SEO plugin v25.0 - https:\/\/yoast.com\/wordpress\/plugins\/seo\/ -->\n<title>Havuz Vakum S\u00fcp\u00fcrgesi \u00c7atal Pim Yedek Par\u00e7a, Dayan\u0131kl\u0131 Plastik Malzeme, Uyumlu Tasar\u0131m -<\/title>\n<meta name=\"robots\" content=\"index, follow, max-snippet:-1, max-image-preview:large, max-video-preview:-1\" \/>\n<link rel=\"canonical\" href=\"https:\/\/www.havuzadairhersey.com\/index.php\/urun\/havuz-vakum-supurgesi-catal-pim-yedek-parca-dayanikli-plastik-malzeme-uyumlu-tasarim\/\" \/>\n<meta property=\"og:locale\" content=\"tr_TR\" \/>\n<meta property=\"og:type\" content=\"article\" \/>\n<meta property=\"og:title\" content=\"Havuz Vakum S\u00fcp\u00fcrgesi \u00c7atal Pim Yedek Par\u00e7a, Dayan\u0131kl\u0131 Plastik Malzeme, Uyumlu Tasar\u0131m -\" \/>\n<meta property=\"og:description\" content=\"Havuz vakum s\u00fcp\u00fcrgesi i\u00e7in uyumlu ve sa\u011flam yap\u0131l\u0131 yedek \u00e7atal pim.\" \/>\n<meta property=\"og:url\" content=\"https:\/\/www.havuzadairhersey.com\/index.php\/urun\/havuz-vakum-supurgesi-catal-pim-yedek-parca-dayanikli-plastik-malzeme-uyumlu-tasarim\/\" \/>\n<meta property=\"article:modified_time\" content=\"2025-04-30T20:44:09+00:00\" \/>\n<meta property=\"og:image\" content=\"https:\/\/www.havuzadairhersey.com\/wp-content\/uploads\/2025\/04\/1-381.png\" \/>\n\t<meta property=\"og:image:width\" content=\"1875\" \/>\n\t<meta property=\"og:image:height\" content=\"2000\" \/>\n\t<meta property=\"og:image:type\" content=\"image\/png\" \/>\n<meta name=\"twitter:card\" content=\"summary_large_image\" \/>\n<script type=\"application\/ld+json\" class=\"yoast-schema-graph\">{\"@context\":\"https:\/\/schema.org\",\"@graph\":[{\"@type\":\"WebPage\",\"@id\":\"https:\/\/www.havuzadairhersey.com\/index.php\/urun\/havuz-vakum-supurgesi-catal-pim-yedek-parca-dayanikli-plastik-malzeme-uyumlu-tasarim\/\",\"url\":\"https:\/\/www.havuzadairhersey.com\/index.php\/urun\/havuz-vakum-supurgesi-catal-pim-yedek-parca-dayanikli-plastik-malzeme-uyumlu-tasarim\/\",\"name\":\"Havuz Vakum S\u00fcp\u00fcrgesi \u00c7atal Pim Yedek Par\u00e7a, Dayan\u0131kl\u0131 Plastik Malzeme, Uyumlu Tasar\u0131m -\",\"isPartOf\":{\"@id\":\"https:\/\/www.havuzadairhersey.com\/#website\"},\"primaryImageOfPage\":{\"@id\":\"https:\/\/www.havuzadairhersey.com\/index.php\/urun\/havuz-vakum-supurgesi-catal-pim-yedek-parca-dayanikli-plastik-malzeme-uyumlu-tasarim\/#primaryimage\"},\"image\":{\"@id\":\"https:\/\/www.havuzadairhersey.com\/index.php\/urun\/havuz-vakum-supurgesi-catal-pim-yedek-parca-dayanikli-plastik-malzeme-uyumlu-tasarim\/#primaryimage\"},\"thumbnailUrl\":\"https:\/\/www.havuzadairhersey.com\/wp-content\/uploads\/2025\/04\/1-381.png\",\"datePublished\":\"2025-04-30T20:44:08+00:00\",\"dateModified\":\"2025-04-30T20:44:09+00:00\",\"breadcrumb\":{\"@id\":\"https:\/\/www.havuzadairhersey.com\/index.php\/urun\/havuz-vakum-supurgesi-catal-pim-yedek-parca-dayanikli-plastik-malzeme-uyumlu-tasarim\/#breadcrumb\"},\"inLanguage\":\"tr\",\"potentialAction\":[{\"@type\":\"ReadAction\",\"target\":[\"https:\/\/www.havuzadairhersey.com\/index.php\/urun\/havuz-vakum-supurgesi-catal-pim-yedek-parca-dayanikli-plastik-malzeme-uyumlu-tasarim\/\"]}]},{\"@type\":\"ImageObject\",\"inLanguage\":\"tr\",\"@id\":\"https:\/\/www.havuzadairhersey.com\/index.php\/urun\/havuz-vakum-supurgesi-catal-pim-yedek-parca-dayanikli-plastik-malzeme-uyumlu-tasarim\/#primaryimage\",\"url\":\"https:\/\/www.havuzadairhersey.com\/wp-content\/uploads\/2025\/04\/1-381.png\",\"contentUrl\":\"https:\/\/www.havuzadairhersey.com\/wp-content\/uploads\/2025\/04\/1-381.png\",\"width\":1875,\"height\":2000,\"caption\":\"Vakum s\u00fcp\u00fcrgeleriyle uyumlu sa\u011flam plastik \u00e7atal pim\"},{\"@type\":\"BreadcrumbList\",\"@id\":\"https:\/\/www.havuzadairhersey.com\/index.php\/urun\/havuz-vakum-supurgesi-catal-pim-yedek-parca-dayanikli-plastik-malzeme-uyumlu-tasarim\/#breadcrumb\",\"itemListElement\":[{\"@type\":\"ListItem\",\"position\":1,\"name\":\"Anasayfa\",\"item\":\"https:\/\/www.havuzadairhersey.com\/\"},{\"@type\":\"ListItem\",\"position\":2,\"name\":\"Ma\u011faza\",\"item\":\"https:\/\/www.havuzadairhersey.com\/\"},{\"@type\":\"ListItem\",\"position\":3,\"name\":\"Havuz Vakum S\u00fcp\u00fcrgesi \u00c7atal Pim Yedek Par\u00e7a, Dayan\u0131kl\u0131 Plastik Malzeme, Uyumlu Tasar\u0131m\"}]},{\"@type\":\"WebSite\",\"@id\":\"https:\/\/www.havuzadairhersey.com\/#website\",\"url\":\"https:\/\/www.havuzadairhersey.com\/\",\"name\":\"\",\"description\":\"Havuza dair arad\u0131\u011f\u0131n\u0131z her\u015fey burada...\",\"potentialAction\":[{\"@type\":\"SearchAction\",\"target\":{\"@type\":\"EntryPoint\",\"urlTemplate\":\"https:\/\/www.havuzadairhersey.com\/?s={search_term_string}\"},\"query-input\":{\"@type\":\"PropertyValueSpecification\",\"valueRequired\":true,\"valueName\":\"search_term_string\"}}],\"inLanguage\":\"tr\"}]}<\/script>\n<!-- \/ Yoast SEO plugin. -->","yoast_head_json":{"title":"Havuz Vakum S\u00fcp\u00fcrgesi \u00c7atal Pim Yedek Par\u00e7a, Dayan\u0131kl\u0131 Plastik Malzeme, Uyumlu Tasar\u0131m -","robots":{"index":"index","follow":"follow","max-snippet":"max-snippet:-1","max-image-preview":"max-image-preview:large","max-video-preview":"max-video-preview:-1"},"canonical":"https:\/\/www.havuzadairhersey.com\/index.php\/urun\/havuz-vakum-supurgesi-catal-pim-yedek-parca-dayanikli-plastik-malzeme-uyumlu-tasarim\/","og_locale":"tr_TR","og_type":"article","og_title":"Havuz Vakum S\u00fcp\u00fcrgesi \u00c7atal Pim Yedek Par\u00e7a, Dayan\u0131kl\u0131 Plastik Malzeme, Uyumlu Tasar\u0131m -","og_description":"Havuz vakum s\u00fcp\u00fcrgesi i\u00e7in uyumlu ve sa\u011flam yap\u0131l\u0131 yedek \u00e7atal pim.","og_url":"https:\/\/www.havuzadairhersey.com\/index.php\/urun\/havuz-vakum-supurgesi-catal-pim-yedek-parca-dayanikli-plastik-malzeme-uyumlu-tasarim\/","article_modified_time":"2025-04-30T20:44:09+00:00","og_image":[{"width":1875,"height":2000,"url":"https:\/\/www.havuzadairhersey.com\/wp-content\/uploads\/2025\/04\/1-381.png","type":"image\/png"}],"twitter_card":"summary_large_image","schema":{"@context":"https:\/\/schema.org","@graph":[{"@type":"WebPage","@id":"https:\/\/www.havuzadairhersey.com\/index.php\/urun\/havuz-vakum-supurgesi-catal-pim-yedek-parca-dayanikli-plastik-malzeme-uyumlu-tasarim\/","url":"https:\/\/www.havuzadairhersey.com\/index.php\/urun\/havuz-vakum-supurgesi-catal-pim-yedek-parca-dayanikli-plastik-malzeme-uyumlu-tasarim\/","name":"Havuz Vakum S\u00fcp\u00fcrgesi \u00c7atal Pim Yedek Par\u00e7a, Dayan\u0131kl\u0131 Plastik Malzeme, Uyumlu Tasar\u0131m -","isPartOf":{"@id":"https:\/\/www.havuzadairhersey.com\/#website"},"primaryImageOfPage":{"@id":"https:\/\/www.havuzadairhersey.com\/index.php\/urun\/havuz-vakum-supurgesi-catal-pim-yedek-parca-dayanikli-plastik-malzeme-uyumlu-tasarim\/#primaryimage"},"image":{"@id":"https:\/\/www.havuzadairhersey.com\/index.php\/urun\/havuz-vakum-supurgesi-catal-pim-yedek-parca-dayanikli-plastik-malzeme-uyumlu-tasarim\/#primaryimage"},"thumbnailUrl":"https:\/\/www.havuzadairhersey.com\/wp-content\/uploads\/2025\/04\/1-381.png","datePublished":"2025-04-30T20:44:08+00:00","dateModified":"2025-04-30T20:44:09+00:00","breadcrumb":{"@id":"https:\/\/www.havuzadairhersey.com\/index.php\/urun\/havuz-vakum-supurgesi-catal-pim-yedek-parca-dayanikli-plastik-malzeme-uyumlu-tasarim\/#breadcrumb"},"inLanguage":"tr","potentialAction":[{"@type":"ReadAction","target":["https:\/\/www.havuzadairhersey.com\/index.php\/urun\/havuz-vakum-supurgesi-catal-pim-yedek-parca-dayanikli-plastik-malzeme-uyumlu-tasarim\/"]}]},{"@type":"ImageObject","inLanguage":"tr","@id":"https:\/\/www.havuzadairhersey.com\/index.php\/urun\/havuz-vakum-supurgesi-catal-pim-yedek-parca-dayanikli-plastik-malzeme-uyumlu-tasarim\/#primaryimage","url":"https:\/\/www.havuzadairhersey.com\/wp-content\/uploads\/2025\/04\/1-381.png","contentUrl":"https:\/\/www.havuzadairhersey.com\/wp-content\/uploads\/2025\/04\/1-381.png","width":1875,"height":2000,"caption":"Vakum s\u00fcp\u00fcrgeleriyle uyumlu sa\u011flam plastik \u00e7atal pim"},{"@type":"BreadcrumbList","@id":"https:\/\/www.havuzadairhersey.com\/index.php\/urun\/havuz-vakum-supurgesi-catal-pim-yedek-parca-dayanikli-plastik-malzeme-uyumlu-tasarim\/#breadcrumb","itemListElement":[{"@type":"ListItem","position":1,"name":"Anasayfa","item":"https:\/\/www.havuzadairhersey.com\/"},{"@type":"ListItem","position":2,"name":"Ma\u011faza","item":"https:\/\/www.havuzadairhersey.com\/"},{"@type":"ListItem","position":3,"name":"Havuz Vakum S\u00fcp\u00fcrgesi \u00c7atal Pim Yedek Par\u00e7a, Dayan\u0131kl\u0131 Plastik Malzeme, Uyumlu Tasar\u0131m"}]},{"@type":"WebSite","@id":"https:\/\/www.havuzadairhersey.com\/#website","url":"https:\/\/www.havuzadairhersey.com\/","name":"","description":"Havuza dair arad\u0131\u011f\u0131n\u0131z her\u015fey burada...","potentialAction":[{"@type":"SearchAction","target":{"@type":"EntryPoint","urlTemplate":"https:\/\/www.havuzadairhersey.com\/?s={search_term_string}"},"query-input":{"@type":"PropertyValueSpecification","valueRequired":true,"valueName":"search_term_string"}}],"inLanguage":"tr"}]}},"_links":{"self":[{"href":"https:\/\/www.havuzadairhersey.com\/index.php\/wp-json\/wp\/v2\/product\/2924","targetHints":{"allow":["GET"]}}],"collection":[{"href":"https:\/\/www.havuzadairhersey.com\/index.php\/wp-json\/wp\/v2\/product"}],"about":[{"href":"https:\/\/www.havuzadairhersey.com\/index.php\/wp-json\/wp\/v2\/types\/product"}],"replies":[{"embeddable":true,"href":"https:\/\/www.havuzadairhersey.com\/index.php\/wp-json\/wp\/v2\/comments?post=2924"}],"wp:featuredmedia":[{"embeddable":true,"href":"https:\/\/www.havuzadairhersey.com\/index.php\/wp-json\/wp\/v2\/media\/2925"}],"wp:attachment":[{"href":"https:\/\/www.havuzadairhersey.com\/index.php\/wp-json\/wp\/v2\/media?parent=2924"}],"wp:term":[{"taxonomy":"product_brand","embeddable":true,"href":"https:\/\/www.havuzadairhersey.com\/index.php\/wp-json\/wp\/v2\/product_brand?post=2924"},{"taxonomy":"product_cat","embeddable":true,"href":"https:\/\/www.havuzadairhersey.com\/index.php\/wp-json\/wp\/v2\/product_cat?post=2924"},{"taxonomy":"product_tag","embeddable":true,"href":"https:\/\/www.havuzadairhersey.com\/index.php\/wp-json\/wp\/v2\/product_tag?post=2924"}],"curies":[{"name":"wp","href":"https:\/\/api.w.org\/{rel}","templated":true}]}}