{"id":2955,"date":"2025-05-01T19:56:24","date_gmt":"2025-05-01T16:56:24","guid":{"rendered":"https:\/\/www.havuzadairhersey.com\/?post_type=product&#038;p=2955"},"modified":"2025-05-01T19:56:25","modified_gmt":"2025-05-01T16:56:25","slug":"30-metre-spiral-havuz-hortumu-38-mm-ve-50-mm-cap-secenekli-dayanikli-pvc-malzeme","status":"publish","type":"product","link":"https:\/\/www.havuzadairhersey.com\/index.php\/urun\/30-metre-spiral-havuz-hortumu-38-mm-ve-50-mm-cap-secenekli-dayanikli-pvc-malzeme\/","title":{"rendered":"30 Metre Spiral Havuz Hortumu, 38 mm ve 50 mm \u00c7ap Se\u00e7enekli, Dayan\u0131kl\u0131 PVC Malzeme"},"content":{"rendered":"<p>Y\u00fcksek kaliteli PVC malzemeden \u00fcretilen bu spiral havuz hortumu, havuz temizli\u011fi ve su aktar\u0131m\u0131 i\u015flemlerinizde maksimum dayan\u0131kl\u0131l\u0131k ve esneklik sunar. 30 metre uzunlu\u011fu sayesinde geni\u015f alanlara kolayca ula\u015fabilir. 38 mm ve 50 mm \u00e7ap se\u00e7enekleri ile farkl\u0131 ihtiya\u00e7lara uygundur. UV \u0131\u015f\u0131nlar\u0131na kar\u015f\u0131 dayan\u0131kl\u0131 yap\u0131s\u0131 ve kolay ta\u015f\u0131nabilirli\u011fi ile hem profesyonel hem de bireysel kullan\u0131mlar i\u00e7in idealdir.<\/p>\n","protected":false},"excerpt":{"rendered":"<p>30 metre uzunlu\u011funda, dayan\u0131kl\u0131 PVC spiral havuz hortumu. 38 mm ve 50 mm \u00e7ap alternatifleri mevcuttur.<\/p>\n","protected":false},"featured_media":2956,"comment_status":"open","ping_status":"closed","template":"","meta":{"site-sidebar-layout":"default","site-content-layout":"","ast-site-content-layout":"default","site-content-style":"default","site-sidebar-style":"default","ast-global-header-display":"","ast-banner-title-visibility":"","ast-main-header-display":"","ast-hfb-above-header-display":"","ast-hfb-below-header-display":"","ast-hfb-mobile-header-display":"","site-post-title":"","ast-breadcrumbs-content":"","ast-featured-img":"","footer-sml-layout":"","theme-transparent-header-meta":"default","adv-header-id-meta":"","stick-header-meta":"","header-above-stick-meta":"","header-main-stick-meta":"","header-below-stick-meta":"","astra-migrate-meta-layouts":"set","ast-page-background-enabled":"default","ast-page-background-meta":{"desktop":{"background-color":"var(--ast-global-color-5)","background-image":"","background-repeat":"repeat","background-position":"center center","background-size":"auto","background-attachment":"scroll","background-type":"","background-media":"","overlay-type":"","overlay-color":"","overlay-opacity":"","overlay-gradient":""},"tablet":{"background-color":"","background-image":"","background-repeat":"repeat","background-position":"center center","background-size":"auto","background-attachment":"scroll","background-type":"","background-media":"","overlay-type":"","overlay-color":"","overlay-opacity":"","overlay-gradient":""},"mobile":{"background-color":"","background-image":"","background-repeat":"repeat","background-position":"center center","background-size":"auto","background-attachment":"scroll","background-type":"","background-media":"","overlay-type":"","overlay-color":"","overlay-opacity":"","overlay-gradient":""}},"ast-content-background-meta":{"desktop":{"background-color":"var(--ast-global-color-4)","background-image":"","background-repeat":"repeat","background-position":"center center","background-size":"auto","background-attachment":"scroll","background-type":"","background-media":"","overlay-type":"","overlay-color":"","overlay-opacity":"","overlay-gradient":""},"tablet":{"background-color":"var(--ast-global-color-4)","background-image":"","background-repeat":"repeat","background-position":"center center","background-size":"auto","background-attachment":"scroll","background-type":"","background-media":"","overlay-type":"","overlay-color":"","overlay-opacity":"","overlay-gradient":""},"mobile":{"background-color":"var(--ast-global-color-4)","background-image":"","background-repeat":"repeat","background-position":"center center","background-size":"auto","background-attachment":"scroll","background-type":"","background-media":"","overlay-type":"","overlay-color":"","overlay-opacity":"","overlay-gradient":""}}},"product_brand":[3683],"product_cat":[955],"product_tag":[4355,4352,4353,4356,1006,4346,4354,4334],"class_list":{"0":"post-2955","1":"product","2":"type-product","3":"status-publish","4":"has-post-thumbnail","6":"product_brand-neta-havuz","7":"product_cat-havuz-temizlik-malzemeleri","8":"product_tag-30-metre-hortum","9":"product_tag-38-mm-havuz-hortumu","10":"product_tag-50-mm-havuz-hortumu","11":"product_tag-dayanikli-hortum","12":"product_tag-havuz-hortumu","13":"product_tag-havuz-temizleme-hortumu","14":"product_tag-pvc-havuz-hortumu","15":"product_tag-spiral-hortum","16":"desktop-align-left","17":"tablet-align-left","18":"mobile-align-left","20":"first","21":"instock","22":"shipping-taxable","23":"purchasable","24":"product-type-variable"},"yoast_head":"<!-- This site is optimized with the Yoast SEO plugin v25.0 - https:\/\/yoast.com\/wordpress\/plugins\/seo\/ -->\n<title>30 Metre Spiral Havuz Hortumu, 38 mm ve 50 mm \u00c7ap Se\u00e7enekli, Dayan\u0131kl\u0131 PVC Malzeme -<\/title>\n<meta name=\"robots\" content=\"index, follow, max-snippet:-1, max-image-preview:large, max-video-preview:-1\" \/>\n<link rel=\"canonical\" href=\"https:\/\/www.havuzadairhersey.com\/index.php\/urun\/30-metre-spiral-havuz-hortumu-38-mm-ve-50-mm-cap-secenekli-dayanikli-pvc-malzeme\/\" \/>\n<meta property=\"og:locale\" content=\"tr_TR\" \/>\n<meta property=\"og:type\" content=\"article\" \/>\n<meta property=\"og:title\" content=\"30 Metre Spiral Havuz Hortumu, 38 mm ve 50 mm \u00c7ap Se\u00e7enekli, Dayan\u0131kl\u0131 PVC Malzeme -\" \/>\n<meta property=\"og:description\" content=\"30 metre uzunlu\u011funda, dayan\u0131kl\u0131 PVC spiral havuz hortumu. 38 mm ve 50 mm \u00e7ap alternatifleri mevcuttur.\" \/>\n<meta property=\"og:url\" content=\"https:\/\/www.havuzadairhersey.com\/index.php\/urun\/30-metre-spiral-havuz-hortumu-38-mm-ve-50-mm-cap-secenekli-dayanikli-pvc-malzeme\/\" \/>\n<meta property=\"article:modified_time\" content=\"2025-05-01T16:56:25+00:00\" \/>\n<meta property=\"og:image\" content=\"https:\/\/www.havuzadairhersey.com\/wp-content\/uploads\/2025\/05\/1-3.png\" \/>\n\t<meta property=\"og:image:width\" content=\"1875\" \/>\n\t<meta property=\"og:image:height\" content=\"2000\" \/>\n\t<meta property=\"og:image:type\" content=\"image\/png\" \/>\n<meta name=\"twitter:card\" content=\"summary_large_image\" \/>\n<script type=\"application\/ld+json\" class=\"yoast-schema-graph\">{\"@context\":\"https:\/\/schema.org\",\"@graph\":[{\"@type\":\"WebPage\",\"@id\":\"https:\/\/www.havuzadairhersey.com\/index.php\/urun\/30-metre-spiral-havuz-hortumu-38-mm-ve-50-mm-cap-secenekli-dayanikli-pvc-malzeme\/\",\"url\":\"https:\/\/www.havuzadairhersey.com\/index.php\/urun\/30-metre-spiral-havuz-hortumu-38-mm-ve-50-mm-cap-secenekli-dayanikli-pvc-malzeme\/\",\"name\":\"30 Metre Spiral Havuz Hortumu, 38 mm ve 50 mm \u00c7ap Se\u00e7enekli, Dayan\u0131kl\u0131 PVC Malzeme -\",\"isPartOf\":{\"@id\":\"https:\/\/www.havuzadairhersey.com\/#website\"},\"primaryImageOfPage\":{\"@id\":\"https:\/\/www.havuzadairhersey.com\/index.php\/urun\/30-metre-spiral-havuz-hortumu-38-mm-ve-50-mm-cap-secenekli-dayanikli-pvc-malzeme\/#primaryimage\"},\"image\":{\"@id\":\"https:\/\/www.havuzadairhersey.com\/index.php\/urun\/30-metre-spiral-havuz-hortumu-38-mm-ve-50-mm-cap-secenekli-dayanikli-pvc-malzeme\/#primaryimage\"},\"thumbnailUrl\":\"https:\/\/www.havuzadairhersey.com\/wp-content\/uploads\/2025\/05\/1-3.png\",\"datePublished\":\"2025-05-01T16:56:24+00:00\",\"dateModified\":\"2025-05-01T16:56:25+00:00\",\"breadcrumb\":{\"@id\":\"https:\/\/www.havuzadairhersey.com\/index.php\/urun\/30-metre-spiral-havuz-hortumu-38-mm-ve-50-mm-cap-secenekli-dayanikli-pvc-malzeme\/#breadcrumb\"},\"inLanguage\":\"tr\",\"potentialAction\":[{\"@type\":\"ReadAction\",\"target\":[\"https:\/\/www.havuzadairhersey.com\/index.php\/urun\/30-metre-spiral-havuz-hortumu-38-mm-ve-50-mm-cap-secenekli-dayanikli-pvc-malzeme\/\"]}]},{\"@type\":\"ImageObject\",\"inLanguage\":\"tr\",\"@id\":\"https:\/\/www.havuzadairhersey.com\/index.php\/urun\/30-metre-spiral-havuz-hortumu-38-mm-ve-50-mm-cap-secenekli-dayanikli-pvc-malzeme\/#primaryimage\",\"url\":\"https:\/\/www.havuzadairhersey.com\/wp-content\/uploads\/2025\/05\/1-3.png\",\"contentUrl\":\"https:\/\/www.havuzadairhersey.com\/wp-content\/uploads\/2025\/05\/1-3.png\",\"width\":1875,\"height\":2000,\"caption\":\"38 mm ve 50 mm \u00e7ap se\u00e7enekli spiral havuz hortumu\"},{\"@type\":\"BreadcrumbList\",\"@id\":\"https:\/\/www.havuzadairhersey.com\/index.php\/urun\/30-metre-spiral-havuz-hortumu-38-mm-ve-50-mm-cap-secenekli-dayanikli-pvc-malzeme\/#breadcrumb\",\"itemListElement\":[{\"@type\":\"ListItem\",\"position\":1,\"name\":\"Anasayfa\",\"item\":\"https:\/\/www.havuzadairhersey.com\/\"},{\"@type\":\"ListItem\",\"position\":2,\"name\":\"Ma\u011faza\",\"item\":\"https:\/\/www.havuzadairhersey.com\/\"},{\"@type\":\"ListItem\",\"position\":3,\"name\":\"30 Metre Spiral Havuz Hortumu, 38 mm ve 50 mm \u00c7ap Se\u00e7enekli, Dayan\u0131kl\u0131 PVC Malzeme\"}]},{\"@type\":\"WebSite\",\"@id\":\"https:\/\/www.havuzadairhersey.com\/#website\",\"url\":\"https:\/\/www.havuzadairhersey.com\/\",\"name\":\"\",\"description\":\"Havuza dair arad\u0131\u011f\u0131n\u0131z her\u015fey burada...\",\"potentialAction\":[{\"@type\":\"SearchAction\",\"target\":{\"@type\":\"EntryPoint\",\"urlTemplate\":\"https:\/\/www.havuzadairhersey.com\/?s={search_term_string}\"},\"query-input\":{\"@type\":\"PropertyValueSpecification\",\"valueRequired\":true,\"valueName\":\"search_term_string\"}}],\"inLanguage\":\"tr\"}]}<\/script>\n<!-- \/ Yoast SEO plugin. -->","yoast_head_json":{"title":"30 Metre Spiral Havuz Hortumu, 38 mm ve 50 mm \u00c7ap Se\u00e7enekli, Dayan\u0131kl\u0131 PVC Malzeme -","robots":{"index":"index","follow":"follow","max-snippet":"max-snippet:-1","max-image-preview":"max-image-preview:large","max-video-preview":"max-video-preview:-1"},"canonical":"https:\/\/www.havuzadairhersey.com\/index.php\/urun\/30-metre-spiral-havuz-hortumu-38-mm-ve-50-mm-cap-secenekli-dayanikli-pvc-malzeme\/","og_locale":"tr_TR","og_type":"article","og_title":"30 Metre Spiral Havuz Hortumu, 38 mm ve 50 mm \u00c7ap Se\u00e7enekli, Dayan\u0131kl\u0131 PVC Malzeme -","og_description":"30 metre uzunlu\u011funda, dayan\u0131kl\u0131 PVC spiral havuz hortumu. 38 mm ve 50 mm \u00e7ap alternatifleri mevcuttur.","og_url":"https:\/\/www.havuzadairhersey.com\/index.php\/urun\/30-metre-spiral-havuz-hortumu-38-mm-ve-50-mm-cap-secenekli-dayanikli-pvc-malzeme\/","article_modified_time":"2025-05-01T16:56:25+00:00","og_image":[{"width":1875,"height":2000,"url":"https:\/\/www.havuzadairhersey.com\/wp-content\/uploads\/2025\/05\/1-3.png","type":"image\/png"}],"twitter_card":"summary_large_image","schema":{"@context":"https:\/\/schema.org","@graph":[{"@type":"WebPage","@id":"https:\/\/www.havuzadairhersey.com\/index.php\/urun\/30-metre-spiral-havuz-hortumu-38-mm-ve-50-mm-cap-secenekli-dayanikli-pvc-malzeme\/","url":"https:\/\/www.havuzadairhersey.com\/index.php\/urun\/30-metre-spiral-havuz-hortumu-38-mm-ve-50-mm-cap-secenekli-dayanikli-pvc-malzeme\/","name":"30 Metre Spiral Havuz Hortumu, 38 mm ve 50 mm \u00c7ap Se\u00e7enekli, Dayan\u0131kl\u0131 PVC Malzeme -","isPartOf":{"@id":"https:\/\/www.havuzadairhersey.com\/#website"},"primaryImageOfPage":{"@id":"https:\/\/www.havuzadairhersey.com\/index.php\/urun\/30-metre-spiral-havuz-hortumu-38-mm-ve-50-mm-cap-secenekli-dayanikli-pvc-malzeme\/#primaryimage"},"image":{"@id":"https:\/\/www.havuzadairhersey.com\/index.php\/urun\/30-metre-spiral-havuz-hortumu-38-mm-ve-50-mm-cap-secenekli-dayanikli-pvc-malzeme\/#primaryimage"},"thumbnailUrl":"https:\/\/www.havuzadairhersey.com\/wp-content\/uploads\/2025\/05\/1-3.png","datePublished":"2025-05-01T16:56:24+00:00","dateModified":"2025-05-01T16:56:25+00:00","breadcrumb":{"@id":"https:\/\/www.havuzadairhersey.com\/index.php\/urun\/30-metre-spiral-havuz-hortumu-38-mm-ve-50-mm-cap-secenekli-dayanikli-pvc-malzeme\/#breadcrumb"},"inLanguage":"tr","potentialAction":[{"@type":"ReadAction","target":["https:\/\/www.havuzadairhersey.com\/index.php\/urun\/30-metre-spiral-havuz-hortumu-38-mm-ve-50-mm-cap-secenekli-dayanikli-pvc-malzeme\/"]}]},{"@type":"ImageObject","inLanguage":"tr","@id":"https:\/\/www.havuzadairhersey.com\/index.php\/urun\/30-metre-spiral-havuz-hortumu-38-mm-ve-50-mm-cap-secenekli-dayanikli-pvc-malzeme\/#primaryimage","url":"https:\/\/www.havuzadairhersey.com\/wp-content\/uploads\/2025\/05\/1-3.png","contentUrl":"https:\/\/www.havuzadairhersey.com\/wp-content\/uploads\/2025\/05\/1-3.png","width":1875,"height":2000,"caption":"38 mm ve 50 mm \u00e7ap se\u00e7enekli spiral havuz hortumu"},{"@type":"BreadcrumbList","@id":"https:\/\/www.havuzadairhersey.com\/index.php\/urun\/30-metre-spiral-havuz-hortumu-38-mm-ve-50-mm-cap-secenekli-dayanikli-pvc-malzeme\/#breadcrumb","itemListElement":[{"@type":"ListItem","position":1,"name":"Anasayfa","item":"https:\/\/www.havuzadairhersey.com\/"},{"@type":"ListItem","position":2,"name":"Ma\u011faza","item":"https:\/\/www.havuzadairhersey.com\/"},{"@type":"ListItem","position":3,"name":"30 Metre Spiral Havuz Hortumu, 38 mm ve 50 mm \u00c7ap Se\u00e7enekli, Dayan\u0131kl\u0131 PVC Malzeme"}]},{"@type":"WebSite","@id":"https:\/\/www.havuzadairhersey.com\/#website","url":"https:\/\/www.havuzadairhersey.com\/","name":"","description":"Havuza dair arad\u0131\u011f\u0131n\u0131z her\u015fey burada...","potentialAction":[{"@type":"SearchAction","target":{"@type":"EntryPoint","urlTemplate":"https:\/\/www.havuzadairhersey.com\/?s={search_term_string}"},"query-input":{"@type":"PropertyValueSpecification","valueRequired":true,"valueName":"search_term_string"}}],"inLanguage":"tr"}]}},"_links":{"self":[{"href":"https:\/\/www.havuzadairhersey.com\/index.php\/wp-json\/wp\/v2\/product\/2955","targetHints":{"allow":["GET"]}}],"collection":[{"href":"https:\/\/www.havuzadairhersey.com\/index.php\/wp-json\/wp\/v2\/product"}],"about":[{"href":"https:\/\/www.havuzadairhersey.com\/index.php\/wp-json\/wp\/v2\/types\/product"}],"replies":[{"embeddable":true,"href":"https:\/\/www.havuzadairhersey.com\/index.php\/wp-json\/wp\/v2\/comments?post=2955"}],"wp:featuredmedia":[{"embeddable":true,"href":"https:\/\/www.havuzadairhersey.com\/index.php\/wp-json\/wp\/v2\/media\/2956"}],"wp:attachment":[{"href":"https:\/\/www.havuzadairhersey.com\/index.php\/wp-json\/wp\/v2\/media?parent=2955"}],"wp:term":[{"taxonomy":"product_brand","embeddable":true,"href":"https:\/\/www.havuzadairhersey.com\/index.php\/wp-json\/wp\/v2\/product_brand?post=2955"},{"taxonomy":"product_cat","embeddable":true,"href":"https:\/\/www.havuzadairhersey.com\/index.php\/wp-json\/wp\/v2\/product_cat?post=2955"},{"taxonomy":"product_tag","embeddable":true,"href":"https:\/\/www.havuzadairhersey.com\/index.php\/wp-json\/wp\/v2\/product_tag?post=2955"}],"curies":[{"name":"wp","href":"https:\/\/api.w.org\/{rel}","templated":true}]}}