{"id":2963,"date":"2025-05-01T20:10:23","date_gmt":"2025-05-01T17:10:23","guid":{"rendered":"https:\/\/www.havuzadairhersey.com\/?post_type=product&#038;p=2963"},"modified":"2025-05-01T20:10:24","modified_gmt":"2025-05-01T17:10:24","slug":"kablosuz-sarjli-havuz-supurgesi-1-8-lt-hazne-2-4-m-teleskopik-sap-ipx8-605-lt-dk-emis-gucu","status":"publish","type":"product","link":"https:\/\/www.havuzadairhersey.com\/index.php\/urun\/kablosuz-sarjli-havuz-supurgesi-1-8-lt-hazne-2-4-m-teleskopik-sap-ipx8-605-lt-dk-emis-gucu\/","title":{"rendered":"Kablosuz \u015earjl\u0131 Havuz S\u00fcp\u00fcrgesi, 1.8 LT Hazne, 2.4 m Teleskopik Sap, IPX8, 60,5 lt\/dk Emi\u015f G\u00fcc\u00fc"},"content":{"rendered":"<p>Betonarme, liner, polyester ve spa tipi havuzlarda kullan\u0131labilen bu kablosuz havuz s\u00fcp\u00fcrgesi, 1.8 litrelik geni\u015f haznesi ve 60,5 lt\/dk g\u00fc\u00e7l\u00fc emi\u015f \u00f6zelli\u011fiyle etkili temizlik sunar. IPX8 koruma s\u0131n\u0131f\u0131 sayesinde su alt\u0131nda g\u00fcvenle \u00e7al\u0131\u015f\u0131r. H\u0131zl\u0131 \u015farj (1,5 saat) ve 50-60 dakika aras\u0131 kesintisiz \u00e7al\u0131\u015fma s\u00fcresi sa\u011flar. Ayarlanabilir 0,7-2,4 metre teleskopik sap\u0131 sayesinde derin alanlara kolay ula\u015f\u0131m imkan\u0131 verir. K\u00f6\u015fe ba\u015fl\u0131klar\u0131, filtre torbalar\u0131 ve \u00e7ok ama\u00e7l\u0131 ba\u015fl\u0131klar\u0131yla kum, tala\u015f, yaprak gibi kal\u0131nt\u0131lar\u0131 rahat\u00e7a temizler.<\/p>\n","protected":false},"excerpt":{"rendered":"<p>Kablosuz, \u015farjl\u0131 havuz s\u00fcp\u00fcrgesi. 1,8 LT hazne, 60,5 lt\/dk emi\u015f, 2,4 m teleskopik sap, IPX8 koruma.<\/p>\n","protected":false},"featured_media":2964,"comment_status":"open","ping_status":"closed","template":"","meta":{"site-sidebar-layout":"default","site-content-layout":"","ast-site-content-layout":"default","site-content-style":"default","site-sidebar-style":"default","ast-global-header-display":"","ast-banner-title-visibility":"","ast-main-header-display":"","ast-hfb-above-header-display":"","ast-hfb-below-header-display":"","ast-hfb-mobile-header-display":"","site-post-title":"","ast-breadcrumbs-content":"","ast-featured-img":"","footer-sml-layout":"","theme-transparent-header-meta":"default","adv-header-id-meta":"","stick-header-meta":"","header-above-stick-meta":"","header-main-stick-meta":"","header-below-stick-meta":"","astra-migrate-meta-layouts":"set","ast-page-background-enabled":"default","ast-page-background-meta":{"desktop":{"background-color":"var(--ast-global-color-5)","background-image":"","background-repeat":"repeat","background-position":"center center","background-size":"auto","background-attachment":"scroll","background-type":"","background-media":"","overlay-type":"","overlay-color":"","overlay-opacity":"","overlay-gradient":""},"tablet":{"background-color":"","background-image":"","background-repeat":"repeat","background-position":"center center","background-size":"auto","background-attachment":"scroll","background-type":"","background-media":"","overlay-type":"","overlay-color":"","overlay-opacity":"","overlay-gradient":""},"mobile":{"background-color":"","background-image":"","background-repeat":"repeat","background-position":"center center","background-size":"auto","background-attachment":"scroll","background-type":"","background-media":"","overlay-type":"","overlay-color":"","overlay-opacity":"","overlay-gradient":""}},"ast-content-background-meta":{"desktop":{"background-color":"var(--ast-global-color-4)","background-image":"","background-repeat":"repeat","background-position":"center center","background-size":"auto","background-attachment":"scroll","background-type":"","background-media":"","overlay-type":"","overlay-color":"","overlay-opacity":"","overlay-gradient":""},"tablet":{"background-color":"var(--ast-global-color-4)","background-image":"","background-repeat":"repeat","background-position":"center center","background-size":"auto","background-attachment":"scroll","background-type":"","background-media":"","overlay-type":"","overlay-color":"","overlay-opacity":"","overlay-gradient":""},"mobile":{"background-color":"var(--ast-global-color-4)","background-image":"","background-repeat":"repeat","background-position":"center center","background-size":"auto","background-attachment":"scroll","background-type":"","background-media":"","overlay-type":"","overlay-color":"","overlay-opacity":"","overlay-gradient":""}}},"product_brand":[3683],"product_cat":[1092],"product_tag":[4362,4365,1099,4363,4361,4364,4366],"class_list":{"0":"post-2963","1":"product","2":"type-product","3":"status-publish","4":"has-post-thumbnail","6":"product_brand-neta-havuz","7":"product_cat-havuz-robot-supurge","8":"product_tag-havuz-vakum-cihazi","9":"product_tag-ipx8-havuz-temizleyici","10":"product_tag-kablosuz-havuz-supurgesi","11":"product_tag-neta-havuz-supurge","12":"product_tag-sarjli-havuz-supurgesi","13":"product_tag-spa-supurgesi","14":"product_tag-teleskopik-sapli-supurge","15":"desktop-align-left","16":"tablet-align-left","17":"mobile-align-left","19":"first","20":"instock","21":"shipping-taxable","22":"product-type-simple"},"yoast_head":"<!-- This site is optimized with the Yoast SEO plugin v25.0 - https:\/\/yoast.com\/wordpress\/plugins\/seo\/ -->\n<title>Kablosuz \u015earjl\u0131 Havuz S\u00fcp\u00fcrgesi, 1.8 LT Hazne, 2.4 m Teleskopik Sap, IPX8, 60,5 lt\/dk Emi\u015f G\u00fcc\u00fc -<\/title>\n<meta name=\"robots\" content=\"index, follow, max-snippet:-1, max-image-preview:large, max-video-preview:-1\" \/>\n<link rel=\"canonical\" href=\"https:\/\/www.havuzadairhersey.com\/index.php\/urun\/kablosuz-sarjli-havuz-supurgesi-1-8-lt-hazne-2-4-m-teleskopik-sap-ipx8-605-lt-dk-emis-gucu\/\" \/>\n<meta property=\"og:locale\" content=\"tr_TR\" \/>\n<meta property=\"og:type\" content=\"article\" \/>\n<meta property=\"og:title\" content=\"Kablosuz \u015earjl\u0131 Havuz S\u00fcp\u00fcrgesi, 1.8 LT Hazne, 2.4 m Teleskopik Sap, IPX8, 60,5 lt\/dk Emi\u015f G\u00fcc\u00fc -\" \/>\n<meta property=\"og:description\" content=\"Kablosuz, \u015farjl\u0131 havuz s\u00fcp\u00fcrgesi. 1,8 LT hazne, 60,5 lt\/dk emi\u015f, 2,4 m teleskopik sap, IPX8 koruma.\" \/>\n<meta property=\"og:url\" content=\"https:\/\/www.havuzadairhersey.com\/index.php\/urun\/kablosuz-sarjli-havuz-supurgesi-1-8-lt-hazne-2-4-m-teleskopik-sap-ipx8-605-lt-dk-emis-gucu\/\" \/>\n<meta property=\"article:modified_time\" content=\"2025-05-01T17:10:24+00:00\" \/>\n<meta property=\"og:image\" content=\"https:\/\/www.havuzadairhersey.com\/wp-content\/uploads\/2025\/05\/1-5.png\" \/>\n\t<meta property=\"og:image:width\" content=\"1875\" \/>\n\t<meta property=\"og:image:height\" content=\"2000\" \/>\n\t<meta property=\"og:image:type\" content=\"image\/png\" \/>\n<meta name=\"twitter:card\" content=\"summary_large_image\" \/>\n<script type=\"application\/ld+json\" class=\"yoast-schema-graph\">{\"@context\":\"https:\/\/schema.org\",\"@graph\":[{\"@type\":\"WebPage\",\"@id\":\"https:\/\/www.havuzadairhersey.com\/index.php\/urun\/kablosuz-sarjli-havuz-supurgesi-1-8-lt-hazne-2-4-m-teleskopik-sap-ipx8-605-lt-dk-emis-gucu\/\",\"url\":\"https:\/\/www.havuzadairhersey.com\/index.php\/urun\/kablosuz-sarjli-havuz-supurgesi-1-8-lt-hazne-2-4-m-teleskopik-sap-ipx8-605-lt-dk-emis-gucu\/\",\"name\":\"Kablosuz \u015earjl\u0131 Havuz S\u00fcp\u00fcrgesi, 1.8 LT Hazne, 2.4 m Teleskopik Sap, IPX8, 60,5 lt\/dk Emi\u015f G\u00fcc\u00fc -\",\"isPartOf\":{\"@id\":\"https:\/\/www.havuzadairhersey.com\/#website\"},\"primaryImageOfPage\":{\"@id\":\"https:\/\/www.havuzadairhersey.com\/index.php\/urun\/kablosuz-sarjli-havuz-supurgesi-1-8-lt-hazne-2-4-m-teleskopik-sap-ipx8-605-lt-dk-emis-gucu\/#primaryimage\"},\"image\":{\"@id\":\"https:\/\/www.havuzadairhersey.com\/index.php\/urun\/kablosuz-sarjli-havuz-supurgesi-1-8-lt-hazne-2-4-m-teleskopik-sap-ipx8-605-lt-dk-emis-gucu\/#primaryimage\"},\"thumbnailUrl\":\"https:\/\/www.havuzadairhersey.com\/wp-content\/uploads\/2025\/05\/1-5.png\",\"datePublished\":\"2025-05-01T17:10:23+00:00\",\"dateModified\":\"2025-05-01T17:10:24+00:00\",\"breadcrumb\":{\"@id\":\"https:\/\/www.havuzadairhersey.com\/index.php\/urun\/kablosuz-sarjli-havuz-supurgesi-1-8-lt-hazne-2-4-m-teleskopik-sap-ipx8-605-lt-dk-emis-gucu\/#breadcrumb\"},\"inLanguage\":\"tr\",\"potentialAction\":[{\"@type\":\"ReadAction\",\"target\":[\"https:\/\/www.havuzadairhersey.com\/index.php\/urun\/kablosuz-sarjli-havuz-supurgesi-1-8-lt-hazne-2-4-m-teleskopik-sap-ipx8-605-lt-dk-emis-gucu\/\"]}]},{\"@type\":\"ImageObject\",\"inLanguage\":\"tr\",\"@id\":\"https:\/\/www.havuzadairhersey.com\/index.php\/urun\/kablosuz-sarjli-havuz-supurgesi-1-8-lt-hazne-2-4-m-teleskopik-sap-ipx8-605-lt-dk-emis-gucu\/#primaryimage\",\"url\":\"https:\/\/www.havuzadairhersey.com\/wp-content\/uploads\/2025\/05\/1-5.png\",\"contentUrl\":\"https:\/\/www.havuzadairhersey.com\/wp-content\/uploads\/2025\/05\/1-5.png\",\"width\":1875,\"height\":2000,\"caption\":\"60,5 lt\/dk g\u00fc\u00e7l\u00fc emi\u015fe sahip, teleskopik sapl\u0131, \u015farjl\u0131 havuz s\u00fcp\u00fcrgesi\"},{\"@type\":\"BreadcrumbList\",\"@id\":\"https:\/\/www.havuzadairhersey.com\/index.php\/urun\/kablosuz-sarjli-havuz-supurgesi-1-8-lt-hazne-2-4-m-teleskopik-sap-ipx8-605-lt-dk-emis-gucu\/#breadcrumb\",\"itemListElement\":[{\"@type\":\"ListItem\",\"position\":1,\"name\":\"Anasayfa\",\"item\":\"https:\/\/www.havuzadairhersey.com\/\"},{\"@type\":\"ListItem\",\"position\":2,\"name\":\"Ma\u011faza\",\"item\":\"https:\/\/www.havuzadairhersey.com\/\"},{\"@type\":\"ListItem\",\"position\":3,\"name\":\"Kablosuz \u015earjl\u0131 Havuz S\u00fcp\u00fcrgesi, 1.8 LT Hazne, 2.4 m Teleskopik Sap, IPX8, 60,5 lt\/dk Emi\u015f G\u00fcc\u00fc\"}]},{\"@type\":\"WebSite\",\"@id\":\"https:\/\/www.havuzadairhersey.com\/#website\",\"url\":\"https:\/\/www.havuzadairhersey.com\/\",\"name\":\"\",\"description\":\"Havuza dair arad\u0131\u011f\u0131n\u0131z her\u015fey burada...\",\"potentialAction\":[{\"@type\":\"SearchAction\",\"target\":{\"@type\":\"EntryPoint\",\"urlTemplate\":\"https:\/\/www.havuzadairhersey.com\/?s={search_term_string}\"},\"query-input\":{\"@type\":\"PropertyValueSpecification\",\"valueRequired\":true,\"valueName\":\"search_term_string\"}}],\"inLanguage\":\"tr\"}]}<\/script>\n<!-- \/ Yoast SEO plugin. -->","yoast_head_json":{"title":"Kablosuz \u015earjl\u0131 Havuz S\u00fcp\u00fcrgesi, 1.8 LT Hazne, 2.4 m Teleskopik Sap, IPX8, 60,5 lt\/dk Emi\u015f G\u00fcc\u00fc -","robots":{"index":"index","follow":"follow","max-snippet":"max-snippet:-1","max-image-preview":"max-image-preview:large","max-video-preview":"max-video-preview:-1"},"canonical":"https:\/\/www.havuzadairhersey.com\/index.php\/urun\/kablosuz-sarjli-havuz-supurgesi-1-8-lt-hazne-2-4-m-teleskopik-sap-ipx8-605-lt-dk-emis-gucu\/","og_locale":"tr_TR","og_type":"article","og_title":"Kablosuz \u015earjl\u0131 Havuz S\u00fcp\u00fcrgesi, 1.8 LT Hazne, 2.4 m Teleskopik Sap, IPX8, 60,5 lt\/dk Emi\u015f G\u00fcc\u00fc -","og_description":"Kablosuz, \u015farjl\u0131 havuz s\u00fcp\u00fcrgesi. 1,8 LT hazne, 60,5 lt\/dk emi\u015f, 2,4 m teleskopik sap, IPX8 koruma.","og_url":"https:\/\/www.havuzadairhersey.com\/index.php\/urun\/kablosuz-sarjli-havuz-supurgesi-1-8-lt-hazne-2-4-m-teleskopik-sap-ipx8-605-lt-dk-emis-gucu\/","article_modified_time":"2025-05-01T17:10:24+00:00","og_image":[{"width":1875,"height":2000,"url":"https:\/\/www.havuzadairhersey.com\/wp-content\/uploads\/2025\/05\/1-5.png","type":"image\/png"}],"twitter_card":"summary_large_image","schema":{"@context":"https:\/\/schema.org","@graph":[{"@type":"WebPage","@id":"https:\/\/www.havuzadairhersey.com\/index.php\/urun\/kablosuz-sarjli-havuz-supurgesi-1-8-lt-hazne-2-4-m-teleskopik-sap-ipx8-605-lt-dk-emis-gucu\/","url":"https:\/\/www.havuzadairhersey.com\/index.php\/urun\/kablosuz-sarjli-havuz-supurgesi-1-8-lt-hazne-2-4-m-teleskopik-sap-ipx8-605-lt-dk-emis-gucu\/","name":"Kablosuz \u015earjl\u0131 Havuz S\u00fcp\u00fcrgesi, 1.8 LT Hazne, 2.4 m Teleskopik Sap, IPX8, 60,5 lt\/dk Emi\u015f G\u00fcc\u00fc -","isPartOf":{"@id":"https:\/\/www.havuzadairhersey.com\/#website"},"primaryImageOfPage":{"@id":"https:\/\/www.havuzadairhersey.com\/index.php\/urun\/kablosuz-sarjli-havuz-supurgesi-1-8-lt-hazne-2-4-m-teleskopik-sap-ipx8-605-lt-dk-emis-gucu\/#primaryimage"},"image":{"@id":"https:\/\/www.havuzadairhersey.com\/index.php\/urun\/kablosuz-sarjli-havuz-supurgesi-1-8-lt-hazne-2-4-m-teleskopik-sap-ipx8-605-lt-dk-emis-gucu\/#primaryimage"},"thumbnailUrl":"https:\/\/www.havuzadairhersey.com\/wp-content\/uploads\/2025\/05\/1-5.png","datePublished":"2025-05-01T17:10:23+00:00","dateModified":"2025-05-01T17:10:24+00:00","breadcrumb":{"@id":"https:\/\/www.havuzadairhersey.com\/index.php\/urun\/kablosuz-sarjli-havuz-supurgesi-1-8-lt-hazne-2-4-m-teleskopik-sap-ipx8-605-lt-dk-emis-gucu\/#breadcrumb"},"inLanguage":"tr","potentialAction":[{"@type":"ReadAction","target":["https:\/\/www.havuzadairhersey.com\/index.php\/urun\/kablosuz-sarjli-havuz-supurgesi-1-8-lt-hazne-2-4-m-teleskopik-sap-ipx8-605-lt-dk-emis-gucu\/"]}]},{"@type":"ImageObject","inLanguage":"tr","@id":"https:\/\/www.havuzadairhersey.com\/index.php\/urun\/kablosuz-sarjli-havuz-supurgesi-1-8-lt-hazne-2-4-m-teleskopik-sap-ipx8-605-lt-dk-emis-gucu\/#primaryimage","url":"https:\/\/www.havuzadairhersey.com\/wp-content\/uploads\/2025\/05\/1-5.png","contentUrl":"https:\/\/www.havuzadairhersey.com\/wp-content\/uploads\/2025\/05\/1-5.png","width":1875,"height":2000,"caption":"60,5 lt\/dk g\u00fc\u00e7l\u00fc emi\u015fe sahip, teleskopik sapl\u0131, \u015farjl\u0131 havuz s\u00fcp\u00fcrgesi"},{"@type":"BreadcrumbList","@id":"https:\/\/www.havuzadairhersey.com\/index.php\/urun\/kablosuz-sarjli-havuz-supurgesi-1-8-lt-hazne-2-4-m-teleskopik-sap-ipx8-605-lt-dk-emis-gucu\/#breadcrumb","itemListElement":[{"@type":"ListItem","position":1,"name":"Anasayfa","item":"https:\/\/www.havuzadairhersey.com\/"},{"@type":"ListItem","position":2,"name":"Ma\u011faza","item":"https:\/\/www.havuzadairhersey.com\/"},{"@type":"ListItem","position":3,"name":"Kablosuz \u015earjl\u0131 Havuz S\u00fcp\u00fcrgesi, 1.8 LT Hazne, 2.4 m Teleskopik Sap, IPX8, 60,5 lt\/dk Emi\u015f G\u00fcc\u00fc"}]},{"@type":"WebSite","@id":"https:\/\/www.havuzadairhersey.com\/#website","url":"https:\/\/www.havuzadairhersey.com\/","name":"","description":"Havuza dair arad\u0131\u011f\u0131n\u0131z her\u015fey burada...","potentialAction":[{"@type":"SearchAction","target":{"@type":"EntryPoint","urlTemplate":"https:\/\/www.havuzadairhersey.com\/?s={search_term_string}"},"query-input":{"@type":"PropertyValueSpecification","valueRequired":true,"valueName":"search_term_string"}}],"inLanguage":"tr"}]}},"_links":{"self":[{"href":"https:\/\/www.havuzadairhersey.com\/index.php\/wp-json\/wp\/v2\/product\/2963","targetHints":{"allow":["GET"]}}],"collection":[{"href":"https:\/\/www.havuzadairhersey.com\/index.php\/wp-json\/wp\/v2\/product"}],"about":[{"href":"https:\/\/www.havuzadairhersey.com\/index.php\/wp-json\/wp\/v2\/types\/product"}],"replies":[{"embeddable":true,"href":"https:\/\/www.havuzadairhersey.com\/index.php\/wp-json\/wp\/v2\/comments?post=2963"}],"wp:featuredmedia":[{"embeddable":true,"href":"https:\/\/www.havuzadairhersey.com\/index.php\/wp-json\/wp\/v2\/media\/2964"}],"wp:attachment":[{"href":"https:\/\/www.havuzadairhersey.com\/index.php\/wp-json\/wp\/v2\/media?parent=2963"}],"wp:term":[{"taxonomy":"product_brand","embeddable":true,"href":"https:\/\/www.havuzadairhersey.com\/index.php\/wp-json\/wp\/v2\/product_brand?post=2963"},{"taxonomy":"product_cat","embeddable":true,"href":"https:\/\/www.havuzadairhersey.com\/index.php\/wp-json\/wp\/v2\/product_cat?post=2963"},{"taxonomy":"product_tag","embeddable":true,"href":"https:\/\/www.havuzadairhersey.com\/index.php\/wp-json\/wp\/v2\/product_tag?post=2963"}],"curies":[{"name":"wp","href":"https:\/\/api.w.org\/{rel}","templated":true}]}}