{"id":2984,"date":"2025-05-01T20:31:12","date_gmt":"2025-05-01T17:31:12","guid":{"rendered":"https:\/\/www.havuzadairhersey.com\/?post_type=product&#038;p=2984"},"modified":"2025-05-01T20:31:13","modified_gmt":"2025-05-01T17:31:13","slug":"hayward-akilli-havuz-temizlik-robotu-1676-m-hortumlu-mikroislemci-kontrollu-kartus-filtreli-24v-motor","status":"publish","type":"product","link":"https:\/\/www.havuzadairhersey.com\/index.php\/urun\/hayward-akilli-havuz-temizlik-robotu-1676-m-hortumlu-mikroislemci-kontrollu-kartus-filtreli-24v-motor\/","title":{"rendered":"Hayward Ak\u0131ll\u0131 Havuz Temizlik Robotu, 16,76 m Hortumlu, Mikroi\u015flemci Kontroll\u00fc, Kartu\u015f Filtreli, 24V Motor"},"content":{"rendered":"<p>Hayward markas\u0131n\u0131n geli\u015fmi\u015f temizlik teknolojisiyle donat\u0131lm\u0131\u015f bu ak\u0131ll\u0131 havuz robotu, mikroi\u015flemci tabanl\u0131 sistemi sayesinde havuzun t\u00fcm taban\u0131n\u0131, duvarlar\u0131n\u0131 ve basamaklar\u0131n\u0131 etkili \u015fekilde temizler. 4 saatlik temizlik s\u00fcresi sonunda otomatik olarak durur. Kartu\u015f filtreleri, sadece tazyikli suyla kolayca y\u0131kanabilir. 16,76 metrelik hortumu sayesinde geni\u015f havuzlarda rahat hareket kabiliyeti sunar. Ek pompa ya da hortum ba\u011flant\u0131s\u0131na gerek duymaz. D\u00fc\u015f\u00fck enerji t\u00fcketimi sa\u011flayan 24 voltluk motor ile y\u00fcksek verimlilik ve maliyet avantaj\u0131 sunar. Havuz filtrasyon sisteminden ba\u011f\u0131ms\u0131z \u00e7al\u0131\u015farak geri y\u0131kama suyu t\u00fcketimini azalt\u0131r.<\/p>\n","protected":false},"excerpt":{"rendered":"<p>Ak\u0131ll\u0131 mikroi\u015flemcili Hayward havuz robotu. 16,76 m hortum, 4 saat temizlik, kartu\u015f filtreli, 24V enerji tasarruflu motor.<\/p>\n","protected":false},"featured_media":2985,"comment_status":"open","ping_status":"closed","template":"","meta":{"site-sidebar-layout":"default","site-content-layout":"","ast-site-content-layout":"default","site-content-style":"default","site-sidebar-style":"default","ast-global-header-display":"","ast-banner-title-visibility":"","ast-main-header-display":"","ast-hfb-above-header-display":"","ast-hfb-below-header-display":"","ast-hfb-mobile-header-display":"","site-post-title":"","ast-breadcrumbs-content":"","ast-featured-img":"","footer-sml-layout":"","theme-transparent-header-meta":"default","adv-header-id-meta":"","stick-header-meta":"","header-above-stick-meta":"","header-main-stick-meta":"","header-below-stick-meta":"","astra-migrate-meta-layouts":"set","ast-page-background-enabled":"default","ast-page-background-meta":{"desktop":{"background-color":"var(--ast-global-color-5)","background-image":"","background-repeat":"repeat","background-position":"center center","background-size":"auto","background-attachment":"scroll","background-type":"","background-media":"","overlay-type":"","overlay-color":"","overlay-opacity":"","overlay-gradient":""},"tablet":{"background-color":"","background-image":"","background-repeat":"repeat","background-position":"center center","background-size":"auto","background-attachment":"scroll","background-type":"","background-media":"","overlay-type":"","overlay-color":"","overlay-opacity":"","overlay-gradient":""},"mobile":{"background-color":"","background-image":"","background-repeat":"repeat","background-position":"center center","background-size":"auto","background-attachment":"scroll","background-type":"","background-media":"","overlay-type":"","overlay-color":"","overlay-opacity":"","overlay-gradient":""}},"ast-content-background-meta":{"desktop":{"background-color":"var(--ast-global-color-4)","background-image":"","background-repeat":"repeat","background-position":"center center","background-size":"auto","background-attachment":"scroll","background-type":"","background-media":"","overlay-type":"","overlay-color":"","overlay-opacity":"","overlay-gradient":""},"tablet":{"background-color":"var(--ast-global-color-4)","background-image":"","background-repeat":"repeat","background-position":"center center","background-size":"auto","background-attachment":"scroll","background-type":"","background-media":"","overlay-type":"","overlay-color":"","overlay-opacity":"","overlay-gradient":""},"mobile":{"background-color":"var(--ast-global-color-4)","background-image":"","background-repeat":"repeat","background-position":"center center","background-size":"auto","background-attachment":"scroll","background-type":"","background-media":"","overlay-type":"","overlay-color":"","overlay-opacity":"","overlay-gradient":""}}},"product_brand":[3683],"product_cat":[1092],"product_tag":[4385,4388,4384,4389,4387,4386,1105],"class_list":{"0":"post-2984","1":"product","2":"type-product","3":"status-publish","4":"has-post-thumbnail","6":"product_brand-neta-havuz","7":"product_cat-havuz-robot-supurge","8":"product_tag-24v-havuz-robot","9":"product_tag-akilli-havuz-supurgesi","10":"product_tag-hayward-havuz-robotu","11":"product_tag-hortumlu-havuz-robotu","12":"product_tag-kartus-filtreli-havuz-robotu","13":"product_tag-mikroislemcili-robot","14":"product_tag-otomatik-havuz-temizleyici","15":"desktop-align-left","16":"tablet-align-left","17":"mobile-align-left","19":"first","20":"instock","21":"shipping-taxable","22":"purchasable","23":"product-type-simple"},"yoast_head":"<!-- This site is optimized with the Yoast SEO plugin v25.0 - https:\/\/yoast.com\/wordpress\/plugins\/seo\/ -->\n<title>Hayward Ak\u0131ll\u0131 Havuz Temizlik Robotu, 16,76 m Hortumlu, Mikroi\u015flemci Kontroll\u00fc, Kartu\u015f Filtreli, 24V Motor -<\/title>\n<meta name=\"robots\" content=\"index, follow, max-snippet:-1, max-image-preview:large, max-video-preview:-1\" \/>\n<link rel=\"canonical\" href=\"https:\/\/www.havuzadairhersey.com\/index.php\/urun\/hayward-akilli-havuz-temizlik-robotu-1676-m-hortumlu-mikroislemci-kontrollu-kartus-filtreli-24v-motor\/\" \/>\n<meta property=\"og:locale\" content=\"tr_TR\" \/>\n<meta property=\"og:type\" content=\"article\" \/>\n<meta property=\"og:title\" content=\"Hayward Ak\u0131ll\u0131 Havuz Temizlik Robotu, 16,76 m Hortumlu, Mikroi\u015flemci Kontroll\u00fc, Kartu\u015f Filtreli, 24V Motor -\" \/>\n<meta property=\"og:description\" content=\"Ak\u0131ll\u0131 mikroi\u015flemcili Hayward havuz robotu. 16,76 m hortum, 4 saat temizlik, kartu\u015f filtreli, 24V enerji tasarruflu motor.\" \/>\n<meta property=\"og:url\" content=\"https:\/\/www.havuzadairhersey.com\/index.php\/urun\/hayward-akilli-havuz-temizlik-robotu-1676-m-hortumlu-mikroislemci-kontrollu-kartus-filtreli-24v-motor\/\" \/>\n<meta property=\"article:modified_time\" content=\"2025-05-01T17:31:13+00:00\" \/>\n<meta property=\"og:image\" content=\"https:\/\/www.havuzadairhersey.com\/wp-content\/uploads\/2025\/05\/1-9.png\" \/>\n\t<meta property=\"og:image:width\" content=\"1875\" \/>\n\t<meta property=\"og:image:height\" content=\"2000\" \/>\n\t<meta property=\"og:image:type\" content=\"image\/png\" \/>\n<meta name=\"twitter:card\" content=\"summary_large_image\" \/>\n<meta name=\"twitter:label1\" content=\"Tahmini okuma s\u00fcresi\" \/>\n\t<meta name=\"twitter:data1\" content=\"1 dakika\" \/>\n<script type=\"application\/ld+json\" class=\"yoast-schema-graph\">{\"@context\":\"https:\/\/schema.org\",\"@graph\":[{\"@type\":\"WebPage\",\"@id\":\"https:\/\/www.havuzadairhersey.com\/index.php\/urun\/hayward-akilli-havuz-temizlik-robotu-1676-m-hortumlu-mikroislemci-kontrollu-kartus-filtreli-24v-motor\/\",\"url\":\"https:\/\/www.havuzadairhersey.com\/index.php\/urun\/hayward-akilli-havuz-temizlik-robotu-1676-m-hortumlu-mikroislemci-kontrollu-kartus-filtreli-24v-motor\/\",\"name\":\"Hayward Ak\u0131ll\u0131 Havuz Temizlik Robotu, 16,76 m Hortumlu, Mikroi\u015flemci Kontroll\u00fc, Kartu\u015f Filtreli, 24V Motor -\",\"isPartOf\":{\"@id\":\"https:\/\/www.havuzadairhersey.com\/#website\"},\"primaryImageOfPage\":{\"@id\":\"https:\/\/www.havuzadairhersey.com\/index.php\/urun\/hayward-akilli-havuz-temizlik-robotu-1676-m-hortumlu-mikroislemci-kontrollu-kartus-filtreli-24v-motor\/#primaryimage\"},\"image\":{\"@id\":\"https:\/\/www.havuzadairhersey.com\/index.php\/urun\/hayward-akilli-havuz-temizlik-robotu-1676-m-hortumlu-mikroislemci-kontrollu-kartus-filtreli-24v-motor\/#primaryimage\"},\"thumbnailUrl\":\"https:\/\/www.havuzadairhersey.com\/wp-content\/uploads\/2025\/05\/1-9.png\",\"datePublished\":\"2025-05-01T17:31:12+00:00\",\"dateModified\":\"2025-05-01T17:31:13+00:00\",\"breadcrumb\":{\"@id\":\"https:\/\/www.havuzadairhersey.com\/index.php\/urun\/hayward-akilli-havuz-temizlik-robotu-1676-m-hortumlu-mikroislemci-kontrollu-kartus-filtreli-24v-motor\/#breadcrumb\"},\"inLanguage\":\"tr\",\"potentialAction\":[{\"@type\":\"ReadAction\",\"target\":[\"https:\/\/www.havuzadairhersey.com\/index.php\/urun\/hayward-akilli-havuz-temizlik-robotu-1676-m-hortumlu-mikroislemci-kontrollu-kartus-filtreli-24v-motor\/\"]}]},{\"@type\":\"ImageObject\",\"inLanguage\":\"tr\",\"@id\":\"https:\/\/www.havuzadairhersey.com\/index.php\/urun\/hayward-akilli-havuz-temizlik-robotu-1676-m-hortumlu-mikroislemci-kontrollu-kartus-filtreli-24v-motor\/#primaryimage\",\"url\":\"https:\/\/www.havuzadairhersey.com\/wp-content\/uploads\/2025\/05\/1-9.png\",\"contentUrl\":\"https:\/\/www.havuzadairhersey.com\/wp-content\/uploads\/2025\/05\/1-9.png\",\"width\":1875,\"height\":2000,\"caption\":\"G\u00fc\u00e7l\u00fc vakumlu, mikroi\u015flemcili, 4 saatlik temizlik program\u0131na sahip Hayward havuz robotu\"},{\"@type\":\"BreadcrumbList\",\"@id\":\"https:\/\/www.havuzadairhersey.com\/index.php\/urun\/hayward-akilli-havuz-temizlik-robotu-1676-m-hortumlu-mikroislemci-kontrollu-kartus-filtreli-24v-motor\/#breadcrumb\",\"itemListElement\":[{\"@type\":\"ListItem\",\"position\":1,\"name\":\"Anasayfa\",\"item\":\"https:\/\/www.havuzadairhersey.com\/\"},{\"@type\":\"ListItem\",\"position\":2,\"name\":\"Ma\u011faza\",\"item\":\"https:\/\/www.havuzadairhersey.com\/\"},{\"@type\":\"ListItem\",\"position\":3,\"name\":\"Hayward Ak\u0131ll\u0131 Havuz Temizlik Robotu, 16,76 m Hortumlu, Mikroi\u015flemci Kontroll\u00fc, Kartu\u015f Filtreli, 24V Motor\"}]},{\"@type\":\"WebSite\",\"@id\":\"https:\/\/www.havuzadairhersey.com\/#website\",\"url\":\"https:\/\/www.havuzadairhersey.com\/\",\"name\":\"\",\"description\":\"Havuza dair arad\u0131\u011f\u0131n\u0131z her\u015fey burada...\",\"potentialAction\":[{\"@type\":\"SearchAction\",\"target\":{\"@type\":\"EntryPoint\",\"urlTemplate\":\"https:\/\/www.havuzadairhersey.com\/?s={search_term_string}\"},\"query-input\":{\"@type\":\"PropertyValueSpecification\",\"valueRequired\":true,\"valueName\":\"search_term_string\"}}],\"inLanguage\":\"tr\"}]}<\/script>\n<!-- \/ Yoast SEO plugin. -->","yoast_head_json":{"title":"Hayward Ak\u0131ll\u0131 Havuz Temizlik Robotu, 16,76 m Hortumlu, Mikroi\u015flemci Kontroll\u00fc, Kartu\u015f Filtreli, 24V Motor -","robots":{"index":"index","follow":"follow","max-snippet":"max-snippet:-1","max-image-preview":"max-image-preview:large","max-video-preview":"max-video-preview:-1"},"canonical":"https:\/\/www.havuzadairhersey.com\/index.php\/urun\/hayward-akilli-havuz-temizlik-robotu-1676-m-hortumlu-mikroislemci-kontrollu-kartus-filtreli-24v-motor\/","og_locale":"tr_TR","og_type":"article","og_title":"Hayward Ak\u0131ll\u0131 Havuz Temizlik Robotu, 16,76 m Hortumlu, Mikroi\u015flemci Kontroll\u00fc, Kartu\u015f Filtreli, 24V Motor -","og_description":"Ak\u0131ll\u0131 mikroi\u015flemcili Hayward havuz robotu. 16,76 m hortum, 4 saat temizlik, kartu\u015f filtreli, 24V enerji tasarruflu motor.","og_url":"https:\/\/www.havuzadairhersey.com\/index.php\/urun\/hayward-akilli-havuz-temizlik-robotu-1676-m-hortumlu-mikroislemci-kontrollu-kartus-filtreli-24v-motor\/","article_modified_time":"2025-05-01T17:31:13+00:00","og_image":[{"width":1875,"height":2000,"url":"https:\/\/www.havuzadairhersey.com\/wp-content\/uploads\/2025\/05\/1-9.png","type":"image\/png"}],"twitter_card":"summary_large_image","twitter_misc":{"Tahmini okuma s\u00fcresi":"1 dakika"},"schema":{"@context":"https:\/\/schema.org","@graph":[{"@type":"WebPage","@id":"https:\/\/www.havuzadairhersey.com\/index.php\/urun\/hayward-akilli-havuz-temizlik-robotu-1676-m-hortumlu-mikroislemci-kontrollu-kartus-filtreli-24v-motor\/","url":"https:\/\/www.havuzadairhersey.com\/index.php\/urun\/hayward-akilli-havuz-temizlik-robotu-1676-m-hortumlu-mikroislemci-kontrollu-kartus-filtreli-24v-motor\/","name":"Hayward Ak\u0131ll\u0131 Havuz Temizlik Robotu, 16,76 m Hortumlu, Mikroi\u015flemci Kontroll\u00fc, Kartu\u015f Filtreli, 24V Motor -","isPartOf":{"@id":"https:\/\/www.havuzadairhersey.com\/#website"},"primaryImageOfPage":{"@id":"https:\/\/www.havuzadairhersey.com\/index.php\/urun\/hayward-akilli-havuz-temizlik-robotu-1676-m-hortumlu-mikroislemci-kontrollu-kartus-filtreli-24v-motor\/#primaryimage"},"image":{"@id":"https:\/\/www.havuzadairhersey.com\/index.php\/urun\/hayward-akilli-havuz-temizlik-robotu-1676-m-hortumlu-mikroislemci-kontrollu-kartus-filtreli-24v-motor\/#primaryimage"},"thumbnailUrl":"https:\/\/www.havuzadairhersey.com\/wp-content\/uploads\/2025\/05\/1-9.png","datePublished":"2025-05-01T17:31:12+00:00","dateModified":"2025-05-01T17:31:13+00:00","breadcrumb":{"@id":"https:\/\/www.havuzadairhersey.com\/index.php\/urun\/hayward-akilli-havuz-temizlik-robotu-1676-m-hortumlu-mikroislemci-kontrollu-kartus-filtreli-24v-motor\/#breadcrumb"},"inLanguage":"tr","potentialAction":[{"@type":"ReadAction","target":["https:\/\/www.havuzadairhersey.com\/index.php\/urun\/hayward-akilli-havuz-temizlik-robotu-1676-m-hortumlu-mikroislemci-kontrollu-kartus-filtreli-24v-motor\/"]}]},{"@type":"ImageObject","inLanguage":"tr","@id":"https:\/\/www.havuzadairhersey.com\/index.php\/urun\/hayward-akilli-havuz-temizlik-robotu-1676-m-hortumlu-mikroislemci-kontrollu-kartus-filtreli-24v-motor\/#primaryimage","url":"https:\/\/www.havuzadairhersey.com\/wp-content\/uploads\/2025\/05\/1-9.png","contentUrl":"https:\/\/www.havuzadairhersey.com\/wp-content\/uploads\/2025\/05\/1-9.png","width":1875,"height":2000,"caption":"G\u00fc\u00e7l\u00fc vakumlu, mikroi\u015flemcili, 4 saatlik temizlik program\u0131na sahip Hayward havuz robotu"},{"@type":"BreadcrumbList","@id":"https:\/\/www.havuzadairhersey.com\/index.php\/urun\/hayward-akilli-havuz-temizlik-robotu-1676-m-hortumlu-mikroislemci-kontrollu-kartus-filtreli-24v-motor\/#breadcrumb","itemListElement":[{"@type":"ListItem","position":1,"name":"Anasayfa","item":"https:\/\/www.havuzadairhersey.com\/"},{"@type":"ListItem","position":2,"name":"Ma\u011faza","item":"https:\/\/www.havuzadairhersey.com\/"},{"@type":"ListItem","position":3,"name":"Hayward Ak\u0131ll\u0131 Havuz Temizlik Robotu, 16,76 m Hortumlu, Mikroi\u015flemci Kontroll\u00fc, Kartu\u015f Filtreli, 24V Motor"}]},{"@type":"WebSite","@id":"https:\/\/www.havuzadairhersey.com\/#website","url":"https:\/\/www.havuzadairhersey.com\/","name":"","description":"Havuza dair arad\u0131\u011f\u0131n\u0131z her\u015fey burada...","potentialAction":[{"@type":"SearchAction","target":{"@type":"EntryPoint","urlTemplate":"https:\/\/www.havuzadairhersey.com\/?s={search_term_string}"},"query-input":{"@type":"PropertyValueSpecification","valueRequired":true,"valueName":"search_term_string"}}],"inLanguage":"tr"}]}},"_links":{"self":[{"href":"https:\/\/www.havuzadairhersey.com\/index.php\/wp-json\/wp\/v2\/product\/2984","targetHints":{"allow":["GET"]}}],"collection":[{"href":"https:\/\/www.havuzadairhersey.com\/index.php\/wp-json\/wp\/v2\/product"}],"about":[{"href":"https:\/\/www.havuzadairhersey.com\/index.php\/wp-json\/wp\/v2\/types\/product"}],"replies":[{"embeddable":true,"href":"https:\/\/www.havuzadairhersey.com\/index.php\/wp-json\/wp\/v2\/comments?post=2984"}],"wp:featuredmedia":[{"embeddable":true,"href":"https:\/\/www.havuzadairhersey.com\/index.php\/wp-json\/wp\/v2\/media\/2985"}],"wp:attachment":[{"href":"https:\/\/www.havuzadairhersey.com\/index.php\/wp-json\/wp\/v2\/media?parent=2984"}],"wp:term":[{"taxonomy":"product_brand","embeddable":true,"href":"https:\/\/www.havuzadairhersey.com\/index.php\/wp-json\/wp\/v2\/product_brand?post=2984"},{"taxonomy":"product_cat","embeddable":true,"href":"https:\/\/www.havuzadairhersey.com\/index.php\/wp-json\/wp\/v2\/product_cat?post=2984"},{"taxonomy":"product_tag","embeddable":true,"href":"https:\/\/www.havuzadairhersey.com\/index.php\/wp-json\/wp\/v2\/product_tag?post=2984"}],"curies":[{"name":"wp","href":"https:\/\/api.w.org\/{rel}","templated":true}]}}