{"id":2988,"date":"2025-05-01T20:34:20","date_gmt":"2025-05-01T17:34:20","guid":{"rendered":"https:\/\/www.havuzadairhersey.com\/?post_type=product&#038;p=2988"},"modified":"2025-05-01T20:34:21","modified_gmt":"2025-05-01T17:34:21","slug":"hayward-havuz-temizlik-robotu-mikroislemcili-4-saatlik-temizlik-1676-m-hortumlu-24v-dusuk-enerji-motorlu","status":"publish","type":"product","link":"https:\/\/www.havuzadairhersey.com\/index.php\/urun\/hayward-havuz-temizlik-robotu-mikroislemcili-4-saatlik-temizlik-1676-m-hortumlu-24v-dusuk-enerji-motorlu\/","title":{"rendered":"Hayward Havuz Temizlik Robotu, Mikroi\u015flemcili, 4 Saatlik Temizlik, 16,76 m Hortumlu, 24V D\u00fc\u015f\u00fck Enerji Motorlu"},"content":{"rendered":"<p>Hayward&#8217;\u0131n ak\u0131ll\u0131 mikroi\u015flemci teknolojisine sahip bu geli\u015fmi\u015f havuz robotu, 4 saatlik temizlik d\u00f6ng\u00fcs\u00fc boyunca havuzun taban\u0131n\u0131, duvarlar\u0131n\u0131 ve basamaklar\u0131n\u0131 etkili \u015fekilde temizler. G\u00fc\u00e7l\u00fc vakum motoru sayesinde kirleri derinlemesine emer. Temizlik s\u00fcresi sonunda otomatik olarak durur. Kolayca \u00e7\u0131kar\u0131l\u0131p temizlenebilen kartu\u015f filtre yap\u0131s\u0131 sayesinde bak\u0131m zahmetsizdir. Ek pompa veya hortum ba\u011flant\u0131s\u0131 gerekmeden \u00e7al\u0131\u015f\u0131r ve havuz filtrasyon sisteminden ba\u011f\u0131ms\u0131z olarak geri y\u0131kama suyu t\u00fcketimini azalt\u0131r. Enerji tasarrufu sa\u011flayan 24 volt verimli motor ile donat\u0131lm\u0131\u015ft\u0131r. 16,76 metre uzunlu\u011fundaki hortumu sayesinde b\u00fcy\u00fck havuzlar i\u00e7in idealdir.<\/p>\n","protected":false},"excerpt":{"rendered":"<p>Hayward ak\u0131ll\u0131 havuz robotu, 4 saatte t\u00fcm havuzu temizler. Kartu\u015f filtreli, 16,76 m hortumlu, 24V d\u00fc\u015f\u00fck enerji motorlu.<\/p>\n","protected":false},"featured_media":2989,"comment_status":"open","ping_status":"closed","template":"","meta":{"site-sidebar-layout":"default","site-content-layout":"","ast-site-content-layout":"default","site-content-style":"default","site-sidebar-style":"default","ast-global-header-display":"","ast-banner-title-visibility":"","ast-main-header-display":"","ast-hfb-above-header-display":"","ast-hfb-below-header-display":"","ast-hfb-mobile-header-display":"","site-post-title":"","ast-breadcrumbs-content":"","ast-featured-img":"","footer-sml-layout":"","theme-transparent-header-meta":"default","adv-header-id-meta":"","stick-header-meta":"","header-above-stick-meta":"","header-main-stick-meta":"","header-below-stick-meta":"","astra-migrate-meta-layouts":"set","ast-page-background-enabled":"default","ast-page-background-meta":{"desktop":{"background-color":"var(--ast-global-color-5)","background-image":"","background-repeat":"repeat","background-position":"center center","background-size":"auto","background-attachment":"scroll","background-type":"","background-media":"","overlay-type":"","overlay-color":"","overlay-opacity":"","overlay-gradient":""},"tablet":{"background-color":"","background-image":"","background-repeat":"repeat","background-position":"center center","background-size":"auto","background-attachment":"scroll","background-type":"","background-media":"","overlay-type":"","overlay-color":"","overlay-opacity":"","overlay-gradient":""},"mobile":{"background-color":"","background-image":"","background-repeat":"repeat","background-position":"center center","background-size":"auto","background-attachment":"scroll","background-type":"","background-media":"","overlay-type":"","overlay-color":"","overlay-opacity":"","overlay-gradient":""}},"ast-content-background-meta":{"desktop":{"background-color":"var(--ast-global-color-4)","background-image":"","background-repeat":"repeat","background-position":"center center","background-size":"auto","background-attachment":"scroll","background-type":"","background-media":"","overlay-type":"","overlay-color":"","overlay-opacity":"","overlay-gradient":""},"tablet":{"background-color":"var(--ast-global-color-4)","background-image":"","background-repeat":"repeat","background-position":"center center","background-size":"auto","background-attachment":"scroll","background-type":"","background-media":"","overlay-type":"","overlay-color":"","overlay-opacity":"","overlay-gradient":""},"mobile":{"background-color":"var(--ast-global-color-4)","background-image":"","background-repeat":"repeat","background-position":"center center","background-size":"auto","background-attachment":"scroll","background-type":"","background-media":"","overlay-type":"","overlay-color":"","overlay-opacity":"","overlay-gradient":""}}},"product_brand":[3683],"product_cat":[1092],"product_tag":[4393,4392,1102,4384,4390,4391,1100],"class_list":{"0":"post-2988","1":"product","2":"type-product","3":"status-publish","4":"has-post-thumbnail","6":"product_brand-neta-havuz","7":"product_cat-havuz-robot-supurge","8":"product_tag-16-metrelik-hortumlu-robot","9":"product_tag-24v-motorlu-havuz-robotu","10":"product_tag-havuz-temizleme-robotu","11":"product_tag-hayward-havuz-robotu","12":"product_tag-kartus-filtreli-robot","13":"product_tag-mikroislemcili-havuz-robotu","14":"product_tag-otomatik-havuz-supurgesi","15":"desktop-align-left","16":"tablet-align-left","17":"mobile-align-left","19":"first","20":"instock","21":"shipping-taxable","22":"purchasable","23":"product-type-simple"},"yoast_head":"<!-- This site is optimized with the Yoast SEO plugin v25.0 - https:\/\/yoast.com\/wordpress\/plugins\/seo\/ -->\n<title>Hayward Havuz Temizlik Robotu, Mikroi\u015flemcili, 4 Saatlik Temizlik, 16,76 m Hortumlu, 24V D\u00fc\u015f\u00fck Enerji Motorlu -<\/title>\n<meta name=\"robots\" content=\"index, follow, max-snippet:-1, max-image-preview:large, max-video-preview:-1\" \/>\n<link rel=\"canonical\" href=\"https:\/\/www.havuzadairhersey.com\/index.php\/urun\/hayward-havuz-temizlik-robotu-mikroislemcili-4-saatlik-temizlik-1676-m-hortumlu-24v-dusuk-enerji-motorlu\/\" \/>\n<meta property=\"og:locale\" content=\"tr_TR\" \/>\n<meta property=\"og:type\" content=\"article\" \/>\n<meta property=\"og:title\" content=\"Hayward Havuz Temizlik Robotu, Mikroi\u015flemcili, 4 Saatlik Temizlik, 16,76 m Hortumlu, 24V D\u00fc\u015f\u00fck Enerji Motorlu -\" \/>\n<meta property=\"og:description\" content=\"Hayward ak\u0131ll\u0131 havuz robotu, 4 saatte t\u00fcm havuzu temizler. Kartu\u015f filtreli, 16,76 m hortumlu, 24V d\u00fc\u015f\u00fck enerji motorlu.\" \/>\n<meta property=\"og:url\" content=\"https:\/\/www.havuzadairhersey.com\/index.php\/urun\/hayward-havuz-temizlik-robotu-mikroislemcili-4-saatlik-temizlik-1676-m-hortumlu-24v-dusuk-enerji-motorlu\/\" \/>\n<meta property=\"article:modified_time\" content=\"2025-05-01T17:34:21+00:00\" \/>\n<meta property=\"og:image\" content=\"https:\/\/www.havuzadairhersey.com\/wp-content\/uploads\/2025\/05\/1-10.png\" \/>\n\t<meta property=\"og:image:width\" content=\"1875\" \/>\n\t<meta property=\"og:image:height\" content=\"2000\" \/>\n\t<meta property=\"og:image:type\" content=\"image\/png\" \/>\n<meta name=\"twitter:card\" content=\"summary_large_image\" \/>\n<meta name=\"twitter:label1\" content=\"Tahmini okuma s\u00fcresi\" \/>\n\t<meta name=\"twitter:data1\" content=\"1 dakika\" \/>\n<script type=\"application\/ld+json\" class=\"yoast-schema-graph\">{\"@context\":\"https:\/\/schema.org\",\"@graph\":[{\"@type\":\"WebPage\",\"@id\":\"https:\/\/www.havuzadairhersey.com\/index.php\/urun\/hayward-havuz-temizlik-robotu-mikroislemcili-4-saatlik-temizlik-1676-m-hortumlu-24v-dusuk-enerji-motorlu\/\",\"url\":\"https:\/\/www.havuzadairhersey.com\/index.php\/urun\/hayward-havuz-temizlik-robotu-mikroislemcili-4-saatlik-temizlik-1676-m-hortumlu-24v-dusuk-enerji-motorlu\/\",\"name\":\"Hayward Havuz Temizlik Robotu, Mikroi\u015flemcili, 4 Saatlik Temizlik, 16,76 m Hortumlu, 24V D\u00fc\u015f\u00fck Enerji Motorlu -\",\"isPartOf\":{\"@id\":\"https:\/\/www.havuzadairhersey.com\/#website\"},\"primaryImageOfPage\":{\"@id\":\"https:\/\/www.havuzadairhersey.com\/index.php\/urun\/hayward-havuz-temizlik-robotu-mikroislemcili-4-saatlik-temizlik-1676-m-hortumlu-24v-dusuk-enerji-motorlu\/#primaryimage\"},\"image\":{\"@id\":\"https:\/\/www.havuzadairhersey.com\/index.php\/urun\/hayward-havuz-temizlik-robotu-mikroislemcili-4-saatlik-temizlik-1676-m-hortumlu-24v-dusuk-enerji-motorlu\/#primaryimage\"},\"thumbnailUrl\":\"https:\/\/www.havuzadairhersey.com\/wp-content\/uploads\/2025\/05\/1-10.png\",\"datePublished\":\"2025-05-01T17:34:20+00:00\",\"dateModified\":\"2025-05-01T17:34:21+00:00\",\"breadcrumb\":{\"@id\":\"https:\/\/www.havuzadairhersey.com\/index.php\/urun\/hayward-havuz-temizlik-robotu-mikroislemcili-4-saatlik-temizlik-1676-m-hortumlu-24v-dusuk-enerji-motorlu\/#breadcrumb\"},\"inLanguage\":\"tr\",\"potentialAction\":[{\"@type\":\"ReadAction\",\"target\":[\"https:\/\/www.havuzadairhersey.com\/index.php\/urun\/hayward-havuz-temizlik-robotu-mikroislemcili-4-saatlik-temizlik-1676-m-hortumlu-24v-dusuk-enerji-motorlu\/\"]}]},{\"@type\":\"ImageObject\",\"inLanguage\":\"tr\",\"@id\":\"https:\/\/www.havuzadairhersey.com\/index.php\/urun\/hayward-havuz-temizlik-robotu-mikroislemcili-4-saatlik-temizlik-1676-m-hortumlu-24v-dusuk-enerji-motorlu\/#primaryimage\",\"url\":\"https:\/\/www.havuzadairhersey.com\/wp-content\/uploads\/2025\/05\/1-10.png\",\"contentUrl\":\"https:\/\/www.havuzadairhersey.com\/wp-content\/uploads\/2025\/05\/1-10.png\",\"width\":1875,\"height\":2000,\"caption\":\"16,76 m hortumlu, 4 saat \u00e7al\u0131\u015fmal\u0131, kartu\u015f filtreli, enerji tasarruflu Hayward havuz robotu\"},{\"@type\":\"BreadcrumbList\",\"@id\":\"https:\/\/www.havuzadairhersey.com\/index.php\/urun\/hayward-havuz-temizlik-robotu-mikroislemcili-4-saatlik-temizlik-1676-m-hortumlu-24v-dusuk-enerji-motorlu\/#breadcrumb\",\"itemListElement\":[{\"@type\":\"ListItem\",\"position\":1,\"name\":\"Anasayfa\",\"item\":\"https:\/\/www.havuzadairhersey.com\/\"},{\"@type\":\"ListItem\",\"position\":2,\"name\":\"Ma\u011faza\",\"item\":\"https:\/\/www.havuzadairhersey.com\/\"},{\"@type\":\"ListItem\",\"position\":3,\"name\":\"Hayward Havuz Temizlik Robotu, Mikroi\u015flemcili, 4 Saatlik Temizlik, 16,76 m Hortumlu, 24V D\u00fc\u015f\u00fck Enerji Motorlu\"}]},{\"@type\":\"WebSite\",\"@id\":\"https:\/\/www.havuzadairhersey.com\/#website\",\"url\":\"https:\/\/www.havuzadairhersey.com\/\",\"name\":\"\",\"description\":\"Havuza dair arad\u0131\u011f\u0131n\u0131z her\u015fey burada...\",\"potentialAction\":[{\"@type\":\"SearchAction\",\"target\":{\"@type\":\"EntryPoint\",\"urlTemplate\":\"https:\/\/www.havuzadairhersey.com\/?s={search_term_string}\"},\"query-input\":{\"@type\":\"PropertyValueSpecification\",\"valueRequired\":true,\"valueName\":\"search_term_string\"}}],\"inLanguage\":\"tr\"}]}<\/script>\n<!-- \/ Yoast SEO plugin. -->","yoast_head_json":{"title":"Hayward Havuz Temizlik Robotu, Mikroi\u015flemcili, 4 Saatlik Temizlik, 16,76 m Hortumlu, 24V D\u00fc\u015f\u00fck Enerji Motorlu -","robots":{"index":"index","follow":"follow","max-snippet":"max-snippet:-1","max-image-preview":"max-image-preview:large","max-video-preview":"max-video-preview:-1"},"canonical":"https:\/\/www.havuzadairhersey.com\/index.php\/urun\/hayward-havuz-temizlik-robotu-mikroislemcili-4-saatlik-temizlik-1676-m-hortumlu-24v-dusuk-enerji-motorlu\/","og_locale":"tr_TR","og_type":"article","og_title":"Hayward Havuz Temizlik Robotu, Mikroi\u015flemcili, 4 Saatlik Temizlik, 16,76 m Hortumlu, 24V D\u00fc\u015f\u00fck Enerji Motorlu -","og_description":"Hayward ak\u0131ll\u0131 havuz robotu, 4 saatte t\u00fcm havuzu temizler. Kartu\u015f filtreli, 16,76 m hortumlu, 24V d\u00fc\u015f\u00fck enerji motorlu.","og_url":"https:\/\/www.havuzadairhersey.com\/index.php\/urun\/hayward-havuz-temizlik-robotu-mikroislemcili-4-saatlik-temizlik-1676-m-hortumlu-24v-dusuk-enerji-motorlu\/","article_modified_time":"2025-05-01T17:34:21+00:00","og_image":[{"width":1875,"height":2000,"url":"https:\/\/www.havuzadairhersey.com\/wp-content\/uploads\/2025\/05\/1-10.png","type":"image\/png"}],"twitter_card":"summary_large_image","twitter_misc":{"Tahmini okuma s\u00fcresi":"1 dakika"},"schema":{"@context":"https:\/\/schema.org","@graph":[{"@type":"WebPage","@id":"https:\/\/www.havuzadairhersey.com\/index.php\/urun\/hayward-havuz-temizlik-robotu-mikroislemcili-4-saatlik-temizlik-1676-m-hortumlu-24v-dusuk-enerji-motorlu\/","url":"https:\/\/www.havuzadairhersey.com\/index.php\/urun\/hayward-havuz-temizlik-robotu-mikroislemcili-4-saatlik-temizlik-1676-m-hortumlu-24v-dusuk-enerji-motorlu\/","name":"Hayward Havuz Temizlik Robotu, Mikroi\u015flemcili, 4 Saatlik Temizlik, 16,76 m Hortumlu, 24V D\u00fc\u015f\u00fck Enerji Motorlu -","isPartOf":{"@id":"https:\/\/www.havuzadairhersey.com\/#website"},"primaryImageOfPage":{"@id":"https:\/\/www.havuzadairhersey.com\/index.php\/urun\/hayward-havuz-temizlik-robotu-mikroislemcili-4-saatlik-temizlik-1676-m-hortumlu-24v-dusuk-enerji-motorlu\/#primaryimage"},"image":{"@id":"https:\/\/www.havuzadairhersey.com\/index.php\/urun\/hayward-havuz-temizlik-robotu-mikroislemcili-4-saatlik-temizlik-1676-m-hortumlu-24v-dusuk-enerji-motorlu\/#primaryimage"},"thumbnailUrl":"https:\/\/www.havuzadairhersey.com\/wp-content\/uploads\/2025\/05\/1-10.png","datePublished":"2025-05-01T17:34:20+00:00","dateModified":"2025-05-01T17:34:21+00:00","breadcrumb":{"@id":"https:\/\/www.havuzadairhersey.com\/index.php\/urun\/hayward-havuz-temizlik-robotu-mikroislemcili-4-saatlik-temizlik-1676-m-hortumlu-24v-dusuk-enerji-motorlu\/#breadcrumb"},"inLanguage":"tr","potentialAction":[{"@type":"ReadAction","target":["https:\/\/www.havuzadairhersey.com\/index.php\/urun\/hayward-havuz-temizlik-robotu-mikroislemcili-4-saatlik-temizlik-1676-m-hortumlu-24v-dusuk-enerji-motorlu\/"]}]},{"@type":"ImageObject","inLanguage":"tr","@id":"https:\/\/www.havuzadairhersey.com\/index.php\/urun\/hayward-havuz-temizlik-robotu-mikroislemcili-4-saatlik-temizlik-1676-m-hortumlu-24v-dusuk-enerji-motorlu\/#primaryimage","url":"https:\/\/www.havuzadairhersey.com\/wp-content\/uploads\/2025\/05\/1-10.png","contentUrl":"https:\/\/www.havuzadairhersey.com\/wp-content\/uploads\/2025\/05\/1-10.png","width":1875,"height":2000,"caption":"16,76 m hortumlu, 4 saat \u00e7al\u0131\u015fmal\u0131, kartu\u015f filtreli, enerji tasarruflu Hayward havuz robotu"},{"@type":"BreadcrumbList","@id":"https:\/\/www.havuzadairhersey.com\/index.php\/urun\/hayward-havuz-temizlik-robotu-mikroislemcili-4-saatlik-temizlik-1676-m-hortumlu-24v-dusuk-enerji-motorlu\/#breadcrumb","itemListElement":[{"@type":"ListItem","position":1,"name":"Anasayfa","item":"https:\/\/www.havuzadairhersey.com\/"},{"@type":"ListItem","position":2,"name":"Ma\u011faza","item":"https:\/\/www.havuzadairhersey.com\/"},{"@type":"ListItem","position":3,"name":"Hayward Havuz Temizlik Robotu, Mikroi\u015flemcili, 4 Saatlik Temizlik, 16,76 m Hortumlu, 24V D\u00fc\u015f\u00fck Enerji Motorlu"}]},{"@type":"WebSite","@id":"https:\/\/www.havuzadairhersey.com\/#website","url":"https:\/\/www.havuzadairhersey.com\/","name":"","description":"Havuza dair arad\u0131\u011f\u0131n\u0131z her\u015fey burada...","potentialAction":[{"@type":"SearchAction","target":{"@type":"EntryPoint","urlTemplate":"https:\/\/www.havuzadairhersey.com\/?s={search_term_string}"},"query-input":{"@type":"PropertyValueSpecification","valueRequired":true,"valueName":"search_term_string"}}],"inLanguage":"tr"}]}},"_links":{"self":[{"href":"https:\/\/www.havuzadairhersey.com\/index.php\/wp-json\/wp\/v2\/product\/2988","targetHints":{"allow":["GET"]}}],"collection":[{"href":"https:\/\/www.havuzadairhersey.com\/index.php\/wp-json\/wp\/v2\/product"}],"about":[{"href":"https:\/\/www.havuzadairhersey.com\/index.php\/wp-json\/wp\/v2\/types\/product"}],"replies":[{"embeddable":true,"href":"https:\/\/www.havuzadairhersey.com\/index.php\/wp-json\/wp\/v2\/comments?post=2988"}],"wp:featuredmedia":[{"embeddable":true,"href":"https:\/\/www.havuzadairhersey.com\/index.php\/wp-json\/wp\/v2\/media\/2989"}],"wp:attachment":[{"href":"https:\/\/www.havuzadairhersey.com\/index.php\/wp-json\/wp\/v2\/media?parent=2988"}],"wp:term":[{"taxonomy":"product_brand","embeddable":true,"href":"https:\/\/www.havuzadairhersey.com\/index.php\/wp-json\/wp\/v2\/product_brand?post=2988"},{"taxonomy":"product_cat","embeddable":true,"href":"https:\/\/www.havuzadairhersey.com\/index.php\/wp-json\/wp\/v2\/product_cat?post=2988"},{"taxonomy":"product_tag","embeddable":true,"href":"https:\/\/www.havuzadairhersey.com\/index.php\/wp-json\/wp\/v2\/product_tag?post=2988"}],"curies":[{"name":"wp","href":"https:\/\/api.w.org\/{rel}","templated":true}]}}