{"id":3081,"date":"2025-05-01T22:44:46","date_gmt":"2025-05-01T19:44:46","guid":{"rendered":"https:\/\/www.havuzadairhersey.com\/?post_type=product&#038;p=3081"},"modified":"2025-05-01T22:44:47","modified_gmt":"2025-05-01T19:44:47","slug":"ph-probu-epoksi-govdeli-1-5m-veya-6m-kablolu-60cye-dayanikli-su-analiz-sensoru","status":"publish","type":"product","link":"https:\/\/www.havuzadairhersey.com\/index.php\/urun\/ph-probu-epoksi-govdeli-1-5m-veya-6m-kablolu-60cye-dayanikli-su-analiz-sensoru\/","title":{"rendered":"pH Probu Epoksi G\u00f6vdeli, 1.5m veya 6m Kablolu, 60\u00b0C\u2019ye Dayan\u0131kl\u0131 Su Analiz Sens\u00f6r\u00fc"},"content":{"rendered":"<p>Y\u00fcksek hassasiyetli \u00f6l\u00e7\u00fcmler i\u00e7in geli\u015ftirilen bu pH probu, epoksi g\u00f6vdesi sayesinde dayan\u0131kl\u0131 bir kullan\u0131m sunar. 60\u00b0C&#8217;ye kadar s\u0131cakl\u0131\u011fa dayan\u0131kl\u0131 olan bu sens\u00f6r, havuz suyunun pH seviyesini g\u00fcvenilir \u015fekilde \u00f6l\u00e7menizi sa\u011flar. 1.5 metre ve 6 metre kablolu se\u00e7enekleri ile sisteminize uyumlu alternatifler sunar. Otomatik dozaj ve su analizi sistemlerinde ideal kullan\u0131m sa\u011flar.<\/p>\n","protected":false},"excerpt":{"rendered":"<p>Epoksi g\u00f6vdeli, 60\u00b0C\u2019ye kadar dayan\u0131kl\u0131, 1.5m veya 6m kablolu pH \u00f6l\u00e7\u00fcm probu.<\/p>\n","protected":false},"featured_media":3082,"comment_status":"open","ping_status":"closed","template":"","meta":{"site-sidebar-layout":"default","site-content-layout":"","ast-site-content-layout":"default","site-content-style":"default","site-sidebar-style":"default","ast-global-header-display":"","ast-banner-title-visibility":"","ast-main-header-display":"","ast-hfb-above-header-display":"","ast-hfb-below-header-display":"","ast-hfb-mobile-header-display":"","site-post-title":"","ast-breadcrumbs-content":"","ast-featured-img":"","footer-sml-layout":"","theme-transparent-header-meta":"default","adv-header-id-meta":"","stick-header-meta":"","header-above-stick-meta":"","header-main-stick-meta":"","header-below-stick-meta":"","astra-migrate-meta-layouts":"set","ast-page-background-enabled":"default","ast-page-background-meta":{"desktop":{"background-color":"var(--ast-global-color-5)","background-image":"","background-repeat":"repeat","background-position":"center center","background-size":"auto","background-attachment":"scroll","background-type":"","background-media":"","overlay-type":"","overlay-color":"","overlay-opacity":"","overlay-gradient":""},"tablet":{"background-color":"","background-image":"","background-repeat":"repeat","background-position":"center center","background-size":"auto","background-attachment":"scroll","background-type":"","background-media":"","overlay-type":"","overlay-color":"","overlay-opacity":"","overlay-gradient":""},"mobile":{"background-color":"","background-image":"","background-repeat":"repeat","background-position":"center center","background-size":"auto","background-attachment":"scroll","background-type":"","background-media":"","overlay-type":"","overlay-color":"","overlay-opacity":"","overlay-gradient":""}},"ast-content-background-meta":{"desktop":{"background-color":"var(--ast-global-color-4)","background-image":"","background-repeat":"repeat","background-position":"center center","background-size":"auto","background-attachment":"scroll","background-type":"","background-media":"","overlay-type":"","overlay-color":"","overlay-opacity":"","overlay-gradient":""},"tablet":{"background-color":"var(--ast-global-color-4)","background-image":"","background-repeat":"repeat","background-position":"center center","background-size":"auto","background-attachment":"scroll","background-type":"","background-media":"","overlay-type":"","overlay-color":"","overlay-opacity":"","overlay-gradient":""},"mobile":{"background-color":"var(--ast-global-color-4)","background-image":"","background-repeat":"repeat","background-position":"center center","background-size":"auto","background-attachment":"scroll","background-type":"","background-media":"","overlay-type":"","overlay-color":"","overlay-opacity":"","overlay-gradient":""}}},"product_brand":[3683],"product_cat":[4515],"product_tag":[4545,4542,4539,4541,4538,4540,4544,4543],"class_list":{"0":"post-3081","1":"product","2":"type-product","3":"status-publish","4":"has-post-thumbnail","6":"product_brand-neta-havuz","7":"product_cat-havuz-dozaj-sistemleri","8":"product_tag-60-derece-dayanikli-sensor","9":"product_tag-epoksi-ph-sensoru","10":"product_tag-havuz-sensoru","11":"product_tag-ph-olcer","12":"product_tag-ph-probu","13":"product_tag-su-analizi","14":"product_tag-su-kalite-sensoru","15":"product_tag-uzun-kablolu-ph-prob","16":"desktop-align-left","17":"tablet-align-left","18":"mobile-align-left","20":"first","21":"instock","22":"shipping-taxable","23":"purchasable","24":"product-type-variable"},"yoast_head":"<!-- This site is optimized with the Yoast SEO plugin v25.0 - https:\/\/yoast.com\/wordpress\/plugins\/seo\/ -->\n<title>pH Probu Epoksi G\u00f6vdeli, 1.5m veya 6m Kablolu, 60\u00b0C\u2019ye Dayan\u0131kl\u0131 Su Analiz Sens\u00f6r\u00fc -<\/title>\n<meta name=\"robots\" content=\"index, follow, max-snippet:-1, max-image-preview:large, max-video-preview:-1\" \/>\n<link rel=\"canonical\" href=\"https:\/\/www.havuzadairhersey.com\/index.php\/urun\/ph-probu-epoksi-govdeli-1-5m-veya-6m-kablolu-60cye-dayanikli-su-analiz-sensoru\/\" \/>\n<meta property=\"og:locale\" content=\"tr_TR\" \/>\n<meta property=\"og:type\" content=\"article\" \/>\n<meta property=\"og:title\" content=\"pH Probu Epoksi G\u00f6vdeli, 1.5m veya 6m Kablolu, 60\u00b0C\u2019ye Dayan\u0131kl\u0131 Su Analiz Sens\u00f6r\u00fc -\" \/>\n<meta property=\"og:description\" content=\"Epoksi g\u00f6vdeli, 60\u00b0C\u2019ye kadar dayan\u0131kl\u0131, 1.5m veya 6m kablolu pH \u00f6l\u00e7\u00fcm probu.\" \/>\n<meta property=\"og:url\" content=\"https:\/\/www.havuzadairhersey.com\/index.php\/urun\/ph-probu-epoksi-govdeli-1-5m-veya-6m-kablolu-60cye-dayanikli-su-analiz-sensoru\/\" \/>\n<meta property=\"article:modified_time\" content=\"2025-05-01T19:44:47+00:00\" \/>\n<meta property=\"og:image\" content=\"https:\/\/www.havuzadairhersey.com\/wp-content\/uploads\/2025\/05\/1-31.png\" \/>\n\t<meta property=\"og:image:width\" content=\"1875\" \/>\n\t<meta property=\"og:image:height\" content=\"2000\" \/>\n\t<meta property=\"og:image:type\" content=\"image\/png\" \/>\n<meta name=\"twitter:card\" content=\"summary_large_image\" \/>\n<script type=\"application\/ld+json\" class=\"yoast-schema-graph\">{\"@context\":\"https:\/\/schema.org\",\"@graph\":[{\"@type\":\"WebPage\",\"@id\":\"https:\/\/www.havuzadairhersey.com\/index.php\/urun\/ph-probu-epoksi-govdeli-1-5m-veya-6m-kablolu-60cye-dayanikli-su-analiz-sensoru\/\",\"url\":\"https:\/\/www.havuzadairhersey.com\/index.php\/urun\/ph-probu-epoksi-govdeli-1-5m-veya-6m-kablolu-60cye-dayanikli-su-analiz-sensoru\/\",\"name\":\"pH Probu Epoksi G\u00f6vdeli, 1.5m veya 6m Kablolu, 60\u00b0C\u2019ye Dayan\u0131kl\u0131 Su Analiz Sens\u00f6r\u00fc -\",\"isPartOf\":{\"@id\":\"https:\/\/www.havuzadairhersey.com\/#website\"},\"primaryImageOfPage\":{\"@id\":\"https:\/\/www.havuzadairhersey.com\/index.php\/urun\/ph-probu-epoksi-govdeli-1-5m-veya-6m-kablolu-60cye-dayanikli-su-analiz-sensoru\/#primaryimage\"},\"image\":{\"@id\":\"https:\/\/www.havuzadairhersey.com\/index.php\/urun\/ph-probu-epoksi-govdeli-1-5m-veya-6m-kablolu-60cye-dayanikli-su-analiz-sensoru\/#primaryimage\"},\"thumbnailUrl\":\"https:\/\/www.havuzadairhersey.com\/wp-content\/uploads\/2025\/05\/1-31.png\",\"datePublished\":\"2025-05-01T19:44:46+00:00\",\"dateModified\":\"2025-05-01T19:44:47+00:00\",\"breadcrumb\":{\"@id\":\"https:\/\/www.havuzadairhersey.com\/index.php\/urun\/ph-probu-epoksi-govdeli-1-5m-veya-6m-kablolu-60cye-dayanikli-su-analiz-sensoru\/#breadcrumb\"},\"inLanguage\":\"tr\",\"potentialAction\":[{\"@type\":\"ReadAction\",\"target\":[\"https:\/\/www.havuzadairhersey.com\/index.php\/urun\/ph-probu-epoksi-govdeli-1-5m-veya-6m-kablolu-60cye-dayanikli-su-analiz-sensoru\/\"]}]},{\"@type\":\"ImageObject\",\"inLanguage\":\"tr\",\"@id\":\"https:\/\/www.havuzadairhersey.com\/index.php\/urun\/ph-probu-epoksi-govdeli-1-5m-veya-6m-kablolu-60cye-dayanikli-su-analiz-sensoru\/#primaryimage\",\"url\":\"https:\/\/www.havuzadairhersey.com\/wp-content\/uploads\/2025\/05\/1-31.png\",\"contentUrl\":\"https:\/\/www.havuzadairhersey.com\/wp-content\/uploads\/2025\/05\/1-31.png\",\"width\":1875,\"height\":2000,\"caption\":\"60\u00b0C\u2019ye kadar dayan\u0131kl\u0131 pH sens\u00f6r\u00fc, 1.5m ve 6m kablo se\u00e7enekli\"},{\"@type\":\"BreadcrumbList\",\"@id\":\"https:\/\/www.havuzadairhersey.com\/index.php\/urun\/ph-probu-epoksi-govdeli-1-5m-veya-6m-kablolu-60cye-dayanikli-su-analiz-sensoru\/#breadcrumb\",\"itemListElement\":[{\"@type\":\"ListItem\",\"position\":1,\"name\":\"Anasayfa\",\"item\":\"https:\/\/www.havuzadairhersey.com\/\"},{\"@type\":\"ListItem\",\"position\":2,\"name\":\"Ma\u011faza\",\"item\":\"https:\/\/www.havuzadairhersey.com\/\"},{\"@type\":\"ListItem\",\"position\":3,\"name\":\"pH Probu Epoksi G\u00f6vdeli, 1.5m veya 6m Kablolu, 60\u00b0C\u2019ye Dayan\u0131kl\u0131 Su Analiz Sens\u00f6r\u00fc\"}]},{\"@type\":\"WebSite\",\"@id\":\"https:\/\/www.havuzadairhersey.com\/#website\",\"url\":\"https:\/\/www.havuzadairhersey.com\/\",\"name\":\"\",\"description\":\"Havuza dair arad\u0131\u011f\u0131n\u0131z her\u015fey burada...\",\"potentialAction\":[{\"@type\":\"SearchAction\",\"target\":{\"@type\":\"EntryPoint\",\"urlTemplate\":\"https:\/\/www.havuzadairhersey.com\/?s={search_term_string}\"},\"query-input\":{\"@type\":\"PropertyValueSpecification\",\"valueRequired\":true,\"valueName\":\"search_term_string\"}}],\"inLanguage\":\"tr\"}]}<\/script>\n<!-- \/ Yoast SEO plugin. -->","yoast_head_json":{"title":"pH Probu Epoksi G\u00f6vdeli, 1.5m veya 6m Kablolu, 60\u00b0C\u2019ye Dayan\u0131kl\u0131 Su Analiz Sens\u00f6r\u00fc -","robots":{"index":"index","follow":"follow","max-snippet":"max-snippet:-1","max-image-preview":"max-image-preview:large","max-video-preview":"max-video-preview:-1"},"canonical":"https:\/\/www.havuzadairhersey.com\/index.php\/urun\/ph-probu-epoksi-govdeli-1-5m-veya-6m-kablolu-60cye-dayanikli-su-analiz-sensoru\/","og_locale":"tr_TR","og_type":"article","og_title":"pH Probu Epoksi G\u00f6vdeli, 1.5m veya 6m Kablolu, 60\u00b0C\u2019ye Dayan\u0131kl\u0131 Su Analiz Sens\u00f6r\u00fc -","og_description":"Epoksi g\u00f6vdeli, 60\u00b0C\u2019ye kadar dayan\u0131kl\u0131, 1.5m veya 6m kablolu pH \u00f6l\u00e7\u00fcm probu.","og_url":"https:\/\/www.havuzadairhersey.com\/index.php\/urun\/ph-probu-epoksi-govdeli-1-5m-veya-6m-kablolu-60cye-dayanikli-su-analiz-sensoru\/","article_modified_time":"2025-05-01T19:44:47+00:00","og_image":[{"width":1875,"height":2000,"url":"https:\/\/www.havuzadairhersey.com\/wp-content\/uploads\/2025\/05\/1-31.png","type":"image\/png"}],"twitter_card":"summary_large_image","schema":{"@context":"https:\/\/schema.org","@graph":[{"@type":"WebPage","@id":"https:\/\/www.havuzadairhersey.com\/index.php\/urun\/ph-probu-epoksi-govdeli-1-5m-veya-6m-kablolu-60cye-dayanikli-su-analiz-sensoru\/","url":"https:\/\/www.havuzadairhersey.com\/index.php\/urun\/ph-probu-epoksi-govdeli-1-5m-veya-6m-kablolu-60cye-dayanikli-su-analiz-sensoru\/","name":"pH Probu Epoksi G\u00f6vdeli, 1.5m veya 6m Kablolu, 60\u00b0C\u2019ye Dayan\u0131kl\u0131 Su Analiz Sens\u00f6r\u00fc -","isPartOf":{"@id":"https:\/\/www.havuzadairhersey.com\/#website"},"primaryImageOfPage":{"@id":"https:\/\/www.havuzadairhersey.com\/index.php\/urun\/ph-probu-epoksi-govdeli-1-5m-veya-6m-kablolu-60cye-dayanikli-su-analiz-sensoru\/#primaryimage"},"image":{"@id":"https:\/\/www.havuzadairhersey.com\/index.php\/urun\/ph-probu-epoksi-govdeli-1-5m-veya-6m-kablolu-60cye-dayanikli-su-analiz-sensoru\/#primaryimage"},"thumbnailUrl":"https:\/\/www.havuzadairhersey.com\/wp-content\/uploads\/2025\/05\/1-31.png","datePublished":"2025-05-01T19:44:46+00:00","dateModified":"2025-05-01T19:44:47+00:00","breadcrumb":{"@id":"https:\/\/www.havuzadairhersey.com\/index.php\/urun\/ph-probu-epoksi-govdeli-1-5m-veya-6m-kablolu-60cye-dayanikli-su-analiz-sensoru\/#breadcrumb"},"inLanguage":"tr","potentialAction":[{"@type":"ReadAction","target":["https:\/\/www.havuzadairhersey.com\/index.php\/urun\/ph-probu-epoksi-govdeli-1-5m-veya-6m-kablolu-60cye-dayanikli-su-analiz-sensoru\/"]}]},{"@type":"ImageObject","inLanguage":"tr","@id":"https:\/\/www.havuzadairhersey.com\/index.php\/urun\/ph-probu-epoksi-govdeli-1-5m-veya-6m-kablolu-60cye-dayanikli-su-analiz-sensoru\/#primaryimage","url":"https:\/\/www.havuzadairhersey.com\/wp-content\/uploads\/2025\/05\/1-31.png","contentUrl":"https:\/\/www.havuzadairhersey.com\/wp-content\/uploads\/2025\/05\/1-31.png","width":1875,"height":2000,"caption":"60\u00b0C\u2019ye kadar dayan\u0131kl\u0131 pH sens\u00f6r\u00fc, 1.5m ve 6m kablo se\u00e7enekli"},{"@type":"BreadcrumbList","@id":"https:\/\/www.havuzadairhersey.com\/index.php\/urun\/ph-probu-epoksi-govdeli-1-5m-veya-6m-kablolu-60cye-dayanikli-su-analiz-sensoru\/#breadcrumb","itemListElement":[{"@type":"ListItem","position":1,"name":"Anasayfa","item":"https:\/\/www.havuzadairhersey.com\/"},{"@type":"ListItem","position":2,"name":"Ma\u011faza","item":"https:\/\/www.havuzadairhersey.com\/"},{"@type":"ListItem","position":3,"name":"pH Probu Epoksi G\u00f6vdeli, 1.5m veya 6m Kablolu, 60\u00b0C\u2019ye Dayan\u0131kl\u0131 Su Analiz Sens\u00f6r\u00fc"}]},{"@type":"WebSite","@id":"https:\/\/www.havuzadairhersey.com\/#website","url":"https:\/\/www.havuzadairhersey.com\/","name":"","description":"Havuza dair arad\u0131\u011f\u0131n\u0131z her\u015fey burada...","potentialAction":[{"@type":"SearchAction","target":{"@type":"EntryPoint","urlTemplate":"https:\/\/www.havuzadairhersey.com\/?s={search_term_string}"},"query-input":{"@type":"PropertyValueSpecification","valueRequired":true,"valueName":"search_term_string"}}],"inLanguage":"tr"}]}},"_links":{"self":[{"href":"https:\/\/www.havuzadairhersey.com\/index.php\/wp-json\/wp\/v2\/product\/3081","targetHints":{"allow":["GET"]}}],"collection":[{"href":"https:\/\/www.havuzadairhersey.com\/index.php\/wp-json\/wp\/v2\/product"}],"about":[{"href":"https:\/\/www.havuzadairhersey.com\/index.php\/wp-json\/wp\/v2\/types\/product"}],"replies":[{"embeddable":true,"href":"https:\/\/www.havuzadairhersey.com\/index.php\/wp-json\/wp\/v2\/comments?post=3081"}],"wp:featuredmedia":[{"embeddable":true,"href":"https:\/\/www.havuzadairhersey.com\/index.php\/wp-json\/wp\/v2\/media\/3082"}],"wp:attachment":[{"href":"https:\/\/www.havuzadairhersey.com\/index.php\/wp-json\/wp\/v2\/media?parent=3081"}],"wp:term":[{"taxonomy":"product_brand","embeddable":true,"href":"https:\/\/www.havuzadairhersey.com\/index.php\/wp-json\/wp\/v2\/product_brand?post=3081"},{"taxonomy":"product_cat","embeddable":true,"href":"https:\/\/www.havuzadairhersey.com\/index.php\/wp-json\/wp\/v2\/product_cat?post=3081"},{"taxonomy":"product_tag","embeddable":true,"href":"https:\/\/www.havuzadairhersey.com\/index.php\/wp-json\/wp\/v2\/product_tag?post=3081"}],"curies":[{"name":"wp","href":"https:\/\/api.w.org\/{rel}","templated":true}]}}