{"id":3240,"date":"2025-05-02T23:40:01","date_gmt":"2025-05-02T20:40:01","guid":{"rendered":"https:\/\/www.havuzadairhersey.com\/?post_type=product&#038;p=3240"},"modified":"2025-05-30T23:42:00","modified_gmt":"2025-05-30T20:42:00","slug":"dc-invertorlu-havuz-isi-pompasi","status":"publish","type":"product","link":"https:\/\/www.havuzadairhersey.com\/index.php\/urun\/dc-invertorlu-havuz-isi-pompasi\/","title":{"rendered":"Dc \u0130nvert\u00f6rl\u00fc Havuz Is\u0131 Pompas\u0131"},"content":{"rendered":"<p>WaterFun DC Inverter havuz \u0131s\u0131 pompas\u0131, 10.5 kW ile 126 kW aras\u0131nda de\u011fi\u015fen g\u00fc\u00e7l\u00fc modelleriyle her \u00f6l\u00e7ekteki y\u00fczme havuzu i\u00e7in \u00fcst\u00fcn performans sunar. Spiral titanyum e\u015fanj\u00f6r\u00fc sayesinde y\u00fcksek \u0131s\u0131 verimlili\u011fi sa\u011flarken AISI 316 paslanmaz \u00e7elik yap\u0131s\u0131 ile uzun \u00f6m\u00fcrl\u00fc kullan\u0131m sunar. Anti-freeze fonksiyonu, sessiz \u00e7al\u0131\u015fma \u00f6zelli\u011fi, otomatik buz \u00e7\u00f6zme sistemi ve \u00e7oklu koruma \u00f6zellikleriyle tam g\u00fcvenlik sa\u011flar. Hem \u0131s\u0131tma hem so\u011futma i\u015fleviyle d\u00f6rt mevsim kullan\u0131m sunar. Geli\u015fmi\u015f ses yal\u0131t\u0131m\u0131 ve elektronik genle\u015fme valfi sayesinde y\u00fcksek enerji verimlili\u011fi elde edilir. Geni\u015f g\u00fc\u00e7 aral\u0131\u011f\u0131 ve boyut se\u00e7enekleri ile farkl\u0131 havuz projelerine uygundur.<\/p>\n","protected":false},"excerpt":{"rendered":"<p>WaterFun DC Inverter havuz \u0131s\u0131 pompas\u0131, sessiz \u00e7al\u0131\u015fan, paslanmaz \u00e7elik g\u00f6vdeli, enerji tasarruflu ve y\u00fcksek verimli \u0131s\u0131tma\/so\u011futma \u00e7\u00f6z\u00fcm\u00fcd\u00fcr.<\/p>\n","protected":false},"featured_media":3241,"comment_status":"open","ping_status":"closed","template":"","meta":{"site-sidebar-layout":"default","site-content-layout":"","ast-site-content-layout":"default","site-content-style":"default","site-sidebar-style":"default","ast-global-header-display":"","ast-banner-title-visibility":"","ast-main-header-display":"","ast-hfb-above-header-display":"","ast-hfb-below-header-display":"","ast-hfb-mobile-header-display":"","site-post-title":"","ast-breadcrumbs-content":"","ast-featured-img":"","footer-sml-layout":"","theme-transparent-header-meta":"default","adv-header-id-meta":"","stick-header-meta":"","header-above-stick-meta":"","header-main-stick-meta":"","header-below-stick-meta":"","astra-migrate-meta-layouts":"set","ast-page-background-enabled":"default","ast-page-background-meta":{"desktop":{"background-color":"var(--ast-global-color-5)","background-image":"","background-repeat":"repeat","background-position":"center center","background-size":"auto","background-attachment":"scroll","background-type":"","background-media":"","overlay-type":"","overlay-color":"","overlay-opacity":"","overlay-gradient":""},"tablet":{"background-color":"","background-image":"","background-repeat":"repeat","background-position":"center center","background-size":"auto","background-attachment":"scroll","background-type":"","background-media":"","overlay-type":"","overlay-color":"","overlay-opacity":"","overlay-gradient":""},"mobile":{"background-color":"","background-image":"","background-repeat":"repeat","background-position":"center center","background-size":"auto","background-attachment":"scroll","background-type":"","background-media":"","overlay-type":"","overlay-color":"","overlay-opacity":"","overlay-gradient":""}},"ast-content-background-meta":{"desktop":{"background-color":"var(--ast-global-color-4)","background-image":"","background-repeat":"repeat","background-position":"center center","background-size":"auto","background-attachment":"scroll","background-type":"","background-media":"","overlay-type":"","overlay-color":"","overlay-opacity":"","overlay-gradient":""},"tablet":{"background-color":"var(--ast-global-color-4)","background-image":"","background-repeat":"repeat","background-position":"center center","background-size":"auto","background-attachment":"scroll","background-type":"","background-media":"","overlay-type":"","overlay-color":"","overlay-opacity":"","overlay-gradient":""},"mobile":{"background-color":"var(--ast-global-color-4)","background-image":"","background-repeat":"repeat","background-position":"center center","background-size":"auto","background-attachment":"scroll","background-type":"","background-media":"","overlay-type":"","overlay-color":"","overlay-opacity":"","overlay-gradient":""}}},"product_brand":[3683],"product_cat":[1396],"product_tag":[4780,1443,4786,4787,4781,4782,4784,4785,4783],"class_list":{"0":"post-3240","1":"product","2":"type-product","3":"status-publish","4":"has-post-thumbnail","6":"product_brand-neta-havuz","7":"product_cat-havuz-isiticilari","8":"product_tag-dc-inverter-isi-pompasi","9":"product_tag-havuz-isi-pompasi","10":"product_tag-isi-pompasi-10-kw","11":"product_tag-isi-pompasi-126-kw","12":"product_tag-paslanmaz-celik-isi-pompasi","13":"product_tag-sessiz-havuz-isitma","14":"product_tag-spiral-esanjor","15":"product_tag-titanyum-isi-esanjoru","16":"product_tag-waterfun-isi-pompasi","17":"desktop-align-left","18":"tablet-align-left","19":"mobile-align-left","21":"first","22":"instock","23":"shipping-taxable","24":"purchasable","25":"product-type-variable"},"yoast_head":"<!-- This site is optimized with the Yoast SEO plugin v25.0 - https:\/\/yoast.com\/wordpress\/plugins\/seo\/ -->\n<title>Dc \u0130nvert\u00f6rl\u00fc Havuz Is\u0131 Pompas\u0131 -<\/title>\n<meta name=\"robots\" content=\"index, follow, max-snippet:-1, max-image-preview:large, max-video-preview:-1\" \/>\n<link rel=\"canonical\" href=\"https:\/\/www.havuzadairhersey.com\/index.php\/urun\/dc-invertorlu-havuz-isi-pompasi\/\" \/>\n<meta property=\"og:locale\" content=\"tr_TR\" \/>\n<meta property=\"og:type\" content=\"article\" \/>\n<meta property=\"og:title\" content=\"Dc \u0130nvert\u00f6rl\u00fc Havuz Is\u0131 Pompas\u0131 -\" \/>\n<meta property=\"og:description\" content=\"WaterFun DC Inverter havuz \u0131s\u0131 pompas\u0131, sessiz \u00e7al\u0131\u015fan, paslanmaz \u00e7elik g\u00f6vdeli, enerji tasarruflu ve y\u00fcksek verimli \u0131s\u0131tma\/so\u011futma \u00e7\u00f6z\u00fcm\u00fcd\u00fcr.\" \/>\n<meta property=\"og:url\" content=\"https:\/\/www.havuzadairhersey.com\/index.php\/urun\/dc-invertorlu-havuz-isi-pompasi\/\" \/>\n<meta property=\"article:modified_time\" content=\"2025-05-30T20:42:00+00:00\" \/>\n<meta property=\"og:image\" content=\"https:\/\/www.havuzadairhersey.com\/wp-content\/uploads\/2025\/05\/1-56.png\" \/>\n\t<meta property=\"og:image:width\" content=\"1875\" \/>\n\t<meta property=\"og:image:height\" content=\"2000\" \/>\n\t<meta property=\"og:image:type\" content=\"image\/png\" \/>\n<meta name=\"twitter:card\" content=\"summary_large_image\" \/>\n<meta name=\"twitter:label1\" content=\"Tahmini okuma s\u00fcresi\" \/>\n\t<meta name=\"twitter:data1\" content=\"1 dakika\" \/>\n<script type=\"application\/ld+json\" class=\"yoast-schema-graph\">{\"@context\":\"https:\/\/schema.org\",\"@graph\":[{\"@type\":\"WebPage\",\"@id\":\"https:\/\/www.havuzadairhersey.com\/index.php\/urun\/dc-invertorlu-havuz-isi-pompasi\/\",\"url\":\"https:\/\/www.havuzadairhersey.com\/index.php\/urun\/dc-invertorlu-havuz-isi-pompasi\/\",\"name\":\"Dc \u0130nvert\u00f6rl\u00fc Havuz Is\u0131 Pompas\u0131 -\",\"isPartOf\":{\"@id\":\"https:\/\/www.havuzadairhersey.com\/#website\"},\"primaryImageOfPage\":{\"@id\":\"https:\/\/www.havuzadairhersey.com\/index.php\/urun\/dc-invertorlu-havuz-isi-pompasi\/#primaryimage\"},\"image\":{\"@id\":\"https:\/\/www.havuzadairhersey.com\/index.php\/urun\/dc-invertorlu-havuz-isi-pompasi\/#primaryimage\"},\"thumbnailUrl\":\"https:\/\/www.havuzadairhersey.com\/wp-content\/uploads\/2025\/05\/1-56.png\",\"datePublished\":\"2025-05-02T20:40:01+00:00\",\"dateModified\":\"2025-05-30T20:42:00+00:00\",\"breadcrumb\":{\"@id\":\"https:\/\/www.havuzadairhersey.com\/index.php\/urun\/dc-invertorlu-havuz-isi-pompasi\/#breadcrumb\"},\"inLanguage\":\"tr\",\"potentialAction\":[{\"@type\":\"ReadAction\",\"target\":[\"https:\/\/www.havuzadairhersey.com\/index.php\/urun\/dc-invertorlu-havuz-isi-pompasi\/\"]}]},{\"@type\":\"ImageObject\",\"inLanguage\":\"tr\",\"@id\":\"https:\/\/www.havuzadairhersey.com\/index.php\/urun\/dc-invertorlu-havuz-isi-pompasi\/#primaryimage\",\"url\":\"https:\/\/www.havuzadairhersey.com\/wp-content\/uploads\/2025\/05\/1-56.png\",\"contentUrl\":\"https:\/\/www.havuzadairhersey.com\/wp-content\/uploads\/2025\/05\/1-56.png\",\"width\":1875,\"height\":2000,\"caption\":\"Paslanmaz \u00e7elik, sessiz \u00e7al\u0131\u015fan, y\u00fcksek verimli havuz \u0131s\u0131tma sistemi\"},{\"@type\":\"BreadcrumbList\",\"@id\":\"https:\/\/www.havuzadairhersey.com\/index.php\/urun\/dc-invertorlu-havuz-isi-pompasi\/#breadcrumb\",\"itemListElement\":[{\"@type\":\"ListItem\",\"position\":1,\"name\":\"Anasayfa\",\"item\":\"https:\/\/www.havuzadairhersey.com\/\"},{\"@type\":\"ListItem\",\"position\":2,\"name\":\"Ma\u011faza\",\"item\":\"https:\/\/www.havuzadairhersey.com\/\"},{\"@type\":\"ListItem\",\"position\":3,\"name\":\"Dc \u0130nvert\u00f6rl\u00fc Havuz Is\u0131 Pompas\u0131\"}]},{\"@type\":\"WebSite\",\"@id\":\"https:\/\/www.havuzadairhersey.com\/#website\",\"url\":\"https:\/\/www.havuzadairhersey.com\/\",\"name\":\"\",\"description\":\"Havuza dair arad\u0131\u011f\u0131n\u0131z her\u015fey burada...\",\"potentialAction\":[{\"@type\":\"SearchAction\",\"target\":{\"@type\":\"EntryPoint\",\"urlTemplate\":\"https:\/\/www.havuzadairhersey.com\/?s={search_term_string}\"},\"query-input\":{\"@type\":\"PropertyValueSpecification\",\"valueRequired\":true,\"valueName\":\"search_term_string\"}}],\"inLanguage\":\"tr\"}]}<\/script>\n<!-- \/ Yoast SEO plugin. -->","yoast_head_json":{"title":"Dc \u0130nvert\u00f6rl\u00fc Havuz Is\u0131 Pompas\u0131 -","robots":{"index":"index","follow":"follow","max-snippet":"max-snippet:-1","max-image-preview":"max-image-preview:large","max-video-preview":"max-video-preview:-1"},"canonical":"https:\/\/www.havuzadairhersey.com\/index.php\/urun\/dc-invertorlu-havuz-isi-pompasi\/","og_locale":"tr_TR","og_type":"article","og_title":"Dc \u0130nvert\u00f6rl\u00fc Havuz Is\u0131 Pompas\u0131 -","og_description":"WaterFun DC Inverter havuz \u0131s\u0131 pompas\u0131, sessiz \u00e7al\u0131\u015fan, paslanmaz \u00e7elik g\u00f6vdeli, enerji tasarruflu ve y\u00fcksek verimli \u0131s\u0131tma\/so\u011futma \u00e7\u00f6z\u00fcm\u00fcd\u00fcr.","og_url":"https:\/\/www.havuzadairhersey.com\/index.php\/urun\/dc-invertorlu-havuz-isi-pompasi\/","article_modified_time":"2025-05-30T20:42:00+00:00","og_image":[{"width":1875,"height":2000,"url":"https:\/\/www.havuzadairhersey.com\/wp-content\/uploads\/2025\/05\/1-56.png","type":"image\/png"}],"twitter_card":"summary_large_image","twitter_misc":{"Tahmini okuma s\u00fcresi":"1 dakika"},"schema":{"@context":"https:\/\/schema.org","@graph":[{"@type":"WebPage","@id":"https:\/\/www.havuzadairhersey.com\/index.php\/urun\/dc-invertorlu-havuz-isi-pompasi\/","url":"https:\/\/www.havuzadairhersey.com\/index.php\/urun\/dc-invertorlu-havuz-isi-pompasi\/","name":"Dc \u0130nvert\u00f6rl\u00fc Havuz Is\u0131 Pompas\u0131 -","isPartOf":{"@id":"https:\/\/www.havuzadairhersey.com\/#website"},"primaryImageOfPage":{"@id":"https:\/\/www.havuzadairhersey.com\/index.php\/urun\/dc-invertorlu-havuz-isi-pompasi\/#primaryimage"},"image":{"@id":"https:\/\/www.havuzadairhersey.com\/index.php\/urun\/dc-invertorlu-havuz-isi-pompasi\/#primaryimage"},"thumbnailUrl":"https:\/\/www.havuzadairhersey.com\/wp-content\/uploads\/2025\/05\/1-56.png","datePublished":"2025-05-02T20:40:01+00:00","dateModified":"2025-05-30T20:42:00+00:00","breadcrumb":{"@id":"https:\/\/www.havuzadairhersey.com\/index.php\/urun\/dc-invertorlu-havuz-isi-pompasi\/#breadcrumb"},"inLanguage":"tr","potentialAction":[{"@type":"ReadAction","target":["https:\/\/www.havuzadairhersey.com\/index.php\/urun\/dc-invertorlu-havuz-isi-pompasi\/"]}]},{"@type":"ImageObject","inLanguage":"tr","@id":"https:\/\/www.havuzadairhersey.com\/index.php\/urun\/dc-invertorlu-havuz-isi-pompasi\/#primaryimage","url":"https:\/\/www.havuzadairhersey.com\/wp-content\/uploads\/2025\/05\/1-56.png","contentUrl":"https:\/\/www.havuzadairhersey.com\/wp-content\/uploads\/2025\/05\/1-56.png","width":1875,"height":2000,"caption":"Paslanmaz \u00e7elik, sessiz \u00e7al\u0131\u015fan, y\u00fcksek verimli havuz \u0131s\u0131tma sistemi"},{"@type":"BreadcrumbList","@id":"https:\/\/www.havuzadairhersey.com\/index.php\/urun\/dc-invertorlu-havuz-isi-pompasi\/#breadcrumb","itemListElement":[{"@type":"ListItem","position":1,"name":"Anasayfa","item":"https:\/\/www.havuzadairhersey.com\/"},{"@type":"ListItem","position":2,"name":"Ma\u011faza","item":"https:\/\/www.havuzadairhersey.com\/"},{"@type":"ListItem","position":3,"name":"Dc \u0130nvert\u00f6rl\u00fc Havuz Is\u0131 Pompas\u0131"}]},{"@type":"WebSite","@id":"https:\/\/www.havuzadairhersey.com\/#website","url":"https:\/\/www.havuzadairhersey.com\/","name":"","description":"Havuza dair arad\u0131\u011f\u0131n\u0131z her\u015fey burada...","potentialAction":[{"@type":"SearchAction","target":{"@type":"EntryPoint","urlTemplate":"https:\/\/www.havuzadairhersey.com\/?s={search_term_string}"},"query-input":{"@type":"PropertyValueSpecification","valueRequired":true,"valueName":"search_term_string"}}],"inLanguage":"tr"}]}},"_links":{"self":[{"href":"https:\/\/www.havuzadairhersey.com\/index.php\/wp-json\/wp\/v2\/product\/3240","targetHints":{"allow":["GET"]}}],"collection":[{"href":"https:\/\/www.havuzadairhersey.com\/index.php\/wp-json\/wp\/v2\/product"}],"about":[{"href":"https:\/\/www.havuzadairhersey.com\/index.php\/wp-json\/wp\/v2\/types\/product"}],"replies":[{"embeddable":true,"href":"https:\/\/www.havuzadairhersey.com\/index.php\/wp-json\/wp\/v2\/comments?post=3240"}],"wp:featuredmedia":[{"embeddable":true,"href":"https:\/\/www.havuzadairhersey.com\/index.php\/wp-json\/wp\/v2\/media\/3241"}],"wp:attachment":[{"href":"https:\/\/www.havuzadairhersey.com\/index.php\/wp-json\/wp\/v2\/media?parent=3240"}],"wp:term":[{"taxonomy":"product_brand","embeddable":true,"href":"https:\/\/www.havuzadairhersey.com\/index.php\/wp-json\/wp\/v2\/product_brand?post=3240"},{"taxonomy":"product_cat","embeddable":true,"href":"https:\/\/www.havuzadairhersey.com\/index.php\/wp-json\/wp\/v2\/product_cat?post=3240"},{"taxonomy":"product_tag","embeddable":true,"href":"https:\/\/www.havuzadairhersey.com\/index.php\/wp-json\/wp\/v2\/product_tag?post=3240"}],"curies":[{"name":"wp","href":"https:\/\/api.w.org\/{rel}","templated":true}]}}