{"id":3255,"date":"2025-05-02T23:53:56","date_gmt":"2025-05-02T20:53:56","guid":{"rendered":"https:\/\/www.havuzadairhersey.com\/?post_type=product&#038;p=3255"},"modified":"2025-05-30T23:36:21","modified_gmt":"2025-05-30T20:36:21","slug":"spa-jet-nozulu-yuksek-debili-masaj-basligi-havuz-ve-jakuzi-uyumlu-pvc-malzeme","status":"publish","type":"product","link":"https:\/\/www.havuzadairhersey.com\/index.php\/urun\/spa-jet-nozulu-yuksek-debili-masaj-basligi-havuz-ve-jakuzi-uyumlu-pvc-malzeme\/","title":{"rendered":"SPA Jet Nozulu, Y\u00fcksek Debili Masaj Ba\u015fl\u0131\u011f\u0131, Havuz ve Jakuzi Uyumlu, PVC Malzeme"},"content":{"rendered":"<p>WF 1113B model spa jet nozulu, y\u00fcksek debili su \u00e7\u0131k\u0131\u015f\u0131 sa\u011flayarak jakuzi ve spa sistemlerinde rahatlat\u0131c\u0131 masaj etkisi sunar. Dayan\u0131kl\u0131 PVC malzemeden \u00fcretilmi\u015f olup uzun \u00f6m\u00fcrl\u00fc kullan\u0131m sa\u011flar. Ergonomik tasar\u0131m\u0131 sayesinde kolay montaj imkan\u0131 sunar ve havuz, spa, jakuzi gibi su yap\u0131lar\u0131nda profesyonel masaj performans\u0131 sa\u011flar. Su \u00e7\u0131k\u0131\u015f y\u00f6n\u00fc optimize edilmi\u015ftir ve estetik g\u00f6r\u00fcn\u00fcm\u00fc ile sisteminize \u015f\u0131kl\u0131k katar.<\/p>\n","protected":false},"excerpt":{"rendered":"<p>WF 1113B spa jet nozulu, y\u00fcksek debili su \u00e7\u0131k\u0131\u015f\u0131 ile etkili masaj performans\u0131 sunan dayan\u0131kl\u0131 PVC jakuzi ba\u015fl\u0131\u011f\u0131d\u0131r.<\/p>\n","protected":false},"featured_media":3256,"comment_status":"open","ping_status":"closed","template":"","meta":{"site-sidebar-layout":"default","site-content-layout":"","ast-site-content-layout":"default","site-content-style":"default","site-sidebar-style":"default","ast-global-header-display":"","ast-banner-title-visibility":"","ast-main-header-display":"","ast-hfb-above-header-display":"","ast-hfb-below-header-display":"","ast-hfb-mobile-header-display":"","site-post-title":"","ast-breadcrumbs-content":"","ast-featured-img":"","footer-sml-layout":"","theme-transparent-header-meta":"default","adv-header-id-meta":"","stick-header-meta":"","header-above-stick-meta":"","header-main-stick-meta":"","header-below-stick-meta":"","astra-migrate-meta-layouts":"set","ast-page-background-enabled":"default","ast-page-background-meta":{"desktop":{"background-color":"var(--ast-global-color-5)","background-image":"","background-repeat":"repeat","background-position":"center center","background-size":"auto","background-attachment":"scroll","background-type":"","background-media":"","overlay-type":"","overlay-color":"","overlay-opacity":"","overlay-gradient":""},"tablet":{"background-color":"","background-image":"","background-repeat":"repeat","background-position":"center center","background-size":"auto","background-attachment":"scroll","background-type":"","background-media":"","overlay-type":"","overlay-color":"","overlay-opacity":"","overlay-gradient":""},"mobile":{"background-color":"","background-image":"","background-repeat":"repeat","background-position":"center center","background-size":"auto","background-attachment":"scroll","background-type":"","background-media":"","overlay-type":"","overlay-color":"","overlay-opacity":"","overlay-gradient":""}},"ast-content-background-meta":{"desktop":{"background-color":"var(--ast-global-color-4)","background-image":"","background-repeat":"repeat","background-position":"center center","background-size":"auto","background-attachment":"scroll","background-type":"","background-media":"","overlay-type":"","overlay-color":"","overlay-opacity":"","overlay-gradient":""},"tablet":{"background-color":"var(--ast-global-color-4)","background-image":"","background-repeat":"repeat","background-position":"center center","background-size":"auto","background-attachment":"scroll","background-type":"","background-media":"","overlay-type":"","overlay-color":"","overlay-opacity":"","overlay-gradient":""},"mobile":{"background-color":"var(--ast-global-color-4)","background-image":"","background-repeat":"repeat","background-position":"center center","background-size":"auto","background-attachment":"scroll","background-type":"","background-media":"","overlay-type":"","overlay-color":"","overlay-opacity":"","overlay-gradient":""}}},"product_brand":[3683],"product_cat":[2250],"product_tag":[4795,4794,4793,4798,4796,1465,2256,4792,3447,4797],"class_list":{"0":"post-3255","1":"product","2":"type-product","3":"status-publish","4":"has-post-thumbnail","6":"product_brand-neta-havuz","7":"product_cat-spa-urunleri","8":"product_tag-havuz-jet-basligi","9":"product_tag-jakuzi-basligi","10":"product_tag-masaj-nozulu","11":"product_tag-nozul-baslik","12":"product_tag-pvc-spa-jet","13":"product_tag-spa-aksesuari","14":"product_tag-spa-ekipmani","15":"product_tag-spa-jet","16":"product_tag-su-cikis-nozulu","17":"product_tag-wf-1113b","18":"desktop-align-left","19":"tablet-align-left","20":"mobile-align-left","22":"first","23":"instock","24":"shipping-taxable","25":"purchasable","26":"product-type-simple"},"yoast_head":"<!-- This site is optimized with the Yoast SEO plugin v25.0 - https:\/\/yoast.com\/wordpress\/plugins\/seo\/ -->\n<title>SPA Jet Nozulu, Y\u00fcksek Debili Masaj Ba\u015fl\u0131\u011f\u0131, Havuz ve Jakuzi Uyumlu, PVC Malzeme -<\/title>\n<meta name=\"robots\" content=\"index, follow, max-snippet:-1, max-image-preview:large, max-video-preview:-1\" \/>\n<link rel=\"canonical\" href=\"https:\/\/www.havuzadairhersey.com\/index.php\/urun\/spa-jet-nozulu-yuksek-debili-masaj-basligi-havuz-ve-jakuzi-uyumlu-pvc-malzeme\/\" \/>\n<meta property=\"og:locale\" content=\"tr_TR\" \/>\n<meta property=\"og:type\" content=\"article\" \/>\n<meta property=\"og:title\" content=\"SPA Jet Nozulu, Y\u00fcksek Debili Masaj Ba\u015fl\u0131\u011f\u0131, Havuz ve Jakuzi Uyumlu, PVC Malzeme -\" \/>\n<meta property=\"og:description\" content=\"WF 1113B spa jet nozulu, y\u00fcksek debili su \u00e7\u0131k\u0131\u015f\u0131 ile etkili masaj performans\u0131 sunan dayan\u0131kl\u0131 PVC jakuzi ba\u015fl\u0131\u011f\u0131d\u0131r.\" \/>\n<meta property=\"og:url\" content=\"https:\/\/www.havuzadairhersey.com\/index.php\/urun\/spa-jet-nozulu-yuksek-debili-masaj-basligi-havuz-ve-jakuzi-uyumlu-pvc-malzeme\/\" \/>\n<meta property=\"article:modified_time\" content=\"2025-05-30T20:36:21+00:00\" \/>\n<meta property=\"og:image\" content=\"https:\/\/www.havuzadairhersey.com\/wp-content\/uploads\/2025\/05\/1-58.png\" \/>\n\t<meta property=\"og:image:width\" content=\"1875\" \/>\n\t<meta property=\"og:image:height\" content=\"2000\" \/>\n\t<meta property=\"og:image:type\" content=\"image\/png\" \/>\n<meta name=\"twitter:card\" content=\"summary_large_image\" \/>\n<script type=\"application\/ld+json\" class=\"yoast-schema-graph\">{\"@context\":\"https:\/\/schema.org\",\"@graph\":[{\"@type\":\"WebPage\",\"@id\":\"https:\/\/www.havuzadairhersey.com\/index.php\/urun\/spa-jet-nozulu-yuksek-debili-masaj-basligi-havuz-ve-jakuzi-uyumlu-pvc-malzeme\/\",\"url\":\"https:\/\/www.havuzadairhersey.com\/index.php\/urun\/spa-jet-nozulu-yuksek-debili-masaj-basligi-havuz-ve-jakuzi-uyumlu-pvc-malzeme\/\",\"name\":\"SPA Jet Nozulu, Y\u00fcksek Debili Masaj Ba\u015fl\u0131\u011f\u0131, Havuz ve Jakuzi Uyumlu, PVC Malzeme -\",\"isPartOf\":{\"@id\":\"https:\/\/www.havuzadairhersey.com\/#website\"},\"primaryImageOfPage\":{\"@id\":\"https:\/\/www.havuzadairhersey.com\/index.php\/urun\/spa-jet-nozulu-yuksek-debili-masaj-basligi-havuz-ve-jakuzi-uyumlu-pvc-malzeme\/#primaryimage\"},\"image\":{\"@id\":\"https:\/\/www.havuzadairhersey.com\/index.php\/urun\/spa-jet-nozulu-yuksek-debili-masaj-basligi-havuz-ve-jakuzi-uyumlu-pvc-malzeme\/#primaryimage\"},\"thumbnailUrl\":\"https:\/\/www.havuzadairhersey.com\/wp-content\/uploads\/2025\/05\/1-58.png\",\"datePublished\":\"2025-05-02T20:53:56+00:00\",\"dateModified\":\"2025-05-30T20:36:21+00:00\",\"breadcrumb\":{\"@id\":\"https:\/\/www.havuzadairhersey.com\/index.php\/urun\/spa-jet-nozulu-yuksek-debili-masaj-basligi-havuz-ve-jakuzi-uyumlu-pvc-malzeme\/#breadcrumb\"},\"inLanguage\":\"tr\",\"potentialAction\":[{\"@type\":\"ReadAction\",\"target\":[\"https:\/\/www.havuzadairhersey.com\/index.php\/urun\/spa-jet-nozulu-yuksek-debili-masaj-basligi-havuz-ve-jakuzi-uyumlu-pvc-malzeme\/\"]}]},{\"@type\":\"ImageObject\",\"inLanguage\":\"tr\",\"@id\":\"https:\/\/www.havuzadairhersey.com\/index.php\/urun\/spa-jet-nozulu-yuksek-debili-masaj-basligi-havuz-ve-jakuzi-uyumlu-pvc-malzeme\/#primaryimage\",\"url\":\"https:\/\/www.havuzadairhersey.com\/wp-content\/uploads\/2025\/05\/1-58.png\",\"contentUrl\":\"https:\/\/www.havuzadairhersey.com\/wp-content\/uploads\/2025\/05\/1-58.png\",\"width\":1875,\"height\":2000,\"caption\":\"Y\u00fcksek performansl\u0131 su \u00e7\u0131k\u0131\u015f\u0131 sa\u011flayan PVC spa masaj ba\u015fl\u0131\u011f\u0131\"},{\"@type\":\"BreadcrumbList\",\"@id\":\"https:\/\/www.havuzadairhersey.com\/index.php\/urun\/spa-jet-nozulu-yuksek-debili-masaj-basligi-havuz-ve-jakuzi-uyumlu-pvc-malzeme\/#breadcrumb\",\"itemListElement\":[{\"@type\":\"ListItem\",\"position\":1,\"name\":\"Anasayfa\",\"item\":\"https:\/\/www.havuzadairhersey.com\/\"},{\"@type\":\"ListItem\",\"position\":2,\"name\":\"Ma\u011faza\",\"item\":\"https:\/\/www.havuzadairhersey.com\/\"},{\"@type\":\"ListItem\",\"position\":3,\"name\":\"SPA Jet Nozulu, Y\u00fcksek Debili Masaj Ba\u015fl\u0131\u011f\u0131, Havuz ve Jakuzi Uyumlu, PVC Malzeme\"}]},{\"@type\":\"WebSite\",\"@id\":\"https:\/\/www.havuzadairhersey.com\/#website\",\"url\":\"https:\/\/www.havuzadairhersey.com\/\",\"name\":\"\",\"description\":\"Havuza dair arad\u0131\u011f\u0131n\u0131z her\u015fey burada...\",\"potentialAction\":[{\"@type\":\"SearchAction\",\"target\":{\"@type\":\"EntryPoint\",\"urlTemplate\":\"https:\/\/www.havuzadairhersey.com\/?s={search_term_string}\"},\"query-input\":{\"@type\":\"PropertyValueSpecification\",\"valueRequired\":true,\"valueName\":\"search_term_string\"}}],\"inLanguage\":\"tr\"}]}<\/script>\n<!-- \/ Yoast SEO plugin. -->","yoast_head_json":{"title":"SPA Jet Nozulu, Y\u00fcksek Debili Masaj Ba\u015fl\u0131\u011f\u0131, Havuz ve Jakuzi Uyumlu, PVC Malzeme -","robots":{"index":"index","follow":"follow","max-snippet":"max-snippet:-1","max-image-preview":"max-image-preview:large","max-video-preview":"max-video-preview:-1"},"canonical":"https:\/\/www.havuzadairhersey.com\/index.php\/urun\/spa-jet-nozulu-yuksek-debili-masaj-basligi-havuz-ve-jakuzi-uyumlu-pvc-malzeme\/","og_locale":"tr_TR","og_type":"article","og_title":"SPA Jet Nozulu, Y\u00fcksek Debili Masaj Ba\u015fl\u0131\u011f\u0131, Havuz ve Jakuzi Uyumlu, PVC Malzeme -","og_description":"WF 1113B spa jet nozulu, y\u00fcksek debili su \u00e7\u0131k\u0131\u015f\u0131 ile etkili masaj performans\u0131 sunan dayan\u0131kl\u0131 PVC jakuzi ba\u015fl\u0131\u011f\u0131d\u0131r.","og_url":"https:\/\/www.havuzadairhersey.com\/index.php\/urun\/spa-jet-nozulu-yuksek-debili-masaj-basligi-havuz-ve-jakuzi-uyumlu-pvc-malzeme\/","article_modified_time":"2025-05-30T20:36:21+00:00","og_image":[{"width":1875,"height":2000,"url":"https:\/\/www.havuzadairhersey.com\/wp-content\/uploads\/2025\/05\/1-58.png","type":"image\/png"}],"twitter_card":"summary_large_image","schema":{"@context":"https:\/\/schema.org","@graph":[{"@type":"WebPage","@id":"https:\/\/www.havuzadairhersey.com\/index.php\/urun\/spa-jet-nozulu-yuksek-debili-masaj-basligi-havuz-ve-jakuzi-uyumlu-pvc-malzeme\/","url":"https:\/\/www.havuzadairhersey.com\/index.php\/urun\/spa-jet-nozulu-yuksek-debili-masaj-basligi-havuz-ve-jakuzi-uyumlu-pvc-malzeme\/","name":"SPA Jet Nozulu, Y\u00fcksek Debili Masaj Ba\u015fl\u0131\u011f\u0131, Havuz ve Jakuzi Uyumlu, PVC Malzeme -","isPartOf":{"@id":"https:\/\/www.havuzadairhersey.com\/#website"},"primaryImageOfPage":{"@id":"https:\/\/www.havuzadairhersey.com\/index.php\/urun\/spa-jet-nozulu-yuksek-debili-masaj-basligi-havuz-ve-jakuzi-uyumlu-pvc-malzeme\/#primaryimage"},"image":{"@id":"https:\/\/www.havuzadairhersey.com\/index.php\/urun\/spa-jet-nozulu-yuksek-debili-masaj-basligi-havuz-ve-jakuzi-uyumlu-pvc-malzeme\/#primaryimage"},"thumbnailUrl":"https:\/\/www.havuzadairhersey.com\/wp-content\/uploads\/2025\/05\/1-58.png","datePublished":"2025-05-02T20:53:56+00:00","dateModified":"2025-05-30T20:36:21+00:00","breadcrumb":{"@id":"https:\/\/www.havuzadairhersey.com\/index.php\/urun\/spa-jet-nozulu-yuksek-debili-masaj-basligi-havuz-ve-jakuzi-uyumlu-pvc-malzeme\/#breadcrumb"},"inLanguage":"tr","potentialAction":[{"@type":"ReadAction","target":["https:\/\/www.havuzadairhersey.com\/index.php\/urun\/spa-jet-nozulu-yuksek-debili-masaj-basligi-havuz-ve-jakuzi-uyumlu-pvc-malzeme\/"]}]},{"@type":"ImageObject","inLanguage":"tr","@id":"https:\/\/www.havuzadairhersey.com\/index.php\/urun\/spa-jet-nozulu-yuksek-debili-masaj-basligi-havuz-ve-jakuzi-uyumlu-pvc-malzeme\/#primaryimage","url":"https:\/\/www.havuzadairhersey.com\/wp-content\/uploads\/2025\/05\/1-58.png","contentUrl":"https:\/\/www.havuzadairhersey.com\/wp-content\/uploads\/2025\/05\/1-58.png","width":1875,"height":2000,"caption":"Y\u00fcksek performansl\u0131 su \u00e7\u0131k\u0131\u015f\u0131 sa\u011flayan PVC spa masaj ba\u015fl\u0131\u011f\u0131"},{"@type":"BreadcrumbList","@id":"https:\/\/www.havuzadairhersey.com\/index.php\/urun\/spa-jet-nozulu-yuksek-debili-masaj-basligi-havuz-ve-jakuzi-uyumlu-pvc-malzeme\/#breadcrumb","itemListElement":[{"@type":"ListItem","position":1,"name":"Anasayfa","item":"https:\/\/www.havuzadairhersey.com\/"},{"@type":"ListItem","position":2,"name":"Ma\u011faza","item":"https:\/\/www.havuzadairhersey.com\/"},{"@type":"ListItem","position":3,"name":"SPA Jet Nozulu, Y\u00fcksek Debili Masaj Ba\u015fl\u0131\u011f\u0131, Havuz ve Jakuzi Uyumlu, PVC Malzeme"}]},{"@type":"WebSite","@id":"https:\/\/www.havuzadairhersey.com\/#website","url":"https:\/\/www.havuzadairhersey.com\/","name":"","description":"Havuza dair arad\u0131\u011f\u0131n\u0131z her\u015fey burada...","potentialAction":[{"@type":"SearchAction","target":{"@type":"EntryPoint","urlTemplate":"https:\/\/www.havuzadairhersey.com\/?s={search_term_string}"},"query-input":{"@type":"PropertyValueSpecification","valueRequired":true,"valueName":"search_term_string"}}],"inLanguage":"tr"}]}},"_links":{"self":[{"href":"https:\/\/www.havuzadairhersey.com\/index.php\/wp-json\/wp\/v2\/product\/3255","targetHints":{"allow":["GET"]}}],"collection":[{"href":"https:\/\/www.havuzadairhersey.com\/index.php\/wp-json\/wp\/v2\/product"}],"about":[{"href":"https:\/\/www.havuzadairhersey.com\/index.php\/wp-json\/wp\/v2\/types\/product"}],"replies":[{"embeddable":true,"href":"https:\/\/www.havuzadairhersey.com\/index.php\/wp-json\/wp\/v2\/comments?post=3255"}],"wp:featuredmedia":[{"embeddable":true,"href":"https:\/\/www.havuzadairhersey.com\/index.php\/wp-json\/wp\/v2\/media\/3256"}],"wp:attachment":[{"href":"https:\/\/www.havuzadairhersey.com\/index.php\/wp-json\/wp\/v2\/media?parent=3255"}],"wp:term":[{"taxonomy":"product_brand","embeddable":true,"href":"https:\/\/www.havuzadairhersey.com\/index.php\/wp-json\/wp\/v2\/product_brand?post=3255"},{"taxonomy":"product_cat","embeddable":true,"href":"https:\/\/www.havuzadairhersey.com\/index.php\/wp-json\/wp\/v2\/product_cat?post=3255"},{"taxonomy":"product_tag","embeddable":true,"href":"https:\/\/www.havuzadairhersey.com\/index.php\/wp-json\/wp\/v2\/product_tag?post=3255"}],"curies":[{"name":"wp","href":"https:\/\/api.w.org\/{rel}","templated":true}]}}