{"id":3290,"date":"2025-05-04T10:22:35","date_gmt":"2025-05-04T07:22:35","guid":{"rendered":"https:\/\/www.havuzadairhersey.com\/?post_type=product&#038;p=3290"},"modified":"2025-05-30T23:32:00","modified_gmt":"2025-05-30T20:32:00","slug":"blower-nozulu-havuz-jet-nozulu-kapagi-abs-malzeme-yuvarlak-duz-yuzey-jakuzi-ve-spa-uyumlu","status":"publish","type":"product","link":"https:\/\/www.havuzadairhersey.com\/index.php\/urun\/blower-nozulu-havuz-jet-nozulu-kapagi-abs-malzeme-yuvarlak-duz-yuzey-jakuzi-ve-spa-uyumlu\/","title":{"rendered":"Blower Nozulu, Havuz Jet Nozulu Kapa\u011f\u0131, ABS Malzeme, Yuvarlak D\u00fcz Y\u00fczey, Jakuzi ve Spa Uyumlu"},"content":{"rendered":"<p>WF 2209 modeli, havuz ve jakuzi sistemlerinde jet \u00e7\u0131k\u0131\u015flar\u0131n\u0131 kapatmak veya kontrol etmek i\u00e7in kullan\u0131lan ABS malzemeden \u00fcretilmi\u015f dayan\u0131kl\u0131 kapakt\u0131r. D\u00fcz ve sade yuvarlak tasar\u0131m\u0131 sayesinde estetik bir g\u00f6r\u00fcn\u00fcm sunarken, sa\u011flam yap\u0131s\u0131yla uzun \u00f6m\u00fcrl\u00fc kullan\u0131m sa\u011flar. Spa uygulamalar\u0131 ve \u00f6zel havuz projeleri i\u00e7in idealdir.<\/p>\n","protected":false},"excerpt":{"rendered":"<p>Dayan\u0131kl\u0131 ABS malzemeden \u00fcretilmi\u015f, sade yuvarlak tasar\u0131ml\u0131 WF 2209 jet nozulu kapa\u011f\u0131d\u0131r.<\/p>\n","protected":false},"featured_media":3291,"comment_status":"open","ping_status":"closed","template":"","meta":{"site-sidebar-layout":"default","site-content-layout":"","ast-site-content-layout":"default","site-content-style":"default","site-sidebar-style":"default","ast-global-header-display":"","ast-banner-title-visibility":"","ast-main-header-display":"","ast-hfb-above-header-display":"","ast-hfb-below-header-display":"","ast-hfb-mobile-header-display":"","site-post-title":"","ast-breadcrumbs-content":"","ast-featured-img":"","footer-sml-layout":"","theme-transparent-header-meta":"default","adv-header-id-meta":"","stick-header-meta":"","header-above-stick-meta":"","header-main-stick-meta":"","header-below-stick-meta":"","astra-migrate-meta-layouts":"set","ast-page-background-enabled":"default","ast-page-background-meta":{"desktop":{"background-color":"var(--ast-global-color-5)","background-image":"","background-repeat":"repeat","background-position":"center center","background-size":"auto","background-attachment":"scroll","background-type":"","background-media":"","overlay-type":"","overlay-color":"","overlay-opacity":"","overlay-gradient":""},"tablet":{"background-color":"","background-image":"","background-repeat":"repeat","background-position":"center center","background-size":"auto","background-attachment":"scroll","background-type":"","background-media":"","overlay-type":"","overlay-color":"","overlay-opacity":"","overlay-gradient":""},"mobile":{"background-color":"","background-image":"","background-repeat":"repeat","background-position":"center center","background-size":"auto","background-attachment":"scroll","background-type":"","background-media":"","overlay-type":"","overlay-color":"","overlay-opacity":"","overlay-gradient":""}},"ast-content-background-meta":{"desktop":{"background-color":"var(--ast-global-color-4)","background-image":"","background-repeat":"repeat","background-position":"center center","background-size":"auto","background-attachment":"scroll","background-type":"","background-media":"","overlay-type":"","overlay-color":"","overlay-opacity":"","overlay-gradient":""},"tablet":{"background-color":"var(--ast-global-color-4)","background-image":"","background-repeat":"repeat","background-position":"center center","background-size":"auto","background-attachment":"scroll","background-type":"","background-media":"","overlay-type":"","overlay-color":"","overlay-opacity":"","overlay-gradient":""},"mobile":{"background-color":"var(--ast-global-color-4)","background-image":"","background-repeat":"repeat","background-position":"center center","background-size":"auto","background-attachment":"scroll","background-type":"","background-media":"","overlay-type":"","overlay-color":"","overlay-opacity":"","overlay-gradient":""}}},"product_brand":[3683],"product_cat":[2250],"product_tag":[4855,365,927,4801,4857,4854,4856],"class_list":{"0":"post-3290","1":"product","2":"type-product","3":"status-publish","4":"has-post-thumbnail","6":"product_brand-neta-havuz","7":"product_cat-spa-urunleri","8":"product_tag-abs-havuz-parcasi","9":"product_tag-havuz-aksesuari","10":"product_tag-havuz-kapagi","11":"product_tag-jakuzi-nozulu","12":"product_tag-jet-kapagi","13":"product_tag-spa-kapagi","14":"product_tag-wf-2209","15":"desktop-align-left","16":"tablet-align-left","17":"mobile-align-left","19":"first","20":"instock","21":"shipping-taxable","22":"purchasable","23":"product-type-simple"},"yoast_head":"<!-- This site is optimized with the Yoast SEO plugin v25.0 - https:\/\/yoast.com\/wordpress\/plugins\/seo\/ -->\n<title>Blower Nozulu, Havuz Jet Nozulu Kapa\u011f\u0131, ABS Malzeme, Yuvarlak D\u00fcz Y\u00fczey, Jakuzi ve Spa Uyumlu -<\/title>\n<meta name=\"robots\" content=\"index, follow, max-snippet:-1, max-image-preview:large, max-video-preview:-1\" \/>\n<link rel=\"canonical\" href=\"https:\/\/www.havuzadairhersey.com\/index.php\/urun\/blower-nozulu-havuz-jet-nozulu-kapagi-abs-malzeme-yuvarlak-duz-yuzey-jakuzi-ve-spa-uyumlu\/\" \/>\n<meta property=\"og:locale\" content=\"tr_TR\" \/>\n<meta property=\"og:type\" content=\"article\" \/>\n<meta property=\"og:title\" content=\"Blower Nozulu, Havuz Jet Nozulu Kapa\u011f\u0131, ABS Malzeme, Yuvarlak D\u00fcz Y\u00fczey, Jakuzi ve Spa Uyumlu -\" \/>\n<meta property=\"og:description\" content=\"Dayan\u0131kl\u0131 ABS malzemeden \u00fcretilmi\u015f, sade yuvarlak tasar\u0131ml\u0131 WF 2209 jet nozulu kapa\u011f\u0131d\u0131r.\" \/>\n<meta property=\"og:url\" content=\"https:\/\/www.havuzadairhersey.com\/index.php\/urun\/blower-nozulu-havuz-jet-nozulu-kapagi-abs-malzeme-yuvarlak-duz-yuzey-jakuzi-ve-spa-uyumlu\/\" \/>\n<meta property=\"article:modified_time\" content=\"2025-05-30T20:32:00+00:00\" \/>\n<meta property=\"og:image\" content=\"https:\/\/www.havuzadairhersey.com\/wp-content\/uploads\/2025\/05\/1-68.png\" \/>\n\t<meta property=\"og:image:width\" content=\"1875\" \/>\n\t<meta property=\"og:image:height\" content=\"2000\" \/>\n\t<meta property=\"og:image:type\" content=\"image\/png\" \/>\n<meta name=\"twitter:card\" content=\"summary_large_image\" \/>\n<script type=\"application\/ld+json\" class=\"yoast-schema-graph\">{\"@context\":\"https:\/\/schema.org\",\"@graph\":[{\"@type\":\"WebPage\",\"@id\":\"https:\/\/www.havuzadairhersey.com\/index.php\/urun\/blower-nozulu-havuz-jet-nozulu-kapagi-abs-malzeme-yuvarlak-duz-yuzey-jakuzi-ve-spa-uyumlu\/\",\"url\":\"https:\/\/www.havuzadairhersey.com\/index.php\/urun\/blower-nozulu-havuz-jet-nozulu-kapagi-abs-malzeme-yuvarlak-duz-yuzey-jakuzi-ve-spa-uyumlu\/\",\"name\":\"Blower Nozulu, Havuz Jet Nozulu Kapa\u011f\u0131, ABS Malzeme, Yuvarlak D\u00fcz Y\u00fczey, Jakuzi ve Spa Uyumlu -\",\"isPartOf\":{\"@id\":\"https:\/\/www.havuzadairhersey.com\/#website\"},\"primaryImageOfPage\":{\"@id\":\"https:\/\/www.havuzadairhersey.com\/index.php\/urun\/blower-nozulu-havuz-jet-nozulu-kapagi-abs-malzeme-yuvarlak-duz-yuzey-jakuzi-ve-spa-uyumlu\/#primaryimage\"},\"image\":{\"@id\":\"https:\/\/www.havuzadairhersey.com\/index.php\/urun\/blower-nozulu-havuz-jet-nozulu-kapagi-abs-malzeme-yuvarlak-duz-yuzey-jakuzi-ve-spa-uyumlu\/#primaryimage\"},\"thumbnailUrl\":\"https:\/\/www.havuzadairhersey.com\/wp-content\/uploads\/2025\/05\/1-68.png\",\"datePublished\":\"2025-05-04T07:22:35+00:00\",\"dateModified\":\"2025-05-30T20:32:00+00:00\",\"breadcrumb\":{\"@id\":\"https:\/\/www.havuzadairhersey.com\/index.php\/urun\/blower-nozulu-havuz-jet-nozulu-kapagi-abs-malzeme-yuvarlak-duz-yuzey-jakuzi-ve-spa-uyumlu\/#breadcrumb\"},\"inLanguage\":\"tr\",\"potentialAction\":[{\"@type\":\"ReadAction\",\"target\":[\"https:\/\/www.havuzadairhersey.com\/index.php\/urun\/blower-nozulu-havuz-jet-nozulu-kapagi-abs-malzeme-yuvarlak-duz-yuzey-jakuzi-ve-spa-uyumlu\/\"]}]},{\"@type\":\"ImageObject\",\"inLanguage\":\"tr\",\"@id\":\"https:\/\/www.havuzadairhersey.com\/index.php\/urun\/blower-nozulu-havuz-jet-nozulu-kapagi-abs-malzeme-yuvarlak-duz-yuzey-jakuzi-ve-spa-uyumlu\/#primaryimage\",\"url\":\"https:\/\/www.havuzadairhersey.com\/wp-content\/uploads\/2025\/05\/1-68.png\",\"contentUrl\":\"https:\/\/www.havuzadairhersey.com\/wp-content\/uploads\/2025\/05\/1-68.png\",\"width\":1875,\"height\":2000,\"caption\":\"ABS g\u00f6vdeli, d\u00fcz tasar\u0131ml\u0131 havuz jet kapa\u011f\u0131 \u2013 WF 2209\"},{\"@type\":\"BreadcrumbList\",\"@id\":\"https:\/\/www.havuzadairhersey.com\/index.php\/urun\/blower-nozulu-havuz-jet-nozulu-kapagi-abs-malzeme-yuvarlak-duz-yuzey-jakuzi-ve-spa-uyumlu\/#breadcrumb\",\"itemListElement\":[{\"@type\":\"ListItem\",\"position\":1,\"name\":\"Anasayfa\",\"item\":\"https:\/\/www.havuzadairhersey.com\/\"},{\"@type\":\"ListItem\",\"position\":2,\"name\":\"Ma\u011faza\",\"item\":\"https:\/\/www.havuzadairhersey.com\/\"},{\"@type\":\"ListItem\",\"position\":3,\"name\":\"Blower Nozulu, Havuz Jet Nozulu Kapa\u011f\u0131, ABS Malzeme, Yuvarlak D\u00fcz Y\u00fczey, Jakuzi ve Spa Uyumlu\"}]},{\"@type\":\"WebSite\",\"@id\":\"https:\/\/www.havuzadairhersey.com\/#website\",\"url\":\"https:\/\/www.havuzadairhersey.com\/\",\"name\":\"\",\"description\":\"Havuza dair arad\u0131\u011f\u0131n\u0131z her\u015fey burada...\",\"potentialAction\":[{\"@type\":\"SearchAction\",\"target\":{\"@type\":\"EntryPoint\",\"urlTemplate\":\"https:\/\/www.havuzadairhersey.com\/?s={search_term_string}\"},\"query-input\":{\"@type\":\"PropertyValueSpecification\",\"valueRequired\":true,\"valueName\":\"search_term_string\"}}],\"inLanguage\":\"tr\"}]}<\/script>\n<!-- \/ Yoast SEO plugin. -->","yoast_head_json":{"title":"Blower Nozulu, Havuz Jet Nozulu Kapa\u011f\u0131, ABS Malzeme, Yuvarlak D\u00fcz Y\u00fczey, Jakuzi ve Spa Uyumlu -","robots":{"index":"index","follow":"follow","max-snippet":"max-snippet:-1","max-image-preview":"max-image-preview:large","max-video-preview":"max-video-preview:-1"},"canonical":"https:\/\/www.havuzadairhersey.com\/index.php\/urun\/blower-nozulu-havuz-jet-nozulu-kapagi-abs-malzeme-yuvarlak-duz-yuzey-jakuzi-ve-spa-uyumlu\/","og_locale":"tr_TR","og_type":"article","og_title":"Blower Nozulu, Havuz Jet Nozulu Kapa\u011f\u0131, ABS Malzeme, Yuvarlak D\u00fcz Y\u00fczey, Jakuzi ve Spa Uyumlu -","og_description":"Dayan\u0131kl\u0131 ABS malzemeden \u00fcretilmi\u015f, sade yuvarlak tasar\u0131ml\u0131 WF 2209 jet nozulu kapa\u011f\u0131d\u0131r.","og_url":"https:\/\/www.havuzadairhersey.com\/index.php\/urun\/blower-nozulu-havuz-jet-nozulu-kapagi-abs-malzeme-yuvarlak-duz-yuzey-jakuzi-ve-spa-uyumlu\/","article_modified_time":"2025-05-30T20:32:00+00:00","og_image":[{"width":1875,"height":2000,"url":"https:\/\/www.havuzadairhersey.com\/wp-content\/uploads\/2025\/05\/1-68.png","type":"image\/png"}],"twitter_card":"summary_large_image","schema":{"@context":"https:\/\/schema.org","@graph":[{"@type":"WebPage","@id":"https:\/\/www.havuzadairhersey.com\/index.php\/urun\/blower-nozulu-havuz-jet-nozulu-kapagi-abs-malzeme-yuvarlak-duz-yuzey-jakuzi-ve-spa-uyumlu\/","url":"https:\/\/www.havuzadairhersey.com\/index.php\/urun\/blower-nozulu-havuz-jet-nozulu-kapagi-abs-malzeme-yuvarlak-duz-yuzey-jakuzi-ve-spa-uyumlu\/","name":"Blower Nozulu, Havuz Jet Nozulu Kapa\u011f\u0131, ABS Malzeme, Yuvarlak D\u00fcz Y\u00fczey, Jakuzi ve Spa Uyumlu -","isPartOf":{"@id":"https:\/\/www.havuzadairhersey.com\/#website"},"primaryImageOfPage":{"@id":"https:\/\/www.havuzadairhersey.com\/index.php\/urun\/blower-nozulu-havuz-jet-nozulu-kapagi-abs-malzeme-yuvarlak-duz-yuzey-jakuzi-ve-spa-uyumlu\/#primaryimage"},"image":{"@id":"https:\/\/www.havuzadairhersey.com\/index.php\/urun\/blower-nozulu-havuz-jet-nozulu-kapagi-abs-malzeme-yuvarlak-duz-yuzey-jakuzi-ve-spa-uyumlu\/#primaryimage"},"thumbnailUrl":"https:\/\/www.havuzadairhersey.com\/wp-content\/uploads\/2025\/05\/1-68.png","datePublished":"2025-05-04T07:22:35+00:00","dateModified":"2025-05-30T20:32:00+00:00","breadcrumb":{"@id":"https:\/\/www.havuzadairhersey.com\/index.php\/urun\/blower-nozulu-havuz-jet-nozulu-kapagi-abs-malzeme-yuvarlak-duz-yuzey-jakuzi-ve-spa-uyumlu\/#breadcrumb"},"inLanguage":"tr","potentialAction":[{"@type":"ReadAction","target":["https:\/\/www.havuzadairhersey.com\/index.php\/urun\/blower-nozulu-havuz-jet-nozulu-kapagi-abs-malzeme-yuvarlak-duz-yuzey-jakuzi-ve-spa-uyumlu\/"]}]},{"@type":"ImageObject","inLanguage":"tr","@id":"https:\/\/www.havuzadairhersey.com\/index.php\/urun\/blower-nozulu-havuz-jet-nozulu-kapagi-abs-malzeme-yuvarlak-duz-yuzey-jakuzi-ve-spa-uyumlu\/#primaryimage","url":"https:\/\/www.havuzadairhersey.com\/wp-content\/uploads\/2025\/05\/1-68.png","contentUrl":"https:\/\/www.havuzadairhersey.com\/wp-content\/uploads\/2025\/05\/1-68.png","width":1875,"height":2000,"caption":"ABS g\u00f6vdeli, d\u00fcz tasar\u0131ml\u0131 havuz jet kapa\u011f\u0131 \u2013 WF 2209"},{"@type":"BreadcrumbList","@id":"https:\/\/www.havuzadairhersey.com\/index.php\/urun\/blower-nozulu-havuz-jet-nozulu-kapagi-abs-malzeme-yuvarlak-duz-yuzey-jakuzi-ve-spa-uyumlu\/#breadcrumb","itemListElement":[{"@type":"ListItem","position":1,"name":"Anasayfa","item":"https:\/\/www.havuzadairhersey.com\/"},{"@type":"ListItem","position":2,"name":"Ma\u011faza","item":"https:\/\/www.havuzadairhersey.com\/"},{"@type":"ListItem","position":3,"name":"Blower Nozulu, Havuz Jet Nozulu Kapa\u011f\u0131, ABS Malzeme, Yuvarlak D\u00fcz Y\u00fczey, Jakuzi ve Spa Uyumlu"}]},{"@type":"WebSite","@id":"https:\/\/www.havuzadairhersey.com\/#website","url":"https:\/\/www.havuzadairhersey.com\/","name":"","description":"Havuza dair arad\u0131\u011f\u0131n\u0131z her\u015fey burada...","potentialAction":[{"@type":"SearchAction","target":{"@type":"EntryPoint","urlTemplate":"https:\/\/www.havuzadairhersey.com\/?s={search_term_string}"},"query-input":{"@type":"PropertyValueSpecification","valueRequired":true,"valueName":"search_term_string"}}],"inLanguage":"tr"}]}},"_links":{"self":[{"href":"https:\/\/www.havuzadairhersey.com\/index.php\/wp-json\/wp\/v2\/product\/3290","targetHints":{"allow":["GET"]}}],"collection":[{"href":"https:\/\/www.havuzadairhersey.com\/index.php\/wp-json\/wp\/v2\/product"}],"about":[{"href":"https:\/\/www.havuzadairhersey.com\/index.php\/wp-json\/wp\/v2\/types\/product"}],"replies":[{"embeddable":true,"href":"https:\/\/www.havuzadairhersey.com\/index.php\/wp-json\/wp\/v2\/comments?post=3290"}],"wp:featuredmedia":[{"embeddable":true,"href":"https:\/\/www.havuzadairhersey.com\/index.php\/wp-json\/wp\/v2\/media\/3291"}],"wp:attachment":[{"href":"https:\/\/www.havuzadairhersey.com\/index.php\/wp-json\/wp\/v2\/media?parent=3290"}],"wp:term":[{"taxonomy":"product_brand","embeddable":true,"href":"https:\/\/www.havuzadairhersey.com\/index.php\/wp-json\/wp\/v2\/product_brand?post=3290"},{"taxonomy":"product_cat","embeddable":true,"href":"https:\/\/www.havuzadairhersey.com\/index.php\/wp-json\/wp\/v2\/product_cat?post=3290"},{"taxonomy":"product_tag","embeddable":true,"href":"https:\/\/www.havuzadairhersey.com\/index.php\/wp-json\/wp\/v2\/product_tag?post=3290"}],"curies":[{"name":"wp","href":"https:\/\/api.w.org\/{rel}","templated":true}]}}