{"id":3298,"date":"2025-05-04T10:30:45","date_gmt":"2025-05-04T07:30:45","guid":{"rendered":"https:\/\/www.havuzadairhersey.com\/?post_type=product&#038;p=3298"},"modified":"2025-05-30T23:31:31","modified_gmt":"2025-05-30T20:31:31","slug":"jakuzi-kollektorleri-spa-ve-jakuzi-hava-kontrol-ventili-abs-malzeme-t-tipi-baglanti-parcasi","status":"publish","type":"product","link":"https:\/\/www.havuzadairhersey.com\/index.php\/urun\/jakuzi-kollektorleri-spa-ve-jakuzi-hava-kontrol-ventili-abs-malzeme-t-tipi-baglanti-parcasi\/","title":{"rendered":"Jakuzi Kollekt\u00f6rleri, Spa ve Jakuzi Hava Kontrol Ventili, ABS Malzeme, T Tipi Ba\u011flant\u0131 Par\u00e7as\u0131"},"content":{"rendered":"<p>WF 2201 B modeli, spa ve jakuzi sistemlerinde hava kontrol\u00fcn\u00fc sa\u011flamak \u00fczere tasarlanm\u0131\u015f T ba\u011flant\u0131l\u0131 hava ventili par\u00e7as\u0131d\u0131r. ABS plastikten \u00fcretilmi\u015f sa\u011flam yap\u0131s\u0131 sayesinde su ve hava ak\u0131\u015f\u0131n\u0131 dengeler. Sistem i\u00e7erisindeki hava giri\u015flerini d\u00fczenlemek ve kullan\u0131m konforunu art\u0131rmak i\u00e7in idealdir. Kolay montaj \u00f6zelli\u011fi sayesinde t\u00fcm jakuzi ve spa projelerine uygundur.<\/p>\n","protected":false},"excerpt":{"rendered":"<p>Spa ve jakuzi sistemleri i\u00e7in hava ak\u0131\u015f\u0131 kontrol\u00fc sa\u011flayan ABS T tipi ba\u011flant\u0131 ventili \u2013 WF 2201 B.<\/p>\n","protected":false},"featured_media":3299,"comment_status":"open","ping_status":"closed","template":"","meta":{"site-sidebar-layout":"default","site-content-layout":"","ast-site-content-layout":"default","site-content-style":"default","site-sidebar-style":"default","ast-global-header-display":"","ast-banner-title-visibility":"","ast-main-header-display":"","ast-hfb-above-header-display":"","ast-hfb-below-header-display":"","ast-hfb-mobile-header-display":"","site-post-title":"","ast-breadcrumbs-content":"","ast-featured-img":"","footer-sml-layout":"","theme-transparent-header-meta":"default","adv-header-id-meta":"","stick-header-meta":"","header-above-stick-meta":"","header-main-stick-meta":"","header-below-stick-meta":"","astra-migrate-meta-layouts":"set","ast-page-background-enabled":"default","ast-page-background-meta":{"desktop":{"background-color":"var(--ast-global-color-5)","background-image":"","background-repeat":"repeat","background-position":"center center","background-size":"auto","background-attachment":"scroll","background-type":"","background-media":"","overlay-type":"","overlay-color":"","overlay-opacity":"","overlay-gradient":""},"tablet":{"background-color":"","background-image":"","background-repeat":"repeat","background-position":"center center","background-size":"auto","background-attachment":"scroll","background-type":"","background-media":"","overlay-type":"","overlay-color":"","overlay-opacity":"","overlay-gradient":""},"mobile":{"background-color":"","background-image":"","background-repeat":"repeat","background-position":"center center","background-size":"auto","background-attachment":"scroll","background-type":"","background-media":"","overlay-type":"","overlay-color":"","overlay-opacity":"","overlay-gradient":""}},"ast-content-background-meta":{"desktop":{"background-color":"var(--ast-global-color-4)","background-image":"","background-repeat":"repeat","background-position":"center center","background-size":"auto","background-attachment":"scroll","background-type":"","background-media":"","overlay-type":"","overlay-color":"","overlay-opacity":"","overlay-gradient":""},"tablet":{"background-color":"var(--ast-global-color-4)","background-image":"","background-repeat":"repeat","background-position":"center center","background-size":"auto","background-attachment":"scroll","background-type":"","background-media":"","overlay-type":"","overlay-color":"","overlay-opacity":"","overlay-gradient":""},"mobile":{"background-color":"var(--ast-global-color-4)","background-image":"","background-repeat":"repeat","background-position":"center center","background-size":"auto","background-attachment":"scroll","background-type":"","background-media":"","overlay-type":"","overlay-color":"","overlay-opacity":"","overlay-gradient":""}}},"product_brand":[3683],"product_cat":[2250],"product_tag":[789,4867,4866,4869,4865,4868,4864],"class_list":{"0":"post-3298","1":"product","2":"type-product","3":"status-publish","4":"has-post-thumbnail","6":"product_brand-neta-havuz","7":"product_cat-spa-urunleri","8":"product_tag-abs-havuz-ekipmani","9":"product_tag-hava-kontrol-valfi","10":"product_tag-jakuzi-baglanti-parcasi","11":"product_tag-jakuzi-hava-hatti","12":"product_tag-spa-hava-ventili","13":"product_tag-t-baglanti","14":"product_tag-wf-2201-b","15":"desktop-align-left","16":"tablet-align-left","17":"mobile-align-left","19":"first","20":"outofstock","21":"shipping-taxable","22":"purchasable","23":"product-type-simple"},"yoast_head":"<!-- This site is optimized with the Yoast SEO plugin v25.0 - https:\/\/yoast.com\/wordpress\/plugins\/seo\/ -->\n<title>Jakuzi Kollekt\u00f6rleri, Spa ve Jakuzi Hava Kontrol Ventili, ABS Malzeme, T Tipi Ba\u011flant\u0131 Par\u00e7as\u0131 -<\/title>\n<meta name=\"robots\" content=\"index, follow, max-snippet:-1, max-image-preview:large, max-video-preview:-1\" \/>\n<link rel=\"canonical\" href=\"https:\/\/www.havuzadairhersey.com\/index.php\/urun\/jakuzi-kollektorleri-spa-ve-jakuzi-hava-kontrol-ventili-abs-malzeme-t-tipi-baglanti-parcasi\/\" \/>\n<meta property=\"og:locale\" content=\"tr_TR\" \/>\n<meta property=\"og:type\" content=\"article\" \/>\n<meta property=\"og:title\" content=\"Jakuzi Kollekt\u00f6rleri, Spa ve Jakuzi Hava Kontrol Ventili, ABS Malzeme, T Tipi Ba\u011flant\u0131 Par\u00e7as\u0131 -\" \/>\n<meta property=\"og:description\" content=\"Spa ve jakuzi sistemleri i\u00e7in hava ak\u0131\u015f\u0131 kontrol\u00fc sa\u011flayan ABS T tipi ba\u011flant\u0131 ventili \u2013 WF 2201 B.\" \/>\n<meta property=\"og:url\" content=\"https:\/\/www.havuzadairhersey.com\/index.php\/urun\/jakuzi-kollektorleri-spa-ve-jakuzi-hava-kontrol-ventili-abs-malzeme-t-tipi-baglanti-parcasi\/\" \/>\n<meta property=\"article:modified_time\" content=\"2025-05-30T20:31:31+00:00\" \/>\n<meta property=\"og:image\" content=\"https:\/\/www.havuzadairhersey.com\/wp-content\/uploads\/2025\/05\/1-70.png\" \/>\n\t<meta property=\"og:image:width\" content=\"1875\" \/>\n\t<meta property=\"og:image:height\" content=\"2000\" \/>\n\t<meta property=\"og:image:type\" content=\"image\/png\" \/>\n<meta name=\"twitter:card\" content=\"summary_large_image\" \/>\n<script type=\"application\/ld+json\" class=\"yoast-schema-graph\">{\"@context\":\"https:\/\/schema.org\",\"@graph\":[{\"@type\":\"WebPage\",\"@id\":\"https:\/\/www.havuzadairhersey.com\/index.php\/urun\/jakuzi-kollektorleri-spa-ve-jakuzi-hava-kontrol-ventili-abs-malzeme-t-tipi-baglanti-parcasi\/\",\"url\":\"https:\/\/www.havuzadairhersey.com\/index.php\/urun\/jakuzi-kollektorleri-spa-ve-jakuzi-hava-kontrol-ventili-abs-malzeme-t-tipi-baglanti-parcasi\/\",\"name\":\"Jakuzi Kollekt\u00f6rleri, Spa ve Jakuzi Hava Kontrol Ventili, ABS Malzeme, T Tipi Ba\u011flant\u0131 Par\u00e7as\u0131 -\",\"isPartOf\":{\"@id\":\"https:\/\/www.havuzadairhersey.com\/#website\"},\"primaryImageOfPage\":{\"@id\":\"https:\/\/www.havuzadairhersey.com\/index.php\/urun\/jakuzi-kollektorleri-spa-ve-jakuzi-hava-kontrol-ventili-abs-malzeme-t-tipi-baglanti-parcasi\/#primaryimage\"},\"image\":{\"@id\":\"https:\/\/www.havuzadairhersey.com\/index.php\/urun\/jakuzi-kollektorleri-spa-ve-jakuzi-hava-kontrol-ventili-abs-malzeme-t-tipi-baglanti-parcasi\/#primaryimage\"},\"thumbnailUrl\":\"https:\/\/www.havuzadairhersey.com\/wp-content\/uploads\/2025\/05\/1-70.png\",\"datePublished\":\"2025-05-04T07:30:45+00:00\",\"dateModified\":\"2025-05-30T20:31:31+00:00\",\"breadcrumb\":{\"@id\":\"https:\/\/www.havuzadairhersey.com\/index.php\/urun\/jakuzi-kollektorleri-spa-ve-jakuzi-hava-kontrol-ventili-abs-malzeme-t-tipi-baglanti-parcasi\/#breadcrumb\"},\"inLanguage\":\"tr\",\"potentialAction\":[{\"@type\":\"ReadAction\",\"target\":[\"https:\/\/www.havuzadairhersey.com\/index.php\/urun\/jakuzi-kollektorleri-spa-ve-jakuzi-hava-kontrol-ventili-abs-malzeme-t-tipi-baglanti-parcasi\/\"]}]},{\"@type\":\"ImageObject\",\"inLanguage\":\"tr\",\"@id\":\"https:\/\/www.havuzadairhersey.com\/index.php\/urun\/jakuzi-kollektorleri-spa-ve-jakuzi-hava-kontrol-ventili-abs-malzeme-t-tipi-baglanti-parcasi\/#primaryimage\",\"url\":\"https:\/\/www.havuzadairhersey.com\/wp-content\/uploads\/2025\/05\/1-70.png\",\"contentUrl\":\"https:\/\/www.havuzadairhersey.com\/wp-content\/uploads\/2025\/05\/1-70.png\",\"width\":1875,\"height\":2000,\"caption\":\"T tipi ba\u011flant\u0131 \u00e7\u0131k\u0131\u015f\u0131na sahip spa ve jakuzi hava kontrol ventili\"},{\"@type\":\"BreadcrumbList\",\"@id\":\"https:\/\/www.havuzadairhersey.com\/index.php\/urun\/jakuzi-kollektorleri-spa-ve-jakuzi-hava-kontrol-ventili-abs-malzeme-t-tipi-baglanti-parcasi\/#breadcrumb\",\"itemListElement\":[{\"@type\":\"ListItem\",\"position\":1,\"name\":\"Anasayfa\",\"item\":\"https:\/\/www.havuzadairhersey.com\/\"},{\"@type\":\"ListItem\",\"position\":2,\"name\":\"Ma\u011faza\",\"item\":\"https:\/\/www.havuzadairhersey.com\/\"},{\"@type\":\"ListItem\",\"position\":3,\"name\":\"Jakuzi Kollekt\u00f6rleri, Spa ve Jakuzi Hava Kontrol Ventili, ABS Malzeme, T Tipi Ba\u011flant\u0131 Par\u00e7as\u0131\"}]},{\"@type\":\"WebSite\",\"@id\":\"https:\/\/www.havuzadairhersey.com\/#website\",\"url\":\"https:\/\/www.havuzadairhersey.com\/\",\"name\":\"\",\"description\":\"Havuza dair arad\u0131\u011f\u0131n\u0131z her\u015fey burada...\",\"potentialAction\":[{\"@type\":\"SearchAction\",\"target\":{\"@type\":\"EntryPoint\",\"urlTemplate\":\"https:\/\/www.havuzadairhersey.com\/?s={search_term_string}\"},\"query-input\":{\"@type\":\"PropertyValueSpecification\",\"valueRequired\":true,\"valueName\":\"search_term_string\"}}],\"inLanguage\":\"tr\"}]}<\/script>\n<!-- \/ Yoast SEO plugin. -->","yoast_head_json":{"title":"Jakuzi Kollekt\u00f6rleri, Spa ve Jakuzi Hava Kontrol Ventili, ABS Malzeme, T Tipi Ba\u011flant\u0131 Par\u00e7as\u0131 -","robots":{"index":"index","follow":"follow","max-snippet":"max-snippet:-1","max-image-preview":"max-image-preview:large","max-video-preview":"max-video-preview:-1"},"canonical":"https:\/\/www.havuzadairhersey.com\/index.php\/urun\/jakuzi-kollektorleri-spa-ve-jakuzi-hava-kontrol-ventili-abs-malzeme-t-tipi-baglanti-parcasi\/","og_locale":"tr_TR","og_type":"article","og_title":"Jakuzi Kollekt\u00f6rleri, Spa ve Jakuzi Hava Kontrol Ventili, ABS Malzeme, T Tipi Ba\u011flant\u0131 Par\u00e7as\u0131 -","og_description":"Spa ve jakuzi sistemleri i\u00e7in hava ak\u0131\u015f\u0131 kontrol\u00fc sa\u011flayan ABS T tipi ba\u011flant\u0131 ventili \u2013 WF 2201 B.","og_url":"https:\/\/www.havuzadairhersey.com\/index.php\/urun\/jakuzi-kollektorleri-spa-ve-jakuzi-hava-kontrol-ventili-abs-malzeme-t-tipi-baglanti-parcasi\/","article_modified_time":"2025-05-30T20:31:31+00:00","og_image":[{"width":1875,"height":2000,"url":"https:\/\/www.havuzadairhersey.com\/wp-content\/uploads\/2025\/05\/1-70.png","type":"image\/png"}],"twitter_card":"summary_large_image","schema":{"@context":"https:\/\/schema.org","@graph":[{"@type":"WebPage","@id":"https:\/\/www.havuzadairhersey.com\/index.php\/urun\/jakuzi-kollektorleri-spa-ve-jakuzi-hava-kontrol-ventili-abs-malzeme-t-tipi-baglanti-parcasi\/","url":"https:\/\/www.havuzadairhersey.com\/index.php\/urun\/jakuzi-kollektorleri-spa-ve-jakuzi-hava-kontrol-ventili-abs-malzeme-t-tipi-baglanti-parcasi\/","name":"Jakuzi Kollekt\u00f6rleri, Spa ve Jakuzi Hava Kontrol Ventili, ABS Malzeme, T Tipi Ba\u011flant\u0131 Par\u00e7as\u0131 -","isPartOf":{"@id":"https:\/\/www.havuzadairhersey.com\/#website"},"primaryImageOfPage":{"@id":"https:\/\/www.havuzadairhersey.com\/index.php\/urun\/jakuzi-kollektorleri-spa-ve-jakuzi-hava-kontrol-ventili-abs-malzeme-t-tipi-baglanti-parcasi\/#primaryimage"},"image":{"@id":"https:\/\/www.havuzadairhersey.com\/index.php\/urun\/jakuzi-kollektorleri-spa-ve-jakuzi-hava-kontrol-ventili-abs-malzeme-t-tipi-baglanti-parcasi\/#primaryimage"},"thumbnailUrl":"https:\/\/www.havuzadairhersey.com\/wp-content\/uploads\/2025\/05\/1-70.png","datePublished":"2025-05-04T07:30:45+00:00","dateModified":"2025-05-30T20:31:31+00:00","breadcrumb":{"@id":"https:\/\/www.havuzadairhersey.com\/index.php\/urun\/jakuzi-kollektorleri-spa-ve-jakuzi-hava-kontrol-ventili-abs-malzeme-t-tipi-baglanti-parcasi\/#breadcrumb"},"inLanguage":"tr","potentialAction":[{"@type":"ReadAction","target":["https:\/\/www.havuzadairhersey.com\/index.php\/urun\/jakuzi-kollektorleri-spa-ve-jakuzi-hava-kontrol-ventili-abs-malzeme-t-tipi-baglanti-parcasi\/"]}]},{"@type":"ImageObject","inLanguage":"tr","@id":"https:\/\/www.havuzadairhersey.com\/index.php\/urun\/jakuzi-kollektorleri-spa-ve-jakuzi-hava-kontrol-ventili-abs-malzeme-t-tipi-baglanti-parcasi\/#primaryimage","url":"https:\/\/www.havuzadairhersey.com\/wp-content\/uploads\/2025\/05\/1-70.png","contentUrl":"https:\/\/www.havuzadairhersey.com\/wp-content\/uploads\/2025\/05\/1-70.png","width":1875,"height":2000,"caption":"T tipi ba\u011flant\u0131 \u00e7\u0131k\u0131\u015f\u0131na sahip spa ve jakuzi hava kontrol ventili"},{"@type":"BreadcrumbList","@id":"https:\/\/www.havuzadairhersey.com\/index.php\/urun\/jakuzi-kollektorleri-spa-ve-jakuzi-hava-kontrol-ventili-abs-malzeme-t-tipi-baglanti-parcasi\/#breadcrumb","itemListElement":[{"@type":"ListItem","position":1,"name":"Anasayfa","item":"https:\/\/www.havuzadairhersey.com\/"},{"@type":"ListItem","position":2,"name":"Ma\u011faza","item":"https:\/\/www.havuzadairhersey.com\/"},{"@type":"ListItem","position":3,"name":"Jakuzi Kollekt\u00f6rleri, Spa ve Jakuzi Hava Kontrol Ventili, ABS Malzeme, T Tipi Ba\u011flant\u0131 Par\u00e7as\u0131"}]},{"@type":"WebSite","@id":"https:\/\/www.havuzadairhersey.com\/#website","url":"https:\/\/www.havuzadairhersey.com\/","name":"","description":"Havuza dair arad\u0131\u011f\u0131n\u0131z her\u015fey burada...","potentialAction":[{"@type":"SearchAction","target":{"@type":"EntryPoint","urlTemplate":"https:\/\/www.havuzadairhersey.com\/?s={search_term_string}"},"query-input":{"@type":"PropertyValueSpecification","valueRequired":true,"valueName":"search_term_string"}}],"inLanguage":"tr"}]}},"_links":{"self":[{"href":"https:\/\/www.havuzadairhersey.com\/index.php\/wp-json\/wp\/v2\/product\/3298","targetHints":{"allow":["GET"]}}],"collection":[{"href":"https:\/\/www.havuzadairhersey.com\/index.php\/wp-json\/wp\/v2\/product"}],"about":[{"href":"https:\/\/www.havuzadairhersey.com\/index.php\/wp-json\/wp\/v2\/types\/product"}],"replies":[{"embeddable":true,"href":"https:\/\/www.havuzadairhersey.com\/index.php\/wp-json\/wp\/v2\/comments?post=3298"}],"wp:featuredmedia":[{"embeddable":true,"href":"https:\/\/www.havuzadairhersey.com\/index.php\/wp-json\/wp\/v2\/media\/3299"}],"wp:attachment":[{"href":"https:\/\/www.havuzadairhersey.com\/index.php\/wp-json\/wp\/v2\/media?parent=3298"}],"wp:term":[{"taxonomy":"product_brand","embeddable":true,"href":"https:\/\/www.havuzadairhersey.com\/index.php\/wp-json\/wp\/v2\/product_brand?post=3298"},{"taxonomy":"product_cat","embeddable":true,"href":"https:\/\/www.havuzadairhersey.com\/index.php\/wp-json\/wp\/v2\/product_cat?post=3298"},{"taxonomy":"product_tag","embeddable":true,"href":"https:\/\/www.havuzadairhersey.com\/index.php\/wp-json\/wp\/v2\/product_tag?post=3298"}],"curies":[{"name":"wp","href":"https:\/\/api.w.org\/{rel}","templated":true}]}}