{"id":3318,"date":"2025-05-04T10:48:33","date_gmt":"2025-05-04T07:48:33","guid":{"rendered":"https:\/\/www.havuzadairhersey.com\/?post_type=product&#038;p=3318"},"modified":"2025-05-30T23:29:06","modified_gmt":"2025-05-30T20:29:06","slug":"endustriyel-aluminyum-hava-blower-motoru-monofaze-trifaze-secenekli-11-22-kw-sessiz-ve-dayanikli-fan","status":"publish","type":"product","link":"https:\/\/www.havuzadairhersey.com\/index.php\/urun\/endustriyel-aluminyum-hava-blower-motoru-monofaze-trifaze-secenekli-11-22-kw-sessiz-ve-dayanikli-fan\/","title":{"rendered":"End\u00fcstriyel Al\u00fcminyum Hava Blower Motoru, Monofaze &#038; Trifaze Se\u00e7enekli, 1,1\u20132,2 kW, Sessiz ve Dayan\u0131kl\u0131 Fan"},"content":{"rendered":"<p>Y\u00fcksek verimli al\u00fcminyum g\u00f6vdeli hava blower motoru; spa sistemleri, havuzlar, end\u00fcstriyel hava transferi ve havaland\u0131rma uygulamalar\u0131 i\u00e7in ideal \u00e7\u00f6z\u00fcmd\u00fcr. 1,1 kW ile 2,2 kW aras\u0131nda de\u011fi\u015fen g\u00fc\u00e7 se\u00e7enekleri ile monofaze (II) ve trifaze (III) kullan\u0131m imkan\u0131 sunar. Dikey veya yatay monte edilebilir yap\u0131s\u0131, sessiz \u00e7al\u0131\u015fmas\u0131 ve d\u00fc\u015f\u00fck bak\u0131m maliyeti sayesinde uzun \u00f6m\u00fcrl\u00fc ve verimli kullan\u0131m sa\u011flar. 50 Hz ve 60 Hz uyumlulu\u011fu sayesinde farkl\u0131 sistemlerle tam uyum sa\u011flar. 2\u201d ba\u011flant\u0131 \u00e7ap\u0131 ile kolay entegrasyon sunar.<\/p>\n","protected":false},"excerpt":{"rendered":"<p>Sessiz \u00e7al\u0131\u015fan, al\u00fcminyum g\u00f6vdeli, monofaze ve trifaze blower motoru. 1,1 \u2013 2,2 kW g\u00fc\u00e7 se\u00e7enekleriyle 2\u201d ba\u011flant\u0131l\u0131.<\/p>\n","protected":false},"featured_media":3319,"comment_status":"open","ping_status":"closed","template":"","meta":{"site-sidebar-layout":"default","site-content-layout":"","ast-site-content-layout":"default","site-content-style":"default","site-sidebar-style":"default","ast-global-header-display":"","ast-banner-title-visibility":"","ast-main-header-display":"","ast-hfb-above-header-display":"","ast-hfb-below-header-display":"","ast-hfb-mobile-header-display":"","site-post-title":"","ast-breadcrumbs-content":"","ast-featured-img":"","footer-sml-layout":"","theme-transparent-header-meta":"default","adv-header-id-meta":"","stick-header-meta":"","header-above-stick-meta":"","header-main-stick-meta":"","header-below-stick-meta":"","astra-migrate-meta-layouts":"set","ast-page-background-enabled":"default","ast-page-background-meta":{"desktop":{"background-color":"var(--ast-global-color-5)","background-image":"","background-repeat":"repeat","background-position":"center center","background-size":"auto","background-attachment":"scroll","background-type":"","background-media":"","overlay-type":"","overlay-color":"","overlay-opacity":"","overlay-gradient":""},"tablet":{"background-color":"","background-image":"","background-repeat":"repeat","background-position":"center center","background-size":"auto","background-attachment":"scroll","background-type":"","background-media":"","overlay-type":"","overlay-color":"","overlay-opacity":"","overlay-gradient":""},"mobile":{"background-color":"","background-image":"","background-repeat":"repeat","background-position":"center center","background-size":"auto","background-attachment":"scroll","background-type":"","background-media":"","overlay-type":"","overlay-color":"","overlay-opacity":"","overlay-gradient":""}},"ast-content-background-meta":{"desktop":{"background-color":"var(--ast-global-color-4)","background-image":"","background-repeat":"repeat","background-position":"center center","background-size":"auto","background-attachment":"scroll","background-type":"","background-media":"","overlay-type":"","overlay-color":"","overlay-opacity":"","overlay-gradient":""},"tablet":{"background-color":"var(--ast-global-color-4)","background-image":"","background-repeat":"repeat","background-position":"center center","background-size":"auto","background-attachment":"scroll","background-type":"","background-media":"","overlay-type":"","overlay-color":"","overlay-opacity":"","overlay-gradient":""},"mobile":{"background-color":"var(--ast-global-color-4)","background-image":"","background-repeat":"repeat","background-position":"center center","background-size":"auto","background-attachment":"scroll","background-type":"","background-media":"","overlay-type":"","overlay-color":"","overlay-opacity":"","overlay-gradient":""}}},"product_brand":[3683],"product_cat":[2250],"product_tag":[4909,4908,4913,4911,4914,4912,4910],"class_list":{"0":"post-3318","1":"product","2":"type-product","3":"status-publish","4":"has-post-thumbnail","6":"product_brand-neta-havuz","7":"product_cat-spa-urunleri","8":"product_tag-aluminyum-blower","9":"product_tag-hava-blower-motoru","10":"product_tag-havuz-blower","11":"product_tag-monofaze-blower","12":"product_tag-sessiz-fan-motoru","13":"product_tag-spa-fan-motoru","14":"product_tag-trifaze-blower","15":"desktop-align-left","16":"tablet-align-left","17":"mobile-align-left","19":"first","20":"instock","21":"shipping-taxable","22":"purchasable","23":"product-type-variable"},"yoast_head":"<!-- This site is optimized with the Yoast SEO plugin v25.0 - https:\/\/yoast.com\/wordpress\/plugins\/seo\/ -->\n<title>End\u00fcstriyel Al\u00fcminyum Hava Blower Motoru, Monofaze &amp; Trifaze Se\u00e7enekli, 1,1\u20132,2 kW, Sessiz ve Dayan\u0131kl\u0131 Fan -<\/title>\n<meta name=\"robots\" content=\"index, follow, max-snippet:-1, max-image-preview:large, max-video-preview:-1\" \/>\n<link rel=\"canonical\" href=\"https:\/\/www.havuzadairhersey.com\/index.php\/urun\/endustriyel-aluminyum-hava-blower-motoru-monofaze-trifaze-secenekli-11-22-kw-sessiz-ve-dayanikli-fan\/\" \/>\n<meta property=\"og:locale\" content=\"tr_TR\" \/>\n<meta property=\"og:type\" content=\"article\" \/>\n<meta property=\"og:title\" content=\"End\u00fcstriyel Al\u00fcminyum Hava Blower Motoru, Monofaze &amp; Trifaze Se\u00e7enekli, 1,1\u20132,2 kW, Sessiz ve Dayan\u0131kl\u0131 Fan -\" \/>\n<meta property=\"og:description\" content=\"Sessiz \u00e7al\u0131\u015fan, al\u00fcminyum g\u00f6vdeli, monofaze ve trifaze blower motoru. 1,1 \u2013 2,2 kW g\u00fc\u00e7 se\u00e7enekleriyle 2\u201d ba\u011flant\u0131l\u0131.\" \/>\n<meta property=\"og:url\" content=\"https:\/\/www.havuzadairhersey.com\/index.php\/urun\/endustriyel-aluminyum-hava-blower-motoru-monofaze-trifaze-secenekli-11-22-kw-sessiz-ve-dayanikli-fan\/\" \/>\n<meta property=\"article:modified_time\" content=\"2025-05-30T20:29:06+00:00\" \/>\n<meta property=\"og:image\" content=\"https:\/\/www.havuzadairhersey.com\/wp-content\/uploads\/2025\/05\/1-74.png\" \/>\n\t<meta property=\"og:image:width\" content=\"1875\" \/>\n\t<meta property=\"og:image:height\" content=\"2000\" \/>\n\t<meta property=\"og:image:type\" content=\"image\/png\" \/>\n<meta name=\"twitter:card\" content=\"summary_large_image\" \/>\n<meta name=\"twitter:label1\" content=\"Tahmini okuma s\u00fcresi\" \/>\n\t<meta name=\"twitter:data1\" content=\"1 dakika\" \/>\n<script type=\"application\/ld+json\" class=\"yoast-schema-graph\">{\"@context\":\"https:\/\/schema.org\",\"@graph\":[{\"@type\":\"WebPage\",\"@id\":\"https:\/\/www.havuzadairhersey.com\/index.php\/urun\/endustriyel-aluminyum-hava-blower-motoru-monofaze-trifaze-secenekli-11-22-kw-sessiz-ve-dayanikli-fan\/\",\"url\":\"https:\/\/www.havuzadairhersey.com\/index.php\/urun\/endustriyel-aluminyum-hava-blower-motoru-monofaze-trifaze-secenekli-11-22-kw-sessiz-ve-dayanikli-fan\/\",\"name\":\"End\u00fcstriyel Al\u00fcminyum Hava Blower Motoru, Monofaze & Trifaze Se\u00e7enekli, 1,1\u20132,2 kW, Sessiz ve Dayan\u0131kl\u0131 Fan -\",\"isPartOf\":{\"@id\":\"https:\/\/www.havuzadairhersey.com\/#website\"},\"primaryImageOfPage\":{\"@id\":\"https:\/\/www.havuzadairhersey.com\/index.php\/urun\/endustriyel-aluminyum-hava-blower-motoru-monofaze-trifaze-secenekli-11-22-kw-sessiz-ve-dayanikli-fan\/#primaryimage\"},\"image\":{\"@id\":\"https:\/\/www.havuzadairhersey.com\/index.php\/urun\/endustriyel-aluminyum-hava-blower-motoru-monofaze-trifaze-secenekli-11-22-kw-sessiz-ve-dayanikli-fan\/#primaryimage\"},\"thumbnailUrl\":\"https:\/\/www.havuzadairhersey.com\/wp-content\/uploads\/2025\/05\/1-74.png\",\"datePublished\":\"2025-05-04T07:48:33+00:00\",\"dateModified\":\"2025-05-30T20:29:06+00:00\",\"breadcrumb\":{\"@id\":\"https:\/\/www.havuzadairhersey.com\/index.php\/urun\/endustriyel-aluminyum-hava-blower-motoru-monofaze-trifaze-secenekli-11-22-kw-sessiz-ve-dayanikli-fan\/#breadcrumb\"},\"inLanguage\":\"tr\",\"potentialAction\":[{\"@type\":\"ReadAction\",\"target\":[\"https:\/\/www.havuzadairhersey.com\/index.php\/urun\/endustriyel-aluminyum-hava-blower-motoru-monofaze-trifaze-secenekli-11-22-kw-sessiz-ve-dayanikli-fan\/\"]}]},{\"@type\":\"ImageObject\",\"inLanguage\":\"tr\",\"@id\":\"https:\/\/www.havuzadairhersey.com\/index.php\/urun\/endustriyel-aluminyum-hava-blower-motoru-monofaze-trifaze-secenekli-11-22-kw-sessiz-ve-dayanikli-fan\/#primaryimage\",\"url\":\"https:\/\/www.havuzadairhersey.com\/wp-content\/uploads\/2025\/05\/1-74.png\",\"contentUrl\":\"https:\/\/www.havuzadairhersey.com\/wp-content\/uploads\/2025\/05\/1-74.png\",\"width\":1875,\"height\":2000,\"caption\":\"1,1 kW \u2013 2,2 kW aras\u0131 g\u00fc\u00e7lerde sessiz \u00e7al\u0131\u015fan hava blower motoru\"},{\"@type\":\"BreadcrumbList\",\"@id\":\"https:\/\/www.havuzadairhersey.com\/index.php\/urun\/endustriyel-aluminyum-hava-blower-motoru-monofaze-trifaze-secenekli-11-22-kw-sessiz-ve-dayanikli-fan\/#breadcrumb\",\"itemListElement\":[{\"@type\":\"ListItem\",\"position\":1,\"name\":\"Anasayfa\",\"item\":\"https:\/\/www.havuzadairhersey.com\/\"},{\"@type\":\"ListItem\",\"position\":2,\"name\":\"Ma\u011faza\",\"item\":\"https:\/\/www.havuzadairhersey.com\/\"},{\"@type\":\"ListItem\",\"position\":3,\"name\":\"End\u00fcstriyel Al\u00fcminyum Hava Blower Motoru, Monofaze &#038; Trifaze Se\u00e7enekli, 1,1\u20132,2 kW, Sessiz ve Dayan\u0131kl\u0131 Fan\"}]},{\"@type\":\"WebSite\",\"@id\":\"https:\/\/www.havuzadairhersey.com\/#website\",\"url\":\"https:\/\/www.havuzadairhersey.com\/\",\"name\":\"\",\"description\":\"Havuza dair arad\u0131\u011f\u0131n\u0131z her\u015fey burada...\",\"potentialAction\":[{\"@type\":\"SearchAction\",\"target\":{\"@type\":\"EntryPoint\",\"urlTemplate\":\"https:\/\/www.havuzadairhersey.com\/?s={search_term_string}\"},\"query-input\":{\"@type\":\"PropertyValueSpecification\",\"valueRequired\":true,\"valueName\":\"search_term_string\"}}],\"inLanguage\":\"tr\"}]}<\/script>\n<!-- \/ Yoast SEO plugin. -->","yoast_head_json":{"title":"End\u00fcstriyel Al\u00fcminyum Hava Blower Motoru, Monofaze & Trifaze Se\u00e7enekli, 1,1\u20132,2 kW, Sessiz ve Dayan\u0131kl\u0131 Fan -","robots":{"index":"index","follow":"follow","max-snippet":"max-snippet:-1","max-image-preview":"max-image-preview:large","max-video-preview":"max-video-preview:-1"},"canonical":"https:\/\/www.havuzadairhersey.com\/index.php\/urun\/endustriyel-aluminyum-hava-blower-motoru-monofaze-trifaze-secenekli-11-22-kw-sessiz-ve-dayanikli-fan\/","og_locale":"tr_TR","og_type":"article","og_title":"End\u00fcstriyel Al\u00fcminyum Hava Blower Motoru, Monofaze & Trifaze Se\u00e7enekli, 1,1\u20132,2 kW, Sessiz ve Dayan\u0131kl\u0131 Fan -","og_description":"Sessiz \u00e7al\u0131\u015fan, al\u00fcminyum g\u00f6vdeli, monofaze ve trifaze blower motoru. 1,1 \u2013 2,2 kW g\u00fc\u00e7 se\u00e7enekleriyle 2\u201d ba\u011flant\u0131l\u0131.","og_url":"https:\/\/www.havuzadairhersey.com\/index.php\/urun\/endustriyel-aluminyum-hava-blower-motoru-monofaze-trifaze-secenekli-11-22-kw-sessiz-ve-dayanikli-fan\/","article_modified_time":"2025-05-30T20:29:06+00:00","og_image":[{"width":1875,"height":2000,"url":"https:\/\/www.havuzadairhersey.com\/wp-content\/uploads\/2025\/05\/1-74.png","type":"image\/png"}],"twitter_card":"summary_large_image","twitter_misc":{"Tahmini okuma s\u00fcresi":"1 dakika"},"schema":{"@context":"https:\/\/schema.org","@graph":[{"@type":"WebPage","@id":"https:\/\/www.havuzadairhersey.com\/index.php\/urun\/endustriyel-aluminyum-hava-blower-motoru-monofaze-trifaze-secenekli-11-22-kw-sessiz-ve-dayanikli-fan\/","url":"https:\/\/www.havuzadairhersey.com\/index.php\/urun\/endustriyel-aluminyum-hava-blower-motoru-monofaze-trifaze-secenekli-11-22-kw-sessiz-ve-dayanikli-fan\/","name":"End\u00fcstriyel Al\u00fcminyum Hava Blower Motoru, Monofaze & Trifaze Se\u00e7enekli, 1,1\u20132,2 kW, Sessiz ve Dayan\u0131kl\u0131 Fan -","isPartOf":{"@id":"https:\/\/www.havuzadairhersey.com\/#website"},"primaryImageOfPage":{"@id":"https:\/\/www.havuzadairhersey.com\/index.php\/urun\/endustriyel-aluminyum-hava-blower-motoru-monofaze-trifaze-secenekli-11-22-kw-sessiz-ve-dayanikli-fan\/#primaryimage"},"image":{"@id":"https:\/\/www.havuzadairhersey.com\/index.php\/urun\/endustriyel-aluminyum-hava-blower-motoru-monofaze-trifaze-secenekli-11-22-kw-sessiz-ve-dayanikli-fan\/#primaryimage"},"thumbnailUrl":"https:\/\/www.havuzadairhersey.com\/wp-content\/uploads\/2025\/05\/1-74.png","datePublished":"2025-05-04T07:48:33+00:00","dateModified":"2025-05-30T20:29:06+00:00","breadcrumb":{"@id":"https:\/\/www.havuzadairhersey.com\/index.php\/urun\/endustriyel-aluminyum-hava-blower-motoru-monofaze-trifaze-secenekli-11-22-kw-sessiz-ve-dayanikli-fan\/#breadcrumb"},"inLanguage":"tr","potentialAction":[{"@type":"ReadAction","target":["https:\/\/www.havuzadairhersey.com\/index.php\/urun\/endustriyel-aluminyum-hava-blower-motoru-monofaze-trifaze-secenekli-11-22-kw-sessiz-ve-dayanikli-fan\/"]}]},{"@type":"ImageObject","inLanguage":"tr","@id":"https:\/\/www.havuzadairhersey.com\/index.php\/urun\/endustriyel-aluminyum-hava-blower-motoru-monofaze-trifaze-secenekli-11-22-kw-sessiz-ve-dayanikli-fan\/#primaryimage","url":"https:\/\/www.havuzadairhersey.com\/wp-content\/uploads\/2025\/05\/1-74.png","contentUrl":"https:\/\/www.havuzadairhersey.com\/wp-content\/uploads\/2025\/05\/1-74.png","width":1875,"height":2000,"caption":"1,1 kW \u2013 2,2 kW aras\u0131 g\u00fc\u00e7lerde sessiz \u00e7al\u0131\u015fan hava blower motoru"},{"@type":"BreadcrumbList","@id":"https:\/\/www.havuzadairhersey.com\/index.php\/urun\/endustriyel-aluminyum-hava-blower-motoru-monofaze-trifaze-secenekli-11-22-kw-sessiz-ve-dayanikli-fan\/#breadcrumb","itemListElement":[{"@type":"ListItem","position":1,"name":"Anasayfa","item":"https:\/\/www.havuzadairhersey.com\/"},{"@type":"ListItem","position":2,"name":"Ma\u011faza","item":"https:\/\/www.havuzadairhersey.com\/"},{"@type":"ListItem","position":3,"name":"End\u00fcstriyel Al\u00fcminyum Hava Blower Motoru, Monofaze &#038; Trifaze Se\u00e7enekli, 1,1\u20132,2 kW, Sessiz ve Dayan\u0131kl\u0131 Fan"}]},{"@type":"WebSite","@id":"https:\/\/www.havuzadairhersey.com\/#website","url":"https:\/\/www.havuzadairhersey.com\/","name":"","description":"Havuza dair arad\u0131\u011f\u0131n\u0131z her\u015fey burada...","potentialAction":[{"@type":"SearchAction","target":{"@type":"EntryPoint","urlTemplate":"https:\/\/www.havuzadairhersey.com\/?s={search_term_string}"},"query-input":{"@type":"PropertyValueSpecification","valueRequired":true,"valueName":"search_term_string"}}],"inLanguage":"tr"}]}},"_links":{"self":[{"href":"https:\/\/www.havuzadairhersey.com\/index.php\/wp-json\/wp\/v2\/product\/3318","targetHints":{"allow":["GET"]}}],"collection":[{"href":"https:\/\/www.havuzadairhersey.com\/index.php\/wp-json\/wp\/v2\/product"}],"about":[{"href":"https:\/\/www.havuzadairhersey.com\/index.php\/wp-json\/wp\/v2\/types\/product"}],"replies":[{"embeddable":true,"href":"https:\/\/www.havuzadairhersey.com\/index.php\/wp-json\/wp\/v2\/comments?post=3318"}],"wp:featuredmedia":[{"embeddable":true,"href":"https:\/\/www.havuzadairhersey.com\/index.php\/wp-json\/wp\/v2\/media\/3319"}],"wp:attachment":[{"href":"https:\/\/www.havuzadairhersey.com\/index.php\/wp-json\/wp\/v2\/media?parent=3318"}],"wp:term":[{"taxonomy":"product_brand","embeddable":true,"href":"https:\/\/www.havuzadairhersey.com\/index.php\/wp-json\/wp\/v2\/product_brand?post=3318"},{"taxonomy":"product_cat","embeddable":true,"href":"https:\/\/www.havuzadairhersey.com\/index.php\/wp-json\/wp\/v2\/product_cat?post=3318"},{"taxonomy":"product_tag","embeddable":true,"href":"https:\/\/www.havuzadairhersey.com\/index.php\/wp-json\/wp\/v2\/product_tag?post=3318"}],"curies":[{"name":"wp","href":"https:\/\/api.w.org\/{rel}","templated":true}]}}