{"id":3330,"date":"2025-05-04T11:00:51","date_gmt":"2025-05-04T08:00:51","guid":{"rendered":"https:\/\/www.havuzadairhersey.com\/?post_type=product&#038;p=3330"},"modified":"2025-05-30T23:26:16","modified_gmt":"2025-05-30T20:26:16","slug":"elektrikli-sauna-sobasi-dahili-kontrol-paneli-kompakt-ahsap-panel-tasarimi","status":"publish","type":"product","link":"https:\/\/www.havuzadairhersey.com\/index.php\/urun\/elektrikli-sauna-sobasi-dahili-kontrol-paneli-kompakt-ahsap-panel-tasarimi\/","title":{"rendered":"Elektrikli Sauna Sobas\u0131, Dahili Kontrol Paneli, Kompakt Ah\u015fap Panel Tasar\u0131m\u0131"},"content":{"rendered":"<p>K\u00fc\u00e7\u00fck saunalar ve dar alanlar i\u00e7in ideal olan bu 3 kW ve 3.6 kW elektrikli sauna sobalar\u0131, ah\u015fap d\u0131\u015f panelleri sayesinde estetik bir b\u00fct\u00fcnl\u00fck sa\u011flar. \u00dczerinde bulunan kontrol d\u00fc\u011fmeleri ile kolayca \u00e7al\u0131\u015ft\u0131r\u0131l\u0131r ve \u00fcst konumland\u0131r\u0131lm\u0131\u015f d\u00fc\u011fmeler sayesinde kullan\u0131m konforu sunar. 10 kg ta\u015f kapasitesi ve maksimum 4,5 m\u00b3 sauna hacmi ile etkili ve sessiz bir performans sunar.<\/p>\n","protected":false},"excerpt":{"rendered":"<p>K\u00fc\u00e7\u00fck alanlar i\u00e7in kompakt tasar\u0131m, 10 kg ta\u015f kapasitesi, sessiz ve verimli elektrikli sauna sobas\u0131.<\/p>\n","protected":false},"featured_media":3331,"comment_status":"open","ping_status":"closed","template":"","meta":{"site-sidebar-layout":"default","site-content-layout":"","ast-site-content-layout":"default","site-content-style":"default","site-sidebar-style":"default","ast-global-header-display":"","ast-banner-title-visibility":"","ast-main-header-display":"","ast-hfb-above-header-display":"","ast-hfb-below-header-display":"","ast-hfb-mobile-header-display":"","site-post-title":"","ast-breadcrumbs-content":"","ast-featured-img":"","footer-sml-layout":"","theme-transparent-header-meta":"default","adv-header-id-meta":"","stick-header-meta":"","header-above-stick-meta":"","header-main-stick-meta":"","header-below-stick-meta":"","astra-migrate-meta-layouts":"set","ast-page-background-enabled":"default","ast-page-background-meta":{"desktop":{"background-color":"var(--ast-global-color-5)","background-image":"","background-repeat":"repeat","background-position":"center center","background-size":"auto","background-attachment":"scroll","background-type":"","background-media":"","overlay-type":"","overlay-color":"","overlay-opacity":"","overlay-gradient":""},"tablet":{"background-color":"","background-image":"","background-repeat":"repeat","background-position":"center center","background-size":"auto","background-attachment":"scroll","background-type":"","background-media":"","overlay-type":"","overlay-color":"","overlay-opacity":"","overlay-gradient":""},"mobile":{"background-color":"","background-image":"","background-repeat":"repeat","background-position":"center center","background-size":"auto","background-attachment":"scroll","background-type":"","background-media":"","overlay-type":"","overlay-color":"","overlay-opacity":"","overlay-gradient":""}},"ast-content-background-meta":{"desktop":{"background-color":"var(--ast-global-color-4)","background-image":"","background-repeat":"repeat","background-position":"center center","background-size":"auto","background-attachment":"scroll","background-type":"","background-media":"","overlay-type":"","overlay-color":"","overlay-opacity":"","overlay-gradient":""},"tablet":{"background-color":"var(--ast-global-color-4)","background-image":"","background-repeat":"repeat","background-position":"center center","background-size":"auto","background-attachment":"scroll","background-type":"","background-media":"","overlay-type":"","overlay-color":"","overlay-opacity":"","overlay-gradient":""},"mobile":{"background-color":"var(--ast-global-color-4)","background-image":"","background-repeat":"repeat","background-position":"center center","background-size":"auto","background-attachment":"scroll","background-type":"","background-media":"","overlay-type":"","overlay-color":"","overlay-opacity":"","overlay-gradient":""}}},"product_brand":[3683],"product_cat":[2250],"product_tag":[4921,4920,4922,4924,4917,4919,4918,4923],"class_list":{"0":"post-3330","1":"product","2":"type-product","3":"status-publish","4":"has-post-thumbnail","6":"product_brand-neta-havuz","7":"product_cat-spa-urunleri","8":"product_tag-3-6kw-sauna-sobasi","9":"product_tag-3kw-sauna-sobasi","10":"product_tag-ahsap-panelli-soba","11":"product_tag-dahili-kontrol-soba","12":"product_tag-elektrikli-sauna-sobasi","13":"product_tag-kompakt-sauna-sobasi","14":"product_tag-sauna-isitici","15":"product_tag-sessiz-sauna-sobasi","16":"desktop-align-left","17":"tablet-align-left","18":"mobile-align-left","20":"first","21":"instock","22":"shipping-taxable","23":"purchasable","24":"product-type-variable"},"yoast_head":"<!-- This site is optimized with the Yoast SEO plugin v25.0 - https:\/\/yoast.com\/wordpress\/plugins\/seo\/ -->\n<title>Elektrikli Sauna Sobas\u0131, Dahili Kontrol Paneli, Kompakt Ah\u015fap Panel Tasar\u0131m\u0131 -<\/title>\n<meta name=\"robots\" content=\"index, follow, max-snippet:-1, max-image-preview:large, max-video-preview:-1\" \/>\n<link rel=\"canonical\" href=\"https:\/\/www.havuzadairhersey.com\/index.php\/urun\/elektrikli-sauna-sobasi-dahili-kontrol-paneli-kompakt-ahsap-panel-tasarimi\/\" \/>\n<meta property=\"og:locale\" content=\"tr_TR\" \/>\n<meta property=\"og:type\" content=\"article\" \/>\n<meta property=\"og:title\" content=\"Elektrikli Sauna Sobas\u0131, Dahili Kontrol Paneli, Kompakt Ah\u015fap Panel Tasar\u0131m\u0131 -\" \/>\n<meta property=\"og:description\" content=\"K\u00fc\u00e7\u00fck alanlar i\u00e7in kompakt tasar\u0131m, 10 kg ta\u015f kapasitesi, sessiz ve verimli elektrikli sauna sobas\u0131.\" \/>\n<meta property=\"og:url\" content=\"https:\/\/www.havuzadairhersey.com\/index.php\/urun\/elektrikli-sauna-sobasi-dahili-kontrol-paneli-kompakt-ahsap-panel-tasarimi\/\" \/>\n<meta property=\"article:modified_time\" content=\"2025-05-30T20:26:16+00:00\" \/>\n<meta property=\"og:image\" content=\"https:\/\/www.havuzadairhersey.com\/wp-content\/uploads\/2025\/05\/1-75.png\" \/>\n\t<meta property=\"og:image:width\" content=\"1875\" \/>\n\t<meta property=\"og:image:height\" content=\"2000\" \/>\n\t<meta property=\"og:image:type\" content=\"image\/png\" \/>\n<meta name=\"twitter:card\" content=\"summary_large_image\" \/>\n<meta name=\"twitter:label1\" content=\"Tahmini okuma s\u00fcresi\" \/>\n\t<meta name=\"twitter:data1\" content=\"1 dakika\" \/>\n<script type=\"application\/ld+json\" class=\"yoast-schema-graph\">{\"@context\":\"https:\/\/schema.org\",\"@graph\":[{\"@type\":\"WebPage\",\"@id\":\"https:\/\/www.havuzadairhersey.com\/index.php\/urun\/elektrikli-sauna-sobasi-dahili-kontrol-paneli-kompakt-ahsap-panel-tasarimi\/\",\"url\":\"https:\/\/www.havuzadairhersey.com\/index.php\/urun\/elektrikli-sauna-sobasi-dahili-kontrol-paneli-kompakt-ahsap-panel-tasarimi\/\",\"name\":\"Elektrikli Sauna Sobas\u0131, Dahili Kontrol Paneli, Kompakt Ah\u015fap Panel Tasar\u0131m\u0131 -\",\"isPartOf\":{\"@id\":\"https:\/\/www.havuzadairhersey.com\/#website\"},\"primaryImageOfPage\":{\"@id\":\"https:\/\/www.havuzadairhersey.com\/index.php\/urun\/elektrikli-sauna-sobasi-dahili-kontrol-paneli-kompakt-ahsap-panel-tasarimi\/#primaryimage\"},\"image\":{\"@id\":\"https:\/\/www.havuzadairhersey.com\/index.php\/urun\/elektrikli-sauna-sobasi-dahili-kontrol-paneli-kompakt-ahsap-panel-tasarimi\/#primaryimage\"},\"thumbnailUrl\":\"https:\/\/www.havuzadairhersey.com\/wp-content\/uploads\/2025\/05\/1-75.png\",\"datePublished\":\"2025-05-04T08:00:51+00:00\",\"dateModified\":\"2025-05-30T20:26:16+00:00\",\"breadcrumb\":{\"@id\":\"https:\/\/www.havuzadairhersey.com\/index.php\/urun\/elektrikli-sauna-sobasi-dahili-kontrol-paneli-kompakt-ahsap-panel-tasarimi\/#breadcrumb\"},\"inLanguage\":\"tr\",\"potentialAction\":[{\"@type\":\"ReadAction\",\"target\":[\"https:\/\/www.havuzadairhersey.com\/index.php\/urun\/elektrikli-sauna-sobasi-dahili-kontrol-paneli-kompakt-ahsap-panel-tasarimi\/\"]}]},{\"@type\":\"ImageObject\",\"inLanguage\":\"tr\",\"@id\":\"https:\/\/www.havuzadairhersey.com\/index.php\/urun\/elektrikli-sauna-sobasi-dahili-kontrol-paneli-kompakt-ahsap-panel-tasarimi\/#primaryimage\",\"url\":\"https:\/\/www.havuzadairhersey.com\/wp-content\/uploads\/2025\/05\/1-75.png\",\"contentUrl\":\"https:\/\/www.havuzadairhersey.com\/wp-content\/uploads\/2025\/05\/1-75.png\",\"width\":1875,\"height\":2000,\"caption\":\"Ah\u015fap d\u0131\u015f y\u00fczeyli, \u00fcstten kontrol panelli sauna sobas\u0131 modelleri\"},{\"@type\":\"BreadcrumbList\",\"@id\":\"https:\/\/www.havuzadairhersey.com\/index.php\/urun\/elektrikli-sauna-sobasi-dahili-kontrol-paneli-kompakt-ahsap-panel-tasarimi\/#breadcrumb\",\"itemListElement\":[{\"@type\":\"ListItem\",\"position\":1,\"name\":\"Anasayfa\",\"item\":\"https:\/\/www.havuzadairhersey.com\/\"},{\"@type\":\"ListItem\",\"position\":2,\"name\":\"Ma\u011faza\",\"item\":\"https:\/\/www.havuzadairhersey.com\/\"},{\"@type\":\"ListItem\",\"position\":3,\"name\":\"Elektrikli Sauna Sobas\u0131, Dahili Kontrol Paneli, Kompakt Ah\u015fap Panel Tasar\u0131m\u0131\"}]},{\"@type\":\"WebSite\",\"@id\":\"https:\/\/www.havuzadairhersey.com\/#website\",\"url\":\"https:\/\/www.havuzadairhersey.com\/\",\"name\":\"\",\"description\":\"Havuza dair arad\u0131\u011f\u0131n\u0131z her\u015fey burada...\",\"potentialAction\":[{\"@type\":\"SearchAction\",\"target\":{\"@type\":\"EntryPoint\",\"urlTemplate\":\"https:\/\/www.havuzadairhersey.com\/?s={search_term_string}\"},\"query-input\":{\"@type\":\"PropertyValueSpecification\",\"valueRequired\":true,\"valueName\":\"search_term_string\"}}],\"inLanguage\":\"tr\"}]}<\/script>\n<!-- \/ Yoast SEO plugin. -->","yoast_head_json":{"title":"Elektrikli Sauna Sobas\u0131, Dahili Kontrol Paneli, Kompakt Ah\u015fap Panel Tasar\u0131m\u0131 -","robots":{"index":"index","follow":"follow","max-snippet":"max-snippet:-1","max-image-preview":"max-image-preview:large","max-video-preview":"max-video-preview:-1"},"canonical":"https:\/\/www.havuzadairhersey.com\/index.php\/urun\/elektrikli-sauna-sobasi-dahili-kontrol-paneli-kompakt-ahsap-panel-tasarimi\/","og_locale":"tr_TR","og_type":"article","og_title":"Elektrikli Sauna Sobas\u0131, Dahili Kontrol Paneli, Kompakt Ah\u015fap Panel Tasar\u0131m\u0131 -","og_description":"K\u00fc\u00e7\u00fck alanlar i\u00e7in kompakt tasar\u0131m, 10 kg ta\u015f kapasitesi, sessiz ve verimli elektrikli sauna sobas\u0131.","og_url":"https:\/\/www.havuzadairhersey.com\/index.php\/urun\/elektrikli-sauna-sobasi-dahili-kontrol-paneli-kompakt-ahsap-panel-tasarimi\/","article_modified_time":"2025-05-30T20:26:16+00:00","og_image":[{"width":1875,"height":2000,"url":"https:\/\/www.havuzadairhersey.com\/wp-content\/uploads\/2025\/05\/1-75.png","type":"image\/png"}],"twitter_card":"summary_large_image","twitter_misc":{"Tahmini okuma s\u00fcresi":"1 dakika"},"schema":{"@context":"https:\/\/schema.org","@graph":[{"@type":"WebPage","@id":"https:\/\/www.havuzadairhersey.com\/index.php\/urun\/elektrikli-sauna-sobasi-dahili-kontrol-paneli-kompakt-ahsap-panel-tasarimi\/","url":"https:\/\/www.havuzadairhersey.com\/index.php\/urun\/elektrikli-sauna-sobasi-dahili-kontrol-paneli-kompakt-ahsap-panel-tasarimi\/","name":"Elektrikli Sauna Sobas\u0131, Dahili Kontrol Paneli, Kompakt Ah\u015fap Panel Tasar\u0131m\u0131 -","isPartOf":{"@id":"https:\/\/www.havuzadairhersey.com\/#website"},"primaryImageOfPage":{"@id":"https:\/\/www.havuzadairhersey.com\/index.php\/urun\/elektrikli-sauna-sobasi-dahili-kontrol-paneli-kompakt-ahsap-panel-tasarimi\/#primaryimage"},"image":{"@id":"https:\/\/www.havuzadairhersey.com\/index.php\/urun\/elektrikli-sauna-sobasi-dahili-kontrol-paneli-kompakt-ahsap-panel-tasarimi\/#primaryimage"},"thumbnailUrl":"https:\/\/www.havuzadairhersey.com\/wp-content\/uploads\/2025\/05\/1-75.png","datePublished":"2025-05-04T08:00:51+00:00","dateModified":"2025-05-30T20:26:16+00:00","breadcrumb":{"@id":"https:\/\/www.havuzadairhersey.com\/index.php\/urun\/elektrikli-sauna-sobasi-dahili-kontrol-paneli-kompakt-ahsap-panel-tasarimi\/#breadcrumb"},"inLanguage":"tr","potentialAction":[{"@type":"ReadAction","target":["https:\/\/www.havuzadairhersey.com\/index.php\/urun\/elektrikli-sauna-sobasi-dahili-kontrol-paneli-kompakt-ahsap-panel-tasarimi\/"]}]},{"@type":"ImageObject","inLanguage":"tr","@id":"https:\/\/www.havuzadairhersey.com\/index.php\/urun\/elektrikli-sauna-sobasi-dahili-kontrol-paneli-kompakt-ahsap-panel-tasarimi\/#primaryimage","url":"https:\/\/www.havuzadairhersey.com\/wp-content\/uploads\/2025\/05\/1-75.png","contentUrl":"https:\/\/www.havuzadairhersey.com\/wp-content\/uploads\/2025\/05\/1-75.png","width":1875,"height":2000,"caption":"Ah\u015fap d\u0131\u015f y\u00fczeyli, \u00fcstten kontrol panelli sauna sobas\u0131 modelleri"},{"@type":"BreadcrumbList","@id":"https:\/\/www.havuzadairhersey.com\/index.php\/urun\/elektrikli-sauna-sobasi-dahili-kontrol-paneli-kompakt-ahsap-panel-tasarimi\/#breadcrumb","itemListElement":[{"@type":"ListItem","position":1,"name":"Anasayfa","item":"https:\/\/www.havuzadairhersey.com\/"},{"@type":"ListItem","position":2,"name":"Ma\u011faza","item":"https:\/\/www.havuzadairhersey.com\/"},{"@type":"ListItem","position":3,"name":"Elektrikli Sauna Sobas\u0131, Dahili Kontrol Paneli, Kompakt Ah\u015fap Panel Tasar\u0131m\u0131"}]},{"@type":"WebSite","@id":"https:\/\/www.havuzadairhersey.com\/#website","url":"https:\/\/www.havuzadairhersey.com\/","name":"","description":"Havuza dair arad\u0131\u011f\u0131n\u0131z her\u015fey burada...","potentialAction":[{"@type":"SearchAction","target":{"@type":"EntryPoint","urlTemplate":"https:\/\/www.havuzadairhersey.com\/?s={search_term_string}"},"query-input":{"@type":"PropertyValueSpecification","valueRequired":true,"valueName":"search_term_string"}}],"inLanguage":"tr"}]}},"_links":{"self":[{"href":"https:\/\/www.havuzadairhersey.com\/index.php\/wp-json\/wp\/v2\/product\/3330","targetHints":{"allow":["GET"]}}],"collection":[{"href":"https:\/\/www.havuzadairhersey.com\/index.php\/wp-json\/wp\/v2\/product"}],"about":[{"href":"https:\/\/www.havuzadairhersey.com\/index.php\/wp-json\/wp\/v2\/types\/product"}],"replies":[{"embeddable":true,"href":"https:\/\/www.havuzadairhersey.com\/index.php\/wp-json\/wp\/v2\/comments?post=3330"}],"wp:featuredmedia":[{"embeddable":true,"href":"https:\/\/www.havuzadairhersey.com\/index.php\/wp-json\/wp\/v2\/media\/3331"}],"wp:attachment":[{"href":"https:\/\/www.havuzadairhersey.com\/index.php\/wp-json\/wp\/v2\/media?parent=3330"}],"wp:term":[{"taxonomy":"product_brand","embeddable":true,"href":"https:\/\/www.havuzadairhersey.com\/index.php\/wp-json\/wp\/v2\/product_brand?post=3330"},{"taxonomy":"product_cat","embeddable":true,"href":"https:\/\/www.havuzadairhersey.com\/index.php\/wp-json\/wp\/v2\/product_cat?post=3330"},{"taxonomy":"product_tag","embeddable":true,"href":"https:\/\/www.havuzadairhersey.com\/index.php\/wp-json\/wp\/v2\/product_tag?post=3330"}],"curies":[{"name":"wp","href":"https:\/\/api.w.org\/{rel}","templated":true}]}}