{"id":3345,"date":"2025-05-04T11:11:52","date_gmt":"2025-05-04T08:11:52","guid":{"rendered":"https:\/\/www.havuzadairhersey.com\/?post_type=product&#038;p=3345"},"modified":"2025-05-30T23:22:13","modified_gmt":"2025-05-30T20:22:13","slug":"paslanmaz-kopuk-nozul-su-seviyesine-duyarli-yogun-kopuk-efekti-1-2-baglanti","status":"publish","type":"product","link":"https:\/\/www.havuzadairhersey.com\/index.php\/urun\/paslanmaz-kopuk-nozul-su-seviyesine-duyarli-yogun-kopuk-efekti-1-2-baglanti\/","title":{"rendered":"Paslanmaz K\u00f6p\u00fck Nozul, Su Seviyesine Duyarl\u0131, Yo\u011fun K\u00f6p\u00fck Efekti, 1\u201d-2\u201d Ba\u011flant\u0131"},"content":{"rendered":"<p>Bu k\u00f6p\u00fck etkili nozul, AISI 304 paslanmaz \u00e7elikten \u00fcretilmi\u015f olup, suda g\u00fc\u00e7l\u00fc bir k\u00f6p\u00fck efekti yarat\u0131r. Su seviyesine duyarl\u0131 olarak \u00e7al\u0131\u015fan bu nozul, havuzlar ve su g\u00f6sterileri i\u00e7in ideal bir tercihtir. 1 in\u00e7ten 2 in\u00e7 ba\u011flant\u0131 se\u00e7enekleriyle farkl\u0131 sistemlere kolayca entegre edilebilir. Estetik ve dayan\u0131kl\u0131 yap\u0131s\u0131yla uzun \u00f6m\u00fcrl\u00fc kullan\u0131m sunar.<\/p>\n","protected":false},"excerpt":{"rendered":"<p>Yo\u011fun k\u00f6p\u00fck efekti sa\u011flayan, paslanmaz \u00e7elikten \u00fcretilmi\u015f AISI 304 nozul.<\/p>\n","protected":false},"featured_media":3346,"comment_status":"open","ping_status":"closed","template":"","meta":{"site-sidebar-layout":"default","site-content-layout":"","ast-site-content-layout":"default","site-content-style":"default","site-sidebar-style":"default","ast-global-header-display":"","ast-banner-title-visibility":"","ast-main-header-display":"","ast-hfb-above-header-display":"","ast-hfb-below-header-display":"","ast-hfb-mobile-header-display":"","site-post-title":"","ast-breadcrumbs-content":"","ast-featured-img":"","footer-sml-layout":"","theme-transparent-header-meta":"default","adv-header-id-meta":"","stick-header-meta":"","header-above-stick-meta":"","header-main-stick-meta":"","header-below-stick-meta":"","astra-migrate-meta-layouts":"set","ast-page-background-enabled":"default","ast-page-background-meta":{"desktop":{"background-color":"var(--ast-global-color-5)","background-image":"","background-repeat":"repeat","background-position":"center center","background-size":"auto","background-attachment":"scroll","background-type":"","background-media":"","overlay-type":"","overlay-color":"","overlay-opacity":"","overlay-gradient":""},"tablet":{"background-color":"","background-image":"","background-repeat":"repeat","background-position":"center center","background-size":"auto","background-attachment":"scroll","background-type":"","background-media":"","overlay-type":"","overlay-color":"","overlay-opacity":"","overlay-gradient":""},"mobile":{"background-color":"","background-image":"","background-repeat":"repeat","background-position":"center center","background-size":"auto","background-attachment":"scroll","background-type":"","background-media":"","overlay-type":"","overlay-color":"","overlay-opacity":"","overlay-gradient":""}},"ast-content-background-meta":{"desktop":{"background-color":"var(--ast-global-color-4)","background-image":"","background-repeat":"repeat","background-position":"center center","background-size":"auto","background-attachment":"scroll","background-type":"","background-media":"","overlay-type":"","overlay-color":"","overlay-opacity":"","overlay-gradient":""},"tablet":{"background-color":"var(--ast-global-color-4)","background-image":"","background-repeat":"repeat","background-position":"center center","background-size":"auto","background-attachment":"scroll","background-type":"","background-media":"","overlay-type":"","overlay-color":"","overlay-opacity":"","overlay-gradient":""},"mobile":{"background-color":"var(--ast-global-color-4)","background-image":"","background-repeat":"repeat","background-position":"center center","background-size":"auto","background-attachment":"scroll","background-type":"","background-media":"","overlay-type":"","overlay-color":"","overlay-opacity":"","overlay-gradient":""}}},"product_brand":[3683],"product_cat":[1900],"product_tag":[1756,365,4939,2078,4937,4938],"class_list":{"0":"post-3345","1":"product","2":"type-product","3":"status-publish","4":"has-post-thumbnail","6":"product_brand-neta-havuz","7":"product_cat-sus-havuzu-aydinlatma-lambalari","8":"product_tag-aisi-304","9":"product_tag-havuz-aksesuari","10":"product_tag-kopuk-efekti","11":"product_tag-kopuk-nozul","12":"product_tag-paslanmaz-fiskiye","13":"product_tag-su-seviyesi-nozul","14":"desktop-align-left","15":"tablet-align-left","16":"mobile-align-left","18":"first","19":"instock","20":"shipping-taxable","21":"purchasable","22":"product-type-variable"},"yoast_head":"<!-- This site is optimized with the Yoast SEO plugin v25.0 - https:\/\/yoast.com\/wordpress\/plugins\/seo\/ -->\n<title>Paslanmaz K\u00f6p\u00fck Nozul, Su Seviyesine Duyarl\u0131, Yo\u011fun K\u00f6p\u00fck Efekti, 1\u201d-2\u201d Ba\u011flant\u0131 -<\/title>\n<meta name=\"robots\" content=\"index, follow, max-snippet:-1, max-image-preview:large, max-video-preview:-1\" \/>\n<link rel=\"canonical\" href=\"https:\/\/www.havuzadairhersey.com\/index.php\/urun\/paslanmaz-kopuk-nozul-su-seviyesine-duyarli-yogun-kopuk-efekti-1-2-baglanti\/\" \/>\n<meta property=\"og:locale\" content=\"tr_TR\" \/>\n<meta property=\"og:type\" content=\"article\" \/>\n<meta property=\"og:title\" content=\"Paslanmaz K\u00f6p\u00fck Nozul, Su Seviyesine Duyarl\u0131, Yo\u011fun K\u00f6p\u00fck Efekti, 1\u201d-2\u201d Ba\u011flant\u0131 -\" \/>\n<meta property=\"og:description\" content=\"Yo\u011fun k\u00f6p\u00fck efekti sa\u011flayan, paslanmaz \u00e7elikten \u00fcretilmi\u015f AISI 304 nozul.\" \/>\n<meta property=\"og:url\" content=\"https:\/\/www.havuzadairhersey.com\/index.php\/urun\/paslanmaz-kopuk-nozul-su-seviyesine-duyarli-yogun-kopuk-efekti-1-2-baglanti\/\" \/>\n<meta property=\"article:modified_time\" content=\"2025-05-30T20:22:13+00:00\" \/>\n<meta property=\"og:image\" content=\"https:\/\/www.havuzadairhersey.com\/wp-content\/uploads\/2025\/05\/1-77.png\" \/>\n\t<meta property=\"og:image:width\" content=\"1875\" \/>\n\t<meta property=\"og:image:height\" content=\"2000\" \/>\n\t<meta property=\"og:image:type\" content=\"image\/png\" \/>\n<meta name=\"twitter:card\" content=\"summary_large_image\" \/>\n<meta name=\"twitter:label1\" content=\"Tahmini okuma s\u00fcresi\" \/>\n\t<meta name=\"twitter:data1\" content=\"1 dakika\" \/>\n<script type=\"application\/ld+json\" class=\"yoast-schema-graph\">{\"@context\":\"https:\/\/schema.org\",\"@graph\":[{\"@type\":\"WebPage\",\"@id\":\"https:\/\/www.havuzadairhersey.com\/index.php\/urun\/paslanmaz-kopuk-nozul-su-seviyesine-duyarli-yogun-kopuk-efekti-1-2-baglanti\/\",\"url\":\"https:\/\/www.havuzadairhersey.com\/index.php\/urun\/paslanmaz-kopuk-nozul-su-seviyesine-duyarli-yogun-kopuk-efekti-1-2-baglanti\/\",\"name\":\"Paslanmaz K\u00f6p\u00fck Nozul, Su Seviyesine Duyarl\u0131, Yo\u011fun K\u00f6p\u00fck Efekti, 1\u201d-2\u201d Ba\u011flant\u0131 -\",\"isPartOf\":{\"@id\":\"https:\/\/www.havuzadairhersey.com\/#website\"},\"primaryImageOfPage\":{\"@id\":\"https:\/\/www.havuzadairhersey.com\/index.php\/urun\/paslanmaz-kopuk-nozul-su-seviyesine-duyarli-yogun-kopuk-efekti-1-2-baglanti\/#primaryimage\"},\"image\":{\"@id\":\"https:\/\/www.havuzadairhersey.com\/index.php\/urun\/paslanmaz-kopuk-nozul-su-seviyesine-duyarli-yogun-kopuk-efekti-1-2-baglanti\/#primaryimage\"},\"thumbnailUrl\":\"https:\/\/www.havuzadairhersey.com\/wp-content\/uploads\/2025\/05\/1-77.png\",\"datePublished\":\"2025-05-04T08:11:52+00:00\",\"dateModified\":\"2025-05-30T20:22:13+00:00\",\"breadcrumb\":{\"@id\":\"https:\/\/www.havuzadairhersey.com\/index.php\/urun\/paslanmaz-kopuk-nozul-su-seviyesine-duyarli-yogun-kopuk-efekti-1-2-baglanti\/#breadcrumb\"},\"inLanguage\":\"tr\",\"potentialAction\":[{\"@type\":\"ReadAction\",\"target\":[\"https:\/\/www.havuzadairhersey.com\/index.php\/urun\/paslanmaz-kopuk-nozul-su-seviyesine-duyarli-yogun-kopuk-efekti-1-2-baglanti\/\"]}]},{\"@type\":\"ImageObject\",\"inLanguage\":\"tr\",\"@id\":\"https:\/\/www.havuzadairhersey.com\/index.php\/urun\/paslanmaz-kopuk-nozul-su-seviyesine-duyarli-yogun-kopuk-efekti-1-2-baglanti\/#primaryimage\",\"url\":\"https:\/\/www.havuzadairhersey.com\/wp-content\/uploads\/2025\/05\/1-77.png\",\"contentUrl\":\"https:\/\/www.havuzadairhersey.com\/wp-content\/uploads\/2025\/05\/1-77.png\",\"width\":1875,\"height\":2000,\"caption\":\"Yo\u011fun K\u00f6p\u00fck Efekti Veren Paslanmaz Nozullar\"},{\"@type\":\"BreadcrumbList\",\"@id\":\"https:\/\/www.havuzadairhersey.com\/index.php\/urun\/paslanmaz-kopuk-nozul-su-seviyesine-duyarli-yogun-kopuk-efekti-1-2-baglanti\/#breadcrumb\",\"itemListElement\":[{\"@type\":\"ListItem\",\"position\":1,\"name\":\"Anasayfa\",\"item\":\"https:\/\/www.havuzadairhersey.com\/\"},{\"@type\":\"ListItem\",\"position\":2,\"name\":\"Ma\u011faza\",\"item\":\"https:\/\/www.havuzadairhersey.com\/\"},{\"@type\":\"ListItem\",\"position\":3,\"name\":\"Paslanmaz K\u00f6p\u00fck Nozul, Su Seviyesine Duyarl\u0131, Yo\u011fun K\u00f6p\u00fck Efekti, 1\u201d-2\u201d Ba\u011flant\u0131\"}]},{\"@type\":\"WebSite\",\"@id\":\"https:\/\/www.havuzadairhersey.com\/#website\",\"url\":\"https:\/\/www.havuzadairhersey.com\/\",\"name\":\"\",\"description\":\"Havuza dair arad\u0131\u011f\u0131n\u0131z her\u015fey burada...\",\"potentialAction\":[{\"@type\":\"SearchAction\",\"target\":{\"@type\":\"EntryPoint\",\"urlTemplate\":\"https:\/\/www.havuzadairhersey.com\/?s={search_term_string}\"},\"query-input\":{\"@type\":\"PropertyValueSpecification\",\"valueRequired\":true,\"valueName\":\"search_term_string\"}}],\"inLanguage\":\"tr\"}]}<\/script>\n<!-- \/ Yoast SEO plugin. -->","yoast_head_json":{"title":"Paslanmaz K\u00f6p\u00fck Nozul, Su Seviyesine Duyarl\u0131, Yo\u011fun K\u00f6p\u00fck Efekti, 1\u201d-2\u201d Ba\u011flant\u0131 -","robots":{"index":"index","follow":"follow","max-snippet":"max-snippet:-1","max-image-preview":"max-image-preview:large","max-video-preview":"max-video-preview:-1"},"canonical":"https:\/\/www.havuzadairhersey.com\/index.php\/urun\/paslanmaz-kopuk-nozul-su-seviyesine-duyarli-yogun-kopuk-efekti-1-2-baglanti\/","og_locale":"tr_TR","og_type":"article","og_title":"Paslanmaz K\u00f6p\u00fck Nozul, Su Seviyesine Duyarl\u0131, Yo\u011fun K\u00f6p\u00fck Efekti, 1\u201d-2\u201d Ba\u011flant\u0131 -","og_description":"Yo\u011fun k\u00f6p\u00fck efekti sa\u011flayan, paslanmaz \u00e7elikten \u00fcretilmi\u015f AISI 304 nozul.","og_url":"https:\/\/www.havuzadairhersey.com\/index.php\/urun\/paslanmaz-kopuk-nozul-su-seviyesine-duyarli-yogun-kopuk-efekti-1-2-baglanti\/","article_modified_time":"2025-05-30T20:22:13+00:00","og_image":[{"width":1875,"height":2000,"url":"https:\/\/www.havuzadairhersey.com\/wp-content\/uploads\/2025\/05\/1-77.png","type":"image\/png"}],"twitter_card":"summary_large_image","twitter_misc":{"Tahmini okuma s\u00fcresi":"1 dakika"},"schema":{"@context":"https:\/\/schema.org","@graph":[{"@type":"WebPage","@id":"https:\/\/www.havuzadairhersey.com\/index.php\/urun\/paslanmaz-kopuk-nozul-su-seviyesine-duyarli-yogun-kopuk-efekti-1-2-baglanti\/","url":"https:\/\/www.havuzadairhersey.com\/index.php\/urun\/paslanmaz-kopuk-nozul-su-seviyesine-duyarli-yogun-kopuk-efekti-1-2-baglanti\/","name":"Paslanmaz K\u00f6p\u00fck Nozul, Su Seviyesine Duyarl\u0131, Yo\u011fun K\u00f6p\u00fck Efekti, 1\u201d-2\u201d Ba\u011flant\u0131 -","isPartOf":{"@id":"https:\/\/www.havuzadairhersey.com\/#website"},"primaryImageOfPage":{"@id":"https:\/\/www.havuzadairhersey.com\/index.php\/urun\/paslanmaz-kopuk-nozul-su-seviyesine-duyarli-yogun-kopuk-efekti-1-2-baglanti\/#primaryimage"},"image":{"@id":"https:\/\/www.havuzadairhersey.com\/index.php\/urun\/paslanmaz-kopuk-nozul-su-seviyesine-duyarli-yogun-kopuk-efekti-1-2-baglanti\/#primaryimage"},"thumbnailUrl":"https:\/\/www.havuzadairhersey.com\/wp-content\/uploads\/2025\/05\/1-77.png","datePublished":"2025-05-04T08:11:52+00:00","dateModified":"2025-05-30T20:22:13+00:00","breadcrumb":{"@id":"https:\/\/www.havuzadairhersey.com\/index.php\/urun\/paslanmaz-kopuk-nozul-su-seviyesine-duyarli-yogun-kopuk-efekti-1-2-baglanti\/#breadcrumb"},"inLanguage":"tr","potentialAction":[{"@type":"ReadAction","target":["https:\/\/www.havuzadairhersey.com\/index.php\/urun\/paslanmaz-kopuk-nozul-su-seviyesine-duyarli-yogun-kopuk-efekti-1-2-baglanti\/"]}]},{"@type":"ImageObject","inLanguage":"tr","@id":"https:\/\/www.havuzadairhersey.com\/index.php\/urun\/paslanmaz-kopuk-nozul-su-seviyesine-duyarli-yogun-kopuk-efekti-1-2-baglanti\/#primaryimage","url":"https:\/\/www.havuzadairhersey.com\/wp-content\/uploads\/2025\/05\/1-77.png","contentUrl":"https:\/\/www.havuzadairhersey.com\/wp-content\/uploads\/2025\/05\/1-77.png","width":1875,"height":2000,"caption":"Yo\u011fun K\u00f6p\u00fck Efekti Veren Paslanmaz Nozullar"},{"@type":"BreadcrumbList","@id":"https:\/\/www.havuzadairhersey.com\/index.php\/urun\/paslanmaz-kopuk-nozul-su-seviyesine-duyarli-yogun-kopuk-efekti-1-2-baglanti\/#breadcrumb","itemListElement":[{"@type":"ListItem","position":1,"name":"Anasayfa","item":"https:\/\/www.havuzadairhersey.com\/"},{"@type":"ListItem","position":2,"name":"Ma\u011faza","item":"https:\/\/www.havuzadairhersey.com\/"},{"@type":"ListItem","position":3,"name":"Paslanmaz K\u00f6p\u00fck Nozul, Su Seviyesine Duyarl\u0131, Yo\u011fun K\u00f6p\u00fck Efekti, 1\u201d-2\u201d Ba\u011flant\u0131"}]},{"@type":"WebSite","@id":"https:\/\/www.havuzadairhersey.com\/#website","url":"https:\/\/www.havuzadairhersey.com\/","name":"","description":"Havuza dair arad\u0131\u011f\u0131n\u0131z her\u015fey burada...","potentialAction":[{"@type":"SearchAction","target":{"@type":"EntryPoint","urlTemplate":"https:\/\/www.havuzadairhersey.com\/?s={search_term_string}"},"query-input":{"@type":"PropertyValueSpecification","valueRequired":true,"valueName":"search_term_string"}}],"inLanguage":"tr"}]}},"_links":{"self":[{"href":"https:\/\/www.havuzadairhersey.com\/index.php\/wp-json\/wp\/v2\/product\/3345","targetHints":{"allow":["GET"]}}],"collection":[{"href":"https:\/\/www.havuzadairhersey.com\/index.php\/wp-json\/wp\/v2\/product"}],"about":[{"href":"https:\/\/www.havuzadairhersey.com\/index.php\/wp-json\/wp\/v2\/types\/product"}],"replies":[{"embeddable":true,"href":"https:\/\/www.havuzadairhersey.com\/index.php\/wp-json\/wp\/v2\/comments?post=3345"}],"wp:featuredmedia":[{"embeddable":true,"href":"https:\/\/www.havuzadairhersey.com\/index.php\/wp-json\/wp\/v2\/media\/3346"}],"wp:attachment":[{"href":"https:\/\/www.havuzadairhersey.com\/index.php\/wp-json\/wp\/v2\/media?parent=3345"}],"wp:term":[{"taxonomy":"product_brand","embeddable":true,"href":"https:\/\/www.havuzadairhersey.com\/index.php\/wp-json\/wp\/v2\/product_brand?post=3345"},{"taxonomy":"product_cat","embeddable":true,"href":"https:\/\/www.havuzadairhersey.com\/index.php\/wp-json\/wp\/v2\/product_cat?post=3345"},{"taxonomy":"product_tag","embeddable":true,"href":"https:\/\/www.havuzadairhersey.com\/index.php\/wp-json\/wp\/v2\/product_tag?post=3345"}],"curies":[{"name":"wp","href":"https:\/\/api.w.org\/{rel}","templated":true}]}}